{"id":43056,"date":"2022-01-05T16:56:46","date_gmt":"2022-01-05T16:56:46","guid":{"rendered":"https:\/\/www.elections.sbcounty.gov\/?page_id=43056"},"modified":"2024-11-14T10:20:02","modified_gmt":"2024-11-14T18:20:02","slug":"2014","status":"publish","type":"page","link":"https:\/\/elections.sbcounty.gov\/es\/news\/2014\/","title":{"rendered":"Comunicados de Prensa y Avisos P\u00fablicos Archivados de 2014"},"content":{"rendered":"  <section data-isd-block-id=\"rov-content-blockblock_10d1304711729bfa48f73a703da56a06\"\n\t\t\t\t\t\t\t\t\t\t \t\t\t\t\t\t\t\t\t\t\t class=\"card-style main-content-wrapper rov-card-style mb-4\">\n\n\t<h2 class=\"block-subtitle blue\">Elecciones Generales Estatales de 2014 \u2013 4 de noviembre de 2014<\/h2>\n\n\t<div class=\"ctnr-block-content\"><p>24-11-2014\u00a0\u00a0<a href=\"https:\/\/www.sbcounty.gov\/uploads\/ROV\/Elections\/2014\/1104\/PublicNotice_CertificationofElectionResults_2014-11-24.pdf\" target=\"_blank\" rel=\"noopener\">Aviso P\u00fablico \u2013 Certificaci\u00f3n de los Resultados de las Elecciones<\/a><\/p>\n<p>04-11-2014\u00a0\u00a0<a href=\"https:\/\/www.sbcounty.gov\/uploads\/ROV\/News\/2014\/1104\/PressRelease_ElectionDayReminder_Final.pdf\" target=\"_blank\" rel=\"noopener\">Comunicado de Prensa \u2013 Recordatorio del D\u00eda de las Elecciones<\/a><\/p>\n<p>31-10-2014\u00a0\u00a0<a href=\"https:\/\/www.sbcounty.gov\/uploads\/ROV\/News\/2014\/1104\/Report_Assigned_2014-10-31.pdf\" target=\"_blank\" rel=\"noopener\">Aviso P\u00fablico \u2013 Trabajadores de Casillas Electorales Asignados<\/a><\/p>\n<p>30-10-2014\u00a0\u00a0<a href=\"https:\/\/www.sbcounty.gov\/uploads\/ROV\/News\/2014\/1104\/WeekendEarlyVotingHours_2014StatewideGeneralElection.pdf\" target=\"_blank\" rel=\"noopener\">Comunicado de Prensa \u2013 El Voto Anticipado se Extiende hasta el Fin de Semana<\/a><\/p>\n<p>28-10-2014\u00a0\u00a0<a href=\"https:\/\/www.sbcounty.gov\/uploads\/ROV\/Elections\/2014\/1104\/PublicNotice_PollingPlacesNewTemplate_FINAL_2014-10-28.pdf\" target=\"_blank\" rel=\"noopener\">Aviso P\u00fablico \u2013 Casillas Electorales<\/a><\/p>\n<p>24-10-2014\u00a0\u00a0<a href=\"https:\/\/www.sbcounty.gov\/uploads\/ROV\/News\/2014\/1104\/PressRelease_EarlyVotingExpands_2014StatewideGeneralElection.pdf\" target=\"_blank\" rel=\"noopener\">Comunicado de Prensa \u2013 Se Ampl\u00eda el Voto Anticipado<\/a><\/p>\n<p>17-10-2014\u00a0\u00a0<a href=\"https:\/\/www.sbcounty.gov\/uploads\/ROV\/News\/2014\/1104\/ElectionsOfficeOpenUntilMidnight_2014StatewideGeneralElection.pdf\" target=\"_blank\" rel=\"noopener\">Comunicado de Prensa \u2013 La Oficina Electoral estar\u00e1 Abierta Hasta la Medianoche para la Fecha L\u00edmite para el Registro de Votantes<\/a><\/p>\n<p>15-10-2014\u00a0\u00a0<a href=\"https:\/\/www.sbcounty.gov\/uploads\/ROV\/News\/2014\/1104\/ObservationSchedule_2014-10-15.pdf\" target=\"_blank\" rel=\"noopener\">Aviso P\u00fablico \u2013 Calendario de Observaci\u00f3n<\/a><\/p>\n<p>13-10-2014\u00a0\u00a0<a href=\"https:\/\/www.sbcounty.gov\/uploads\/ROV\/News\/2014\/1104\/PressRelease_VoterRegistrationDeadline_MEGateway_2014StatewideGeneralElection.pdf\" target=\"_blank\" rel=\"noopener\">Comunicado de Prensa \u2013 Fecha L\u00edmite para el Registro de Votantes y My Elections Gateway<\/a><\/p>\n<p>09-10-2014\u00a0\u00a0<a href=\"https:\/\/www.sbcounty.gov\/uploads\/ROV\/News\/2014\/1104\/PressRelease_MailBallots_2014StatewideGeneralElection.pdf\" target=\"_blank\" rel=\"noopener\">Comunicado de Prensa \u2013 Entrega de Boletas de Voto por Correo a los Votantes<\/a><\/p>\n<p>03-10-2014\u00a0\u00a0<a href=\"https:\/\/www.sbcounty.gov\/uploads\/ROV\/News\/2014\/1104\/PressRelease_EarlyVotingVoterInformationGuides.pdf\" target=\"_blank\" rel=\"noopener\">Comunicado de Prensa \u2013 Gu\u00edas de Informaci\u00f3n para Votantes y Voto Anticipado<\/a><\/p>\n<p>25-09-2014\u00a0\u00a0<a href=\"https:\/\/vigarchive.sos.ca.gov\/2014\/general\/\" target=\"_blank\" rel=\"noopener\">Gu\u00eda de Informaci\u00f3n para el Votante del Secretario de Estado<\/a><\/p>\n<p>25-09-2014\u00a0 <a href=\"https:\/\/www.sos.ca.gov\/elections\/prior-elections\/statewide-election-results\/statewide-direct-primary-election-june-3-2014\/2014-california-election-calendar\/general-election-calendar\" target=\"_blank\" rel=\"noopener\">Calendario de las Elecciones Generales del Secretario de Estado<\/a><\/p>\n<p>25-09-2014\u00a0 <a href=\"https:\/\/www.sos.ca.gov\/elections\/ballot-measures\/qualified-ballot-measures\" target=\"_blank\" rel=\"noopener\">Medidas de Votaci\u00f3n Estatales del Secretario de Estado<\/a><\/p>\n<p>18-09-2014\u00a0 <a href=\"https:\/\/www.sbcounty.gov\/uploads\/ROV\/News\/2014\/1104\/PressRelease_NationalVoterRegistrationDay_2014_September_23.pdf\" target=\"_blank\" rel=\"noopener\">Comunicado de Prensa \u2013 D\u00eda Nacional del Registro de Votantes<\/a><\/p>\n<p>28-08-2014\u00a0 <a href=\"https:\/\/elections.cdn.sos.ca.gov\/statewide-elections\/2014-general\/general-certified-list.pdf\" target=\"_blank\" rel=\"noopener\">Lista Certificada de Candidatos del Secretario de Estado<\/a><\/p>\n<p>14-08-2014\u00a0 <a href=\"https:\/\/www.sos.ca.gov\/administration\/news-releases-and-advisories\/2014-news-releases-and-advisories\/db14-060\" target=\"_blank\" rel=\"noopener\">Comunicado de Prensa \u2013 Sorteo para Orden Aleatorizado de las Letras del Alfabeto del Secretario de Estado<\/a><\/p>\n<p>14-08-2014\u00a0\u00a0<a href=\"https:\/\/www.sbcounty.gov\/uploads\/ROV\/Elections\/2014\/1104\/List_County_RandomDraw_2014-11-04.pdf\" target=\"_blank\" rel=\"noopener\">Aviso P\u00fablico \u2013 Sorteo para Orden Aleatorizado de las Letras del Alfabeto del Condado de San Bernardino<\/a><\/p>\n<p>11-08-2014\u00a0\u00a0<a href=\"https:\/\/elections.cdn.sos.ca.gov\/statewide-elections\/2014-general\/notice-to-candidates-statewide.pdf\" target=\"_blank\" rel=\"noopener\">Aviso del Secretario de Estado a los Candidatos para Cargos Estatales<\/a><\/p>\n<p>11-08-2014\u00a0\u00a0<a href=\"https:\/\/elections.cdn.sos.ca.gov\/statewide-elections\/2014-general\/notice-to-candidates-congress.pdf\" target=\"_blank\" rel=\"noopener\">Aviso del Secretario de Estado a los Candidatos para Cargos en el Congreso<\/a><\/p>\n<p>11-08-2014\u00a0\u00a0<a href=\"https:\/\/elections.cdn.sos.ca.gov\/statewide-elections\/2014-general\/notice-to-candidates-senate.pdf\" target=\"_blank\" rel=\"noopener\">Aviso del Secretario de Estado a los Candidatos para Cargos en el Senado Estatal<\/a><\/p>\n<p>11-08-2014\u00a0\u00a0<a href=\"https:\/\/elections.cdn.sos.ca.gov\/statewide-elections\/2014-general\/notice-to-candidates-assembly.pdf\" target=\"_blank\" rel=\"noopener\">Aviso del Secretario de Estado a los Candidatos para Cargos en la Asamblea del Estado<\/a><\/p>\n<p>11-08-2014\u00a0\u00a0<a href=\"https:\/\/www.sbcounty.gov\/uploads\/ROV\/Elections\/2014\/1104\/List_2014-11-04_MeasureLetterAssignment.pdf\" target=\"_blank\" rel=\"noopener\">Aviso P\u00fablico \u2013 Asignaci\u00f3n de Letras de Medidas<\/a><\/p>\n<p>14-07-2014\u00a0\u00a0<a href=\"https:\/\/www.sbcounty.gov\/uploads\/ROV\/Elections\/2014\/1104\/Guide_CandidateFiling_2014StatewideGeneralElection.pdf\" target=\"_blank\" rel=\"noopener\">Gu\u00eda de Presentaci\u00f3n de Candidatos \u2013 Elecciones Generales Estatales de 2014<\/a><\/p>\n<p>06-06-2014\u00a0\u00a0<a href=\"https:\/\/elections.cdn.sos.ca.gov\/ccrov\/pdf\/2014\/june\/14142em.pdf\" target=\"_blank\" rel=\"noopener\">Aviso P\u00fablico \u2013 Proclamaci\u00f3n del Gobernador<\/a><\/p>\n<\/div>\n\n  <\/section>\n\n\t\n\n  <section data-isd-block-id=\"rov-content-blockblock_0dcdb1dcbf35dc81438d0e260ad5792a\"\n\t\t\t\t\t\t\t\t\t\t \t\t\t\t\t\t\t\t\t\t\t class=\"card-style main-content-wrapper rov-card-style mb-4\">\n\n\t<h2 class=\"block-subtitle blue\">Elecciones Especiales de la Ciudad de Chino de 2014 \u2013 8 de julio de 2014<\/h2>\n\n\t<div class=\"ctnr-block-content\"><p>30-06-2014\u00a0\u00a0<a href=\"https:\/\/www.sbcounty.gov\/uploads\/ROV\/Elections\/2014\/0708\/Report_Assigned_CityofChino_2014-06-30.pdf\" target=\"_blank\" rel=\"noopener\">Aviso P\u00fablico \u2013 Trabajadores de Casillas Electorales Asignados<\/a><\/p>\n<p>13-06-2014\u00a0\u00a0<a href=\"https:\/\/www.sbcounty.gov\/uploads\/ROV\/Elections\/2014\/0708\/VIG_MailBallots.pdf\" target=\"_blank\" rel=\"noopener\">Comunicado de Prensa \u2013 Gu\u00edas de Informaci\u00f3n para el Votante y Boletas por Correo<\/a><\/p>\n<p>05-06-2014\u00a0\u00a0<a href=\"https:\/\/www.sbcounty.gov\/uploads\/ROV\/Elections\/2014\/0708\/ObservationSchedule.pdf\" target=\"_blank\" rel=\"noopener\">Aviso P\u00fablico \u2013 Calendario de Observaci\u00f3n<\/a><\/p>\n<p>29-04-2014\u00a0\u00a0<a href=\"https:\/\/www.sbcounty.gov\/uploads\/ROV\/Elections\/2014\/0708\/measures\/Measure_H_City_Attorney_Impartial_Analysis_for_website.pdf\" target=\"_blank\" rel=\"noopener\">Aviso P\u00fablico \u2013 Ciudad de Chino \u2013 Medida H \u2013 An\u00e1lisis Imparcial<\/a><\/p>\n<p>29-04-2014\u00a0\u00a0<a href=\"https:\/\/www.sbcounty.gov\/uploads\/ROV\/Elections\/2014\/0708\/measures\/Measure_I_City_Attorney_Impartial_Analysis_for_website.pdf\" target=\"_blank\" rel=\"noopener\">Aviso P\u00fablico \u2013 Ciudad de Chino \u2013 Medida I \u2013 An\u00e1lisis Imparcial<\/a><\/p>\n<p>29-04-2014\u00a0\u00a0<a href=\"https:\/\/www.sbcounty.gov\/uploads\/ROV\/Elections\/2014\/0708\/measures\/Measure%20J_City_Attorney_Impartial_Analysis_for_website.pdf\" target=\"_blank\" rel=\"noopener\">Aviso P\u00fablico \u2013 Ciudad de Chino \u2013 Medida J \u2013 An\u00e1lisis Imparcial<\/a><\/p>\n<p>15-04-2014\u00a0\u00a0<a href=\"https:\/\/www.sbcounty.gov\/uploads\/ROV\/Elections\/2014\/0708\/measures\/Measure_ArgumentinFavor_MeasureH.pdf\" target=\"_blank\" rel=\"noopener\">Aviso P\u00fablico \u2013 Ciudad de Chino \u2013 Medida H \u2013 Argumentos a Favor<\/a><\/p>\n<p>15-04-2014\u00a0\u00a0<a href=\"https:\/\/www.sbcounty.gov\/uploads\/ROV\/Elections\/2014\/0708\/measures\/Measure_ArgumentinFavor_MeasureI.pdf\" target=\"_blank\" rel=\"noopener\">Aviso P\u00fablico \u2013 Ciudad de Chino \u2013 Medida I \u2013 Argumentos a Favor<\/a><\/p>\n<p>15-04-2014\u00a0\u00a0<a href=\"https:\/\/www.sbcounty.gov\/uploads\/ROV\/Elections\/2014\/0708\/measures\/Measure_ArgumentinFavor_MeasureJ.pdf\" target=\"_blank\" rel=\"noopener\">Aviso P\u00fablico \u2013 Ciudad de Chino \u2013 Medida J \u2013 Argumentos a Favor<\/a><\/p>\n<p>05-04-2014\u00a0\u00a0<a href=\"https:\/\/www.sbcounty.gov\/uploads\/ROV\/Elections\/2014\/0708\/NoticeOfElection.pdf\" target=\"_blank\" rel=\"noopener\">Aviso P\u00fablico \u2013 Aviso de Elecciones de la Ciudad de Chino, Medidas H, I y J<\/a><\/p>\n<\/div>\n\n  <\/section>\n\n\t\n\n  <section data-isd-block-id=\"rov-content-blockblock_06a5103f4c8de3b5005ce191e862522d\"\n\t\t\t\t\t\t\t\t\t\t \t\t\t\t\t\t\t\t\t\t\t class=\"card-style main-content-wrapper rov-card-style mb-4\">\n\n\t<h2 class=\"block-subtitle blue\">Elecciones Primarias Estatales de 2014 \u2013 3 de junio de 2014<\/h2>\n\n\t<div class=\"ctnr-block-content\"><p>27-06-2014\u00a0\u00a0<a href=\"https:\/\/www.sbcounty.gov\/uploads\/ROV\/Elections\/2014\/0603\/Report_Worked_2014-06-27.pdf\" target=\"_blank\" rel=\"noopener\">Aviso P\u00fablico \u2013 Trabajadores de Casillas Electorales que Trabajaron<\/a><\/p>\n<p>30-05-2014\u00a0\u00a0<a href=\"https:\/\/www.sbcounty.gov\/uploads\/ROV\/Elections\/2014\/0603\/PressRelease_EarlyVotingExpands.pdf\" target=\"_blank\" rel=\"noopener\">Comunicado de Prensa \u2013 Se Ampl\u00eda el Voto Anticipado<\/a><\/p>\n<p>28-05-2014 \u00a0<a href=\"https:\/\/vigarchive.sos.ca.gov\/2014\/primary\/\" target=\"_blank\" rel=\"noopener\">Gu\u00eda Oficial de Informaci\u00f3n para el Votante del Secretario de Estado<\/a><\/p>\n<p>27-05-2014 \u00a0<a href=\"https:\/\/www.sbcounty.gov\/uploads\/ROV\/News\/2014\/0603\/Report_Assigned_2014-05-27.pdf\" target=\"_blank\" rel=\"noopener\">Aviso P\u00fablico \u2013 Trabajadores de Casillas Electorales Asignados<\/a><\/p>\n<p>27-05-2014\u00a0\u00a0<a href=\"https:\/\/www.sbcounty.gov\/uploads\/ROV\/Elections\/2014\/0603\/PublicNotice_Web_PollingPlace_2014-05-27.pdf\" target=\"_blank\" rel=\"noopener\">Aviso P\u00fablico \u2013 Casillas Electorales<\/a><\/p>\n<p>23-05-2014 \u00a0<a href=\"https:\/\/www.sbcounty.gov\/uploads\/ROV\/News\/2014\/0603\/PressRelease_EarlyVoting_2014StatewidePrimaryElection.pdf\" target=\"_blank\" rel=\"noopener\">Comunicado de Prensa \u2013 Voto Anticipado<\/a><\/p>\n<p>16-05-2014\u00a0\u00a0<a href=\"https:\/\/www.sbcounty.gov\/uploads\/ROV\/Elections\/2014\/0603\/PressRelease_VoterRegistrationDeadline.pdf\" target=\"_blank\" rel=\"noopener\">Comunicado de Prensa \u2013 Fecha L\u00edmite para el Registro de Votantes<\/a><\/p>\n<p>07-05-2014\u00a0\u00a0<a href=\"https:\/\/www.sbcounty.gov\/uploads\/ROV\/Elections\/2014\/0603\/PressRelease_VIG_MailBallots.pdf\" target=\"_blank\" rel=\"noopener\">Comunicado de Prensa \u2013 Gu\u00edas de Informaci\u00f3n para el Votante y Boletas por Correo<\/a><\/p>\n<p>01-05-2014\u00a0\u00a0<a href=\"https:\/\/www.sbcounty.gov\/uploads\/ROV\/Elections\/2014\/0603\/PublicNotice_ObservationSchedule.pdf\" target=\"_blank\" rel=\"noopener\">Aviso P\u00fablico \u2013 Calendario de Observaci\u00f3n<\/a><\/p>\n<p>03-04-2014\u00a0\u00a0<a href=\"https:\/\/elections.cdn.sos.ca.gov\/statewide-elections\/2014-primary\/updated-contact-info.pdf\" target=\"_blank\" rel=\"noopener\">Lista Actualizada Certificada de Candidatos del Secretario de Estado<\/a><\/p>\n<p>28-03-2014\u00a0\u00a0<a href=\"https:\/\/elections.cdn.sos.ca.gov\/statewide-elections\/2014-primary\/certified-list.pdf\" target=\"_blank\" rel=\"noopener\">Lista Certificada de Candidatos del Secretario de Estado<\/a><\/p>\n<p>28-03-2014\u00a0\u00a0Informes del Estado del Formulario 501 para Candidatos Legislativos del Secretario de Estado [ya no est\u00e1 disponible]<\/p>\n<p>28-03-2014\u00a0\u00a0Informes del Estado del Formulario 501 para Candidatos Estatales del Secretario de Estado [ya no est\u00e1 disponible]<\/p>\n<p>26-03-2014\u00a0\u00a0<a href=\"https:\/\/www.sbcounty.gov\/uploads\/ROV\/News\/2014\/Notice_ChangestoReport_2014-03-2014.pdf\" target=\"_blank\" rel=\"noopener\">Aviso P\u00fablico \u2013 Nuevo Informe Semanal de Registro Agregado al Sitio Web de la Oficina de Elecciones<\/a><\/p>\n<p>26-03-2014\u00a0\u00a0<a href=\"https:\/\/elections.cdn.sos.ca.gov\/statewide-elections\/2014-primary\/notice-to-candidates-statewide.pdf\" target=\"_blank\" rel=\"noopener\">Aviso del Secretario de Estado a los Candidatos para Cargos Estatales<\/a><\/p>\n<p>26-03-2014\u00a0\u00a0<a href=\"https:\/\/elections.cdn.sos.ca.gov\/statewide-elections\/2014-primary\/notice-to-candidates-congress.pdf\" target=\"_blank\" rel=\"noopener\">Aviso del Secretario de Estado a los Candidatos para Cargos en el Congreso<\/a><\/p>\n<p>26-03-2014\u00a0\u00a0<a href=\"https:\/\/elections.cdn.sos.ca.gov\/statewide-elections\/2014-primary\/notice-to-candidates-senate.pdf\" target=\"_blank\" rel=\"noopener\">Aviso del Secretario de Estado a los Candidatos para Cargos en el Senado Estatal<\/a><\/p>\n<p>26-03-2014\u00a0\u00a0<a href=\"https:\/\/elections.cdn.sos.ca.gov\/statewide-elections\/2014-primary\/notice-to-candidates-assembly.pdf\" target=\"_blank\" rel=\"noopener\">Aviso del Secretario de Estado a los Candidatos para Cargos en la Asamblea del Estado<\/a><\/p>\n<p>14-03-2014\u00a0\u00a0<a href=\"https:\/\/www.sbcounty.gov\/uploads\/ROV\/Elections\/2014\/0603\/List_RandomDraw_2014-06-03.pdf\" target=\"_blank\" rel=\"noopener\">Sorteo para Orden Aleatorizado de las Letras del Alfabeto del Condado<\/a><\/p>\n<p>13-03-2014\u00a0\u00a0<a href=\"https:\/\/www.sbcounty.gov\/uploads\/ROV\/News\/2014\/0603\/Memo_SOS_Randomized_Alphabet_Drawing.pdf?ver=2015-09-29-120328-180\" target=\"_blank\" rel=\"noopener\">Sorteo para Orden Aleatorizado de las Letras del Alfabeto del Secretario de Estado<\/a><\/p>\n<p>11-03-2014\u00a0\u00a0<a href=\"https:\/\/www.sbcounty.gov\/uploads\/ROV\/Elections\/2014\/0603\/Notice_MeasureF_2014-03-12.pdf\" target=\"_blank\" rel=\"noopener\">Aviso P\u00fablico \u2013 Distrito de Cuidados de la Salud Comunitarios Bear Valley \u2013 Medida F<\/a><\/p>\n<p>11-03-2014\u00a0\u00a0<a href=\"https:\/\/www.sbcounty.gov\/uploads\/ROV\/Elections\/2014\/0603\/Notice_MeasureG_2014-03-11.pdf\" target=\"_blank\" rel=\"noopener\">Aviso P\u00fablico \u2013 Distrito de Protecci\u00f3n Contra Incendios Apple Valley\u00a0\u2013 Medida G<\/a><\/p>\n<p>11-03-2014\u00a0\u00a0<a href=\"https:\/\/www.sbcounty.gov\/uploads\/ROV\/Elections\/2014\/0603\/PublicNotice_Measures.pdf\" target=\"_blank\" rel=\"noopener\">Aviso P\u00fablico \u2013 Designaci\u00f3n de la Medida<\/a><\/p>\n<p>07-03-2014\u00a0\u00a0<a href=\"https:\/\/www.sbcounty.gov\/uploads\/ROV\/Elections\/2014\/0603\/PressRelease_CandidateFilingExtension.pdf\" target=\"_blank\" rel=\"noopener\">Comunicado de Prensa \u2013 Pr\u00f3rroga del Periodo para la Presentaci\u00f3n de Candidatos<\/a><\/p>\n<p>07-02-2014\u00a0\u00a0<a href=\"https:\/\/www.sbcounty.gov\/uploads\/ROV\/News\/2014\/0603\/PressRelease_CandidateFilingBegins_2014StatewidePrimaryElection.pdf\" target=\"_blank\" rel=\"noopener\">Comunicado de Prensa \u2013 Comienza la Presentaci\u00f3n de Candidatos<\/a><\/p>\n<p>03-01-2014\u00a0\u00a0<a href=\"https:\/\/www.sbcounty.gov\/uploads\/ROV\/News\/2014\/0603\/MEMO%20-%20Revised%20Elections%20Calendar.pdf\" target=\"_blank\" rel=\"noopener\">Calendario Revisado de las Elecciones de 2014 del Secretario de Estado<\/a><\/p>\n<p>30-12-2013\u00a0\u00a0<a href=\"https:\/\/www.sbcounty.gov\/uploads\/ROV\/Elections\/2014\/0603\/section-6-primary-election.pdf\" target=\"_blank\" rel=\"noopener\">Calendario de las Elecciones Primarias Estatales de 2014 del Secretario de Estado<\/a><\/p>\n<p>30-12-2013\u00a0\u00a0<a href=\"https:\/\/www.sos.ca.gov\/elections\/prior-elections\/statewide-election-results\/statewide-direct-primary-election-june-3-2014\/2014-california-election-calendar\/general-election-calendar\" target=\"_blank\" rel=\"noopener\">Calendario de las Elecciones de California de 2014 del Secretario de Estado<\/a><\/p>\n<p>30-12-2013\u00a0\u00a0<a href=\"https:\/\/www.sbcounty.gov\/uploads\/ROV\/Elections\/2014\/0603\/SOS%20NoticeOfOfficesToBeNom2014.pdf\" target=\"_blank\" rel=\"noopener\">Aviso del Secretario de Estado sobre los Cargos Sujetos a Elecciones<\/a><\/p>\n<\/div>\n\n  <\/section>\n\n\t\n\n  <section data-isd-block-id=\"rov-content-blockblock_534497263a102e196d75c7cd1a9a0d88\"\n\t\t\t\t\t\t\t\t\t\t \t\t\t\t\t\t\t\t\t\t\t class=\"card-style main-content-wrapper rov-card-style mb-4\">\n\n\t<h2 class=\"block-subtitle blue\">Elecciones Primarias Especiales para el Senado Estatal del Distrito 23 \u2013 25 de marzo de 2014<\/h2>\n\n\t<div class=\"ctnr-block-content\"><p>18-03-2014\u00a0\u00a0<a href=\"https:\/\/www.sbcounty.gov\/uploads\/ROV\/Elections\/2014\/0325\/Report_Assigned_2014-03-18.pdf\" target=\"_blank\" rel=\"noopener\">Trabajadores de Casillas Electorales Asignados<\/a><\/p>\n<p>18-03-2014\u00a0\u00a0<a href=\"https:\/\/www.sbcounty.gov\/uploads\/ROV\/Elections\/2014\/0325\/PublicNotice_PollingPlace_2014-03-08.pdf\" target=\"_blank\" rel=\"noopener\">Aviso P\u00fablico \u2013 Casillas Electorales<\/a><\/p>\n<p>07-03-2014\u00a0\u00a0<a href=\"https:\/\/www.sbcounty.gov\/uploads\/ROV\/Elections\/2014\/0325\/PressRelease_VoterRegistrationDeadline.pdf\" target=\"_blank\" rel=\"noopener\">Aviso P\u00fablico \u2013 Fecha L\u00edmite para el Registro de Votantes<\/a><\/p>\n<p>04-03-2014\u00a0\u00a0<a href=\"https:\/\/www.sbcounty.gov\/uploads\/ROV\/Elections\/2014\/0325\/PublicNotice_ObservationSchedule__final.pdf\" target=\"_blank\" rel=\"noopener\">Aviso P\u00fablico \u2013 Calendario de Observaci\u00f3n<\/a><\/p>\n<p>04-02-2014\u00a0\u00a0<a href=\"https:\/\/www.sbcounty.gov\/uploads\/ROV\/Elections\/2014\/0325\/PressRelease_VIG-MailBallots_StateSenate23_2014-02-28.pdf\" target=\"_blank\" rel=\"noopener\">Comunicado de Prensa \u2013 Gu\u00edas de Informaci\u00f3n para el Votante y Boletas por Correo<\/a><\/p>\n<p>04-02-2014\u00a0\u00a0<a href=\"https:\/\/elections.cdn.sos.ca.gov\/special-elections\/2014-sd23\/certified-list.pdf\" target=\"_blank\" rel=\"noopener\">Lista Certificada de Candidatos del Secretario de Estado<\/a><\/p>\n<p>03-02-2014\u00a0\u00a0<a href=\"https:\/\/elections.cdn.sos.ca.gov\/special-elections\/2014-sd23\/randomized-alphabet-drawing.pdf\" target=\"_blank\" rel=\"noopener\">Sorteo para Orden Aleatorizado de las Letras del Alfabeto del Secretario de Estado<\/a><\/p>\n<p>31-01-2013\u00a0\u00a0<a href=\"https:\/\/elections.cdn.sos.ca.gov\/special-elections\/2014-sd23\/legislative-candidates-501.pdf\" target=\"_blank\" rel=\"noopener\">Informe del Estado del Formulario 501 para Candidatos Legislativos del Secretario de Estado<\/a><\/p>\n<p>31-01-2014\u00a0\u00a0<a href=\"https:\/\/elections.cdn.sos.ca.gov\/special-elections\/2014-sd23\/notice-candidates.pdf\" target=\"_blank\" rel=\"noopener\">Aviso del Secretario de Estado a los Candidatos<\/a><\/p>\n<p>10-01-2014\u00a0\u00a0<a href=\"https:\/\/www.sbcounty.gov\/uploads\/ROV\/Elections\/2014\/0325\/PressRelease_CandidateFiling.pdf\" target=\"_blank\" rel=\"noopener\">Comunicado de Prensa \u2013 Presentaci\u00f3n de Candidatos<\/a><\/p>\n<p>23-12-2013\u00a0\u00a0<a href=\"https:\/\/www.sbcounty.gov\/uploads\/ROV\/Elections\/2014\/0325\/proclamation.pdf\" target=\"_blank\" rel=\"noopener\">Proclamaci\u00f3n del Gobernador<\/a><\/p>\n<p>23-12-2013\u00a0\u00a0<a href=\"https:\/\/www.sbcounty.gov\/uploads\/ROV\/Elections\/2014\/0325\/SosPrimaryCalendarMar2014.pdf\" target=\"_blank\" rel=\"noopener\">Calendario de las Elecciones Primarias<\/a><\/p>\n<p>23-12-2013\u00a0\u00a0<a href=\"https:\/\/www.sbcounty.gov\/uploads\/ROV\/Elections\/2014\/0325\/QualificationsRequirementsMar2014.pdf\" target=\"_blank\" rel=\"noopener\">Calificaci\u00f3n y Requisitos de los Candidatos<\/a><\/p>\n<\/div>\n\n  <\/section>\n\n\t\n\n  <section data-isd-block-id=\"rov-content-blockblock_f1e634846d5369f8aa7a49c4976fc978\"\n\t\t\t\t\t\t\t\t\t\t \t\t\t\t\t\t\t\t\t\t\t class=\"card-style main-content-wrapper rov-card-style mb-4\">\n\n\t<h2 class=\"block-subtitle blue\">Elecciones Generales de la Ciudad de San Bernardino \u2013 4 de febrero de 2014<\/h2>\n\n\t<div class=\"ctnr-block-content\"><p>03-02-2014\u00a0\u00a0<a href=\"https:\/\/www.sbcounty.gov\/uploads\/ROV\/Elections\/2014\/0204\/PressRelease_EDayReminder.pdf\" target=\"_blank\" rel=\"noopener\">Aviso P\u00fablico \u2013 Recordatorio del D\u00eda de las Elecciones<\/a><\/p>\n<p>28-01-2014\u00a0\u00a0<a href=\"https:\/\/www.sbcounty.gov\/uploads\/ROV\/Elections\/2014\/0204\/Report_AssignedPollWkrs_2014-01-27.pdf\" target=\"_blank\" rel=\"noopener\">Trabajadores de Casillas Electorales Asignados<\/a><\/p>\n<p>23-01-2014\u00a0\u00a0<a href=\"https:\/\/www.sbcounty.gov\/uploads\/ROV\/Elections\/2014\/0204\/PublicNotice_CertLogicAccuracyBoard_2014-01-23.pdf\" target=\"_blank\" rel=\"noopener\">Certificaci\u00f3n por parte de la Junta de L\u00f3gica y Precisi\u00f3n<\/a><\/p>\n<p>23-01-2014\u00a0\u00a0<a href=\"https:\/\/www.sbcounty.gov\/uploads\/ROV\/Elections\/2014\/0204\/PublicNotice_VoterRegDeadline_2014-01-23.pdf\" target=\"_blank\" rel=\"noopener\">Aviso P\u00fablico \u2013 Fecha L\u00edmite para el Registro de Votantes<\/a><\/p>\n<p>23-01-2014\u00a0\u00a0<a href=\"https:\/\/www.sbcounty.gov\/uploads\/ROV\/Elections\/2014\/0204\/PublicNotice_PollingPlace_2014-01-23.pdf\" target=\"_blank\" rel=\"noopener\">Aviso P\u00fablico \u2013 Casillas Electorales<\/a><\/p>\n<p>09-01-2014\u00a0\u00a0<a href=\"https:\/\/www.sbcounty.gov\/uploads\/ROV\/Elections\/2014\/0204\/PressRelease_VIG_MailBallots_CitySB_2014-2-4.pdf\" target=\"_blank\" rel=\"noopener\">Comunicado de Prensa \u2013 Gu\u00eda de Informaci\u00f3n para el Votante y Boletas por Correo<\/a><\/p>\n<p>06-01-2014\u00a0\u00a0<a href=\"https:\/\/www.sbcounty.gov\/uploads\/ROV\/Elections\/2014\/0204\/PublicNotice_ObservationSched_2014-01-14.pdf\" target=\"_blank\" rel=\"noopener\">Aviso P\u00fablico \u2013 Calendario de Observaci\u00f3n<\/a><\/p>\n<p>30-12-2013\u00a0\u00a0<a href=\"https:\/\/www.sbcounty.gov\/uploads\/ROV\/Elections\/2014\/0204\/MEMO_sbRandomDrawRunoff_2013-11-19.pdf\" target=\"_blank\" rel=\"noopener\">Mensaje del Sorteo Aleatorio del Secretario de Estado<\/a><\/p>\n<\/div>\n\n  <\/section>\n\n\t","protected":false},"excerpt":{"rendered":"<p>Elecciones Generales Estatales de 2014 \u2013 4 de noviembre de 2014 24-11-2014\u00a0\u00a0Aviso P\u00fablico \u2013 Certificaci\u00f3n de los Resultados de las Elecciones 04-11-2014\u00a0\u00a0Comunicado de Prensa \u2013 Recordatorio del D\u00eda de las Elecciones 31-10-2014\u00a0\u00a0Aviso P\u00fablico \u2013 Trabajadores de Casillas Electorales Asignados 30-10-2014\u00a0\u00a0Comunicado de Prensa \u2013 El Voto Anticipado se Extiende hasta el<span class=\"ellipsis\">&#8230;<\/span><\/p>\n","protected":false},"author":19,"featured_media":37382,"parent":138,"menu_order":0,"comment_status":"closed","ping_status":"closed","template":"templates\/rov-left-sidebar-template.php","meta":{"_acf_changed":false,"footnotes":""},"class_list":["post-43056","page","type-page","status-publish","has-post-thumbnail","hentry"],"acf":[],"_links":{"self":[{"href":"https:\/\/elections.sbcounty.gov\/es\/wp-json\/wp\/v2\/pages\/43056","targetHints":{"allow":["GET"]}}],"collection":[{"href":"https:\/\/elections.sbcounty.gov\/es\/wp-json\/wp\/v2\/pages"}],"about":[{"href":"https:\/\/elections.sbcounty.gov\/es\/wp-json\/wp\/v2\/types\/page"}],"author":[{"embeddable":true,"href":"https:\/\/elections.sbcounty.gov\/es\/wp-json\/wp\/v2\/users\/19"}],"replies":[{"embeddable":true,"href":"https:\/\/elections.sbcounty.gov\/es\/wp-json\/wp\/v2\/comments?post=43056"}],"version-history":[{"count":4,"href":"https:\/\/elections.sbcounty.gov\/es\/wp-json\/wp\/v2\/pages\/43056\/revisions"}],"predecessor-version":[{"id":87356,"href":"https:\/\/elections.sbcounty.gov\/es\/wp-json\/wp\/v2\/pages\/43056\/revisions\/87356"}],"up":[{"embeddable":true,"href":"https:\/\/elections.sbcounty.gov\/es\/wp-json\/wp\/v2\/pages\/138"}],"wp:featuredmedia":[{"embeddable":true,"href":"https:\/\/elections.sbcounty.gov\/es\/wp-json\/wp\/v2\/media\/37382"}],"wp:attachment":[{"href":"https:\/\/elections.sbcounty.gov\/es\/wp-json\/wp\/v2\/media?parent=43056"}],"curies":[{"name":"wp","href":"https:\/\/api.w.org\/{rel}","templated":true}]}}