{"id":43023,"date":"2022-01-05T16:18:40","date_gmt":"2022-01-05T16:18:40","guid":{"rendered":"https:\/\/www.elections.sbcounty.gov\/?page_id=43023"},"modified":"2023-11-21T14:18:41","modified_gmt":"2023-11-21T22:18:41","slug":"2012","status":"publish","type":"page","link":"https:\/\/elections.sbcounty.gov\/es\/news\/2012\/","title":{"rendered":"Comunicados de Prensa y Avisos P\u00fablicos Archivados de\u00a02012"},"content":{"rendered":"  <section data-isd-block-id=\"rov-content-blockblock_2c1759f4e81954c4e41f6f6d9eea0e13\"\n\t\t\t\t\t\t\t\t\t\t \t\t\t\t\t\t\t\t\t\t\t class=\"card-style main-content-wrapper rov-card-style mb-4\">\n\n\t<h2 class=\"block-subtitle blue\">Elecciones de la Asociaci\u00f3n para la Jubilaci\u00f3n de Empleados del Condado de San Bernardino (4 de diciembre de 2012)<\/h2>\n\n\t<div class=\"ctnr-block-content\"><p>05-12-2012\u00a0\u00a0\u00a0\u00a0<a href=\"https:\/\/www.sbcounty.gov\/uploads\/ROV\/Elections\/2012\/1204\/SB%20Board%20of%20Retirement%20Results%2012-4-12.pdf\" target=\"_blank\" rel=\"noopener\">Aviso P\u00fablico \u2013 Resultados de las Elecciones<\/a><\/p>\n<\/div>\n\n  <\/section>\n\n\t\n\n  <section data-isd-block-id=\"rov-content-blockblock_e8d15ab49fe48144ff022596f4575c75\"\n\t\t\t\t\t\t\t\t\t\t \t\t\t\t\t\t\t\t\t\t\t class=\"card-style main-content-wrapper rov-card-style mb-4\">\n\n\t<h2 class=\"block-subtitle blue\">Elecciones Generales Presidenciales (6 de noviembre de 2012)<\/h2>\n\n\t<div class=\"ctnr-block-content\"><p>06-12-2012\u00a0\u00a0\u00a0\u00a0<a href=\"https:\/\/www.sbcounty.gov\/uploads\/ROV\/News\/2012\/1106\/Public%20Notice%20Recount%20Assembly%20District%2036.pdf\" target=\"_blank\" rel=\"noopener\">Aviso P\u00fablico \u2013 Conteo para el Distrito de Asamblea 36<\/a><\/p>\n<p>05-12-2012\u00a0\u00a0\u00a0\u00a0<a href=\"https:\/\/www.sbcounty.gov\/uploads\/ROV\/News\/2012\/1106\/Poll%20Workers%20Presidential%20General.pdf\" target=\"_blank\" rel=\"noopener\">Trabajadores de Casillas Electorales Empleados en Todo el Condado Despu\u00e9s de las Elecciones<\/a><\/p>\n<p>30-11-2012\u00a0\u00a0\u00a0\u00a0<a href=\"https:\/\/www.sbcounty.gov\/uploads\/ROV\/News\/2012\/1106\/PublicNotice_ElectionCertification_2012.pdf\" target=\"_blank\" rel=\"noopener\">Aviso P\u00fablico \u2013 Resultados Certificados de las Elecciones<\/a><\/p>\n<p>15-11-2012\u00a0\u00a0\u00a0\u00a0<a href=\"https:\/\/www.sbcounty.gov\/uploads\/ROV\/Elections\/2012\/1106\/Semi-Official%20Election%20Results%20for%20Write%20ins.pdf\" target=\"_blank\" rel=\"noopener\">Resultados Semioficiales de las Elecciones para Candidatos por Escrito<\/a><\/p>\n<p>06-11-2012\u00a0\u00a0\u00a0\u00a0<a href=\"https:\/\/www.sbcounty.gov\/uploads\/ROV\/News\/2012\/1106\/Article_Presidential%20General%20Election.pdf\" target=\"_blank\" rel=\"noopener\">Art\u00edculo Destacado \u2013 Elecciones Generales Presidenciales de\u00a02012<\/a><\/p>\n<p>05-11-2012\u00a0\u00a0\u00a0\u00a0<a href=\"https:\/\/www.sbcounty.gov\/uploads\/ROV\/News\/2012\/1106\/PressRelease_ElectionDayReminder_FINAL.pdf\" target=\"_blank\" rel=\"noopener\">Comunicado de Prensa \u2013 Recordatorio del D\u00eda de las Elecciones<\/a><\/p>\n<p>30-10-2012\u00a0\u00a0\u00a0\u00a0<a href=\"https:\/\/www.sbcounty.gov\/uploads\/ROV\/News\/2012\/1106\/Post_PollWorkers%20E-7_2012-10-30.pdf\" target=\"_blank\" rel=\"noopener\">Aviso P\u00fablico \u2013 Trabajadores de Casillas Electorales Asignados en Todo el Condado<\/a><\/p>\n<p>25-10-2012\u00a0\u00a0\u00a0\u00a0<a href=\"https:\/\/www.sbcounty.gov\/uploads\/ROV\/News\/2012\/1106\/PressRelease_MailBallotReturnReminder_10-15-2012_FINAL.pdf\" target=\"_blank\" rel=\"noopener\">Comunicado de Prensa \u2013 Recordatorio de Devoluci\u00f3n de Boletas por Correo<\/a><\/p>\n<p>24-10-2012\u00a0\u00a0\u00a0\u00a0<a href=\"https:\/\/www.sbcounty.gov\/uploads\/ROV\/News\/2012\/1106\/Observer%20Panel%20November%202012.pdf\" target=\"_blank\" rel=\"noopener\">Certificaci\u00f3n por parte de la Junta de L\u00f3gica y Precisi\u00f3n<\/a><\/p>\n<p>23-10-2012\u00a0\u00a0\u00a0\u00a0<a href=\"https:\/\/www.sbcounty.gov\/uploads\/ROV\/News\/2012\/1106\/Polling%20place%20locations_bilingual.pdf\" target=\"_blank\" rel=\"noopener\">Aviso P\u00fablico \u2013 Trabajadores de Casillas Electorales Biling\u00fces Asignados<\/a><\/p>\n<p>17-10-2012\u00a0\u00a0\u00a0\u00a0<a href=\"https:\/\/www.sbcounty.gov\/uploads\/ROV\/News\/2012\/1106\/PressRelease_RemindertoRegister.pdf\" target=\"_blank\" rel=\"noopener\">Comunicado de Prensa \u2013 Recordatorio para Registrarse<\/a><\/p>\n<p>17-10-2012\u00a0\u00a0\u00a0\u00a0<a href=\"https:\/\/www.sbcounty.gov\/uploads\/ROV\/News\/2012\/1106\/Notice_AudioandLargePrintAvailable.pdf\" target=\"_blank\" rel=\"noopener\">Gu\u00edas de Informaci\u00f3n para el Votante del Estado Disponibles en Letra Grande y en Audio<\/a><\/p>\n<p>15-10-2012\u00a0\u00a0\u00a0\u00a0<a href=\"https:\/\/www.sbcounty.gov\/uploads\/ROV\/News\/2012\/1106\/PressRelease_MailBallotsDelivered_10-12-2012_FINAL.pdf\" target=\"_blank\" rel=\"noopener\">Comunicado de Prensa \u2013 Entrega de Boletas de Voto por Correo a los Votantes<\/a><\/p>\n<p>14-10-2012\u00a0\u00a0\u00a0\u00a0<a href=\"https:\/\/www.sbcounty.gov\/uploads\/ROV\/News\/2012\/1106\/PUBLIC%20NOTICE_LogicandAccuracy.pdf\" target=\"_blank\" rel=\"noopener\">Aviso P\u00fablico \u2013 Prueba de L\u00f3gica y Precisi\u00f3n<\/a><\/p>\n<p>10-10-2012\u00a0\u00a0\u00a0\u00a0<a href=\"https:\/\/www.sbcounty.gov\/uploads\/ROV\/News\/2012\/1106\/UPDATED_PublicNotice_Mail-BallotDropOffLocations_10-1-12_FINAL.pdf\" target=\"_blank\" rel=\"noopener\">Aviso P\u00fablico \u2013 Lugares para Depositar Boletas de Voto por Correo<\/a><\/p>\n<p>10-10-2012\u00a0\u00a0\u00a0\u00a0<a href=\"https:\/\/www.sbcounty.gov\/uploads\/ROV\/News\/2012\/1106\/PressRelease_VoterInformationGuide_2012.pdf\" target=\"_blank\" rel=\"noopener\">Comunicado de Prensa \u2013 Entrega de la Gu\u00eda de Informaci\u00f3n para el Votante y Boleta de Muestra<\/a><\/p>\n<p>08-10-2012\u00a0\u00a0\u00a0\u00a0<a href=\"https:\/\/www.sbcounty.gov\/uploads\/ROV\/News\/2012\/1106\/PressRelease_EarlyVoting2012.pdf\" target=\"_blank\" rel=\"noopener\">Comunicado de Prensa \u2013 Voto Anticipado<\/a><\/p>\n<p>03-10-2012\u00a0\u00a0<a href=\"https:\/\/www.sbcounty.gov\/uploads\/ROV\/News\/2012\/1106\/Public_Notice_CanvassObservationandSignature_9-28-2012_FINAL.pdf\" target=\"_blank\" rel=\"noopener\">Aviso P\u00fablico \u2013 Calendario de Observaci\u00f3n<\/a><\/p>\n<p>02-10-2012\u00a0\u00a0\u00a0\u00a0<a href=\"https:\/\/www.sbcounty.gov\/uploads\/ROV\/News\/2012\/1106\/Announcement_SameDayRegistration.pdf\" target=\"_blank\" rel=\"noopener\">Anuncio \u2013 El Registro de Votantes para el Mismo D\u00eda A\u00fan No Est\u00e1 Vigente<\/a><\/p>\n<p>28-09-2012\u00a0\u00a0\u00a0\u00a0<a href=\"https:\/\/www.sbcounty.gov\/uploads\/ROV\/News\/2012\/1106\/Press%20Release%20Vote%20by%20Mail.pdf\" target=\"_blank\" rel=\"noopener\">Comunicado de Prensa \u2013 Voto por Correo<\/a><\/p>\n<p>22-09-2012\u00a0\u00a0\u00a0\u00a0<a href=\"https:\/\/www.sbcounty.gov\/uploads\/ROV\/News\/2012\/1106\/PressRelease_NationalVoterRegistrationDay.pdf\" target=\"_blank\" rel=\"noopener\">Comunicado de Prensa \u2013 D\u00eda Nacional del Registro de Votantes<\/a><\/p>\n<p>19-09-2012\u00a0\u00a0\u00a0\u00a0<a href=\"https:\/\/www.sos.ca.gov\/administration\/news-releases-and-advisories\/2012-news-releases-and-advisories\/db12-097\" target=\"_blank\" rel=\"noopener\">Comunicado de Prensa \u2013 Registro de Votantes En L\u00ednea<\/a><\/p>\n<p>13-09-2012\u00a0\u00a0\u00a0\u00a0<a href=\"https:\/\/www.sbcounty.gov\/uploads\/ROV\/News\/2012\/1106\/PressReleaseBilingualPollWorkers.pdf\" target=\"_blank\" rel=\"noopener\">Comunicado de Prensa \u2013 Trabajadores de Casillas Electorales Biling\u00fces<\/a><\/p>\n<p>16-08-2012\u00a0\u00a0\u00a0\u00a0<a href=\"https:\/\/www.sbcounty.gov\/uploads\/ROV\/Elections\/2012\/1106\/County_Random_Draw.pdf\" target=\"_blank\" rel=\"noopener\">Elecciones Generales \u2013 Sorteo para Orden Aleatorizado de las Letras del Alfabeto del Condado<\/a><\/p>\n<p>16-08-2012\u00a0\u00a0\u00a0\u00a0<a href=\"https:\/\/www.sbcounty.gov\/uploads\/ROV\/News\/2012\/1106\/2012-11-06%20SOS%20Random%20Draw.pdf\" target=\"_blank\" rel=\"noopener\">Elecciones Generales \u2013 Sorteo para Orden Aleatorizado de las Letras del Alfabeto del Estado<\/a><\/p>\n<p>13-08-2012\u00a0\u00a0\u00a0\u00a0<a href=\"https:\/\/www.sbcounty.gov\/uploads\/ROV\/News\/2012\/1106\/Notice_Measure%20Designations_Final.pdf\" target=\"_blank\" rel=\"noopener\">Designaciones de Medidas<\/a><\/p>\n<p>13-07-2012\u00a0\u00a0\u00a0\u00a0<a href=\"https:\/\/www.sbcounty.gov\/uploads\/ROV\/News\/2012\/1106\/Press%20Release_Candidate%20Filing%20Extension_Fin.pdf\" target=\"_blank\" rel=\"noopener\">Comunicado de Prensa \u2013 Pr\u00f3rroga para la Presentaci\u00f3n de Candidatos<\/a><\/p>\n<p>13-07-2012\u00a0\u00a0\u00a0\u00a0<a href=\"https:\/\/www.sbcounty.gov\/uploads\/ROV\/News\/2012\/1106\/NOTICE_Candidate%20Filing%20Extension_Fin.pdf\" target=\"_blank\" rel=\"noopener\">Aviso P\u00fablico \u2013 Pr\u00f3rroga para la Presentaci\u00f3n de Candidatos<\/a><\/p>\n<p>13-07-2012\u00a0\u00a0\u00a0\u00a0<a href=\"https:\/\/www.sbcounty.gov\/uploads\/ROV\/News\/2012\/1106\/Press_Release-OfficesandCandidateFiling.pdf\" target=\"_blank\" rel=\"noopener\">Comunicado de Prensa \u2013 Periodo de Presentaci\u00f3n de Candidatos<\/a><\/p>\n<p>11-06-2012\u00a0\u00a0\u00a0\u00a0<a href=\"https:\/\/elections.cdn.sos.ca.gov\/statewide-elections\/2012-general\/proclamation-112012.pdf\" target=\"_blank\" rel=\"noopener\">Proclamaci\u00f3n del Gobernador<\/a><\/p>\n<\/div>\n\n  <\/section>\n\n\t\n\n  <section data-isd-block-id=\"rov-content-blockblock_60f8f7b277fc1e1c56aec43f84da6d9b\"\n\t\t\t\t\t\t\t\t\t\t \t\t\t\t\t\t\t\t\t\t\t class=\"card-style main-content-wrapper rov-card-style mb-4\">\n\n\t<h2 class=\"block-subtitle blue\">Elecciones Especiales con Boletas por Correo del Distrito Escolar Unificado Bear Valley (10 de julio de 2012)<\/h2>\n\n\t<div class=\"ctnr-block-content\"><p>17-07-2012\u00a0\u00a0\u00a0\u00a0<a href=\"https:\/\/www.sbcounty.gov\/uploads\/ROV\/News\/2012\/0710\/Public%20Notice_BearValleyOne%20PercentTally.pdf\" target=\"_blank\" rel=\"noopener\">Aviso P\u00fablico \u2013 Recuento del Uno por Ciento<\/a><\/p>\n<p>28-06-2012\u00a0\u00a0\u00a0\u00a0<a href=\"https:\/\/www.sbcounty.gov\/uploads\/ROV\/Elections\/2012\/0710\/NOTICE_LandABearValleyUnifiedSchoolDist_06-25-2012_FINAL.pdf\" target=\"_blank\" rel=\"noopener\">Prueba de L\u00f3gica y Precisi\u00f3n<\/a><\/p>\n<\/div>\n\n  <\/section>\n\n\t\n\n  <section data-isd-block-id=\"rov-content-blockblock_73e90fd8a9ce0de966c4ea58c1da9d2f\"\n\t\t\t\t\t\t\t\t\t\t \t\t\t\t\t\t\t\t\t\t\t class=\"card-style main-content-wrapper rov-card-style mb-4\">\n\n\t<h2 class=\"block-subtitle blue\">Elecciones Primarias Presidenciales (5 de junio de 2012)<\/h2>\n\n\t<div class=\"ctnr-block-content\"><p>13-07-2012\u00a0\u00a0\u00a0\u00a0<a href=\"https:\/\/www.sbcounty.gov\/uploads\/ROV\/News\/2012\/0605\/PublicNotice_Cong8_recount.pdf\" target=\"_blank\" rel=\"noopener\">Recuento de Resultados: Oficina del Representante de Estados Unidos, Distrito 8<\/a><\/p>\n<p>11-07-2012\u00a0\u00a0\u00a0\u00a0<a href=\"https:\/\/www.sbcounty.gov\/uploads\/ROV\/News\/2012\/0605\/2012-07-11%20Public%20Notice%20Recount.pdf\" target=\"_blank\" rel=\"noopener\">Aviso P\u00fablico \u2013 Recuento de las Elecciones para Representante de Estados Unidos, Distrito 8<\/a><\/p>\n<p>07-06-2012\u00a0\u00a0\u00a0\u00a0<a href=\"https:\/\/www.sbcounty.gov\/uploads\/ROV\/News\/2012\/0605\/UPDATED%20-%20Public%20Notice%20Primary%20Election%20Observation%20Schedule.pdf\" target=\"_blank\" rel=\"noopener\">ACTUALIZACI\u00d3N \u2013 Calendario de Observaci\u00f3n<\/a><\/p>\n<p>26-05-2012\u00a0\u00a0\u00a0\u00a0<a href=\"https:\/\/www.sbcounty.gov\/uploads\/ROV\/News\/2012\/0605\/PUBLIC%20NOTICE_PrimaryElectionObservationSchedule.pdf\" target=\"_blank\" rel=\"noopener\">Aviso P\u00fablico \u2013 Calendario de Observaci\u00f3n<\/a><\/p>\n<p>22-05-2012\u00a0\u00a0\u00a0\u00a0<a href=\"https:\/\/www.sbcounty.gov\/uploads\/ROV\/News\/2012\/0605\/Public%20Notice%20LandA_2012-05-21_Final.pdf\" target=\"_blank\" rel=\"noopener\">Aviso P\u00fablico \u2013 Prueba de L\u00f3gica y Precisi\u00f3n<\/a><\/p>\n<p>10-05-2012\u00a0\u00a0\u00a0\u00a0<a href=\"https:\/\/www.sbcounty.gov\/uploads\/ROV\/News\/2012\/0605\/PressRelease_VIGandSampleBallot_2012-05-10.pdf\" target=\"_blank\" rel=\"noopener\">Env\u00edo de Gu\u00edas de informaci\u00f3n para el Votante y de Boletas de Voto por Correo a los Votantes<\/a><\/p>\n<p>07-05-2012\u00a0\u00a0\u00a0\u00a0<a href=\"https:\/\/www.sbcounty.gov\/uploads\/ROV\/News\/2012\/0605\/PUBLIC%20NOTICE_Mail%20Ballot%20Drop%20Locations_2012-05-04_FIN.pdf\" target=\"_blank\" rel=\"noopener\">Voto Anticipado y Ubicasiones para Depositar las Boletas de Voto por Correo<\/a><\/p>\n<p>21-03-2012\u00a0\u00a0\u00a0\u00a0<a href=\"https:\/\/www.sbcounty.gov\/uploads\/ROV\/News\/2012\/0605\/Press%20release_petition%20clarification_3-21-12.pdf\" target=\"_blank\" rel=\"noopener\"><u>Comunicado de Prensa L\u00edmites de Compensaci\u00f3n y Reducciones de Presupuesto para Miembros de la Junta de Supervisores del Condado<\/u><\/a><\/p>\n<p>21-03-2012\u00a0\u00a0\u00a0\u00a0<a href=\"https:\/\/www.sbcounty.gov\/uploads\/ROV\/News\/2012\/0605\/Press%20release_petition%20clarification_3-21-12.pdf\" target=\"_blank\" rel=\"noopener\">\u00a0La Iniciativa Califica para Certificaci\u00f3n \u2013 Aclaraci\u00f3n<\/a><\/p>\n<p>21-03-2012\u00a0\u00a0\u00a0\u00a0<a href=\"https:\/\/www.sbcounty.gov\/uploads\/ROV\/News\/2012\/0605\/Press%20release_petition_3-21-12.pdf\" target=\"_blank\" rel=\"noopener\"><u>Comunicado de Prensa L\u00edmites de Compensaci\u00f3n y Reducciones de Presupuesto para Miembros de la Junta de Supervisores del Condado<\/u><\/a><\/p>\n<p>21-03-2012\u00a0\u00a0\u00a0\u00a0<a href=\"https:\/\/www.sbcounty.gov\/uploads\/ROV\/News\/2012\/0605\/Press%20release_petition_3-21-12.pdf\" target=\"_blank\" rel=\"noopener\">\u00a0La Iniciativa Califica para Certificaci\u00f3n<\/a><\/p>\n<p>15-03-2012\u00a0\u00a0\u00a0\u00a0<a href=\"https:\/\/www.sbcounty.gov\/uploads\/ROV\/News\/2012\/0605\/SOS%20random%20draw%20-%203-16-2012.pdf\" target=\"_blank\" rel=\"noopener\">Resultados del Sorteo para Orden Aleatorizado de las Letras del Alfabeto del Secretario de Estado<\/a><\/p>\n<p>15-03-2012\u00a0\u00a0\u00a0\u00a0<a href=\"https:\/\/www.sbcounty.gov\/uploads\/ROV\/News\/2012\/0605\/County%20Random%20Draw%203-16-2012.pdf\" target=\"_blank\" rel=\"noopener\">Aviso P\u00fablico \u2013 Sorteo para Orden Aleatorizado de las Letras del Alfabeto del Condado<\/a><\/p>\n<p>12-03-2012\u00a0\u00a0\u00a0\u00a0<a href=\"https:\/\/www.sbcounty.gov\/uploads\/ROV\/News\/2012\/0605\/Public%20Notice%20of%20State%20Candidate%20Filing%20Extensions%20for%206-5-12%20Election%203-13-2012.pdf\" target=\"_blank\" rel=\"noopener\">Pr\u00f3rroga para la Presentaci\u00f3n de Candidatos del Estado<\/a><\/p>\n<p>09-03-2012\u00a0\u00a0\u00a0\u00a0<a href=\"https:\/\/www.sbcounty.gov\/uploads\/ROV\/News\/2012\/0605\/Public%20Notice%20of%20Local%20Candidate%20Filing%20Extensions%20for%206-5-12%20Election%203-13-2012.pdf\" target=\"_blank\" rel=\"noopener\">Pr\u00f3rroga para la Presentaci\u00f3n de Candidatos Locales<\/a><\/p>\n<p>06-01-2012\u00a0\u00a0\u00a0\u00a0<a href=\"https:\/\/www.sbcounty.gov\/uploads\/ROV\/News\/2012\/0605\/CC-ROV%2012010%20Governors%20Proclamation.pdf\" target=\"_blank\" rel=\"noopener\">Proclamaci\u00f3n del Gobernador<\/a><\/p>\n<p>30-12-2011\u00a0\u00a0\u00a0\u00a0<a href=\"https:\/\/www.sbcounty.gov\/uploads\/ROV\/News\/2012\/0605\/ccrov_11154%20-%203-14-2012.pdf\" target=\"_blank\" rel=\"noopener\">Memor\u00e1ndum del Estado<\/a><\/p>\n<p>30-12-2011\u00a0\u00a0\u00a0\u00a0<a href=\"https:\/\/www.sbcounty.gov\/uploads\/ROV\/News\/2012\/0605\/SAN%20BERNARDINO%203-14-2012.pdf\" target=\"_blank\" rel=\"noopener\">Aviso sobre Cargos del Estado<\/a><\/p>\n<\/div>\n\n  <\/section>\n\n\t\n\n  <section data-isd-block-id=\"rov-content-blockblock_96c5dae0c0d51411ae75d1d4ed2d2230\"\n\t\t\t\t\t\t\t\t\t\t \t\t\t\t\t\t\t\t\t\t\t class=\"card-style main-content-wrapper rov-card-style mb-4\">\n\n\t<h2 class=\"block-subtitle blue\">Elecciones Especiales con Boletas por Correo del Distrito de Protecci\u00f3n contra Incendios de Crest Forest (8 de mayo de 2012)<\/h2>\n\n\t<div class=\"ctnr-block-content\"><p>27-04-2012\u00a0\u00a0\u00a0\u00a0<a href=\"https:\/\/www.sbcounty.gov\/uploads\/ROV\/Elections\/2012\/0508\/Public%20Notice_Certifiction%20of%20Election_%20One%20Percent.pdf\" target=\"_blank\" rel=\"noopener\">Aviso P\u00fablico del Recuento Manual del 1%<\/a><\/p>\n<p>12-04-2012\u00a0\u00a0\u00a0\u00a0<a href=\"https:\/\/www.sbcounty.gov\/uploads\/ROV\/News\/2012\/0508\/Public%20Notice%20-RevisedPublicLandA.pdf\" target=\"_blank\" rel=\"noopener\">Aviso P\u00fablico de Prueba de L\u00f3gica y Precisi\u00f3n<\/a><\/p>\n<p>02-02-2012\u00a0\u00a0\u00a0\u00a0<a href=\"https:\/\/www.sbcounty.gov\/uploads\/ROV\/Elections\/2012\/0508\/Crest%20Forest%20NOTICE%20OF%20ELECTION%20for%20District%20Sec-Measure%20J.pdf\" target=\"_blank\" rel=\"noopener\">Aviso P\u00fablico de las Elecciones para la Medida J<\/a><\/p>\n<p>02-02-2012\u00a0\u00a0\u00a0\u00a0<a href=\"https:\/\/www.sbcounty.gov\/uploads\/ROV\/Elections\/2012\/0508\/Crest%20Forest%20NOTICE%20OF%20ELECTION%20for%20District%20Sec-Measure%20K.pdf\" target=\"_blank\" rel=\"noopener\">Aviso P\u00fablico de las Elecciones para la Medida K<\/a><\/p>\n<\/div>\n\n  <\/section>\n\n\t\n\n  <section data-isd-block-id=\"rov-content-blockblock_85b79de551b22c99d2ef621687a24d0f\"\n\t\t\t\t\t\t\t\t\t\t \t\t\t\t\t\t\t\t\t\t\t class=\"card-style main-content-wrapper rov-card-style mb-4\">\n\n\t<h2 class=\"block-subtitle blue\">Elecciones Especiales con Boletas por Correo del Distrito de Aguas Twenty-nine Palms (17 de abril de 2012)<\/h2>\n\n\t<div class=\"ctnr-block-content\"><p>17-04-2012\u00a0\u00a0\u00a0\u00a0<a href=\"https:\/\/www.sbcounty.gov\/uploads\/ROV\/News\/2012\/0417\/Public%20Notice%2029%20Palms%20Water%20DIstrict.pdf\" target=\"_blank\" rel=\"noopener\">Aviso P\u00fablico de Prueba de L\u00f3gica y Precisi\u00f3n<\/a><\/p>\n<p>24-01-2012\u00a0\u00a0\u00a0\u00a0<a href=\"https:\/\/www.sbcounty.gov\/uploads\/ROV\/News\/2012\/0417\/29%20Palms%20Water%20District%20NOTICE%20OF%20ELECTION%20for%20District%20Sec-Measure%20H.pdf\" target=\"_blank\" rel=\"noopener\">Aviso P\u00fablico de las Elecciones para la Medida H<\/a><\/p>\n<p>24-01-2012\u00a0\u00a0\u00a0\u00a0<a href=\"https:\/\/www.sbcounty.gov\/uploads\/ROV\/News\/2012\/0417\/29%20Palms%20Water%20District%20NOTICE%20OF%20ELECTION%20for%20District%20Sec-Measure%20I.pdf\" target=\"_blank\" rel=\"noopener\">Aviso P\u00fablico de las Elecciones para la Medida I<\/a><\/p>\n<\/div>\n\n  <\/section>\n\n\t\n\n  <section data-isd-block-id=\"rov-content-blockblock_37697b333b54c0ecf8e0bd04a2b0b581\"\n\t\t\t\t\t\t\t\t\t\t \t\t\t\t\t\t\t\t\t\t\t class=\"card-style main-content-wrapper rov-card-style mb-4\">\n\n\t<h2 class=\"block-subtitle blue\">Elecciones Municipales Generales de la Ciudad de San Bernardino (7 de febrero de 2012)<\/h2>\n\n\t<div class=\"ctnr-block-content\"><p>29-02-2012\u00a0\u00a0\u00a0\u00a0<a href=\"https:\/\/www.sbcounty.gov\/uploads\/ROV\/News\/2012\/0207\/Public%20Notice_City%20of%20San%20Bernardino%20City%20Clerk%20Recount%20Election%20Results%202-29-2012.pdf\" target=\"_blank\" rel=\"noopener\">Aviso P\u00fablico del Recuento de Resultados<\/a><\/p>\n<p>28-02-2012\u00a0\u00a0\u00a0\u00a0<a href=\"https:\/\/www.sbcounty.gov\/uploads\/ROV\/News\/2012\/0207\/City%20of%20San%20Bernardino%20City%20Clerk%20Recount%20Completed%202-29-2012.pdf\" target=\"_blank\" rel=\"noopener\">Comunicado de Prensa: Recuento Terminado<\/a><\/p>\n<p>21-02-2012\u00a0\u00a0\u00a0\u00a0<a href=\"https:\/\/www.sbcounty.gov\/uploads\/ROV\/News\/2012\/0207\/Press%20Release_City%20of%20San%20Bernardino%20Recount%202-22-2012.pdf\" target=\"_blank\" rel=\"noopener\">Comunicado de Prensa: Solicitud de Recuento<\/a><\/p>\n<p>13-02-2012\u00a0\u00a0\u00a0\u00a0<a href=\"https:\/\/www.sbcounty.gov\/uploads\/ROV\/News\/2012\/0207\/City%20of%20San%20Bernardino%20General%20Municipal%20Election%20(February%207%20%202012)%20Certification%20of%20Election%202-13-2012.pdf\" target=\"_blank\" rel=\"noopener\">Aviso P\u00fablico de Certificaci\u00f3n de las Elecciones<\/a><\/p>\n<p>08-02-2012\u00a0\u00a0\u00a0\u00a0<a href=\"https:\/\/www.sbcounty.gov\/uploads\/ROV\/News\/2012\/0207\/Public%20Notice%20Observation%20Notice.02.07.12.pdf\" target=\"_blank\" rel=\"noopener\">Aviso P\u00fablico del Calendario de Observaci\u00f3n<\/a><\/p>\n<p>07-02-2012\u00a0\u00a0\u00a0\u00a0<a href=\"https:\/\/www.sbcounty.gov\/uploads\/ROV\/News\/2012\/0207\/Schedule%20of%20Recount%20Notice_San%20Bernardino%20City%20General%20Municipal%20Election%2002.07.12%20-2-27-2012.pdf\" target=\"_blank\" rel=\"noopener\">Aviso P\u00fablico de Recuento Solicitado<\/a><\/p>\n<p>01-23-2012\u00a0\u00a0\u00a0\u00a0<a href=\"https:\/\/www.sbcounty.gov\/uploads\/ROV\/News\/2012\/0207\/Public%20Notice%20LandATesting02.07.12.pdf\" target=\"_blank\" rel=\"noopener\">Aviso P\u00fablico del Calendario de Prueba de L\u00f3gica y Precisi\u00f3n<\/a><\/p>\n<p>11-01-2012\u00a0\u00a0\u00a0\u00a0<a href=\"https:\/\/www.sbcounty.gov\/uploads\/ROV\/News\/2012\/0207\/Election%20Information%20From%20the%20City%20of%20San%20Bernardino.pdf\" target=\"_blank\" rel=\"noopener\">Aviso P\u00fablico de Informaci\u00f3n General<\/a><\/p>\n<p>11-01-2012\u00a0\u00a0\u00a0\u00a0<a href=\"https:\/\/www.sbcounty.gov\/uploads\/ROV\/News\/2012\/0207\/Public%20Notice%20from%20the%20City%20of%20San%20Bernardino%20-%20Notice%20of%20Election.pdf\" target=\"_blank\" rel=\"noopener\">Aviso P\u00fablico de las Elecciones<\/a><\/p>\n<\/div>\n\n  <\/section>\n\n\t","protected":false},"excerpt":{"rendered":"<p>Elecciones de la Asociaci\u00f3n para la Jubilaci\u00f3n de Empleados del Condado de San Bernardino (4 de diciembre de 2012) 05-12-2012\u00a0\u00a0\u00a0\u00a0Aviso P\u00fablico \u2013 Resultados de las Elecciones Elecciones Generales Presidenciales (6 de noviembre de 2012) 06-12-2012\u00a0\u00a0\u00a0\u00a0Aviso P\u00fablico \u2013 Conteo para el Distrito de Asamblea 36 05-12-2012\u00a0\u00a0\u00a0\u00a0Trabajadores de Casillas Electorales Empleados en<span class=\"ellipsis\">&#8230;<\/span><\/p>\n","protected":false},"author":19,"featured_media":37382,"parent":138,"menu_order":0,"comment_status":"closed","ping_status":"closed","template":"templates\/rov-left-sidebar-template.php","meta":{"_acf_changed":false,"footnotes":""},"class_list":["post-43023","page","type-page","status-publish","has-post-thumbnail","hentry"],"acf":[],"_links":{"self":[{"href":"https:\/\/elections.sbcounty.gov\/es\/wp-json\/wp\/v2\/pages\/43023","targetHints":{"allow":["GET"]}}],"collection":[{"href":"https:\/\/elections.sbcounty.gov\/es\/wp-json\/wp\/v2\/pages"}],"about":[{"href":"https:\/\/elections.sbcounty.gov\/es\/wp-json\/wp\/v2\/types\/page"}],"author":[{"embeddable":true,"href":"https:\/\/elections.sbcounty.gov\/es\/wp-json\/wp\/v2\/users\/19"}],"replies":[{"embeddable":true,"href":"https:\/\/elections.sbcounty.gov\/es\/wp-json\/wp\/v2\/comments?post=43023"}],"version-history":[{"count":3,"href":"https:\/\/elections.sbcounty.gov\/es\/wp-json\/wp\/v2\/pages\/43023\/revisions"}],"predecessor-version":[{"id":79721,"href":"https:\/\/elections.sbcounty.gov\/es\/wp-json\/wp\/v2\/pages\/43023\/revisions\/79721"}],"up":[{"embeddable":true,"href":"https:\/\/elections.sbcounty.gov\/es\/wp-json\/wp\/v2\/pages\/138"}],"wp:featuredmedia":[{"embeddable":true,"href":"https:\/\/elections.sbcounty.gov\/es\/wp-json\/wp\/v2\/media\/37382"}],"wp:attachment":[{"href":"https:\/\/elections.sbcounty.gov\/es\/wp-json\/wp\/v2\/media?parent=43023"}],"curies":[{"name":"wp","href":"https:\/\/api.w.org\/{rel}","templated":true}]}}