{"id":42960,"date":"2022-01-04T22:20:26","date_gmt":"2022-01-04T22:20:26","guid":{"rendered":"https:\/\/www.elections.sbcounty.gov\/?page_id=42960"},"modified":"2024-06-05T16:12:50","modified_gmt":"2024-06-05T23:12:50","slug":"0831","status":"publish","type":"page","link":"https:\/\/elections.sbcounty.gov\/es\/elections\/2021\/0831\/","title":{"rendered":"Archivo de Elecciones Consolidadas con Boletas por Correo"},"content":{"rendered":"  <section data-isd-block-id=\"rov-content-blockblock_57bc9997a7955b1c7e5e58c63ee1051d\"\n\t\t\t\t\t\t\t\t\t\t \t\t\t\t\t\t\t\t\t\t\t class=\"card-style main-content-wrapper rov-card-style mb-4\">\n\n\t<h2 class=\"block-subtitle blue\">Publicaciones Electorales<\/h2>\n\n\t<div class=\"ctnr-block-content\"><p><strong>Gu\u00eda de Informaci\u00f3n para el Votante del Condado de San Bernardino<\/strong><\/p>\n<ul>\n<li>La\u00a0<a href=\"https:\/\/www.sbcounty.gov\/uploads\/ROV\/Elections\/2021\/0831\/VIG-ENSP.pdf?ver=2021-07-01-145210-923\" target=\"_blank\" rel=\"noopener\">Gu\u00eda de Informaci\u00f3n para el Votante<\/a>\u00a0[pdf] es un folleto publicado por el Registro de Votantes del Condado de San Bernardino que incluye informaci\u00f3n sobre la votaci\u00f3n, los candidatos y las medidas.<\/li>\n<\/ul>\n<p><a href=\"https:\/\/elections.sbcounty.gov\/es\/News\/2021\/\"><strong>Comunicados de Prensa y Avisos P\u00fablicos<\/strong><\/a><\/p>\n<\/div>\n\n  <\/section>\n\n\t\n\n  <section data-isd-block-id=\"rov-content-blockblock_99f8ddfcbb68169bdabe8103f339187f\"\n\t\t\t\t\t\t\t\t\t\t \t\t\t\t\t\t\t\t\t\t\t class=\"card-style main-content-wrapper rov-card-style mb-4\">\n\n\t<h2 class=\"block-subtitle blue\">Fechas Clave y Fechas L\u00edmite<\/h2>\n\n\t<div class=\"ctnr-block-content\"><table class=\"table table-striped\" style=\"width: 99%\">\n<colgroup>\n<col \/>\n<col \/><\/colgroup>\n<thead>\n<tr style=\"text-align: center;font-weight: bold\">\n<th>\n<p align=\"left\">Fecha<\/p>\n<\/th>\n<th>\n<p align=\"left\">Acci\u00f3n<\/p>\n<\/th>\n<\/tr>\n<\/thead>\n<tbody>\n<tr>\n<td>10 de mayo de 2021<\/td>\n<td>Comienza la presentaci\u00f3n de candidatos<\/td>\n<\/tr>\n<tr>\n<td>4 de junio de 2021<\/td>\n<td>Fecha l\u00edmite de presentaci\u00f3n de candidatos<\/td>\n<\/tr>\n<tr>\n<td>2 de agosto de 2021<\/td>\n<td>Comienza el voto anticipado<\/td>\n<\/tr>\n<tr>\n<td>2 de agosto de 2021<\/td>\n<td>Gu\u00edas de Informaci\u00f3n para el Votante y Boletas de Voto por Correo entregadas en la Oficina Postal de los EE. UU.<\/td>\n<\/tr>\n<tr>\n<td>16 de agosto de 2021<\/td>\n<td>Fecha l\u00edmite para el registro de votantes<\/td>\n<\/tr>\n<tr>\n<td>31 de agosto de 2021<\/td>\n<td><strong>D\u00eda de las Elecciones \u2013 Elecciones Consolidadas con Boleta por Correo de 2021<\/strong><strong><br \/>\n<\/strong><\/td>\n<\/tr>\n<tr>\n<td>1\u00ba de septiembre de 2021<\/td>\n<td>Comienza el escrutinio de las Elecciones<\/td>\n<\/tr>\n<tr>\n<td>30 de septiembre de 2021<\/td>\n<td>Fecha l\u00edmite para completar el escrutinio oficial y certificar los resultados<\/td>\n<\/tr>\n<\/tbody>\n<\/table>\n<\/div>\n\n  <\/section>\n\n\t\n\n  <section data-isd-block-id=\"rov-content-blockblock_dd8b07601eefa614279e259715fb7df4\"\n\t\t\t\t\t\t\t\t\t\t \t\t\t\t\t\t\t\t\t\t\t class=\"card-style main-content-wrapper rov-card-style mb-4\">\n\n\t<h2 class=\"block-subtitle blue\">Opciones de Voto<\/h2>\n\n\t<div class=\"ctnr-block-content\"><p><strong>Opciones de Voto para las Elecciones Consolidadas con Boletas por Correo del 31 de agosto de 2021:<\/strong><\/p>\n<ul>\n<li>Vote en una Boleta de Voto por Correo.\n<ul>\n<li>No es necesario presentar una solicitud para estas elecciones. Todos los votantes elegibles recibir\u00e1n una boleta por correo.\n<ul>\n<li>Llame al Registro de Votantes al (909) 387-8300\u00a0si necesita una boleta de reemplazo.<\/li>\n<\/ul>\n<\/li>\n<li>La Boleta por Correo se puede entregar\u00a0en:\n<ul>\n<li>Buz\u00f3n para depositar las boletas por correo y oficina del Registro de Votantes\n<ul>\n<li>777 E. Rialto Avenue, San Bernardino<\/li>\n<\/ul>\n<\/li>\n<li>Buz\u00f3n para depositar boletas por correo del Centro de Evaluaci\u00f3n y Detenci\u00f3n Juvenil de High Desert\n<ul>\n<li>21101 Dale Evans Pkwy, Apple Valley<\/li>\n<\/ul>\n<\/li>\n<li>Los buzones para depositar boletas por correo est\u00e1n disponibles las 24 horas del d\u00eda, los siete d\u00edas de la semana<\/li>\n<li>Las boletas deben entregarse antes de las 8 p.m. del martes, 31\u00a0de agosto de 2021<\/li>\n<\/ul>\n<\/li>\n<\/ul>\n<\/li>\n<li>Vote antes en la oficina del Registro de Votantes a partir del\u00a02 de agosto de 2021.<\/li>\n<li>Vote antes en una\u00a0Casilla para Voto Anticipado.\n<ul>\n<li>Consulte la lista de las Casillas para <a href=\"https:\/\/elections.sbcounty.gov\/es\/Voting\/Early\/\">Voto Anticipado<\/a> para conocer sus ubicaciones, fechas y horarios de operaci\u00f3n.<\/li>\n<\/ul>\n<\/li>\n<\/ul>\n<p><strong>Votantes con discapacidad:<\/strong><\/p>\n<p>Los votantes con\u00a0discapacidad\u00a0pueden votar de manera independiente:<\/p>\n<ul>\n<li>Use su computadora para marcar una boleta accesible [no ya esta disponible]<\/li>\n<\/ul>\n<p>Visite nuestra\u00a0<a href=\"https:\/\/elections.sbcounty.gov\/es\/Voting\/\">p\u00e1gina de Opciones de Voto<\/a>\u00a0para obtener la informaci\u00f3n completa y las instrucciones.<\/p>\n<p><strong>Votantes Militares y en el Extranjero:<\/strong><\/p>\n<p>Los ciudadanos Uniformados y en el Extranjero pueden obtener una\u00a0Gu\u00eda de Informaci\u00f3n para el Votante y Boleta de Muestra, as\u00ed como una Boleta [no ya esta disponible] para estas elecciones. Para obtener la informaci\u00f3n completa, visite el sitio web para los <a href=\"https:\/\/www.sos.ca.gov\/elections\/voter-registration\/military-overseas-voters\" target=\"_blank\" rel=\"noopener\">Votantes Militares y en el Extranjero<\/a> de la Secretaria de Estado.<\/p>\n<\/div>\n\n  <\/section>\n\n\t\n\n  <section data-isd-block-id=\"rov-content-blockblock_0a168dc683d2543f3fb58478c31053f0\"\n\t\t\t\t\t\t\t\t\t\t \t\t\t\t\t\t\t\t\t\t\t class=\"card-style main-content-wrapper rov-card-style mb-4\">\n\n\t<h2 class=\"block-subtitle blue\">C\u00f3mo Se Resuelven las Boletas por Correo sin Firmar<\/h2>\n\n\t<div class=\"ctnr-block-content\"><p>Cuando el Registro de Votantes recibe una boleta de voto por correo sin la firma del votante en el sobre de devoluci\u00f3n, el Registro de Votantes no puede contar esa boleta.\u00a0\u00a0Sin embargo, la ley de California permite a los votantes otra oportunidad para corregir su boleta de voto por correo hasta dos d\u00edas antes de que se certifiquen los resultados de las elecciones.\u00a0A estos votantes se les notifica por correo que pueden:<\/p>\n<ul>\n<li>Ir al Registro de Votantes para firmar personalmente el sobre de devoluci\u00f3n de la boleta de voto por correo, o<\/li>\n<li>Completar y devolver una Declaraci\u00f3n de Boleta sin Firmar.<\/li>\n<\/ul>\n<p>Si recibe una carta del Registro de Votantes\u00a0que indica que su sobre de devoluci\u00f3n de la boleta por correo no estaba firmado, vaya al Registro de Votantes\u00a0para firmar su sobre, o complete y devuelva una Declaraci\u00f3n de Boleta sin Firmar.<\/p>\n<p><strong><em>Para las boletas por correo:<\/em><\/strong><\/p>\n<ul>\n<li>Declaraci\u00f3n de Boleta sin Firmar \u2013 Elecciones\u00a0Consolidadas con Boletas por Correo de 2021 [ya no est\u00e1 disponible]<\/li>\n<\/ul>\n<\/div>\n\n  <\/section>\n\n\t\n\n  <section data-isd-block-id=\"rov-content-blockblock_5cd6718df945c9bfb443398f79f33a2b\"\n\t\t\t\t\t\t\t\t\t\t \t\t\t\t\t\t\t\t\t\t\t class=\"card-style main-content-wrapper rov-card-style mb-4\">\n\n\t<h2 class=\"block-subtitle blue\">C\u00f3mo Se Resuelven las Firmas que No Coinciden en las Boletas por Correo<\/h2>\n\n\t<div class=\"ctnr-block-content\"><p>Cuando el Registro de Votantes\u00a0recibe una boleta de voto por correo\u00a0pero no puede cotejar la firma del votante en el sobre de devoluci\u00f3n con la firma que aparece en su registro de votante, el Registro de Votantes no puede contar esa boleta. Sin embargo, la ley de California permite a los votantes otra oportunidad para corregir su boleta de voto por correo hasta dos d\u00edas antes de que se certifiquen los resultados de las elecciones. A estos votantes se les notifica por correo que pueden:<\/p>\n<ul>\n<li>Ir al Registro de Votantes para firmar personalmente la Declaraci\u00f3n de Verificaci\u00f3n de Firma.<\/li>\n<li>Llenar y devolver una Declaraci\u00f3n de Verificaci\u00f3n de Firma.<\/li>\n<\/ul>\n<p>Si recibe una carta del Registro de Votantes\u00a0que indica que su firma en su sobre de devoluci\u00f3n de la boleta por correo no coincide con su firma registrada, complete y devuelva inmediatamente una\u00a0Declaraci\u00f3n de Verificaci\u00f3n de Firma.<\/p>\n<p><strong><em>Para las boletas por correo:<\/em><\/strong><\/p>\n<ul>\n<li>Declaraci\u00f3n de Verificaci\u00f3n de Firma \u2013 Elecciones\u00a0Consolidadas con Boletas por Correo de 2021 [ya no est\u00e1 disponible]<\/li>\n<\/ul>\n<\/div>\n\n  <\/section>\n\n\t\n\n  <section data-isd-block-id=\"rov-content-blockblock_468f6aa75b6eaef8825f37585d50f215\"\n\t\t\t\t\t\t\t\t\t\t \t\t\t\t\t\t\t\t\t\t\t class=\"card-style main-content-wrapper rov-card-style mb-4\">\n\n\t<h2 class=\"block-subtitle blue\">Medida en la Boleta<\/h2>\n\n\t<div class=\"ctnr-block-content\"><ul>\n<li>Consulte la\u00a0<a href=\"https:\/\/elections.sbcounty.gov\/es\/Elections\/2021\/0831\/Measures\/\">Medida Local<\/a>\u00a0en la boleta para las Elecciones Consolidadas con Boletas\u00a0por Correo de 2021.<\/li>\n<li>El requisito de votos para las medidas locales se puede encontrar en la p\u00e1gina de\u00a0<a href=\"https:\/\/elections.sbcounty.gov\/es\/Elections\/2021\/0831\/Measures\/\">Medidas Locales<\/a>.<\/li>\n<\/ul>\n<\/div>\n\n  <\/section>\n\n\t\n\n  <section data-isd-block-id=\"rov-content-blockblock_fb8b604754ce50f1fc308aad40a78850\"\n\t\t\t\t\t\t\t\t\t\t \t\t\t\t\t\t\t\t\t\t\t class=\"card-style main-content-wrapper rov-card-style mb-4\">\n\n\t<h2 class=\"block-subtitle blue\">Registro de Votantes<\/h2>\n\n\t<div class=\"ctnr-block-content\"><p>Si usted necesita registrarse o volver a registrarse, la solicitud de registro de votantes debe tener un matasellos o presentarse\u00a0<a href=\"https:\/\/registertovote.ca.gov\/es-mx\" target=\"_blank\" rel=\"noopener\">en l\u00ednea<\/a>\u00a0a m\u00e1s tardar a las 11:59 p.m. el\u00a0<strong>16 de agosto de 2021,<\/strong>\u00a0para las Elecciones Consolidadas con Boletas por\u00a0Correo de 2021.<\/p>\n<p><strong>Si ya pas\u00f3 la fecha l\u00edmite de registro de votantes,\u00a0<\/strong>a\u00fan puede registrarse y votar personalmente en la\u00a0oficina del Registro de Votantes.<\/p>\n<ul>\n<li>Visite nuestra\u00a0<a href=\"https:\/\/elections.sbcounty.gov\/es\/VoterRegistration\/\">p\u00e1gina del Registro de Votantes<\/a>\u00a0para obtener la informaci\u00f3n completa y las instrucciones sobre el registro para votar.<\/li>\n<li>Consulte el\u00a0<a href=\"https:\/\/www.sbcounty.gov\/uploads\/ROV\/Elections\/2021\/0831\/Report_15DayCloseOfRegistrationSummary.pdf?ver=2021-08-19-094702-403\" target=\"_blank\" rel=\"noopener\">Resumen del Registro de Votantes Calificados<\/a>\u00a0[pdf] para estas elecciones.<\/li>\n<\/ul>\n<p><strong>A partir del 17 de agosto de 2021, hasta las\u00a08 p.m. del D\u00eda de las Elecciones, todos los votantes a\u00fan pueden actualizar su domicilio residencial o partido pol\u00edtico de preferencia.<\/strong><\/p>\n<p>El 13 de febrero de 2020, se capitul\u00f3 la legislaci\u00f3n de urgencia del <a href=\"https:\/\/www.sbcounty.gov\/uploads\/ROV\/VoterRegistration\/Senate%20Bill%20207%20Chaptered%202020-02-13.pdf?_=1582657309229\" target=\"_blank\" rel=\"noopener\">Proyecto de Ley del Senado 207<\/a> [pdf] que permite a los votantes actualizar su domicilio residencial o partido pol\u00edtico de preferencia despu\u00e9s de la fecha l\u00edmite de registro para unas elecciones sin exigir a los votantes que vuelvan a registrarse. Basta con presentar una solicitud por escrito al Registro de Votantes.<\/p>\n<p>Para obtener m\u00e1s informaci\u00f3n, consulte las instrucciones\u00a0y el Formulario de Cambio de Domicilio o Partido Pol\u00edtico\u00a0[ya no est\u00e1 disponible].<\/p>\n<\/div>\n\n  <\/section>\n\n\t\n\n  <section data-isd-block-id=\"rov-content-blockblock_32427c6b9b3ccf9ace329c0bae4085e1\"\n\t\t\t\t\t\t\t\t\t\t \t\t\t\t\t\t\t\t\t\t\t class=\"card-style main-content-wrapper rov-card-style mb-4\">\n\n\t<h2 class=\"block-subtitle blue\">Informaci\u00f3n de los Cargos y Candidatos<\/h2>\n\n\t<div class=\"ctnr-block-content\"><p><strong>Cargos a Elegir:<\/strong><\/p>\n<ul>\n<li>Consulte los\u00a0<a href=\"https:\/\/www.sbcounty.gov\/uploads\/ROV\/Elections\/2021\/0831\/List_OfficesUpForElection.pdf?_=1620067213695\" target=\"_blank\" rel=\"noopener\">Cargos a Elegir<\/a>\u00a0[pdf]\u00a0para las Elecciones Consolidadas con Boletas por Correo<\/li>\n<\/ul>\n<p><strong>Presentaci\u00f3n de Candidatos:<\/strong><\/p>\n<p>La presentaci\u00f3n de candidatos comienza el 10 de mayo de 2021\u00a0y finaliza el 4 de junio de 2021.<\/p>\n<p>La presentaci\u00f3n de candidatos se extendi\u00f3 hasta el 9 de junio de 2021 para el Director del Distrito de Aguas del Condado Mariana Ranchos.<\/p>\n<ul>\n<li>Consulte la\u00a0<a href=\"https:\/\/www.sbcounty.gov\/uploads\/ROV\/Elections\/2021\/0831\/Guide_CandidateFiling.pdf?ver=2021-05-10-160409-390\" target=\"_blank\" rel=\"noopener\">Gu\u00eda de Presentaci\u00f3n de Candidaturas<\/a>\u00a0[pdf]<\/li>\n<li>Programe una cita para la presentaci\u00f3n de candidatos en persona [ya no est\u00e1 disponible]<\/li>\n<\/ul>\n<p><strong>Declaraciones de los Candidatos:<\/strong><\/p>\n<ul>\n<li>Consulte la\u00a0<a href=\"https:\/\/www.sbcounty.gov\/uploads\/ROV\/Elections\/2021\/0831\/Guide_CandidateFiling.pdf?ver=2021-05-10-160409-390\" target=\"_blank\" rel=\"noopener\">Gu\u00eda de Presentaci\u00f3n de Candidaturas<\/a>\u00a0[pdf] para ver los Costos Estimados de la Declaraci\u00f3n de los Candidatos\u00a0para\u00a0las Elecciones\u00a0Consolidadas\u00a0con Boletas por Correo.\n<ul>\n<li>Los candidatos deben pagar los costos estimados de imprimir su declaraci\u00f3n de candidato en la Gu\u00eda de Informaci\u00f3n para el Votante al momento de registrarse.<\/li>\n<\/ul>\n<\/li>\n<li>Para presentar una declaraci\u00f3n de candidato, complete el Formulario de Declaraci\u00f3n del Candidato\u00a0[ya no est\u00e1 disponible].<\/li>\n<\/ul>\n<p><strong>Lista de Candidatos:<\/strong><\/p>\n<ul>\n<li>Consulte la <a href=\"https:\/\/www.sbcounty.gov\/uploads\/ROV\/Elections\/2021\/0831\/Report_CandidateList.pdf?ver=2021-05-17-170838-423\" target=\"_blank\" rel=\"noopener\">Lista Definitiva de Candidatos<\/a><\/li>\n<\/ul>\n<\/div>\n\n  <\/section>\n\n\t\n\n  <section data-isd-block-id=\"rov-content-blockblock_d4dc06eeeb1cf2f8dfbf87b76583a47d\"\n\t\t\t\t\t\t\t\t\t\t \t\t\t\t\t\t\t\t\t\t\t class=\"card-style main-content-wrapper rov-card-style mb-4\">\n\n\t<h2 class=\"block-subtitle blue\">Estad\u00edsticas de Devoluci\u00f3n de Boletas por Correo<\/h2>\n\n\t<div class=\"ctnr-block-content\"><p>El Informe de Estad\u00edsticas de Devoluci\u00f3n de Boletas por Correo muestra el n\u00famero de boletas por correo que se han emitido y devuelto en las elecciones, as\u00ed como las estad\u00edsticas hist\u00f3ricas de las elecciones anteriores. Los datos presentados en este informe se actualizan diariamente y pueden fluctuar a medida que se reciben m\u00e1s solicitudes de boletas por correo y se procesan las boletas por correo marcadas.<\/p>\n<ul>\n<li>Consulte el\u00a0<a href=\"https:\/\/www.sbcounty.gov\/uploads\/ROV\/Elections\/2021\/0831\/Report_MailBallotStats.pdf?ver=2021-08-18-113306-737\" target=\"_blank\" rel=\"noopener\">Informe de Estad\u00edsticas de Devoluci\u00f3n de Boletas por Correo<\/a>\u00a0[pdf]\u00a0de estas elecciones.<\/li>\n<\/ul>\n<\/div>\n\n  <\/section>\n\n\t\n\n  <section data-isd-block-id=\"rov-content-blockblock_4db64eea986d14806e1ecb0c28de8585\"\n\t\t\t\t\t\t\t\t\t\t \t\t\t\t\t\t\t\t\t\t\t class=\"card-style main-content-wrapper rov-card-style mb-4\">\n\n\t<h2 class=\"block-subtitle blue\">Resultados de las Elecciones<\/h2>\n\n\t<div class=\"ctnr-block-content\"><p><a href=\"https:\/\/www.sbcounty.gov\/uploads\/ROV\/Elections\/2021\/0831\/Results\/Report_FinalCertifiedElectionResults.pdf?ver=2021-09-10-143826-643\" target=\"_blank\" rel=\"noopener\">Resultados Finales Certificados de las Elecciones<\/a>\u00a0[pdf]<\/p>\n<p><a href=\"https:\/\/www.sbcounty.gov\/uploads\/ROV\/Elections\/2021\/0831\/Results\/Report_StatementOfVote.pdf?ver=2021-09-10-143826-643\" target=\"_blank\" rel=\"noopener\">Declaraci\u00f3n del Informe de Votos Emitidos<\/a>\u00a0[pdf]<\/p>\n<p><a href=\"https:\/\/www.sbcounty.gov\/uploads\/ROV\/Elections\/2021\/0831\/Statement_CertificationOfElectionResults_2021-09-10.pdf?ver=2021-09-12-125806-613\" target=\"_blank\" rel=\"noopener\">Declaraci\u00f3n de Certificaci\u00f3n de los Resultados de las Elecciones<\/a>\u00a0[pdf]<\/p>\n<\/div>\n\n  <\/section>\n\n\t","protected":false},"excerpt":{"rendered":"<p>Publicaciones Electorales Gu\u00eda de Informaci\u00f3n para el Votante del Condado de San Bernardino La\u00a0Gu\u00eda de Informaci\u00f3n para el Votante\u00a0[pdf] es un folleto publicado por el Registro de Votantes del Condado de San Bernardino que incluye informaci\u00f3n sobre la votaci\u00f3n, los candidatos y las medidas. Comunicados de Prensa y Avisos P\u00fablicos<span class=\"ellipsis\">&#8230;<\/span><\/p>\n","protected":false},"author":19,"featured_media":37382,"parent":34742,"menu_order":0,"comment_status":"closed","ping_status":"closed","template":"templates\/rov-left-sidebar-template.php","meta":{"_acf_changed":false,"footnotes":""},"class_list":["post-42960","page","type-page","status-publish","has-post-thumbnail","hentry"],"acf":[],"_links":{"self":[{"href":"https:\/\/elections.sbcounty.gov\/es\/wp-json\/wp\/v2\/pages\/42960","targetHints":{"allow":["GET"]}}],"collection":[{"href":"https:\/\/elections.sbcounty.gov\/es\/wp-json\/wp\/v2\/pages"}],"about":[{"href":"https:\/\/elections.sbcounty.gov\/es\/wp-json\/wp\/v2\/types\/page"}],"author":[{"embeddable":true,"href":"https:\/\/elections.sbcounty.gov\/es\/wp-json\/wp\/v2\/users\/19"}],"replies":[{"embeddable":true,"href":"https:\/\/elections.sbcounty.gov\/es\/wp-json\/wp\/v2\/comments?post=42960"}],"version-history":[{"count":5,"href":"https:\/\/elections.sbcounty.gov\/es\/wp-json\/wp\/v2\/pages\/42960\/revisions"}],"predecessor-version":[{"id":83962,"href":"https:\/\/elections.sbcounty.gov\/es\/wp-json\/wp\/v2\/pages\/42960\/revisions\/83962"}],"up":[{"embeddable":true,"href":"https:\/\/elections.sbcounty.gov\/es\/wp-json\/wp\/v2\/pages\/34742"}],"wp:featuredmedia":[{"embeddable":true,"href":"https:\/\/elections.sbcounty.gov\/es\/wp-json\/wp\/v2\/media\/37382"}],"wp:attachment":[{"href":"https:\/\/elections.sbcounty.gov\/es\/wp-json\/wp\/v2\/media?parent=42960"}],"curies":[{"name":"wp","href":"https:\/\/api.w.org\/{rel}","templated":true}]}}