{"id":42852,"date":"2022-01-04T20:21:51","date_gmt":"2022-01-04T20:21:51","guid":{"rendered":"https:\/\/www.elections.sbcounty.gov\/?page_id=42852"},"modified":"2022-01-04T20:21:51","modified_gmt":"2022-01-04T20:21:51","slug":"measures","status":"publish","type":"page","link":"https:\/\/elections.sbcounty.gov\/es\/elections\/2020\/1103\/measures\/","title":{"rendered":"Elecciones Generales Presidenciales de 2020 \u2013 Medidas"},"content":{"rendered":"  <section data-isd-block-id=\"rov-content-blockblock_ceb020d2565e66ba3a9cdfdeb2b6106a\"\n\t\t\t\t\t\t\t\t\t\t \t\t\t\t\t\t\t\t\t\t\t class=\"card-style main-content-wrapper rov-card-style mb-4\">\n\n\t<h2 class=\"block-subtitle blue\">Elecciones Generales Presidenciales de 2020 \u2013 Medidas<\/h2>\n\n\t<div class=\"ctnr-block-content\"><table class=\"table striped\" style=\"border-collapse: collapse\" border=\"1\">\n<tbody>\n<tr>\n<th><strong>Letra<\/strong><\/th>\n<th><strong>Jurisdicci\u00f3n<\/strong><\/th>\n<th><strong>Descripci\u00f3n de la Medida<\/strong><\/th>\n<th><strong>An\u00e1lisis<\/strong><\/th>\n<th><strong>Argumentos<\/strong><\/th>\n<th><strong>Porcentaje<br \/>\npara ser Aprobada<\/strong><\/th>\n<\/tr>\n<tr>\n<td style=\"text-align: center\"><a href=\"https:\/\/www.sbcounty.gov\/uploads\/ROV\/Elections\/2020\/1103\/Measures\/SBCountyCharter\/NoticeOfElection-CountyCharter.pdf\" target=\"_blank\" rel=\"noopener\"><span style=\"font-family: 'MS Sans Serif'\">J<\/span><\/a><\/td>\n<td><a href=\"https:\/\/www.sbcounty.gov\/uploads\/ROV\/Elections\/2020\/1103\/Measures\/SBCountyCharter\/Ordinance-SBCounty.pdf\" target=\"_blank\" rel=\"noopener\">Condado de San Bernardino<\/a><\/td>\n<td><a href=\"https:\/\/www.sbcounty.gov\/uploads\/ROV\/Elections\/2020\/1103\/Measures\/SBCountyCharter\/RevisedCharter-SBCounty.pdf\" target=\"_blank\" rel=\"noopener\">Revisi\u00f3n del Estatuto del Condado<\/a>\n<p><a href=\"https:\/\/www.sbcounty.gov\/uploads\/ROV\/Elections\/2020\/1103\/Measures\/SBCountyCharter\/RevisedCharterSummary-SBCounty.pdf\" target=\"_blank\" rel=\"noopener\">Resumen<\/a><\/p><\/td>\n<td><a href=\"https:\/\/www.sbcounty.gov\/uploads\/ROV\/Elections\/2020\/1103\/Measures\/SBCountyCharter\/Impartial-SBCounty.pdf\" target=\"_blank\" rel=\"noopener\">Imparcial<\/a><\/td>\n<td>&#8211; <a href=\"https:\/\/www.sbcounty.gov\/uploads\/ROV\/Elections\/2020\/1103\/Measures\/SBCountyCharter\/AIF-SBCountyCharter.pdf\" target=\"_blank\" rel=\"noopener\">Argumento a Favor<\/a><br \/>\n&#8211; <a href=\"https:\/\/www.sbcounty.gov\/uploads\/ROV\/Elections\/2020\/1103\/Measures\/SBCountyCharter\/RebuttalToAIF-SBCountyCharter.pdf\" target=\"_blank\" rel=\"noopener\">Refutaci\u00f3n del Argumento a Favor<\/a><br \/>\n&#8211; <a href=\"https:\/\/www.sbcounty.gov\/uploads\/ROV\/Elections\/2020\/1103\/Measures\/SBCountyCharter\/AA-SBCountyCharter.pdf\" target=\"_blank\" rel=\"noopener\">Argumento en Contra<\/a><br \/>\n&#8211; <a href=\"https:\/\/www.sbcounty.gov\/uploads\/ROV\/Elections\/2020\/1103\/Measures\/SBCountyCharter\/RebuttalToAA-SBCountyCharter.pdf\" target=\"_blank\" rel=\"noopener\">Refutaci\u00f3n del Argumento en Contra<\/a><\/td>\n<td>50% + 1<\/td>\n<\/tr>\n<tr>\n<td style=\"text-align: center\"><a href=\"https:\/\/www.sbcounty.gov\/uploads\/ROV\/Elections\/2020\/1103\/Measures\/SBCounty\/NoticeOfElection-CountyInitiative.pdf\" target=\"_blank\" rel=\"noopener\">K<\/a><\/td>\n<td><a href=\"https:\/\/www.sbcounty.gov\/uploads\/ROV\/Elections\/2020\/1103\/Measures\/SBCounty\/Resolution-CountyInitiative.pdf\" target=\"_blank\" rel=\"noopener\">Condado de San Bernardino<\/a><\/td>\n<td><a href=\"https:\/\/www.sbcounty.gov\/uploads\/ROV\/Elections\/2020\/1103\/Measures\/SBCounty\/FullText-CountyInitiative.pdf\" target=\"_blank\" rel=\"noopener\">Reducci\u00f3n de la Compensaci\u00f3n del Supervisor y L\u00edmites del Mandato<\/a>\n<p><a href=\"https:\/\/www.sbcounty.gov\/uploads\/ROV\/Elections\/2020\/1103\/Measures\/SBCounty\/BallotTitleAndSummary-CountyInitiative.pdf\" target=\"_blank\" rel=\"noopener\">T\u00edtulo y Resumen de la Boleta<\/a><\/p><\/td>\n<td><a href=\"https:\/\/www.sbcounty.gov\/uploads\/ROV\/Elections\/2020\/1103\/Measures\/SBCounty\/Impartial-CountyInitiative.pdf\" target=\"_blank\" rel=\"noopener\">Imparcial<\/a><\/td>\n<td>&#8211; <a href=\"https:\/\/www.sbcounty.gov\/uploads\/ROV\/Elections\/2020\/1103\/Measures\/SBCounty\/AIF-SBCountyInitiative.pdf\" target=\"_blank\" rel=\"noopener\">Argumento a Favor<\/a><br \/>\n&#8211; <a href=\"https:\/\/www.sbcounty.gov\/uploads\/ROV\/Elections\/2020\/1103\/Measures\/SBCounty\/RebuttalToAIF-SBCountyInitiative.pdf\" target=\"_blank\" rel=\"noopener\">Refutaci\u00f3n del Argumento a Favor<\/a><br \/>\n&#8211; <a href=\"https:\/\/www.sbcounty.gov\/uploads\/ROV\/Elections\/2020\/1103\/Measures\/SBCounty\/AA-SBCountyInitiative.pdf\" target=\"_blank\" rel=\"noopener\">Argumento en Contra<\/a><br \/>\n&#8211; <a href=\"https:\/\/www.sbcounty.gov\/uploads\/ROV\/Elections\/2020\/1103\/Measures\/SBCounty\/RebuttalToAA-SBCountyInitiative.pdf\" target=\"_blank\" rel=\"noopener\">Refutaci\u00f3n del Argumento en Contra<\/a><\/td>\n<td>50% + 1<\/td>\n<\/tr>\n<tr>\n<td style=\"text-align: center\">L<\/td>\n<td><a href=\"https:\/\/www.sbcounty.gov\/uploads\/ROV\/Elections\/2020\/1103\/Measures\/Montclair\/Resolution_Montclair.pdf\" target=\"_blank\" rel=\"noopener\">Ciudad de Montclair<\/a><\/td>\n<td><a href=\"https:\/\/www.sbcounty.gov\/uploads\/ROV\/Elections\/2020\/1103\/Measures\/Montclair\/Ordinance-Montclair.pdf\" target=\"_blank\" rel=\"noopener\">Impuesto sobre Transacciones y Compras en Otra Jurisdicci\u00f3n<\/a><\/td>\n<td><a href=\"https:\/\/www.sbcounty.gov\/uploads\/ROV\/Elections\/2020\/1103\/Measures\/Montclair\/Impartial-Montclair.pdf\" target=\"_blank\" rel=\"noopener\">Imparcial<\/a><\/td>\n<td>&#8211; <a href=\"https:\/\/www.sbcounty.gov\/uploads\/ROV\/Elections\/2020\/1103\/Measures\/Montclair\/AIF-Montclair.pdf\" target=\"_blank\" rel=\"noopener\">Argumento a Favor<\/a><br \/>\n&#8211; No se present\u00f3 ning\u00fan Argumento en Contra de la medida<\/td>\n<td>50% + 1<\/td>\n<\/tr>\n<tr>\n<td style=\"text-align: center\"><a href=\"https:\/\/www.sbcounty.gov\/uploads\/ROV\/Elections\/2020\/1103\/Measures\/ChinoHills\/Notice-ChinoHills.pdf\" target=\"_blank\" rel=\"noopener\">M<\/a><\/td>\n<td><a href=\"https:\/\/www.sbcounty.gov\/uploads\/ROV\/Elections\/2020\/1103\/Measures\/ChinoHills\/Resolution-ChinoHills.pdf\" target=\"_blank\" rel=\"noopener\">Ciudad de Chino Hills<\/a><\/td>\n<td><a href=\"https:\/\/www.sbcounty.gov\/uploads\/ROV\/Elections\/2020\/1103\/Measures\/ChinoHills\/Ordinance-ChinoHills.pdf\" target=\"_blank\" rel=\"noopener\">Impuesto de Estancia Transitoria<\/a><\/td>\n<td><a href=\"https:\/\/www.sbcounty.gov\/uploads\/ROV\/Elections\/2020\/1103\/Measures\/ChinoHills\/Impartial-ChinoHills.PDF\" target=\"_blank\" rel=\"noopener\">Imparcial<\/a><\/td>\n<td>&#8211; <a href=\"https:\/\/www.sbcounty.gov\/uploads\/ROV\/Elections\/2020\/1103\/Measures\/ChinoHills\/AIF-ChinoHills.pdf\" target=\"_blank\" rel=\"noopener\">Argumento a Favor<\/a><br \/>\n&#8211; No se present\u00f3 ning\u00fan Argumento en Contra de la medida<\/td>\n<td>50% + 1<\/td>\n<\/tr>\n<tr>\n<td style=\"text-align: center\">N<\/td>\n<td><a href=\"https:\/\/www.sbcounty.gov\/uploads\/ROV\/Elections\/2020\/1103\/Measures\/Hesperia\/Resolution-Hesperia.pdf\" target=\"_blank\" rel=\"noopener\">Ciudad de Hesperia<\/a><\/td>\n<td><a href=\"https:\/\/www.sbcounty.gov\/uploads\/ROV\/Elections\/2020\/1103\/Measures\/Hesperia\/Ordinance-Hesperia.pdf\" target=\"_blank\" rel=\"noopener\">Enmienda al C\u00f3digo Municipal<\/a><\/td>\n<td><a href=\"https:\/\/www.sbcounty.gov\/uploads\/ROV\/Elections\/2020\/1103\/Measures\/Hesperia\/Impartial-Hesperia.pdf\" target=\"_blank\" rel=\"noopener\">Imparcial<\/a><\/td>\n<td>&#8211;\u00a0<a href=\"https:\/\/www.sbcounty.gov\/uploads\/ROV\/Elections\/2020\/1103\/Measures\/Hesperia\/AIF-Hesperia.pdf\" target=\"_blank\" rel=\"noopener\">Argumento a Favor<\/a><br style=\"font-family: Arial, Helvetica, Verdana, Tahoma, sans-serif\" \/>&#8211; No se present\u00f3 ning\u00fan Argumento en Contra de la medida<\/td>\n<td>50% + 1<\/td>\n<\/tr>\n<tr>\n<td style=\"text-align: center\">O<\/td>\n<td><a href=\"https:\/\/www.sbcounty.gov\/uploads\/ROV\/Elections\/2020\/1103\/Measures\/AppleValley\/Resolution_AppleValley.pdf\" target=\"_blank\" rel=\"noopener\">Pueblo de Apple Valley<\/a><\/td>\n<td><a href=\"https:\/\/www.sbcounty.gov\/uploads\/ROV\/Elections\/2020\/1103\/Measures\/AppleValley\/Ordinance_AppleValley.pdf\" target=\"_blank\" rel=\"noopener\">Impuesto sobre Transacciones y Compras en Otra Jurisdicci\u00f3n<\/a><\/td>\n<td><a href=\"https:\/\/www.sbcounty.gov\/uploads\/ROV\/Elections\/2020\/1103\/Measures\/AppleValley\/Impartial-AppleValley.pdf\" target=\"_blank\" rel=\"noopener\">Imparcial<\/a><\/td>\n<td>&#8211; <a href=\"https:\/\/www.sbcounty.gov\/uploads\/ROV\/Elections\/2020\/1103\/Measures\/AppleValley\/AIF-AppleValley.pdf\" target=\"_blank\" rel=\"noopener\">Argumento a Favor<\/a><br \/>\n&#8211; No se present\u00f3 ning\u00fan Argumento en Contra de la medida<\/td>\n<td>50% + 1<\/td>\n<\/tr>\n<tr>\n<td style=\"text-align: center\">P<\/td>\n<td><a href=\"https:\/\/www.sbcounty.gov\/uploads\/ROV\/Elections\/2020\/1103\/Measures\/Victorville\/Resolution_Victorville.pdf\" target=\"_blank\" rel=\"noopener\">Ciudad de Victorville<\/a><\/td>\n<td><a href=\"https:\/\/www.sbcounty.gov\/uploads\/ROV\/Elections\/2020\/1103\/Measures\/Victorville\/Ordinance_Victorville.pdf\" target=\"_blank\" rel=\"noopener\">Impuesto sobre Transacciones y Compras en Otra Jurisdicci\u00f3n<\/a><\/td>\n<td><a href=\"https:\/\/www.sbcounty.gov\/uploads\/ROV\/Elections\/2020\/1103\/Measures\/Victorville\/Impartial-Victorville.pdf\" target=\"_blank\" rel=\"noopener\">Imparcial<\/a><\/td>\n<td>&#8211; <a href=\"https:\/\/www.sbcounty.gov\/uploads\/ROV\/Elections\/2020\/1103\/Measures\/Victorville\/AIF-Victorville.pdf\" target=\"_blank\" rel=\"noopener\">Argumento a Favor<\/a><br \/>\n&#8211; No se present\u00f3 ning\u00fan Argumento en Contra de la medida<\/td>\n<td>50% + 1<\/td>\n<\/tr>\n<tr>\n<td style=\"text-align: center\"><a href=\"https:\/\/www.sbcounty.gov\/uploads\/ROV\/Elections\/2020\/1103\/Measures\/Upland\/Publication_Upland.pdf\" target=\"_blank\" rel=\"noopener\">Q<\/a><\/td>\n<td><a href=\"https:\/\/www.sbcounty.gov\/uploads\/ROV\/Elections\/2020\/1103\/Measures\/Upland\/Ordinance_Upland.pdf\" target=\"_blank\" rel=\"noopener\">Ciudad de Upland<\/a>\n<p><a href=\"https:\/\/www.sbcounty.gov\/uploads\/ROV\/Elections\/2020\/1103\/Measures\/Upland\/Writ-Upland.pdf\" target=\"_blank\" rel=\"noopener\">Orden de la Corte<\/a><\/p><\/td>\n<td><a href=\"https:\/\/www.sbcounty.gov\/uploads\/ROV\/Elections\/2020\/1103\/Measures\/Upland\/FullText-Upland.pdf\" target=\"_blank\" rel=\"noopener\">Memorial Park<\/a><\/td>\n<td><a href=\"https:\/\/www.sbcounty.gov\/uploads\/ROV\/Elections\/2020\/1103\/Measures\/Upland\/Impartial-Upland.pdf\" target=\"_blank\" rel=\"noopener\">Imparcial<\/a><\/td>\n<td>&#8211; <a href=\"https:\/\/www.sbcounty.gov\/uploads\/ROV\/Elections\/2020\/1103\/Measures\/Upland\/AIF-Upland.pdf\" target=\"_blank\" rel=\"noopener\">Argumento a Favor<\/a><br \/>\n&#8211; <a href=\"https:\/\/www.sbcounty.gov\/uploads\/ROV\/Elections\/2020\/1103\/Measures\/Upland\/RebuttalToAIF-Upland.pdf\" target=\"_blank\" rel=\"noopener\">Refutaci\u00f3n del Argumento a Favor<\/a><br \/>\n&#8211; <a href=\"https:\/\/www.sbcounty.gov\/uploads\/ROV\/Elections\/2020\/1103\/Measures\/Upland\/AA-Upland.pdf\" target=\"_blank\" rel=\"noopener\">Argumento en Contra<\/a><br \/>\n&#8211; <a href=\"https:\/\/www.sbcounty.gov\/uploads\/ROV\/Elections\/2020\/1103\/Measures\/Upland\/RebuttalToAA-Upland.pdf\" target=\"_blank\" rel=\"noopener\">Refutaci\u00f3n del Argumento en Contra<\/a><\/td>\n<td>50% + 1<\/td>\n<\/tr>\n<tr>\n<td style=\"text-align: center\">R<\/td>\n<td><a href=\"https:\/\/www.sbcounty.gov\/uploads\/ROV\/Elections\/2020\/1103\/Measures\/Adelanto\/Resolution_Adelanto.pdf\" target=\"_blank\" rel=\"noopener\">Ciudad de Adelanto<\/a><\/td>\n<td><a href=\"https:\/\/www.sbcounty.gov\/uploads\/ROV\/Elections\/2020\/1103\/Measures\/Adelanto\/Ordinance_Adelanto.pdf\" target=\"_blank\" rel=\"noopener\">Impuesto Parcelario Especial<\/a><\/td>\n<td><a href=\"https:\/\/www.sbcounty.gov\/uploads\/ROV\/Elections\/2020\/1103\/Measures\/Adelanto\/Impartial-Adelanto.pdf\" target=\"_blank\" rel=\"noopener\">Imparcial<\/a><\/td>\n<td>&#8211; <a href=\"https:\/\/www.sbcounty.gov\/uploads\/ROV\/Elections\/2020\/1103\/Measures\/Adelanto\/AIF-Adelanto.pdf\" target=\"_blank\" rel=\"noopener\">Argumento a Favor<\/a><br \/>\n&#8211; No se present\u00f3 ning\u00fan Argumento en Contra de la medida<\/td>\n<td>2\/3<\/td>\n<\/tr>\n<tr>\n<td style=\"text-align: center\">S<\/td>\n<td><a href=\"https:\/\/www.sbcounty.gov\/uploads\/ROV\/Elections\/2020\/1103\/Measures\/SanBernardino\/Resolution_SanBernardinoCity.pdf\" target=\"_blank\" rel=\"noopener\">Ciudad de San Bernardino<\/a><\/td>\n<td><a href=\"https:\/\/www.sbcounty.gov\/uploads\/ROV\/Elections\/2020\/1103\/Measures\/SanBernardino\/Ordinance_SanBernardinoCity.pdf\" target=\"_blank\" rel=\"noopener\">Impuesto sobre Transacciones y Compras en Otra Jurisdicci\u00f3n<\/a><\/td>\n<td><a href=\"https:\/\/www.sbcounty.gov\/uploads\/ROV\/Elections\/2020\/1103\/Measures\/SanBernardino\/Impartial-SanBernardinoCity.pdf\" target=\"_blank\" rel=\"noopener\">Imparcial<\/a><\/td>\n<td>&#8211; <a href=\"https:\/\/www.sbcounty.gov\/uploads\/ROV\/Elections\/2020\/1103\/Measures\/SanBernardino\/AIF-SanBernardinoCity.pdf\" target=\"_blank\" rel=\"noopener\">Argumento a Favor<\/a><br \/>\n&#8211; No se present\u00f3 ning\u00fan Argumento en Contra de la medida<\/td>\n<td>50% + 1<\/td>\n<\/tr>\n<tr>\n<td style=\"text-align: center\">T<\/td>\n<td><a href=\"https:\/\/www.sbcounty.gov\/uploads\/ROV\/Elections\/2020\/1103\/Measures\/Redlands\/Resolution-Redlands.pdf\" target=\"_blank\" rel=\"noopener\">Ciudad de Redlands<\/a><\/td>\n<td><a href=\"https:\/\/www.sbcounty.gov\/uploads\/ROV\/Elections\/2020\/1103\/Measures\/Redlands\/Ordinance-Redlands.pdf\" target=\"_blank\" rel=\"noopener\">Impuesto sobre Transacciones y Compras en Otra Jurisdicci\u00f3n<\/a><\/td>\n<td><a href=\"https:\/\/www.sbcounty.gov\/uploads\/ROV\/Elections\/2020\/1103\/Measures\/Redlands\/Impartial-Redlands.pdf\" target=\"_blank\" rel=\"noopener\">Imparcial<\/a><\/td>\n<td>&#8211; <a href=\"https:\/\/www.sbcounty.gov\/uploads\/ROV\/Elections\/2020\/1103\/Measures\/Redlands\/AIF-Redlands.pdf\" target=\"_blank\" rel=\"noopener\">Argumento a Favor<\/a><br \/>\n&#8211; <a href=\"https:\/\/www.sbcounty.gov\/uploads\/ROV\/Elections\/2020\/1103\/Measures\/Redlands\/RebuttalToAIF-Redlands.pdf\" target=\"_blank\" rel=\"noopener\">Refutaci\u00f3n del Argumento a Favor<\/a><br \/>\n&#8211; <a href=\"https:\/\/www.sbcounty.gov\/uploads\/ROV\/Elections\/2020\/1103\/Measures\/Redlands\/AA-Redlands.pdf\" target=\"_blank\" rel=\"noopener\">Argumento en Contra<\/a><br \/>\n&#8211; <a href=\"https:\/\/www.sbcounty.gov\/uploads\/ROV\/Elections\/2020\/1103\/Measures\/Redlands\/RebuttalToAA-Redlands.pdf\" target=\"_blank\" rel=\"noopener\">Refutaci\u00f3n del Argumento en Contra<\/a><\/td>\n<td>50% + 1<\/td>\n<\/tr>\n<tr>\n<td style=\"text-align: center\"><a href=\"https:\/\/www.sbcounty.gov\/uploads\/ROV\/Elections\/2020\/1103\/Measures\/SBCountyFire\/NoticeOfElection-FireInitiative.pdf\" target=\"_blank\" rel=\"noopener\">U<\/a><\/td>\n<td><a href=\"https:\/\/www.sbcounty.gov\/uploads\/ROV\/Elections\/2020\/1103\/Measures\/SBCountyFire\/Resolution-FireInitiative.pdf\" target=\"_blank\" rel=\"noopener\">Distrito de Protecci\u00f3n contra Incendios del Condado de San Bernardino<\/a><\/td>\n<td><a href=\"https:\/\/www.sbcounty.gov\/uploads\/ROV\/Elections\/2020\/1103\/Measures\/SBCountyFire\/FullText-FireInitiative.pdf\" target=\"_blank\" rel=\"noopener\">Revocaci\u00f3n del Impuesto Especial<\/a><\/td>\n<td><a href=\"https:\/\/www.sbcounty.gov\/uploads\/ROV\/Elections\/2020\/1103\/Measures\/SBCountyFire\/ImpartialAnalysis_FireInitiative.pdf\" target=\"_blank\" rel=\"noopener\">Imparcial<\/a><\/td>\n<td>&#8211; <a href=\"https:\/\/www.sbcounty.gov\/uploads\/ROV\/Elections\/2020\/1103\/Measures\/SBCountyFire\/AIF-FireInitiative.pdf\" target=\"_blank\" rel=\"noopener\">Argumento a Favor<\/a><br \/>\n&#8211; <a href=\"https:\/\/www.sbcounty.gov\/uploads\/ROV\/Elections\/2020\/1103\/Measures\/SBCountyFire\/RAIF-FireInitiative.pdf\" target=\"_blank\" rel=\"noopener\">Refutaci\u00f3n del Argumento a Favor<\/a><br \/>\n&#8211; <a href=\"https:\/\/www.sbcounty.gov\/uploads\/ROV\/Elections\/2020\/1103\/Measures\/SBCountyFire\/AA-FireInitiative.pdf\" target=\"_blank\" rel=\"noopener\">Argumento en Contra<\/a><br \/>\n&#8211; <a href=\"https:\/\/www.sbcounty.gov\/uploads\/ROV\/Elections\/2020\/1103\/Measures\/SBCountyFire\/RAA-FireInitiative.pdf\" target=\"_blank\" rel=\"noopener\">Refutaci\u00f3n del Argumento en Contra<\/a><\/td>\n<td>50% + 1<\/td>\n<\/tr>\n<tr>\n<td style=\"text-align: center\"><a href=\"https:\/\/www.sbcounty.gov\/uploads\/ROV\/Elections\/2020\/1103\/Measures\/SVLCSD\/NoticeOfElection-SVLCSD.pdf\" target=\"_blank\" rel=\"noopener\">V<\/a><\/td>\n<td><a href=\"https:\/\/www.sbcounty.gov\/uploads\/ROV\/Elections\/2020\/1103\/Measures\/SVLCSD\/Resolution-SVLCSD.pdf\" target=\"_blank\" rel=\"noopener\">Distrito de Servicios Comunitarios de Spring Valley Lake<\/a> (propuesta)<\/td>\n<td><a href=\"https:\/\/www.sbcounty.gov\/uploads\/ROV\/Elections\/2020\/1103\/Measures\/SVLCSD\/Maps-SVLCSD.pdf\" target=\"_blank\" rel=\"noopener\">Formaci\u00f3n de Distritos<\/a><\/td>\n<td><a href=\"https:\/\/www.sbcounty.gov\/uploads\/ROV\/Elections\/2020\/1103\/Measures\/SVLCSD\/ImpartialAnalysis-SVLCSD.pdf\" target=\"_blank\" rel=\"noopener\">Imparcial<\/a><\/td>\n<td>&#8211; No se present\u00f3 ning\u00fan Argumento a Favor de la medida<br \/>\n&#8211; <a href=\"https:\/\/www.sbcounty.gov\/uploads\/ROV\/Elections\/2020\/1103\/Measures\/SVLCSD\/AA-SVLCSD.pdf\" target=\"_blank\" rel=\"noopener\">Argumento en Contra<\/a><\/td>\n<td>50% + 1<\/td>\n<\/tr>\n<tr>\n<td style=\"text-align: center\"><a href=\"https:\/\/www.sbcounty.gov\/uploads\/ROV\/Elections\/2020\/1103\/Measures\/WrightwoodCSD\/NoticeOfElection-WrightwoodCSD.pdf\" target=\"_blank\" rel=\"noopener\">W<\/a><\/td>\n<td><a href=\"https:\/\/www.sbcounty.gov\/uploads\/ROV\/Elections\/2020\/1103\/Measures\/WrightwoodCSD\/Resolution-WrightwoodCSD.pdf\" target=\"_blank\" rel=\"noopener\">Distrito de Servicios Comunitarios Wrightwood<\/a><\/td>\n<td>L\u00edmite de Apropiaciones<\/td>\n<td><a href=\"https:\/\/www.sbcounty.gov\/uploads\/ROV\/Elections\/2020\/1103\/Measures\/WrightwoodCSD\/ImpartialAnalysis-WrightwoodCSD.pdf\" target=\"_blank\" rel=\"noopener\">Imparcial<\/a><\/td>\n<td>&#8211; <a href=\"https:\/\/www.sbcounty.gov\/uploads\/ROV\/Elections\/2020\/1103\/Measures\/WrightwoodCSD\/AIF-WrightwoodCSD.pdf\" target=\"_blank\" rel=\"noopener\">Argumento a Favor<\/a><br \/>\n&#8211; No se present\u00f3 ning\u00fan Argumento en Contra de la medida<\/td>\n<td>50% + 1<\/td>\n<\/tr>\n<\/tbody>\n<\/table>\n<p>&nbsp;<\/p>\n<ul>\n<li style=\"list-style-type: none\"><strong>Avisos P\u00fablicos y Formularios Relacionados:<\/strong>\n<ul>\n<li><a href=\"https:\/\/www.sbcounty.gov\/uploads\/ROV\/News\/2020\/1103\/PublicNotice_LocalMeasureLetterAssignment.pdf\" target=\"_blank\" rel=\"noopener\">Aviso P\u00fablico &#8211; Asignaci\u00f3n de Letras de Medidas<\/a>\u00a0[pdf]<\/li>\n<li><a href=\"https:\/\/www.sbcounty.gov\/uploads\/ROV\/Elections\/2020\/1103\/Measures\/Form_9600StatementByProponents.pdf\" target=\"_blank\" rel=\"noopener\">Declaraci\u00f3n de los Proponentes\/Autores de los Argumentos (Formulario 9600)<\/a> [pdf]<\/li>\n<li><a href=\"https:\/\/elections.sbcounty.gov\/es\/Elections\/Measures\/\">Informaci\u00f3n General sobre las Medidas<\/a><\/li>\n<\/ul>\n<\/li>\n<\/ul>\n<\/div>\n\n  <\/section>\n\n\t","protected":false},"excerpt":{"rendered":"<p>Elecciones Generales Presidenciales de 2020 \u2013 Medidas Letra Jurisdicci\u00f3n Descripci\u00f3n de la Medida An\u00e1lisis Argumentos Porcentaje para ser Aprobada J Condado de San Bernardino Revisi\u00f3n del Estatuto del Condado Resumen Imparcial &#8211; Argumento a Favor &#8211; Refutaci\u00f3n del Argumento a Favor &#8211; Argumento en Contra &#8211; Refutaci\u00f3n del Argumento en<span class=\"ellipsis\">&#8230;<\/span><\/p>\n","protected":false},"author":19,"featured_media":37382,"parent":42825,"menu_order":0,"comment_status":"closed","ping_status":"closed","template":"templates\/rov-full-width-no-title-template.php","meta":{"_acf_changed":false,"footnotes":""},"class_list":["post-42852","page","type-page","status-publish","has-post-thumbnail","hentry"],"acf":[],"_links":{"self":[{"href":"https:\/\/elections.sbcounty.gov\/es\/wp-json\/wp\/v2\/pages\/42852","targetHints":{"allow":["GET"]}}],"collection":[{"href":"https:\/\/elections.sbcounty.gov\/es\/wp-json\/wp\/v2\/pages"}],"about":[{"href":"https:\/\/elections.sbcounty.gov\/es\/wp-json\/wp\/v2\/types\/page"}],"author":[{"embeddable":true,"href":"https:\/\/elections.sbcounty.gov\/es\/wp-json\/wp\/v2\/users\/19"}],"replies":[{"embeddable":true,"href":"https:\/\/elections.sbcounty.gov\/es\/wp-json\/wp\/v2\/comments?post=42852"}],"version-history":[{"count":0,"href":"https:\/\/elections.sbcounty.gov\/es\/wp-json\/wp\/v2\/pages\/42852\/revisions"}],"up":[{"embeddable":true,"href":"https:\/\/elections.sbcounty.gov\/es\/wp-json\/wp\/v2\/pages\/42825"}],"wp:featuredmedia":[{"embeddable":true,"href":"https:\/\/elections.sbcounty.gov\/es\/wp-json\/wp\/v2\/media\/37382"}],"wp:attachment":[{"href":"https:\/\/elections.sbcounty.gov\/es\/wp-json\/wp\/v2\/media?parent=42852"}],"curies":[{"name":"wp","href":"https:\/\/api.w.org\/{rel}","templated":true}]}}