{"id":42795,"date":"2022-01-04T19:19:22","date_gmt":"2022-01-04T19:19:22","guid":{"rendered":"https:\/\/www.elections.sbcounty.gov\/?page_id=42795"},"modified":"2024-06-26T15:30:48","modified_gmt":"2024-06-26T22:30:48","slug":"sov","status":"publish","type":"page","link":"https:\/\/elections.sbcounty.gov\/es\/elections\/2020\/0303\/sov\/","title":{"rendered":"Declaraci\u00f3n de Votos Emitidos por Distrito Electoral \u2013 Elecciones Primarias Presidenciales de 2020"},"content":{"rendered":"  <section data-isd-block-id=\"rov-content-blockblock_03e2f515e1c1cb3af65a6952059aa7ed\"\n\t\t\t\t\t\t\t\t\t\t \t\t\t\t\t\t\t\t\t\t\t class=\"card-style main-content-wrapper rov-card-style mb-4\">\n\n\t<h2 class=\"block-subtitle blue\">Archivo de Declaraci\u00f3n de Votos Emitidos por Distrito Electoral \u2013 Elecciones Primarias Presidenciales de 2020<\/h2>\n\n\t<div class=\"ctnr-block-content\"><table class=\"sovTable\">\n<thead>\n<tr class=\"sovHeader\">\n<th><strong>Contienda<\/strong><\/th>\n<th><strong>N\u00famero de P\u00e1gina<\/strong><\/th>\n<\/tr>\n<\/thead>\n<tbody>\n<tr class=\"sovRow\">\n<td><a href=\"https:\/\/www.sbcounty.gov\/uploads\/rov\/Elections\/2020\/0303\/sov\/1Voter_Turnout_by_Precinct.pdf\" target=\"_blank\" rel=\"noopener\">Participaci\u00f3n de los Votantes por Distrito Electoral<\/a> [pdf]<\/td>\n<td>1<\/td>\n<\/tr>\n<tr class=\"sovRow\">\n<td><a href=\"https:\/\/www.sbcounty.gov\/uploads\/rov\/Elections\/2020\/0303\/sov\/88Democratic_Presidential_Preference_(Vote_for_1).pdf\" target=\"_blank\" rel=\"noopener\">Preferencia Presidencial Dem\u00f3cratica (Vote por 1)<\/a> [pdf]<\/td>\n<td>88<\/td>\n<\/tr>\n<tr class=\"sovRow\">\n<td><a href=\"https:\/\/www.sbcounty.gov\/uploads\/rov\/Elections\/2020\/0303\/sov\/568Republican_Presedential_Preference_(Vote_for_1)_REP.pdf\" target=\"_blank\" rel=\"noopener\">Preferencia Presidencial Republicana (Vote por 1) REP<\/a> [pdf]<\/td>\n<td>568<\/td>\n<\/tr>\n<tr class=\"sovRow\">\n<td><a href=\"https:\/\/www.sbcounty.gov\/uploads\/rov\/Elections\/2020\/0303\/sov\/856American_Independent_Presidential_Preference_(Vote_for_1)_AI.pdf\" target=\"_blank\" rel=\"noopener\">Preferencia Presidencial Independiente De America (Vote por 1) AI<\/a> [pdf]<\/td>\n<td>856<\/td>\n<\/tr>\n<tr class=\"sovRow\">\n<td><a href=\"https:\/\/www.sbcounty.gov\/uploads\/rov\/Elections\/2020\/0303\/sov\/1048Green_Party_Presidential_Preference_(Vote_for_1)_GRN.pdf\" target=\"_blank\" rel=\"noopener\">Preferencia Presidencial Del Partido Verde (Vote por 1) GRN<\/a> [pdf]<\/td>\n<td>1048<\/td>\n<\/tr>\n<tr class=\"sovRow\">\n<td><a href=\"https:\/\/www.sbcounty.gov\/uploads\/rov\/Elections\/2020\/0303\/sov\/1240Libertarian_Presidential_Preference_(Vote_for_1)_LIB.pdf\" target=\"_blank\" rel=\"noopener\">Preferencia Presidencial Libertario (Vote por 1) LIB<\/a> [pdf]<\/td>\n<td>1240<\/td>\n<\/tr>\n<tr class=\"sovRow\">\n<td><a href=\"https:\/\/www.sbcounty.gov\/uploads\/rov\/Elections\/2020\/0303\/sov\/1624Peace_and_Freedom_Presidential_Preference_(Vote_for_1)_PF.pdf\" target=\"_blank\" rel=\"noopener\">Preferencia Presidencial de Paz y Libertad (Vote por 1) PF<\/a> [pdf]<\/td>\n<td>1624<\/td>\n<\/tr>\n<tr class=\"sovRow\">\n<td><a href=\"https:\/\/www.sbcounty.gov\/uploads\/rov\/Elections\/2020\/0303\/sov\/1816United_States_Representative_District_8_(Vote_for_1).pdf\" target=\"_blank\" rel=\"noopener\">Representante de Estados Unidos, Distrito 8 (Vote por 1)<\/a> [pdf]<\/td>\n<td>1816<\/td>\n<\/tr>\n<tr class=\"sovRow\">\n<td><a href=\"https:\/\/www.sbcounty.gov\/uploads\/rov\/Elections\/2020\/0303\/sov\/1981United_States_Representative_District_27_(Vote_for_1).pdf\" target=\"_blank\" rel=\"noopener\">Representante de Estados Unidos, Distrito 27 (Vote por 1)<\/a> [pdf]<\/td>\n<td>1981<\/td>\n<\/tr>\n<tr class=\"sovRow\">\n<td><a href=\"https:\/\/www.sbcounty.gov\/uploads\/rov\/Elections\/2020\/0303\/sov\/1985United_States_Representative_District_31_(Vote_for_1).pdf\" target=\"_blank\" rel=\"noopener\">Representante de Estados Unidos, Distrito 31 (Vote por 1)<\/a> [pdf]<\/td>\n<td>1985<\/td>\n<\/tr>\n<tr class=\"sovRow\">\n<td><a href=\"https:\/\/www.sbcounty.gov\/uploads\/rov\/Elections\/2020\/0303\/sov\/2035United_States_Representative_District_35_(Vote_for_1).pdf\" target=\"_blank\" rel=\"noopener\">Representante de Estados Unidos, Distrito 35 (Vote por 1)<\/a> [pdf]<\/td>\n<td>2035<\/td>\n<\/tr>\n<tr class=\"sovRow\">\n<td><a href=\"https:\/\/www.sbcounty.gov\/uploads\/rov\/Elections\/2020\/0303\/sov\/2063United_States_Representative_District_39_(Vote_for_1).pdf\" target=\"_blank\" rel=\"noopener\">Representante de Estados Unidos, Distrito 39 (Vote por 1)<\/a> [pdf]<\/td>\n<td>2063<\/td>\n<\/tr>\n<tr class=\"sovRow\">\n<td><a href=\"https:\/\/www.sbcounty.gov\/uploads\/rov\/Elections\/2020\/0303\/sov\/2069State_Senator_District_21_(Vote_for_1).pdf\" target=\"_blank\" rel=\"noopener\">Senador Estatal, Distrito 21 (Vote por 1)<\/a> [pdf]<\/td>\n<td>2069<\/td>\n<\/tr>\n<tr class=\"sovRow\">\n<td><a href=\"https:\/\/www.sbcounty.gov\/uploads\/rov\/Elections\/2020\/0303\/sov\/2097State_Senator_District_23_(Vote_for_1).pdf\" target=\"_blank\" rel=\"noopener\">Senador Estatal, Distrito 23 (Vote por 1)<\/a> [pdf]<\/td>\n<td>2097<\/td>\n<\/tr>\n<tr class=\"sovRow\">\n<td><a href=\"https:\/\/www.sbcounty.gov\/uploads\/rov\/Elections\/2020\/0303\/sov\/2175State_Senator_District_25_(Vote_for_1).pdf\" target=\"_blank\" rel=\"noopener\">Senador Estatal, Distrito 25 (Vote por 1)<\/a> [pdf]<\/td>\n<td>2175<\/td>\n<\/tr>\n<tr class=\"sovRow\">\n<td><a href=\"https:\/\/www.sbcounty.gov\/uploads\/rov\/Elections\/2020\/0303\/sov\/2181State_Senator_District_29_(Vote_for_1).pdf\" target=\"_blank\" rel=\"noopener\">Senador Estatal, Distrito 29 (Vote por 1)<\/a> [pdf]<\/td>\n<td>2181<\/td>\n<\/tr>\n<tr class=\"sovRow\">\n<td><a href=\"https:\/\/www.sbcounty.gov\/uploads\/rov\/Elections\/2020\/0303\/sov\/2187Member_of_the_State_Assembly_District_33_(Vote_for_1).pdf\" target=\"_blank\" rel=\"noopener\">Miembro de la Asamblea del Estado, Distrito 33 (Vote por 1)<\/a> [pdf]<\/td>\n<td>2187<\/td>\n<\/tr>\n<tr class=\"sovRow\">\n<td><a href=\"https:\/\/www.sbcounty.gov\/uploads\/rov\/Elections\/2020\/0303\/sov\/2301Member_of_the_State_Assembly_District_36_(Vote_for_1).pdf\" target=\"_blank\" rel=\"noopener\">Miembro de la Asamblea del Estado, Distrito 36 (Vote por 1)<\/a> [pdf]<\/td>\n<td>2301<\/td>\n<\/tr>\n<tr class=\"sovRow\">\n<td><a href=\"https:\/\/www.sbcounty.gov\/uploads\/rov\/Elections\/2020\/0303\/sov\/2304Member_of_the_State_Assembly_District_40_(Vote_for_1).pdf\" target=\"_blank\" rel=\"noopener\">Miembro de la Asamblea del Estado, Distrito 40 (Vote por 1)<\/a> [pdf]<\/td>\n<td>2304<\/td>\n<\/tr>\n<tr class=\"sovRow\">\n<td><a href=\"https:\/\/www.sbcounty.gov\/uploads\/rov\/Elections\/2020\/0303\/sov\/2344Member_of_the_State_Assembly_District_41_(Vote_for_1).pdf\" target=\"_blank\" rel=\"noopener\">Miembro de la Asamblea del Estado, Distrito 41 (Vote por 1)<\/a> [pdf]<\/td>\n<td>2344<\/td>\n<\/tr>\n<tr class=\"sovRow\">\n<td><a href=\"https:\/\/www.sbcounty.gov\/uploads\/rov\/Elections\/2020\/0303\/sov\/2352Member_of_the_State_Assembly_District_42_(Vote_for_1).pdf\" target=\"_blank\" rel=\"noopener\">Miembro de la Asamblea del Estado, Distrito 42 (Vote por 1)<\/a> [pdf]<\/td>\n<td>2352<\/td>\n<\/tr>\n<tr class=\"sovRow\">\n<td><a href=\"https:\/\/www.sbcounty.gov\/uploads\/rov\/Elections\/2020\/0303\/sov\/2376Member_of_the_State_Assembly_District_47_(Vote_for_1).pdf\" target=\"_blank\" rel=\"noopener\">Miembro de la Asamblea del Estado, Distrito 47 (Vote por 1)<\/a> [pdf]<\/td>\n<td>2376<\/td>\n<\/tr>\n<tr class=\"sovRow\">\n<td><a href=\"https:\/\/www.sbcounty.gov\/uploads\/rov\/Elections\/2020\/0303\/sov\/2402Member_of_the_State_Assembly_District_52_(Vote_for_1).pdf\" target=\"_blank\" rel=\"noopener\">Miembro de la Asamblea del Estado, Distrito 52 (Vote por 1)<\/a> [pdf]<\/td>\n<td>2402<\/td>\n<\/tr>\n<tr class=\"sovRow\">\n<td><a href=\"https:\/\/www.sbcounty.gov\/uploads\/rov\/Elections\/2020\/0303\/sov\/2422Member_of_the_State_Assembly_District_55_(Vote_for_1).pdf\" target=\"_blank\" rel=\"noopener\">Miembro de la Asamblea del Estado, Distrito 55 (Vote por 1)<\/a> [pdf]<\/td>\n<td>2422<\/td>\n<\/tr>\n<tr class=\"sovRow\">\n<td><a href=\"https:\/\/www.sbcounty.gov\/uploads\/rov\/Elections\/2020\/0303\/sov\/2428Democratic_Central_Committee_Assembly_District_33_(Vote_for_6)_DEM.pdf\" target=\"_blank\" rel=\"noopener\">Comit\u00e9 Central Dem\u00f3crata, Distrito de Asamblea 33 (Vote por 6) DEM<\/a> [pdf]<\/td>\n<td>2428<\/td>\n<\/tr>\n<tr class=\"sovRow\">\n<td><a href=\"https:\/\/www.sbcounty.gov\/uploads\/rov\/Elections\/2020\/0303\/sov\/2542Democratic_Central_Committee_Assembly_District_40_(Vote_for_6)_DEM.pdf\" target=\"_blank\" rel=\"noopener\">Comit\u00e9 Central Dem\u00f3crata, Distrito de Asamblea 40 (Vote por 6) DEM<\/a> [pdf]<\/td>\n<td>2542<\/td>\n<\/tr>\n<tr class=\"sovRow\">\n<td><a href=\"https:\/\/www.sbcounty.gov\/uploads\/rov\/Elections\/2020\/0303\/sov\/2622Democratic_Central_Committee_Assembly_District_42_(Vote_for_6)_DEM.pdf\" target=\"_blank\" rel=\"noopener\">Comit\u00e9 Central Dem\u00f3crata, Distrito de Asamblea 42 (Vote por 6) DEM<\/a> [pdf]<\/td>\n<td>2622<\/td>\n<\/tr>\n<tr class=\"sovRow\">\n<td><a href=\"https:\/\/www.sbcounty.gov\/uploads\/rov\/Elections\/2020\/0303\/sov\/2658Democratic_Central_Committee_Assembly_District_47_(Vote_for_6)_DEM.pdf\" target=\"_blank\" rel=\"noopener\">Comit\u00e9 Central Dem\u00f3crata, Distrito de Asamblea 47 (Vote por 6) DEM<\/a> [pdf]<\/td>\n<td>2658<\/td>\n<\/tr>\n<tr class=\"sovRow\">\n<td><a href=\"https:\/\/www.sbcounty.gov\/uploads\/rov\/Elections\/2020\/0303\/sov\/2710Democratic_Central_Committee_Assembly_District_52_(Vote_for_6)_DEM.pdf\" target=\"_blank\" rel=\"noopener\">Comit\u00e9 Central Dem\u00f3crata, Distrito de Asamblea 52 (Vote por 6) DEM<\/a> [pdf]<\/td>\n<td>2710<\/td>\n<\/tr>\n<tr class=\"sovRow\">\n<td><a href=\"https:\/\/www.sbcounty.gov\/uploads\/rov\/Elections\/2020\/0303\/sov\/2740Republican_Central_Committee_District_1_(Vote_for_7)_REP.pdf\" target=\"_blank\" rel=\"noopener\">Comit\u00e9 Central Republicano, Distrito 1 (Vote por 7) REP<\/a> [pdf]<\/td>\n<td>2740<\/td>\n<\/tr>\n<tr class=\"sovRow\">\n<td><a href=\"https:\/\/www.sbcounty.gov\/uploads\/rov\/Elections\/2020\/0303\/sov\/2812Republican_Central_Committee_District_4_(Vote_for_6)_REP.pdf\" target=\"_blank\" rel=\"noopener\">Comit\u00e9 Central Republicano, Distrito 4 (Vote por 6) REP<\/a> [pdf]<\/td>\n<td>2812<\/td>\n<\/tr>\n<tr class=\"sovRow\">\n<td><a href=\"https:\/\/www.sbcounty.gov\/uploads\/rov\/Elections\/2020\/0303\/sov\/2836Judge_of_The_Superior_Court_Office_1_(Vote_for_1).pdf\" target=\"_blank\" rel=\"noopener\">Juez de la Corte Superior, Oficina 1 (Vote por 1)<\/a> [pdf]<\/td>\n<td>2836<\/td>\n<\/tr>\n<tr class=\"sovRow\">\n<td><a href=\"https:\/\/www.sbcounty.gov\/uploads\/rov\/Elections\/2020\/0303\/sov\/3028Judge_of_The_Superior_Court_Office_16_(Vote_for_1).pdf\" target=\"_blank\" rel=\"noopener\">Juez de la Corte Superior, Oficina 16 (Vote por 1)<\/a> [pdf]<\/td>\n<td>3028<\/td>\n<\/tr>\n<tr class=\"sovRow\">\n<td><a href=\"https:\/\/www.sbcounty.gov\/uploads\/rov\/Elections\/2020\/0303\/sov\/3220Chaffey_Community_College_District_Governing_Board_Area_3_(Vote_for_1).pdf\" target=\"_blank\" rel=\"noopener\">Distrito de Colegios Comunitarios Chaffey Junta Gobernante \u00c1rea 3 (Vote por 1)<\/a> [pdf]<\/td>\n<td>3220<\/td>\n<\/tr>\n<tr class=\"sovRow\">\n<td><a href=\"https:\/\/www.sbcounty.gov\/uploads\/rov\/Elections\/2020\/0303\/sov\/3226Chaffey_Community_College_District_Governing_Board_Area_5_(Vote_for_1).pdf\" target=\"_blank\" rel=\"noopener\">Distrito de Colegios Comunitarios Chaffey Junta Gobernante \u00c1rea 5 (Vote por 1)<\/a>[pdf]<\/td>\n<td>3226<\/td>\n<\/tr>\n<tr class=\"sovRow\">\n<td><a href=\"https:\/\/www.sbcounty.gov\/uploads\/rov\/Elections\/2020\/0303\/sov\/3238Baker_Valley_Unified_School_District_Governing_Board_(Vote_for_2).pdf\" target=\"_blank\" rel=\"noopener\">Distrito Escolar Unificado Baker Valley, Junta Gobernante (Vote por 2)<\/a> [pdf]<\/td>\n<td>3238<\/td>\n<\/tr>\n<tr class=\"sovRow\">\n<td><a href=\"https:\/\/www.sbcounty.gov\/uploads\/rov\/Elections\/2020\/0303\/sov\/3240Board_of_Supervisors_District_1_(Vote_for_1).pdf\" target=\"_blank\" rel=\"noopener\">Junta de Supervisores, Distrito 1 (Vote por 1)<\/a> [pdf]<\/td>\n<td>3240<\/td>\n<\/tr>\n<tr class=\"sovRow\">\n<td><a href=\"https:\/\/www.sbcounty.gov\/uploads\/rov\/Elections\/2020\/0303\/sov\/3288Board_of_Supervisors_District_3_(Vote_for_1).pdf\" target=\"_blank\" rel=\"noopener\">Junta de Supervisores, Distrito 3 (Vote por 1)<\/a> [pdf]<\/td>\n<td>3288<\/td>\n<\/tr>\n<tr class=\"sovRow\">\n<td><a href=\"https:\/\/www.sbcounty.gov\/uploads\/rov\/Elections\/2020\/0303\/sov\/3344Board_of_Supervisors_District_5_(Vote_for_1).pdf\" target=\"_blank\" rel=\"noopener\">Junta de Supervisores, Distrito 5 (Vote por 1)<\/a> [pdf]<\/td>\n<td>3344<\/td>\n<\/tr>\n<tr class=\"sovRow\">\n<td><a href=\"https:\/\/www.sbcounty.gov\/uploads\/rov\/Elections\/2020\/0303\/sov\/3366City_of_Loma_Linda_City_Council_(Vote_for_3).pdf\" target=\"_blank\" rel=\"noopener\">Concejo Municipal de la Ciudad de Loma Linda (Vote por 3)<\/a> [pdf]<\/td>\n<td>3366<\/td>\n<\/tr>\n<tr class=\"sovRow\">\n<td><a href=\"https:\/\/www.sbcounty.gov\/uploads\/rov\/Elections\/2020\/0303\/sov\/3370City_of_San_Bernardino_City_Council_Ward_3_(Vote_for_1).pdf\" target=\"_blank\" rel=\"noopener\">Concejo Municipal de la Ciudad de San Bernardino, Distrito Electoral 3 (Vote por 1)<\/a> [pdf]<\/td>\n<td>3370<\/td>\n<\/tr>\n<tr class=\"sovRow\">\n<td><a href=\"https:\/\/www.sbcounty.gov\/uploads\/rov\/Elections\/2020\/0303\/sov\/3374City_of_San_Bernardino_City_Council_Ward_5_(Vote_for_1).pdf\" target=\"_blank\" rel=\"noopener\">Concejo Municipal de la Ciudad de San Bernardino, Distrito Electoral 5 (Vote por 1)<\/a> [pdf]<\/td>\n<td>3374<\/td>\n<\/tr>\n<tr class=\"sovRow\">\n<td><a href=\"https:\/\/www.sbcounty.gov\/uploads\/rov\/Elections\/2020\/0303\/sov\/3376City_of_San_Bernardino_City_Council_Ward_6_(Vote_for_1).pdf\" target=\"_blank\" rel=\"noopener\">Concejo Municipal de la Ciudad de San Bernardino, Distrito Electoral 6 (Vote por 1)<\/a> [pdf]<\/td>\n<td>3376<\/td>\n<\/tr>\n<tr class=\"sovRow\">\n<td><a href=\"https:\/\/www.sbcounty.gov\/uploads\/rov\/Elections\/2020\/0303\/sov\/3378City_of_San_Bernardino_City_Council_Ward_7_(Vote_for_1).pdf\" target=\"_blank\" rel=\"noopener\">Concejo Municipal de la Ciudad de San Bernardino, Distrito Electoral 7 (Vote por 1)<\/a> [pdf]<\/td>\n<td>3378<\/td>\n<\/tr>\n<tr class=\"sovRow\">\n<td><a href=\"https:\/\/www.sbcounty.gov\/uploads\/rov\/Elections\/2020\/0303\/sov\/3380Proposition_13_(Vote_for_1).pdf\" target=\"_blank\" rel=\"noopener\">Propuesta 13 (Vote por 1)<\/a> [pdf]<\/td>\n<td>3380<\/td>\n<\/tr>\n<tr class=\"sovRow\">\n<td><a href=\"https:\/\/www.sbcounty.gov\/uploads\/rov\/Elections\/2020\/0303\/sov\/3572Measure_Z,_Mountain_View_School_District_School_Facilities_Improvement_District_No._3_(Vote_for_1).pdf\" target=\"_blank\" rel=\"noopener\">Medida Z, Mejora de Instalaciones Escolares en el Distrito Escolar Mountain View, Distrito N\u00famero 3 (Vote por 1)<\/a> [pdf]<\/td>\n<td>3572<\/td>\n<\/tr>\n<tr class=\"sovRow\">\n<td><a href=\"https:\/\/www.sbcounty.gov\/uploads\/rov\/Elections\/2020\/0303\/sov\/3574Measure_A,_Rim_of_The_World_Unified_School_District_(Vote_for_1).pdf\" target=\"_blank\" rel=\"noopener\">Medida A, Distrito Escolar Unificado Rim of The World (Vote por 1)<\/a> [pdf]<\/td>\n<td>3574<\/td>\n<\/tr>\n<tr class=\"sovRow\">\n<td><a href=\"https:\/\/www.sbcounty.gov\/uploads\/rov\/Elections\/2020\/0303\/sov\/3592Measure_B,_Beaumont_Unified_School_District_(Vote_for_1).pdf\" target=\"_blank\" rel=\"noopener\">Medida B, Distrito Escolar Unificado Beaumont (Vote por 1)<\/a> [pdf]<\/td>\n<td>3592<\/td>\n<\/tr>\n<tr class=\"sovRow\">\n<td><a href=\"https:\/\/www.sbcounty.gov\/uploads\/rov\/Elections\/2020\/0303\/sov\/3594Measure_C,_Morongo_Unified_School_District_(Vote_for_1).pdf\" target=\"_blank\" rel=\"noopener\">Medida C, Distrito Escolar Unificado Morongo (Vote por 1)<\/a> [pdf]<\/td>\n<td>3594<\/td>\n<\/tr>\n<tr class=\"sovRow\">\n<td><a href=\"https:\/\/www.sbcounty.gov\/uploads\/rov\/Elections\/2020\/0303\/sov\/3612Measure_D,_Victor_Elementary_School_District_(Vote_for_1).pdf\" target=\"_blank\" rel=\"noopener\">Medida D, Distrito de Escuelas Primarias Victor (Vote por 1)<\/a> [pdf]<\/td>\n<td>3612<\/td>\n<\/tr>\n<tr class=\"sovRow\">\n<td><a href=\"https:\/\/www.sbcounty.gov\/uploads\/rov\/Elections\/2020\/0303\/sov\/3618Measure_E,_City_of_Yucaipa_(Vote_for_1).pdf\" target=\"_blank\" rel=\"noopener\">Medida E, Ciudad de Yucaipa (Vote por 1)<\/a> [pdf]<\/td>\n<td>3618<\/td>\n<\/tr>\n<tr class=\"sovRow\">\n<td><a href=\"https:\/\/www.sbcounty.gov\/uploads\/rov\/Elections\/2020\/0303\/sov\/3622Measure_F,_City_of_Barstow_(Vote_for_1).pdf\" target=\"_blank\" rel=\"noopener\">Medida F, Ciudad de Barstow (Vote por 1)<\/a> [pdf]<\/td>\n<td>3622<\/td>\n<\/tr>\n<tr class=\"sovRow\">\n<td><a href=\"https:\/\/www.sbcounty.gov\/uploads\/rov\/Elections\/2020\/0303\/sov\/3626Measure_G,_City_of_Redlands_(Vote_for_1).pdf\" target=\"_blank\" rel=\"noopener\">Medida G, Ciudad de Redlands (Vote por 1)<\/a> [pdf]<\/td>\n<td>3626<\/td>\n<\/tr>\n<tr class=\"sovRow\">\n<td><a href=\"https:\/\/www.sbcounty.gov\/uploads\/rov\/Elections\/2020\/0303\/sov\/3632Measure_H,_San_Bernardino_Mountains_Community_Hospital_District_(Vote_for_1).pdf\" target=\"_blank\" rel=\"noopener\">Medida H, Distrito del Mountains Community Hospital de San Bernardino (Vote por 1)<\/a> [pdf]<\/td>\n<td>3632<\/td>\n<\/tr>\n<tr class=\"sovRow\">\n<td><a href=\"https:\/\/www.sbcounty.gov\/uploads\/rov\/Elections\/2020\/0303\/sov\/3642Measure_I,_Big_Bear_Fire_Authority_Community_Facilities_District_2019-1_(Vote_for_1).pdf\" target=\"_blank\" rel=\"noopener\">Medida I, Distrito de Instalaciones Comunitarias de la Autoridad de Bomberos de Big Bear 2019-1 (Vote por 1)<\/a> [pdf]<\/td>\n<td>3642<\/td>\n<\/tr>\n<\/tbody>\n<\/table>\n<p>&nbsp;<\/p>\n<\/div>\n\n  <\/section>\n\n\t","protected":false},"excerpt":{"rendered":"<p>Archivo de Declaraci\u00f3n de Votos Emitidos por Distrito Electoral \u2013 Elecciones Primarias Presidenciales de 2020 Contienda N\u00famero de P\u00e1gina Participaci\u00f3n de los Votantes por Distrito Electoral [pdf] 1 Preferencia Presidencial Dem\u00f3cratica (Vote por 1) [pdf] 88 Preferencia Presidencial Republicana (Vote por 1) REP [pdf] 568 Preferencia Presidencial Independiente De America<span class=\"ellipsis\">&#8230;<\/span><\/p>\n","protected":false},"author":19,"featured_media":37382,"parent":34529,"menu_order":0,"comment_status":"closed","ping_status":"closed","template":"templates\/rov-left-sidebar-no-title-template.php","meta":{"_acf_changed":false,"footnotes":""},"class_list":["post-42795","page","type-page","status-publish","has-post-thumbnail","hentry"],"acf":[],"_links":{"self":[{"href":"https:\/\/elections.sbcounty.gov\/es\/wp-json\/wp\/v2\/pages\/42795","targetHints":{"allow":["GET"]}}],"collection":[{"href":"https:\/\/elections.sbcounty.gov\/es\/wp-json\/wp\/v2\/pages"}],"about":[{"href":"https:\/\/elections.sbcounty.gov\/es\/wp-json\/wp\/v2\/types\/page"}],"author":[{"embeddable":true,"href":"https:\/\/elections.sbcounty.gov\/es\/wp-json\/wp\/v2\/users\/19"}],"replies":[{"embeddable":true,"href":"https:\/\/elections.sbcounty.gov\/es\/wp-json\/wp\/v2\/comments?post=42795"}],"version-history":[{"count":3,"href":"https:\/\/elections.sbcounty.gov\/es\/wp-json\/wp\/v2\/pages\/42795\/revisions"}],"predecessor-version":[{"id":84412,"href":"https:\/\/elections.sbcounty.gov\/es\/wp-json\/wp\/v2\/pages\/42795\/revisions\/84412"}],"up":[{"embeddable":true,"href":"https:\/\/elections.sbcounty.gov\/es\/wp-json\/wp\/v2\/pages\/34529"}],"wp:featuredmedia":[{"embeddable":true,"href":"https:\/\/elections.sbcounty.gov\/es\/wp-json\/wp\/v2\/media\/37382"}],"wp:attachment":[{"href":"https:\/\/elections.sbcounty.gov\/es\/wp-json\/wp\/v2\/media?parent=42795"}],"curies":[{"name":"wp","href":"https:\/\/api.w.org\/{rel}","templated":true}]}}