{"id":42708,"date":"2022-01-04T18:53:14","date_gmt":"2022-01-04T18:53:14","guid":{"rendered":"https:\/\/www.elections.sbcounty.gov\/?page_id=42708"},"modified":"2023-11-13T20:47:45","modified_gmt":"2023-11-14T04:47:45","slug":"measures","status":"publish","type":"page","link":"https:\/\/elections.sbcounty.gov\/es\/elections\/2020\/0303\/measures\/","title":{"rendered":"Elecciones Primarias Presidenciales de 2020 \u2013 Medidas"},"content":{"rendered":"  <section data-isd-block-id=\"rov-content-blockblock_6f1d3f4ab46dbf1981b4fdfe6e81002c\"\n\t\t\t\t\t\t\t\t\t\t \t\t\t\t\t\t\t\t\t\t\t class=\"card-style main-content-wrapper rov-card-style mb-4\">\n\n\t<h2 class=\"block-subtitle blue\">Elecciones Primarias Presidenciales de 2020 \u2013 Medidas<\/h2>\n\n\t<div class=\"ctnr-block-content\"><table class=\"table striped\" style=\"border-collapse: collapse\" border=\"1\">\n<tbody>\n<tr>\n<th><strong>Letra<\/strong><\/th>\n<th><strong>Jurisdicci\u00f3n<\/strong><\/th>\n<th>Descripci\u00f3n de la Medida<\/th>\n<th><strong>An\u00e1lisis<\/strong><\/th>\n<th><strong>Argumentos<\/strong><\/th>\n<th>Porcentaje<br \/>\npara ser Aprobada<\/th>\n<\/tr>\n<tr>\n<td style=\"text-align: center\"><a href=\"https:\/\/www.sbcounty.gov\/uploads\/ROV\/Elections\/2020\/0303\/Measures\/MVSD-SFID3\/PublicNotice_MountainViewSD-SFIDNo3.pdf\" target=\"_blank\" rel=\"noopener\">Z<\/a><\/td>\n<td><a href=\"https:\/\/www.sbcounty.gov\/uploads\/ROV\/Elections\/2020\/0303\/Measures\/MVSD-SFID3\/Resolution_MtnViewSDSFID3.pdf\" target=\"_blank\" rel=\"noopener\">Mejora de Instalaciones Escolares del Distrito N.\u00ba 3 del Distrito Escolar Mountain View<\/a><\/td>\n<td><a href=\"https:\/\/www.sbcounty.gov\/uploads\/ROV\/Elections\/2020\/0303\/Measures\/MVSD-SFID3\/FullText_MtnViewSDSFID3.pdf\" target=\"_blank\" rel=\"noopener\">Propuesta de Bonos<\/a><\/td>\n<td><a href=\"https:\/\/www.sbcounty.gov\/uploads\/ROV\/Elections\/2020\/0303\/Measures\/MVSD-SFID3\/ImpartialAnalysis_MtnViewSD-SFIDNo3.pdf\" target=\"_blank\" rel=\"noopener\">Imparcial<\/a><a><br \/>\n<\/a><br \/>\n<a href=\"https:\/\/www.sbcounty.gov\/uploads\/ROV\/Elections\/2020\/0303\/Measures\/MVSD-SFID3\/TaxRate_MtnViewSDSFID3.pdf\" target=\"_blank\" rel=\"noopener\">Declaraci\u00f3n de la Tasa de Impuestos<\/a><\/td>\n<td>&#8211; No se presentaron Argumentos a Favor ni en Contra de la medida.<\/td>\n<td>55%<\/td>\n<\/tr>\n<tr>\n<td style=\"text-align: center\"><a href=\"https:\/\/www.sbcounty.gov\/uploads\/ROV\/Elections\/2020\/0303\/Measures\/ROTWUSD\/PublicNotice_ROTWUSD.pdf\" target=\"_blank\" rel=\"noopener\">A<\/a><\/td>\n<td><a href=\"https:\/\/www.sbcounty.gov\/uploads\/ROV\/Elections\/2020\/0303\/Measures\/ROTWUSD\/Resolution_ROTWUSD.pdf\" target=\"_blank\" rel=\"noopener\">Distrito Escolar Unificado Rim of the World<\/a><\/td>\n<td><a href=\"https:\/\/www.sbcounty.gov\/uploads\/ROV\/Elections\/2020\/0303\/Measures\/ROTWUSD\/FullText_ROTWUSD.pdf\" target=\"_blank\" rel=\"noopener\">Propuesta de Bonos<\/a><\/td>\n<td><a href=\"https:\/\/www.sbcounty.gov\/uploads\/ROV\/Elections\/2020\/0303\/Measures\/ROTWUSD\/ImpartialAnalysis_ROTWUSD.pdf\" target=\"_blank\" rel=\"noopener\">Imparcial<\/a><a><br \/>\n<\/a><br \/>\n<a href=\"https:\/\/www.sbcounty.gov\/uploads\/ROV\/Elections\/2020\/0303\/Measures\/ROTWUSD\/TaxRate_ROTWUSD.pdf\" target=\"_blank\" rel=\"noopener\">Declaraci\u00f3n de la Tasa de Impuestos<\/a><\/td>\n<td>&#8211;\u00a0<a href=\"https:\/\/www.sbcounty.gov\/uploads\/ROV\/Elections\/2020\/0303\/Measures\/ROTWUSD\/AIF_ROTWUSD.pdf\" target=\"_blank\" rel=\"noopener\">Argumento a Favor<\/a><br \/>\n&#8211; No\u00a0se present\u00f3 ning\u00fan\u00a0Argumento\u00a0en Contra\u00a0de la medida.<\/td>\n<td>55%<\/td>\n<\/tr>\n<tr>\n<td style=\"text-align: center\"><a href=\"https:\/\/www.sbcounty.gov\/uploads\/ROV\/Elections\/2020\/0303\/Measures\/BeaumontUSD\/PublicNotice_BeaumontUSD.pdf\" target=\"_blank\" rel=\"noopener\">B<\/a><\/td>\n<td><a href=\"https:\/\/www.sbcounty.gov\/uploads\/ROV\/Elections\/2020\/0303\/Measures\/BeaumontUSD\/Resolution_BeaumontUSD.pdf\" target=\"_blank\" rel=\"noopener\">Distrito Escolar Unificado Beaumont<\/a><\/td>\n<td><a href=\"https:\/\/www.sbcounty.gov\/uploads\/ROV\/Elections\/2020\/0303\/Measures\/BeaumontUSD\/FullText_BeaumontUSD.pdf\" target=\"_blank\" rel=\"noopener\">Propuesta de Bonos<\/a><\/td>\n<td><a href=\"https:\/\/www.sbcounty.gov\/uploads\/ROV\/Elections\/2020\/0303\/Measures\/BeaumontUSD\/ImpartialAnalysis_BeaumontUSD.pdf\" target=\"_blank\" rel=\"noopener\">Imparcial<\/a><a><br \/>\n<\/a><br \/>\n<a href=\"https:\/\/www.sbcounty.gov\/uploads\/ROV\/Elections\/2020\/0303\/Measures\/BeaumontUSD\/TaxRate_BeaumontUSD.pdf\" target=\"_blank\" rel=\"noopener\">Declaraci\u00f3n de la Tasa de Impuestos<\/a><\/td>\n<td>&#8211;\u00a0<a href=\"https:\/\/www.sbcounty.gov\/uploads\/ROV\/Elections\/2020\/0303\/Measures\/BeaumontUSD\/AIF_BeaumontUSD.pdf\" target=\"_blank\" rel=\"noopener\">Argumento a Favor<\/a><br \/>\n&#8211; No\u00a0se present\u00f3 ning\u00fan\u00a0Argumento\u00a0en Contra\u00a0de la medida.<\/td>\n<td>55%<\/td>\n<\/tr>\n<tr>\n<td style=\"text-align: center\"><a href=\"https:\/\/www.sbcounty.gov\/uploads\/ROV\/Elections\/2020\/0303\/Measures\/MorongoUSD\/PublicNotice_MorongoUSD.pdf\" target=\"_blank\" rel=\"noopener\">C<\/a><\/td>\n<td><a href=\"https:\/\/www.sbcounty.gov\/uploads\/ROV\/Elections\/2020\/0303\/Measures\/MorongoUSD\/Resolution_MorongoUSD.pdf\" target=\"_blank\" rel=\"noopener\">Distrito Escolar Unificado Morongo<\/a><\/td>\n<td><a href=\"https:\/\/www.sbcounty.gov\/uploads\/ROV\/Elections\/2020\/0303\/Measures\/MorongoUSD\/FullText_MorongoUSD.pdf\" target=\"_blank\" rel=\"noopener\">Propuesta de Bonos<\/a><\/td>\n<td><a href=\"https:\/\/www.sbcounty.gov\/uploads\/ROV\/Elections\/2020\/0303\/Measures\/MorongoUSD\/ImpartialAnalysis_MorongoUSD.pdf\" target=\"_blank\" rel=\"noopener\">Imparcial<\/a><a><br \/>\n<\/a><br \/>\n<a href=\"https:\/\/www.sbcounty.gov\/uploads\/ROV\/Elections\/2020\/0303\/Measures\/MorongoUSD\/TaxRate_MorongoUSD.pdf\" target=\"_blank\" rel=\"noopener\">Declaraci\u00f3n de la Tasa de Impuestos<\/a><\/td>\n<td>&#8211;\u00a0<a href=\"https:\/\/www.sbcounty.gov\/uploads\/ROV\/Elections\/2020\/0303\/Measures\/MorongoUSD\/AIF_MorongoUSD.pdf\" target=\"_blank\" rel=\"noopener\">Argumento a Favor<\/a><br \/>\n&#8211; No\u00a0se present\u00f3 ning\u00fan\u00a0Argumento\u00a0en Contra\u00a0de la medida.<\/td>\n<td>55%<\/td>\n<\/tr>\n<tr>\n<td style=\"text-align: center\"><a href=\"https:\/\/www.sbcounty.gov\/uploads\/ROV\/Elections\/2020\/0303\/Measures\/VictorESD\/PublicNotice_VictorESD.pdf\" target=\"_blank\" rel=\"noopener\">D<\/a><\/td>\n<td><a href=\"https:\/\/www.sbcounty.gov\/uploads\/ROV\/Elections\/2020\/0303\/Measures\/VictorESD\/Resolution_VictorESD.pdf\" target=\"_blank\" rel=\"noopener\">Distrito de Escuelas Primarias Victor<\/a><\/td>\n<td><a href=\"https:\/\/www.sbcounty.gov\/uploads\/ROV\/Elections\/2020\/0303\/Measures\/VictorESD\/FullText_VictorESD.pdf\" target=\"_blank\" rel=\"noopener\">Propuesta de Bonos<\/a><\/td>\n<td><a href=\"https:\/\/www.sbcounty.gov\/uploads\/ROV\/Elections\/2020\/0303\/Measures\/VictorESD\/ImpartialAnalysis_VictorESD.pdf\" target=\"_blank\" rel=\"noopener\">Imparcial<\/a><a><br \/>\n<\/a><br \/>\n<a href=\"https:\/\/www.sbcounty.gov\/uploads\/ROV\/Elections\/2020\/0303\/Measures\/VictorESD\/TaxRate_VictorESD.pdf\" target=\"_blank\" rel=\"noopener\">Declaraci\u00f3n de la Tasa de Impuestos<\/a><\/td>\n<td>&#8211;\u00a0<a href=\"https:\/\/www.sbcounty.gov\/uploads\/ROV\/Elections\/2020\/0303\/Measures\/VictorESD\/AIF_VictorESD.pdf\" target=\"_blank\" rel=\"noopener\">Argumento a Favor<\/a><br \/>\n&#8211; No\u00a0se present\u00f3 ning\u00fan\u00a0Argumento\u00a0en Contra\u00a0de la medida.<\/td>\n<td>55%<\/td>\n<\/tr>\n<tr>\n<td style=\"text-align: center\">E<\/td>\n<td><a href=\"https:\/\/www.sbcounty.gov\/uploads\/ROV\/Elections\/2020\/0303\/Measures\/City-Yucaipa\/Resolution_Yucaipa.pdf\" target=\"_blank\" rel=\"noopener\">Ciudad de Yucaipa<\/a><\/td>\n<td><a href=\"https:\/\/www.sbcounty.gov\/uploads\/ROV\/Elections\/2020\/0303\/Measures\/City-Yucaipa\/Ordinance_Yucaipa.pdf\" target=\"_blank\" rel=\"noopener\">Impuesto sobre Transacciones y Compras en Otra Jurisdicci\u00f3n<\/a><\/td>\n<td><a href=\"https:\/\/www.sbcounty.gov\/uploads\/ROV\/Elections\/2020\/0303\/Measures\/City-Yucaipa\/ImpartialAnalysis_Yucaipa.pdf\" target=\"_blank\" rel=\"noopener\">Imparcial<\/a><\/td>\n<td>&#8211; No se presentaron Argumentos a Favor ni en Contra de la medida.<\/td>\n<td>50%+1<\/td>\n<\/tr>\n<tr>\n<td style=\"text-align: center\">F<\/td>\n<td><a href=\"https:\/\/www.sbcounty.gov\/uploads\/ROV\/Elections\/2020\/0303\/Measures\/City-Barstow\/Resolution_Barstow.pdf\" target=\"_blank\" rel=\"noopener\">Ciudad de Barstow<\/a><\/td>\n<td><a href=\"https:\/\/www.sbcounty.gov\/uploads\/ROV\/Elections\/2020\/0303\/Measures\/City-Barstow\/Ordinance_Barstow.pdf\" target=\"_blank\" rel=\"noopener\">Ordenanza del Impuesto<\/a><\/td>\n<td><a href=\"https:\/\/www.sbcounty.gov\/uploads\/ROV\/Elections\/2020\/0303\/Measures\/City-Barstow\/ImpartialAnalysis_Barstow.pdf\" target=\"_blank\" rel=\"noopener\">Imparcial<\/a><\/td>\n<td>&#8211; No se presentaron Argumentos a Favor ni en Contra de la medida.<\/td>\n<td>2\/3<\/td>\n<\/tr>\n<tr>\n<td style=\"text-align: center\">G<\/td>\n<td><a href=\"https:\/\/www.sbcounty.gov\/uploads\/ROV\/Elections\/2020\/0303\/Measures\/City-Redlands\/Resolution_Redlands.pdf\" target=\"_blank\" rel=\"noopener\">Ciudad de Redlands<\/a><\/td>\n<td><a href=\"https:\/\/www.sbcounty.gov\/uploads\/ROV\/Elections\/2020\/0303\/Measures\/City-Redlands\/Ordinance_Redlands.pdf\" target=\"_blank\" rel=\"noopener\">Enmienda al Plan General<\/a><\/td>\n<td><a href=\"https:\/\/www.sbcounty.gov\/uploads\/ROV\/Elections\/2020\/0303\/Measures\/City-Redlands\/ImpartialAnalysis_Redlands.pdf\" target=\"_blank\" rel=\"noopener\">Imparcial<\/a><\/td>\n<td>&#8211;\u00a0<a href=\"https:\/\/www.sbcounty.gov\/uploads\/ROV\/Elections\/2020\/0303\/Measures\/City-Redlands\/AIF_Redlands.pdf\" target=\"_blank\" rel=\"noopener\">Argumento a Favor<\/a><br \/>\n&#8211; <a href=\"https:\/\/www.sbcounty.gov\/uploads\/ROV\/Elections\/2020\/0303\/Measures\/City-Redlands\/RebuttalToAIF_Redlands.pdf\" target=\"_blank\" rel=\"noopener\">Refutaci\u00f3n del Argumento a Favor<\/a><br \/>\n&#8211; <a href=\"https:\/\/www.sbcounty.gov\/uploads\/ROV\/Elections\/2020\/0303\/Measures\/City-Redlands\/AA_Redlands.pdf\" target=\"_blank\" rel=\"noopener\">Argumento en Contra<\/a><br \/>\n&#8211;\u00a0<a href=\"https:\/\/www.sbcounty.gov\/uploads\/ROV\/Elections\/2020\/0303\/Measures\/City-Redlands\/RebuttalToAA_Redlands.pdf\" target=\"_blank\" rel=\"noopener\">Refutaci\u00f3n del Argumento en Contra<\/a><\/td>\n<td>50%+1<\/td>\n<\/tr>\n<tr>\n<td style=\"text-align: center\"><a href=\"https:\/\/www.sbcounty.gov\/uploads\/ROV\/Elections\/2020\/0303\/Measures\/SBMCHD\/PublicNotice_SBMtnCommHD.pdf\" target=\"_blank\" rel=\"noopener\">H<\/a><\/td>\n<td><a href=\"https:\/\/www.sbcounty.gov\/uploads\/ROV\/Elections\/2020\/0303\/Measures\/SBMCHD\/Resolution_SBMtnCommHD.pdf\" target=\"_blank\" rel=\"noopener\">Distrito del Hospital Comunitario de San Bernardino Mountains<\/a><\/td>\n<td><a href=\"https:\/\/www.sbcounty.gov\/uploads\/ROV\/Elections\/2020\/0303\/Measures\/SBMCHD\/Ordinance_SBMtnCommHD.pdf\" target=\"_blank\" rel=\"noopener\">Impuesto Especial<\/a><\/td>\n<td><a href=\"https:\/\/www.sbcounty.gov\/uploads\/ROV\/Elections\/2020\/0303\/Measures\/SBMCHD\/ImpartialAnalysis_SBMtnCommHD.pdf\" target=\"_blank\" rel=\"noopener\">Imparcial<\/a><\/td>\n<td>&#8211;\u00a0<a href=\"https:\/\/www.sbcounty.gov\/uploads\/ROV\/Elections\/2020\/0303\/Measures\/SBMCHD\/AIF_SBMtnCommHD.pdf\" target=\"_blank\" rel=\"noopener\">Argumento a Favor<\/a><br \/>\n&#8211; No\u00a0se present\u00f3 ning\u00fan\u00a0Argumento\u00a0en Contra\u00a0de la medida.<\/td>\n<td>2\/3<\/td>\n<\/tr>\n<tr>\n<td style=\"text-align: center\"><a href=\"https:\/\/www.sbcounty.gov\/uploads\/ROV\/Elections\/2020\/0303\/Measures\/BBFA\/PublicNotice_BBFA.pdf\" target=\"_blank\" rel=\"noopener\">I<\/a><\/td>\n<td><a href=\"https:\/\/www.sbcounty.gov\/uploads\/ROV\/Elections\/2020\/0303\/Measures\/BBFA\/Resolution_CFD2019-1BBFA.pdf\" target=\"_blank\" rel=\"noopener\">Instalaciones Comunitarias de la Autoridad de Bomberos de Big Bear Distrito N.\u00ba 2019-1<\/a><\/td>\n<td><a href=\"https:\/\/www.sbcounty.gov\/uploads\/ROV\/Elections\/2020\/0303\/Measures\/BBFA\/FullText_CFD2019-1BBFA.pdf\" target=\"_blank\" rel=\"noopener\">Impuesto Especial<\/a><\/td>\n<td><a href=\"https:\/\/www.sbcounty.gov\/uploads\/ROV\/Elections\/2020\/0303\/Measures\/BBFA\/ImpartialAnalysis_CFD2019-1BBFA.pdf\" target=\"_blank\" rel=\"noopener\">Imparcial<\/a><\/td>\n<td>&#8211;\u00a0<a href=\"https:\/\/www.sbcounty.gov\/uploads\/ROV\/Elections\/2020\/0303\/Measures\/BBFA\/AIF_CFD2019-1BBFA.pdf\" target=\"_blank\" rel=\"noopener\">Argumento a Favor<\/a><br \/>\n&#8211; <a href=\"https:\/\/www.sbcounty.gov\/uploads\/ROV\/Elections\/2020\/0303\/Measures\/BBFA\/RebuttalToAIF_CFD2019-1BBFA.pdf\" target=\"_blank\" rel=\"noopener\">Refutaci\u00f3n del Argumento a Favor<\/a><br \/>\n&#8211; <a href=\"https:\/\/www.sbcounty.gov\/uploads\/ROV\/Elections\/2020\/0303\/Measures\/BBFA\/AA_CFD2019-1BBFA.pdf\" target=\"_blank\" rel=\"noopener\">Argumento en Contra<\/a><br \/>\n&#8211;\u00a0<a href=\"https:\/\/www.sbcounty.gov\/uploads\/ROV\/Elections\/2020\/0303\/Measures\/BBFA\/RebuttalToAA_CFD2019-1BBFA.pdf\" target=\"_blank\" rel=\"noopener\">Refutaci\u00f3n del Argumento en Contra<\/a><\/td>\n<td>2\/3<\/td>\n<\/tr>\n<\/tbody>\n<\/table>\n<p>&nbsp;<\/p>\n<p><strong>Avisos P\u00fablicos y Formularios Relacionados:<\/strong><\/p>\n<ul>\n<li><a href=\"https:\/\/www.sbcounty.gov\/uploads\/ROV\/News\/2020\/0303\/PublicNotice_LocalMeasureLetterAssignment.pdf\" target=\"_blank\" rel=\"noopener\">Aviso P\u00fablico &#8211; Asignaci\u00f3n de Letras de Medidas<\/a>\u00a0[pdf]<\/li>\n<li><a href=\"https:\/\/www.sbcounty.gov\/uploads\/ROV\/Elections\/2020\/0303\/Measures\/Form_9600StatementByProponents.pdf\" target=\"_blank\" rel=\"noopener\">Declaraci\u00f3n de los Proponentes \/Autores de los Argumentos (Formulario 9600)<\/a> [pdf]<\/li>\n<li><a href=\"https:\/\/elections.sbcounty.gov\/es\/Elections\/Measures\/\">Informaci\u00f3n General sobre las Medidas<\/a><\/li>\n<\/ul>\n<\/div>\n\n  <\/section>\n\n\t","protected":false},"excerpt":{"rendered":"<p>Elecciones Primarias Presidenciales de 2020 \u2013 Medidas Letra Jurisdicci\u00f3n Descripci\u00f3n de la Medida An\u00e1lisis Argumentos Porcentaje para ser Aprobada Z Mejora de Instalaciones Escolares del Distrito N.\u00ba 3 del Distrito Escolar Mountain View Propuesta de Bonos Imparcial Declaraci\u00f3n de la Tasa de Impuestos &#8211; No se presentaron Argumentos a Favor<span class=\"ellipsis\">&#8230;<\/span><\/p>\n","protected":false},"author":19,"featured_media":37382,"parent":34529,"menu_order":0,"comment_status":"closed","ping_status":"closed","template":"templates\/rov-full-width-no-title-template.php","meta":{"_acf_changed":false,"footnotes":""},"class_list":["post-42708","page","type-page","status-publish","has-post-thumbnail","hentry"],"acf":[],"_links":{"self":[{"href":"https:\/\/elections.sbcounty.gov\/es\/wp-json\/wp\/v2\/pages\/42708","targetHints":{"allow":["GET"]}}],"collection":[{"href":"https:\/\/elections.sbcounty.gov\/es\/wp-json\/wp\/v2\/pages"}],"about":[{"href":"https:\/\/elections.sbcounty.gov\/es\/wp-json\/wp\/v2\/types\/page"}],"author":[{"embeddable":true,"href":"https:\/\/elections.sbcounty.gov\/es\/wp-json\/wp\/v2\/users\/19"}],"replies":[{"embeddable":true,"href":"https:\/\/elections.sbcounty.gov\/es\/wp-json\/wp\/v2\/comments?post=42708"}],"version-history":[{"count":1,"href":"https:\/\/elections.sbcounty.gov\/es\/wp-json\/wp\/v2\/pages\/42708\/revisions"}],"predecessor-version":[{"id":79284,"href":"https:\/\/elections.sbcounty.gov\/es\/wp-json\/wp\/v2\/pages\/42708\/revisions\/79284"}],"up":[{"embeddable":true,"href":"https:\/\/elections.sbcounty.gov\/es\/wp-json\/wp\/v2\/pages\/34529"}],"wp:featuredmedia":[{"embeddable":true,"href":"https:\/\/elections.sbcounty.gov\/es\/wp-json\/wp\/v2\/media\/37382"}],"wp:attachment":[{"href":"https:\/\/elections.sbcounty.gov\/es\/wp-json\/wp\/v2\/media?parent=42708"}],"curies":[{"name":"wp","href":"https:\/\/api.w.org\/{rel}","templated":true}]}}