{"id":42666,"date":"2022-01-04T18:18:51","date_gmt":"2022-01-04T18:18:51","guid":{"rendered":"https:\/\/www.elections.sbcounty.gov\/?page_id=42666"},"modified":"2024-06-05T16:40:22","modified_gmt":"2024-06-05T23:40:22","slug":"1203","status":"publish","type":"page","link":"https:\/\/elections.sbcounty.gov\/es\/elections\/2019\/1203\/","title":{"rendered":"Archivo de Elecciones de la Asociaci\u00f3n para la Jubilaci\u00f3n de los Empleados del Condado de San Bernardino de 2019"},"content":{"rendered":"  <section data-isd-block-id=\"rov-content-blockblock_378f7d6ac2a530af0b9a732ec248fd8c\"\n\t\t\t\t\t\t\t\t\t\t \t\t\t\t\t\t\t\t\t\t\t class=\"card-style main-content-wrapper rov-card-style mb-4\">\n\n\t<h2 class=\"block-subtitle blue\">Publicaciones Electorales<\/h2>\n\n\t<div class=\"ctnr-block-content\"><ul>\n<li>La\u00a0<strong>Gu\u00eda de Informaci\u00f3n para el Votante<\/strong>\u00a0es un folleto publicado por el Registro de Votantes del Condado de San Bernardino\u00a0que incluye informaci\u00f3n sobre la votaci\u00f3n y\u00a0los candidatos.<\/li>\n<li>Consulte la\u00a0<a href=\"https:\/\/www.sbcounty.gov\/uploads\/ROV\/Elections\/2019\/1203\/VIG_GeneralMembers.pdf\" target=\"_blank\" rel=\"noopener\">Gu\u00eda de Informaci\u00f3n para el Votante para Miembros Generales de la SBCERA<\/a>\u00a0[pdf].<\/li>\n<li>Consulte la\u00a0<a href=\"https:\/\/www.sbcounty.gov\/uploads\/ROV\/Elections\/2019\/1203\/VIG_RetiredMembers.pdf\" target=\"_blank\" rel=\"noopener\">Gu\u00eda de Informaci\u00f3n para el Votante para Miembros Jubilados de la SBCERA<\/a>\u00a0[pdf].<\/li>\n<\/ul>\n<p><a href=\"https:\/\/elections.sbcounty.gov\/es\/News\/2019\/\"><strong>Comunicados de Prensa y Avisos P\u00fablicos<\/strong><\/a><\/p>\n<\/div>\n\n  <\/section>\n\n\t\n\n  <section data-isd-block-id=\"rov-content-blockblock_7e2ba15e07a60d62c7d6d0412fe7e719\"\n\t\t\t\t\t\t\t\t\t\t \t\t\t\t\t\t\t\t\t\t\t class=\"card-style main-content-wrapper rov-card-style mb-4\">\n\n\t<h2 class=\"block-subtitle blue\">Fechas Clave y Fechas L\u00edmite<\/h2>\n\n\t<div class=\"ctnr-block-content\"><table class=\"table table-striped\">\n<tbody>\n<tr>\n<th><strong>Fecha<\/strong><\/th>\n<th><strong>Acci\u00f3n<\/strong><\/th>\n<\/tr>\n<tr>\n<td>12 de agosto de 2019<\/td>\n<td>Comienza la presentaci\u00f3n de candidatos<\/td>\n<\/tr>\n<tr>\n<td>6 de septiembre de 2019<\/td>\n<td>Fecha l\u00edmite de presentaci\u00f3n de candidatos<\/td>\n<\/tr>\n<tr>\n<td>9 de septiembre de 2019<\/td>\n<td>Comienza la pr\u00f3rroga para la presentaci\u00f3n de candidatos<\/td>\n<\/tr>\n<tr>\n<td>11 de septiembre de 2019<\/td>\n<td>Fecha l\u00edmite para la pr\u00f3rroga de presentaci\u00f3n de candidatos<\/td>\n<\/tr>\n<tr>\n<td>4 de noviembre de 2019<\/td>\n<td>Comienza el voto anticipado<\/td>\n<\/tr>\n<tr>\n<td>4 de noviembre de 2019<\/td>\n<td>Gu\u00edas de Informaci\u00f3n para el Votante y Boletas de Voto por Correo entregadas en la Oficina Postal de los EE. UU.<\/td>\n<\/tr>\n<tr>\n<td>3 de diciembre de 2019<\/td>\n<td>D\u00eda de las Elecciones &#8211; Elecciones de la Asociaci\u00f3n para la Jubilaci\u00f3n de los Empleados del Condado de San Bernardino<\/td>\n<\/tr>\n<\/tbody>\n<\/table>\n<\/div>\n\n  <\/section>\n\n\t\n\n  <section data-isd-block-id=\"rov-content-blockblock_472a8326be330571caf938d959c6af64\"\n\t\t\t\t\t\t\t\t\t\t \t\t\t\t\t\t\t\t\t\t\t class=\"card-style main-content-wrapper rov-card-style mb-4\">\n\n\t<h2 class=\"block-subtitle blue\">Informaci\u00f3n de los Cargos y Candidatos<\/h2>\n\n\t<div class=\"ctnr-block-content\"><p><strong>Cargos a Elegir:<\/strong><\/p>\n<ul>\n<li>Vea los <a href=\"https:\/\/www.sbcounty.gov\/uploads\/ROV\/News\/2019\/1203\/Notice_NoticeOfElectionSBCERA.pdf\" target=\"_blank\" rel=\"noopener\">Cargos a Elegir<\/a>\u00a0[pdf].<\/li>\n<\/ul>\n<p><strong>Presentaci\u00f3n de Candidatos:<\/strong><\/p>\n<ul>\n<li>La presentaci\u00f3n de candidatos comienza el 12 de agosto de 2019\u00a0y finaliza el 6 de septiembre de 2019.<\/li>\n<\/ul>\n<p><strong>Declaraciones de los Candidatos:<\/strong><\/p>\n<ul>\n<li>Los candidatos deben pagar los costos estimados de imprimir su declaraci\u00f3n de candidato en la Gu\u00eda de Informaci\u00f3n para el Votante al momento de registrarse.<\/li>\n<\/ul>\n<p><strong>Lista de Candidatos:<\/strong><\/p>\n<ul>\n<li>Consulte la\u00a0<a href=\"https:\/\/www.sbcounty.gov\/uploads\/ROV\/Elections\/2019\/1203\/Report_CandidateList.pdf\" target=\"_blank\" rel=\"noopener\">Lista Oficial de Candidatos<\/a>\u00a0[pdf].<\/li>\n<\/ul>\n<\/div>\n\n  <\/section>\n\n\t\n\n  <section data-isd-block-id=\"rov-content-blockblock_3bd370773e767f9666fe405b542408fa\"\n\t\t\t\t\t\t\t\t\t\t \t\t\t\t\t\t\t\t\t\t\t class=\"card-style main-content-wrapper rov-card-style mb-4\">\n\n\t<h2 class=\"block-subtitle blue\">Opciones de Voto<\/h2>\n\n\t<div class=\"ctnr-block-content\"><ul>\n<li>Vote con anticipaci\u00f3n en la oficina del Registro de Votantes a partir del\u00a04 de noviembre de 2019.<\/li>\n<\/ul>\n<\/div>\n\n  <\/section>\n\n\t\n\n  <section data-isd-block-id=\"rov-content-blockblock_8cffd46e6775db3201062ad2734e7c18\"\n\t\t\t\t\t\t\t\t\t\t \t\t\t\t\t\t\t\t\t\t\t class=\"card-style main-content-wrapper rov-card-style mb-4\">\n\n\t<h2 class=\"block-subtitle blue\">Resultados de las Elecciones<\/h2>\n\n\t<div class=\"ctnr-block-content\"><ul>\n<li><a href=\"https:\/\/www.sbcounty.gov\/uploads\/ROV\/Elections\/2019\/1203\/Report_ResultsSummary.pdf\" target=\"_blank\" rel=\"noopener\">Resultados de las Elecciones<\/a> [pdf]<\/li>\n<li><a href=\"https:\/\/elections.sbcounty.gov\/es\/Elections\/2019\/1203\/ResultSchedule\/\">Calendario de Publicaci\u00f3n de los Resultados de las Elecciones y Boletas Pendientes de Procesar<\/a><\/li>\n<\/ul>\n<\/div>\n\n  <\/section>\n\n\t","protected":false},"excerpt":{"rendered":"<p>Publicaciones Electorales La\u00a0Gu\u00eda de Informaci\u00f3n para el Votante\u00a0es un folleto publicado por el Registro de Votantes del Condado de San Bernardino\u00a0que incluye informaci\u00f3n sobre la votaci\u00f3n y\u00a0los candidatos. Consulte la\u00a0Gu\u00eda de Informaci\u00f3n para el Votante para Miembros Generales de la SBCERA\u00a0[pdf]. Consulte la\u00a0Gu\u00eda de Informaci\u00f3n para el Votante para Miembros<span class=\"ellipsis\">&#8230;<\/span><\/p>\n","protected":false},"author":19,"featured_media":37382,"parent":42567,"menu_order":0,"comment_status":"closed","ping_status":"closed","template":"templates\/rov-left-sidebar-template.php","meta":{"_acf_changed":false,"footnotes":""},"class_list":["post-42666","page","type-page","status-publish","has-post-thumbnail","hentry"],"acf":[],"_links":{"self":[{"href":"https:\/\/elections.sbcounty.gov\/es\/wp-json\/wp\/v2\/pages\/42666","targetHints":{"allow":["GET"]}}],"collection":[{"href":"https:\/\/elections.sbcounty.gov\/es\/wp-json\/wp\/v2\/pages"}],"about":[{"href":"https:\/\/elections.sbcounty.gov\/es\/wp-json\/wp\/v2\/types\/page"}],"author":[{"embeddable":true,"href":"https:\/\/elections.sbcounty.gov\/es\/wp-json\/wp\/v2\/users\/19"}],"replies":[{"embeddable":true,"href":"https:\/\/elections.sbcounty.gov\/es\/wp-json\/wp\/v2\/comments?post=42666"}],"version-history":[{"count":3,"href":"https:\/\/elections.sbcounty.gov\/es\/wp-json\/wp\/v2\/pages\/42666\/revisions"}],"predecessor-version":[{"id":83971,"href":"https:\/\/elections.sbcounty.gov\/es\/wp-json\/wp\/v2\/pages\/42666\/revisions\/83971"}],"up":[{"embeddable":true,"href":"https:\/\/elections.sbcounty.gov\/es\/wp-json\/wp\/v2\/pages\/42567"}],"wp:featuredmedia":[{"embeddable":true,"href":"https:\/\/elections.sbcounty.gov\/es\/wp-json\/wp\/v2\/media\/37382"}],"wp:attachment":[{"href":"https:\/\/elections.sbcounty.gov\/es\/wp-json\/wp\/v2\/media?parent=42666"}],"curies":[{"name":"wp","href":"https:\/\/api.w.org\/{rel}","templated":true}]}}