{"id":42630,"date":"2022-01-04T18:09:53","date_gmt":"2022-01-04T18:09:53","guid":{"rendered":"https:\/\/www.elections.sbcounty.gov\/?page_id=42630"},"modified":"2022-01-04T18:09:53","modified_gmt":"2022-01-04T18:09:53","slug":"resultexplanation","status":"publish","type":"page","link":"https:\/\/elections.sbcounty.gov\/es\/elections\/2019\/1105\/resultexplanation\/","title":{"rendered":"Explicaci\u00f3n de los Resultados de la Noche de las Elecciones"},"content":{"rendered":"  <section data-isd-block-id=\"rov-content-blockblock_c9caa4de6e4b1b4ea062d95f35457f10\"\n\t\t\t\t\t\t\t\t\t\t \t\t\t\t\t\t\t\t\t\t\t class=\"card-style main-content-wrapper rov-card-style mb-4\">\n\n\t<h2 class=\"block-subtitle blue\">Explicaci\u00f3n de los Resultados de la Noche de las Elecciones<\/h2>\n\n\t<div class=\"ctnr-block-content\"><p>La Noche de las Elecciones, el Registro de Votantes del Condado de San Bernardino publica los resultados no oficiales de las boletas con voto recibidas de las casillas electorales en todo el Condado y de las boletas de voto por correo recibidas antes del D\u00eda de las Elecciones.<\/p>\n<p>Estos resultados son acumulativos y se publican actualizaciones durante toda la noche.\u00a0 La publicaci\u00f3n de los primeros resultados tiene lugar aproximadamente a las 8:30 p.m. despu\u00e9s del cierre de las casillas.\u00a0Las casillas se consideran cerradas cuando todos los votantes formados a las 8 p.m. hayan terminado de votar.\u00a0Esta publicaci\u00f3n incluye los resultados de la gran mayor\u00eda de las boletas de voto por correo recibidas de la Oficina Postal de EE. UU. el D\u00eda de las Elecciones o antes, y los lugares para depositar las boletas de voto por correo antes del D\u00eda de las Elecciones.<\/p>\n<p>Los resultados de las boletas emitidas en las casillas electorales el D\u00eda de las Elecciones se suman cada dos horas de ah\u00ed en adelante. El conteo de las boletas contin\u00faa la Noche de las Elecciones hasta que todas las boletas regulares emitidas en las casillas electorales se hayan contado.\u00a0 Aunque el conteo de boletas pueda haberse completado por la noche, el Registro de Votantes seguir\u00e1 procesando y contando las boletas adicionales en las semanas posteriores a las elecciones.\u00a0 El n\u00famero estimado de boletas restantes para ser procesadas se proporciona al p\u00fablico poco despu\u00e9s de la \u00faltima publicaci\u00f3n de los resultados no oficiales de la Noche de las Elecciones y con cada publicaci\u00f3n subsecuente de resultados hasta que se publiquen los Resultados Finales Certificados de las Elecciones.<\/p>\n<p>Las boletas restantes que quedar\u00e1n por procesar incluyen las boletas da\u00f1adas, las boletas que necesitan adjudicaci\u00f3n, las boletas de voto por correo recibidas el D\u00eda de las Elecciones, las boletas con matasellos del D\u00eda de las Elecciones y recibidas en un plazo de tres d\u00edas laborales despu\u00e9s del D\u00eda de las Elecciones, las boletas de voto por correo que requieren una revisi\u00f3n adicional de la firma, las boletas provisionales, y las boletas provisionales de votantes con registro provisional.<\/p>\n<\/div>\n\n  <\/section>\n\n\t\n\n  <section data-isd-block-id=\"rov-content-blockblock_c85d1f237503de5a1dd2ace7fb108ad4\"\n\t\t\t\t\t\t\t\t\t\t \t\t\t\t\t\t\t\t\t\t\t class=\"card-style main-content-wrapper rov-card-style mb-4\">\n\n\t<h2 class=\"block-subtitle blue\">Explicaci\u00f3n del N\u00famero de Distritos Electorales que Reportan<\/h2>\n\n\t<div class=\"ctnr-block-content\"><p>La Noche de las Elecciones, a menudo, el p\u00fablico quiere conocer c\u00f3mo progresa el conteo de boletas y cu\u00e1ndo se completar\u00e1 el conteo.\u00a0 En la p\u00e1gina de los Resultados de las Elecciones, hay algunas estad\u00edsticas que proporcionan al p\u00fablico un estimado aproximado del progreso del conteo de las boletas.<\/p>\n<p>Debajo del t\u00edtulo de una contienda y encima de la lista de candidatos de cada contienda, encontrar\u00e1 el n\u00famero de Distritos Electorales Reportados con respecto al n\u00famero total de distritos electorales, seguido de un porcentaje, como se muestra a continuaci\u00f3n.<\/p>\n<p><strong>Senador Estatal del Distrito 23<\/strong><br \/>\n<span style=\"background-color: yellow\"><strong>Distritos Electorales Reportados: 60 \/ 240\u00a0\u00a0 (25%)<\/strong><\/span><\/p>\n<table class=\"results-small-table\">\n<tbody>\n<tr>\n<th><strong>\u00a0Candidato<\/strong><\/th>\n<th><strong>Boletas de Voto por Correo<\/strong><\/th>\n<th><strong>Boletas de Voto por Correo Designadas<\/strong><\/th>\n<th><strong> Casilla Electoral<br \/>\n<\/strong><\/th>\n<th><strong> Provisionales<br \/>\n<\/strong><\/th>\n<th colspan=\"2\">Total<\/th>\n<\/tr>\n<tr>\n<td>Candidato 1<\/td>\n<td>100<\/td>\n<td>0<\/td>\n<td>350<\/td>\n<td>0<\/td>\n<td>450<\/td>\n<td>36%<\/td>\n<\/tr>\n<tr>\n<td>Candidato 2<\/td>\n<td>150<\/td>\n<td>0<\/td>\n<td>650<\/td>\n<td>0<\/td>\n<td>800<\/td>\n<td>64%<\/td>\n<\/tr>\n<tr>\n<td>Total de Votos<\/td>\n<td>250<\/td>\n<td>0<\/td>\n<td>1000<\/td>\n<td>0<\/td>\n<td>1250<\/td>\n<td>100%<\/td>\n<\/tr>\n<\/tbody>\n<\/table>\n<p>Estos n\u00fameros representan el n\u00famero total de distritos electorales que reportaron resultados (60), el n\u00famero total de distritos electorales ubicados en la jurisdicci\u00f3n de la contienda en particular (240) y el porcentaje de distritos electorales que reportan resultados (25%).<\/p>\n<p>Conforme se actualiza el conteo de los votos durante la Noche de las Elecciones, el n\u00famero de distritos electorales que reportan y el porcentaje de distritos electorales que reportan aumentar\u00e1n, como se muestra a continuaci\u00f3n:<\/p>\n<p><strong>Senador Estatal del Distrito 23<\/strong><br \/>\n<span style=\"background-color: yellow\"><strong>Distritos Electorales Reportados: 120 \/ 240 \u00a0\u00a0 (50%)<\/strong><\/span><\/p>\n<table class=\"results-small-table\">\n<tbody>\n<tr>\n<th><strong>\u00a0Candidato<\/strong><\/th>\n<th><strong>Boletas de Voto por Correo<\/strong><\/th>\n<th><strong>Boletas de Voto por Correo Designadas<\/strong><\/th>\n<th><strong> Casilla Electoral<br \/>\n<\/strong><\/th>\n<th><strong> Provisionales<br \/>\n<\/strong><\/th>\n<th colspan=\"2\">Total<\/th>\n<\/tr>\n<tr>\n<td>Candidato 1<\/td>\n<td>100<\/td>\n<td>0<\/td>\n<td>800<\/td>\n<td>0<\/td>\n<td>900<\/td>\n<td>40%<\/td>\n<\/tr>\n<tr>\n<td>Candidato 2<\/td>\n<td>150<\/td>\n<td>0<\/td>\n<td>1200<\/td>\n<td>0<\/td>\n<td>1350<\/td>\n<td>60%<\/td>\n<\/tr>\n<tr>\n<td>Total de Votos<\/td>\n<td>250<\/td>\n<td>0<\/td>\n<td>2000<\/td>\n<td>0<\/td>\n<td>2250<\/td>\n<td>100%<\/td>\n<\/tr>\n<\/tbody>\n<\/table>\n<p>Cuando se hayan contado todas las boletas de las casillas electorales de todos los distritos electorales en la jurisdicci\u00f3n, a excepci\u00f3n de las boletas da\u00f1adas y las boletas que requieran adjudicaci\u00f3n, las cifras se ver\u00e1n como se muestra continuaci\u00f3n:<\/p>\n<p><strong>Senador Estatal del Distrito 23<\/strong><br \/>\n<span style=\"background-color: yellow\"><strong>Distritos Electorales Reportados: 240 \/ 240 \u00a0\u00a0 (100%)<\/strong><\/span><\/p>\n<table class=\"results-small-table\">\n<tbody>\n<tr>\n<th><strong>\u00a0Candidato<\/strong><\/th>\n<th><strong>Boletas de Voto por Correo<\/strong><\/th>\n<th><strong>Boletas de Voto por Correo Designadas<\/strong><\/th>\n<th><strong> Casilla Electoral<br \/>\n<\/strong><\/th>\n<th><strong> Provisionales<br \/>\n<\/strong><\/th>\n<th colspan=\"2\">Total<\/th>\n<\/tr>\n<tr>\n<td>Candidato 1<\/td>\n<td>100<\/td>\n<td>0<\/td>\n<td>1000<\/td>\n<td>0<\/td>\n<td>1100<\/td>\n<td>40%<\/td>\n<\/tr>\n<tr>\n<td>Candidato 2<\/td>\n<td>150<\/td>\n<td>0<\/td>\n<td>1500<\/td>\n<td>0<\/td>\n<td>1650<\/td>\n<td>60%<\/td>\n<\/tr>\n<tr>\n<td>Total de Votos<\/td>\n<td>250<\/td>\n<td>0<\/td>\n<td>2500<\/td>\n<td>0<\/td>\n<td>2750<\/td>\n<td>100%<\/td>\n<\/tr>\n<\/tbody>\n<\/table>\n<p>El n\u00famero de distritos electorales que reportan solo proporciona un estimado aproximado del progreso del conteo del total de boletas por un par de razones.<\/p>\n<p>En primer lugar, reporta las boletas emitidas en las casillas electorales el D\u00eda de las Elecciones as\u00ed como las boletas emitidas en los distritos electorales de boletas de voto por correo designadas antes y el D\u00eda de las Elecciones.\u00a0 Sin embargo, no toma en cuenta ninguna boleta de voto por correo emitida en los distritos electorales con una asignaci\u00f3n de casilla electoral.<\/p>\n<p>En segundo lugar, es simplemente un resumen de cu\u00e1ntos distritos electorales han contado sus boletas el D\u00eda de las Elecciones con los esc\u00e1neres de boletas. \u00a0No toma en cuenta el n\u00famero de boletas en un distrito electoral. \u00a0\u00a1Algunos distritos electorales tienen cientos de boletas y otros no tienen ninguna! \u00a0De modo que, no siempre hay una correlaci\u00f3n directa entre el n\u00famero de distritos electorales que reportan y el n\u00famero de boletas contadas.<\/p>\n<p>En los ejemplos anteriores, hubo 250 votos de boletas por correo contadas antes del D\u00eda de las Elecciones.<\/p>\n<p>En el primer reporte que incluye los resultados de las casillas electorales, se contaron 1,000 votos de casillas electorales en el primer 25 por ciento de los distritos electorales que reportaron.<\/p>\n<p>En el siguiente 25% de los distritos electorales que reportaron, se sumaron<br \/>\n1,000 votos de casillas electorales a los resultados para dar un total de 2,000 votos de casillas electorales.<\/p>\n<p>Es posible que espere encontrar 2,000 votos adicionales de casillas electorales en el \u00faltimo 50 por ciento de los distritos electorales que reportan, pero solo 500 votos adicionales de casillas electorales se contaron para dar un total de 2,500 votos de casillas electorales.<\/p>\n<p>La raz\u00f3n es que hay muchos distritos electorales que no tienen ning\u00fan votante. \u00a0En nuestro programa inform\u00e1tico, los distritos electorales con ning\u00fan votante no se reportan hasta que todos los dem\u00e1s distritos electorales hayan reportado sus resultados.\u00a0 As\u00ed que, en la actualizaci\u00f3n final en la Noche de las Elecciones, el porcentaje de distritos electorales que reportan se elevar\u00e1 repentinamente al<br \/>\n100 por ciento, pero puede que no haya un cambio dr\u00e1stico en el conteo de votos.<\/p>\n<p>Para estas elecciones, hay 146 distritos electorales.\u00a0 De esos distritos electorales, algunos tienen muy pocos votantes registrados que residen en ellos. \u00a0De hecho, 45\u00a0distritos electorales de los 146 distritos electorales de estas elecciones no tienen ning\u00fan votante registrado.<\/p>\n<\/div>\n\n  <\/section>\n\n\t\n\n  <section data-isd-block-id=\"rov-content-blockblock_1cfb70bce7d225883d0b449dc92ef82e\"\n\t\t\t\t\t\t\t\t\t\t \t\t\t\t\t\t\t\t\t\t\t class=\"card-style main-content-wrapper rov-card-style mb-4\">\n\n\t<h2 class=\"block-subtitle blue\">Elecciones Consolidadas de 2019 \u2013 Cargos a Elegir y Estad\u00edsticas Correspondientes de los Distritos Electorales<\/h2>\n\n\t<div class=\"ctnr-block-content\"><table class=\"precinct-statistics\">\n<tbody>\n<tr>\n<td>Jurisdicci\u00f3n<\/td>\n<td>Cargo<\/td>\n<td>Distrito<\/td>\n<td>Total de Votantes<\/td>\n<td>Total de Distritos Electorales<\/td>\n<td>Distritos Electorales sin Votantes<\/td>\n<td>Distritos Electorales de Boletas de Voto por Correo<\/td>\n<td>Distritos Electorales de Boletas de Voto por Correo sin Votantes<\/td>\n<\/tr>\n<tr>\n<td>Distrito de Aguas Cucamonga Valley<\/td>\n<td>Miembro, Junta Directiva<\/td>\n<td>Divisi\u00f3n 1<\/td>\n<td>15971<\/td>\n<td>45<\/td>\n<td>13<\/td>\n<td>9<\/td>\n<td>9<\/td>\n<\/tr>\n<tr>\n<td>Distrito de Aguas Cucamonga Valley<\/td>\n<td>Miembro, Junta Directiva<\/td>\n<td>Divisi\u00f3n 2<\/td>\n<td>23553<\/td>\n<td>29<\/td>\n<td>4<\/td>\n<td>5<\/td>\n<td>2<\/td>\n<\/tr>\n<tr>\n<td>Distrito Escolar Unificado de Preparatorias Victor Valley<\/td>\n<td>Miembro, Junta Gobernante<\/td>\n<td>\u00c1rea 2<\/td>\n<td>12611<\/td>\n<td>17<\/td>\n<td>3<\/td>\n<td>0<\/td>\n<td>0<\/td>\n<\/tr>\n<tr>\n<td>Distrito de Aguas West Valley<\/td>\n<td>Miembro, Junta Directiva<\/td>\n<td>Divisi\u00f3n 1<\/td>\n<td>6754<\/td>\n<td>23<\/td>\n<td>10<\/td>\n<td>9<\/td>\n<td>7<\/td>\n<\/tr>\n<tr>\n<td>Distrito de Aguas West Valley<\/td>\n<td>Miembro, Junta Directiva<\/td>\n<td>Divisi\u00f3n 4<\/td>\n<td>6846<\/td>\n<td>22<\/td>\n<td>13<\/td>\n<td>10<\/td>\n<td>9<\/td>\n<\/tr>\n<tr>\n<td>Distrito de Aguas West Valley<\/td>\n<td>Miembro, Junta Directiva<\/td>\n<td>Divisi\u00f3n 5<\/td>\n<td>6144<\/td>\n<td>10<\/td>\n<td>2<\/td>\n<td>4<\/td>\n<td>2<\/td>\n<\/tr>\n<\/tbody>\n<\/table>\n<\/div>\n\n  <\/section>\n\n\t","protected":false},"excerpt":{"rendered":"<p>Explicaci\u00f3n de los Resultados de la Noche de las Elecciones La Noche de las Elecciones, el Registro de Votantes del Condado de San Bernardino publica los resultados no oficiales de las boletas con voto recibidas de las casillas electorales en todo el Condado y de las boletas de voto por<span class=\"ellipsis\">&#8230;<\/span><\/p>\n","protected":false},"author":19,"featured_media":37382,"parent":42615,"menu_order":0,"comment_status":"closed","ping_status":"closed","template":"templates\/rov-full-width-no-title-template.php","meta":{"_acf_changed":false,"footnotes":""},"class_list":["post-42630","page","type-page","status-publish","has-post-thumbnail","hentry"],"acf":[],"_links":{"self":[{"href":"https:\/\/elections.sbcounty.gov\/es\/wp-json\/wp\/v2\/pages\/42630","targetHints":{"allow":["GET"]}}],"collection":[{"href":"https:\/\/elections.sbcounty.gov\/es\/wp-json\/wp\/v2\/pages"}],"about":[{"href":"https:\/\/elections.sbcounty.gov\/es\/wp-json\/wp\/v2\/types\/page"}],"author":[{"embeddable":true,"href":"https:\/\/elections.sbcounty.gov\/es\/wp-json\/wp\/v2\/users\/19"}],"replies":[{"embeddable":true,"href":"https:\/\/elections.sbcounty.gov\/es\/wp-json\/wp\/v2\/comments?post=42630"}],"version-history":[{"count":0,"href":"https:\/\/elections.sbcounty.gov\/es\/wp-json\/wp\/v2\/pages\/42630\/revisions"}],"up":[{"embeddable":true,"href":"https:\/\/elections.sbcounty.gov\/es\/wp-json\/wp\/v2\/pages\/42615"}],"wp:featuredmedia":[{"embeddable":true,"href":"https:\/\/elections.sbcounty.gov\/es\/wp-json\/wp\/v2\/media\/37382"}],"wp:attachment":[{"href":"https:\/\/elections.sbcounty.gov\/es\/wp-json\/wp\/v2\/media?parent=42630"}],"curies":[{"name":"wp","href":"https:\/\/api.w.org\/{rel}","templated":true}]}}