{"id":42615,"date":"2022-01-04T17:53:08","date_gmt":"2022-01-04T17:53:08","guid":{"rendered":"https:\/\/www.elections.sbcounty.gov\/?page_id=42615"},"modified":"2024-06-05T16:42:49","modified_gmt":"2024-06-05T23:42:49","slug":"1105","status":"publish","type":"page","link":"https:\/\/elections.sbcounty.gov\/es\/elections\/2019\/1105\/","title":{"rendered":"Archivo de Elecciones Consolidadas del 5 de noviembre de 2019"},"content":{"rendered":"  <section data-isd-block-id=\"rov-content-blockblock_d34ea8388ac65e7c535253a0af9cbe8c\"\n\t\t\t\t\t\t\t\t\t\t \t\t\t\t\t\t\t\t\t\t\t class=\"card-style main-content-wrapper rov-card-style mb-4\">\n\n\t<h2 class=\"block-subtitle blue\">Publicaciones Electorales<\/h2>\n\n\t<div class=\"ctnr-block-content\"><p><strong>Gu\u00eda de Informaci\u00f3n para el Votante del Condado de San Bernardino<\/strong><\/p>\n<ul>\n<li>La\u00a0<strong>Gu\u00eda de Informaci\u00f3n para el Votante\u00a0<\/strong>es un folleto publicado por el Registro de Votantes del Condado de San Bernardino que incluye informaci\u00f3n sobre la votaci\u00f3n, los candidatos y las medidas, una boleta de muestra e informaci\u00f3n de las casillas electorales.<\/li>\n<li>La\u00a0<a href=\"https:\/\/www.sbcounty.gov\/uploads\/ROV\/Elections\/2019\/1105\/VIG-CMBSP.pdf?_=1569978028250\" target=\"_blank\" rel=\"noopener\">Gu\u00eda de Informaci\u00f3n para el Votante completa<\/a>\u00a0[pdf] contiene informaci\u00f3n de todos los cargos incluidos en las elecciones en el Condado de San Bernardino.<\/li>\n<li>La\u00a0<strong>Gu\u00eda de Informaci\u00f3n para el Votante espec\u00edfica de cada distrito electoral<\/strong>\u00a0contiene informaci\u00f3n de los cargos incluidos en las elecciones y las medidas que figuran en las boletas de cada distrito electoral. Puede consultar las Gu\u00edas de Informaci\u00f3n para el Votante espec\u00edficas de cada distrito electoral con la herramienta de\u00a0B\u00fasqueda de Casillas Electorales y de Gu\u00edas de Informaci\u00f3n para el Votante [ya no est\u00e1 disponible].<\/li>\n<li>La\u00a0Gu\u00eda de Informaci\u00f3n para el Votante de formato accesible [ya no est\u00e1 disponible] proporciona informaci\u00f3n electoral personalizada para los votantes que utilizan software de lectura de pantalla.<\/li>\n<\/ul>\n<p><a href=\"https:\/\/elections.sbcounty.gov\/es\/News\/2019\/\"><strong>Comunicados de Prensa y Avisos P\u00fablicos<\/strong><\/a><\/p>\n<\/div>\n\n  <\/section>\n\n\t\n\n  <section data-isd-block-id=\"rov-content-blockblock_04c7384c0138a7bda0d6823de599216b\"\n\t\t\t\t\t\t\t\t\t\t \t\t\t\t\t\t\t\t\t\t\t class=\"card-style main-content-wrapper rov-card-style mb-4\">\n\n\t<h2 class=\"block-subtitle blue\">Fechas Clave y Fechas L\u00edmite<\/h2>\n\n\t<div class=\"ctnr-block-content\"><table class=\"table table-striped\" style=\"width: 99%\">\n<thead>\n<tr style=\"text-align: left;font-weight: bold\">\n<th><strong>Fecha<\/strong><\/th>\n<th><strong>Acci\u00f3n<\/strong><\/th>\n<\/tr>\n<\/thead>\n<tbody>\n<tr>\n<td>15 de julio de 2019<\/td>\n<td>Comienza la presentaci\u00f3n de candidatos<\/td>\n<\/tr>\n<tr>\n<td>9 de agosto de 2019<\/td>\n<td>Fecha l\u00edmite de presentaci\u00f3n de candidatos<\/td>\n<\/tr>\n<tr>\n<td>1.\u00ba de octubre de 2019<\/td>\n<td>Se entregan las Gu\u00edas de Informaci\u00f3n para el Votante a la Oficina Postal de EE. UU.<\/td>\n<\/tr>\n<tr>\n<td>7 de octubre de 2019<\/td>\n<td>Comienza el voto anticipado<\/td>\n<\/tr>\n<tr>\n<td>7 de octubre de 2019<\/td>\n<td>Se entregan las Boletas por Correo a la Oficina Postal de EE. UU.<\/td>\n<\/tr>\n<tr>\n<td>21 de octubre de 2019<\/td>\n<td>Fecha l\u00edmite para el registro de votantes<\/td>\n<\/tr>\n<tr>\n<td>29 de octubre de 2019<\/td>\n<td>Fecha l\u00edmite para solicitar una Boleta por Correo<\/td>\n<\/tr>\n<tr>\n<td><strong>5 de noviembre de 2019<\/strong><\/td>\n<td><strong>D\u00eda de las Elecciones \u2013 Elecciones Consolidadas de 2019<\/strong><\/td>\n<\/tr>\n<tr>\n<td>6 de noviembre de 2019<\/td>\n<td>Comienza el escrutinio de las Elecciones<\/td>\n<\/tr>\n<tr>\n<td>25 de noviembre de 2019<\/td>\n<td>Fecha l\u00edmite para completar el escrutinio oficial y certificar los resultados<\/td>\n<\/tr>\n<\/tbody>\n<\/table>\n<\/div>\n\n  <\/section>\n\n\t\n\n  <section data-isd-block-id=\"rov-content-blockblock_b04f1068b63499b4dcd8e14c7bc8ba7a\"\n\t\t\t\t\t\t\t\t\t\t \t\t\t\t\t\t\t\t\t\t\t class=\"card-style main-content-wrapper rov-card-style mb-4\">\n\n\t<h2 class=\"block-subtitle blue\">Informaci\u00f3n de los Cargos y Candidatos<\/h2>\n\n\t<div class=\"ctnr-block-content\"><p><strong>Cargos a Elegir:<\/strong><\/p>\n<ul>\n<li>Consulte los\u00a0<a href=\"https:\/\/www.sbcounty.gov\/uploads\/ROV\/Elections\/2019\/1105\/List_OfficesUpForElection.pdf?_=1562964853891\" target=\"_blank\" rel=\"noopener\">Cargos a Elegir<\/a>\u00a0[pdf]\u00a0para las Elecciones Consolidadas de 2019<\/li>\n<\/ul>\n<p><strong>Presentaci\u00f3n de Candidatos:<\/strong><\/p>\n<p>El registro de candidatos comienza el 15 de julio de 2019 y termina el 9 de agosto de 2019.<\/p>\n<ul>\n<li>Consulte la\u00a0<a href=\"https:\/\/www.sbcounty.gov\/uploads\/ROV\/Elections\/2019\/1105\/Guide_CandidateFiling.pdf?_=1562964945475\" target=\"_blank\" rel=\"noopener\">Gu\u00eda de Presentaci\u00f3n de Candidaturas<\/a>\u00a0[pdf].<\/li>\n<\/ul>\n<p><strong>Declaraciones de los Candidatos:<\/strong><\/p>\n<ul>\n<li>Al momento de registrarse, los Candidatos deben pagar los costos estimados de imprimir su declaraci\u00f3n de candidato en la Gu\u00eda de Informaci\u00f3n para el Votante.<\/li>\n<li>Consulte el Ap\u00e9ndice N de la\u00a0<a href=\"https:\/\/www.sbcounty.gov\/uploads\/ROV\/Elections\/2019\/1105\/Guide_CandidateFiling.pdf?_=1562964945475\" target=\"_blank\" rel=\"noopener\">Gu\u00eda de Presentaci\u00f3n de Candidaturas<\/a>\u00a0[pdf] para ver los costos estimados de la declaraci\u00f3n de los candidatos para las Elecciones Consolidadas de 2019.<\/li>\n<li>Para presentar una declaraci\u00f3n de candidato, llene el Formulario de Declaraci\u00f3n del Candidato [ya no est\u00e1 disponible].<\/li>\n<\/ul>\n<p><strong>Lista de Candidatos:<\/strong><\/p>\n<ul>\n<li>Consulte la\u00a0<a href=\"https:\/\/www.sbcounty.gov\/uploads\/ROV\/Elections\/2019\/1105\/Report_CandidateList.pdf?_=1641317314570\" target=\"_blank\" rel=\"noopener\">Lista Definitiva de Candidatos<\/a>\u00a0[pdf].<\/li>\n<\/ul>\n<\/div>\n\n  <\/section>\n\n\t\n\n  <section data-isd-block-id=\"rov-content-blockblock_53e82f1d85ca0b2614e92d65e734fc3f\"\n\t\t\t\t\t\t\t\t\t\t \t\t\t\t\t\t\t\t\t\t\t class=\"card-style main-content-wrapper rov-card-style mb-4\">\n\n\t<h2 class=\"block-subtitle blue\">Registro de Votantes<\/h2>\n\n\t<div class=\"ctnr-block-content\"><p>Si quiere votar por correo o en la casilla electoral asignada a usted, su solicitud de registro de votante debe tener sello postal con fecha antes del\u00a0<strong>21 de octubre de 2019<\/strong>\u00a0para las Elecciones Consolidadas de 2019.<\/p>\n<p><strong>Si ya pas\u00f3 la fecha l\u00edmite de registro de votantes,<\/strong>\u00a0a\u00fan puede registrarse y votar personalmente en el Registro de Votantes\u00a0el d\u00eda de las elecciones o antes.<\/p>\n<ul>\n<li>Visite nuestra\u00a0<a href=\"https:\/\/elections.sbcounty.gov\/es\/VoterRegistration\/\">p\u00e1gina del Registro de Votantes<\/a>\u00a0para obtener informaci\u00f3n completa e instrucciones.<\/li>\n<li>Consulte el\u00a0<a href=\"https:\/\/www.sbcounty.gov\/uploads\/ROV\/Elections\/2019\/1105\/15DayCloseofRegistrationSummary.pdf?_=1641317314570\" target=\"_blank\" rel=\"noopener\">Resumen del Registro de Votantes Calificados<\/a>\u00a0[pdf].<\/li>\n<li>Consulte la p\u00e1gina de Voto Anticipado [ya no est\u00e1 disponible] para conocer las casillas para Voto Anticipado.<\/li>\n<\/ul>\n<\/div>\n\n  <\/section>\n\n\t\n\n  <section data-isd-block-id=\"rov-content-blockblock_1e0e2deb5e939ad2efa944ac49bfb64e\"\n\t\t\t\t\t\t\t\t\t\t \t\t\t\t\t\t\t\t\t\t\t class=\"card-style main-content-wrapper rov-card-style mb-4\">\n\n\t<h2 class=\"block-subtitle blue\">Opciones de Voto<\/h2>\n\n\t<div class=\"ctnr-block-content\"><ul>\n<li>Vote antes en el Registro de Votantes a partir del 7 de octubre de 2019.<\/li>\n<li>Vote en una Boleta de Voto por Correo. Se entregan las Boletas por Correo a la Oficina Postal de los Estados Unidos el 7 de octubre de 2019.\n<ul>\n<li>Llene una <a href=\"https:\/\/elections.sbcounty.gov\/voterregistration\/myelectiongatewayinfo\/\">Solicitud de Boleta por Correo en l\u00ednea<\/a>.<\/li>\n<li>Llene y devuelva una de las siguientes solicitudes:\n<ul>\n<li><a href=\"https:\/\/www.sbcounty.gov\/uploads\/ROV\/Elections\/2019\/1105\/Form_2019-11-05_MailBallotApplication_Fillable_ENG.pdf?_=1569013306917\" target=\"_blank\" rel=\"noopener\"><u>Solicitud de Boleta por Correo<\/u><\/a>\u00a0[pdf]<\/li>\n<\/ul>\n<\/li>\n<li>Encuentre un\u00a0Lugar para Depositar las Boletas de Voto por Correo [ya no est\u00e1 disponible]<\/li>\n<\/ul>\n<\/li>\n<li>Vote en las casillas el D\u00eda de las Elecciones, el 5 de noviembre de 2019, de 7 a.m. a 8 p.m.\n<ul>\n<li>Encuentre su\u00a0Casilla Electoral asignada [ya no est\u00e1 disponible]<\/li>\n<\/ul>\n<\/li>\n<\/ul>\n<p>Visite nuestra\u00a0<a href=\"https:\/\/elections.sbcounty.gov\/es\/Voting\/\">p\u00e1gina de Opciones de Voto<\/a>\u00a0para obtener la informaci\u00f3n completa y las instrucciones.<\/p>\n<p><strong>Votantes con Discapacidad:<\/strong><\/p>\n<p>Los votantes con discapacidades pueden votar independientemente, usando su computadora, para marcar una boleta accesible.<\/p>\n<ul>\n<li>Vote en una boleta accesible [ya no est\u00e1 disponible] para las Elecciones Consolidadas de 2019.<\/li>\n<\/ul>\n<p><strong>Votantes Militares y en el Extranjero:<\/strong><\/p>\n<p>Los ciudadanos Uniformados y en el Extranjero pueden obtener una\u00a0Gu\u00eda de Informaci\u00f3n para el Votante y Boleta de Muestra,\u00a0as\u00ed como una\u00a0Boleta para estas elecciones. [ya no esta disponible] Para obtener la informaci\u00f3n completa, visite el sitio web para los <a href=\"https:\/\/www.sos.ca.gov\/elections\/voter-registration\/military-overseas-voters\" target=\"_blank\" rel=\"noopener\">Votantes Militares y en el Extranjero<\/a> del Secretario de Estado.<\/p>\n<\/div>\n\n  <\/section>\n\n\t\n\n  <section data-isd-block-id=\"rov-content-blockblock_b60698337c40724dad9411608c6116d5\"\n\t\t\t\t\t\t\t\t\t\t \t\t\t\t\t\t\t\t\t\t\t class=\"card-style main-content-wrapper rov-card-style mb-4\">\n\n\t<h2 class=\"block-subtitle blue\">Solicite una Boleta de Muestra Traducida<\/h2>\n\n\t<div class=\"ctnr-block-content\"><p>Solicite una boleta de muestra traducida para las Elecciones Consolidadas de 2019:<\/p>\n<ul>\n<li>\u8981\u6c42\u4e2d\u6587\u9078\u7968\u7ffb\u8b6f\u6a23\u672c<\/li>\n<li>Kahilingan para sa Sampol na Balota na Nasalin sa Tagalog<\/li>\n<\/ul>\n<\/div>\n\n  <\/section>\n\n\t\n\n  <section data-isd-block-id=\"rov-content-blockblock_b60c5f00ce7c2b33b683a2669fc9f613\"\n\t\t\t\t\t\t\t\t\t\t \t\t\t\t\t\t\t\t\t\t\t class=\"card-style main-content-wrapper rov-card-style mb-4\">\n\n\t<h2 class=\"block-subtitle blue\">Estad\u00edsticas de Devoluci\u00f3n de Boletas por Correo<\/h2>\n\n\t<div class=\"ctnr-block-content\"><p>El Informe de Estad\u00edsticas de Devoluci\u00f3n de Boletas por Correo muestra la cantidad de boletas por correo que se han\u00a0emitido y devuelto\u00a0para las elecciones. Los datos presentados en este informe se actualizan diariamente y\u00a0pueden fluctuar\u00a0a medida que se reciben m\u00e1s solicitudes de boletas por correo\u00a0y\u00a0se procesan las boletas de voto por correo marcadas.<\/p>\n<ul>\n<li>Consulte el\u00a0<a href=\"https:\/\/www.sbcounty.gov\/uploads\/ROV\/Elections\/2019\/1105\/Report_MailBallotStats.pdf?_=1571273245983\" target=\"_blank\" rel=\"noopener\">Informe de Estad\u00edsticas de Devoluci\u00f3n de Boletas por Correo<\/a>\u00a0[pdf]\u00a0de estas elecciones.<\/li>\n<\/ul>\n<\/div>\n\n  <\/section>\n\n\t\n\n  <section data-isd-block-id=\"rov-content-blockblock_96acaf8d775e0d57e8941c2583743831\"\n\t\t\t\t\t\t\t\t\t\t \t\t\t\t\t\t\t\t\t\t\t class=\"card-style main-content-wrapper rov-card-style mb-4\">\n\n\t<h2 class=\"block-subtitle blue\">Resultados de las Elecciones<\/h2>\n\n\t<div class=\"ctnr-block-content\"><ul>\n<li><a href=\"https:\/\/results.rov.sbcounty.gov\/results\/20191105\/default.html\" target=\"_blank\" rel=\"noopener\">Resultados Finales Certificados de las Elecciones<\/a><\/li>\n<li><a href=\"https:\/\/elections.sbcounty.gov\/es\/Elections\/2019\/1105\/ResultSchedule\/\">Calendario de Publicaci\u00f3n de los Resultados de las Elecciones y Boletas Pendientes de Procesar<\/a><\/li>\n<li><a href=\"https:\/\/elections.sbcounty.gov\/es\/Elections\/2019\/1105\/ResultExplanation\/\">Explicaci\u00f3n de los Resultados de las Elecciones<\/a><\/li>\n<li><a href=\"https:\/\/www.sbcounty.gov\/uploads\/ROV\/Elections\/2019\/1105\/SOV\/StatementOfVotesCastRPT.pdf?_=1574467508409\" target=\"_blank\" rel=\"noopener\">Declaraci\u00f3n de Votos Emitidos<\/a>\u00a0[pdf]<\/li>\n<li><a href=\"https:\/\/www.sbcounty.gov\/uploads\/ROV\/Elections\/2019\/1105\/SOV\/StatementOfVotesCastRPT.xlsx\" target=\"_blank\" rel=\"noopener\">Declaraci\u00f3n de Votos Emitidos<\/a>\u00a0[xlsx]<\/li>\n<li><a href=\"https:\/\/elections.sbcounty.gov\/es\/voting\/provisionals\/\">B\u00fasqueda de Boletas Provisionales\u00a0<\/a><\/li>\n<\/ul>\n<\/div>\n\n  <\/section>\n\n\t","protected":false},"excerpt":{"rendered":"<p>Publicaciones Electorales Gu\u00eda de Informaci\u00f3n para el Votante del Condado de San Bernardino La\u00a0Gu\u00eda de Informaci\u00f3n para el Votante\u00a0es un folleto publicado por el Registro de Votantes del Condado de San Bernardino que incluye informaci\u00f3n sobre la votaci\u00f3n, los candidatos y las medidas, una boleta de muestra e informaci\u00f3n de<span class=\"ellipsis\">&#8230;<\/span><\/p>\n","protected":false},"author":19,"featured_media":37382,"parent":42567,"menu_order":0,"comment_status":"closed","ping_status":"closed","template":"templates\/rov-left-sidebar-template.php","meta":{"_acf_changed":false,"footnotes":""},"class_list":["post-42615","page","type-page","status-publish","has-post-thumbnail","hentry"],"acf":[],"_links":{"self":[{"href":"https:\/\/elections.sbcounty.gov\/es\/wp-json\/wp\/v2\/pages\/42615","targetHints":{"allow":["GET"]}}],"collection":[{"href":"https:\/\/elections.sbcounty.gov\/es\/wp-json\/wp\/v2\/pages"}],"about":[{"href":"https:\/\/elections.sbcounty.gov\/es\/wp-json\/wp\/v2\/types\/page"}],"author":[{"embeddable":true,"href":"https:\/\/elections.sbcounty.gov\/es\/wp-json\/wp\/v2\/users\/19"}],"replies":[{"embeddable":true,"href":"https:\/\/elections.sbcounty.gov\/es\/wp-json\/wp\/v2\/comments?post=42615"}],"version-history":[{"count":8,"href":"https:\/\/elections.sbcounty.gov\/es\/wp-json\/wp\/v2\/pages\/42615\/revisions"}],"predecessor-version":[{"id":83974,"href":"https:\/\/elections.sbcounty.gov\/es\/wp-json\/wp\/v2\/pages\/42615\/revisions\/83974"}],"up":[{"embeddable":true,"href":"https:\/\/elections.sbcounty.gov\/es\/wp-json\/wp\/v2\/pages\/42567"}],"wp:featuredmedia":[{"embeddable":true,"href":"https:\/\/elections.sbcounty.gov\/es\/wp-json\/wp\/v2\/media\/37382"}],"wp:attachment":[{"href":"https:\/\/elections.sbcounty.gov\/es\/wp-json\/wp\/v2\/media?parent=42615"}],"curies":[{"name":"wp","href":"https:\/\/api.w.org\/{rel}","templated":true}]}}