{"id":42597,"date":"2022-01-04T17:23:47","date_gmt":"2022-01-04T17:23:47","guid":{"rendered":"https:\/\/www.elections.sbcounty.gov\/?page_id=42597"},"modified":"2024-06-05T16:45:47","modified_gmt":"2024-06-05T23:45:47","slug":"0827","status":"publish","type":"page","link":"https:\/\/elections.sbcounty.gov\/es\/elections\/2019\/0827\/","title":{"rendered":"Archivo de Elecciones con Boletas por Correo del Distrito de Aguas Twentynine Palms"},"content":{"rendered":"  <section data-isd-block-id=\"rov-content-blockblock_6cec078c86b1104f956a827da92a8fb1\"\n\t\t\t\t\t\t\t\t\t\t \t\t\t\t\t\t\t\t\t\t\t class=\"card-style main-content-wrapper rov-card-style mb-4\">\n\n\t<h2 class=\"block-subtitle blue\">Publicaciones Electorales<\/h2>\n\n\t<div class=\"ctnr-block-content\"><p><strong>Gu\u00eda de Informaci\u00f3n para el Votante del Condado de San Bernardino<\/strong><\/p>\n<ul>\n<li>La\u00a0<a href=\"https:\/\/www.sbcounty.gov\/uploads\/ROV\/Elections\/2019\/0827\/VIG_Combined.pdf?_=1563895042960\" target=\"_blank\" rel=\"noopener\"><strong>Gu\u00eda de Informaci\u00f3n para el Votante<\/strong><\/a>\u00a0[pdf] es un folleto publicado por el Registro de Votantes del Condado de San Bernardino que incluye informaci\u00f3n sobre la votaci\u00f3n, los candidatos y las medidas.<\/li>\n<li>La\u00a0<strong>Gu\u00eda de Informaci\u00f3n para el Votante en formato accesible\u00a0<\/strong>[ya no est\u00e1 disponible]\u00a0brinda informaci\u00f3n electoral personalizada para los votantes que usan programas de lectura de pantalla.<\/li>\n<\/ul>\n<p><a href=\"https:\/\/elections.sbcounty.gov\/es\/News\/2019\/\"><strong>Comunicados de Prensa y Avisos P\u00fablicos<\/strong><\/a><\/p>\n<\/div>\n\n  <\/section>\n\n\t\n\n  <section data-isd-block-id=\"rov-content-blockblock_0f8a5ffcc95e23bc86b8cbf0d8137e6f\"\n\t\t\t\t\t\t\t\t\t\t \t\t\t\t\t\t\t\t\t\t\t class=\"card-style main-content-wrapper rov-card-style mb-4\">\n\n\t<h2 class=\"block-subtitle blue\">Fechas Clave y Fechas L\u00edmite<\/h2>\n\n\t<div class=\"ctnr-block-content\"><table class=\"table table-striped\" style=\"width: 99%\">\n<colgroup>\n<col \/>\n<col \/><\/colgroup>\n<thead>\n<tr style=\"text-align: center;font-weight: bold\">\n<th>\n<p align=\"left\"><strong>Fecha<\/strong><\/p>\n<\/th>\n<th>\n<p align=\"left\"><strong>Acci\u00f3n<\/strong><\/p>\n<\/th>\n<\/tr>\n<\/thead>\n<tbody>\n<tr>\n<td>6 de mayo de 2019<\/td>\n<td>Comienza la presentaci\u00f3n de candidatos<\/td>\n<\/tr>\n<tr>\n<td>31 de mayo de 2019<\/td>\n<td>Fecha l\u00edmite de presentaci\u00f3n de candidatos<\/td>\n<\/tr>\n<tr>\n<td>29 de julio de 2019<\/td>\n<td>Comienza el voto anticipado<\/td>\n<\/tr>\n<tr>\n<td>29 de julio de 2019<\/td>\n<td>Gu\u00edas de Informaci\u00f3n para el Votante y Boletas de Voto por Correo entregadas en la Oficina Postal de los EE. UU.<\/td>\n<\/tr>\n<tr>\n<td>12 de agosto de 2019<\/td>\n<td>Fecha l\u00edmite para el registro de votantes<\/td>\n<\/tr>\n<tr>\n<td><strong>27 de agosto de 2019<\/strong><\/td>\n<td><strong>D\u00eda de las Elecciones \u2013 Elecciones con Boletas por Correo del Distrito de Aguas Twentynine Palms<\/strong><\/td>\n<\/tr>\n<tr>\n<td>28 de agosto de 2019<\/td>\n<td>Comienza el escrutinio de las Elecciones<\/td>\n<\/tr>\n<tr>\n<td>26 de septiembre de 2019<\/td>\n<td>Fecha l\u00edmite para completar el escrutinio oficial y certificar los resultados<\/td>\n<\/tr>\n<\/tbody>\n<\/table>\n<\/div>\n\n  <\/section>\n\n\t\n\n  <section data-isd-block-id=\"rov-content-blockblock_597dac1d8526d8ea6bb7fb0483f2b8c5\"\n\t\t\t\t\t\t\t\t\t\t \t\t\t\t\t\t\t\t\t\t\t class=\"card-style main-content-wrapper rov-card-style mb-4\">\n\n\t<h2 class=\"block-subtitle blue\">Informaci\u00f3n de los Cargos y Candidatos<\/h2>\n\n\t<div class=\"ctnr-block-content\"><p><strong>Cargos a Elegir:<\/strong><\/p>\n<ul>\n<li>Consulte los\u00a0<a href=\"https:\/\/www.sbcounty.gov\/uploads\/ROV\/Elections\/2019\/0827\/List_OfficesUpForElection.pdf?_=1557162928801\" target=\"_blank\" rel=\"noopener\">Cargos Disponibles para la Elecci\u00f3n<\/a>\u00a0[pdf]\u00a0para la Elecciones con Boletas por Correo\u00a0del Distrito de Aguas Twentynine Palms.<\/li>\n<\/ul>\n<p><strong>Presentaci\u00f3n de Candidatos:<\/strong><\/p>\n<p>El registro de candidatos comienza el 6 de mayo de 2019 y termina el 31 de mayo de 2019.<\/p>\n<ul>\n<li>Consulte la\u00a0<a href=\"https:\/\/www.sbcounty.gov\/uploads\/ROV\/Elections\/2019\/0827\/Guide_CandidateFiling.pdf?_=1557360661609\" target=\"_blank\" rel=\"noopener\">Gu\u00eda de Presentaci\u00f3n de Candidatos<\/a>\u00a0[pdf].<\/li>\n<\/ul>\n<p><strong>Declaraciones de los Candidatos:<\/strong><\/p>\n<ul>\n<li>Consulte en el Ap\u00e9ndice N en la Gu\u00eda de Presentaci\u00f3n de Candidatos los Costos Estimados de las Declaraciones de los Candidato para las Elecciones con Boletas por Correo del Distrito de Aguas Twentynine Palms.\n<ul>\n<li>Los candidatos deben pagar los costos estimados de imprimir su declaraci\u00f3n de candidato en la Gu\u00eda de Informaci\u00f3n para el Votante al momento de registrarse.<\/li>\n<\/ul>\n<\/li>\n<\/ul>\n<ul>\n<li>Para presentar una declaraci\u00f3n de candidato, complete el Formulario de Declaraci\u00f3n del Candidato [ya no est\u00e1 disponible].<\/li>\n<\/ul>\n<p><strong>Lista de Candidatos:<\/strong><\/p>\n<ul>\n<li>Consulte la\u00a0<a href=\"https:\/\/www.sbcounty.gov\/uploads\/ROV\/Elections\/2019\/0827\/CandidateReportPublic.pdf?_=1561587270979\" target=\"_blank\" rel=\"noopener\">Lista Definitiva de Candidatos<\/a>\u00a0[pdf].<\/li>\n<\/ul>\n<\/div>\n\n  <\/section>\n\n\t\n\n  <section data-isd-block-id=\"rov-content-blockblock_a8cb39e76700f04c4886351390f2557f\"\n\t\t\t\t\t\t\t\t\t\t \t\t\t\t\t\t\t\t\t\t\t class=\"card-style main-content-wrapper rov-card-style mb-4\">\n\n\t<h2 class=\"block-subtitle blue\">Registro de Votantes<\/h2>\n\n\t<div class=\"ctnr-block-content\"><p>Si quiere votar por correo, su solicitud de registro de votante debe tener sello postal con fecha del\u00a0<strong>12 de agosto de 2019<\/strong> como m\u00e1ximo\u00a0para las Elecciones con Boletas por Correo del Distrito de Aguas Twentynine Palms.<\/p>\n<p><strong>Si ya pas\u00f3 la fecha l\u00edmite de registro de votantes,<\/strong>\u00a0a\u00fan puede registrarse y votar personalmente en el Registro de Votantes\u00a0el D\u00eda de las Elecciones o antes.<\/p>\n<ul>\n<li>Visite nuestra\u00a0<a href=\"https:\/\/elections.sbcounty.gov\/es\/VoterRegistration\/\">p\u00e1gina del Registro de Votantes<\/a>\u00a0para obtener toda la informaci\u00f3n e instrucciones.<\/li>\n<li>Consulte el\u00a0<a href=\"https:\/\/www.sbcounty.gov\/uploads\/ROV\/Elections\/2019\/0827\/15DayCloseofRegistrationSummary.pdf?_=1568684583936\" target=\"_blank\" rel=\"noopener\">Resumen del Registro de Votantes Calificados<\/a>\u00a0[pdf].<\/li>\n<li>Consulte las Casillas de Voto Anticipado en la p\u00e1gina de Voto Anticipado\u00a0[ya no est\u00e1 disponible].<\/li>\n<\/ul>\n<\/div>\n\n  <\/section>\n\n\t\n\n  <section data-isd-block-id=\"rov-content-blockblock_d4c92c8dc955fad61e9afb2b5a7b9d8a\"\n\t\t\t\t\t\t\t\t\t\t \t\t\t\t\t\t\t\t\t\t\t class=\"card-style main-content-wrapper rov-card-style mb-4\">\n\n\t<h2 class=\"block-subtitle blue\">Opciones de Voto<\/h2>\n\n\t<div class=\"ctnr-block-content\"><ul>\n<li>Vote anticipadamente en el Registro de Votantes a partir de 29 de julio de 2019.<\/li>\n<li>Vote en una Boleta de Voto por Correo. Las Boletas de Voto por Correo se entregar\u00e1n a la Oficina Postal de EE. UU. el 29 de julio de 2019.\n<ul>\n<li>Encuentre un\u00a0Lugar para Depositar las Boletas de Voto por Correo [ya no est\u00e1 disponible]<\/li>\n<\/ul>\n<\/li>\n<\/ul>\n<p>Visite nuestra p\u00e1gina Opciones de votaci\u00f3n\u00a0[ya no est\u00e1 disponible]\u00a0para obtener toda la informaci\u00f3n e instrucciones.<\/p>\n<p><strong>Votantes con Discapacidades:<\/strong><\/p>\n<p>Los votantes con discapacidades pueden votar independientemente, usando su computadora, para marcar una boleta accesible.<\/p>\n<ul>\n<li>Vote en\u00a0una\u00a0boleta accesible\u00a0[ya no est\u00e1 disponible]\u00a0para la Elecciones con Boletas por Correo del Distrito de Aguas Twentynine Palms.<\/li>\n<\/ul>\n<p><strong>Votantes Militares y en el Extranjero:<\/strong><\/p>\n<p>Los ciudadanos Uniformados y en el Extranjero pueden obtener una\u00a0Gu\u00eda de Informaci\u00f3n para el Votante\u00a0as\u00ed como una\u00a0Boleta\u00a0para estas elecciones [ya no est\u00e1 disponible]. Para obtener la informaci\u00f3n completa, visite el sitio web para los\u00a0<a href=\"https:\/\/www.sos.ca.gov\/elections\/voter-registration\/military-overseas-voters\" target=\"_blank\" rel=\"noopener\">Votantes Militares y en el Extranjero<\/a> de la Secretaria de Estado.<\/p>\n<\/div>\n\n  <\/section>\n\n\t\n\n  <section data-isd-block-id=\"rov-content-blockblock_612d73dac75de25a3e55f1705e74ec70\"\n\t\t\t\t\t\t\t\t\t\t \t\t\t\t\t\t\t\t\t\t\t class=\"card-style main-content-wrapper rov-card-style mb-4\">\n\n\t<h2 class=\"block-subtitle blue\">Estad\u00edsticas de Devoluci\u00f3n de Boletas por Correo<\/h2>\n\n\t<div class=\"ctnr-block-content\"><p>El Informe de Estad\u00edsticas de Devoluci\u00f3n de Boletas por Correo muestra la cantidad de boletas por correo que se han emitido y devuelto para las elecciones. Los datos presentados en este informe se actualizan diariamente y pueden fluctuar a medida que se reciben m\u00e1s solicitudes de boletas por correo y se procesan las boletas por correo marcadas.<\/p>\n<ul>\n<li>Consulte el\u00a0<a href=\"https:\/\/www.sbcounty.gov\/uploads\/ROV\/Elections\/2019\/0827\/Report_MailBallotStats.pdf?_=1641316556788\" target=\"_blank\" rel=\"noopener\">Informe de Estad\u00edsticas de Devoluci\u00f3n de Boletas por Correo<\/a>\u00a0[pdf] de estas elecciones.<\/li>\n<\/ul>\n<\/div>\n\n  <\/section>\n\n\t\n\n  <section data-isd-block-id=\"rov-content-blockblock_2c8c7370167fa8a50d2ac09decf016f6\"\n\t\t\t\t\t\t\t\t\t\t \t\t\t\t\t\t\t\t\t\t\t class=\"card-style main-content-wrapper rov-card-style mb-4\">\n\n\t<h2 class=\"block-subtitle blue\">Resultados de las Elecciones<\/h2>\n\n\t<div class=\"ctnr-block-content\"><ul>\n<li><a href=\"https:\/\/www.sbcounty.gov\/uploads\/ROV\/Elections\/2019\/0827\/Report_ResultsSummary.pdf\" target=\"_blank\" rel=\"noopener\">Resultados Finales Certificados de las Elecciones<\/a><\/li>\n<li><a href=\"https:\/\/elections.sbcounty.gov\/es\/Elections\/2019\/0827\/ResultSchedule\/\">Calendario de Publicaci\u00f3n de los Resultados de las Elecciones<\/a><\/li>\n<li><a href=\"https:\/\/www.sbcounty.gov\/uploads\/ROV\/Elections\/2019\/0827\/Report_StatementOfVoteWithPrivacy.pdf?_=1641316556788\" target=\"_blank\" rel=\"noopener\">Declaraci\u00f3n de Votos Emitidos<\/a><\/li>\n<\/ul>\n<\/div>\n\n  <\/section>\n\n\t","protected":false},"excerpt":{"rendered":"<p>Publicaciones Electorales Gu\u00eda de Informaci\u00f3n para el Votante del Condado de San Bernardino La\u00a0Gu\u00eda de Informaci\u00f3n para el Votante\u00a0[pdf] es un folleto publicado por el Registro de Votantes del Condado de San Bernardino que incluye informaci\u00f3n sobre la votaci\u00f3n, los candidatos y las medidas. La\u00a0Gu\u00eda de Informaci\u00f3n para el Votante<span class=\"ellipsis\">&#8230;<\/span><\/p>\n","protected":false},"author":19,"featured_media":37382,"parent":42567,"menu_order":0,"comment_status":"closed","ping_status":"closed","template":"templates\/rov-left-sidebar-template.php","meta":{"_acf_changed":false,"footnotes":""},"class_list":["post-42597","page","type-page","status-publish","has-post-thumbnail","hentry"],"acf":[],"_links":{"self":[{"href":"https:\/\/elections.sbcounty.gov\/es\/wp-json\/wp\/v2\/pages\/42597","targetHints":{"allow":["GET"]}}],"collection":[{"href":"https:\/\/elections.sbcounty.gov\/es\/wp-json\/wp\/v2\/pages"}],"about":[{"href":"https:\/\/elections.sbcounty.gov\/es\/wp-json\/wp\/v2\/types\/page"}],"author":[{"embeddable":true,"href":"https:\/\/elections.sbcounty.gov\/es\/wp-json\/wp\/v2\/users\/19"}],"replies":[{"embeddable":true,"href":"https:\/\/elections.sbcounty.gov\/es\/wp-json\/wp\/v2\/comments?post=42597"}],"version-history":[{"count":4,"href":"https:\/\/elections.sbcounty.gov\/es\/wp-json\/wp\/v2\/pages\/42597\/revisions"}],"predecessor-version":[{"id":83980,"href":"https:\/\/elections.sbcounty.gov\/es\/wp-json\/wp\/v2\/pages\/42597\/revisions\/83980"}],"up":[{"embeddable":true,"href":"https:\/\/elections.sbcounty.gov\/es\/wp-json\/wp\/v2\/pages\/42567"}],"wp:featuredmedia":[{"embeddable":true,"href":"https:\/\/elections.sbcounty.gov\/es\/wp-json\/wp\/v2\/media\/37382"}],"wp:attachment":[{"href":"https:\/\/elections.sbcounty.gov\/es\/wp-json\/wp\/v2\/media?parent=42597"}],"curies":[{"name":"wp","href":"https:\/\/api.w.org\/{rel}","templated":true}]}}