{"id":42576,"date":"2022-01-04T17:12:40","date_gmt":"2022-01-04T17:12:40","guid":{"rendered":"https:\/\/www.elections.sbcounty.gov\/?page_id=42576"},"modified":"2024-06-05T16:48:30","modified_gmt":"2024-06-05T23:48:30","slug":"0507","status":"publish","type":"page","link":"https:\/\/elections.sbcounty.gov\/es\/elections\/2019\/0507\/","title":{"rendered":"Archivo de Elecciones Especiales con Boletas por Correo del Distrito Electoral 3 de la Ciudad de San Bernardino"},"content":{"rendered":"  <section data-isd-block-id=\"rov-content-blockblock_e296e91ac08629f6d5007324986e3ba4\"\n\t\t\t\t\t\t\t\t\t\t \t\t\t\t\t\t\t\t\t\t\t class=\"card-style main-content-wrapper rov-card-style mb-4\">\n\n\t<h2 class=\"block-subtitle blue\">Publicaciones Electorales<\/h2>\n\n\t<div class=\"ctnr-block-content\"><p><strong>Gu\u00eda de Informaci\u00f3n para el Votante del Condado de San Bernardino<\/strong><\/p>\n<ul>\n<li>La\u00a0<a href=\"https:\/\/www.sbcounty.gov\/uploads\/ROV\/Elections\/2019\/0507\/VIG_Combined.pdf?_=1554136410907\" target=\"_blank\" rel=\"noopener\"><strong>Gu\u00eda de Informaci\u00f3n para el Votante<\/strong><\/a>\u00a0[pdf]\u00a0es un folleto publicado por el Registro de Votantes\u00a0del Condado de San Bernardino que incluye informaci\u00f3n sobre la votaci\u00f3n, los candidatos y las medidas en ingl\u00e9s y espa\u00f1ol.<\/li>\n<li>La\u00a0<strong>Gu\u00eda de Informaci\u00f3n para el Votante en formato accesible\u00a0<\/strong>[ya no est\u00e1 disponible]\u00a0brinda informaci\u00f3n electoral personalizada para los votantes que usan programas de lectura de pantalla.<\/li>\n<\/ul>\n<p><a href=\"https:\/\/elections.sbcounty.gov\/es\/News\/2019\/\"><strong>Comunicados de Prensa y Avisos P\u00fablicos<\/strong><\/a><\/p>\n<\/div>\n\n  <\/section>\n\n\t\n\n  <section data-isd-block-id=\"rov-content-blockblock_7612ca385202bb4f0e59ccdc91ae3fcf\"\n\t\t\t\t\t\t\t\t\t\t \t\t\t\t\t\t\t\t\t\t\t class=\"card-style main-content-wrapper rov-card-style mb-4\">\n\n\t<h2 class=\"block-subtitle blue\">Fechas Clave y Fechas L\u00edmite<\/h2>\n\n\t<div class=\"ctnr-block-content\"><table class=\"table table-striped\" style=\"width: 99%\">\n<colgroup>\n<col \/>\n<col \/><\/colgroup>\n<thead>\n<tr style=\"text-align: center;font-weight: bold\">\n<th>\n<p style=\"text-align: left\">Fecha<\/p>\n<\/th>\n<th>\n<p style=\"text-align: left\">Acci\u00f3n<\/p>\n<\/th>\n<\/tr>\n<\/thead>\n<tbody>\n<tr>\n<td>14 de enero de 2019<\/td>\n<td>Comienza la presentaci\u00f3n de candidatos<\/td>\n<\/tr>\n<tr>\n<td>8 de febrero de 2019<\/td>\n<td>Fecha l\u00edmite de presentaci\u00f3n de candidatos<\/td>\n<\/tr>\n<tr>\n<td>8 de abril de 2019<\/td>\n<td>Comienza el voto anticipado<\/td>\n<\/tr>\n<tr>\n<td>8 de abril de 2019<\/td>\n<td>Gu\u00edas de Informaci\u00f3n para el Votante y Boletas de Voto por Correo entregadas en la Oficina Postal de los EE. UU.<\/td>\n<\/tr>\n<tr>\n<td>22 de abril de 2019<\/td>\n<td>Fecha l\u00edmite para el registro de votantes<\/td>\n<\/tr>\n<tr>\n<td><strong>7 de mayo de 2019<\/strong><\/td>\n<td><strong>D\u00eda de elecciones \u2013 Elecciones Especiales con Boletas por Correo del Distrito Electoral 3 de la Ciudad de San Bernardino<\/strong><\/td>\n<\/tr>\n<tr>\n<td>8 de mayo de 2019<\/td>\n<td>Comienza el escrutinio de las elecciones<\/td>\n<\/tr>\n<tr>\n<td>31 de mayo de 2019<\/td>\n<td>Fecha l\u00edmite para completar el escrutinio oficial y certificar los resultados<\/td>\n<\/tr>\n<\/tbody>\n<\/table>\n<\/div>\n\n  <\/section>\n\n\t\n\n  <section data-isd-block-id=\"rov-content-blockblock_35442734ce7182e762ab64fc4e061971\"\n\t\t\t\t\t\t\t\t\t\t \t\t\t\t\t\t\t\t\t\t\t class=\"card-style main-content-wrapper rov-card-style mb-4\">\n\n\t<h2 class=\"block-subtitle blue\">Informaci\u00f3n del Candidato<\/h2>\n\n\t<div class=\"ctnr-block-content\"><p><strong>Lista de Candidatos:<\/strong><\/p>\n<ul>\n<li>Consulte la\u00a0<a href=\"https:\/\/www.sbcounty.gov\/uploads\/ROV\/Elections\/2019\/0507\/CandidateReportPublic.pdf?_=1552601483940\" target=\"_blank\" rel=\"noopener\">lista de Candidatos<\/a>\u00a0[pdf]<\/li>\n<\/ul>\n<\/div>\n\n  <\/section>\n\n\t\n\n  <section data-isd-block-id=\"rov-content-blockblock_8d0a449a9333409224efe1f7342e082b\"\n\t\t\t\t\t\t\t\t\t\t \t\t\t\t\t\t\t\t\t\t\t class=\"card-style main-content-wrapper rov-card-style mb-4\">\n\n\t<h2 class=\"block-subtitle blue\">Registro de Votantes<\/h2>\n\n\t<div class=\"ctnr-block-content\"><p>Si quiere votar por correo postal, su solicitud de registro de votante debe tener el sello postal con fecha del\u00a0<strong>22 de abril de 2019<\/strong>\u00a0como m\u00e1ximo para las Elecciones Especiales con Boletas por Correo del Distrito Electoral 3 de la Ciudad de San Bernardino del 7 de mayo de 2019.<\/p>\n<p><strong>Si ya pas\u00f3 la fecha l\u00edmite de registro de votantes,<\/strong>\u00a0a\u00fan puede registrarse y votar personalmente en la oficina de Elecciones el D\u00eda de las Elecciones o antes.<\/p>\n<ul>\n<li>Visite nuestra\u00a0<a href=\"https:\/\/elections.sbcounty.gov\/es\/VoterRegistration\/\">p\u00e1gina del Registro de Votantes<\/a>\u00a0para obtener toda la informaci\u00f3n e instrucciones.<\/li>\n<li>Consulte el\u00a0<a href=\"https:\/\/www.sbcounty.gov\/uploads\/ROV\/Elections\/2019\/0507\/15DayCloseofRegistrationSummary.pdf?_=1641315810017\" target=\"_blank\" rel=\"noopener\">Resumen del Registro de Votantes Calificados<\/a>\u00a0[pdf].<\/li>\n<\/ul>\n<\/div>\n\n  <\/section>\n\n\t\n\n  <section data-isd-block-id=\"rov-content-blockblock_37f335c8c99705089baa06dae068f366\"\n\t\t\t\t\t\t\t\t\t\t \t\t\t\t\t\t\t\t\t\t\t class=\"card-style main-content-wrapper rov-card-style mb-4\">\n\n\t<h2 class=\"block-subtitle blue\">Opciones de Voto<\/h2>\n\n\t<div class=\"ctnr-block-content\"><ul>\n<li>Vote anticipadamente en el Registro de Votantes a partir del 8 de abril de 2019.<\/li>\n<li>Vote en una Boleta de Voto por Correo. Las Boletas de Voto por Correo se entregar\u00e1n a la Oficina Postal de EE. UU.\u00a0el\u00a08 de abril de 2019.\n<ul>\n<li>Encuentre un\u00a0Lugar para Depositar las Boletas de Voto por Correo [ya no est\u00e1 disponible]<\/li>\n<\/ul>\n<\/li>\n<\/ul>\n<p>Visite nuestra\u00a0<a href=\"https:\/\/elections.sbcounty.gov\/es\/Voting\/\">p\u00e1gina Opciones de Voto<\/a>\u00a0para obtener toda la informaci\u00f3n e instrucciones.<\/p>\n<p><strong>Votantes con Discapacidades:<\/strong><\/p>\n<p>Los votantes con discapacidades pueden votar independientemente, usando su computadora, para marcar una boleta accesible.<\/p>\n<ul>\n<li>Vote en\u00a0una\u00a0boleta accesible para las Elecciones Especiales con Boletas por Correo del Distrito Electoral 3 de la Ciudad de San Bernardino del 7 de mayo de 2019 [ya no est\u00e1 disponible].<\/li>\n<\/ul>\n<p><strong>\u00a0<\/strong><strong>Votantes Militares y en el Extranjero:<\/strong><\/p>\n<p>Los Ciudadanos Uniformados y en el Extranjero pueden obtener una Gu\u00eda de Informaci\u00f3n para el Votante as\u00ed como una Boleta para estas elecciones [ya no est\u00e1 disponible]. Para obtener la informaci\u00f3n completa, visite el sitio web para los\u00a0<a href=\"https:\/\/www.sos.ca.gov\/elections\/voter-registration\/military-overseas-voters\" target=\"_blank\" rel=\"noopener\">Votantes Militares y en el Extranjero<\/a> de la Secretaria de Estado.<\/p>\n<\/div>\n\n  <\/section>\n\n\t\n\n  <section data-isd-block-id=\"rov-content-blockblock_5ff81ead2b18eea40dd6202b6ff45764\"\n\t\t\t\t\t\t\t\t\t\t \t\t\t\t\t\t\t\t\t\t\t class=\"card-style main-content-wrapper rov-card-style mb-4\">\n\n\t<h2 class=\"block-subtitle blue\">Solicite una Boleta de Muestra Traducida<\/h2>\n\n\t<div class=\"ctnr-block-content\"><p>Solicite una boleta de muestra traducida para las Elecciones Especiales con Boletas por Correo del Distrito Electoral 3 de la Ciudad de San Bernardino del 7 de mayo de 2019:<\/p>\n<ul>\n<li><a href=\"https:\/\/www.sbcounty.gov\/uploads\/ROV\/Voting\/VBM\/2019\/0507\/Form_TranslatedBallot_Request_CHINESE.pdf?_=1557167374966\" target=\"_blank\" rel=\"noopener\">\u8981\u6c42\u4e2d\u6587\u9078\u7968\u7ffb\u8b6f\u6a23\u672c<\/a><\/li>\n<li><a href=\"https:\/\/www.sbcounty.gov\/uploads\/ROV\/Voting\/VBM\/2019\/0507\/Form_TranslatedBallot_Request_KOREAN.pdf?_=1557167374966\" target=\"_blank\" rel=\"noopener\">\ud55c\uad6d\uc5b4\ub85c \ubc88\uc5ed\ub41c \uacac\ubcf8 \ud22c\ud45c\uc9c0 \uc2e0\uccad\uc11c<\/a><\/li>\n<li><a href=\"https:\/\/www.sbcounty.gov\/uploads\/ROV\/Voting\/VBM\/2019\/0507\/Form_TranslatedBallot_Request_TAGALOG.pdf?_=1557167374966\" target=\"_blank\" rel=\"noopener\">Kahilingan para sa Sampol na Balota na Nasalin sa Tagalog<\/a><\/li>\n<li><a href=\"https:\/\/www.sbcounty.gov\/uploads\/ROV\/Voting\/VBM\/2019\/0507\/Form_TranslatedBallot_Request_VIETNAMESE.pdf?_=1557167374966\" target=\"_blank\" rel=\"noopener\">Y\u00eau c\u1ea7u G\u1eedi M\u1eabu phi\u1ebfu B\u1ea7u c\u1eed \u0110\u00e3 \u0111\u01b0\u1ee3c d\u1ecbch sang Ti\u1ebfng Vi\u1ec7t<\/a><\/li>\n<\/ul>\n<\/div>\n\n  <\/section>\n\n\t\n\n  <section data-isd-block-id=\"rov-content-blockblock_2f236b21d8eadbee911b61ea98209790\"\n\t\t\t\t\t\t\t\t\t\t \t\t\t\t\t\t\t\t\t\t\t class=\"card-style main-content-wrapper rov-card-style mb-4\">\n\n\t<h2 class=\"block-subtitle blue\">Estad\u00edsticas de Devoluci\u00f3n de Boletas por Correo<\/h2>\n\n\t<div class=\"ctnr-block-content\"><p>El Informe de Estad\u00edsticas de Devoluci\u00f3n de Boletas por Correo muestra el n\u00famero de boletas por correo que se han emitido y devuelto en las elecciones, as\u00ed como las estad\u00edsticas hist\u00f3ricas de las elecciones anteriores. Los datos presentados en este informe se actualizan diariamente y pueden fluctuar a medida que se reciben m\u00e1s solicitudes de boletas por correo y se procesan las boletas por correo marcadas.<\/p>\n<ul>\n<li>Consulte el\u00a0<a href=\"https:\/\/www.sbcounty.gov\/uploads\/ROV\/Elections\/2019\/0507\/Report_MailBallotStats.pdf?_=1641315810017\" target=\"_blank\" rel=\"noopener\">Informe de Estad\u00edsticas de Devoluci\u00f3n de Boletas por Correo<\/a>\u00a0[pdf] de estas elecciones.<\/li>\n<\/ul>\n<\/div>\n\n  <\/section>\n\n\t\n\n  <section data-isd-block-id=\"rov-content-blockblock_3e2f9b34b84ba230c65c6431260d052d\"\n\t\t\t\t\t\t\t\t\t\t \t\t\t\t\t\t\t\t\t\t\t class=\"card-style main-content-wrapper rov-card-style mb-4\">\n\n\t<h2 class=\"block-subtitle blue\">Resultados de las Elecciones<\/h2>\n\n\t<div class=\"ctnr-block-content\"><ul>\n<li><a href=\"https:\/\/results.rov.sbcounty.gov\/results\/20190507\/default.html\" target=\"_blank\" rel=\"noopener\">Resultados Finales Certificados de las Elecciones<\/a><\/li>\n<li><a href=\"https:\/\/elections.sbcounty.gov\/es\/elections\/2019\/0507\/resultschedule\/\">Calendario de Publicaci\u00f3n de los Resultados de las Elecciones<\/a><\/li>\n<li><a href=\"https:\/\/www.sbcounty.gov\/uploads\/ROV\/Elections\/2019\/0507\/Report_StatementOfVotesCast_2019-05-07.pdf?_=1641315810017\" target=\"_blank\" rel=\"noopener\">Declaraci\u00f3n de Votos Emitidos<\/a>\u00a0[pdf]<\/li>\n<\/ul>\n<\/div>\n\n  <\/section>\n\n\t","protected":false},"excerpt":{"rendered":"<p>Publicaciones Electorales Gu\u00eda de Informaci\u00f3n para el Votante del Condado de San Bernardino La\u00a0Gu\u00eda de Informaci\u00f3n para el Votante\u00a0[pdf]\u00a0es un folleto publicado por el Registro de Votantes\u00a0del Condado de San Bernardino que incluye informaci\u00f3n sobre la votaci\u00f3n, los candidatos y las medidas en ingl\u00e9s y espa\u00f1ol. La\u00a0Gu\u00eda de Informaci\u00f3n para<span class=\"ellipsis\">&#8230;<\/span><\/p>\n","protected":false},"author":19,"featured_media":37382,"parent":42567,"menu_order":0,"comment_status":"closed","ping_status":"closed","template":"templates\/rov-left-sidebar-template.php","meta":{"_acf_changed":false,"footnotes":""},"class_list":["post-42576","page","type-page","status-publish","has-post-thumbnail","hentry"],"acf":[],"_links":{"self":[{"href":"https:\/\/elections.sbcounty.gov\/es\/wp-json\/wp\/v2\/pages\/42576","targetHints":{"allow":["GET"]}}],"collection":[{"href":"https:\/\/elections.sbcounty.gov\/es\/wp-json\/wp\/v2\/pages"}],"about":[{"href":"https:\/\/elections.sbcounty.gov\/es\/wp-json\/wp\/v2\/types\/page"}],"author":[{"embeddable":true,"href":"https:\/\/elections.sbcounty.gov\/es\/wp-json\/wp\/v2\/users\/19"}],"replies":[{"embeddable":true,"href":"https:\/\/elections.sbcounty.gov\/es\/wp-json\/wp\/v2\/comments?post=42576"}],"version-history":[{"count":3,"href":"https:\/\/elections.sbcounty.gov\/es\/wp-json\/wp\/v2\/pages\/42576\/revisions"}],"predecessor-version":[{"id":83983,"href":"https:\/\/elections.sbcounty.gov\/es\/wp-json\/wp\/v2\/pages\/42576\/revisions\/83983"}],"up":[{"embeddable":true,"href":"https:\/\/elections.sbcounty.gov\/es\/wp-json\/wp\/v2\/pages\/42567"}],"wp:featuredmedia":[{"embeddable":true,"href":"https:\/\/elections.sbcounty.gov\/es\/wp-json\/wp\/v2\/media\/37382"}],"wp:attachment":[{"href":"https:\/\/elections.sbcounty.gov\/es\/wp-json\/wp\/v2\/media?parent=42576"}],"curies":[{"name":"wp","href":"https:\/\/api.w.org\/{rel}","templated":true}]}}