{"id":42558,"date":"2022-01-04T16:57:45","date_gmt":"2022-01-04T16:57:45","guid":{"rendered":"https:\/\/www.elections.sbcounty.gov\/?page_id=42558"},"modified":"2024-06-05T16:52:11","modified_gmt":"2024-06-05T23:52:11","slug":"1204","status":"publish","type":"page","link":"https:\/\/elections.sbcounty.gov\/es\/elections\/2018\/1204\/","title":{"rendered":"Archivo de Elecciones 2018 de la Asociaci\u00f3n para la Jubilaci\u00f3n de los Empleados del Condado de San Bernardino"},"content":{"rendered":"  <section data-isd-block-id=\"rov-content-blockblock_3108bb460babc3b867416d877c981091\"\n\t\t\t\t\t\t\t\t\t\t \t\t\t\t\t\t\t\t\t\t\t class=\"card-style main-content-wrapper rov-card-style mb-4\">\n\n\t<h2 class=\"block-subtitle blue\">Publicaciones Electorales<\/h2>\n\n\t<div class=\"ctnr-block-content\"><ul>\n<li>La\u00a0<strong>Gu\u00eda de Informaci\u00f3n para el Votante<\/strong>\u00a0es un folleto publicado por el Registro de Votantes del Condado de San Bernardino\u00a0que incluye informaci\u00f3n sobre la votaci\u00f3n y\u00a0los\u00a0candidatos.<\/li>\n<li>Consulte la\u00a0<a href=\"https:\/\/www.sbcounty.gov\/uploads\/ROV\/Elections\/2018\/1204\/VIG_GeneralMembers.pdf\" target=\"_blank\" rel=\"noopener\">Gu\u00eda de Informaci\u00f3n para el Votante para Miembros Generales de la SBCERA<\/a>\u00a0[pdf].<\/li>\n<li>Consulte la\u00a0<a href=\"https:\/\/www.sbcounty.gov\/uploads\/ROV\/Elections\/2018\/1204\/VIG_SafetyMembers.pdf\" target=\"_blank\" rel=\"noopener\">Gu\u00eda de Informaci\u00f3n para el Votante para Miembros de Seguridad de la SBCERA<\/a>\u00a0[pdf].<\/li>\n<\/ul>\n<p><a href=\"https:\/\/elections.sbcounty.gov\/es\/News\/2018\/\"><strong>Comunicados de Prensa y Avisos P\u00fablicos<\/strong><\/a><\/p>\n<\/div>\n\n  <\/section>\n\n\t\n\n  <section data-isd-block-id=\"rov-content-blockblock_6234096f98c374d547f00d9e1e4df751\"\n\t\t\t\t\t\t\t\t\t\t \t\t\t\t\t\t\t\t\t\t\t class=\"card-style main-content-wrapper rov-card-style mb-4\">\n\n\t<h2 class=\"block-subtitle blue\">Fechas Clave y Fechas L\u00edmite<\/h2>\n\n\t<div class=\"ctnr-block-content\"><table class=\"table table-striped\">\n<tbody>\n<tr>\n<th>Date<\/th>\n<th>Action<\/th>\n<\/tr>\n<tr>\n<td>13 de agosto de 2018<\/td>\n<td>Comienza la presentaci\u00f3n de candidatos<\/td>\n<\/tr>\n<tr>\n<td>7 de septiembre de 2018<\/td>\n<td>Fecha l\u00edmite de presentaci\u00f3n de candidatos<\/td>\n<\/tr>\n<tr>\n<td>5 de noviembre de 2018<\/td>\n<td>Comienza el voto anticipado<\/td>\n<\/tr>\n<tr>\n<td>5 de noviembre de 2018<\/td>\n<td>Gu\u00edas de Informaci\u00f3n para el Votante y Boletas por Correo entregadas en la oficina postal<\/td>\n<\/tr>\n<tr>\n<td>4 de diciembre de 2018<\/td>\n<td>D\u00eda de las Elecciones \u2013 Elecciones de la Asociaci\u00f3n para la Jubilaci\u00f3n de los Empleados del Condado de San Bernardino<\/td>\n<\/tr>\n<\/tbody>\n<\/table>\n<\/div>\n\n  <\/section>\n\n\t\n\n  <section data-isd-block-id=\"rov-content-blockblock_f5d74bbe46d9a70b711c4cec95b5c7e9\"\n\t\t\t\t\t\t\t\t\t\t \t\t\t\t\t\t\t\t\t\t\t class=\"card-style main-content-wrapper rov-card-style mb-4\">\n\n\t<h2 class=\"block-subtitle blue\">Informaci\u00f3n de los Cargos y Candidatos<\/h2>\n\n\t<div class=\"ctnr-block-content\"><p><strong>Cargos a Elegir:<\/strong><\/p>\n<ul>\n<li>Vea los <a href=\"https:\/\/www.sbcounty.gov\/uploads\/ROV\/Elections\/2018\/1204\/Notice_NoticeOfElectionRetirementBoard.pdf\" target=\"_blank\" rel=\"noopener\">Cargos a Elegir<\/a>\u00a0[pdf].<\/li>\n<\/ul>\n<p><strong>Presentaci\u00f3n de Candidatos:<\/strong><\/p>\n<ul>\n<li>La presentaci\u00f3n de candidatos comienza el 13 de agosto de 2018\u00a0y finaliza el 7 de septiembre de 2018.<\/li>\n<\/ul>\n<p><strong>Declaraciones de los Candidatos:<\/strong><\/p>\n<ul>\n<li>Consulte los\u00a0<a href=\"https:\/\/www.sbcounty.gov\/uploads\/ROV\/Elections\/2018\/1204\/Notice_CandidateStatementCosts.pdf\" target=\"_blank\" rel=\"noopener\">Costos Estimados de las Declaraciones de los Candidatos<\/a>\u00a0[pdf].<\/li>\n<\/ul>\n<ul>\n<li style=\"list-style-type: none\">\n<ul>\n<li>Los candidatos deben pagar los costos estimados de imprimir su declaraci\u00f3n de candidato en la Gu\u00eda de Informaci\u00f3n para el Votante al momento de registrarse.<\/li>\n<\/ul>\n<\/li>\n<\/ul>\n<ul>\n<li>Para presentar una declaraci\u00f3n de candidato, complete el Formulario de Declaraci\u00f3n del Candidato [ya no est\u00e1 disponible].<\/li>\n<\/ul>\n<p><strong>Lista de Candidatos:<\/strong><\/p>\n<ul>\n<li>Consulte la\u00a0<a href=\"https:\/\/www.sbcounty.gov\/uploads\/ROV\/Elections\/2018\/1204\/Notice_ListOfCandidates.pdf\" target=\"_blank\" rel=\"noopener\">Lista Definitiva de Candidatos<\/a>\u00a0[pdf].<\/li>\n<\/ul>\n<\/div>\n\n  <\/section>\n\n\t\n\n  <section data-isd-block-id=\"rov-content-blockblock_1e0a8d40a90283b9f0343f1441a2b87d\"\n\t\t\t\t\t\t\t\t\t\t \t\t\t\t\t\t\t\t\t\t\t class=\"card-style main-content-wrapper rov-card-style mb-4\">\n\n\t<h2 class=\"block-subtitle blue\">Opciones de Voto<\/h2>\n\n\t<div class=\"ctnr-block-content\"><ul>\n<li>Vote con anticipaci\u00f3n en la oficina del Registro de Votantes a partir del\u00a05 de noviembre\u00a0de 2018.<\/li>\n<\/ul>\n<\/div>\n\n  <\/section>\n\n\t\n\n  <section data-isd-block-id=\"rov-content-blockblock_ba6fc1075e0f463d4e9ea858f8292afb\"\n\t\t\t\t\t\t\t\t\t\t \t\t\t\t\t\t\t\t\t\t\t class=\"card-style main-content-wrapper rov-card-style mb-4\">\n\n\t<h2 class=\"block-subtitle blue\">Resultados de las Elecciones<\/h2>\n\n\t<div class=\"ctnr-block-content\"><ul>\n<li><a href=\"https:\/\/www.sbcounty.gov\/uploads\/ROV\/Elections\/2018\/1204\/Statement_CertificationOfElectionResults.pdf\" target=\"_blank\" rel=\"noopener\">Declaraci\u00f3n de Certificaci\u00f3n de los Resultados de las Elecciones<\/a><\/li>\n<li><a href=\"https:\/\/www.sbcounty.gov\/uploads\/ROV\/Elections\/2018\/1204\/Report_ElectionResults_SBCERA.pdf\" target=\"_blank\" rel=\"noopener\">Resumen de los Resultados Certificados de las Elecciones<\/a><\/li>\n<\/ul>\n<\/div>\n\n  <\/section>\n\n\t","protected":false},"excerpt":{"rendered":"<p>Publicaciones Electorales La\u00a0Gu\u00eda de Informaci\u00f3n para el Votante\u00a0es un folleto publicado por el Registro de Votantes del Condado de San Bernardino\u00a0que incluye informaci\u00f3n sobre la votaci\u00f3n y\u00a0los\u00a0candidatos. Consulte la\u00a0Gu\u00eda de Informaci\u00f3n para el Votante para Miembros Generales de la SBCERA\u00a0[pdf]. Consulte la\u00a0Gu\u00eda de Informaci\u00f3n para el Votante para Miembros de<span class=\"ellipsis\">&#8230;<\/span><\/p>\n","protected":false},"author":19,"featured_media":37382,"parent":34499,"menu_order":0,"comment_status":"closed","ping_status":"closed","template":"templates\/rov-left-sidebar-template.php","meta":{"_acf_changed":false,"footnotes":""},"class_list":["post-42558","page","type-page","status-publish","has-post-thumbnail","hentry"],"acf":[],"_links":{"self":[{"href":"https:\/\/elections.sbcounty.gov\/es\/wp-json\/wp\/v2\/pages\/42558","targetHints":{"allow":["GET"]}}],"collection":[{"href":"https:\/\/elections.sbcounty.gov\/es\/wp-json\/wp\/v2\/pages"}],"about":[{"href":"https:\/\/elections.sbcounty.gov\/es\/wp-json\/wp\/v2\/types\/page"}],"author":[{"embeddable":true,"href":"https:\/\/elections.sbcounty.gov\/es\/wp-json\/wp\/v2\/users\/19"}],"replies":[{"embeddable":true,"href":"https:\/\/elections.sbcounty.gov\/es\/wp-json\/wp\/v2\/comments?post=42558"}],"version-history":[{"count":4,"href":"https:\/\/elections.sbcounty.gov\/es\/wp-json\/wp\/v2\/pages\/42558\/revisions"}],"predecessor-version":[{"id":83986,"href":"https:\/\/elections.sbcounty.gov\/es\/wp-json\/wp\/v2\/pages\/42558\/revisions\/83986"}],"up":[{"embeddable":true,"href":"https:\/\/elections.sbcounty.gov\/es\/wp-json\/wp\/v2\/pages\/34499"}],"wp:featuredmedia":[{"embeddable":true,"href":"https:\/\/elections.sbcounty.gov\/es\/wp-json\/wp\/v2\/media\/37382"}],"wp:attachment":[{"href":"https:\/\/elections.sbcounty.gov\/es\/wp-json\/wp\/v2\/media?parent=42558"}],"curies":[{"name":"wp","href":"https:\/\/api.w.org\/{rel}","templated":true}]}}