{"id":42495,"date":"2022-01-04T16:33:09","date_gmt":"2022-01-04T16:33:09","guid":{"rendered":"https:\/\/www.elections.sbcounty.gov\/?page_id=42495"},"modified":"2022-01-04T16:33:09","modified_gmt":"2022-01-04T16:33:09","slug":"measures","status":"publish","type":"page","link":"https:\/\/elections.sbcounty.gov\/es\/elections\/2018\/1106\/measures\/","title":{"rendered":"Elecciones Generales Estatales de 2018 \u2013 Medidas"},"content":{"rendered":"  <section data-isd-block-id=\"rov-content-blockblock_93f9da94ce62e737ff80bd95ba25e2e5\"\n\t\t\t\t\t\t\t\t\t\t \t\t\t\t\t\t\t\t\t\t\t class=\"card-style main-content-wrapper rov-card-style mb-4\">\n\n\t<h2 class=\"block-subtitle blue\">Elecciones Generales Estatales de 2018 \u2013 Medidas<\/h2>\n\n\t<div class=\"ctnr-block-content\"><table class=\"table striped\" style=\"border-collapse: collapse\" border=\"1\">\n<tbody>\n<tr>\n<th><strong>Letra<\/strong><\/th>\n<th><strong>Jurisdicci\u00f3n<\/strong><\/th>\n<th><strong>Descripci\u00f3n de la Medida<\/strong><\/th>\n<th><strong>An\u00e1lisis<\/strong><\/th>\n<th><strong>Argumentos<\/strong><\/th>\n<th><strong>Porcentaje<br \/>\npara ser Aprobada<\/strong><\/th>\n<\/tr>\n<tr>\n<td style=\"text-align: center\"><a href=\"https:\/\/www.sbcounty.gov\/uploads\/ROV\/Elections\/2018\/1106\/Measures\/CC_SanBernardinoCCD\/NoticeOfElection_SanBernardinoCCD.pdf\" target=\"_blank\" rel=\"noopener\">CC<\/a><\/td>\n<td><a href=\"https:\/\/www.sbcounty.gov\/uploads\/ROV\/Elections\/2018\/1106\/Measures\/CC_SanBernardinoCCD\/Resolution_SanBernardinoCCD.pdf\" target=\"_blank\" rel=\"noopener\">Distrito de Colegios Comunitarios San Bernardino<\/a><\/td>\n<td><a href=\"https:\/\/www.sbcounty.gov\/uploads\/ROV\/Elections\/2018\/1106\/Measures\/CC_SanBernardinoCCD\/FullText_SanBernardinoCCD.pdf\" target=\"_blank\" rel=\"noopener\">Propuesta de Bonos<\/a><\/td>\n<td><a href=\"https:\/\/www.sbcounty.gov\/uploads\/ROV\/Elections\/2018\/1106\/Measures\/CC_SanBernardinoCCD\/ImpartialAnalysis_SanBernardinoCCD.pdf\" target=\"_blank\" rel=\"noopener\">Imparcial<\/a>\n<p><a href=\"https:\/\/www.sbcounty.gov\/uploads\/ROV\/Elections\/2018\/1106\/Measures\/CC_SanBernardinoCCD\/TaxRateStatement_SanBernardinoCCD.pdf\" target=\"_blank\" rel=\"noopener\">Declaraci\u00f3n de la Tasa de Impuestos<\/a><\/p><\/td>\n<td>&#8211;\u00a0<a href=\"https:\/\/www.sbcounty.gov\/uploads\/ROV\/Elections\/2018\/1106\/Measures\/CC_SanBernardinoCCD\/ArgumentFor_SanBernardinoCCD.pdf\" target=\"_blank\" rel=\"noopener\">Argumento a Favor<\/a><br \/>\n&#8211; <a href=\"https:\/\/www.sbcounty.gov\/uploads\/ROV\/Elections\/2018\/1106\/Measures\/CC_SanBernardinoCCD\/RebuttalToArgumentFor_SanBernardinoCCD.pdf\" target=\"_blank\" rel=\"noopener\">Refutaci\u00f3n del Argumento a Favor<\/a><br \/>\n&#8211; <a href=\"https:\/\/www.sbcounty.gov\/uploads\/ROV\/Elections\/2018\/1106\/Measures\/CC_SanBernardinoCCD\/ArgumentAgainst_SanBernardinoCCD.pdf\" target=\"_blank\" rel=\"noopener\">Argumento en Contra<\/a><br \/>\n&#8211;\u00a0<a href=\"https:\/\/www.sbcounty.gov\/uploads\/ROV\/Elections\/2018\/1106\/Measures\/CC_SanBernardinoCCD\/RebuttalToArgumentAgainst_SanBernardinoCCD.pdf\" target=\"_blank\" rel=\"noopener\">Refutaci\u00f3n del Argumento en Contra<\/a><\/td>\n<td>55%<\/td>\n<\/tr>\n<tr>\n<td style=\"text-align: center\"><a href=\"https:\/\/www.sbcounty.gov\/uploads\/ROV\/Elections\/2018\/1106\/Measures\/O_MorongoUSD\/NoticeOfElection_MorongoUSD.pdf\" target=\"_blank\" rel=\"noopener\">O<\/a><\/td>\n<td><a href=\"https:\/\/www.sbcounty.gov\/uploads\/ROV\/Elections\/2018\/1106\/Measures\/O_MorongoUSD\/Resolution_MorongoUSD.pdf\" target=\"_blank\" rel=\"noopener\">Distrito Escolar Unificado Morongo<\/a><\/td>\n<td><a href=\"https:\/\/www.sbcounty.gov\/uploads\/ROV\/Elections\/2018\/1106\/Measures\/O_MorongoUSD\/FullText_MorongoUSD.pdf\" target=\"_blank\" rel=\"noopener\">Propuesta de Bonos<\/a><\/td>\n<td><a href=\"https:\/\/www.sbcounty.gov\/uploads\/ROV\/Elections\/2018\/1106\/Measures\/O_MorongoUSD\/ImpartialAnalysis_MorongoUSD.pdf\" target=\"_blank\" rel=\"noopener\">Imparcial<\/a>\n<p><a href=\"https:\/\/www.sbcounty.gov\/uploads\/ROV\/Elections\/2018\/1106\/Measures\/O_MorongoUSD\/TaxRateStatement_MorongoUSD.pdf\" target=\"_blank\" rel=\"noopener\">Declaraci\u00f3n de la Tasa de Impuestos<\/a><\/p><\/td>\n<td>&#8211;\u00a0<a href=\"https:\/\/www.sbcounty.gov\/uploads\/ROV\/Elections\/2018\/1106\/Measures\/O_MorongoUSD\/ArgumentFor_MorongoUSD.pdf\" target=\"_blank\" rel=\"noopener\">Argumento a Favor<\/a><br \/>\n&#8211; No se present\u00f3 ning\u00fan Argumento en Contra<\/td>\n<td>55%<\/td>\n<\/tr>\n<tr>\n<td style=\"text-align: center\"><a href=\"https:\/\/www.sbcounty.gov\/uploads\/ROV\/Elections\/2018\/1106\/Measures\/P_ChaffeyCCD\/NoticeOfElection_ChaffeyCCD.pdf\" target=\"_blank\" rel=\"noopener\">P<\/a><\/td>\n<td><a href=\"https:\/\/www.sbcounty.gov\/uploads\/ROV\/Elections\/2018\/1106\/Measures\/P_ChaffeyCCD\/Resolution_ChaffeyCCD.pdf\" target=\"_blank\" rel=\"noopener\">Distrito de Colegios Comunitarios Chaffey<\/a><\/td>\n<td><a href=\"https:\/\/www.sbcounty.gov\/uploads\/ROV\/Elections\/2018\/1106\/Measures\/P_ChaffeyCCD\/FullText_ChaffeyCCD.pdf\" target=\"_blank\" rel=\"noopener\">Propuesta de Bonos<\/a><\/td>\n<td><a href=\"https:\/\/www.sbcounty.gov\/uploads\/ROV\/Elections\/2018\/1106\/Measures\/P_ChaffeyCCD\/ImpartialAnalysis_ChaffeyCCD.pdf\" target=\"_blank\" rel=\"noopener\">Imparcial<\/a>\n<p><a href=\"https:\/\/www.sbcounty.gov\/uploads\/ROV\/Elections\/2018\/1106\/Measures\/P_ChaffeyCCD\/TaxRateStatement_ChaffeyCCD.pdf\" target=\"_blank\" rel=\"noopener\">Declaraci\u00f3n de la Tasa de Impuestos<\/a><\/p><\/td>\n<td>&#8211;\u00a0<a href=\"https:\/\/www.sbcounty.gov\/uploads\/ROV\/Elections\/2018\/1106\/Measures\/P_ChaffeyCCD\/ArgumentFor_ChaffeyCCD.pdf\" target=\"_blank\" rel=\"noopener\">Argumento a Favor<\/a><br \/>\n&#8211; No se present\u00f3 ninguna Refutaci\u00f3n del Argumento a Favor<br \/>\n&#8211; <a href=\"https:\/\/www.sbcounty.gov\/uploads\/ROV\/Elections\/2018\/1106\/Measures\/P_ChaffeyCCD\/ArgumentAgainst_ChaffeyCCD.pdf\" target=\"_blank\" rel=\"noopener\">Argumento en Contra<\/a><br \/>\n&#8211;\u00a0<a href=\"https:\/\/www.sbcounty.gov\/uploads\/ROV\/Elections\/2018\/1106\/Measures\/P_ChaffeyCCD\/RebuttalToArgumentAgainst_ChaffeyCCD.pdf\" target=\"_blank\" rel=\"noopener\">Refutaci\u00f3n del Argumento en Contra<\/a><\/td>\n<td>55%<\/td>\n<\/tr>\n<tr>\n<td style=\"text-align: center\">Q<\/td>\n<td><a href=\"https:\/\/www.sbcounty.gov\/uploads\/ROV\/Elections\/2018\/1106\/Measures\/Q_CityOfBarstow\/Resolution_CityOfBarstow.pdf\" target=\"_blank\" rel=\"noopener\">Ciudad de Barstow<\/a><\/td>\n<td><a href=\"https:\/\/www.sbcounty.gov\/uploads\/ROV\/Elections\/2018\/1106\/Measures\/Q_CityOfBarstow\/Ordinance_CityOfBarstow.pdf\" target=\"_blank\" rel=\"noopener\">Impuesto sobre Transacciones y Compras<\/a><\/td>\n<td><a href=\"https:\/\/www.sbcounty.gov\/uploads\/ROV\/Elections\/2018\/1106\/Measures\/Q_CityOfBarstow\/Impartial_CityOfBarstow.pdf\" target=\"_blank\" rel=\"noopener\">Imparcial<\/a><\/td>\n<td>&#8211;\u00a0<a href=\"https:\/\/www.sbcounty.gov\/uploads\/ROV\/Elections\/2018\/1106\/Measures\/Q_CityOfBarstow\/ArgumentFor_CityOfBarstow.pdf\" target=\"_blank\" rel=\"noopener\">Argumento a Favor<\/a><br \/>\n&#8211; No se present\u00f3 ninguna Refutaci\u00f3n del Argumento a Favor<br \/>\n&#8211; <a href=\"https:\/\/www.sbcounty.gov\/uploads\/ROV\/Elections\/2018\/1106\/Measures\/Q_CityOfBarstow\/ArgumentAgainst_CityOfBarstow.pdf\" target=\"_blank\" rel=\"noopener\">Argumento en Contra<\/a><br \/>\n&#8211;\u00a0<a href=\"https:\/\/www.sbcounty.gov\/uploads\/ROV\/Elections\/2018\/1106\/Measures\/Q_CityOfBarstow\/RebuttalToArgumentAgainst_CityOfBarstow.pdf\" target=\"_blank\" rel=\"noopener\">Refutaci\u00f3n del Argumento en Contra<\/a><\/td>\n<td>50% + 1<\/td>\n<\/tr>\n<tr>\n<td style=\"text-align: center\">R<\/td>\n<td><a href=\"https:\/\/www.sbcounty.gov\/uploads\/ROV\/Elections\/2018\/1106\/Measures\/R_CityOfColton\/Resolution_R_CityOfColton.pdf\" target=\"_blank\" rel=\"noopener\">Ciudad de Colton<\/a><\/td>\n<td><a href=\"https:\/\/www.sbcounty.gov\/uploads\/ROV\/Elections\/2018\/1106\/Measures\/R_CityOfColton\/Ordinance_R_CityOfColton.pdf\" target=\"_blank\" rel=\"noopener\">Reestructuraci\u00f3n \/ Redistribuci\u00f3n de distritos<\/a><\/td>\n<td><a href=\"https:\/\/www.sbcounty.gov\/uploads\/ROV\/Elections\/2018\/1106\/Measures\/R_CityOfColton\/Impartial_R_CityOfColton.pdf\" target=\"_blank\" rel=\"noopener\">Imparcial<\/a><\/td>\n<td>&#8211; No se present\u00f3 ning\u00fan Argumento a Favor<br \/>\n&#8211; <a href=\"https:\/\/www.sbcounty.gov\/uploads\/ROV\/Elections\/2018\/1106\/Measures\/R_CityOfColton\/ArgumentsAgainst_R_CityOfColton.pdf\" target=\"_blank\" rel=\"noopener\">Argumento en Contra<\/a><\/td>\n<td>50% + 1<\/td>\n<\/tr>\n<tr>\n<td style=\"text-align: center\">S<\/td>\n<td><a href=\"https:\/\/www.sbcounty.gov\/uploads\/ROV\/Elections\/2018\/1106\/Measures\/S_CityOfAdelanto\/Resolution_CityOfAdelanto.pdf\" target=\"_blank\" rel=\"noopener\">Ciudad de Adelanto<\/a><\/td>\n<td><a href=\"https:\/\/www.sbcounty.gov\/uploads\/ROV\/Elections\/2018\/1106\/Measures\/S_CityOfAdelanto\/Ordinance_CityOfAdelanto.pdf\" target=\"_blank\" rel=\"noopener\">Impuesto sobre los Negocios de Cannabis<\/a><\/td>\n<td><a href=\"https:\/\/www.sbcounty.gov\/uploads\/ROV\/Elections\/2018\/1106\/Measures\/S_CityOfAdelanto\/Impartial_CityOfAdelanto.pdf\" target=\"_blank\" rel=\"noopener\">Imparcial<\/a><\/td>\n<td>&#8211; No se present\u00f3 ning\u00fan Argumento a Favor<br \/>\n&#8211; No se present\u00f3 ning\u00fan Argumento en Contra<\/td>\n<td>50% + 1<\/td>\n<\/tr>\n<tr>\n<td style=\"text-align: center\">T<\/td>\n<td><a href=\"https:\/\/www.sbcounty.gov\/uploads\/ROV\/Elections\/2018\/1106\/Measures\/T_CityOfHesperia\/Resolution_CityOfHesperia.pdf\" target=\"_blank\" rel=\"noopener\">Ciudad de Hesperia<\/a><\/td>\n<td><a href=\"https:\/\/www.sbcounty.gov\/uploads\/ROV\/Elections\/2018\/1106\/Measures\/T_CityOfHesperia\/Ordinance_CityOfHesperia.pdf\" target=\"_blank\" rel=\"noopener\">Impuesto sobre los Negocios de Cannabis<\/a><\/td>\n<td><a href=\"https:\/\/www.sbcounty.gov\/uploads\/ROV\/Elections\/2018\/1106\/Measures\/T_CityOfHesperia\/Impartial_CityOfHesperia.pdf\" target=\"_blank\" rel=\"noopener\">Imparcial<\/a><\/td>\n<td>&#8211; No se present\u00f3 ning\u00fan Argumento a Favor<br \/>\n&#8211; No se present\u00f3 ning\u00fan Argumento en Contra<\/td>\n<td>50% + 1<\/td>\n<\/tr>\n<tr>\n<td style=\"text-align: center\">U<\/td>\n<td><a href=\"https:\/\/www.sbcounty.gov\/uploads\/ROV\/Elections\/2018\/1106\/Measures\/U_CityOfColton\/Resolution_U_CityOfColton.pdf\" target=\"_blank\" rel=\"noopener\">Ciudad de Colton<\/a><\/td>\n<td><a href=\"https:\/\/www.sbcounty.gov\/uploads\/ROV\/Elections\/2018\/1106\/Measures\/U_CityOfColton\/Ordinance_U_CityOfColton.pdf\" target=\"_blank\" rel=\"noopener\">Impuesto sobre los Negocios de Cannabis<\/a><\/td>\n<td><a href=\"https:\/\/www.sbcounty.gov\/uploads\/ROV\/Elections\/2018\/1106\/Measures\/U_CityOfColton\/Impartial_U_CityOfColton.pdf\" target=\"_blank\" rel=\"noopener\">Imparcial<\/a><\/td>\n<td>&#8211;\u00a0<a href=\"https:\/\/www.sbcounty.gov\/uploads\/ROV\/Elections\/2018\/1106\/Measures\/U_CityOfColton\/ArgumentFor_U_CityOfColton.pdf\" target=\"_blank\" rel=\"noopener\">Argumento a Favor<\/a><br \/>\n&#8211; No se present\u00f3 ning\u00fan Argumento en Contra<\/td>\n<td>50% + 1<\/td>\n<\/tr>\n<tr>\n<td style=\"text-align: center\">V<\/td>\n<td><a href=\"https:\/\/www.sbcounty.gov\/uploads\/ROV\/Elections\/2018\/1106\/Measures\/V_CityOfColton\/Resolution_V_CityOfColton.pdf\" target=\"_blank\" rel=\"noopener\">Ciudad de Colton<\/a><\/td>\n<td><a href=\"https:\/\/www.sbcounty.gov\/uploads\/ROV\/Elections\/2018\/1106\/Measures\/V_CityOfColton\/Ordinance_V_CityOfColton.pdf\" target=\"_blank\" rel=\"noopener\">Transferencia General de Impuestos<\/a><\/td>\n<td><a href=\"https:\/\/www.sbcounty.gov\/uploads\/ROV\/Elections\/2018\/1106\/Measures\/V_CityOfColton\/Impartial_V_CityOfColton.pdf\" target=\"_blank\" rel=\"noopener\">Imparcial<\/a><\/td>\n<td>&#8211;\u00a0<a href=\"https:\/\/www.sbcounty.gov\/uploads\/ROV\/Elections\/2018\/1106\/Measures\/V_CityOfColton\/ArgumentFor_V_CityOfColton.pdf\" target=\"_blank\" rel=\"noopener\">Argumento a Favor<\/a><br \/>\n&#8211; No se present\u00f3 ning\u00fan Argumento en Contra<\/td>\n<td>50% + 1<\/td>\n<\/tr>\n<tr>\n<td style=\"text-align: center\">W<\/td>\n<td><a href=\"https:\/\/www.sbcounty.gov\/uploads\/ROV\/Elections\/2018\/1106\/Measures\/W_CityOfSanBernardino\/Resolution_W_CityOfSanBernardino.pdf\" target=\"_blank\" rel=\"noopener\">Ciudad de San Bernardino<\/a><\/td>\n<td><a href=\"https:\/\/www.sbcounty.gov\/uploads\/ROV\/Elections\/2018\/1106\/Measures\/W_CityOfSanBernardino\/Ordinance_W_CityOfSanBernardino.pdf\" target=\"_blank\" rel=\"noopener\">Impuesto sobre los Negocios de Cannabis<\/a><\/td>\n<td><a href=\"https:\/\/www.sbcounty.gov\/uploads\/ROV\/Elections\/2018\/1106\/Measures\/W_CityOfSanBernardino\/Impartial_W_CityOfSanBernardino.pdf\" target=\"_blank\" rel=\"noopener\">Imparcial<\/a><\/td>\n<td>&#8211; No se present\u00f3 ning\u00fan Argumento a Favor<br \/>\n&#8211; <a href=\"https:\/\/www.sbcounty.gov\/uploads\/ROV\/Elections\/2018\/1106\/Measures\/W_CityOfSanBernardino\/ArgumentAgainst_W_CityOfSanBernardino.pdf\" target=\"_blank\" rel=\"noopener\">Argumento en Contra<\/a><\/td>\n<td>50% + 1<\/td>\n<\/tr>\n<tr>\n<td style=\"text-align: center\">X<\/td>\n<td><a href=\"https:\/\/www.sbcounty.gov\/uploads\/ROV\/Elections\/2018\/1106\/Measures\/X_CityOfSanBernardino\/Resolution_X_CityOfSanBernardino.pdf\" target=\"_blank\" rel=\"noopener\">Ciudad de San Bernardino<\/a><\/td>\n<td><a href=\"https:\/\/www.sbcounty.gov\/uploads\/ROV\/Elections\/2018\/1106\/Measures\/X_CityOfSanBernardino\/Ordinance_X_CityOfSanBernardino.pdf\" target=\"_blank\" rel=\"noopener\">Regulaci\u00f3n de las Actividades Comerciales del Cannabis<\/a><\/td>\n<td><a href=\"https:\/\/www.sbcounty.gov\/uploads\/ROV\/Elections\/2018\/1106\/Measures\/X_CityOfSanBernardino\/Impartial_X_CityOfSanBernardino.pdf\" target=\"_blank\" rel=\"noopener\">Imparcial<\/a><\/td>\n<td>&#8211; No se present\u00f3 ning\u00fan Argumento a Favor<br \/>\n&#8211; <a href=\"https:\/\/www.sbcounty.gov\/uploads\/ROV\/Elections\/2018\/1106\/Measures\/X_CityOfSanBernardino\/ArgumentAgainst_X_CityOfSanBernardino.pdf\" target=\"_blank\" rel=\"noopener\">Argumento en Contra<\/a><\/td>\n<td>50% + 1<\/td>\n<\/tr>\n<tr>\n<td style=\"text-align: center\"><a href=\"https:\/\/www.sbcounty.gov\/uploads\/ROV\/Elections\/2018\/1106\/Measures\/Y_RimOfTheWorldRPD\/NoticeOfElection_RimOfTheWorldRPD.pdf\" target=\"_blank\" rel=\"noopener\">Y<\/a><\/td>\n<td><strong><em><span style=\"color: #ff0000\">Medida Retirada<\/span><\/em><\/strong><em>\u00a0\u2013\u00a0<\/em>Distrito de Parques y Recreaci\u00f3n Rim of The World<\/td>\n<td>Impuesto Parcelario Especial<\/td>\n<td><\/td>\n<td><\/td>\n<td><\/td>\n<\/tr>\n<\/tbody>\n<\/table>\n<p>&nbsp;<\/p>\n<p><strong>Avisos P\u00fablicos y Formularios Relacionados:<\/strong><\/p>\n<ul>\n<li><a href=\"https:\/\/www.sbcounty.gov\/uploads\/ROV\/News\/2018\/1106\/List_MeasureLetterAssignment.pdf\" target=\"_blank\" rel=\"noopener\">Aviso P\u00fablico &#8211; Asignaci\u00f3n de Letras de Medidas<\/a><\/li>\n<li><a href=\"https:\/\/www.sbcounty.gov\/uploads\/ROV\/Elections\/2018\/1106\/Measures\/Form_9600StatementByProponents_Fillable.pdf\" target=\"_blank\" rel=\"noopener\">Statement by Proponents \/ Authors of Arguments (Declaraci\u00f3n de los Proponentes\/Autores de Argumentos) (Formulario 9600)<\/a> [pdf]<\/li>\n<li><a href=\"https:\/\/elections.sbcounty.gov\/Elections\/Measures\/\">Informaci\u00f3n General sobre las Medidas<\/a><\/li>\n<\/ul>\n<\/div>\n\n  <\/section>\n\n\t","protected":false},"excerpt":{"rendered":"<p>Elecciones Generales Estatales de 2018 \u2013 Medidas Letra Jurisdicci\u00f3n Descripci\u00f3n de la Medida An\u00e1lisis Argumentos Porcentaje para ser Aprobada CC Distrito de Colegios Comunitarios San Bernardino Propuesta de Bonos Imparcial Declaraci\u00f3n de la Tasa de Impuestos &#8211;\u00a0Argumento a Favor &#8211; Refutaci\u00f3n del Argumento a Favor &#8211; Argumento en Contra &#8211;\u00a0Refutaci\u00f3n<span class=\"ellipsis\">&#8230;<\/span><\/p>\n","protected":false},"author":19,"featured_media":37382,"parent":42483,"menu_order":0,"comment_status":"closed","ping_status":"closed","template":"templates\/rov-full-width-no-title-template.php","meta":{"_acf_changed":false,"footnotes":""},"class_list":["post-42495","page","type-page","status-publish","has-post-thumbnail","hentry"],"acf":[],"_links":{"self":[{"href":"https:\/\/elections.sbcounty.gov\/es\/wp-json\/wp\/v2\/pages\/42495","targetHints":{"allow":["GET"]}}],"collection":[{"href":"https:\/\/elections.sbcounty.gov\/es\/wp-json\/wp\/v2\/pages"}],"about":[{"href":"https:\/\/elections.sbcounty.gov\/es\/wp-json\/wp\/v2\/types\/page"}],"author":[{"embeddable":true,"href":"https:\/\/elections.sbcounty.gov\/es\/wp-json\/wp\/v2\/users\/19"}],"replies":[{"embeddable":true,"href":"https:\/\/elections.sbcounty.gov\/es\/wp-json\/wp\/v2\/comments?post=42495"}],"version-history":[{"count":0,"href":"https:\/\/elections.sbcounty.gov\/es\/wp-json\/wp\/v2\/pages\/42495\/revisions"}],"up":[{"embeddable":true,"href":"https:\/\/elections.sbcounty.gov\/es\/wp-json\/wp\/v2\/pages\/42483"}],"wp:featuredmedia":[{"embeddable":true,"href":"https:\/\/elections.sbcounty.gov\/es\/wp-json\/wp\/v2\/media\/37382"}],"wp:attachment":[{"href":"https:\/\/elections.sbcounty.gov\/es\/wp-json\/wp\/v2\/media?parent=42495"}],"curies":[{"name":"wp","href":"https:\/\/api.w.org\/{rel}","templated":true}]}}