{"id":42483,"date":"2022-01-04T16:25:06","date_gmt":"2022-01-04T16:25:06","guid":{"rendered":"https:\/\/www.elections.sbcounty.gov\/?page_id=42483"},"modified":"2024-06-05T16:54:34","modified_gmt":"2024-06-05T23:54:34","slug":"1106","status":"publish","type":"page","link":"https:\/\/elections.sbcounty.gov\/es\/elections\/2018\/1106\/","title":{"rendered":"Archivo de Elecciones Generales Estatales del 6 de noviembre de 2018"},"content":{"rendered":"  <section data-isd-block-id=\"rov-content-blockblock_c01d4b031bae31bb3cec0d2f5ef7843e\"\n\t\t\t\t\t\t\t\t\t\t \t\t\t\t\t\t\t\t\t\t\t class=\"card-style main-content-wrapper rov-card-style mb-4\">\n\n\t<h2 class=\"block-subtitle blue\">Publicaciones Electorales<\/h2>\n\n\t<div class=\"ctnr-block-content\"><p><strong>Gu\u00eda de Informaci\u00f3n para el Votante del Condado de San Bernardino<\/strong><\/p>\n<ul>\n<li>La\u00a0<strong>Gu\u00eda de Informaci\u00f3n para el Votante<\/strong>\u00a0es un folleto publicado por el Registro de Votantes del Condado de San Bernardino que incluye informaci\u00f3n sobre la votaci\u00f3n, los candidatos y las medidas, una boleta de muestra e informaci\u00f3n de las casillas electorales.<\/li>\n<li>La\u00a0<a href=\"https:\/\/www.sbcounty.gov\/uploads\/ROV\/Elections\/2018\/1106\/VIG-CMBSP.pdf?_=1538690182012\" target=\"_blank\" rel=\"noopener\"><strong>Gu\u00eda de Informaci\u00f3n para el Votante completa<\/strong><\/a>\u00a0[pdf] contiene informaci\u00f3n de todos los cargos incluidos en las elecciones en el Condado de San Bernardino.<\/li>\n<li>La\u00a0<strong>Gu\u00eda de Informaci\u00f3n para el Votante espec\u00edfica de cada distrito electoral<\/strong>\u00a0contiene informaci\u00f3n de los cargos incluidos en las elecciones de cada distrito electoral. \u00a0Puede consultar las Gu\u00edas de Informaci\u00f3n para el Votante espec\u00edficas de cada distrito electoral con la herramienta de\u00a0<strong>B\u00fasqueda de Casillas Electorales y de Gu\u00edas de Informaci\u00f3n para el Votante<\/strong>. [ya no est\u00e1 disponible]<\/li>\n<li>La\u00a0<strong>Gu\u00eda de Informaci\u00f3n para el Votante en formato accesible<\/strong>\u00a0[ya no est\u00e1 disponible]\u00a0proporciona informaci\u00f3n electoral personalizada para los votantes que utilizan programas de lectura de pantalla.<\/li>\n<\/ul>\n<p><strong>Gu\u00eda de Informaci\u00f3n para el Votante del Estado de California<\/strong><\/p>\n<ul>\n<li>El Secretario de Estado de California tambi\u00e9n public\u00f3 una\u00a0<a href=\"https:\/\/vig.cdn.sos.ca.gov\/2018\/general\/es\/pdf\/complete-vig.pdf?_=1538690182012\" target=\"_blank\" rel=\"noopener\"><strong>Gu\u00eda de Informaci\u00f3n para el Votante<\/strong><\/a>\u00a0[pdf] que incluye informaci\u00f3n sobre los candidatos para cargos estatales.<\/li>\n<\/ul>\n<p><a href=\"https:\/\/elections.sbcounty.gov\/es\/News\/2018\/\"><strong>Comunicados de Prensa y Avisos P\u00fablicos<\/strong><\/a><\/p>\n<\/div>\n\n  <\/section>\n\n\t\n\n  <section data-isd-block-id=\"rov-content-blockblock_1bc8be39c78c5c575e1088dfc7a2754e\"\n\t\t\t\t\t\t\t\t\t\t \t\t\t\t\t\t\t\t\t\t\t class=\"card-style main-content-wrapper rov-card-style mb-4\">\n\n\t<h2 class=\"block-subtitle blue\">Fechas Clave y Fechas L\u00edmite<\/h2>\n\n\t<div class=\"ctnr-block-content\"><table class=\"table table-striped\" style=\"width: 99%\">\n<thead>\n<tr style=\"text-align: left\">\n<th><strong>Fecha<\/strong><\/th>\n<th><strong>Acci\u00f3n<\/strong><\/th>\n<\/tr>\n<\/thead>\n<tbody>\n<tr>\n<td>16 de julio de 2018<\/td>\n<td>Comienza la presentaci\u00f3n de candidaturas<\/td>\n<\/tr>\n<tr>\n<td>10 de agosto de 2018<\/td>\n<td>Fecha l\u00edmite de presentaci\u00f3n de candidaturas<\/td>\n<\/tr>\n<tr>\n<td>3 de octubre de 2018<\/td>\n<td>Se entregan las Gu\u00edas de Informaci\u00f3n para el Votante a la Oficina Postal de EE. UU.<\/td>\n<\/tr>\n<tr>\n<td>9 de octubre de 2018<\/td>\n<td>Comienza el voto anticipado<\/td>\n<\/tr>\n<tr>\n<td>10 de octubre de 2018<\/td>\n<td>Se entregan las Boletas por Correo a la Oficina Postal de EE. UU.<\/td>\n<\/tr>\n<tr>\n<td>22 de octubre de 2018<\/td>\n<td>Fecha l\u00edmite para el registro de votantes<\/td>\n<\/tr>\n<tr>\n<td>30 de octubre de 2018<\/td>\n<td>Fecha l\u00edmite para registrarse a la votaci\u00f3n por correo<\/td>\n<\/tr>\n<tr>\n<td><strong>6 de noviembre de 2018<\/strong><\/td>\n<td><strong>D\u00eda de las Elecciones \u2013 Elecciones Generales Estatales de 2018<\/strong><\/td>\n<\/tr>\n<tr>\n<td>7 de noviembre de 2018<\/td>\n<td>Comienza el escrutinio de las elecciones<\/td>\n<\/tr>\n<tr>\n<td>6 de diciembre de 2018<\/td>\n<td>Fecha l\u00edmite para completar el escrutinio oficial y certificar los resultados<\/td>\n<\/tr>\n<\/tbody>\n<\/table>\n<\/div>\n\n  <\/section>\n\n\t\n\n  <section data-isd-block-id=\"rov-content-blockblock_22c6540d88cfab1135d55e023183e2d4\"\n\t\t\t\t\t\t\t\t\t\t \t\t\t\t\t\t\t\t\t\t\t class=\"card-style main-content-wrapper rov-card-style mb-4\">\n\n\t<h2 class=\"block-subtitle blue\">Informaci\u00f3n de los Cargos y Candidatos<\/h2>\n\n\t<div class=\"ctnr-block-content\"><p><strong>Cargos a Elegir:<\/strong><\/p>\n<ul>\n<li>Consulte los\u00a0<a href=\"https:\/\/www.sbcounty.gov\/uploads\/ROV\/Elections\/2018\/1106\/List_OfficesupforElection_SchoolsSpecials.pdf?_=1534360209087\" target=\"_blank\" rel=\"noopener\">Cargos a Elegir del Distrito Escolar y el Distrito Especial<\/a>\u00a0[pdf].<\/li>\n<li>Consulte los\u00a0<a href=\"https:\/\/www.sbcounty.gov\/uploads\/ROV\/Elections\/2018\/1106\/List_OfficesupforElection_CitiesTowns.pdf?_=1534360209087\" target=\"_blank\" rel=\"noopener\">Cargos a Elegir de la Ciudad y el Pueblo<\/a>\u00a0[pdf].<\/li>\n<\/ul>\n<p><strong>Presentaci\u00f3n de Candidaturas:<\/strong><\/p>\n<ul>\n<li>Consulte la\u00a0<a href=\"https:\/\/www.sbcounty.gov\/uploads\/ROV\/Elections\/2018\/1106\/Guide_CandidateFiling.pdf?_=1533352966735\" target=\"_blank\" rel=\"noopener\">Gu\u00eda de Presentaci\u00f3n de Candidaturas<\/a>\u00a0[pdf].<\/li>\n<li>Consulte la\u00a0<a href=\"https:\/\/www.sos.ca.gov\/elections\/prior-elections\/statewide-election-results\/statewide-direct-primary-june-5-2018\/2018-california-election-guide\" target=\"_blank\" rel=\"noopener\">Gu\u00eda Electoral de California de 2018 del Secretario de Estado<\/a>\u00a0[enlace externo].<\/li>\n<li>Consulte las listas de los\u00a0<a href=\"https:\/\/elections.cdn.sos.ca.gov\/statewide-elections\/2018-primary\/section-9-offices-subdivisions.pdf?_=1511300044147\" target=\"_blank\" rel=\"noopener\">Cargos y las Subdivisiones dentro de los Condados<\/a>\u00a0del Secretario de Estado [pdf].<\/li>\n<\/ul>\n<p><strong>Aviso Importante:<\/strong><\/p>\n<p>El periodo de presentaci\u00f3n de candidaturas termina a las\u00a0<strong>5 p.m.\u00a0el viernes, 10 de agosto de 2018<\/strong>.\u00a0 Se espera que muchos candidatos presenten sus documentos de candidatura durante la \u00faltima semana del periodo de presentaci\u00f3n de candidaturas.\u00a0 Para reducir el tiempo de espera, el Registro de Votantes recomienda que los candidatos programen una cita para presentar sus documentos de candidatura llamando al (909) 387-8300.\u00a0 Si bien se recomienda programarlas, las citas no son un requisito.<\/p>\n<p><strong>Declaraciones de los Candidatos:<\/strong><\/p>\n<ul>\n<li>Consulte el Ap\u00e9ndice N de la Gu\u00eda de Presentaci\u00f3n de Candidaturas para ver los Costos Estimados de las Declaraciones de los Candidatos\u00a0para\u00a0las Elecciones Generales\u00a0Estatales de 2018.<\/li>\n<\/ul>\n<ul>\n<li style=\"list-style-type: none\">\n<ul>\n<li>Los candidatos deben pagar los costos estimados de imprimir su declaraci\u00f3n de candidato en la Gu\u00eda de Informaci\u00f3n para el Votante al momento de registrarse.<\/li>\n<\/ul>\n<\/li>\n<\/ul>\n<ul>\n<li>Para presentar una declaraci\u00f3n de candidato, llene el Formulario de Declaraci\u00f3n del Candidato.<\/li>\n<\/ul>\n<ul>\n<li style=\"list-style-type: none\">\n<ul>\n<li>Formulario de Declaraci\u00f3n del Candidato para los cargos sin afiliaci\u00f3n partidista\u00a0[ya no est\u00e1 disponible]<\/li>\n<li>Formulario de Declaraci\u00f3n del Candidato para los cargos nombrados por los votantes\u00a0[ya no est\u00e1 disponible]<\/li>\n<\/ul>\n<\/li>\n<\/ul>\n<p><strong>Lista de Candidatos:<\/strong><\/p>\n<ul>\n<li>Consulte la\u00a0<a href=\"https:\/\/www.sbcounty.gov\/uploads\/ROV\/Elections\/2018\/1106\/Report_CandidateList.pdf?_=1535785634343\" target=\"_blank\" rel=\"noopener\">Lista Definitiva de Candidatos<\/a>\u00a0[pdf].<\/li>\n<li>Consulte la\u00a0<a href=\"https:\/\/www.sbcounty.gov\/uploads\/ROV\/Elections\/2018\/1106\/Report_UnofficialListOfContestsOffBallot.pdf?_=1536968570624\" target=\"_blank\" rel=\"noopener\">Lista No Oficial de los Cargos Que No Aparecer\u00e1n en la Boleta<\/a>\u00a0[pdf].<\/li>\n<\/ul>\n<p><strong>Foro de Informaci\u00f3n de Candidatos:<\/strong><\/p>\n<ul>\n<li>Consulte la <a href=\"https:\/\/www.sbcounty.gov\/uploads\/ROV\/Elections\/2018\/1106\/Presentation_CandidateForum.pdf?_=1539833706685\" target=\"_blank\" rel=\"noopener\">Presentaci\u00f3n del Foro de Informaci\u00f3n de Candidatos<\/a>\u00a0[pdf].<\/li>\n<\/ul>\n<\/div>\n\n  <\/section>\n\n\t\n\n  <section data-isd-block-id=\"rov-content-blockblock_90693f6ce1d381b63301f3a398c382be\"\n\t\t\t\t\t\t\t\t\t\t \t\t\t\t\t\t\t\t\t\t\t class=\"card-style main-content-wrapper rov-card-style mb-4\">\n\n\t<h2 class=\"block-subtitle blue\">Medidas en la Boleta<\/h2>\n\n\t<div class=\"ctnr-block-content\"><ul>\n<li>Consulte las\u00a0<a href=\"https:\/\/elections.sbcounty.gov\/es\/Elections\/2018\/1106\/measures\/\">Medidas Locales<\/a>\u00a0en\u00a0la boleta para las\u00a0Elecciones Generales Estatales de 2018.<\/li>\n<\/ul>\n<\/div>\n\n  <\/section>\n\n\t\n\n  <section data-isd-block-id=\"rov-content-blockblock_9e53b69885d2a2f63e887291b171177d\"\n\t\t\t\t\t\t\t\t\t\t \t\t\t\t\t\t\t\t\t\t\t class=\"card-style main-content-wrapper rov-card-style mb-4\">\n\n\t<h2 class=\"block-subtitle blue\">Registro de Votantes<\/h2>\n\n\t<div class=\"ctnr-block-content\"><p>Si quiere votar por correo o en la casilla electoral que se le asign\u00f3, su solicitud de registro de votante debe tener sello postal con fecha antes del\u00a0<strong>22 de octubre\u00a0de 2018<\/strong>\u00a0para las Elecciones Generales Estatales de 2018.<\/p>\n<p><strong>Si ya pas\u00f3 la fecha l\u00edmite de registro de votantes,\u00a0<\/strong>a\u00fan puede registrarse y votar personalmente en la oficina del Registro de Votantes o en una casilla para voto anticipado el D\u00eda de las Elecciones o antes. \u00a0Consulte la\u00a0<a href=\"https:\/\/elections.sbcounty.gov\/es\/Voting\/Early\/\">p\u00e1gina de Voto Anticipado<\/a>\u00a0para conocer las ubicaciones, fechas y horarios de las casillas para Voto Anticipado de estas elecciones.<\/p>\n<ul>\n<li>Visite nuestra\u00a0<a href=\"https:\/\/elections.sbcounty.gov\/es\/VoterRegistration\/\">p\u00e1gina del Registro de Votantes<\/a>\u00a0para obtener la informaci\u00f3n completa y las instrucciones sobre el registro para votar.<\/li>\n<li>Consulte el\u00a0<a href=\"https:\/\/www.sbcounty.gov\/uploads\/ROV\/Elections\/2018\/1106\/Report_15DayCloseOfRegistrationSummary.pdf?_=1564707188414\" target=\"_blank\" rel=\"noopener\">Resumen del Registro de Votantes Calificados<\/a>\u00a0[pdf] para estas elecciones.<\/li>\n<\/ul>\n<\/div>\n\n  <\/section>\n\n\t\n\n  <section data-isd-block-id=\"rov-content-blockblock_af356d82c69ede353e1b99e6ad3cc794\"\n\t\t\t\t\t\t\t\t\t\t \t\t\t\t\t\t\t\t\t\t\t class=\"card-style main-content-wrapper rov-card-style mb-4\">\n\n\t<h2 class=\"block-subtitle blue\">Opciones de Voto<\/h2>\n\n\t<div class=\"ctnr-block-content\"><ul>\n<li>Vote con anticipaci\u00f3n en la Oficina de Elecciones a partir del 9 de octubre de\u00a02018.<\/li>\n<li>Vote con anticipaci\u00f3n en una de las cinco casillas para Voto Anticipado adicionales a partir del 30 de octubre de 2018.\n<ul>\n<li>Consulte la lista de las\u00a0casillas para Voto Anticipado [ya no est\u00e1 disponible]\u00a0para estas elecciones.<\/li>\n<\/ul>\n<\/li>\n<li>Vote en una Boleta de Voto por Correo. La Solicitud de Boleta por Correo vence el 30 de octubre de 2018.\n<ul>\n<li>Llene y devuelva una de las siguientes solicitudes:\n<ul>\n<li><a href=\"https:\/\/www.sbcounty.gov\/uploads\/ROV\/Elections\/2018\/1106\/Form_2018-11-06_MailBallotApplication_Fillable_SP.pdf?_=1566835569688\" target=\"_blank\" rel=\"noopener\">Solicitud de Boleta por Correo<\/a> [pdf]<\/li>\n<\/ul>\n<\/li>\n<li>Encuentre un\u00a0Lugar para Depositar las Boletas por Correo [ya no est\u00e1 disponible]<\/li>\n<\/ul>\n<\/li>\n<li>Vote en las casillas el D\u00eda de las Elecciones, el 6 de noviembre de 2018,\u00a0de 7 a.m. a 8 p.m.\n<ul>\n<li>Localice su\u00a0Casilla Electoral asignada\u00a0[ya no est\u00e1 disponible]<\/li>\n<\/ul>\n<\/li>\n<\/ul>\n<p>Visite nuestra\u00a0<a href=\"https:\/\/elections.sbcounty.gov\/es\/Voting\/\">p\u00e1gina de Opciones de Voto<\/a>\u00a0para obtener la informaci\u00f3n completa y las instrucciones.<\/p>\n<p><strong>Votantes Militares y en el Extranjero:<\/strong><\/p>\n<p>Los ciudadanos Uniformados y en el Extranjero pueden obtener una\u00a0Gu\u00eda de Informaci\u00f3n para el Votante y una Boleta de Muestra,\u00a0as\u00ed como una\u00a0Boleta\u00a0para estas elecciones [ya no est\u00e1 disponible]. Para obtener la informaci\u00f3n completa, visite el sitio web para los\u00a0<a href=\"https:\/\/www.sos.ca.gov\/elections\/voter-registration\/military-overseas-voters\" target=\"_blank\" rel=\"noopener\">Votantes Militares y en el Extranjero<\/a> del Secretario de Estado.<\/p>\n<\/div>\n\n  <\/section>\n\n\t\n\n  <section data-isd-block-id=\"rov-content-blockblock_ab0c8a592ea2332c8cf565bd981ac6c4\"\n\t\t\t\t\t\t\t\t\t\t \t\t\t\t\t\t\t\t\t\t\t class=\"card-style main-content-wrapper rov-card-style mb-4\">\n\n\t<h2 class=\"block-subtitle blue\">Solicite una Boleta de Muestra Traducida<\/h2>\n\n\t<div class=\"ctnr-block-content\"><p>Solicite una boleta de muestra traducida para las Elecciones\u00a0Generales Estatales del 6 de noviembre de 2018:<\/p>\n<ul>\n<li><a href=\"https:\/\/www.sbcounty.gov\/uploads\/ROV\/Voting\/VBM\/2018\/1106\/Form_TranslatedBallotRequest_CHINESE.pdf?_=1537581821092\" target=\"_blank\" rel=\"noopener\">\u8981\u6c42\u4e2d\u6587\u9078\u7968\u7ffb\u8b6f\u6a23\u672c<\/a><\/li>\n<li><a href=\"https:\/\/www.sbcounty.gov\/uploads\/ROV\/Voting\/VBM\/2018\/1106\/Form_TranslatedBallotRequest_KOREAN.pdf?_=1537581821092\" target=\"_blank\" rel=\"noopener\">\ud55c\uad6d\uc5b4\ub85c \ubc88\uc5ed\ub41c \uacac\ubcf8 \ud22c\ud45c\uc9c0 \uc2e0\uccad\uc11c<\/a><\/li>\n<li><a href=\"https:\/\/www.sbcounty.gov\/uploads\/ROV\/Voting\/VBM\/2018\/1106\/Form_TranslatedBallotRequest_TAGALOG.pdf?_=1537581821092\" target=\"_blank\" rel=\"noopener\">Kahilingan para sa Sampol na Balota na Nasalin sa Tagalog<\/a><\/li>\n<li><a href=\"https:\/\/www.sbcounty.gov\/uploads\/ROV\/Voting\/VBM\/2018\/1106\/Form_TranslatedBallotRequest_VIETNAMESE.pdf?_=1537581821092\" target=\"_blank\" rel=\"noopener\">Y\u00eau c\u1ea7u G\u1eedi M\u1eabu phi\u1ebfu B\u1ea7u c\u1eed \u0110\u00e3 \u0111\u01b0\u1ee3c d\u1ecbch sang Ti\u1ebfng Vi\u1ec7t<\/a><\/li>\n<\/ul>\n<\/div>\n\n  <\/section>\n\n\t\n\n  <section data-isd-block-id=\"rov-content-blockblock_da9b48c1ef70fb5af7f3e33a86c89de9\"\n\t\t\t\t\t\t\t\t\t\t \t\t\t\t\t\t\t\t\t\t\t class=\"card-style main-content-wrapper rov-card-style mb-4\">\n\n\t<h2 class=\"block-subtitle blue\">Estad\u00edsticas de Devoluci\u00f3n de Boletas por Correo<\/h2>\n\n\t<div class=\"ctnr-block-content\"><p>El Informe de Estad\u00edsticas de Devoluci\u00f3n de Boletas por Correo muestra el n\u00famero de boletas por correo que se han emitido y devuelto en las elecciones, as\u00ed como las estad\u00edsticas hist\u00f3ricas de las elecciones anteriores. Los datos presentados en este informe se actualizan diariamente y pueden fluctuar a medida que se reciben m\u00e1s solicitudes de boletas por correo y se procesan las boletas por correo marcadas.<\/p>\n<ul>\n<li>Consulte el\u00a0<a href=\"https:\/\/www.sbcounty.gov\/uploads\/ROV\/Elections\/2018\/1106\/Report_MailBallotStats.pdf?_=1641312435147\" target=\"_blank\" rel=\"noopener\">Informe de Estad\u00edsticas de Devoluci\u00f3n de Boletas por Correo<\/a>\u00a0[pdf] de estas elecciones.<\/li>\n<\/ul>\n<\/div>\n\n  <\/section>\n\n\t\n\n  <section data-isd-block-id=\"rov-content-blockblock_ce5383ab088ac2e879df2060abe97d3f\"\n\t\t\t\t\t\t\t\t\t\t \t\t\t\t\t\t\t\t\t\t\t class=\"card-style main-content-wrapper rov-card-style mb-4\">\n\n\t<h2 class=\"block-subtitle blue\">Resultados de las Elecciones<\/h2>\n\n\t<div class=\"ctnr-block-content\"><ul>\n<li><a href=\"https:\/\/www.sbcounty.gov\/uploads\/ROV\/Elections\/2018\/1106\/Results\/Certification_StatementOfElectionResults.pdf?_=1544235390900\" target=\"_blank\" rel=\"noopener\">Declaraci\u00f3n de Certificaci\u00f3n de los Resultados de las Elecciones<\/a><\/li>\n<li><a href=\"https:\/\/results.rov.sbcounty.gov\/results\/20181106\/default.html\" target=\"_blank\" rel=\"noopener\">Resultados Oficiales Finales de las Elecciones<\/a><\/li>\n<li><a href=\"https:\/\/www.sbcounty.gov\/uploads\/ROV\/Elections\/2018\/1106\/Results\/PublicNotice_OfficialWrite-InCandidateResults.pdf?ver=2018-12-06-160213-400\" target=\"_blank\" rel=\"noopener\">Resultados Oficiales de los Candidatos No Registrados<\/a><\/li>\n<li><a href=\"https:\/\/elections.sbcounty.gov\/es\/Elections\/2018\/1106\/SOV\/\">Declaraci\u00f3n de Votos Emitidos<\/a><\/li>\n<li>B\u00fasqueda de Boletas Provisionales [ya no est\u00e1 disponible]<\/li>\n<\/ul>\n<\/div>\n\n  <\/section>\n\n\t","protected":false},"excerpt":{"rendered":"<p>Publicaciones Electorales Gu\u00eda de Informaci\u00f3n para el Votante del Condado de San Bernardino La\u00a0Gu\u00eda de Informaci\u00f3n para el Votante\u00a0es un folleto publicado por el Registro de Votantes del Condado de San Bernardino que incluye informaci\u00f3n sobre la votaci\u00f3n, los candidatos y las medidas, una boleta de muestra e informaci\u00f3n de<span class=\"ellipsis\">&#8230;<\/span><\/p>\n","protected":false},"author":19,"featured_media":37382,"parent":34499,"menu_order":0,"comment_status":"closed","ping_status":"closed","template":"templates\/rov-left-sidebar-template.php","meta":{"_acf_changed":false,"footnotes":""},"class_list":["post-42483","page","type-page","status-publish","has-post-thumbnail","hentry"],"acf":[],"_links":{"self":[{"href":"https:\/\/elections.sbcounty.gov\/es\/wp-json\/wp\/v2\/pages\/42483","targetHints":{"allow":["GET"]}}],"collection":[{"href":"https:\/\/elections.sbcounty.gov\/es\/wp-json\/wp\/v2\/pages"}],"about":[{"href":"https:\/\/elections.sbcounty.gov\/es\/wp-json\/wp\/v2\/types\/page"}],"author":[{"embeddable":true,"href":"https:\/\/elections.sbcounty.gov\/es\/wp-json\/wp\/v2\/users\/19"}],"replies":[{"embeddable":true,"href":"https:\/\/elections.sbcounty.gov\/es\/wp-json\/wp\/v2\/comments?post=42483"}],"version-history":[{"count":4,"href":"https:\/\/elections.sbcounty.gov\/es\/wp-json\/wp\/v2\/pages\/42483\/revisions"}],"predecessor-version":[{"id":83989,"href":"https:\/\/elections.sbcounty.gov\/es\/wp-json\/wp\/v2\/pages\/42483\/revisions\/83989"}],"up":[{"embeddable":true,"href":"https:\/\/elections.sbcounty.gov\/es\/wp-json\/wp\/v2\/pages\/34499"}],"wp:featuredmedia":[{"embeddable":true,"href":"https:\/\/elections.sbcounty.gov\/es\/wp-json\/wp\/v2\/media\/37382"}],"wp:attachment":[{"href":"https:\/\/elections.sbcounty.gov\/es\/wp-json\/wp\/v2\/media?parent=42483"}],"curies":[{"name":"wp","href":"https:\/\/api.w.org\/{rel}","templated":true}]}}