{"id":4244,"date":"2019-04-15T20:50:33","date_gmt":"2019-04-15T20:50:33","guid":{"rendered":"https:\/\/www.elections.sbcounty.gov\/?page_id=4244"},"modified":"2026-02-02T10:10:25","modified_gmt":"2026-02-02T18:10:25","slug":"state","status":"publish","type":"page","link":"https:\/\/elections.sbcounty.gov\/es\/elected-officials-candidates\/state\/","title":{"rendered":"Estado"},"content":{"rendered":"  <section data-isd-block-id=\"rov-content-blockblock_16c4669e5eaf62ed9ed2c5be203a3b45\"\n\t\t\t\t\t\t\t\t\t\t \t\t\t\t\t\t\t\t\t\t\t class=\"card-style main-content-wrapper rov-card-style mb-4\">\n\n\t<h2 class=\"block-subtitle blue\">Funcionarios Electos Estatales<\/h2>\n\n\t<div class=\"ctnr-block-content\"><table style=\"border-collapse: collapse\" border=\"1\">\n<thead>\n<tr style=\"color: white;font-weight: bold;background-color: black\">\n<th colspan=\"4\"><strong>Estado de California<\/strong><\/th>\n<\/tr>\n<tr style=\"color: white;font-weight: bold;background-color: black\">\n<th><strong>Funcionario Electo<\/strong><\/th>\n<th><strong>Tel\u00e9fono<\/strong><\/th>\n<th><strong>Sitio web<\/strong><\/th>\n<th><strong>Correo electr\u00f3nico<\/strong><\/th>\n<\/tr>\n<\/thead>\n<tbody>\n<tr style=\"color: white;font-weight: bold;background-color: grey\">\n<td colspan=\"4\">Gobernador<\/td>\n<\/tr>\n<tr>\n<td>NEWSOM, GAVIN<\/td>\n<td>(916)445-2841<\/td>\n<td><a href=\"https:\/\/www.gov.ca.gov\/\" target=\"_blank\" rel=\"noopener\" aria-label=\"Haga Clic Aqu\u00ed para California governor Newsom\">Haga Clic Aqu\u00ed<\/a><\/td>\n<td>gavin@gavinnewsom.com<\/td>\n<\/tr>\n<tr style=\"color: white;font-weight: bold;background-color: grey\">\n<td colspan=\"4\"><strong>Vicegobernadora<\/strong><\/td>\n<\/tr>\n<tr>\n<td>KOUNALAKIS, ELENI<\/td>\n<td>(916)445-8994<\/td>\n<td><a href=\"https:\/\/ltg.ca.gov\/\" target=\"_blank\" rel=\"noopener\" aria-label=\"Haga Clic Aqu\u00ed para Ambassador Eleni Kounalakis the 50th Lieutenant Governor of California\">Haga Clic Aqu\u00ed<\/a><\/td>\n<td>Ninguno registrado.<\/td>\n<\/tr>\n<tr style=\"color: white;font-weight: bold;background-color: grey\">\n<td colspan=\"4\"><strong>Secretaria de Estado<\/strong><\/td>\n<\/tr>\n<tr>\n<td>WEBER, SHIRLEY<\/td>\n<td>(916)653-6814<\/td>\n<td><a href=\"https:\/\/www.sos.ca.gov\/\" target=\"_blank\" rel=\"noopener\" aria-label=\"Haga Clic Aqu\u00ed para California Secretary of State, Shirley N. Weber, Ph.D.\">Haga Clic Aqu\u00ed<\/a><\/td>\n<td>secretary.weber@sos.ca.gov<\/td>\n<\/tr>\n<tr style=\"color: white;font-weight: bold;background-color: grey\">\n<td colspan=\"4\"><strong>Contralora<\/strong><\/td>\n<\/tr>\n<tr>\n<td>COHEN, MALIA M.<\/td>\n<td>(916) 445-2636<\/td>\n<td><a href=\"https:\/\/www.sco.ca.gov\/\" target=\"_blank\" rel=\"noopener\" aria-label=\"Haga Clic Aqu\u00ed para California State Controller, Betty T. Yee\">Haga Clic Aqu\u00ed<\/a><\/td>\n<td>Ninguno registrado.<\/td>\n<\/tr>\n<tr style=\"color: white;font-weight: bold;background-color: grey\">\n<td colspan=\"4\"><strong>Tesorera<\/strong><\/td>\n<\/tr>\n<tr>\n<td>MA, FIONA<\/td>\n<td>(916)653-2995<\/td>\n<td><a href=\"https:\/\/www.treasurer.ca.gov\/\" target=\"_blank\" rel=\"noopener\" aria-label=\"Haga Clic Aqu\u00ed para California State Treasurer, Fiona Ma, CPA\">Haga Clic Aqu\u00ed<\/a><\/td>\n<td>Ninguno registrado.<\/td>\n<\/tr>\n<tr style=\"color: white;font-weight: bold;background-color: grey\">\n<td colspan=\"4\"><strong>Procurador General<\/strong><\/td>\n<\/tr>\n<tr>\n<td>BONTA, ROB<\/td>\n<td>(916)210-6276<\/td>\n<td><a href=\"https:\/\/oag.ca.gov\/\" target=\"_blank\" rel=\"noopener\" aria-label=\"Haga Clic Aqu\u00ed para Attorney General, Rob Bonta\">Haga Clic Aqu\u00ed<\/a><\/td>\n<td>Ninguno registrado.<\/td>\n<\/tr>\n<tr style=\"color: white;font-weight: bold;background-color: grey\">\n<td colspan=\"4\"><strong>Comisionado de Seguros<\/strong><\/td>\n<\/tr>\n<tr>\n<td>LARA, RICARDO<\/td>\n<td>(800)927-4357<\/td>\n<td><a href=\"https:\/\/www.insurance.ca.gov\/\" target=\"_blank\" rel=\"noopener\" aria-label=\"Haga Clic Aqu\u00ed para Insurance Commissioner, Ricardo Lara\">Haga Clic Aqu\u00ed<\/a><\/td>\n<td>Ninguno registrado.<\/td>\n<\/tr>\n<tr style=\"color: white;font-weight: bold;background-color: grey\">\n<td colspan=\"4\"><strong>Miembro, Junta Directiva Estatal de Impuestos Sobre Ventas Distrito 1<\/strong><\/td>\n<\/tr>\n<tr>\n<td>GAINES, TED<\/td>\n<td>(916)445-2181<\/td>\n<td><a href=\"https:\/\/boe.ca.gov\/gaines\/\" target=\"_blank\" rel=\"noopener\" aria-label=\"Haga Clic Aqu\u00ed para Member of the California State Board of Equalization, District 1, Ted Gaines\">Haga Clic Aqu\u00ed<\/a><\/td>\n<td>Ninguno registrado.<\/td>\n<\/tr>\n<tr style=\"color: white;font-weight: bold;background-color: grey\">\n<td colspan=\"4\"><strong>Miembro, Junta Directiva Estatal de Impuestos Sobre Ventas Distrito 3<\/strong><\/td>\n<\/tr>\n<tr>\n<td>VAZQUEZ, TONY<\/td>\n<td>(310)297-5201<\/td>\n<td><a href=\"https:\/\/boe.ca.gov\/vazquez\/\" target=\"_blank\" rel=\"noopener\" aria-label=\"Haga Clic Aqu\u00ed para Member of the California State Board of Equalization, District 3, Antonio Vazquez\">Haga Clic Aqu\u00ed<\/a><\/td>\n<td>Ninguno registrado.<\/td>\n<\/tr>\n<tr style=\"color: white;font-weight: bold;background-color: grey\">\n<td colspan=\"4\"><strong>Miembro, Junta Directiva Estatal de Impuestos Sobre Ventas Distrito 4<\/strong><\/td>\n<\/tr>\n<tr>\n<td>SCHAEFER, MIKE<\/td>\n<td>(916)323-9794<\/td>\n<td><a href=\"https:\/\/boe.ca.gov\/schaefer\/\" target=\"_blank\" rel=\"noopener\" aria-label=\"Haga Clic Aqu\u00ed para Member of the California State Board of Equalization, District 4, Mike Schaefer\">Haga Clic Aqu\u00ed<\/a><\/td>\n<td>Mike.Schaefer@boe.ca.gov<\/td>\n<\/tr>\n<tr style=\"color: white;font-weight: bold;background-color: grey\">\n<td colspan=\"4\"><strong>Senador Estatal Distrito 18<\/strong><\/td>\n<\/tr>\n<tr>\n<td>PADILLA, STEVE<\/td>\n<td>(916)651-4018<\/td>\n<td><a href=\"https:\/\/sd18.senate.ca.gov\/\" target=\"_blank\" rel=\"noopener\">Haga Clic Aqu\u00ed<\/a><\/td>\n<td>Ninguno registrado.<\/td>\n<\/tr>\n<tr style=\"color: white;font-weight: bold;background-color: grey\">\n<td colspan=\"4\"><strong>Senador Estatal Distrito 19<\/strong><\/td>\n<\/tr>\n<tr>\n<td>OCHOA BOGH, ROSILICIE<\/td>\n<td>(909) 335-0271<\/td>\n<td><a href=\"https:\/\/sr19.senate.ca.gov\/\" target=\"_blank\" rel=\"noopener\">Haga Clic Aqu\u00ed<\/a><\/td>\n<td>Ninguno registrado.<\/td>\n<\/tr>\n<tr style=\"color: white;font-weight: bold;background-color: grey\">\n<td colspan=\"4\"><strong>Senador Estatal Distrito 22<\/strong><\/td>\n<\/tr>\n<tr>\n<td>RUBIO, SUSAN<\/td>\n<td>(909) 460-6064<\/td>\n<td><a href=\"https:\/\/sd22.senate.ca.gov\/\" target=\"_blank\" rel=\"noopener\">Haga Clic Aqu\u00ed<\/a><\/td>\n<td>Ninguno registrado.<\/td>\n<\/tr>\n<tr style=\"color: white;font-weight: bold;background-color: grey\">\n<td colspan=\"4\"><strong>Senador Estatal Distrito 23<\/strong><\/td>\n<\/tr>\n<tr>\n<td>MARTINEZ VALLADARES, SUZETTE<\/td>\n<td>(916)651-4023<\/td>\n<td><a href=\"https:\/\/sr23.senate.ca.gov\/\" target=\"_blank\" rel=\"noopener\" aria-label=\"Haga Clic Aqu\u00ed para State Senator District 23, Rosilicie Ochoa Bogh\">Haga Clic Aqu\u00ed<\/a><\/td>\n<td>Ninguno registrado.<\/td>\n<\/tr>\n<tr style=\"color: white;font-weight: bold;background-color: grey\">\n<td colspan=\"4\"><strong>Senador Estatal Distrito 25<\/strong><\/td>\n<\/tr>\n<tr>\n<td>REN\u00c9E P\u00c9REZ, SASHA<\/td>\n<td>(916)651-4025<\/td>\n<td><a href=\"https:\/\/sd25.senate.ca.gov\/\" target=\"_blank\" rel=\"noopener\">Haga Clic Aqu\u00ed<\/a><\/td>\n<td>Ninguno registrado.<\/td>\n<\/tr>\n<tr style=\"color: white;font-weight: bold;background-color: grey\">\n<td colspan=\"4\"><strong>Senador Estatal Distrito 29<\/strong><\/td>\n<\/tr>\n<tr>\n<td>REYES GOMEZ, ELOISE<\/td>\n<td>(909) 888-5360<\/td>\n<td><a href=\"https:\/\/sd29.senate.ca.gov\/\" target=\"_blank\" rel=\"noopener\" aria-label=\"Haga Clic Aqu\u00ed para State Senator District 29, Josh Newman\">Haga Clic Aqu\u00ed<\/a><\/td>\n<td>Ninguno registrado.<\/td>\n<\/tr>\n<tr style=\"color: white;font-weight: bold;background-color: grey\">\n<td colspan=\"4\"><strong>Senador Estatal Distrito 31<\/strong><\/td>\n<\/tr>\n<tr>\n<td>CERVANTES, SABRINA<\/td>\n<td>(951) 680-6750<\/td>\n<td><a href=\"https:\/\/sd31.senate.ca.gov\/\" target=\"_blank\" rel=\"noopener\">Haga Clic Aqu\u00ed<\/a><\/td>\n<td>Ninguno registrado.<\/td>\n<\/tr>\n<tr style=\"color: white;font-weight: bold;background-color: grey\">\n<td colspan=\"4\"><strong>Senador Estatal Distrito 32<\/strong><\/td>\n<\/tr>\n<tr>\n<td>SEYARTO, KELLY<\/td>\n<td>(951) 280-1260<\/td>\n<td><a href=\"https:\/\/sr32.senate.ca.gov\/\" target=\"_blank\" rel=\"noopener\">Haga Clic Aqu\u00ed<\/a><\/td>\n<td>Ninguno registrado.<\/td>\n<\/tr>\n<tr style=\"color: white;font-weight: bold;background-color: grey\">\n<td colspan=\"4\">Miembro, Asamblea del Estado Distrito 34<\/td>\n<\/tr>\n<tr>\n<td>LACKEY, TOM<\/td>\n<td>(760) 539-1341<\/td>\n<td><a href=\"https:\/\/ad34.asmrc.org\/\" target=\"_blank\" rel=\"noopener\">Haga Clic Aqu\u00ed<\/a><\/td>\n<td>Ninguno registrado.<\/td>\n<\/tr>\n<tr style=\"color: white;font-weight: bold;background-color: grey\">\n<td colspan=\"4\">Miembro, Asamblea del Estado Distrito 36<\/td>\n<\/tr>\n<tr>\n<td>GONZALES, JEFF<\/td>\n<td>(760) 347-2360<\/td>\n<td><a href=\"https:\/\/ad36.asmrc.org\/\" target=\"_blank\" rel=\"noopener\">Haga Clic Aqu\u00ed<\/a><\/td>\n<td>Ninguno registrado.<\/td>\n<\/tr>\n<tr style=\"color: white;font-weight: bold;background-color: grey\">\n<td colspan=\"4\">Miembro, Asamblea del Estado Distrito 39<\/td>\n<\/tr>\n<tr>\n<td>CARRILLO, JUAN<\/td>\n<td>(760)530-0139<\/td>\n<td><a href=\"https:\/\/carrillo.asmdc.org\/\" target=\"_blank\" rel=\"noopener\">Haga Clic Aqu\u00ed<\/a><\/td>\n<td>Ninguno registrado.<\/td>\n<\/tr>\n<tr style=\"color: white;font-weight: bold;background-color: grey\">\n<td colspan=\"4\">Miembro, Asamblea del Estado Distrito 41<\/td>\n<\/tr>\n<tr>\n<td>HARABEDIAN, JOHN<\/td>\n<td>(909) 624-7876<\/td>\n<td><a href=\"https:\/\/harabedian.asmdc.org\/\" target=\"_blank\" rel=\"noopener\" aria-label=\"Haga Clic Aqu\u00ed para Member, State Assembly District 41, Chris Holden\">Haga Clic Aqu\u00ed<\/a><\/td>\n<td>Ninguno registrado.<\/td>\n<\/tr>\n<tr style=\"color: white;font-weight: bold;background-color: grey\">\n<td colspan=\"4\">Miembro, Asamblea del Estado Distrito 45<\/td>\n<\/tr>\n<tr>\n<td>RAMOS, JAMES C.<\/td>\n<td>(909)889-7145<\/td>\n<td><a href=\"https:\/\/ramos.asmdc.org\/\" target=\"_blank\" rel=\"noopener\">Haga Clic Aqu\u00ed<\/a><\/td>\n<td>Ninguno registrado.<\/td>\n<\/tr>\n<tr style=\"color: white;font-weight: bold;background-color: grey\">\n<td colspan=\"4\">Miembro, Asamblea del Estado Distrito 47<\/td>\n<\/tr>\n<tr>\n<td>WALLIS, GREG<\/td>\n<td>(760) 346-6342<\/td>\n<td><a href=\"https:\/\/ad47.asmrc.org\/\" target=\"_blank\" rel=\"noopener\">Haga Clic Aqu\u00ed<\/a><\/td>\n<td>Ninguno registrado.<\/td>\n<\/tr>\n<tr style=\"color: white;font-weight: bold;background-color: grey\">\n<td colspan=\"4\">Miembro, Asamblea del Estado Distrito 50<\/td>\n<\/tr>\n<tr>\n<td>GARCIA, ROBERT<\/td>\n<td>(909)381-3238<\/td>\n<td><a href=\"https:\/\/garcia.asmdc.org\/\" target=\"_blank\" rel=\"noopener\">Haga Clic Aqu\u00ed<\/a><\/td>\n<td>Ninguno registrado.<\/td>\n<\/tr>\n<tr style=\"color: white;font-weight: bold;background-color: grey\">\n<td colspan=\"4\">Miembro, Asamblea del Estado Distrito 53<\/td>\n<\/tr>\n<tr>\n<td>RODRIGUEZ, MICHELLE<\/td>\n<td>(909)902-9606<\/td>\n<td><a href=\"https:\/\/mrodriguez.asmdc.org\/\" target=\"_blank\" rel=\"noopener\">Haga Clic Aqu\u00ed<\/a><\/td>\n<td>Ninguno registrado.<\/td>\n<\/tr>\n<tr style=\"color: white;font-weight: bold;background-color: grey\">\n<td colspan=\"4\">Miembro, Asamblea del Estado Distrito 58<\/td>\n<\/tr>\n<tr>\n<td>CASTILLO, LETICIA<\/td>\n<td>(951) 371-6860<\/td>\n<td><a href=\"https:\/\/ad58.asmrc.org\/\" target=\"_blank\" rel=\"noopener\">Haga Clic Aqu\u00ed<\/a><\/td>\n<td>Ninguno registrado.<\/td>\n<\/tr>\n<tr style=\"color: white;font-weight: bold;background-color: grey\">\n<td colspan=\"4\">Miembro, Asamblea del Estado Distrito 59<\/td>\n<\/tr>\n<tr>\n<td>CHEN, PHILLIP<\/td>\n<td>(714) 529-5502<\/td>\n<td><a href=\"https:\/\/ad59.asmrc.org\/\" target=\"_blank\" rel=\"noopener\" aria-label=\"Haga Clic Aqu\u00ed para Member, State Assembly District 55, Phillip Chen\">Haga Clic Aqu\u00ed<\/a><\/td>\n<td>Ninguno registrado.<\/td>\n<\/tr>\n<tr style=\"color: white;font-weight: bold;background-color: grey\">\n<td colspan=\"4\">Superintendente de Instrucci\u00f3n P\u00fablica<\/td>\n<\/tr>\n<tr>\n<td>THURMOND, TONY K.<\/td>\n<td>(916)319-0800<\/td>\n<td><a href=\"https:\/\/www.cde.ca.gov\/\" target=\"_blank\" rel=\"noopener\" aria-label=\"Haga Clic Aqu\u00ed para Superintendent of Public Instruction, Tony Thurmond\">Haga Clic Aqu\u00ed<\/a><\/td>\n<td>Ninguno registrado.<\/td>\n<\/tr>\n<\/tbody>\n<\/table>\n<\/div>\n\n  <\/section>\n\n\t\n\n\n\n","protected":false},"excerpt":{"rendered":"<p>Funcionarios Electos Estatales Estado de California Funcionario Electo Tel\u00e9fono Sitio web Correo electr\u00f3nico Gobernador NEWSOM, GAVIN (916)445-2841 Haga Clic Aqu\u00ed gavin@gavinnewsom.com Vicegobernadora KOUNALAKIS, ELENI (916)445-8994 Haga Clic Aqu\u00ed Ninguno registrado. Secretaria de Estado WEBER, SHIRLEY (916)653-6814 Haga Clic Aqu\u00ed secretary.weber@sos.ca.gov Contralora COHEN, MALIA M. (916) 445-2636 Haga Clic Aqu\u00ed Ninguno<span class=\"ellipsis\">&#8230;<\/span><\/p>\n","protected":false},"author":19,"featured_media":37382,"parent":126,"menu_order":0,"comment_status":"closed","ping_status":"closed","template":"templates\/rov-left-sidebar-template.php","meta":{"_acf_changed":false,"footnotes":""},"class_list":["post-4244","page","type-page","status-publish","has-post-thumbnail","hentry"],"acf":[],"_links":{"self":[{"href":"https:\/\/elections.sbcounty.gov\/es\/wp-json\/wp\/v2\/pages\/4244","targetHints":{"allow":["GET"]}}],"collection":[{"href":"https:\/\/elections.sbcounty.gov\/es\/wp-json\/wp\/v2\/pages"}],"about":[{"href":"https:\/\/elections.sbcounty.gov\/es\/wp-json\/wp\/v2\/types\/page"}],"author":[{"embeddable":true,"href":"https:\/\/elections.sbcounty.gov\/es\/wp-json\/wp\/v2\/users\/19"}],"replies":[{"embeddable":true,"href":"https:\/\/elections.sbcounty.gov\/es\/wp-json\/wp\/v2\/comments?post=4244"}],"version-history":[{"count":17,"href":"https:\/\/elections.sbcounty.gov\/es\/wp-json\/wp\/v2\/pages\/4244\/revisions"}],"predecessor-version":[{"id":92952,"href":"https:\/\/elections.sbcounty.gov\/es\/wp-json\/wp\/v2\/pages\/4244\/revisions\/92952"}],"up":[{"embeddable":true,"href":"https:\/\/elections.sbcounty.gov\/es\/wp-json\/wp\/v2\/pages\/126"}],"wp:featuredmedia":[{"embeddable":true,"href":"https:\/\/elections.sbcounty.gov\/es\/wp-json\/wp\/v2\/media\/37382"}],"wp:attachment":[{"href":"https:\/\/elections.sbcounty.gov\/es\/wp-json\/wp\/v2\/media?parent=4244"}],"curies":[{"name":"wp","href":"https:\/\/api.w.org\/{rel}","templated":true}]}}