{"id":42426,"date":"2022-01-03T22:06:06","date_gmt":"2022-01-03T22:06:06","guid":{"rendered":"https:\/\/www.elections.sbcounty.gov\/?page_id=42426"},"modified":"2022-01-03T22:06:06","modified_gmt":"2022-01-03T22:06:06","slug":"measures","status":"publish","type":"page","link":"https:\/\/elections.sbcounty.gov\/es\/elections\/2018\/0605\/measures\/","title":{"rendered":"Elecciones Primarias Estatales de 2018 \u2013 Medidas"},"content":{"rendered":"  <section data-isd-block-id=\"rov-content-blockblock_b1d4b0e06e9eca2b9a353761ed0ff15a\"\n\t\t\t\t\t\t\t\t\t\t \t\t\t\t\t\t\t\t\t\t\t class=\"card-style main-content-wrapper rov-card-style mb-4\">\n\n\t<h2 class=\"block-subtitle blue\">Elecciones Primarias Estatales de 2018 \u2013 Medidas<\/h2>\n\n\t<div class=\"ctnr-block-content\"><table class=\"table striped\" style=\"border-collapse: collapse\" border=\"1\">\n<tbody>\n<tr>\n<th><strong>Letra<\/strong><\/th>\n<th><strong>Jurisdicci\u00f3n<\/strong><\/th>\n<th><strong>Descripci\u00f3n de la Medida<\/strong><\/th>\n<th><strong>An\u00e1lisis<\/strong><\/th>\n<th><strong>Argumentos<\/strong><\/th>\n<th><strong>Porcentaje<br \/>\npara ser Aprobada<\/strong><\/th>\n<\/tr>\n<tr>\n<td style=\"text-align: center\">L<\/td>\n<td><a href=\"https:\/\/www.sbcounty.gov\/uploads\/ROV\/Elections\/2018\/0605\/Measures\/L-TownOfYuccaValley\/Resolution_TownOfYuccaValley_L.pdf\" target=\"_blank\" rel=\"noopener\">Pueblo de Yucca Valley<\/a><\/td>\n<td><a href=\"https:\/\/www.sbcounty.gov\/uploads\/ROV\/Elections\/2018\/0605\/Measures\/L-TownOfYuccaValley\/FullText_TownOfYuccaValley_L.pdf\" target=\"_blank\" rel=\"noopener\">Exenci\u00f3n de Operaciones Comerciales de Cannabis con Permiso del Estado<\/a><\/td>\n<td><a href=\"https:\/\/www.sbcounty.gov\/uploads\/ROV\/Elections\/2018\/0605\/Measures\/L-TownOfYuccaValley\/ImpartialAnalysis_TownOfYuccaValley_L.pdf\" target=\"_blank\" rel=\"noopener\">Imparcial<\/a><\/td>\n<td>\u2013\u00a0<a href=\"https:\/\/www.sbcounty.gov\/uploads\/ROV\/Elections\/2018\/0605\/Measures\/L-TownOfYuccaValley\/ArgumentFor_TownOfYuccaValley_L.pdf\" target=\"_blank\" rel=\"noopener\">Argumento a Favor<\/a><br \/>\n\u2013\u00a0<a href=\"https:\/\/www.sbcounty.gov\/uploads\/ROV\/Elections\/2018\/0605\/Measures\/L-TownOfYuccaValley\/RebuttalToArgumentFor_TownOfYuccaValley_L.pdf\" target=\"_blank\" rel=\"noopener\">Refutaci\u00f3n del Argumento a Favor<\/a><br \/>\n\u2013\u00a0<a href=\"https:\/\/www.sbcounty.gov\/uploads\/ROV\/Elections\/2018\/0605\/Measures\/L-TownOfYuccaValley\/ArgumentAgainst_TownOfYuccaValley_L.pdf\" target=\"_blank\" rel=\"noopener\">Argumento en Contra<\/a><br \/>\n\u2013 No se present\u00f3 una Refutaci\u00f3n del Argumento en Contra<\/td>\n<td>50% + 1<\/td>\n<\/tr>\n<tr>\n<td style=\"text-align: center\">M<\/td>\n<td><a href=\"https:\/\/www.sbcounty.gov\/uploads\/ROV\/Elections\/2018\/0605\/Measures\/M-CityOfRialto\/Resolution_CityOfRialto_M.pdf\" target=\"_blank\" rel=\"noopener\">Ciudad de Rialto<\/a><\/td>\n<td><a href=\"https:\/\/www.sbcounty.gov\/uploads\/ROV\/Elections\/2018\/0605\/Measures\/M-CityOfRialto\/Ordinance_CityOfRialto_M.pdf\" target=\"_blank\" rel=\"noopener\">Impuesto a los Consumidores de Servicios P\u00fablicos<\/a><\/td>\n<td><a href=\"https:\/\/www.sbcounty.gov\/uploads\/ROV\/Elections\/2018\/0605\/Measures\/M-CityOfRialto\/ImpartialAnalysis_CityOfRialto_M.pdf\" target=\"_blank\" rel=\"noopener\">Imparcial<\/a><\/td>\n<td>\u2013\u00a0<a href=\"https:\/\/www.sbcounty.gov\/uploads\/ROV\/Elections\/2018\/0605\/Measures\/M-CityOfRialto\/ArgumentFor_CityOfRialto_M.pdf\" target=\"_blank\" rel=\"noopener\">Argumento a Favor<\/a><br \/>\n\u2013 No se present\u00f3 una Refutaci\u00f3n del Argumento a Favor<br \/>\n\u2013 No se present\u00f3 un Argumento en Contra<\/td>\n<td>50% + 1<\/td>\n<\/tr>\n<\/tbody>\n<\/table>\n<p>&nbsp;<\/p>\n<p><strong>Avisos P\u00fablicos y Formularios Relacionados:<\/strong><\/p>\n<ul>\n<li><a href=\"https:\/\/www.sbcounty.gov\/uploads\/ROV\/News\/2018\/0605\/Notice_MeasureLetterAssignment.pdf\" target=\"_blank\" rel=\"noopener\">Aviso P\u00fablico \u2013 Asignaci\u00f3n de Letras de Medidas<\/a><\/li>\n<li><a href=\"https:\/\/elections.sbcounty.gov\/es\/Elections\/Measures\/\">Informaci\u00f3n General sobre las Medidas<\/a><\/li>\n<\/ul>\n<\/div>\n\n  <\/section>\n\n\t","protected":false},"excerpt":{"rendered":"<p>Elecciones Primarias Estatales de 2018 \u2013 Medidas Letra Jurisdicci\u00f3n Descripci\u00f3n de la Medida An\u00e1lisis Argumentos Porcentaje para ser Aprobada L Pueblo de Yucca Valley Exenci\u00f3n de Operaciones Comerciales de Cannabis con Permiso del Estado Imparcial \u2013\u00a0Argumento a Favor \u2013\u00a0Refutaci\u00f3n del Argumento a Favor \u2013\u00a0Argumento en Contra \u2013 No se present\u00f3<span class=\"ellipsis\">&#8230;<\/span><\/p>\n","protected":false},"author":19,"featured_media":37382,"parent":42411,"menu_order":0,"comment_status":"closed","ping_status":"closed","template":"templates\/rov-full-width-no-title-template.php","meta":{"_acf_changed":false,"footnotes":""},"class_list":["post-42426","page","type-page","status-publish","has-post-thumbnail","hentry"],"acf":[],"_links":{"self":[{"href":"https:\/\/elections.sbcounty.gov\/es\/wp-json\/wp\/v2\/pages\/42426","targetHints":{"allow":["GET"]}}],"collection":[{"href":"https:\/\/elections.sbcounty.gov\/es\/wp-json\/wp\/v2\/pages"}],"about":[{"href":"https:\/\/elections.sbcounty.gov\/es\/wp-json\/wp\/v2\/types\/page"}],"author":[{"embeddable":true,"href":"https:\/\/elections.sbcounty.gov\/es\/wp-json\/wp\/v2\/users\/19"}],"replies":[{"embeddable":true,"href":"https:\/\/elections.sbcounty.gov\/es\/wp-json\/wp\/v2\/comments?post=42426"}],"version-history":[{"count":0,"href":"https:\/\/elections.sbcounty.gov\/es\/wp-json\/wp\/v2\/pages\/42426\/revisions"}],"up":[{"embeddable":true,"href":"https:\/\/elections.sbcounty.gov\/es\/wp-json\/wp\/v2\/pages\/42411"}],"wp:featuredmedia":[{"embeddable":true,"href":"https:\/\/elections.sbcounty.gov\/es\/wp-json\/wp\/v2\/media\/37382"}],"wp:attachment":[{"href":"https:\/\/elections.sbcounty.gov\/es\/wp-json\/wp\/v2\/media?parent=42426"}],"curies":[{"name":"wp","href":"https:\/\/api.w.org\/{rel}","templated":true}]}}