{"id":42324,"date":"2022-01-03T21:20:26","date_gmt":"2022-01-03T21:20:26","guid":{"rendered":"https:\/\/www.elections.sbcounty.gov\/?page_id=42324"},"modified":"2022-01-03T21:20:26","modified_gmt":"2022-01-03T21:20:26","slug":"measures","status":"publish","type":"page","link":"https:\/\/elections.sbcounty.gov\/es\/elections\/2017\/1107\/measures\/","title":{"rendered":"Elecciones Consolidadas de 2017 \u2013 Medidas\ufffc"},"content":{"rendered":"  <section data-isd-block-id=\"rov-content-blockblock_50974f4aee2cbd407a985d1b91e90012\"\n\t\t\t\t\t\t\t\t\t\t \t\t\t\t\t\t\t\t\t\t\t class=\"card-style main-content-wrapper rov-card-style mb-4\">\n\n\t<h2 class=\"block-subtitle blue\">Elecciones Consolidadas de 2017 \u2013 Medidas<\/h2>\n\n\t<div class=\"ctnr-block-content\"><table class=\"table striped\" style=\"width: 99%;border-collapse: collapse\" border=\"1\">\n<colgroup>\n<col \/>\n<col \/>\n<col \/>\n<col \/>\n<col \/>\n<col \/><\/colgroup>\n<tbody>\n<tr>\n<th><strong>Letra<\/strong><\/th>\n<th><strong>Jurisdicci\u00f3n<\/strong><\/th>\n<th><strong>Descripci\u00f3n de la Medida<\/strong><\/th>\n<th><strong>An\u00e1lisis<\/strong><\/th>\n<th><strong>Argumentos<\/strong><\/th>\n<th><strong>Porcentaje para ser Aprobada<\/strong><\/th>\n<\/tr>\n<tr>\n<td style=\"text-align: left\">J<\/td>\n<td><a href=\"https:\/\/www.sbcounty.gov\/uploads\/ROV\/Elections\/2017\/1107\/Measures\/CityofBarstow\/Resolution_Barstow.pdf\" target=\"_blank\" rel=\"noopener\">Ciudad de\u00a0Barstow<\/a><\/td>\n<td><a href=\"https:\/\/www.sbcounty.gov\/uploads\/ROV\/Elections\/2017\/1107\/Measures\/CityofBarstow\/Ordinance_Barstow.pdf\" target=\"_blank\" rel=\"noopener\"><u>Impuesto sobre Transacciones y Uso<\/u><\/a><\/td>\n<td><a href=\"https:\/\/www.sbcounty.gov\/uploads\/ROV\/Elections\/2017\/1107\/Measures\/CityofBarstow\/ImpartialAnalysis_Barstow.pdf\" target=\"_blank\" rel=\"noopener\">Imparcial<\/a><\/td>\n<td>&#8211; <a href=\"https:\/\/www.sbcounty.gov\/uploads\/ROV\/Elections\/2017\/1107\/Measures\/CityofBarstow\/ArgumentFor_Barstow.pdf\" target=\"_blank\" rel=\"noopener\">Argumento a Favor<\/a><br \/>\n\u2013\u00a0<a href=\"https:\/\/www.sbcounty.gov\/uploads\/ROV\/Elections\/2017\/1107\/Measures\/CityofBarstow\/RebuttalToArgumentFor_Barstow.pdf\" target=\"_blank\" rel=\"noopener\">Refutaci\u00f3n del\u00a0Argumento a Favor<\/a><br \/>\n\u2013\u00a0<a href=\"https:\/\/www.sbcounty.gov\/uploads\/ROV\/Elections\/2017\/1107\/Measures\/CityofBarstow\/ArgumentAgainst_Barstow.pdf\" target=\"_blank\" rel=\"noopener\">Argumento en Contra<\/a><br \/>\n\u2013\u00a0<a href=\"https:\/\/www.sbcounty.gov\/uploads\/ROV\/Elections\/2017\/1107\/Measures\/CityofBarstow\/RebuttalToArgumentAgainst_Barstow.pdf\" target=\"_blank\" rel=\"noopener\">Refutaci\u00f3n del Argumento en Contra<\/a><\/td>\n<td>2\/3<\/td>\n<\/tr>\n<tr>\n<td style=\"text-align: left\">K<\/td>\n<td><a href=\"https:\/\/www.sbcounty.gov\/uploads\/ROV\/Elections\/2017\/1107\/Measures\/CityofVictorville\/Resolution_Victorville.pdf\" target=\"_blank\" rel=\"noopener\">Ciudad de Victorville<\/a><\/td>\n<td><a href=\"https:\/\/www.sbcounty.gov\/uploads\/ROV\/Elections\/2017\/1107\/Measures\/CityofVictorville\/Ordinance_Victorville.pdf\" target=\"_blank\" rel=\"noopener\">Impuesto sobre Transacciones y Uso<\/a><\/td>\n<td><a href=\"https:\/\/www.sbcounty.gov\/uploads\/ROV\/Elections\/2017\/1107\/Measures\/CityofVictorville\/ImpartialAnalysis_Victorville.pdf\" target=\"_blank\" rel=\"noopener\">Imparcial<\/a><\/td>\n<td>&#8211; <a href=\"https:\/\/www.sbcounty.gov\/uploads\/ROV\/Elections\/2017\/1107\/Measures\/CityofVictorville\/ArgumentFor_Victorville.pdf\" target=\"_blank\" rel=\"noopener\">Argumento a Favor<\/a><br \/>\n\u2013\u00a0No se present\u00f3 ning\u00fan Argumento en Contra<\/td>\n<td>2\/3<\/td>\n<\/tr>\n<\/tbody>\n<\/table>\n<p>&nbsp;<\/p>\n<p><strong>Avisos P\u00fablicos y Formularios Relacionados:<\/strong><\/p>\n<p><a href=\"https:\/\/elections.sbcounty.gov\/es\/Elections\/Measures\/\">Informaci\u00f3n Gen\u00e9rica sobre las Medidas<\/a><\/p>\n<\/div>\n\n  <\/section>\n\n\t","protected":false},"excerpt":{"rendered":"<p>Elecciones Consolidadas de 2017 \u2013 Medidas Letra Jurisdicci\u00f3n Descripci\u00f3n de la Medida An\u00e1lisis Argumentos Porcentaje para ser Aprobada J Ciudad de\u00a0Barstow Impuesto sobre Transacciones y Uso Imparcial &#8211; Argumento a Favor \u2013\u00a0Refutaci\u00f3n del\u00a0Argumento a Favor \u2013\u00a0Argumento en Contra \u2013\u00a0Refutaci\u00f3n del Argumento en Contra 2\/3 K Ciudad de Victorville Impuesto sobre<span class=\"ellipsis\">&#8230;<\/span><\/p>\n","protected":false},"author":19,"featured_media":37382,"parent":42315,"menu_order":0,"comment_status":"closed","ping_status":"closed","template":"templates\/rov-full-width-no-title-template.php","meta":{"_acf_changed":false,"footnotes":""},"class_list":["post-42324","page","type-page","status-publish","has-post-thumbnail","hentry"],"acf":[],"_links":{"self":[{"href":"https:\/\/elections.sbcounty.gov\/es\/wp-json\/wp\/v2\/pages\/42324","targetHints":{"allow":["GET"]}}],"collection":[{"href":"https:\/\/elections.sbcounty.gov\/es\/wp-json\/wp\/v2\/pages"}],"about":[{"href":"https:\/\/elections.sbcounty.gov\/es\/wp-json\/wp\/v2\/types\/page"}],"author":[{"embeddable":true,"href":"https:\/\/elections.sbcounty.gov\/es\/wp-json\/wp\/v2\/users\/19"}],"replies":[{"embeddable":true,"href":"https:\/\/elections.sbcounty.gov\/es\/wp-json\/wp\/v2\/comments?post=42324"}],"version-history":[{"count":0,"href":"https:\/\/elections.sbcounty.gov\/es\/wp-json\/wp\/v2\/pages\/42324\/revisions"}],"up":[{"embeddable":true,"href":"https:\/\/elections.sbcounty.gov\/es\/wp-json\/wp\/v2\/pages\/42315"}],"wp:featuredmedia":[{"embeddable":true,"href":"https:\/\/elections.sbcounty.gov\/es\/wp-json\/wp\/v2\/media\/37382"}],"wp:attachment":[{"href":"https:\/\/elections.sbcounty.gov\/es\/wp-json\/wp\/v2\/media?parent=42324"}],"curies":[{"name":"wp","href":"https:\/\/api.w.org\/{rel}","templated":true}]}}