{"id":42315,"date":"2022-01-03T21:16:57","date_gmt":"2022-01-03T21:16:57","guid":{"rendered":"https:\/\/www.elections.sbcounty.gov\/?page_id=42315"},"modified":"2024-06-06T08:19:55","modified_gmt":"2024-06-06T15:19:55","slug":"1107","status":"publish","type":"page","link":"https:\/\/elections.sbcounty.gov\/es\/elections\/2017\/1107\/","title":{"rendered":"Archivo de Elecciones Consolidadas de 2017"},"content":{"rendered":"  <section data-isd-block-id=\"rov-content-blockblock_018581fa34cd5f05da9f90de65a41b22\"\n\t\t\t\t\t\t\t\t\t\t \t\t\t\t\t\t\t\t\t\t\t class=\"card-style main-content-wrapper rov-card-style mb-4\">\n\n\t<h2 class=\"block-subtitle blue\">Publicaciones Electorales<\/h2>\n\n\t<div class=\"ctnr-block-content\"><p><strong>Gu\u00eda de Informaci\u00f3n para el Votante del Condado de San Bernardino<\/strong><\/p>\n<ul>\n<li>La\u00a0<strong>Gu\u00eda de Informaci\u00f3n para el Votante<\/strong>\u00a0es un folleto publicado por la Oficina de Elecciones del Condado de San Bernardino que incluye informaci\u00f3n sobre la votaci\u00f3n, los candidatos y las medidas, una boleta de muestra e informaci\u00f3n de las casillas electorales.<\/li>\n<li>La\u00a0<a href=\"https:\/\/www.sbcounty.gov\/uploads\/ROV\/Elections\/2017\/1107\/2017-11-07_ComprehensiveVoterinformationGuide_SPA.pdf?_=1507144466367\" target=\"_blank\" rel=\"noopener\"><strong>Gu\u00eda de Informaci\u00f3n para el Votante completa<\/strong><\/a>\u00a0[pdf] contiene informaci\u00f3n de todos los cargos incluidos en las elecciones en el Condado de San Bernardino.<\/li>\n<li>La\u00a0<strong>Gu\u00eda de Informaci\u00f3n para el Votante espec\u00edfica de cada distrito electoral<\/strong>\u00a0contiene informaci\u00f3n de los cargos a elegir y las medidas en la boleta en cada distrito electoral.\u00a0 Puede consultar las Gu\u00edas de Informaci\u00f3n para el Votante espec\u00edficas de cada distrito electoral con la herramienta de\u00a0<strong>B\u00fasqueda de Casillas Electorales y Gu\u00eda de Informaci\u00f3n para el Votante <\/strong>[ya no est\u00e1 disponible].<\/li>\n<li>La\u00a0<strong>Gu\u00eda de Informaci\u00f3n para el Votante en formato accesible<\/strong> [ya no est\u00e1 disponible] proporciona informaci\u00f3n electoral personalizada para los votantes que utilizan programas de lectura de pantalla.<\/li>\n<\/ul>\n<p><strong><a href=\"https:\/\/elections.sbcounty.gov\/es\/News\/2017\/\">Comunicados de Prensa y Avisos P\u00fablicos<\/a><\/strong><\/p>\n<\/div>\n\n  <\/section>\n\n\t\n\n  <section data-isd-block-id=\"rov-content-blockblock_28a9b28625e916021070b9f3a3eba541\"\n\t\t\t\t\t\t\t\t\t\t \t\t\t\t\t\t\t\t\t\t\t class=\"card-style main-content-wrapper rov-card-style mb-4\">\n\n\t<h2 class=\"block-subtitle blue\">Fechas Clave y Fechas L\u00edmite<\/h2>\n\n\t<div class=\"ctnr-block-content\"><table class=\"table table-striped\" style=\"width: 99%\">\n<thead>\n<tr style=\"text-align: left;font-weight: bold\">\n<th><strong>Fecha<\/strong><\/th>\n<th><strong>Acci\u00f3n<\/strong><\/th>\n<\/tr>\n<\/thead>\n<tbody>\n<tr>\n<td>17 de julio de 2017<\/td>\n<td>Comienza la presentaci\u00f3n de candidatos<\/td>\n<\/tr>\n<tr>\n<td>11 de agosto de 2017<\/td>\n<td>Fecha l\u00edmite de presentaci\u00f3n de candidatos<\/td>\n<\/tr>\n<tr>\n<td>4 de octubre de 2017<\/td>\n<td>Se entregan las Gu\u00edas de Informaci\u00f3n para el Votante a la Oficina Postal de EE. UU.<\/td>\n<\/tr>\n<tr>\n<td>10 de octubre de 2017<\/td>\n<td>Comienza el voto anticipado<\/td>\n<\/tr>\n<tr>\n<td>11 de octubre de 2017<\/td>\n<td>Se entregan las Boletas por Correo a la Oficina Postal de EE. UU.<\/td>\n<\/tr>\n<tr>\n<td>23 de octubre de 2017<\/td>\n<td>Fecha l\u00edmite para el registro de votantes<\/td>\n<\/tr>\n<tr>\n<td>31 de octubre de 2017<\/td>\n<td>Fecha l\u00edmite para solicitar una Boleta por Correo<\/td>\n<\/tr>\n<tr>\n<td><strong>7 de noviembre de 2017<\/strong><\/td>\n<td><strong>D\u00eda de las Elecciones \u2013\u00a0Elecciones\u00a0Consolidadas de 2017<\/strong><\/td>\n<\/tr>\n<tr>\n<td>8 de noviembre de 2017<\/td>\n<td>Comienza el escrutinio de las Elecciones<\/td>\n<\/tr>\n<tr>\n<td>27 de noviembre de 2017<\/td>\n<td>Fecha l\u00edmite para completar el escrutinio oficial y certificar los resultados<\/td>\n<\/tr>\n<\/tbody>\n<\/table>\n<\/div>\n\n  <\/section>\n\n\t\n\n  <section data-isd-block-id=\"rov-content-blockblock_b710f361e90de203de8049b42ad4bf9e\"\n\t\t\t\t\t\t\t\t\t\t \t\t\t\t\t\t\t\t\t\t\t class=\"card-style main-content-wrapper rov-card-style mb-4\">\n\n\t<h2 class=\"block-subtitle blue\">Informaci\u00f3n de los Cargos y Candidatos<\/h2>\n\n\t<div class=\"ctnr-block-content\"><p><strong>Cargos a Elegir:<\/strong><\/p>\n<ul>\n<li>Consulte los\u00a0<a href=\"https:\/\/www.sbcounty.gov\/uploads\/ROV\/Elections\/2017\/1107\/Report_OfficesUpForElection.pdf?_=1499733984894\" target=\"_blank\" rel=\"noopener\">Cargos a Elegir<\/a>\u00a0[pdf] para las Elecciones Consolidadas de\u00a02017.<\/li>\n<\/ul>\n<p><strong>Presentaci\u00f3n de Candidatos:<\/strong><\/p>\n<ul>\n<li>Consulte la\u00a0<a href=\"https:\/\/www.sbcounty.gov\/uploads\/ROV\/Elections\/2017\/1107\/Guide_CandidateFiling.pdf?_=1500404498518\" target=\"_blank\" rel=\"noopener\">Gu\u00eda de Presentaci\u00f3n de Candidatos<\/a>\u00a0[pdf].<\/li>\n<\/ul>\n<p><strong>Declaraciones de los Candidatos:<\/strong><\/p>\n<ul>\n<li>Al momento de registrarse, los Candidatos deben pagar los costos estimados de imprimir su declaraci\u00f3n de candidato en la Gu\u00eda de Informaci\u00f3n para el Votante.<\/li>\n<li>Para presentar una declaraci\u00f3n de candidato, complete el Formulario de Declaraci\u00f3n del Candidato [ya no est\u00e1 disponible].<\/li>\n<\/ul>\n<p><strong>Lista de Candidatos:<\/strong><\/p>\n<ul>\n<li>Consulte la <a href=\"https:\/\/www.sbcounty.gov\/uploads\/ROV\/Elections\/2017\/1107\/Report_CandidateList.pdf?_=1504212483164\" target=\"_blank\" rel=\"noopener\">Lista Oficial de Candidatos<\/a>\u00a0[pdf].<\/li>\n<\/ul>\n<\/div>\n\n  <\/section>\n\n\t\n\n  <section data-isd-block-id=\"rov-content-blockblock_3deb16a6ffc40da145ab5d4747162476\"\n\t\t\t\t\t\t\t\t\t\t \t\t\t\t\t\t\t\t\t\t\t class=\"card-style main-content-wrapper rov-card-style mb-4\">\n\n\t<h2 class=\"block-subtitle blue\">Medidas en la Boleta<\/h2>\n\n\t<div class=\"ctnr-block-content\"><ul>\n<li>Consulte las\u00a0<a href=\"https:\/\/elections.sbcounty.gov\/es\/elections\/2017\/1107\/measures\/\">Medidas Locales<\/a>\u00a0en la boleta para las Elecciones Consolidadas\u00a0de 2017.<\/li>\n<\/ul>\n<\/div>\n\n  <\/section>\n\n\t\n\n  <section data-isd-block-id=\"rov-content-blockblock_8da0f01958a78d5213453c6661952425\"\n\t\t\t\t\t\t\t\t\t\t \t\t\t\t\t\t\t\t\t\t\t class=\"card-style main-content-wrapper rov-card-style mb-4\">\n\n\t<h2 class=\"block-subtitle blue\">Registro de Votantes<\/h2>\n\n\t<div class=\"ctnr-block-content\"><p>Si quiere votar por correo o en la casilla electoral que se le asign\u00f3, su solicitud de registro de votante debe tener sello postal con fecha antes del\u00a0<strong>23 de octubre de 2017<\/strong>\u00a0para las\u00a0Elecciones Consolidadas de 2017.<\/p>\n<p><strong>Si ya pas\u00f3 la fecha l\u00edmite de registro de votantes,<\/strong>\u00a0a\u00fan puede registrarse y votar personalmente en la Oficina de Elecciones, o en una casilla para Voto Anticipado el D\u00eda de las Elecciones o antes.<\/p>\n<ul>\n<li>Visite nuestra\u00a0<a href=\"https:\/\/elections.sbcounty.gov\/es\/VoterRegistration\/\">p\u00e1gina del Registro de Votantes<\/a>\u00a0para obtener informaci\u00f3n e instrucciones.<\/li>\n<li>Consulte el\u00a0<a href=\"https:\/\/www.sbcounty.gov\/uploads\/ROV\/Elections\/2017\/1107\/Report_15DayCloseOfRegistrationSummary.pdf?_=1641243652308\" target=\"_blank\" rel=\"noopener\">Resumen del Registro de Votantes Calificados<\/a>\u00a0[pdf].<\/li>\n<li>Consulte la <a href=\"https:\/\/elections.sbcounty.gov\/es\/Voting\/Early\/\">p\u00e1gina de Voto Anticipado<\/a> para conocer las casillas para Voto Anticipado.<\/li>\n<\/ul>\n<\/div>\n\n  <\/section>\n\n\t\n\n  <section data-isd-block-id=\"rov-content-blockblock_6b9e8cc8258b0b08d846ec3e86bb8085\"\n\t\t\t\t\t\t\t\t\t\t \t\t\t\t\t\t\t\t\t\t\t class=\"card-style main-content-wrapper rov-card-style mb-4\">\n\n\t<h2 class=\"block-subtitle blue\">Opciones de Voto<\/h2>\n\n\t<div class=\"ctnr-block-content\"><ul>\n<li>Vote de manera anticipada en la Oficina de Elecciones a partir del 10 de octubre de 2017.<\/li>\n<li>Vote en una Boleta de Voto por Correo. \u00a0Se entregar\u00e1n las Boletas por Correo a la Oficina Postal de E.E.U.U. el 11 de octubre de 2017.\n<ul>\n<li>Llene una\u00a0<a href=\"https:\/\/elections.sbcounty.gov\/VoterRegistration\/MyElectionGatewayInfo\/MyElectionsGateway\/?target=MailBallotApplication\">Solicitud de Boleta por Correo en l\u00ednea<\/a>.<\/li>\n<li>Llene y devuelva una <a href=\"https:\/\/www.sbcounty.gov\/uploads\/ROV\/Elections\/2017\/1107\/Form_2017-11-07_MailBallotApplication_Fillable_SPA.pdf?_=1503514641942\" target=\"_blank\" rel=\"noopener\">Solicitud de Boleta por Correo<\/a> [pdf]<\/li>\n<li>Encuentre un\u00a0Lugar para Depositar Boletas de Voto por Correo [ya no est\u00e1 disponible].<\/li>\n<\/ul>\n<\/li>\n<li>Vote en las casillas el D\u00eda de las Elecciones, el 7 de noviembre de 2017, de 7 a.m. a 8 p.m.\n<ul>\n<li>Encuentre su\u00a0Casilla Electoral asignada [ya no est\u00e1 disponible] .<\/li>\n<\/ul>\n<\/li>\n<\/ul>\n<p>Visite nuestra\u00a0<a href=\"https:\/\/elections.sbcounty.gov\/es\/Voting\/\">p\u00e1gina de Opciones de Voto<\/a> para obtener la informaci\u00f3n completa y las instrucciones.<\/p>\n<p><strong>Votantes Militares y en el Extranjero:<\/strong><\/p>\n<p>Los ciudadanos Uniformados y en el Extranjero pueden obtener una Gu\u00eda de Informaci\u00f3n para el Votante y una Boleta de Muestra, as\u00ed como una Boleta [ya no est\u00e1 disponibles] para estas elecciones.\u00a0 Para obtener la informaci\u00f3n completa, visite el sitio web para <a href=\"https:\/\/www.sos.ca.gov\/elections\/voter-registration\/military-overseas-voters\" target=\"_blank\" rel=\"noopener\">Votantes Militares y en el Extranjero<\/a> del Secretario de Estado.<\/p>\n<\/div>\n\n  <\/section>\n\n\t\n\n  <section data-isd-block-id=\"rov-content-blockblock_9f47b0c3587a406e36a31a6ab0f6647f\"\n\t\t\t\t\t\t\t\t\t\t \t\t\t\t\t\t\t\t\t\t\t class=\"card-style main-content-wrapper rov-card-style mb-4\">\n\n\t<h2 class=\"block-subtitle blue\">Estad\u00edsticas de Devoluci\u00f3n de Boletas por Correo<\/h2>\n\n\t<div class=\"ctnr-block-content\"><p>El Informe de Estad\u00edsticas de Devoluci\u00f3n de Boletas por Correo muestra el n\u00famero de boletas por correo que se han\u00a0emitido y devuelto\u00a0para las elecciones, as\u00ed como las estad\u00edsticas hist\u00f3ricas de las\u00a0elecciones anteriores. \u00a0Los datos presentados en este informe se actualizan diariamente y\u00a0pueden fluctuar\u00a0a medida que se reciben m\u00e1s solicitudes de boletas por correo\u00a0y\u00a0se procesan las boletas de voto por correo marcadas.<\/p>\n<ul>\n<li>Consulte el\u00a0<a href=\"https:\/\/www.sbcounty.gov\/uploads\/ROV\/Elections\/2017\/1107\/Report_MailBallotStats.pdf?_=1641243652308\" target=\"_blank\" rel=\"noopener\">Informe de Estad\u00edsticas de Devoluci\u00f3n de Boletas por Correo<\/a>\u00a0[pdf]\u00a0de estas elecciones.<\/li>\n<\/ul>\n<\/div>\n\n  <\/section>\n\n\t\n\n  <section data-isd-block-id=\"rov-content-blockblock_d3064e6f45023d1652a406da0a19db6e\"\n\t\t\t\t\t\t\t\t\t\t \t\t\t\t\t\t\t\t\t\t\t class=\"card-style main-content-wrapper rov-card-style mb-4\">\n\n\t<h2 class=\"block-subtitle blue\">Resultados de las Elecciones<\/h2>\n\n\t<div class=\"ctnr-block-content\"><ul>\n<li><a href=\"https:\/\/results.rov.sbcounty.gov\/results\/20171107\/default.html\" target=\"_blank\" rel=\"noopener\">Resultados de las Elecciones<\/a><\/li>\n<li><a href=\"https:\/\/www.sbcounty.gov\/uploads\/ROV\/Elections\/2017\/1107\/Results\/PublicNotice_OfficialCertifiedWriteInResults.pdf?ver=2017-11-27-170600-430\" target=\"_blank\" rel=\"noopener\">Resultados Oficiales Certificados de los Candidatos No Registrados<\/a>\u00a0[pdf]<\/li>\n<li><a href=\"https:\/\/www.sbcounty.gov\/uploads\/ROV\/Elections\/2017\/1107\/Results\/Report_StatementOfVotesCast.pdf?_=1564706678150\" target=\"_blank\" rel=\"noopener\">Declaraci\u00f3n del Informe de Votos Emitidos<\/a>\u00a0[pdf]<\/li>\n<li>Consulta de Boletas Provisionales [ya no est\u00e1 disponible]<\/li>\n<\/ul>\n<\/div>\n\n  <\/section>\n\n\t","protected":false},"excerpt":{"rendered":"<p>Publicaciones Electorales Gu\u00eda de Informaci\u00f3n para el Votante del Condado de San Bernardino La\u00a0Gu\u00eda de Informaci\u00f3n para el Votante\u00a0es un folleto publicado por la Oficina de Elecciones del Condado de San Bernardino que incluye informaci\u00f3n sobre la votaci\u00f3n, los candidatos y las medidas, una boleta de muestra e informaci\u00f3n de<span class=\"ellipsis\">&#8230;<\/span><\/p>\n","protected":false},"author":19,"featured_media":37382,"parent":41940,"menu_order":0,"comment_status":"closed","ping_status":"closed","template":"templates\/rov-left-sidebar-template.php","meta":{"_acf_changed":false,"footnotes":""},"class_list":["post-42315","page","type-page","status-publish","has-post-thumbnail","hentry"],"acf":[],"_links":{"self":[{"href":"https:\/\/elections.sbcounty.gov\/es\/wp-json\/wp\/v2\/pages\/42315","targetHints":{"allow":["GET"]}}],"collection":[{"href":"https:\/\/elections.sbcounty.gov\/es\/wp-json\/wp\/v2\/pages"}],"about":[{"href":"https:\/\/elections.sbcounty.gov\/es\/wp-json\/wp\/v2\/types\/page"}],"author":[{"embeddable":true,"href":"https:\/\/elections.sbcounty.gov\/es\/wp-json\/wp\/v2\/users\/19"}],"replies":[{"embeddable":true,"href":"https:\/\/elections.sbcounty.gov\/es\/wp-json\/wp\/v2\/comments?post=42315"}],"version-history":[{"count":3,"href":"https:\/\/elections.sbcounty.gov\/es\/wp-json\/wp\/v2\/pages\/42315\/revisions"}],"predecessor-version":[{"id":83995,"href":"https:\/\/elections.sbcounty.gov\/es\/wp-json\/wp\/v2\/pages\/42315\/revisions\/83995"}],"up":[{"embeddable":true,"href":"https:\/\/elections.sbcounty.gov\/es\/wp-json\/wp\/v2\/pages\/41940"}],"wp:featuredmedia":[{"embeddable":true,"href":"https:\/\/elections.sbcounty.gov\/es\/wp-json\/wp\/v2\/media\/37382"}],"wp:attachment":[{"href":"https:\/\/elections.sbcounty.gov\/es\/wp-json\/wp\/v2\/media?parent=42315"}],"curies":[{"name":"wp","href":"https:\/\/api.w.org\/{rel}","templated":true}]}}