{"id":42249,"date":"2022-01-03T19:44:08","date_gmt":"2022-01-03T19:44:08","guid":{"rendered":"https:\/\/www.elections.sbcounty.gov\/?page_id=42249"},"modified":"2024-06-06T08:26:38","modified_gmt":"2024-06-06T15:26:38","slug":"0711-csa68","status":"publish","type":"page","link":"https:\/\/elections.sbcounty.gov\/es\/elections\/2017\/0711-csa68\/","title":{"rendered":"Archivo de Elecciones Especiales con Boletas por Correo del\u00a0\u00c1rea de Servicio 68 del Condado, Zona A (Valley of the Moon)"},"content":{"rendered":"  <section data-isd-block-id=\"rov-content-blockblock_8f8fadd2c79b537f0d8891875cdf3381\"\n\t\t\t\t\t\t\t\t\t\t \t\t\t\t\t\t\t\t\t\t\t class=\"card-style main-content-wrapper rov-card-style mb-4\">\n\n\t<h2 class=\"block-subtitle blue\">Publicaciones Electorales<\/h2>\n\n\t<div class=\"ctnr-block-content\"><p><strong>Gu\u00eda de Informaci\u00f3n para el Votante del Condado de San Bernardino<\/strong><\/p>\n<ul>\n<li>La\u00a0<a href=\"https:\/\/www.sbcounty.gov\/uploads\/ROV\/Elections\/2017\/0711-CSA68\/VIG_Combined.pdf?_=1498062827965\" target=\"_blank\" rel=\"noopener\">Gu\u00eda de Informaci\u00f3n para el Votante<\/a> [pdf]\u00a0es un folleto publicado por la Oficina de Elecciones del Condado de San Bernardino que incluye informaci\u00f3n sobre la votaci\u00f3n, los candidatos y las medidas, una boleta de muestra e informaci\u00f3n de las casillas electorales.<\/li>\n<li>La\u00a0<strong>Gu\u00eda de Informaci\u00f3n para el Votante espec\u00edfica de cada distrito electoral<\/strong>\u00a0contiene informaci\u00f3n de los cargos a elegir y las medidas en la boleta en cada distrito electoral. Puede consultar las Gu\u00edas de Informaci\u00f3n para el Votante espec\u00edficas de cada distrito electoral con la herramienta de\u00a0B\u00fasqueda de Gu\u00eda de Informaci\u00f3n para el Votante [ya no est\u00e1 disponible].<\/li>\n<\/ul>\n<p><strong><a href=\"https:\/\/elections.sbcounty.gov\/es\/News\/2017\/\">Comunicados de Prensa y Avisos P\u00fablicos<\/a><\/strong><\/p>\n<\/div>\n\n  <\/section>\n\n\t\n\n  <section data-isd-block-id=\"rov-content-blockblock_e77072887bdfd68dbd944074f4c534b7\"\n\t\t\t\t\t\t\t\t\t\t \t\t\t\t\t\t\t\t\t\t\t class=\"card-style main-content-wrapper rov-card-style mb-4\">\n\n\t<h2 class=\"block-subtitle blue\">Key Dates and Deadlines<\/h2>\n\n\t<div class=\"ctnr-block-content\"><table class=\"table table-striped\" style=\"width: 99%\">\n<thead>\n<tr style=\"text-align: left;font-weight: bold\">\n<th><strong>Fecha<\/strong><\/th>\n<th><strong>Acci\u00f3n<\/strong><\/th>\n<\/tr>\n<\/thead>\n<tbody>\n<tr>\n<td>24 de mayo de 2017<\/td>\n<td>Gu\u00edas de Informaci\u00f3n para el Votante y Boletas de Voto por Correo entregadas en la Oficina Postal de los EE. UU.<\/td>\n<\/tr>\n<tr>\n<td>26 de junio de 2017<\/td>\n<td>Fecha l\u00edmite para el registro de votantes<\/td>\n<\/tr>\n<tr>\n<td><strong>11 de julio de 2017<\/strong><\/td>\n<td><strong>D\u00eda de las Elecciones &#8211; Elecciones Especiales con Boletas por Correo del \u00c1rea de Servicio 68 del Condado, Zona A (Valley of the Moon)<\/strong><\/td>\n<\/tr>\n<tr>\n<td>12 de julio de 2017<\/td>\n<td>Comienza el escrutinio de las Elecciones<\/td>\n<\/tr>\n<tr>\n<td>10 de\u00a0agosto de 2017<\/td>\n<td>Fecha l\u00edmite para completar el escrutinio oficial y certificar los resultados<\/td>\n<\/tr>\n<\/tbody>\n<\/table>\n<\/div>\n\n  <\/section>\n\n\t\n\n  <section data-isd-block-id=\"rov-content-blockblock_54a89494450495f0611940536345cea3\"\n\t\t\t\t\t\t\t\t\t\t \t\t\t\t\t\t\t\t\t\t\t class=\"card-style main-content-wrapper rov-card-style mb-4\">\n\n\t<h2 class=\"block-subtitle blue\">Medidas en la Boleta<\/h2>\n\n\t<div class=\"ctnr-block-content\"><ul>\n<li>Consulte el\u00a0<a href=\"https:\/\/www.sbcounty.gov\/uploads\/ROV\/Elections\/2017\/0711-CSA68\/Minutes_AgendaItem_2017-05-23.pdf?_=1641238381907\" target=\"_blank\" rel=\"noopener\">Acta de la Agenda<\/a>\u00a0[pdf] para la Medida I\u00a0en la boleta\u00a0para las\u00a0Elecciones Especiales con Boletas por Correo del \u00c1rea de Servicio 68 del Condado, Zona A\u00a0(Valley of the\u00a0Moon) del 11 de julio de 2017.<\/li>\n<\/ul>\n<\/div>\n\n  <\/section>\n\n\t\n\n  <section data-isd-block-id=\"rov-content-blockblock_04d5b4000e7e3df1f83a4beb8ea8d848\"\n\t\t\t\t\t\t\t\t\t\t \t\t\t\t\t\t\t\t\t\t\t class=\"card-style main-content-wrapper rov-card-style mb-4\">\n\n\t<h2 class=\"block-subtitle blue\">Registro de Votantes<\/h2>\n\n\t<div class=\"ctnr-block-content\"><p>Si quiere votar por correo, su solicitud de registro de votante debe tener sello postal con fecha antes del\u00a0<strong>26 de junio de 2017<\/strong>\u00a0para las Elecciones\u00a0Especiales con Boletas por Correo del \u00c1rea de Servicio 68 del Condado, Zona A (Valley of the Moon) del 11 de julio de 2017.<\/p>\n<p><strong>Si ya pas\u00f3 la fecha l\u00edmite de registro de votantes,<\/strong>\u00a0a\u00fan puede registrarse y votar personalmente en la Oficina de Elecciones el D\u00eda de las Elecciones o antes.<\/p>\n<ul>\n<li>Visite nuestra\u00a0<a href=\"https:\/\/elections.sbcounty.gov\/es\/VoterRegistration\/\">p\u00e1gina del Registro de Votantes<\/a>\u00a0para obtener informaci\u00f3n completa e instrucciones.<\/li>\n<li>Consulte el\u00a0<a href=\"https:\/\/www.sbcounty.gov\/uploads\/ROV\/Elections\/2017\/0711-CSA68\/Report_15DayCloseOfRegistrationSummary.pdf?_=1641238381907\" target=\"_blank\" rel=\"noopener\">Resumen del Registro de Votantes Calificados<\/a> \u00a0[pdf].<\/li>\n<\/ul>\n<\/div>\n\n  <\/section>\n\n\t\n\n  <section data-isd-block-id=\"rov-content-blockblock_26c01467a5df00e79f5b66655868b183\"\n\t\t\t\t\t\t\t\t\t\t \t\t\t\t\t\t\t\t\t\t\t class=\"card-style main-content-wrapper rov-card-style mb-4\">\n\n\t<h2 class=\"block-subtitle blue\">Opciones de Voto<\/h2>\n\n\t<div class=\"ctnr-block-content\"><ul>\n<li>Vote en una Boleta de Voto por Correo. Se entregar\u00e1n las Boletas por Correo a la Oficina Postal de EE. UU. el 24 de mayo de 2017.\n<ul>\n<li>Encuentre un\u00a0Lugar para Depositar las Boletas de Voto por Correo [ya no est\u00e1 disponible]<\/li>\n<\/ul>\n<\/li>\n<\/ul>\n<p>Visite nuestra\u00a0<a href=\"https:\/\/elections.sbcounty.gov\/es\/Voting\/\">p\u00e1gina de Opciones de Voto<\/a>\u00a0para obtener la informaci\u00f3n completa y las instrucciones.<\/p>\n<p><strong>Votantes Militares y en el Extranjero:<\/strong><\/p>\n<p>Los ciudadanos Uniformados y en el Extranjero pueden obtener una Gu\u00eda de Informaci\u00f3n para el Votante [ya no est\u00e1 disponible] y una Boleta [ya no est\u00e1 disponible] para estas elecciones.\u00a0 Para obtener la informaci\u00f3n completa, visite el sitio web para los\u00a0<a href=\"https:\/\/www.sos.ca.gov\/elections\/voter-registration\/military-overseas-voters\" target=\"_blank\" rel=\"noopener\">Votantes Militares y en el Extranjero<\/a> del Secretario de Estado.<\/p>\n<\/div>\n\n  <\/section>\n\n\t\n\n  <section data-isd-block-id=\"rov-content-blockblock_5213d433c47b0a69e53873659e1e8f57\"\n\t\t\t\t\t\t\t\t\t\t \t\t\t\t\t\t\t\t\t\t\t class=\"card-style main-content-wrapper rov-card-style mb-4\">\n\n\t<h2 class=\"block-subtitle blue\">Estad\u00edsticas de Devoluci\u00f3n de Boletas por Correo<\/h2>\n\n\t<div class=\"ctnr-block-content\"><p>El Informe de Estad\u00edsticas de Devoluci\u00f3n de Boletas por Correo muestra el n\u00famero de boletas por correo que se han\u00a0emitido y devuelto\u00a0para las elecciones, as\u00ed como las estad\u00edsticas hist\u00f3ricas de las\u00a0elecciones anteriores. Los datos presentados en este informe se actualizan diariamente y\u00a0pueden fluctuar\u00a0a medida que se reciben m\u00e1s solicitudes de boletas por correo\u00a0y\u00a0se procesan las boletas de voto por correo marcadas.<\/p>\n<ul>\n<li>Consulte el\u00a0<a href=\"https:\/\/www.sbcounty.gov\/uploads\/ROV\/Elections\/2017\/0711-CSA68\/Report_MailBallotStats.pdf?_=1641238381907\" target=\"_blank\" rel=\"noopener\">Informe de Estad\u00edsticas de Devoluci\u00f3n de Boletas por Correo<\/a>\u00a0[pdf]\u00a0de estas elecciones<\/li>\n<\/ul>\n<\/div>\n\n  <\/section>\n\n\t\n\n  <section data-isd-block-id=\"rov-content-blockblock_3f343976462ed5d1de08dd77b1bc5116\"\n\t\t\t\t\t\t\t\t\t\t \t\t\t\t\t\t\t\t\t\t\t class=\"card-style main-content-wrapper rov-card-style mb-4\">\n\n\t<h2 class=\"block-subtitle blue\">Resultados de las Elecciones<\/h2>\n\n\t<div class=\"ctnr-block-content\"><ul>\n<li><a href=\"https:\/\/www.sbcounty.gov\/uploads\/ROV\/Elections\/2017\/0711-CSA68\/Results\/Report_FinalCertifiedElectionResults.pdf\" target=\"_blank\" rel=\"noopener\">Resultados de las Elecciones<\/a><\/li>\n<li><a href=\"https:\/\/www.sbcounty.gov\/uploads\/ROV\/Elections\/2017\/0711-CSA68\/Results\/Report_StatementOfVotesCast.pdf?_=1500683364100\" target=\"_blank\" rel=\"noopener\">Declaraci\u00f3n de Votos Emitidos<\/a>\u00a0[pdf].<\/li>\n<li>Consulta de Boletas Provisionales [ya no est\u00e1 disponible]<\/li>\n<\/ul>\n<\/div>\n\n  <\/section>\n\n\t","protected":false},"excerpt":{"rendered":"<p>Publicaciones Electorales Gu\u00eda de Informaci\u00f3n para el Votante del Condado de San Bernardino La\u00a0Gu\u00eda de Informaci\u00f3n para el Votante [pdf]\u00a0es un folleto publicado por la Oficina de Elecciones del Condado de San Bernardino que incluye informaci\u00f3n sobre la votaci\u00f3n, los candidatos y las medidas, una boleta de muestra e informaci\u00f3n<span class=\"ellipsis\">&#8230;<\/span><\/p>\n","protected":false},"author":19,"featured_media":37382,"parent":41940,"menu_order":0,"comment_status":"closed","ping_status":"closed","template":"templates\/rov-left-sidebar-template.php","meta":{"_acf_changed":false,"footnotes":""},"class_list":["post-42249","page","type-page","status-publish","has-post-thumbnail","hentry"],"acf":[],"_links":{"self":[{"href":"https:\/\/elections.sbcounty.gov\/es\/wp-json\/wp\/v2\/pages\/42249","targetHints":{"allow":["GET"]}}],"collection":[{"href":"https:\/\/elections.sbcounty.gov\/es\/wp-json\/wp\/v2\/pages"}],"about":[{"href":"https:\/\/elections.sbcounty.gov\/es\/wp-json\/wp\/v2\/types\/page"}],"author":[{"embeddable":true,"href":"https:\/\/elections.sbcounty.gov\/es\/wp-json\/wp\/v2\/users\/19"}],"replies":[{"embeddable":true,"href":"https:\/\/elections.sbcounty.gov\/es\/wp-json\/wp\/v2\/comments?post=42249"}],"version-history":[{"count":9,"href":"https:\/\/elections.sbcounty.gov\/es\/wp-json\/wp\/v2\/pages\/42249\/revisions"}],"predecessor-version":[{"id":84001,"href":"https:\/\/elections.sbcounty.gov\/es\/wp-json\/wp\/v2\/pages\/42249\/revisions\/84001"}],"up":[{"embeddable":true,"href":"https:\/\/elections.sbcounty.gov\/es\/wp-json\/wp\/v2\/pages\/41940"}],"wp:featuredmedia":[{"embeddable":true,"href":"https:\/\/elections.sbcounty.gov\/es\/wp-json\/wp\/v2\/media\/37382"}],"wp:attachment":[{"href":"https:\/\/elections.sbcounty.gov\/es\/wp-json\/wp\/v2\/media?parent=42249"}],"curies":[{"name":"wp","href":"https:\/\/api.w.org\/{rel}","templated":true}]}}