{"id":42198,"date":"2022-01-03T19:23:36","date_gmt":"2022-01-03T19:23:36","guid":{"rendered":"https:\/\/www.elections.sbcounty.gov\/?page_id=42198"},"modified":"2022-01-03T19:23:36","modified_gmt":"2022-01-03T19:23:36","slug":"measures","status":"publish","type":"page","link":"https:\/\/elections.sbcounty.gov\/es\/elections\/2017\/0711\/measures\/","title":{"rendered":"Elecciones Especiales de la Ciudad de Chino del 11 de julio de 2017 \u2013 Medida"},"content":{"rendered":"  <section data-isd-block-id=\"rov-content-blockblock_b9eb02f1422349e244b62d6d7e917bd3\"\n\t\t\t\t\t\t\t\t\t\t \t\t\t\t\t\t\t\t\t\t\t class=\"card-style main-content-wrapper rov-card-style mb-4\">\n\n\t<h2 class=\"block-subtitle blue\">Elecciones Especiales de la Ciudad de Chino del 11 de julio de 2017 \u2013 Medida<\/h2>\n\n\t<div class=\"ctnr-block-content\"><table class=\"table striped\" style=\"width: 99%;border-collapse: collapse\" border=\"1\">\n<colgroup>\n<col \/>\n<col \/>\n<col \/>\n<col \/>\n<col \/>\n<col \/><\/colgroup>\n<tbody>\n<tr>\n<th><strong>Letra<\/strong><\/th>\n<th><strong>Jurisdicci\u00f3n<\/strong><\/th>\n<th><strong>Descripci\u00f3n de la Medida<\/strong><\/th>\n<th><strong>An\u00e1lisis<\/strong><\/th>\n<th><strong>Argumentos<\/strong><\/th>\n<th><strong>Porcentaje para ser Aprobada<\/strong><\/th>\n<\/tr>\n<tr>\n<td><a href=\"https:\/\/www.sbcounty.gov\/uploads\/ROV\/Elections\/2017\/0711\/Measures\/H_CityOfChino\/NoticeofElection_CityOfChino.pdf\" target=\"_blank\" rel=\"noopener\">H<\/a><\/td>\n<td><a href=\"https:\/\/www.sbcounty.gov\/uploads\/ROV\/Elections\/2017\/0711\/Measures\/H_CityOfChino\/Resolution_CityOfChino.pdf\" target=\"_blank\" rel=\"noopener\">Ciudad de Chino<\/a><\/td>\n<td><a href=\"https:\/\/www.sbcounty.gov\/uploads\/ROV\/Elections\/2017\/0711\/Measures\/H_CityOfChino\/Ordinance_CityOfChino.pdf\" target=\"_blank\" rel=\"noopener\">Enmienda al Plan General<\/a><\/td>\n<td><a href=\"https:\/\/www.sbcounty.gov\/uploads\/ROV\/Elections\/2017\/0711\/Measures\/H_CityOfChino\/ImpartialAnalysis_CityOfChino.pdf\" target=\"_blank\" rel=\"noopener\">Imparcial<\/a><\/td>\n<td>\u2013 <a href=\"https:\/\/www.sbcounty.gov\/uploads\/ROV\/Elections\/2017\/0711\/Measures\/H_CityOfChino\/ArgumentInFavor_CityOfChino.pdf\" target=\"_blank\" rel=\"noopener\">Argumento a Favor<\/a><br \/>\n\u2013\u00a0<a href=\"https:\/\/www.sbcounty.gov\/uploads\/ROV\/Elections\/2017\/0711\/Measures\/H_CityOfChino\/RebuttalToArgumentInFavor_CityOfChino.pdf\" target=\"_blank\" rel=\"noopener\">Refutaci\u00f3n del Argumento a Favor<\/a><br \/>\n\u2013\u00a0<a href=\"https:\/\/www.sbcounty.gov\/uploads\/ROV\/Elections\/2017\/0711\/Measures\/H_CityOfChino\/ArgumentAgainst_CityOfChino.pdf\" target=\"_blank\" rel=\"noopener\">Argumento en Contra<\/a><br \/>\n\u2013\u00a0<a href=\"https:\/\/www.sbcounty.gov\/uploads\/ROV\/Elections\/2017\/0711\/Measures\/H_CityOfChino\/RebuttalToArgumentAgainst_CityOfChino.pdf\" target=\"_blank\" rel=\"noopener\">Refutaci\u00f3n del Argumento en Contra<\/a><\/td>\n<td>50%+1<\/td>\n<\/tr>\n<\/tbody>\n<\/table>\n<p>&nbsp;<\/p>\n<p><strong>Avisos P\u00fablicos y Formularios Relacionados:<\/strong><\/p>\n<p><a href=\"https:\/\/elections.sbcounty.gov\/Elections\/Measures\/\">Hoja con Informaci\u00f3n Gen\u00e9rica sobre las Medidas<\/a><\/p>\n<\/div>\n\n  <\/section>\n\n\t\n\n\n\n","protected":false},"excerpt":{"rendered":"<p>Elecciones Especiales de la Ciudad de Chino del 11 de julio de 2017 \u2013 Medida Letra Jurisdicci\u00f3n Descripci\u00f3n de la Medida An\u00e1lisis Argumentos Porcentaje para ser Aprobada H Ciudad de Chino Enmienda al Plan General Imparcial \u2013 Argumento a Favor \u2013\u00a0Refutaci\u00f3n del Argumento a Favor \u2013\u00a0Argumento en Contra \u2013\u00a0Refutaci\u00f3n del<span class=\"ellipsis\">&#8230;<\/span><\/p>\n","protected":false},"author":19,"featured_media":37382,"parent":42099,"menu_order":0,"comment_status":"closed","ping_status":"closed","template":"templates\/rov-full-width-no-title-template.php","meta":{"_acf_changed":false,"footnotes":""},"class_list":["post-42198","page","type-page","status-publish","has-post-thumbnail","hentry"],"acf":[],"_links":{"self":[{"href":"https:\/\/elections.sbcounty.gov\/es\/wp-json\/wp\/v2\/pages\/42198","targetHints":{"allow":["GET"]}}],"collection":[{"href":"https:\/\/elections.sbcounty.gov\/es\/wp-json\/wp\/v2\/pages"}],"about":[{"href":"https:\/\/elections.sbcounty.gov\/es\/wp-json\/wp\/v2\/types\/page"}],"author":[{"embeddable":true,"href":"https:\/\/elections.sbcounty.gov\/es\/wp-json\/wp\/v2\/users\/19"}],"replies":[{"embeddable":true,"href":"https:\/\/elections.sbcounty.gov\/es\/wp-json\/wp\/v2\/comments?post=42198"}],"version-history":[{"count":0,"href":"https:\/\/elections.sbcounty.gov\/es\/wp-json\/wp\/v2\/pages\/42198\/revisions"}],"up":[{"embeddable":true,"href":"https:\/\/elections.sbcounty.gov\/es\/wp-json\/wp\/v2\/pages\/42099"}],"wp:featuredmedia":[{"embeddable":true,"href":"https:\/\/elections.sbcounty.gov\/es\/wp-json\/wp\/v2\/media\/37382"}],"wp:attachment":[{"href":"https:\/\/elections.sbcounty.gov\/es\/wp-json\/wp\/v2\/media?parent=42198"}],"curies":[{"name":"wp","href":"https:\/\/api.w.org\/{rel}","templated":true}]}}