{"id":42039,"date":"2022-01-03T16:48:08","date_gmt":"2022-01-03T16:48:08","guid":{"rendered":"https:\/\/www.elections.sbcounty.gov\/?page_id=42039"},"modified":"2024-06-06T08:30:43","modified_gmt":"2024-06-06T15:30:43","slug":"0606","status":"publish","type":"page","link":"https:\/\/elections.sbcounty.gov\/es\/elections\/2017\/0606\/","title":{"rendered":"Archivo de Elecciones Municipales Especiales para Apple Valley y Upland"},"content":{"rendered":"  <section data-isd-block-id=\"rov-content-blockblock_b648defcd19dc493ef30c46b64692edf\"\n\t\t\t\t\t\t\t\t\t\t \t\t\t\t\t\t\t\t\t\t\t class=\"card-style main-content-wrapper rov-card-style mb-4\">\n\n\t<h2 class=\"block-subtitle blue\">Publicaciones Electorales<\/h2>\n\n\t<div class=\"ctnr-block-content\"><p><strong>Gu\u00eda de Informaci\u00f3n para el Votante del Condado de San Bernardino<\/strong><\/p>\n<ul>\n<li>La\u00a0<strong>Gu\u00eda de Informaci\u00f3n para el Votante<\/strong>\u00a0es un folleto publicado por la Oficina de Elecciones del Condado de San Bernardino que incluye informaci\u00f3n sobre la votaci\u00f3n, los candidatos y las medidas, una boleta de muestra e informaci\u00f3n de las casillas electorales.\n<ul>\n<li><a href=\"https:\/\/www.sbcounty.gov\/uploads\/ROV\/Elections\/2017\/0606\/VIG_AppleValley_Span.pdf?_=1502730831150\" target=\"_blank\" rel=\"noopener\"><u>Gu\u00eda de Informaci\u00f3n para el Votante para el Pueblo de Apple Valley<\/u><\/a> [pdf].<\/li>\n<li><a href=\"https:\/\/www.sbcounty.gov\/uploads\/ROV\/Elections\/2017\/0606\/VIG_Upland_Span.pdf?_=1502730831150\" target=\"_blank\" rel=\"noopener\">Gu\u00eda de Informaci\u00f3n para el Votante para la Ciudad de Upland<\/a>\u00a0[pdf].<\/li>\n<\/ul>\n<\/li>\n<li>La\u00a0<strong>Gu\u00eda de Informaci\u00f3n para el Votante espec\u00edfica de cada distrito electoral<\/strong>\u00a0contiene informaci\u00f3n de los cargos a elegir y las medidas en la boleta en cada distrito electoral. Puede consultar las Gu\u00edas de Informaci\u00f3n para el Votante espec\u00edficas de cada distrito electoral con la herramienta de\u00a0B\u00fasqueda de Casillas Electorales y de Gu\u00edas de Informaci\u00f3n para el Votante. [ya no est\u00e1 disponible]<\/li>\n<li>La\u00a0<strong>Gu\u00eda de Informaci\u00f3n para el Votante en formato accesible<\/strong>\u00a0[ya no est\u00e1 disponible] proporciona informaci\u00f3n electoral personalizada para los votantes que utilizan programas de lectura de pantalla.<\/li>\n<\/ul>\n<ul>\n<li style=\"list-style-type: none\"><\/li>\n<\/ul>\n<p><a href=\"https:\/\/elections.sbcounty.gov\/es\/News\/2017\/\"><strong>Comunicados de Prensa y Avisos P\u00fablicos<\/strong><\/a><\/p>\n<\/div>\n\n  <\/section>\n\n\t\n\n  <section data-isd-block-id=\"rov-content-blockblock_952f01e160ed73c509665cf38b81acd0\"\n\t\t\t\t\t\t\t\t\t\t \t\t\t\t\t\t\t\t\t\t\t class=\"card-style main-content-wrapper rov-card-style mb-4\">\n\n\t<h2 class=\"block-subtitle blue\">Fechas Clave y Fechas L\u00edmite<\/h2>\n\n\t<div class=\"ctnr-block-content\"><table class=\"table table-striped\" style=\"width: 99%\">\n<thead>\n<tr style=\"text-align: left;font-weight: bold\">\n<th>Date<\/th>\n<th>Action<\/th>\n<\/tr>\n<\/thead>\n<tbody>\n<tr>\n<td>3 de mayo de 2017<\/td>\n<td>Se entregan las Gu\u00edas de Informaci\u00f3n para el Votante a la Oficina Postal de EE. UU.<\/td>\n<\/tr>\n<tr>\n<td>8 de mayo de 2017<\/td>\n<td>Comienza el voto anticipado<\/td>\n<\/tr>\n<tr>\n<td>10 de mayo de 2017<\/td>\n<td>Se entregan las Boletas por Correo a la Oficina Postal de EE. UU.<\/td>\n<\/tr>\n<tr>\n<td>22 de mayo de 2017<\/td>\n<td>Fecha l\u00edmite para el registro de votantes<\/td>\n<\/tr>\n<tr>\n<td>30 de mayo de 2017<\/td>\n<td>Fecha l\u00edmite para solicitar una Boleta por Correo<\/td>\n<\/tr>\n<tr>\n<td><strong>6 de junio de 2017<\/strong><\/td>\n<td><strong>D\u00eda de las Elecciones \u2013 Elecciones\u00a0Municipales\u00a0Especiales para Apple Valley y Upland<\/strong><\/td>\n<\/tr>\n<tr>\n<td>7 de junio de 2017<\/td>\n<td>Comienza el escrutinio de las Elecciones<\/td>\n<\/tr>\n<tr>\n<td>5 de julio de 2017<\/td>\n<td>Fecha l\u00edmite para completar el escrutinio oficial y certificar los resultados<\/td>\n<\/tr>\n<\/tbody>\n<\/table>\n<\/div>\n\n  <\/section>\n\n\t\n\n  <section data-isd-block-id=\"rov-content-blockblock_ff4fb71067525d32f33c5d699c1a816b\"\n\t\t\t\t\t\t\t\t\t\t \t\t\t\t\t\t\t\t\t\t\t class=\"card-style main-content-wrapper rov-card-style mb-4\">\n\n\t<h2 class=\"block-subtitle blue\">Medidas en la Boleta<\/h2>\n\n\t<div class=\"ctnr-block-content\"><ul>\n<li>Consulte las\u00a0<a href=\"https:\/\/elections.sbcounty.gov\/es\/Elections\/2017\/0606\/Measures\/\">Medidas Locales<\/a>\u00a0en la boleta para las Elecciones\u00a0Municipales\u00a0Especiales para Apple Valley y Upland del\u00a06 de junio de 2017.<\/li>\n<\/ul>\n<\/div>\n\n  <\/section>\n\n\t\n\n  <section data-isd-block-id=\"rov-content-blockblock_928bc5235a725917743bf8e0e0b5596b\"\n\t\t\t\t\t\t\t\t\t\t \t\t\t\t\t\t\t\t\t\t\t class=\"card-style main-content-wrapper rov-card-style mb-4\">\n\n\t<h2 class=\"block-subtitle blue\">Registro de Votantes<\/h2>\n\n\t<div class=\"ctnr-block-content\"><p>Si quiere votar por correo o en la casilla electoral que se le asign\u00f3, su solicitud de registro de votante debe tener sello postal con fecha antes del\u00a0<strong>22 de mayo de 2017<\/strong>\u00a0para las\u00a0Elecciones\u00a0Municipales\u00a0Especiales para Apple Valley y Upland del 6 de junio de 2017.<\/p>\n<p><strong>Si ya pas\u00f3 la fecha l\u00edmite de registro de votantes,<\/strong>\u00a0a\u00fan puede registrarse y votar personalmente en la Oficina de Elecciones, o en una casilla para Voto Anticipado el D\u00eda de las Elecciones o antes.<\/p>\n<ul>\n<li>Visite nuestra\u00a0<a href=\"https:\/\/elections.sbcounty.gov\/es\/VoterRegistration\/\">p\u00e1gina del Registro de Votantes<\/a>\u00a0para obtener la informaci\u00f3n completa e instrucciones.<\/li>\n<li>Consulte el\u00a0<a href=\"https:\/\/www.sbcounty.gov\/uploads\/ROV\/Elections\/2017\/0606\/Report_15DayCloseOfRegistrationSummary.pdf?_=1641227735573\" target=\"_blank\" rel=\"noopener\">Resumen del Registro de Votantes Calificados<\/a>\u00a0[pdf].<\/li>\n<li>Consulte la <a href=\"https:\/\/elections.sbcounty.gov\/es\/Voting\/Early\/\">p\u00e1gina de Voto Anticipado<\/a> para conocer las casillas para Voto Anticipado.<\/li>\n<\/ul>\n<\/div>\n\n  <\/section>\n\n\t\n\n  <section data-isd-block-id=\"rov-content-blockblock_70619416211d4aee54232546f88baa8b\"\n\t\t\t\t\t\t\t\t\t\t \t\t\t\t\t\t\t\t\t\t\t class=\"card-style main-content-wrapper rov-card-style mb-4\">\n\n\t<h2 class=\"block-subtitle blue\">Opciones de Voto<\/h2>\n\n\t<div class=\"ctnr-block-content\"><ul>\n<li>Vote de manera anticipada en la Oficina de Elecciones a partir del 8 de mayo de 2017.<\/li>\n<li>Vote en una Boleta de Voto por Correo. Se entregan las Boletas por Correo a la Oficina Postal de EE. UU.\u00a0el\u00a010 de mayo de 2017.\n<ul>\n<li>Llene una\u00a0<a href=\"https:\/\/elections.sbcounty.gov\/es\/voterregistration\/myelectiongatewayinfo\/\">Solicitud de Boleta por Correo en l\u00ednea<\/a>.<\/li>\n<li>Llene y devuelva una de las siguientes solicitudes:\n<ul>\n<li><a href=\"https:\/\/www.sbcounty.gov\/uploads\/ROV\/Elections\/2017\/0606\/Form_2017-06-06_TownOfAppleValleySpecialElectionSPA_FILLABLE.pdf?_=1493935593289\" target=\"_blank\" rel=\"noopener\">Solicitud de Boleta por Correo para Apple Valley<\/a>\u00a0[pdf].<\/li>\n<li><a href=\"https:\/\/www.sbcounty.gov\/uploads\/ROV\/Elections\/2017\/0606\/Form_2017-06-06_CityOfUplandSpecialElectionSPA_FILLABLE.pdf?_=1493935593290\" target=\"_blank\" rel=\"noopener\">Solicitud de Boleta por Correo para Upland<\/a>\u00a0[pdf].<\/li>\n<\/ul>\n<\/li>\n<li>Encuentre un\u00a0Lugar para Depositar Boletas de Voto por Correo\u00a0[ya no est\u00e1 disponible].<\/li>\n<\/ul>\n<\/li>\n<li>Vote en las casillas el D\u00eda de las Elecciones, el 6 de junio de 2017, de 7 a.m. a 8 p.m.\n<ul>\n<li>Encuentre su\u00a0Casilla Electoral asignada. [ya no est\u00e1 disponible]<\/li>\n<\/ul>\n<\/li>\n<\/ul>\n<p>Visite nuestra\u00a0<a href=\"https:\/\/elections.sbcounty.gov\/es\/Voting\/\">p\u00e1gina de Opciones de Voto<\/a>\u00a0para obtener la informaci\u00f3n completa y las instrucciones.<\/p>\n<p><strong>Votantes Militares y en el Extranjero:<\/strong><\/p>\n<p>Los ciudadanos Uniformados y en el Extranjero pueden obtener una Gu\u00eda de Informaci\u00f3n para el Votante y Boleta de Muestra,\u00a0as\u00ed como una Boleta para estas elecciones [ya no est\u00e1 disponible].\u00a0 Para obtener la informaci\u00f3n completa, visite el sitio web para los\u00a0<a href=\"https:\/\/www.sos.ca.gov\/elections\/voter-registration\/military-overseas-voters\" target=\"_blank\" rel=\"noopener\">Votantes Militares y en el Extranjero<\/a> del Secretario de Estado.<\/p>\n<\/div>\n\n  <\/section>\n\n\t\n\n  <section data-isd-block-id=\"rov-content-blockblock_8178fccfa1f7c4b6f16d1670b70c5525\"\n\t\t\t\t\t\t\t\t\t\t \t\t\t\t\t\t\t\t\t\t\t class=\"card-style main-content-wrapper rov-card-style mb-4\">\n\n\t<h2 class=\"block-subtitle blue\">Estad\u00edsticas de Devoluci\u00f3n de Boletas por Correo<\/h2>\n\n\t<div class=\"ctnr-block-content\"><p>El Informe de Estad\u00edsticas de Devoluci\u00f3n de Boletas por Correo muestra el n\u00famero de boletas por correo que se han emitido y devuelto en las elecciones, as\u00ed como las estad\u00edsticas hist\u00f3ricas de las elecciones anteriores. Los datos presentados en este informe se actualizan diariamente y pueden fluctuar a medida que se reciban m\u00e1s solicitudes de boletas por correo y se procesen las boletas por correo marcadas.<\/p>\n<ul>\n<li>Consulte el\u00a0<a href=\"https:\/\/www.sbcounty.gov\/uploads\/ROV\/Elections\/2017\/0606\/Report_MailBallotStats_AppleValley.pdf?_=1641227735573\" target=\"_blank\" rel=\"noopener\">Informe de Estad\u00edsticas de Devoluci\u00f3n de Boletas por Correo<\/a>\u00a0[pdf]\u00a0para el Pueblo de Apple Valley.<\/li>\n<li>Consulte el\u00a0<a href=\"https:\/\/www.sbcounty.gov\/uploads\/ROV\/Elections\/2017\/0606\/Report_MailBallotStats_Upland.pdf?_=1641227735573\" target=\"_blank\" rel=\"noopener\">Informe de Estad\u00edsticas de Devoluci\u00f3n de Boletas por Correo<\/a>\u00a0[pdf]\u00a0para la Ciudad de Upland.<\/li>\n<\/ul>\n<\/div>\n\n  <\/section>\n\n\t\n\n  <section data-isd-block-id=\"rov-content-blockblock_d025e9bb619bbebaa6390a2f947849ce\"\n\t\t\t\t\t\t\t\t\t\t \t\t\t\t\t\t\t\t\t\t\t class=\"card-style main-content-wrapper rov-card-style mb-4\">\n\n\t<h2 class=\"block-subtitle blue\">Resultados de las Elecciones<\/h2>\n\n\t<div class=\"ctnr-block-content\"><ul>\n<li><a href=\"https:\/\/www.sbcounty.gov\/uploads\/ROV\/Elections\/2017\/0606\/Results\/Report_FinalCertifiedElectionResults.pdf\" target=\"_blank\" rel=\"noopener\">Resultados de las Elecciones<\/a>\u00a0[pdf]<\/li>\n<li><a href=\"https:\/\/www.sbcounty.gov\/uploads\/ROV\/Elections\/2017\/0606\/Results\/Report_StatementOfVotesCast.pdf?_=1564706791520\" target=\"_blank\" rel=\"noopener\">Declaraci\u00f3n de Votos Emitidos<\/a>\u00a0[pdf]<\/li>\n<li>Consulta de Boletas Provisionales [ya no est\u00e1 disponible]<\/li>\n<\/ul>\n<\/div>\n\n  <\/section>\n\n\t\n\n\n\n","protected":false},"excerpt":{"rendered":"<p>Publicaciones Electorales Gu\u00eda de Informaci\u00f3n para el Votante del Condado de San Bernardino La\u00a0Gu\u00eda de Informaci\u00f3n para el Votante\u00a0es un folleto publicado por la Oficina de Elecciones del Condado de San Bernardino que incluye informaci\u00f3n sobre la votaci\u00f3n, los candidatos y las medidas, una boleta de muestra e informaci\u00f3n de<span class=\"ellipsis\">&#8230;<\/span><\/p>\n","protected":false},"author":19,"featured_media":37382,"parent":41940,"menu_order":0,"comment_status":"closed","ping_status":"closed","template":"templates\/rov-left-sidebar-template.php","meta":{"_acf_changed":false,"footnotes":""},"class_list":["post-42039","page","type-page","status-publish","has-post-thumbnail","hentry"],"acf":[],"_links":{"self":[{"href":"https:\/\/elections.sbcounty.gov\/es\/wp-json\/wp\/v2\/pages\/42039","targetHints":{"allow":["GET"]}}],"collection":[{"href":"https:\/\/elections.sbcounty.gov\/es\/wp-json\/wp\/v2\/pages"}],"about":[{"href":"https:\/\/elections.sbcounty.gov\/es\/wp-json\/wp\/v2\/types\/page"}],"author":[{"embeddable":true,"href":"https:\/\/elections.sbcounty.gov\/es\/wp-json\/wp\/v2\/users\/19"}],"replies":[{"embeddable":true,"href":"https:\/\/elections.sbcounty.gov\/es\/wp-json\/wp\/v2\/comments?post=42039"}],"version-history":[{"count":5,"href":"https:\/\/elections.sbcounty.gov\/es\/wp-json\/wp\/v2\/pages\/42039\/revisions"}],"predecessor-version":[{"id":84007,"href":"https:\/\/elections.sbcounty.gov\/es\/wp-json\/wp\/v2\/pages\/42039\/revisions\/84007"}],"up":[{"embeddable":true,"href":"https:\/\/elections.sbcounty.gov\/es\/wp-json\/wp\/v2\/pages\/41940"}],"wp:featuredmedia":[{"embeddable":true,"href":"https:\/\/elections.sbcounty.gov\/es\/wp-json\/wp\/v2\/media\/37382"}],"wp:attachment":[{"href":"https:\/\/elections.sbcounty.gov\/es\/wp-json\/wp\/v2\/media?parent=42039"}],"curies":[{"name":"wp","href":"https:\/\/api.w.org\/{rel}","templated":true}]}}