{"id":42021,"date":"2022-01-03T16:33:43","date_gmt":"2022-01-03T16:33:43","guid":{"rendered":"https:\/\/www.elections.sbcounty.gov\/?page_id=42021"},"modified":"2022-01-03T16:33:43","modified_gmt":"2022-01-03T16:33:43","slug":"measures","status":"publish","type":"page","link":"https:\/\/elections.sbcounty.gov\/es\/elections\/2017\/0502\/measures\/","title":{"rendered":"Medida del Distrito del Hospital Comunitario de San Bernardino Mountains"},"content":{"rendered":"  <section data-isd-block-id=\"rov-content-blockblock_7d1c8d2fa4376d9fa891c935cf6e1673\"\n\t\t\t\t\t\t\t\t\t\t \t\t\t\t\t\t\t\t\t\t\t class=\"card-style main-content-wrapper rov-card-style mb-4\">\n\n\t<h2 class=\"block-subtitle blue\">Medida del Distrito del Hospital Comunitario de San Bernardino Mountains<\/h2>\n\n\t<div class=\"ctnr-block-content\"><table class=\"table striped\" style=\"width: 99%;border-collapse: collapse\" border=\"1\">\n<colgroup>\n<col \/>\n<col \/>\n<col \/>\n<col \/>\n<col \/>\n<col \/><\/colgroup>\n<tbody>\n<tr>\n<th><strong>Letra<\/strong><\/th>\n<th><strong>Jurisdicci\u00f3n<\/strong><\/th>\n<th>Descripci\u00f3n de la Medida<\/th>\n<th><strong>An\u00e1lisis<\/strong><\/th>\n<th><strong>Argumentos<\/strong><\/th>\n<th>Porcentaje para ser Aprobada<\/th>\n<\/tr>\n<tr>\n<td style=\"text-align: left\"><a href=\"https:\/\/www.sbcounty.gov\/uploads\/ROV\/Elections\/2017\/0502\/Measures\/D-SBMountainsCommHD\/NoticeOfElection_SBMountainsCommHD.pdf\" target=\"_blank\" rel=\"noopener\">D<\/a><\/td>\n<td><a href=\"https:\/\/www.sbcounty.gov\/uploads\/ROV\/Elections\/2017\/0502\/Measures\/D-SBMountainsCommHD\/Resolution_SBMountainsCommHD2017-05.pdf\" target=\"_blank\" rel=\"noopener\">Distrito del Hospital Comunitario de San Bernardino Mountains<\/a><\/td>\n<td>L\u00edmite de Apropiaciones<\/td>\n<td><a href=\"https:\/\/www.sbcounty.gov\/uploads\/ROV\/Elections\/2017\/0502\/Measures\/D-SBMountainsCommHD\/ImpartialAnalysis_SBMountainsCommHD.pdf\" target=\"_blank\" rel=\"noopener\">Imparcial<\/a><\/td>\n<td>\u2013\u00a0<a href=\"https:\/\/www.sbcounty.gov\/uploads\/ROV\/Elections\/2017\/0502\/Measures\/D-SBMountainsCommHD\/ArgumentInFavor_SBMountainsCommunityHD.pdf\" target=\"_blank\" rel=\"noopener\">Argumento a Favor<\/a><br \/>\n\u2013\u00a0No se present\u00f3 una Refutaci\u00f3n del Argumento a Favor<br \/>\n\u2013\u00a0No\u00a0se present\u00f3 un Argumento en Contra<\/td>\n<td>50%+1<\/td>\n<\/tr>\n<\/tbody>\n<\/table>\n<p>&nbsp;<\/p>\n<p><strong>Avisos P\u00fablicos y Formularios Relacionados:<\/strong><\/p>\n<h5 class=\"h5_leftalign\"><a href=\"https:\/\/elections.sbcounty.gov\/es\/Elections\/Measures\/\">Hoja con Informaci\u00f3n Gen\u00e9rica sobre las Medidas<\/a><\/h5>\n<\/div>\n\n  <\/section>\n\n\t","protected":false},"excerpt":{"rendered":"<p>Medida del Distrito del Hospital Comunitario de San Bernardino Mountains Letra Jurisdicci\u00f3n Descripci\u00f3n de la Medida An\u00e1lisis Argumentos Porcentaje para ser Aprobada D Distrito del Hospital Comunitario de San Bernardino Mountains L\u00edmite de Apropiaciones Imparcial \u2013\u00a0Argumento a Favor \u2013\u00a0No se present\u00f3 una Refutaci\u00f3n del Argumento a Favor \u2013\u00a0No\u00a0se present\u00f3 un<span class=\"ellipsis\">&#8230;<\/span><\/p>\n","protected":false},"author":19,"featured_media":37382,"parent":42006,"menu_order":0,"comment_status":"closed","ping_status":"closed","template":"templates\/rov-full-width-no-title-template.php","meta":{"_acf_changed":false,"footnotes":""},"class_list":["post-42021","page","type-page","status-publish","has-post-thumbnail","hentry"],"acf":[],"_links":{"self":[{"href":"https:\/\/elections.sbcounty.gov\/es\/wp-json\/wp\/v2\/pages\/42021","targetHints":{"allow":["GET"]}}],"collection":[{"href":"https:\/\/elections.sbcounty.gov\/es\/wp-json\/wp\/v2\/pages"}],"about":[{"href":"https:\/\/elections.sbcounty.gov\/es\/wp-json\/wp\/v2\/types\/page"}],"author":[{"embeddable":true,"href":"https:\/\/elections.sbcounty.gov\/es\/wp-json\/wp\/v2\/users\/19"}],"replies":[{"embeddable":true,"href":"https:\/\/elections.sbcounty.gov\/es\/wp-json\/wp\/v2\/comments?post=42021"}],"version-history":[{"count":0,"href":"https:\/\/elections.sbcounty.gov\/es\/wp-json\/wp\/v2\/pages\/42021\/revisions"}],"up":[{"embeddable":true,"href":"https:\/\/elections.sbcounty.gov\/es\/wp-json\/wp\/v2\/pages\/42006"}],"wp:featuredmedia":[{"embeddable":true,"href":"https:\/\/elections.sbcounty.gov\/es\/wp-json\/wp\/v2\/media\/37382"}],"wp:attachment":[{"href":"https:\/\/elections.sbcounty.gov\/es\/wp-json\/wp\/v2\/media?parent=42021"}],"curies":[{"name":"wp","href":"https:\/\/api.w.org\/{rel}","templated":true}]}}