{"id":42006,"date":"2022-01-03T16:25:58","date_gmt":"2022-01-03T16:25:58","guid":{"rendered":"https:\/\/www.elections.sbcounty.gov\/?page_id=42006"},"modified":"2024-06-06T08:33:17","modified_gmt":"2024-06-06T15:33:17","slug":"0502","status":"publish","type":"page","link":"https:\/\/elections.sbcounty.gov\/es\/elections\/2017\/0502\/","title":{"rendered":"Archivo de Elecciones Especiales con Boletas por Correo del Distrito del Hospital Comunitario de San\u00a0Bernardino Mountains"},"content":{"rendered":"  <section data-isd-block-id=\"rov-content-blockblock_31b106744969823f17e9d92d868aa52d\"\n\t\t\t\t\t\t\t\t\t\t \t\t\t\t\t\t\t\t\t\t\t class=\"card-style main-content-wrapper rov-card-style mb-4\">\n\n\t<h2 class=\"block-subtitle blue\">Publicaciones Electorales<\/h2>\n\n\t<div class=\"ctnr-block-content\"><p><strong>Gu\u00eda de Informaci\u00f3n para el Votante del Condado de San Bernardino<\/strong><\/p>\n<ul>\n<li>La\u00a0<a href=\"https:\/\/www.sbcounty.gov\/uploads\/ROV\/Elections\/2017\/0502\/VIG_Combined.pdf?_=1494021587994\" target=\"_blank\" rel=\"noopener\">Gu\u00eda de Informaci\u00f3n para el Votante<\/a>\u00a0[pdf]\u00a0es un folleto publicado por la Oficina de Elecciones del Condado de San Bernardino que incluye informaci\u00f3n sobre las elecciones, los candidatos y las medidas, una boleta de muestra e informaci\u00f3n de las casillas electorales.<\/li>\n<li>La\u00a0<strong>Gu\u00eda de Informaci\u00f3n para el Votante espec\u00edfica de cada distrito electoral<\/strong>\u00a0contiene informaci\u00f3n de los cargos a elegir y las medidas en la boleta en cada distrito electoral. Puede consultar las Gu\u00edas de Informaci\u00f3n para el Votante espec\u00edficas de cada distrito electoral con la\u00a0herramienta de B\u00fasqueda de Gu\u00edas de Informaci\u00f3n para el Votante. [ya no est\u00e1 disponible]<\/li>\n<\/ul>\n<p><a href=\"https:\/\/elections.sbcounty.gov\/es\/News\/2017\/\"><strong>Comunicados de Prensa y Avisos P\u00fablicos<\/strong><\/a><\/p>\n<\/div>\n\n  <\/section>\n\n\t\n\n  <section data-isd-block-id=\"rov-content-blockblock_24a76a9763ffa5b4d507ff6bccfa0c88\"\n\t\t\t\t\t\t\t\t\t\t \t\t\t\t\t\t\t\t\t\t\t class=\"card-style main-content-wrapper rov-card-style mb-4\">\n\n\t<h2 class=\"block-subtitle blue\">Fechas Clave y Fechas L\u00edmite<\/h2>\n\n\t<div class=\"ctnr-block-content\"><table class=\"table table-striped\" style=\"width: 99%\">\n<thead>\n<tr style=\"text-align: left;font-weight: bold\">\n<th><strong>Fecha<\/strong><\/th>\n<th><strong>Acci\u00f3n<\/strong><\/th>\n<\/tr>\n<\/thead>\n<tbody>\n<tr>\n<td>3 de abril de 2017<\/td>\n<td>Early voting begins<\/td>\n<\/tr>\n<tr>\n<td>5 de abril de 2017<\/td>\n<td>Voter Information Guides and Mail Ballots delivered to U.S. Post Office<\/td>\n<\/tr>\n<tr>\n<td>17 de abril de 2017<\/td>\n<td>Voter registration deadline<\/td>\n<\/tr>\n<tr>\n<td><strong>2 de mayo de 2017<\/strong><\/td>\n<td><strong>D\u00eda de las Elecciones \u2013 Elecciones Especiales con\u00a0Boletas por Correo\u00a0del Distrito del Hospital Comunitario de San Bernardino Mountains<\/strong><\/td>\n<\/tr>\n<tr>\n<td>3 de mayo de 2017<\/td>\n<td>Comienza el Escrutinio de las Elecciones<\/td>\n<\/tr>\n<tr>\n<td>1 de junio de 2017<\/td>\n<td>Fecha l\u00edmite para completar el escrutinio oficial y certificar los resultados<\/td>\n<\/tr>\n<\/tbody>\n<\/table>\n<\/div>\n\n  <\/section>\n\n\t\n\n  <section data-isd-block-id=\"rov-content-blockblock_17f3771ae854753836e666fac434acef\"\n\t\t\t\t\t\t\t\t\t\t \t\t\t\t\t\t\t\t\t\t\t class=\"card-style main-content-wrapper rov-card-style mb-4\">\n\n\t<h2 class=\"block-subtitle blue\">Medidas en la Boleta<\/h2>\n\n\t<div class=\"ctnr-block-content\"><ul>\n<li>Consulte la\u00a0<a href=\"https:\/\/elections.sbcounty.gov\/es\/Elections\/2017\/0502\/Measures\/\">Medida Local<\/a>\u00a0en la boleta de las Elecciones Especiales con Boletas por Correo del Distrito del Hospital Comunitario de San\u00a0Bernardino Mountains del 2 de mayo de 2017.<\/li>\n<\/ul>\n<\/div>\n\n  <\/section>\n\n\t\n\n  <section data-isd-block-id=\"rov-content-blockblock_4c2d67cc381b1b1f5cd41286f5560eb0\"\n\t\t\t\t\t\t\t\t\t\t \t\t\t\t\t\t\t\t\t\t\t class=\"card-style main-content-wrapper rov-card-style mb-4\">\n\n\t<h2 class=\"block-subtitle blue\">Registro de Votantes<\/h2>\n\n\t<div class=\"ctnr-block-content\"><p>Su solicitud de registro de votante debe tener un sello postal a m\u00e1s tardar del\u00a0<strong>17 de abril de 2017<\/strong>\u00a0para que sea elegible para votar en las Elecciones Especiales con\u00a0Boletas por Correo\u00a0del Distrito del Hospital Comunitario de San Bernardino Mountains del 2 de mayo de 2017. Visite nuestra\u00a0<a href=\"https:\/\/elections.sbcounty.gov\/es\/VoterRegistration\/\">p\u00e1gina del Registro de Votantes<\/a>\u00a0para obtener informaci\u00f3n completa e instrucciones.<\/p>\n<ul>\n<li>Consulte el\u00a0<a href=\"https:\/\/www.sbcounty.gov\/uploads\/ROV\/Elections\/2017\/0502\/Report_15DayCloseOfRegistrationSummary.pdf?_=1641226512534\" target=\"_blank\" rel=\"noopener\">Resumen del Registro de Votantes Calificados<\/a> [pdf].<\/li>\n<\/ul>\n<\/div>\n\n  <\/section>\n\n\t\n\n  <section data-isd-block-id=\"rov-content-blockblock_212fca114c5c0682575b2baee8015e0b\"\n\t\t\t\t\t\t\t\t\t\t \t\t\t\t\t\t\t\t\t\t\t class=\"card-style main-content-wrapper rov-card-style mb-4\">\n\n\t<h2 class=\"block-subtitle blue\">Opciones de Voto<\/h2>\n\n\t<div class=\"ctnr-block-content\"><ul>\n<li>Vote con anticipaci\u00f3n en la Oficina de Elecciones a partir del 3 de abril\u00a0de 2017.<\/li>\n<li>Vote en una Boleta de Voto por Correo. Las Boletas por Correo se entregar\u00e1n a la Oficina Postal de EE. UU. antes del\u00a05 de abril de 2017.\n<ul>\n<li>Encuentre un\u00a0Lugar para Depositar las Boletas de Voto por Correo [ya no est\u00e1 disponible]<\/li>\n<\/ul>\n<\/li>\n<\/ul>\n<p>Visite nuestra\u00a0<a href=\"https:\/\/elections.sbcounty.gov\/es\/Voting\/\">p\u00e1gina de Opciones de Voto<\/a>\u00a0para obtener la informaci\u00f3n completa y las instrucciones.<\/p>\n<p><strong>Votantes Militares y en el Extranjero:<\/strong><\/p>\n<p>Los ciudadanos Uniformados y en el Extranjero pueden obtener una\u00a0Gu\u00eda de Informaci\u00f3n para el Votante\u00a0y una Boleta\u00a0para estas elecciones [ya no est\u00e1 disponible].\u00a0Para obtener la informaci\u00f3n completa, visite el sitio web para\u00a0<a href=\"https:\/\/www.sos.ca.gov\/elections\/voter-registration\/military-overseas-voters\" target=\"_blank\" rel=\"noopener\">Votantes Militares y en el Extranjero<\/a> de la Secretar\u00eda de Estado.<\/p>\n<\/div>\n\n  <\/section>\n\n\t\n\n  <section data-isd-block-id=\"rov-content-blockblock_d364f6fb98727a314f2083211f935b24\"\n\t\t\t\t\t\t\t\t\t\t \t\t\t\t\t\t\t\t\t\t\t class=\"card-style main-content-wrapper rov-card-style mb-4\">\n\n\t<h2 class=\"block-subtitle blue\">Estad\u00edsticas de Devoluci\u00f3n de Boletas por Correo<\/h2>\n\n\t<div class=\"ctnr-block-content\"><p>El Informe de Estad\u00edsticas de Devoluci\u00f3n de Boletas por Correo muestra el n\u00famero de boletas por correo que se han emitido y devuelto en las elecciones, as\u00ed como las estad\u00edsticas hist\u00f3ricas de las elecciones anteriores. Los datos presentados en este informe se actualizan diariamente y pueden fluctuar a medida que se reciben m\u00e1s solicitudes de boletas por correo y se procesan las boletas por correo marcadas.<\/p>\n<ul>\n<li>Consulte el\u00a0<a href=\"https:\/\/www.sbcounty.gov\/uploads\/ROV\/Elections\/2017\/0502\/Report_MailBallotStats.pdf?_=1641226512534\" target=\"_blank\" rel=\"noopener\">Informe de Estad\u00edsticas de Devoluci\u00f3n de Boletas por Correo<\/a>\u00a0[pdf]\u00a0de estas elecciones.<\/li>\n<\/ul>\n<\/div>\n\n  <\/section>\n\n\t\n\n  <section data-isd-block-id=\"rov-content-blockblock_71364a53f8922ca664d2e89808b707de\"\n\t\t\t\t\t\t\t\t\t\t \t\t\t\t\t\t\t\t\t\t\t class=\"card-style main-content-wrapper rov-card-style mb-4\">\n\n\t<h2 class=\"block-subtitle blue\">Resultados de las Elecciones<\/h2>\n\n\t<div class=\"ctnr-block-content\"><ul>\n<li><a href=\"https:\/\/www.sbcounty.gov\/uploads\/ROV\/Elections\/2017\/0502\/ResultsPage\/Report_FinalCertifiedElectionResults.pdf\" target=\"_blank\" rel=\"noopener\">Resultados de las Elecciones<\/a><\/li>\n<li><a href=\"https:\/\/www.sbcounty.gov\/uploads\/ROV\/Elections\/2017\/0502\/ResultsPage\/Report_StatementOfVotesCast.pdf?_=1641226512534\" target=\"_blank\" rel=\"noopener\">Declaraci\u00f3n de Votos Emitidos<\/a><\/li>\n<\/ul>\n<\/div>\n\n  <\/section>\n\n\t","protected":false},"excerpt":{"rendered":"<p>Publicaciones Electorales Gu\u00eda de Informaci\u00f3n para el Votante del Condado de San Bernardino La\u00a0Gu\u00eda de Informaci\u00f3n para el Votante\u00a0[pdf]\u00a0es un folleto publicado por la Oficina de Elecciones del Condado de San Bernardino que incluye informaci\u00f3n sobre las elecciones, los candidatos y las medidas, una boleta de muestra e informaci\u00f3n de<span class=\"ellipsis\">&#8230;<\/span><\/p>\n","protected":false},"author":19,"featured_media":37382,"parent":41940,"menu_order":0,"comment_status":"closed","ping_status":"closed","template":"templates\/rov-left-sidebar-template.php","meta":{"_acf_changed":false,"footnotes":""},"class_list":["post-42006","page","type-page","status-publish","has-post-thumbnail","hentry"],"acf":[],"_links":{"self":[{"href":"https:\/\/elections.sbcounty.gov\/es\/wp-json\/wp\/v2\/pages\/42006","targetHints":{"allow":["GET"]}}],"collection":[{"href":"https:\/\/elections.sbcounty.gov\/es\/wp-json\/wp\/v2\/pages"}],"about":[{"href":"https:\/\/elections.sbcounty.gov\/es\/wp-json\/wp\/v2\/types\/page"}],"author":[{"embeddable":true,"href":"https:\/\/elections.sbcounty.gov\/es\/wp-json\/wp\/v2\/users\/19"}],"replies":[{"embeddable":true,"href":"https:\/\/elections.sbcounty.gov\/es\/wp-json\/wp\/v2\/comments?post=42006"}],"version-history":[{"count":5,"href":"https:\/\/elections.sbcounty.gov\/es\/wp-json\/wp\/v2\/pages\/42006\/revisions"}],"predecessor-version":[{"id":84010,"href":"https:\/\/elections.sbcounty.gov\/es\/wp-json\/wp\/v2\/pages\/42006\/revisions\/84010"}],"up":[{"embeddable":true,"href":"https:\/\/elections.sbcounty.gov\/es\/wp-json\/wp\/v2\/pages\/41940"}],"wp:featuredmedia":[{"embeddable":true,"href":"https:\/\/elections.sbcounty.gov\/es\/wp-json\/wp\/v2\/media\/37382"}],"wp:attachment":[{"href":"https:\/\/elections.sbcounty.gov\/es\/wp-json\/wp\/v2\/media?parent=42006"}],"curies":[{"name":"wp","href":"https:\/\/api.w.org\/{rel}","templated":true}]}}