{"id":42,"date":"2019-03-27T19:04:58","date_gmt":"2019-03-27T19:04:58","guid":{"rendered":"https:\/\/www.elections.sbcounty.gov\/?page_id=42"},"modified":"2026-03-26T13:50:16","modified_gmt":"2026-03-26T20:50:16","slug":"home","status":"publish","type":"page","link":"https:\/\/elections.sbcounty.gov\/es\/","title":{"rendered":"Home"},"content":{"rendered":"\n<div data-isd-block-id='isd-slider-block_2090e716add6dd124738dd83351c4afd' class=\"\">\n\t\t\t<div class=\"hero-slider slider-wrapper\">\n\t\t\t<div id=\"slider-isd-slider-block_2090e716add6dd124738dd83351c4afd\" class=\"carousel slide slider-carousel slide quarter\" data-bs-ride=\"carousel\"  data-bs-interval=\"5000\">\n\t\t\t\t<div class=\"carousel-inner slides-4\">\n\t\t\t\t\t\t\t\t\t\t\t\t<div class=\"carousel-item active desk-center-center mobi-center-center quarter\" data-background=\"https:\/\/elections.sbcounty.gov\/es\/wp-content\/uploads\/sites\/4\/2026\/01\/SBC_Banner_Results.png\"  style=\"\">\n\t\t\t\t\t\t\t\t\t\t\t\t\t\t<div class=\"hs-slide-wrapper has-content has-overlay\">\n\t\t\t\t\t\t\t\t\n\t\t\t\t\t\t\t\t\t<div class=\"hs-content-wrapper left-align\">\n\t\t\t\t\t\t\t\t\t\t\t\t\t\t\t\t\t\t\t\t\t<div class=\"slide-container  light-background  rounded-corners\">\n\t\t\t\t\t\t\t\t\t\t\t\t\n\t\t\t\t\t\t\t\t\t\t\t\t<div class=\"slide-content text-left\">\n\t\t\t\t\t\t\t\t\t\t\t\t\t\t\t\t\t\t\t\t\t\t\t\t\t\t\t<div class=\"slide-heading\">\n\t\t\t\t\t\t\t\t\t\t\t\t\t\t\t<h1 class=\"section-heading\">Panel de Registro de Votantes<\/h1>\t\t\t\t\t\t\t\t\t\t\t\t\t\t<\/div>\n\t\t\t\t\t\t\t\t\t\t\t\t\t\t\t\t\t\t\t\t\t\t\t\t\t\t\t\t<div class=\"content-btn-wrapper\">\n\t\t\t\t\t\t\t\t\t\t\t\t\t\t\t<a href=\"\/es\/voterregistration\/dashboard\/\" class=\" has-white-color has-secondary-accent-background-color rounded-corners isd-btn isd-btn-large\" target=\"\">Comience a Explorar <\/a>\n\t\t\t\t\t\t\t\t\t\t\t\t\t\t<\/div>\n\t\t\t\t\t\t\t\t\t\t\t\t\t\t\t\t\t\t\t\t\t\t\t\t\t\t<\/div>\n\t\t\t\t\t\t\t\t\t\t\t<\/div>\n\t\t\t\t\t\t\t\t\t\t\t\t\t\t\t\t\t\t\t\t<\/div>\n\t\t\t\t\t\t\t\t\t\t\t\t\t\t\t\t<\/div>\n\t\t\t\t\t\t<\/div>\n\t\t\t\t\t\t\n\n\t\t\t\t\t\t\t\t\t\t\t\t\t<div class=\"carousel-item desk-center-center mobi-center-center quarter\" data-background=\"https:\/\/elections.sbcounty.gov\/es\/wp-content\/uploads\/sites\/4\/2023\/09\/Teens_Vote_1920x360_FADE-1.jpg\"  style=\"\">\n\t\t\t\t\t\t\t\t\t\t\t\t\t\t<div class=\"hs-slide-wrapper has-content has-overlay\">\n\t\t\t\t\t\t\t\t\n\t\t\t\t\t\t\t\t\t<div class=\"hs-content-wrapper left-align\">\n\t\t\t\t\t\t\t\t\t\t\t\t\t\t\t\t\t\t\t\t\t<div class=\"slide-container  light-background  rounded-corners\">\n\t\t\t\t\t\t\t\t\t\t\t\t\n\t\t\t\t\t\t\t\t\t\t\t\t<div class=\"slide-content text-left\">\n\t\t\t\t\t\t\t\t\t\t\t\t\t\t\t\t\t\t\t\t\t\t\t\t\t\t\t<div class=\"slide-heading\">\n\t\t\t\t\t\t\t\t\t\t\t\t\t\t\t<h1 class=\"section-heading\">Semanas de Educaci\u00f3n para el Votante en Escuelas Preparatorias<\/h1>\t\t\t\t\t\t\t\t\t\t\t\t\t\t\t\t<div class=\"slide-subheading below\">13-24 de abril de 2026<\/div>\n\t\t\t\t\t\t\t\t\t\t\t\t\t\t\t\t\t\t\t\t\t\t\t\t\t\t\t\t\t\t<\/div>\n\t\t\t\t\t\t\t\t\t\t\t\t\t\t\t\t\t\t\t\t\t\t\t\t\t\t\t\t<div class=\"content-btn-wrapper\">\n\t\t\t\t\t\t\t\t\t\t\t\t\t\t\t<a href=\"\/es\/community-outreach\/hsvewinformation\/\" class=\" has-white-color has-secondary-accent-background-color rounded-corners isd-btn isd-btn-large\" target=\"\">Encontrar recursos <\/a>\n\t\t\t\t\t\t\t\t\t\t\t\t\t\t<\/div>\n\t\t\t\t\t\t\t\t\t\t\t\t\t\t\t\t\t\t\t\t\t\t\t\t\t\t<\/div>\n\t\t\t\t\t\t\t\t\t\t\t<\/div>\n\t\t\t\t\t\t\t\t\t\t\t\t\t\t\t\t\t\t\t\t<\/div>\n\t\t\t\t\t\t\t\t\t\t\t\t\t\t\t\t<\/div>\n\t\t\t\t\t\t<\/div>\n\t\t\t\t\t\t\n\n\t\t\t\t\t\t\t\t\t\t\t\t\t<div class=\"carousel-item desk-center-center mobi-center-center quarter\" data-background=\"https:\/\/elections.sbcounty.gov\/es\/wp-content\/uploads\/sites\/4\/2021\/12\/hero_slider-1-1.jpg\"  style=\"\">\n\t\t\t\t\t\t\t\t\t\t\t\t\t\t<div class=\"hs-slide-wrapper has-content has-overlay\">\n\t\t\t\t\t\t\t\t\n\t\t\t\t\t\t\t\t\t<div class=\"hs-content-wrapper left-align\">\n\t\t\t\t\t\t\t\t\t\t\t\t\t\t\t\t\t\t\t\t\t<div class=\"slide-container  dark-background  rounded-corners\">\n\t\t\t\t\t\t\t\t\t\t\t\t\n\t\t\t\t\t\t\t\t\t\t\t\t<div class=\"slide-content text-left\">\n\t\t\t\t\t\t\t\t\t\t\t\t\t\t\t\t\t\t\t\t\t\t\t\t\t\t\t<div class=\"slide-heading\">\n\t\t\t\t\t\t\t\t\t\t\t\t\t\t\t<h1 class=\"section-heading\">Registro de Votantes<\/h1>\t\t\t\t\t\t\t\t\t\t\t\t\t\t<\/div>\n\t\t\t\t\t\t\t\t\t\t\t\t\t\t\t\t\t\t\t\t\t\t\t\t\t\t\t\t<div class=\"content-btn-wrapper\">\n\t\t\t\t\t\t\t\t\t\t\t\t\t\t\t<a href=\"\/es\/voterregistration\/\" class=\" has-white-color has-primary-accent-background-color rounded-corners isd-btn isd-btn-large\" target=\"\">Informaci\u00f3n de Registro <\/a>\n\t\t\t\t\t\t\t\t\t\t\t\t\t\t<\/div>\n\t\t\t\t\t\t\t\t\t\t\t\t\t\t\t\t\t\t\t\t\t\t\t\t\t\t<\/div>\n\t\t\t\t\t\t\t\t\t\t\t<\/div>\n\t\t\t\t\t\t\t\t\t\t\t\t\t\t\t\t\t\t\t\t<\/div>\n\t\t\t\t\t\t\t\t\t\t\t\t\t\t\t\t<\/div>\n\t\t\t\t\t\t<\/div>\n\t\t\t\t\t\t\n\n\t\t\t\t\t\t\t\t\t\t\t\t\t<div class=\"carousel-item desk-center-center mobi-center-center quarter\" data-background=\"https:\/\/elections.sbcounty.gov\/es\/wp-content\/uploads\/sites\/4\/2022\/10\/SBC_Banner_Appreciation-1-1.png\"  style=\"\">\n\t\t\t\t\t\t\t\t\t\t\t\t\t\t<div class=\"hs-slide-wrapper has-content has-overlay\">\n\t\t\t\t\t\t\t\t\n\t\t\t\t\t\t\t\t\t<div class=\"hs-content-wrapper left-align\">\n\t\t\t\t\t\t\t\t\t\t\t\t\t\t\t\t\t\t\t\t\t<div class=\"slide-container  light-background  rounded-corners\">\n\t\t\t\t\t\t\t\t\t\t\t\t\n\t\t\t\t\t\t\t\t\t\t\t\t<div class=\"slide-content text-right\">\n\t\t\t\t\t\t\t\t\t\t\t\t\t\t\t\t\t\t\t\t\t\t\t\t\t\t\t<div class=\"slide-heading\">\n\t\t\t\t\t\t\t\t\t\t\t\t\t\t\t<h1 class=\"section-heading\">Preguntas sobre las Elecciones?<\/h1>\t\t\t\t\t\t\t\t\t\t\t\t\t\t\t\t<div class=\"slide-subheading below\">Consulte nuestras Preguntas Frecuentes.<\/div>\n\t\t\t\t\t\t\t\t\t\t\t\t\t\t\t\t\t\t\t\t\t\t\t\t\t\t\t\t\t\t<\/div>\n\t\t\t\t\t\t\t\t\t\t\t\t\t\t\t\t\t\t\t\t\t\t\t\t\t\t\t\t<div class=\"content-btn-wrapper\">\n\t\t\t\t\t\t\t\t\t\t\t\t\t\t\t<a href=\"\/es\/faqs\/\" class=\" has-white-color has-secondary-accent-background-color rounded-corners isd-btn isd-btn-large\" target=\"\">Lealo Aqu\u00ed <\/a>\n\t\t\t\t\t\t\t\t\t\t\t\t\t\t<\/div>\n\t\t\t\t\t\t\t\t\t\t\t\t\t\t\t\t\t\t\t\t\t\t\t\t\t\t<\/div>\n\t\t\t\t\t\t\t\t\t\t\t<\/div>\n\t\t\t\t\t\t\t\t\t\t\t\t\t\t\t\t\t\t\t\t<\/div>\n\t\t\t\t\t\t\t\t\t\t\t\t\t\t\t\t<\/div>\n\t\t\t\t\t\t<\/div>\n\t\t\t\t\t\t\n\n\t\t\t\t\t\t\t\t\t\t<\/div>\n\t\t\t\t\t\t\t\t\t\t\t<button class=\"carousel-control-prev\" aria-label=\"Previous Item\" alt=\"Previous Item\" type=\"button\" data-bs-target=\"#slider-isd-slider-block_2090e716add6dd124738dd83351c4afd\" data-bs-slide=\"prev\">\n\t\t\t\t\t\t\t\t<span class=\"carousel-control-prev-icon\" aria-hidden=\"true\"><\/span>\n\t\t\t\t\t\t\t\t<span class=\"visually-hidden\">Previous<\/span>\n\t\t\t\t\t\t<\/button>\n\t\t\t\t\t\t<button class=\"carousel-control-next\" aria-label=\"Next Item\" alt=\"Next Item\" type=\"button\" data-bs-target=\"#slider-isd-slider-block_2090e716add6dd124738dd83351c4afd\" data-bs-slide=\"next\">\n\t\t\t\t\t\t\t\t<span class=\"carousel-control-next-icon\" aria-hidden=\"true\"><\/span>\n\t\t\t\t\t\t\t\t<span class=\"visually-hidden\">Next<\/span>\n\t\t\t\t\t\t<\/button>\n\t\t\t\t\t\t<div class=\"slider-bot-nav-wrapper\">\n\t\t\t\t\t\t\t<ol class=\"carousel-indicators\">\n\t\t\t\t\t\t\t\t\t\t\t\t\t\t\t\t\t<li class=\"dots\n\t\t\t\t\t\t\t\t\tactive\t\t\t\t\t\t\t\t\t\" data-bs-target=\"#slider-isd-slider-block_2090e716add6dd124738dd83351c4afd\" data-bs-slide-to=\"0\" aria-label=\"go to slide 1\" tabindex=\"0\"><\/li>\n\t\t\t\t\t\t\t\t\t\t\t\t\t\t\t\t\t<li class=\"dots\n\t\t\t\t\t\t\t\t\t\t\t\t\t\t\t\t\t\t\" data-bs-target=\"#slider-isd-slider-block_2090e716add6dd124738dd83351c4afd\" data-bs-slide-to=\"1\" aria-label=\"go to slide 2\" tabindex=\"0\"><\/li>\n\t\t\t\t\t\t\t\t\t\t\t\t\t\t\t\t\t<li class=\"dots\n\t\t\t\t\t\t\t\t\t\t\t\t\t\t\t\t\t\t\" data-bs-target=\"#slider-isd-slider-block_2090e716add6dd124738dd83351c4afd\" data-bs-slide-to=\"2\" aria-label=\"go to slide 3\" tabindex=\"0\"><\/li>\n\t\t\t\t\t\t\t\t\t\t\t\t\t\t\t\t\t<li class=\"dots\n\t\t\t\t\t\t\t\t\t\t\t\t\t\t\t\t\t\t\" data-bs-target=\"#slider-isd-slider-block_2090e716add6dd124738dd83351c4afd\" data-bs-slide-to=\"3\" aria-label=\"go to slide 4\" tabindex=\"0\"><\/li>\n\t\t\t\t\t\t\t\t\t\t\t\t\t\t\t<\/ol>\n\n\t\t\t\t\t\t\t<button class=\"hs-autoplay-btn\" aria-label=\"pause slider\" onClick=\"pauseSlider('slider-isd-slider-block_2090e716add6dd124738dd83351c4afd');\"><i class=\"hs-pp-btn fa fa-pause\" tabindex=\"n\"><\/i><\/button>\n\n\t\t\t\t\t\t<\/div>\n\t\t\t\t\t\n\n\n\t\t\t\t\t\t\t<\/div>\n\t\t<\/div>\n\t<\/div>\n\t\n\n\n\n<section style=\"background:#ffffff\" class=\"wp-block-isd-layout has-background home-boxes\"><div class=\"isd-background-fixed-max-width-container\"><div class=\"isd-layout-content-wrapper\" style=\"max-width:1748px;margin-bottom:0rem;margin-top:0rem;padding-bottom:2.5rem;padding-top:2.5rem\">\n<div class=\"wp-block-isd-row large-25-25-25-25 desktop-25-25-25-25 desktop-order-1 tablet-25-25-25-25 tablet-order-1 mobile-100-100-100-100 mobile-order-1 frontend ctnrQueryRow\" style=\"margin-bottom:0rem;margin-top:0rem\">\n<div class=\"wp-block-isd-column shadow\">\n<h2 class=\"wp-block-heading has-text-align-center pt-4 has-primary-color has-text-color has-link-color wp-elements-600df5abaeced4f8af745b4373902884\">Informaci\u00f3n para el Votante<\/h2>\n\n\n<div class=\"wp-block-image\">\n<figure class=\"aligncenter size-thumbnail\"><img decoding=\"async\" src=\"https:\/\/elections.sbcounty.gov\/wp-content\/uploads\/sites\/3\/2024\/10\/RegisterToVote-2-150x150.png\" alt=\"Register to Vote Megaphone Icon\" class=\"wp-image-81089\" \/><\/figure>\n<\/div>\n\n\n<p class=\"has-text-align-center\"><a href=\"https:\/\/registertovote.ca.gov\/es-mx\" target=\"_blank\" rel=\"noreferrer noopener\">Registro de Votantes<\/a><br \/><a href=\"https:\/\/uploads.rov.sbcounty.gov\/ROV\/es\/VoterRegistration\/Form_Voter_Registration_Cancellation.pdf\" target=\"_blank\" rel=\"noreferrer noopener\">Cancele de Registro de Votante<\/a><br \/><a href=\"https:\/\/elections.sbcounty.gov\/es\/community-outreach\/\">Alcance Comunitario<\/a><br \/><a href=\"https:\/\/elections.sbcounty.gov\/es\/elected-officials-candidates\/\">Alcance Campa\u00f1as<\/a><\/p>\n<\/div>\n\n\n\n<div class=\"wp-block-isd-column shadow\">\n<h2 class=\"wp-block-heading has-text-align-center pt-4 has-primary-color has-text-color has-link-color wp-elements-5672da48025888524f8b877f0de70871\">Elecciones<\/h2>\n\n\n<div class=\"wp-block-image\">\n<figure class=\"aligncenter size-thumbnail\"><img decoding=\"async\" src=\"https:\/\/elections.sbcounty.gov\/wp-content\/uploads\/sites\/3\/2024\/10\/FindMyPollingPlace-2-150x150.png\" alt=\"Find my Polling Place Icon\" class=\"wp-image-81083\" \/><\/figure>\n<\/div>\n\n\n<p class=\"has-text-align-center\"><a href=\"https:\/\/elections.sbcounty.gov\/es\/elections\/2026\/0324\/\" data-type=\"link\" data-id=\"https:\/\/elections.sbcounty.gov\/es\/elections\/2026\/0324\/\">Elecci\u00f3n Especial de la Ciudad de Ontario de 2026<\/a><br \/><a href=\"https:\/\/results.rov.sbcounty.gov\/Results\/20260324\/\" data-type=\"link\" data-id=\"https:\/\/elections.sbcounty.gov\/es\/elections\/2026\/0324\/\">Resultados de la Elecci\u00f3n No Oficiales &#8211; Elecci\u00f3n Especial de la Ciudad de Ontario de 2026<\/a><br \/><a href=\"https:\/\/elections.sbcounty.gov\/es\/elections\/2026\/0602\/\">Elecciones Primarias Directas Estatales de 2026<\/a><br \/><a href=\"https:\/\/elections.sbcounty.gov\/es\/elections\/pastelections\/\">Elecciones Pasadas<\/a><br \/><a href=\"https:\/\/elections.sbcounty.gov\/election-workers\/\">Informaci\u00f3n sobre Trabajadores Electorales <\/a><\/p>\n<\/div>\n\n\n\n<div class=\"wp-block-isd-column shadow\">\n<h2 class=\"wp-block-heading has-text-align-center pt-4 has-primary-color has-text-color has-link-color wp-elements-73d71f210e0fa97ad47afadd128d5423\">Preguntas Frecuentas<\/h2>\n\n\n<div class=\"wp-block-image\">\n<figure class=\"aligncenter size-thumbnail\"><img decoding=\"async\" src=\"https:\/\/elections.sbcounty.gov\/wp-content\/uploads\/sites\/3\/2024\/10\/FAQIcon-2-150x150.png\" alt=\"FAQ Question Mark Icon\" class=\"wp-image-81080\" \/><\/figure>\n<\/div>\n\n\n<p class=\"has-text-align-center\"><a href=\"https:\/\/elections.sbcounty.gov\/es\/faqs\/\">Inicio de FAQ<\/a><br \/><a href=\"https:\/\/elections.sbcounty.gov\/es\/faq-category\/marzo-24-2026-ontario-especial\/\">Acerca de la Elecci\u00f3n Especial de la Ciudad de Ontario de 2025<\/a><br \/><a href=\"https:\/\/elections.sbcounty.gov\/es\/faq-category\/preguntas-mas-frecuentes\/\" data-type=\"link\" data-id=\"https:\/\/elections.sbcounty.gov\/es\/faq-category\/preguntas-mas-frecuentes\/\">Temas de Actualidad<\/a><br \/><a href=\"https:\/\/elections.sbcounty.gov\/es\/faq-category\/faq-para-elecciones\/\">Acerca de las Elecciones<\/a><br \/><a href=\"https:\/\/elections.sbcounty.gov\/es\/faq-category\/faq-para-archivos\/\">Acerca de los Archivos del Registro de Votantes<\/a><\/p>\n<\/div>\n\n\n\n<div class=\"wp-block-isd-column shadow\">\n<h2 class=\"wp-block-heading has-text-align-center pt-4 has-primary-color has-text-color has-link-color wp-elements-b3e6542d97a57cd6c4700e0bc79c7a9a\">Informaci\u00f3n Personalizada Sobre las Elecciones<\/h2>\n\n\n<div class=\"wp-block-image\">\n<figure class=\"aligncenter size-full is-resized\"><img decoding=\"async\" src=\"https:\/\/elections.sbcounty.gov\/wp-content\/uploads\/sites\/3\/2024\/10\/gateway-icon-2.png\" alt=\"MEG Gateway Icon\" class=\"wp-image-81086\" style=\"width:130px;height:auto\" \/><\/figure>\n<\/div>\n\n\n<p class=\"has-text-align-center\"><a href=\"https:\/\/elections.sbcounty.gov\/es\/voterregistration\/myelectiongatewayinfo\/\" data-type=\"page\" data-id=\"88873\" target=\"_blank\" rel=\"noreferrer noopener\">My Elections Gateway<\/a><\/p>\n\n\n\n<p class=\"has-text-align-left has-black-color has-text-color has-link-color wp-elements-937d628920bce12a0d066c204859c3ef\" style=\"font-size:16px\"><\/p><p class=\"has-secondary-color has-white-background-color has-text-color has-background has-link-color\" style=\"font-size:16px\"><em>Consulte arriba para obtener informaci\u00f3n sobre el estado de su inscripci\u00f3n, el Estado de Su Boleta de Voto por Correo, las Elecciones y los Distritos.<\/em><\/p>\n<\/div>\n<\/div>\n\n\n\n<div class=\"wp-block-isd-row large-33-33-33 desktop-33-33-33 desktop-order-1-2-3 tablet-33-33-33 tablet-order-1-2-3 mobile-100-100-100 mobile-order-1-2-3 frontend ctnrQueryRow\" style=\"margin-bottom:0rem;margin-top:0rem\">\n<div class=\"wp-block-isd-column\"><div class=\"wp-block-image\">\n<figure class=\"aligncenter size-full\"><a href=\"https:\/\/elections.sbcounty.gov\/es\/cac\/\"><img decoding=\"async\" width=\"640\" height=\"200\" src=\"https:\/\/elections.sbcounty.gov\/es\/wp-content\/uploads\/sites\/4\/2025\/10\/CAC_Banner.png\" alt=\"\" class=\"wp-image-91411\" srcset=\"https:\/\/elections.sbcounty.gov\/es\/wp-content\/uploads\/sites\/4\/2025\/10\/CAC_Banner.png 640w, https:\/\/elections.sbcounty.gov\/es\/wp-content\/uploads\/sites\/4\/2025\/10\/CAC_Banner-300x94.png 300w\" sizes=\"(max-width: 640px) 100vw, 640px\" \/><\/a><\/figure>\n<\/div><\/div>\n\n\n\n<div class=\"wp-block-isd-column\"><div class=\"wp-block-image\">\n<figure class=\"aligncenter size-full\"><a href=\"https:\/\/registertovote.ca.gov\/es-mx\" target=\"_blank\" rel=\" noreferrer noopener\"><img decoding=\"async\" width=\"600\" height=\"200\" src=\"https:\/\/elections.sbcounty.gov\/es\/wp-content\/uploads\/sites\/4\/2025\/10\/reg-to-vote-spanish-1.png\" alt=\"\" class=\"wp-image-91414\" srcset=\"https:\/\/elections.sbcounty.gov\/es\/wp-content\/uploads\/sites\/4\/2025\/10\/reg-to-vote-spanish-1.png 600w, https:\/\/elections.sbcounty.gov\/es\/wp-content\/uploads\/sites\/4\/2025\/10\/reg-to-vote-spanish-1-300x100.png 300w\" sizes=\"(max-width: 600px) 100vw, 600px\" \/><\/a><\/figure>\n<\/div><\/div>\n\n\n\n<div class=\"wp-block-isd-column\"><div class=\"wp-block-image\">\n<figure class=\"aligncenter size-full\"><a href=\"https:\/\/public.govdelivery.com\/accounts\/CASANBE\/subscriber\/new?topic_id=CASANBE_522\" target=\"_blank\" rel=\"noreferrer noopener\"><img decoding=\"async\" width=\"640\" height=\"200\" src=\"https:\/\/elections.sbcounty.gov\/es\/wp-content\/uploads\/sites\/4\/2025\/08\/Banner_CountyUpdate-1.jpg\" alt=\"Subscr\u00cdbete al bolet\u00edn semanal de actualizaci\u00f3n del condado\" class=\"wp-image-90443\" srcset=\"https:\/\/elections.sbcounty.gov\/es\/wp-content\/uploads\/sites\/4\/2025\/08\/Banner_CountyUpdate-1.jpg 640w, https:\/\/elections.sbcounty.gov\/es\/wp-content\/uploads\/sites\/4\/2025\/08\/Banner_CountyUpdate-1-300x94.jpg 300w\" sizes=\"(max-width: 640px) 100vw, 640px\" \/><\/a><\/figure>\n<\/div><\/div>\n<\/div>\n<\/div><\/div><\/section>\n\n\n\n<div class=\"wp-block-columns is-layout-flex wp-container-core-columns-is-layout-9d6595d7 wp-block-columns-is-layout-flex\">\n<div class=\"wp-block-column is-layout-flow wp-block-column-is-layout-flow\"><\/div>\n\n\n\n<div class=\"wp-block-column is-layout-flow wp-block-column-is-layout-flow\"><\/div>\n\n\n\n<div class=\"wp-block-column is-layout-flow wp-block-column-is-layout-flow\"><\/div>\n<\/div>\n\n\n\n\n","protected":false},"excerpt":{"rendered":"<p>Panel de Registro de Votantes Comience a Explorar Semanas de Educaci\u00f3n para el Votante en Escuelas Preparatorias 13-24 de abril de 2026 Encontrar recursos Registro de Votantes Informaci\u00f3n de Registro Preguntas sobre las Elecciones? Consulte nuestras Preguntas Frecuentes. Lealo Aqu\u00ed Previous Next Informaci\u00f3n para el Votante Registro de VotantesCancele de<span class=\"ellipsis\">&#8230;<\/span><\/p>\n","protected":false},"author":19,"featured_media":0,"parent":0,"menu_order":0,"comment_status":"closed","ping_status":"closed","template":"","meta":{"_acf_changed":false,"footnotes":""},"class_list":["post-42","page","type-page","status-publish","hentry"],"acf":[],"_links":{"self":[{"href":"https:\/\/elections.sbcounty.gov\/es\/wp-json\/wp\/v2\/pages\/42","targetHints":{"allow":["GET"]}}],"collection":[{"href":"https:\/\/elections.sbcounty.gov\/es\/wp-json\/wp\/v2\/pages"}],"about":[{"href":"https:\/\/elections.sbcounty.gov\/es\/wp-json\/wp\/v2\/types\/page"}],"author":[{"embeddable":true,"href":"https:\/\/elections.sbcounty.gov\/es\/wp-json\/wp\/v2\/users\/19"}],"replies":[{"embeddable":true,"href":"https:\/\/elections.sbcounty.gov\/es\/wp-json\/wp\/v2\/comments?post=42"}],"version-history":[{"count":245,"href":"https:\/\/elections.sbcounty.gov\/es\/wp-json\/wp\/v2\/pages\/42\/revisions"}],"predecessor-version":[{"id":93866,"href":"https:\/\/elections.sbcounty.gov\/es\/wp-json\/wp\/v2\/pages\/42\/revisions\/93866"}],"wp:attachment":[{"href":"https:\/\/elections.sbcounty.gov\/es\/wp-json\/wp\/v2\/media?parent=42"}],"curies":[{"name":"wp","href":"https:\/\/api.w.org\/{rel}","templated":true}]}}