{"id":41955,"date":"2022-01-03T16:04:08","date_gmt":"2022-01-03T16:04:08","guid":{"rendered":"https:\/\/www.elections.sbcounty.gov\/?page_id=41955"},"modified":"2024-06-06T08:37:44","modified_gmt":"2024-06-06T15:37:44","slug":"0307","status":"publish","type":"page","link":"https:\/\/elections.sbcounty.gov\/es\/elections\/2017\/0307\/","title":{"rendered":"Archivo de Elecciones Especiales de Formaci\u00f3n del Distrito de Servicios Comunitarios Wrightwood"},"content":{"rendered":"  <section data-isd-block-id=\"rov-content-blockblock_2c508d323c1ab238b25cf1e315bee33e\"\n\t\t\t\t\t\t\t\t\t\t \t\t\t\t\t\t\t\t\t\t\t class=\"card-style main-content-wrapper rov-card-style mb-4\">\n\n\t<h2 class=\"block-subtitle blue\">Publicaciones Electorales<\/h2>\n\n\t<div class=\"ctnr-block-content\"><p><strong>Gu\u00eda de Informaci\u00f3n para el Votante del Condado de San Bernardino<\/strong><\/p>\n<ul>\n<li>La\u00a0<a href=\"https:\/\/www.sbcounty.gov\/uploads\/ROV\/Elections\/2017\/0307\/SB-001Spanish.pdf?_=1486593168547\" target=\"_blank\" rel=\"noopener\">Gu\u00eda de Informaci\u00f3n para el Votante<\/a>\u00a0[pdf]\u00a0es un folleto publicado por la Oficina de Elecciones del Condado de San Bernardino que incluye informaci\u00f3n sobre las elecciones, los candidatos y las medidas, una boleta de muestra e informaci\u00f3n de las casillas electorales.<\/li>\n<li>La\u00a0<strong>Gu\u00eda de Informaci\u00f3n para el Votante espec\u00edfica de cada distrito electoral<\/strong>\u00a0contiene informaci\u00f3n de los cargos a elegir y las medidas en la boleta en cada distrito electoral. Puede consultar las Gu\u00edas de Informaci\u00f3n para el Votante espec\u00edficas de cada distrito electoral mediante la herramienta de\u00a0B\u00fasqueda de Casillas Electorales y de Gu\u00edas de Informaci\u00f3n para el Votante. [ya no est\u00e1 disponible]<\/li>\n<\/ul>\n<p><a href=\"https:\/\/elections.sbcounty.gov\/es\/News\/2017\/\"><strong>Comunicados de Prensa y Avisos P\u00fablicos<\/strong><\/a><\/p>\n<\/div>\n\n  <\/section>\n\n\t\n\n  <section data-isd-block-id=\"rov-content-blockblock_2c5291301229e55119a5e5181be601ce\"\n\t\t\t\t\t\t\t\t\t\t \t\t\t\t\t\t\t\t\t\t\t class=\"card-style main-content-wrapper rov-card-style mb-4\">\n\n\t<h2 class=\"block-subtitle blue\">Fechas Clave y Fechas L\u00edmite<\/h2>\n\n\t<div class=\"ctnr-block-content\"><table class=\"table table-striped\" style=\"width: 99%\">\n<thead>\n<tr style=\"text-align: left;font-weight: bold\">\n<th><strong>Fecha<\/strong><\/th>\n<th><strong>Acci\u00f3n<\/strong><\/th>\n<\/tr>\n<\/thead>\n<tbody>\n<tr>\n<td>14 de noviembre de 2016<\/td>\n<td>Comienza la presentaci\u00f3n de candidatos<\/td>\n<\/tr>\n<tr>\n<td>9 de diciembre de 2016<\/td>\n<td>Fecha l\u00edmite de presentaci\u00f3n de candidatos<\/td>\n<\/tr>\n<tr>\n<td>3 de febrero de 2017<\/td>\n<td>Se entregan las Gu\u00edas de Informaci\u00f3n para el Votante a la Oficina Postal de EE. UU.<\/td>\n<\/tr>\n<tr>\n<td>6 de febrero de 2017<\/td>\n<td>Comienza el voto anticipado<\/td>\n<\/tr>\n<tr>\n<td>8 de febrero de 2017<\/td>\n<td>Se entregan las Boletas por Correo a la Oficina Postal de EE. UU.<\/td>\n<\/tr>\n<tr>\n<td>21 de febrero de 2017<\/td>\n<td>Fecha l\u00edmite para el registro de votantes<\/td>\n<\/tr>\n<tr>\n<td>28 de febrero de 2017<\/td>\n<td>Fecha l\u00edmite para solicitar una Boleta de Voto por Correo<\/td>\n<\/tr>\n<tr>\n<td><strong>7 de marzo de 2017<\/strong><\/td>\n<td><strong>D\u00eda de las Elecciones \u2013 Elecciones Especiales de Formaci\u00f3n del Distrito de Servicios Comunitarios Wrightwood<\/strong><\/td>\n<\/tr>\n<tr>\n<td>8 de marzo de 2017<\/td>\n<td>Comienza el Escrutinio de las Elecciones<\/td>\n<\/tr>\n<tr>\n<td>6 de abril de 2017<\/td>\n<td>Fecha l\u00edmite para completar el escrutinio oficial y certificar los resultados<\/td>\n<\/tr>\n<\/tbody>\n<\/table>\n<\/div>\n\n  <\/section>\n\n\t\n\n  <section data-isd-block-id=\"rov-content-blockblock_0b29a82ac56df8ee78f8eae01f9c19cd\"\n\t\t\t\t\t\t\t\t\t\t \t\t\t\t\t\t\t\t\t\t\t class=\"card-style main-content-wrapper rov-card-style mb-4\">\n\n\t<h2 class=\"block-subtitle blue\">Informaci\u00f3n de los Cargos y Candidatos<\/h2>\n\n\t<div class=\"ctnr-block-content\"><p><strong>Presentaci\u00f3n de Candidatos:<\/strong><\/p>\n<p>La presentaci\u00f3n de candidatos comienza el 14 de noviembre de 2016 y termina el 9 de diciembre\u00a0de 2017.<\/p>\n<ul>\n<li>Consulte la\u00a0<a href=\"https:\/\/www.sbcounty.gov\/uploads\/ROV\/Elections\/2017\/0307\/Guide_CandidateFiling.pdf?_=1641224950470\" target=\"_blank\" rel=\"noopener\">Gu\u00eda de Presentaci\u00f3n de Candidaturas<\/a>\u00a0[pdf].<\/li>\n<\/ul>\n<p><strong>Declaraciones de los Candidatos:<\/strong><\/p>\n<ul>\n<li>Consulte el\u00a0<a href=\"https:\/\/www.sbcounty.gov\/uploads\/ROV\/Elections\/2017\/0307\/PublicNotice_CandidateStatementEstimates.pdf?_=1641224950470\" target=\"_blank\" rel=\"noopener\">Costo Estimado de las Declaraciones de los Candidatos<\/a>\u00a0[pdf].<\/li>\n<\/ul>\n<ul>\n<li style=\"list-style-type: none\">\n<ul>\n<li>Los candidatos deben pagar los costos estimados de imprimir su declaraci\u00f3n de candidato en la Gu\u00eda de Informaci\u00f3n para el Votante al momento de registrarse.<\/li>\n<\/ul>\n<\/li>\n<\/ul>\n<ul>\n<li>Para presentar una declaraci\u00f3n de candidato,\u00a0llene el\u00a0<a href=\"https:\/\/www.sbcounty.gov\/uploads\/ROV\/Elections\/2017\/0307\/Form_CandidateStatementForm.pdf?_=1641224950470\" target=\"_blank\" rel=\"noopener\">Formulario de Declaraci\u00f3n del Candidato<\/a>\u00a0[pdf].<\/li>\n<\/ul>\n<p><strong>Lista de Candidatos:<\/strong><\/p>\n<ul>\n<li>Consulte la\u00a0<a href=\"https:\/\/www.sbcounty.gov\/uploads\/ROV\/Elections\/2017\/0307\/Report_CandidateList.pdf?_=1641224950470\" target=\"_blank\" rel=\"noopener\">Lista de Candidatos<\/a>\u00a0[pdf].<\/li>\n<\/ul>\n<\/div>\n\n  <\/section>\n\n\t\n\n  <section data-isd-block-id=\"rov-content-blockblock_5b978c1b5b8f7df6b24db07bb7177b0a\"\n\t\t\t\t\t\t\t\t\t\t \t\t\t\t\t\t\t\t\t\t\t class=\"card-style main-content-wrapper rov-card-style mb-4\">\n\n\t<h2 class=\"block-subtitle blue\">Medidas en la Boleta<\/h2>\n\n\t<div class=\"ctnr-block-content\"><ul>\n<li>Consulte la\u00a0<a href=\"https:\/\/elections.sbcounty.gov\/es\/Elections\/2017\/0307\/Measures\/\">Medida Local<\/a>\u00a0en la boleta para las Elecciones Especiales de Formaci\u00f3n\u00a0del Distrito de Servicios Comunitarios Wrightwood del 7 de marzo de\u00a02017.<\/li>\n<\/ul>\n<\/div>\n\n  <\/section>\n\n\t\n\n  <section data-isd-block-id=\"rov-content-blockblock_8fb60201a715e4a743dc10b802e41a6e\"\n\t\t\t\t\t\t\t\t\t\t \t\t\t\t\t\t\t\t\t\t\t class=\"card-style main-content-wrapper rov-card-style mb-4\">\n\n\t<h2 class=\"block-subtitle blue\">Registro de Votantes<\/h2>\n\n\t<div class=\"ctnr-block-content\"><p>Su solicitud de registro de votante debe tener un sello postal a m\u00e1s tardar del\u00a0<strong>21 de febrero de 2017<\/strong>\u00a0para que sea elegible para votar en las Elecciones Especiales de Formaci\u00f3n del Distrito de Servicios Comunitarios Wrightwood del 7 de marzo de 2017. Visite nuestra\u00a0<a href=\"https:\/\/elections.sbcounty.gov\/es\/VoterRegistration\/\">p\u00e1gina del Registro de Votantes<\/a>\u00a0para obtener informaci\u00f3n completa e instrucciones.<\/p>\n<ul>\n<li>Consulte el\u00a0<a href=\"https:\/\/www.sbcounty.gov\/uploads\/ROV\/Elections\/2017\/0307\/Report_15DayROR.pdf?_=1641224950470\" target=\"_blank\" rel=\"noopener\">Resumen del Registro de Votantes Calificados<\/a>\u00a0[pdf].<\/li>\n<\/ul>\n<\/div>\n\n  <\/section>\n\n\t\n\n  <section data-isd-block-id=\"rov-content-blockblock_d8f751a7e9361c9eb4e731d2eb7e6459\"\n\t\t\t\t\t\t\t\t\t\t \t\t\t\t\t\t\t\t\t\t\t class=\"card-style main-content-wrapper rov-card-style mb-4\">\n\n\t<h2 class=\"block-subtitle blue\">Opciones de Voto<\/h2>\n\n\t<div class=\"ctnr-block-content\"><ul>\n<li>Vote con anticipaci\u00f3n en la Oficina de Elecciones a partir del 6 de febrero de 2017.<\/li>\n<li>Vote en una Boleta de Voto por Correo. La Solicitud de Boleta por Correo vence antes del 28 de febrero de 2017.\n<ul>\n<li>Llene una\u00a0<a href=\"https:\/\/elections.sbcounty.gov\/es\/VoterRegistration\/MyElectionGatewayInfo\/MyElectionsGateway\/?target=MailBallotApplication\">Solicitud de Boleta por Correo en l\u00ednea<\/a>.<\/li>\n<li>Llene y devuelva una de las siguientes solicitudes:\n<ul>\n<li><a href=\"https:\/\/www.sbcounty.gov\/uploads\/ROV\/Elections\/2017\/0307\/Form_2017-03-07_WrightwoodCSDFormationSPA_FILLABLE.pdf?_=1485465852893\" target=\"_blank\" rel=\"noopener\">Solicitud de Boleta por Correo<\/a>\u00a0[pdf]<\/li>\n<\/ul>\n<\/li>\n<li>Encuentre un\u00a0Lugar para Depositar Boletas de Voto por Correo [ya no est\u00e1 disponible]<\/li>\n<\/ul>\n<\/li>\n<li>Vote en las casillas el D\u00eda de las Elecciones, el 7 de marzo de 2017, de 7 a.m. a 8 p.m.\n<ul>\n<li>Encuentre su\u00a0Casilla Electoral asignada [ya no est\u00e1 disponible]<\/li>\n<\/ul>\n<\/li>\n<\/ul>\n<p>Visite nuestra\u00a0<a href=\"https:\/\/elections.sbcounty.gov\/es\/Voting\/\">p\u00e1gina de Opciones de Voto<\/a>\u00a0para obtener la informaci\u00f3n completa y las instrucciones.<\/p>\n<p><strong>Votantes Militares y en el Extranjero:<\/strong><\/p>\n<p>Los ciudadanos Uniformados y en el Extranjero pueden obtener una Gu\u00eda de Informaci\u00f3n para el Votante y Boleta de Muestra [ya no est\u00e1 disponible]\u00a0as\u00ed como una Boleta\u00a0[ya no est\u00e1 disponible]\u00a0para estas elecciones.\u00a0Para obtener la informaci\u00f3n completa, visite el sitio web para\u00a0<a href=\"https:\/\/www.sos.ca.gov\/elections\/voter-registration\/military-overseas-voters\" target=\"_blank\" rel=\"noopener\">Votantes Militares y en el Extranjero<\/a> de la Secretar\u00eda de Estado.<\/p>\n<\/div>\n\n  <\/section>\n\n\t\n\n  <section data-isd-block-id=\"rov-content-blockblock_55eeb6d106567e733ddb1b448f699a98\"\n\t\t\t\t\t\t\t\t\t\t \t\t\t\t\t\t\t\t\t\t\t class=\"card-style main-content-wrapper rov-card-style mb-4\">\n\n\t<h2 class=\"block-subtitle blue\">Estad\u00edsticas de Devoluci\u00f3n de Boletas por Correo<\/h2>\n\n\t<div class=\"ctnr-block-content\"><p>El Informe de Estad\u00edsticas de Devoluci\u00f3n de Boletas por Correo muestra el n\u00famero de boletas por correo que se han emitido y devuelto en las elecciones, as\u00ed como las estad\u00edsticas hist\u00f3ricas de las elecciones anteriores. Los datos presentados en este informe se actualizan diariamente y\u00a0pueden fluctuar\u00a0a medida que se reciben m\u00e1s solicitudes de boletas por correo\u00a0y\u00a0se procesan las boletas de voto por correo marcadas.<\/p>\n<ul>\n<li>Consulte el\u00a0<a href=\"https:\/\/www.sbcounty.gov\/uploads\/ROV\/Elections\/2017\/0307\/Report_MailBallotReturnStats.pdf?_=1641224950470\" target=\"_blank\" rel=\"noopener\">Informe de Estad\u00edsticas de Devoluci\u00f3n de Boletas por Correo<\/a>\u00a0[pdf]\u00a0de estas\u00a0elecciones.<\/li>\n<\/ul>\n<\/div>\n\n  <\/section>\n\n\t\n\n  <section data-isd-block-id=\"rov-content-blockblock_e187745fbecd498fb56873eefe91e4a1\"\n\t\t\t\t\t\t\t\t\t\t \t\t\t\t\t\t\t\t\t\t\t class=\"card-style main-content-wrapper rov-card-style mb-4\">\n\n\t<h2 class=\"block-subtitle blue\">Resultados de las Elecciones<\/h2>\n\n\t<div class=\"ctnr-block-content\"><ul>\n<li><a href=\"https:\/\/www.sbcounty.gov\/uploads\/ROV\/Elections\/2017\/0307\/ResultsPage\/Report_ElectionResultsSummary.pdf?_=1490133668310\" target=\"_blank\" rel=\"noopener\">Resultados de las Elecciones<\/a>\u00a0[pdf]<\/li>\n<li><a href=\"https:\/\/www.sbcounty.gov\/uploads\/ROV\/Elections\/2017\/0307\/SOV_WithVoterPrivacy.pdf?_=1490134792139\" target=\"_blank\" rel=\"noopener\">Declaraci\u00f3n de Votos Emitidos<\/a>\u00a0[pdf]<\/li>\n<li>Consulta de Boletas Provisionales [ya no est\u00e1 disponible]<\/li>\n<\/ul>\n<\/div>\n\n  <\/section>\n\n\t","protected":false},"excerpt":{"rendered":"<p>Publicaciones Electorales Gu\u00eda de Informaci\u00f3n para el Votante del Condado de San Bernardino La\u00a0Gu\u00eda de Informaci\u00f3n para el Votante\u00a0[pdf]\u00a0es un folleto publicado por la Oficina de Elecciones del Condado de San Bernardino que incluye informaci\u00f3n sobre las elecciones, los candidatos y las medidas, una boleta de muestra e informaci\u00f3n de<span class=\"ellipsis\">&#8230;<\/span><\/p>\n","protected":false},"author":19,"featured_media":37382,"parent":41940,"menu_order":0,"comment_status":"closed","ping_status":"closed","template":"templates\/rov-left-sidebar-template.php","meta":{"_acf_changed":false,"footnotes":""},"class_list":["post-41955","page","type-page","status-publish","has-post-thumbnail","hentry"],"acf":[],"_links":{"self":[{"href":"https:\/\/elections.sbcounty.gov\/es\/wp-json\/wp\/v2\/pages\/41955","targetHints":{"allow":["GET"]}}],"collection":[{"href":"https:\/\/elections.sbcounty.gov\/es\/wp-json\/wp\/v2\/pages"}],"about":[{"href":"https:\/\/elections.sbcounty.gov\/es\/wp-json\/wp\/v2\/types\/page"}],"author":[{"embeddable":true,"href":"https:\/\/elections.sbcounty.gov\/es\/wp-json\/wp\/v2\/users\/19"}],"replies":[{"embeddable":true,"href":"https:\/\/elections.sbcounty.gov\/es\/wp-json\/wp\/v2\/comments?post=41955"}],"version-history":[{"count":9,"href":"https:\/\/elections.sbcounty.gov\/es\/wp-json\/wp\/v2\/pages\/41955\/revisions"}],"predecessor-version":[{"id":84016,"href":"https:\/\/elections.sbcounty.gov\/es\/wp-json\/wp\/v2\/pages\/41955\/revisions\/84016"}],"up":[{"embeddable":true,"href":"https:\/\/elections.sbcounty.gov\/es\/wp-json\/wp\/v2\/pages\/41940"}],"wp:featuredmedia":[{"embeddable":true,"href":"https:\/\/elections.sbcounty.gov\/es\/wp-json\/wp\/v2\/media\/37382"}],"wp:attachment":[{"href":"https:\/\/elections.sbcounty.gov\/es\/wp-json\/wp\/v2\/media?parent=41955"}],"curies":[{"name":"wp","href":"https:\/\/api.w.org\/{rel}","templated":true}]}}