{"id":408,"date":"2019-04-01T22:44:15","date_gmt":"2019-04-01T22:44:15","guid":{"rendered":"https:\/\/www.elections.sbcounty.gov\/?page_id=408"},"modified":"2026-03-05T15:04:18","modified_gmt":"2026-03-05T23:04:18","slug":"where","status":"publish","type":"page","link":"https:\/\/elections.sbcounty.gov\/es\/voterregistration\/where\/","title":{"rendered":"D\u00f3nde Registrarse"},"content":{"rendered":"  <section data-isd-block-id=\"rov-content-blockblock_2a06ef54ea63924e68448cdc1876290e\"\n\t\t\t\t\t\t\t\t\t\t \t\t\t\t\t\t\t\t\t\t\t class=\"card-style main-content-wrapper rov-card-style mb-4\">\n\n\t<h2 class=\"block-subtitle blue\">D\u00f3nde Registrarse<\/h2>\n\n\t<div class=\"ctnr-block-content\"><ul>\n<li><a href=\"https:\/\/registertovote.ca.gov\/es-mx\" target=\"_blank\" rel=\"noopener\">Reg\u00edstrese para votar usando una Solicitud de Registro de Votantes en l\u00ednea<\/a> [enlace externo]<\/li>\n<li>Consulte un mapa de las agencias gubernamentales que distribuyen Solicitudes de Registro de Votantes impresas a sus clientes. [pr\u00f3ximamente disponible]<\/li>\n<li><a href=\"https:\/\/elections.sbcounty.gov\/es\/Contact-Us\/\">Consulte el mapa del Registro de Votantes<\/a> ubicado en 777 East Rialto Avenue en San\u00a0Bernardino.\u00a0En este lugar puede registrarse para votar en persona, o llamar al (909)\u00a0387\u20118300 o al (800) 881-VOTE para que le env\u00eden por correo una Solicitud de Registro de Votantes impresa.<\/li>\n<\/ul>\n<\/div>\n\n  <\/section>\n\n\t\n\n  <section data-isd-block-id=\"rov-content-blockblock_14add704968d4a658844fa35a42d8358\"\n\t\t\t\t\t\t\t\t\t\t \t\t\t\t\t\t\t\t\t\t\t class=\"card-style main-content-wrapper rov-card-style mb-4\">\n\n\t<h2 class=\"block-subtitle blue\">Campa\u00f1as de Registro de Votantes<\/h2>\n\n\t<div class=\"ctnr-block-content\"><p>Las Campa\u00f1as de Registro de Votantes son iniciativas para aumentar el n\u00famero de votantes registrados.\u00a0Cualquiera que distribuya tarjetas de registraci\u00f3n de votantes en California debe estar familiarizado con <a href=\"https:\/\/www.sos.ca.gov\/elections\/publications-and-resources\/guide-vr-drives\" target=\"_blank\" rel=\"noopener\">las reglas y las regulaciones para realizar campa\u00f1as de registro de votantes<\/a>\u00a0[enlace externo].<\/p>\n<p>Si presenta una Solicitud de Registro de Votante durante una campa\u00f1a de registro de votantes, puede verificar que su registro haya sido recibido llamando al (909) 387-8300.<\/p>\n<p><strong>Clase de Capacitaci\u00f3n en L\u00ednea Disponible para el Registro de Votantes<\/strong><\/p>\n<p>El Registro de Votantes del Condado de San Bernardino ofrece una <a href=\"https:\/\/uploads.rov.sbcounty.gov\/ROV\/VoterRegistration\/Training\/Story.html\">Clase de Capacitaci\u00f3n en l\u00ednea para el Registro de Votantes<\/a> para personas y grupos que realizan Campa\u00f1as de Registro de Votantes.<\/p>\n<p>Si desea recoger 50 o m\u00e1s tarjetas de registraci\u00f3n de votantes en la oficina del Registro de Votantes del Condado de San Bernardino, necesitar\u00e1 presentar un certificado de finalizaci\u00f3n de esta <a href=\"https:\/\/uploads.rov.sbcounty.gov\/ROV\/VoterRegistration\/Training\/Story.html\">Clase de Capacitaci\u00f3n para el Registro de Votantes<\/a>. La clase debe tomarse una sola vez.<\/p>\n<\/div>\n\n  <\/section>\n\n\t","protected":false},"excerpt":{"rendered":"<p>D\u00f3nde Registrarse Reg\u00edstrese para votar usando una Solicitud de Registro de Votantes en l\u00ednea [enlace externo] Consulte un mapa de las agencias gubernamentales que distribuyen Solicitudes de Registro de Votantes impresas a sus clientes. [pr\u00f3ximamente disponible] Consulte el mapa del Registro de Votantes ubicado en 777 East Rialto Avenue en<span class=\"ellipsis\">&#8230;<\/span><\/p>\n","protected":false},"author":19,"featured_media":37382,"parent":105,"menu_order":0,"comment_status":"closed","ping_status":"closed","template":"templates\/rov-left-sidebar-no-title-template.php","meta":{"_acf_changed":false,"footnotes":""},"class_list":["post-408","page","type-page","status-publish","has-post-thumbnail","hentry"],"acf":[],"_links":{"self":[{"href":"https:\/\/elections.sbcounty.gov\/es\/wp-json\/wp\/v2\/pages\/408","targetHints":{"allow":["GET"]}}],"collection":[{"href":"https:\/\/elections.sbcounty.gov\/es\/wp-json\/wp\/v2\/pages"}],"about":[{"href":"https:\/\/elections.sbcounty.gov\/es\/wp-json\/wp\/v2\/types\/page"}],"author":[{"embeddable":true,"href":"https:\/\/elections.sbcounty.gov\/es\/wp-json\/wp\/v2\/users\/19"}],"replies":[{"embeddable":true,"href":"https:\/\/elections.sbcounty.gov\/es\/wp-json\/wp\/v2\/comments?post=408"}],"version-history":[{"count":8,"href":"https:\/\/elections.sbcounty.gov\/es\/wp-json\/wp\/v2\/pages\/408\/revisions"}],"predecessor-version":[{"id":93375,"href":"https:\/\/elections.sbcounty.gov\/es\/wp-json\/wp\/v2\/pages\/408\/revisions\/93375"}],"up":[{"embeddable":true,"href":"https:\/\/elections.sbcounty.gov\/es\/wp-json\/wp\/v2\/pages\/105"}],"wp:featuredmedia":[{"embeddable":true,"href":"https:\/\/elections.sbcounty.gov\/es\/wp-json\/wp\/v2\/media\/37382"}],"wp:attachment":[{"href":"https:\/\/elections.sbcounty.gov\/es\/wp-json\/wp\/v2\/media?parent=408"}],"curies":[{"name":"wp","href":"https:\/\/api.w.org\/{rel}","templated":true}]}}