{"id":40194,"date":"2021-12-22T21:30:44","date_gmt":"2021-12-22T21:30:44","guid":{"rendered":"https:\/\/www.elections.sbcounty.gov\/?page_id=40194"},"modified":"2024-06-05T16:11:05","modified_gmt":"2024-06-05T23:11:05","slug":"0914","status":"publish","type":"page","link":"https:\/\/elections.sbcounty.gov\/es\/elections\/2021\/0914\/","title":{"rendered":"Archivo de Elecciones de Remoci\u00f3n del Gobernador de California, 14\u00a0de septiembre de 2021"},"content":{"rendered":"  <section data-isd-block-id=\"rov-content-blockblock_e9576d4c7e99b8031f21bbb7ea72d8bd\"\n\t\t\t\t\t\t\t\t\t\t \t\t\t\t\t\t\t\t\t\t\t class=\"card-style main-content-wrapper rov-card-style mb-4\">\n\n\t<h2 class=\"block-subtitle blue\">Fechas Clave y Fechas L\u00edmite<\/h2>\n\n\t<div class=\"ctnr-block-content\"><table class=\"table table-striped\" style=\"width: 99%\">\n<colgroup>\n<col \/>\n<col \/><\/colgroup>\n<thead>\n<tr style=\"text-align: left\">\n<th><strong>Fecha<\/strong><\/th>\n<th><strong>Acci\u00f3n<\/strong><\/th>\n<\/tr>\n<\/thead>\n<tbody>\n<tr style=\"text-align: left\">\n<td><span style=\"color: #555555\">1\u00ba de julio de 2021<\/span><\/td>\n<td>Comienza el periodo\u00a0de sustituci\u00f3n de peticiones<\/td>\n<\/tr>\n<tr>\n<td>6 de julio de 2021<\/td>\n<td>Fecha l\u00edmite del periodo de sustituci\u00f3n de peticiones<\/td>\n<\/tr>\n<tr>\n<td>9 de julio de 2021<\/td>\n<td>Comienza la presentaci\u00f3n de candidatos<\/td>\n<\/tr>\n<tr>\n<td>16 de julio de 2021<\/td>\n<td>Fecha l\u00edmite de presentaci\u00f3n de candidatos<\/td>\n<\/tr>\n<tr>\n<td>10 de agosto de 2021<\/td>\n<td>Las Gu\u00edas de Informaci\u00f3n para el Votante se env\u00edan al Servicio Postal de EE. UU.<\/td>\n<\/tr>\n<tr>\n<td>16 de agosto de 2021<\/td>\n<td>Comienza el voto anticipado<\/td>\n<\/tr>\n<tr>\n<td>16 de agosto de 2021<\/td>\n<td>Se entregan las boletas por Correo al Servicio Postal de EE. UU.<\/td>\n<\/tr>\n<tr>\n<td>30 de agosto de 2021<\/td>\n<td>Fecha l\u00edmite para el registro de votantes<\/td>\n<\/tr>\n<tr>\n<td>7 de septiembre de 2021<\/td>\n<td>Fecha l\u00edmite para solicitar una boleta por correo de reemplazo<\/td>\n<\/tr>\n<tr>\n<td><strong>14 de septiembre de 2021<\/strong><\/td>\n<td><strong>D\u00eda de las Elecciones \u2013 Elecciones de Remoci\u00f3n del Gobernador de California, 14 de septiembre de 2021<\/strong><\/td>\n<\/tr>\n<tr>\n<td>15 de septiembre de 2021<\/td>\n<td>Comienza el escrutinio de las Elecciones<\/td>\n<\/tr>\n<tr>\n<td>14 de octubre de 2021<\/td>\n<td>Fecha l\u00edmite para completar el escrutinio oficial y certificar los resultados<\/td>\n<\/tr>\n<\/tbody>\n<\/table>\n<\/div>\n\n  <\/section>\n\n\t\n\n  <section data-isd-block-id=\"rov-content-blockblock_f335de91d91bbfc56155c677d688357a\"\n\t\t\t\t\t\t\t\t\t\t \t\t\t\t\t\t\t\t\t\t\t class=\"card-style main-content-wrapper rov-card-style mb-4\">\n\n\t<h2 class=\"block-subtitle blue\">Publicaciones Electorales<\/h2>\n\n\t<div class=\"ctnr-block-content\"><p><strong>Gu\u00eda de Informaci\u00f3n para el Votante del Condado de San Bernardino<\/strong><\/p>\n<ul>\n<li>La\u00a0<a href=\"https:\/\/www.sbcounty.gov\/uploads\/ROV\/Elections\/2021\/0914\/VIG-CMBSP.pdf?ver=2021-07-29-125227-323\" target=\"_blank\" rel=\"noopener\">Gu\u00eda de Informaci\u00f3n para el Votante<\/a>\u00a0[pdf]\u00a0es un folleto publicado por el Registro de Votantes del Condado de San Bernardino que incluye informaci\u00f3n sobre la votaci\u00f3n, una boleta de muestra, e informaci\u00f3n de las casillas electorales.<\/li>\n<li>La\u00a0<strong>Gu\u00eda de Informaci\u00f3n para el Votante espec\u00edfica de cada distrito electoral<\/strong>\u00a0contiene informaci\u00f3n de los cargos incluidos en las elecciones de cada distrito electoral. Puede consultar las Gu\u00edas de Informaci\u00f3n para el Votante espec\u00edficas de cada distrito electoral con la herramienta de\u00a0B\u00fasqueda de Casillas Electorales y de Gu\u00edas de Informaci\u00f3n para el Votante [ya no est\u00e1 disponible].<\/li>\n<li>La\u00a0Gu\u00eda de Informaci\u00f3n para el Votante en formato accesible [ya no est\u00e1 disponible]\u00a0proporciona informaci\u00f3n electoral personalizada para los votantes que utilizan programas de lectura de pantalla.<\/li>\n<\/ul>\n<p><strong>Gu\u00eda de Informaci\u00f3n para el Votante del Estado de California<\/strong><\/p>\n<ul>\n<li>La Secretaria de Estado de California tambi\u00e9n public\u00f3 una\u00a0<a href=\"https:\/\/vig.cdn.sos.ca.gov\/2021\/es\/pdf\/complete-vig.pdf?_=1631586793573\" target=\"_blank\" rel=\"noopener\">Gu\u00eda de Informaci\u00f3n para el Votante<\/a>\u00a0[enlace externo] que incluye informaci\u00f3n sobre los candidatos para cargos estatales.<\/li>\n<\/ul>\n<p><a href=\"https:\/\/elections.sbcounty.gov\/es\/News\/\"><strong>Comunicados de Prensa y Avisos P\u00fablicos<\/strong><\/a><\/p>\n<\/div>\n\n  <\/section>\n\n\t\n\n  <section data-isd-block-id=\"rov-content-blockblock_a3170ac37d865179dce8086eb4a71e74\"\n\t\t\t\t\t\t\t\t\t\t \t\t\t\t\t\t\t\t\t\t\t class=\"card-style main-content-wrapper rov-card-style mb-4\">\n\n\t<h2 class=\"block-subtitle blue\">Opciones de Voto<\/h2>\n\n\t<div class=\"ctnr-block-content\"><p><strong>Opciones de voto:<\/strong><\/p>\n<ul>\n<li>Vote antes en el Registro de Votantes a partir del 16 de agosto de 2021.<\/li>\n<li>Vote antes en una Casilla para <a href=\"https:\/\/elections.sbcounty.gov\/Voting\/Early\/\">Voto Anticipado<\/a>.\n<ul>\n<li>Consulte las\u00a0casillas para Voto Anticipado y los horarios de operaci\u00f3n. [ya no est\u00e1 disponible]<\/li>\n<\/ul>\n<\/li>\n<li>Vote en una Boleta de Voto por Correo.\n<ul>\n<li>No es necesario solicitar la boleta por correo. Las boletas por correo se enviar\u00e1n a todos los votantes elegibles.<\/li>\n<li>Solicite una\u00a0boleta de reemplazo llamando al Registro de Votantes al (909) 387-8300.<\/li>\n<\/ul>\n<\/li>\n<li>Los votantes pueden devolver su boleta de voto por correo:\n<ul>\n<li>En un\u00a0Lugar para Depositar las Boletas por Correo\n<ul>\n<li>Consulte la lista de los\u00a0<a href=\"https:\/\/www.sbcounty.gov\/uploads\/ROV\/News\/2021\/0914\/PublicNotice_MailBallotDropOffLocations.pdf?ver=2021-08-10-220030-350\" target=\"_blank\" rel=\"noopener\">Lugares para Depositar las Boletas por Correo<\/a>\u00a0[pdf]<\/li>\n<li>Consulte un mapa de\u00a0los Lugares para Depositar las Boletas por Correo [ya no est\u00e1 disponible]<\/li>\n<li>Las boletas deben entregarse antes de las 8 p.m. del martes, 14 de septiembre de 2021<\/li>\n<\/ul>\n<\/li>\n<li>Por correo a trav\u00e9s del Servicio Postal de los EE. UU.\n<ul>\n<li>No se requiere franqueo postal<\/li>\n<li>Las boletas deben tener un matasellos del martes 14 de septiembre o de una fecha anterior, y el Registro de Votantes debe recibirlas en un plazo de siete d\u00edas despu\u00e9s de las elecciones.<\/li>\n<\/ul>\n<\/li>\n<\/ul>\n<\/li>\n<\/ul>\n<p><strong>Votantes con discapacidad:<\/strong><\/p>\n<p>Vote en una\u00a0Boleta de Voto por Correo de Accesibilidad Remota\u00a0[ya no est\u00e1 disponible] con su computadora e impresora para:<\/p>\n<ul>\n<li>Marcar su\u00a0boleta<\/li>\n<li>Imprimir la boleta con su voto<\/li>\n<li>Colocar la boleta con su voto en su Sobre de Devoluci\u00f3n de la Boleta por Correo o en\u00a0su propio\u00a0sobre con las etiquetas de correo pegadas<\/li>\n<li>Firmar y poner la fecha en su sobre<\/li>\n<li>Devolver su boleta\u00a0por correo o en una\u00a0Casilla Electoral,\u00a0una casilla para\u00a0Voto Anticipado o un Lugar para Depositar Boletas por Correo [ya\u00a0no est\u00e1 disponible]<\/li>\n<\/ul>\n<p><strong>Votantes Militares y en el Extranjero:<\/strong><\/p>\n<p>Los ciudadanos Uniformados y en el Extranjero pueden obtener una\u00a0Gu\u00eda de Informaci\u00f3n para el Votante\u00a0as\u00ed como una\u00a0Boleta\u00a0para estas elecciones [ya no est\u00e1 disponible]. Para obtener la informaci\u00f3n completa, visite el sitio web para los\u00a0<a href=\"https:\/\/www.sos.ca.gov\/elections\/voter-registration\/military-overseas-voters\" target=\"_blank\" rel=\"noopener\">Votantes Militares y en el Extranjero<\/a> de la Secretaria de Estado.<\/p>\n<p><strong>Ciudadanos elegibles que no\u00a0se han registrado:<\/strong><\/p>\n<p>Una nueva ley de California permite a los ciudadanos registrarse y votar despu\u00e9s de la fecha l\u00edmite de registro.\u00a0 Para calificar, el votante debe presentar una solicitud de inscripci\u00f3n condicional de votantes\u00a0personalmente en el Registro de Votantes, en una casilla para Voto Anticipado o en una casilla electoral.\u00a0\u00a0Despu\u00e9s de realizar la solicitud, al votante se le proporcionar\u00e1 una boleta provisional.<\/p>\n<\/div>\n\n  <\/section>\n\n\t\n\n  <section data-isd-block-id=\"rov-content-blockblock_f55e0f1a2b7349a5c1cac3a6dc2a86ec\"\n\t\t\t\t\t\t\t\t\t\t \t\t\t\t\t\t\t\t\t\t\t class=\"card-style main-content-wrapper rov-card-style mb-4\">\n\n\t<h2 class=\"block-subtitle blue\">Boletas de Muestra Traducidas<\/h2>\n\n\t<div class=\"ctnr-block-content\"><p>Solicite una boleta de muestra traducida espec\u00edfica para las Elecciones de Remoci\u00f3n del Gobernador de California del 14 de septiembre de 2021 [ya no est\u00e1 disponible]:<\/p>\n<ul>\n<li>\u8981\u6c42\u4e2d\u6587\u9078\u7968\u7ffb\u8b6f\u6a23\u672c<\/li>\n<li>Permohonan Untuk Surat Suara Sampel Yang Diterjemahkan Dalam Bahasa Indonesia<\/li>\n<li>\ud55c\uad6d\uc5b4\ub85c \ubc88\uc5ed\ub41c \uacac\ubcf8 \ud22c\ud45c\uc9c0 \uc2e0\uccad\uc11c<\/li>\n<li>Kahilingan para sa Sampol na Balota na Nasalin sa Tagalog<\/li>\n<li>\u0e04\u0e33\u0e02\u0e2d\u0e23\u0e31\u0e1a\u0e1a\u0e31\u0e15\u0e23\u0e25\u0e07\u0e04\u0e30\u0e41\u0e19\u0e19\u0e15\u0e31\u0e27\u0e2d\u0e22\u0e48\u0e33\u0e07\u0e20\u0e33\u0e29\u0e33\u0e41\u0e1b\u0e25\u0e40\u0e1b\u0e47\u0e19\u0e20\u0e33\u0e29\u0e33\u0e44\u0e17\u0e22<\/li>\n<li>Y\u00eau c\u1ea7u G\u1eedi M\u1eabu phi\u1ebfu B\u1ea7u c\u1eed \u0110\u00e3 \u0111\u01b0\u1ee3c d\u1ecbch sang Ti\u1ebfng Vi\u1ec7t<\/li>\n<\/ul>\n<\/div>\n\n  <\/section>\n\n\t\n\n  <section data-isd-block-id=\"rov-content-blockblock_06017370be3f211e9751ec1eb26f973b\"\n\t\t\t\t\t\t\t\t\t\t \t\t\t\t\t\t\t\t\t\t\t class=\"card-style main-content-wrapper rov-card-style mb-4\">\n\n\t<h2 class=\"block-subtitle blue\">C\u00f3mo Se Resuelven las Boletas por Correo y Boletas Provisionales sin Firmar<\/h2>\n\n\t<div class=\"ctnr-block-content\"><p>Cuando el Registro de Votantes recibe una boleta de voto por correo o una boleta provisional sin la firma del votante en el sobre de devoluci\u00f3n, el Registro de Votantes no puede contar esa boleta.\u00a0\u00a0Sin embargo, la ley de California permite a los votantes otra oportunidad para corregir su boleta por correo o boleta provisional\u00a0hasta dos d\u00edas antes de que se certifiquen los resultados de las elecciones.\u00a0A estos votantes se les notifica por correo que pueden:<\/p>\n<ul>\n<li>Ir al Registro de Votantes para firmar personalmente el sobre de devoluci\u00f3n de la boleta por correo o la boleta provisional, o<\/li>\n<li>Completar y devolver una Declaraci\u00f3n de Boleta sin Firmar.<\/li>\n<\/ul>\n<p>Si recibe una carta del Registro de Votantes\u00a0que indica que su sobre de devoluci\u00f3n de la boleta por correo o boleta provisional no estaba firmado, vaya al Registro de Votantes\u00a0para firmar su sobre, o complete y devuelva una Declaraci\u00f3n de Boleta sin Firmar.<\/p>\n<p><strong><em>Para las boletas por correo:<\/em><\/strong><\/p>\n<ul>\n<li>Declaraci\u00f3n de Boleta sin Firmar \u2013 Elecciones de Remoci\u00f3n del Gobernador de California de 2021\u00a0[ya no est\u00e1 disponible]<\/li>\n<\/ul>\n<p><strong><em>Para las boletas provisionales:<\/em><\/strong><\/p>\n<ul>\n<li>Declaraci\u00f3n de Boleta sin Firmar \u2013 Elecciones de Remoci\u00f3n del Gobernador de California de 2021\u00a0[ya no est\u00e1 disponible]<\/li>\n<\/ul>\n<\/div>\n\n  <\/section>\n\n\t\n\n  <section data-isd-block-id=\"rov-content-blockblock_1303e8b79c67622223aa753523ba5221\"\n\t\t\t\t\t\t\t\t\t\t \t\t\t\t\t\t\t\t\t\t\t class=\"card-style main-content-wrapper rov-card-style mb-4\">\n\n\t<h2 class=\"block-subtitle blue\">C\u00f3mo Se Resuelven las Firmas que No Coinciden en las Boletas por Correo y las Boletas Provisionales<\/h2>\n\n\t<div class=\"ctnr-block-content\"><p>Cuando el Registro de Votantes recibe una boleta de voto por correo o una boleta provisional pero no puede cotejar la firma del votante en el sobre de devoluci\u00f3n con la firma que aparece en su registro de votante, el Registro de Votantes no puede contar esa boleta.\u00a0Sin embargo, la ley de California permite a los votantes otra oportunidad para corregir su boleta por correo o boleta provisional hasta\u00a0dos d\u00edas antes de que se certifiquen los resultados de las elecciones.\u00a0A estos votantes se les notifica por correo que pueden:<\/p>\n<ul>\n<li>Ir al Registro de Votantes para firmar personalmente la Declaraci\u00f3n de Verificaci\u00f3n de Firma.<\/li>\n<li>Llenar y devolver una Declaraci\u00f3n de Verificaci\u00f3n de Firma.<\/li>\n<\/ul>\n<p>Si recibe una carta del Registro de Votantes\u00a0que indica que su firma en su sobre de devoluci\u00f3n de la boleta por correo o boleta provisional no coincide con su firma registrada, complete y devuelva inmediatamente una\u00a0Declaraci\u00f3n de Verificaci\u00f3n de Firma.<\/p>\n<p><strong><em>Para las boletas por correo:<\/em><\/strong><\/p>\n<ul>\n<li>Declaraciones de Verificaci\u00f3n de Firma \u2013 Elecciones de Remoci\u00f3n del Gobernador de California de 2021\u00a0[ya no est\u00e1 disponible]<\/li>\n<\/ul>\n<p><strong><em>Para las boletas provisionales:<\/em><\/strong><\/p>\n<ul>\n<li>Declaraciones de Verificaci\u00f3n de Firma \u2013 Elecciones de Remoci\u00f3n del Gobernador de California de 2021\u00a0[ya no est\u00e1 disponible]<\/li>\n<\/ul>\n<\/div>\n\n  <\/section>\n\n\t\n\n  <section data-isd-block-id=\"rov-content-blockblock_1efd85a9564b485078a84085915d8078\"\n\t\t\t\t\t\t\t\t\t\t \t\t\t\t\t\t\t\t\t\t\t class=\"card-style main-content-wrapper rov-card-style mb-4\">\n\n\t<h2 class=\"block-subtitle blue\">Estad\u00edsticas de Devoluci\u00f3n de Boletas por Correo<\/h2>\n\n\t<div class=\"ctnr-block-content\"><p>El Informe de Estad\u00edsticas de Devoluci\u00f3n de Boletas por Correo muestra el n\u00famero de boletas por correo que se han emitido y devuelto en las elecciones, as\u00ed como las estad\u00edsticas hist\u00f3ricas de las elecciones anteriores. Los datos presentados en este informe se actualizan diariamente y pueden fluctuar a medida que se reciben m\u00e1s solicitudes de boletas por correo y se procesan las boletas por correo marcadas.<\/p>\n<ul>\n<li>Consulte el\u00a0<a href=\"https:\/\/www.sbcounty.gov\/uploads\/ROV\/Elections\/2021\/0914\/MailBallotStats.pdf?ver=2021-08-16-200300-853\" target=\"_blank\" rel=\"noopener\">Informe de Estad\u00edsticas de Devoluci\u00f3n de Boletas por Correo<\/a>\u00a0[pdf]\u00a0de estas elecciones.<\/li>\n<\/ul>\n<\/div>\n\n  <\/section>\n\n\t\n\n  <section data-isd-block-id=\"rov-content-blockblock_d2bfaf88f1f26b2c1873f92c1e380533\"\n\t\t\t\t\t\t\t\t\t\t \t\t\t\t\t\t\t\t\t\t\t class=\"card-style main-content-wrapper rov-card-style mb-4\">\n\n\t<h2 class=\"block-subtitle blue\">Registro de Votantes<\/h2>\n\n\t<div class=\"ctnr-block-content\"><p>Si los votantes necesitan registrarse o volver a registrarse, la solicitud de registro de votantes debe tener un matasellos o presentarse\u00a0<a href=\"https:\/\/registertovote.ca.gov\/es-mx\" target=\"_blank\" rel=\"noopener\"><strong>en l\u00ednea<\/strong><\/a>\u00a0a m\u00e1s tardar a las 11:59 p.m. el\u00a0<strong>30 de agosto de 2021,<\/strong>\u00a0para las Elecciones de Remoci\u00f3n del Gobernador de\u00a0California de 2021.<\/p>\n<p><strong>Si ya pas\u00f3 la fecha l\u00edmite de registro de votantes,\u00a0<\/strong>a\u00fan puede registrarse y votar personalmente en la\u00a0oficina del Registro de Votantes,\u00a0en una casilla para Voto Anticipado\u00a0o en una casilla electoral. Consulte la\u00a0p\u00e1gina de Voto Anticipado [no ya esta disponible] para conocer las ubicaciones, fechas y horarios de las casillas para Voto Anticipado de estas elecciones.<\/p>\n<ul>\n<li>Visite nuestra\u00a0<a href=\"https:\/\/elections.sbcounty.gov\/es\/VoterRegistration\/\">p\u00e1gina del Registro de Votantes<\/a>\u00a0para obtener la informaci\u00f3n completa y las instrucciones sobre el registro para votar.<\/li>\n<li>Consulte el\u00a0<a href=\"https:\/\/www.sbcounty.gov\/uploads\/ROV\/Elections\/2021\/0914\/Report_15DayCloseOfRegistrationSummary.pdf?ver=2021-09-03-124005-857\" target=\"_blank\" rel=\"noopener\">Resumen del Registro de Votantes Calificados<\/a>\u00a0[pdf] para estas elecciones.<\/li>\n<\/ul>\n<p><strong>A partir del 31 de agosto de 2021, hasta el cierre de las casillas a las\u00a08\u00a0p.m. el D\u00eda de las Elecciones, todos los votantes a\u00fan pueden actualizar su domicilio residencial o partido pol\u00edtico de preferencia.<\/strong><\/p>\n<p>Para obtener m\u00e1s informaci\u00f3n, consulte las instrucciones y el Formulario de Cambio de Domicilio o Partido Pol\u00edtico [ya no est\u00e1 disponible].<\/p>\n<\/div>\n\n  <\/section>\n\n\t\n\n  <section data-isd-block-id=\"rov-content-blockblock_280523cc381e76c2dee89b3ff3134f03\"\n\t\t\t\t\t\t\t\t\t\t \t\t\t\t\t\t\t\t\t\t\t class=\"card-style main-content-wrapper rov-card-style mb-4\">\n\n\t<h2 class=\"block-subtitle blue\">Informaci\u00f3n de los Cargos y Candidatos<\/h2>\n\n\t<div class=\"ctnr-block-content\"><p><strong>Cargos a Elegir:<\/strong><\/p>\n<ul>\n<li>Consulte la\u00a0<a href=\"https:\/\/elections.cdn.sos.ca.gov\/statewide-elections\/2021-recall\/proclamation.pdf?_=1625196152544\" target=\"_blank\" rel=\"noopener\">Proclamaci\u00f3n del Vicegobernador para Convocar a las Elecciones de Remoci\u00f3n del Gobernador<\/a><\/li>\n<\/ul>\n<p><strong>Presentaci\u00f3n de Candidatos:<\/strong><\/p>\n<ul>\n<li>Consulte el\u00a0<a href=\"https:\/\/elections.cdn.sos.ca.gov\/statewide-elections\/2021-recall\/recall-calendar.pdf?_=1625196152544\" target=\"_blank\" rel=\"noopener\">Calendario de las Elecciones de Remoci\u00f3n del Gobernador de California de la Secretaria de Estado<\/a>\u00a0[pdf]<\/li>\n<li>Consulte las\u00a0<a href=\"https:\/\/elections.cdn.sos.ca.gov\/statewide-elections\/2021-recall\/qualifications-requirements.pdf?_=1625196152544\" target=\"_blank\" rel=\"noopener\">Calificaciones y Requisitos de la Secretaria de Estado para el Cargo de Gobernador<\/a>\u00a0[pdf]<\/li>\n<li>Programe una cita para la presentaci\u00f3n de candidatos<\/li>\n<\/ul>\n<p><strong>Declaraciones de los Candidatos:<\/strong><\/p>\n<ul>\n<li>Los candidatos para Gobernador pueden comprar espacio para\u00a0una declaraci\u00f3n de candidato en la Gu\u00eda de Informaci\u00f3n para el Votante del\u00a0Estado.\n<ul>\n<li>Los candidatos presentan las declaraciones del candidato y pagan\u00a0las tarifas directamente a la Secretaria de Estado\u00a0a m\u00e1s tardar a las 5 p.m. del\u00a016 de julio de 2021.<\/li>\n<li>Consulte los\u00a0<a href=\"https:\/\/elections.cdn.sos.ca.gov\/statewide-elections\/2021-recall\/candidate-statement-guidelines.pdf?_=1625620143485\" target=\"_blank\" rel=\"noopener\">Lineamientos para las Declaraciones de los Candidatos para Candidatos de Reemplazo del Gobernador<\/a>\u00a0[pdf] de la Secretaria de\u00a0Estado<\/li>\n<\/ul>\n<\/li>\n<\/ul>\n<p><strong>Lista de Candidatos:<\/strong><\/p>\n<ul>\n<li>Consulte la\u00a0<a href=\"https:\/\/www.sbcounty.gov\/uploads\/ROV\/Elections\/2021\/0914\/SOSCandidateList.pdf?ver=2021-07-22-114505-817\" target=\"_blank\" rel=\"noopener\">Lista Certificada de Candidatos de la Secretaria de Estado<\/a>\u00a0[pdf]<\/li>\n<li>Consulte la\u00a0<a href=\"https:\/\/www.sbcounty.gov\/uploads\/ROV\/Elections\/2021\/0914\/SOSWriteInCandidateList.pdf?ver=2021-09-06-090244-760\" target=\"_blank\" rel=\"noopener\">Lista Certificada de Candidatos por Escrito de la Secretaria de Estado<\/a>\u00a0[pdf]<\/li>\n<\/ul>\n<\/div>\n\n  <\/section>\n\n\t\n\n  <section data-isd-block-id=\"rov-content-blockblock_9ead54bdaf451120785f530be938f2dc\"\n\t\t\t\t\t\t\t\t\t\t \t\t\t\t\t\t\t\t\t\t\t class=\"card-style main-content-wrapper rov-card-style mb-4\">\n\n\t<h2 class=\"block-subtitle blue\">Resultados de las Elecciones<\/h2>\n\n\t<div class=\"ctnr-block-content\"><ul>\n<li><a href=\"https:\/\/results.rov.sbcounty.gov\/results\/20210914\/\" target=\"_blank\" rel=\"noopener\">Resultados Finales Certificados de las Elecciones<\/a><\/li>\n<li><a href=\"https:\/\/elections.sbcounty.gov\/es\/Elections\/2021\/0914\/ResultSchedule\/\">Calendario de Publicaci\u00f3n de los Resultados de las Elecciones<\/a><\/li>\n<li><a href=\"https:\/\/elections.sbcounty.gov\/es\/Elections\/2021\/0914\/ResultExplanation\/\">Explicaci\u00f3n de los Resultados de las Elecciones<\/a><\/li>\n<li><a href=\"https:\/\/www.sbcounty.gov\/uploads\/rov\/Elections\/2021\/0914\/SOV_Reports\/SOVbyPrecinct-with%20privacy.pdf?_=1640208205855\" target=\"_blank\" rel=\"noopener\">Declaraci\u00f3n de Votos Emitidos por los Distritos Electorales<\/a>\u00a0[pdf]<\/li>\n<li><a href=\"https:\/\/www.sbcounty.gov\/uploads\/ROV\/Elections\/2021\/0914\/SOV_Reports\/StatementOfVotesCastRPT-for%20website%20posting-with%20privacy.xlsx?ver=2021-10-14-190830-380\" target=\"_blank\" rel=\"noopener\">Declaraci\u00f3n de Votos Emitidos por los Distritos Electorales<\/a>\u00a0[xlsx]<\/li>\n<li><a href=\"https:\/\/www.sbcounty.gov\/uploads\/ROV\/Elections\/2021\/0914\/SOV_Reports\/SOVbyReportingDistrict.pdf?ver=2021-10-14-192301-360\" target=\"_blank\" rel=\"noopener\">Declaraci\u00f3n de Votos Emitidos por los Distritos que Reportan<\/a>\u00a0[pdf]<\/li>\n<li><a href=\"https:\/\/www.sbcounty.gov\/uploads\/ROV\/Elections\/2021\/0914\/SOV_Reports\/SOVbyReportingDistrict.xlsx?ver=2021-10-14-192511-513\" target=\"_blank\" rel=\"noopener\">Declaraci\u00f3n de Votos Emitidos por los Distritos que Reportan<\/a>\u00a0[xlsx]<\/li>\n<li>Consulta de las Boletas Provisionales [no ya esta disponible]<\/li>\n<\/ul>\n<\/div>\n\n  <\/section>\n\n\t","protected":false},"excerpt":{"rendered":"<p>Fechas Clave y Fechas L\u00edmite Fecha Acci\u00f3n 1\u00ba de julio de 2021 Comienza el periodo\u00a0de sustituci\u00f3n de peticiones 6 de julio de 2021 Fecha l\u00edmite del periodo de sustituci\u00f3n de peticiones 9 de julio de 2021 Comienza la presentaci\u00f3n de candidatos 16 de julio de 2021 Fecha l\u00edmite de presentaci\u00f3n<span class=\"ellipsis\">&#8230;<\/span><\/p>\n","protected":false},"author":19,"featured_media":37382,"parent":34742,"menu_order":0,"comment_status":"closed","ping_status":"closed","template":"templates\/rov-left-sidebar-template.php","meta":{"_acf_changed":false,"footnotes":""},"class_list":["post-40194","page","type-page","status-publish","has-post-thumbnail","hentry"],"acf":[],"_links":{"self":[{"href":"https:\/\/elections.sbcounty.gov\/es\/wp-json\/wp\/v2\/pages\/40194","targetHints":{"allow":["GET"]}}],"collection":[{"href":"https:\/\/elections.sbcounty.gov\/es\/wp-json\/wp\/v2\/pages"}],"about":[{"href":"https:\/\/elections.sbcounty.gov\/es\/wp-json\/wp\/v2\/types\/page"}],"author":[{"embeddable":true,"href":"https:\/\/elections.sbcounty.gov\/es\/wp-json\/wp\/v2\/users\/19"}],"replies":[{"embeddable":true,"href":"https:\/\/elections.sbcounty.gov\/es\/wp-json\/wp\/v2\/comments?post=40194"}],"version-history":[{"count":4,"href":"https:\/\/elections.sbcounty.gov\/es\/wp-json\/wp\/v2\/pages\/40194\/revisions"}],"predecessor-version":[{"id":83959,"href":"https:\/\/elections.sbcounty.gov\/es\/wp-json\/wp\/v2\/pages\/40194\/revisions\/83959"}],"up":[{"embeddable":true,"href":"https:\/\/elections.sbcounty.gov\/es\/wp-json\/wp\/v2\/pages\/34742"}],"wp:featuredmedia":[{"embeddable":true,"href":"https:\/\/elections.sbcounty.gov\/es\/wp-json\/wp\/v2\/media\/37382"}],"wp:attachment":[{"href":"https:\/\/elections.sbcounty.gov\/es\/wp-json\/wp\/v2\/media?parent=40194"}],"curies":[{"name":"wp","href":"https:\/\/api.w.org\/{rel}","templated":true}]}}