{"id":39912,"date":"2021-12-22T18:36:03","date_gmt":"2021-12-22T18:36:03","guid":{"rendered":"https:\/\/www.elections.sbcounty.gov\/?page_id=39912"},"modified":"2021-12-22T18:36:03","modified_gmt":"2021-12-22T18:36:03","slug":"measures","status":"publish","type":"page","link":"https:\/\/elections.sbcounty.gov\/es\/elections\/measures\/","title":{"rendered":"Informaci\u00f3n General sobre las Medidas"},"content":{"rendered":"  <section data-isd-block-id=\"rov-content-blockblock_44611adcf7b673b270ad1d5444f5778e\"\n\t\t\t\t\t\t\t\t\t\t \t\t\t\t\t\t\t\t\t\t\t class=\"card-style main-content-wrapper rov-card-style mb-4\">\n\n\t<h2 class=\"block-subtitle blue\">Informaci\u00f3n General sobre las Medidas<\/h2>\n\n\t<div class=\"ctnr-block-content\"><p>Esta p\u00e1gina de Informaci\u00f3n General sobre las Medidas contiene \u00fanicamente informaci\u00f3n general, no tiene la fuerza ni el efecto de la ley, y no est\u00e1 destinada a ser usada como un sustituto de asesor\u00eda legal. Los empleados del Registro de Votantes del Condado de San Bernardino no pueden responder preguntas de naturaleza legal.<\/p>\n<ul>\n<li>Presentaci\u00f3n de medidas locales a votaci\u00f3n:\n<ul>\n<li>Las medidas pueden ser incluidas en la boleta por las siguientes:\n<ul>\n<li style=\"list-style-type: none\">\n<ul>\n<li>La Junta de Supervisores o el \u00f3rgano legislativo de una jurisdicci\u00f3n que tenga autoridad para incluir medidas ante los votantes en la boleta, o<\/li>\n<li>Una petici\u00f3n de iniciativa<\/li>\n<li>Un votante registrado puede presentar una petici\u00f3n de iniciativa al funcionario electoral de la junta gobernante de su Condado, Ciudad, Distrito Escolar o Distrito Especial.<\/li>\n<li>La petici\u00f3n debe estar firmada por el n\u00famero requerido de votantes registrados elegibles.<\/li>\n<\/ul>\n<\/li>\n<\/ul>\n<\/li>\n<\/ul>\n<\/li>\n<li>An\u00e1lisis imparcial:\n<ul>\n<li>Si una medida cumple los requisitos para aparecer en la boleta, el funcionario electoral del Condado, la Ciudad, el Distrito Escolar o el Distrito Especial proporciona una copia de la medida al asesor jur\u00eddico correspondiente. El asesor jur\u00eddico elaborar\u00e1 un an\u00e1lisis imparcial de la medida que muestre el efecto de esta sobre la ley actual y la operaci\u00f3n de la medida.<\/li>\n<li>El an\u00e1lisis imparcial est\u00e1 impreso en la Gu\u00eda de Informaci\u00f3n para el Votante.<\/li>\n<\/ul>\n<\/li>\n<li>Argumentos a Favor o en Contra de las Medidas:\n<ul>\n<li>Presentaci\u00f3n de Argumentos:\n<ul>\n<li>La junta gobernante de una jurisdicci\u00f3n, un votante registrado elegible para votar sobre la medida y asociaciones de ciudadanos de buena fe pueden presentar argumentos por escrito a favor o en contra de las medidas.<\/li>\n<li>El texto de los Argumentos no debe superar las 300 palabras.<\/li>\n<li>Los Argumentos deben presentarse junto con una <a href=\"https:\/\/uploads.rov.sbcounty.gov\/ROV\/Elections\/2022\/1108\/Measures\/Form_9600StatementByProponents.pdf\" target=\"_blank\" rel=\"noopener\">Declaraci\u00f3n de los Proponentes \/ Autores de los Argumentos<\/a> firmada. (C\u00f3digo Electoral de California secci\u00f3n 9600)<\/li>\n<li>Las fechas l\u00edmite previstas para la presentaci\u00f3n de argumentos se encuentran en el cuadro siguiente. Las fechas l\u00edmite reales se proporcionan en las p\u00e1ginas de las medidas locales.<\/li>\n<\/ul>\n<\/li>\n<li>Selecci\u00f3n de Argumentos:\n<ul>\n<li>Si se presenta m\u00e1s de un argumento a favor o en contra de la medida propuesta, el funcionario electoral selecciona uno de los argumentos a favor y uno de los argumentos en contra de la medida para su publicaci\u00f3n en la Gu\u00eda de Informaci\u00f3n para el Votante, de conformidad con el C\u00f3digo Electoral.<\/li>\n<\/ul>\n<\/li>\n<\/ul>\n<\/li>\n<li>Refutaciones a los Argumentos a Favor o en Contra de las Medidas:\n<ul>\n<li>Presentaci\u00f3n de Refutaciones:\n<ul>\n<li>Los autores de los argumentos podr\u00e1n presentar argumentos de refutaci\u00f3n.<\/li>\n<li>El texto de las Refutaciones no debe superar las 250 palabras.<\/li>\n<li>Las Refutaciones tienen que presentarse junto con una <a href=\"https:\/\/uploads.rov.sbcounty.gov\/ROV\/Elections\/2022\/1108\/Measures\/Form_9600StatementByProponents.pdf\" target=\"_blank\" rel=\"noopener\">Declaraci\u00f3n de los Proponentes \/ Autores de los Argumentos<\/a> firmada. (C\u00f3digo Electoral de California secci\u00f3n 9600)<\/li>\n<li>Las fechas l\u00edmite previstas para la presentaci\u00f3n de refutaciones de las medidas se encuentran en el cuadro siguiente. Las fechas l\u00edmite reales se proporcionan en las p\u00e1ginas de las medidas locales.<\/li>\n<\/ul>\n<\/li>\n<\/ul>\n<\/li>\n<li>Periodo de examen p\u00fablico:\n<ul>\n<li>Inmediatamente despu\u00e9s de la fecha l\u00edmite de presentaci\u00f3n del an\u00e1lisis imparcial, de los argumentos a favor y en contra de las medidas, y de los argumentos de refutaci\u00f3n, se abre un periodo de examen p\u00fablico de diez d\u00edas.<\/li>\n<li>El Registro de Votantes proporcionar\u00e1 a cualquier persona que lo solicite copias de estos documentos.<\/li>\n<\/ul>\n<\/li>\n<li>Asignaci\u00f3n de las letras de las medidas:\n<ul>\n<li>El funcionario electoral asignar\u00e1 una letra a cada medida que califique de acuerdo con la pol\u00edtica del Condado. Consulte la <a href=\"https:\/\/www.sbcounty.gov\/uploads\/ROV\/Elections\/Measures\/Policy_LocalBallotMeasureIdentification.pdf\" target=\"_blank\" rel=\"noopener\">Pol\u00edtica de Identificaci\u00f3n de las Medidas a Votaci\u00f3n Locales<\/a>.<\/li>\n<\/ul>\n<\/li>\n<li>D\u00eda de las Elecciones:\n<ul>\n<li>Las medidas que califican aparecen en la boleta para ser consideradas por los votantes registrados.<\/li>\n<li>Si el n\u00famero requerido de votantes de una medida propuesta vota a su favor, la medida se aprueba.<\/li>\n<\/ul>\n<\/li>\n<\/ul>\n<table>\n<tbody>\n<tr>\n<th style=\"padding: 5px;border: 2px solid #595959;text-align: center;color: #0c0c0c;vertical-align: middle;background-color: #bfbfbf\" colspan=\"3\"><span style=\"color: #333333\"><strong>Fechas L\u00edmite Previstas de las Medidas<\/strong><\/span><\/th>\n<\/tr>\n<tr>\n<td style=\"padding: 5px;border: 2px solid #595959;text-align: left;color: #0c0c0c;vertical-align: middle;background-color: #bfbfbf\"><span style=\"color: #ffffff\"><strong><span style=\"color: #3f3f3f;background-color: #bfbfbf\">Event<\/span><\/strong><\/span><\/td>\n<td style=\"padding: 5px;border: 2px solid #595959;text-align: left;color: #0c0c0c;vertical-align: middle;background-color: #bfbfbf\"><span style=\"color: #333333\"><strong>Resoluci\u00f3n recibida 116 d\u00edas o m\u00e1s antes de la fecha de las elecciones<\/strong><\/span><\/td>\n<td style=\"padding: 5px;border: 2px solid #595959;text-align: left;color: #0c0c0c;vertical-align: middle;background-color: #bfbfbf\"><span style=\"color: #333333\"><strong>Resoluci\u00f3n recibida entre 115 y 88 d\u00edas antes de la fecha de las elecciones<\/strong><\/span><\/td>\n<\/tr>\n<tr>\n<td style=\"padding: 5px;border: 2px solid #595959;text-align: left;vertical-align: middle;background-color: #ffffff\">Fecha l\u00edmite de presentaci\u00f3n del An\u00e1lisis Imparcial<\/td>\n<td style=\"padding: 5px;border: 2px solid #595959;text-align: left;vertical-align: middle;background-color: #ffffff\">Antes de las 5 p.m., 106 d\u00edas antes de las elecciones<\/td>\n<td style=\"padding: 5px;border: 2px solid #595959;text-align: left;vertical-align: middle;background-color: #ffffff\">Antes de las 5 p.m., 78 d\u00edas antes de las elecciones<\/td>\n<\/tr>\n<tr>\n<td style=\"padding: 5px;border: 2px solid #595959;text-align: left;vertical-align: middle;background-color: #fdeada\">Fecha l\u00edmite de presentaci\u00f3n de argumentos<\/td>\n<td style=\"padding: 5px;border: 2px solid #595959;text-align: left;vertical-align: middle;background-color: #fdeada\">Antes del mediod\u00eda, 106 d\u00edas antes de las elecciones<\/td>\n<td style=\"padding: 5px;border: 2px solid #595959;text-align: left;vertical-align: middle;background-color: #fdeada\">Antes del mediod\u00eda, 78 d\u00edas antes de las elecciones<\/td>\n<\/tr>\n<tr>\n<td style=\"padding: 5px;border: 2px solid #595959;text-align: left;vertical-align: middle;background-color: #fdeada\">Fecha l\u00edmite para la presentaci\u00f3n de refutaciones<\/td>\n<td style=\"padding: 5px;border: 2px solid #595959;text-align: left;vertical-align: middle;background-color: #fdeada\">Antes de las 5 p.m., 102 d\u00edas antes de las elecciones<\/td>\n<td style=\"padding: 5px;border: 2px solid #595959;text-align: left;vertical-align: middle;background-color: #fdeada\">Antes de las 5 p.m., 74 d\u00edas antes de las elecciones<\/td>\n<\/tr>\n<tr>\n<td style=\"padding: 5px;border: 2px solid #595959;text-align: left;vertical-align: middle;background-color: #ffffff\">Fin del periodo de 10 d\u00edas de\u00a0examen p\u00fablico de los Argumentos<\/td>\n<td style=\"padding: 5px;border: 2px solid #595959;text-align: left;vertical-align: middle;background-color: #ffffff\">Mediod\u00eda, 96 d\u00edas antes de las elecciones<\/td>\n<td style=\"padding: 5px;border: 2px solid #595959;text-align: left;vertical-align: middle;background-color: #ffffff\">Mediod\u00eda, 68 d\u00edas antes de las elecciones<\/td>\n<\/tr>\n<tr>\n<td style=\"padding: 5px;border: 2px solid #595959;text-align: left;vertical-align: middle;background-color: #ffffff\">Fin del periodo de 10 d\u00edas de\u00a0examen p\u00fablico de las Refutaciones<\/td>\n<td style=\"padding: 5px;border: 2px solid #595959;text-align: left;vertical-align: middle;background-color: #ffffff\">5 p.m., 92 d\u00edas antes de las elecciones<\/td>\n<td style=\"padding: 5px;border: 2px solid #595959;text-align: left;vertical-align: middle;background-color: #ffffff\">5 p.m., 64 d\u00edas antes de las elecciones<\/td>\n<\/tr>\n<tr>\n<td style=\"padding: 5px;border: 2px solid #595959;text-align: left;vertical-align: middle;background-color: #f2dcdb\">Asignaci\u00f3n de las letras de las medidas<\/td>\n<td style=\"padding: 5px;border: 2px solid #595959;text-align: left;vertical-align: middle;background-color: #f2dcdb\" colspan=\"2\">11 a.m., 85 d\u00edas antes de las elecciones<\/td>\n<\/tr>\n<tr>\n<td style=\"padding: 5px;border: 2px solid #595959;text-align: left;vertical-align: middle;background-color: #f2dcdb\">Fecha l\u00edmite para retirar una medida<\/td>\n<td style=\"padding: 5px;border: 2px solid #595959;text-align: left;vertical-align: middle;background-color: #f2dcdb\" colspan=\"2\">5 p.m., 83 d\u00edas antes de las elecciones<\/td>\n<\/tr>\n<\/tbody>\n<\/table>\n<\/div>\n\n  <\/section>\n\n\t","protected":false},"excerpt":{"rendered":"<p>Informaci\u00f3n General sobre las Medidas Esta p\u00e1gina de Informaci\u00f3n General sobre las Medidas contiene \u00fanicamente informaci\u00f3n general, no tiene la fuerza ni el efecto de la ley, y no est\u00e1 destinada a ser usada como un sustituto de asesor\u00eda legal. Los empleados del Registro de Votantes del Condado de San<span class=\"ellipsis\">&#8230;<\/span><\/p>\n","protected":false},"author":19,"featured_media":37382,"parent":120,"menu_order":0,"comment_status":"closed","ping_status":"closed","template":"templates\/rov-left-sidebar-no-title-template.php","meta":{"_acf_changed":false,"footnotes":""},"class_list":["post-39912","page","type-page","status-publish","has-post-thumbnail","hentry"],"acf":[],"_links":{"self":[{"href":"https:\/\/elections.sbcounty.gov\/es\/wp-json\/wp\/v2\/pages\/39912","targetHints":{"allow":["GET"]}}],"collection":[{"href":"https:\/\/elections.sbcounty.gov\/es\/wp-json\/wp\/v2\/pages"}],"about":[{"href":"https:\/\/elections.sbcounty.gov\/es\/wp-json\/wp\/v2\/types\/page"}],"author":[{"embeddable":true,"href":"https:\/\/elections.sbcounty.gov\/es\/wp-json\/wp\/v2\/users\/19"}],"replies":[{"embeddable":true,"href":"https:\/\/elections.sbcounty.gov\/es\/wp-json\/wp\/v2\/comments?post=39912"}],"version-history":[{"count":0,"href":"https:\/\/elections.sbcounty.gov\/es\/wp-json\/wp\/v2\/pages\/39912\/revisions"}],"up":[{"embeddable":true,"href":"https:\/\/elections.sbcounty.gov\/es\/wp-json\/wp\/v2\/pages\/120"}],"wp:featuredmedia":[{"embeddable":true,"href":"https:\/\/elections.sbcounty.gov\/es\/wp-json\/wp\/v2\/media\/37382"}],"wp:attachment":[{"href":"https:\/\/elections.sbcounty.gov\/es\/wp-json\/wp\/v2\/media?parent=39912"}],"curies":[{"name":"wp","href":"https:\/\/api.w.org\/{rel}","templated":true}]}}