{"id":39795,"date":"2021-12-22T18:09:47","date_gmt":"2021-12-22T18:09:47","guid":{"rendered":"https:\/\/www.elections.sbcounty.gov\/?page_id=39795"},"modified":"2024-06-06T08:42:52","modified_gmt":"2024-06-06T15:42:52","slug":"1108","status":"publish","type":"page","link":"https:\/\/elections.sbcounty.gov\/es\/elections\/2016\/1108\/","title":{"rendered":"Archivo de Elecciones Generales Presidenciales del 8 de noviembre de 2016"},"content":{"rendered":"  <section data-isd-block-id=\"rov-content-blockblock_52a0fcb430c05c79014c9e7e7720dbc0\"\n\t\t\t\t\t\t\t\t\t\t \t\t\t\t\t\t\t\t\t\t\t class=\"card-style main-content-wrapper rov-card-style mb-4\">\n\n\t<h2 class=\"block-subtitle blue\">Publicaciones Electorales<\/h2>\n\n\t<div class=\"ctnr-block-content\"><p><strong>Gu\u00eda de Informaci\u00f3n para el Votante del Condado de San Bernardino<\/strong><\/p>\n<ul>\n<li>La\u00a0<strong>Gu\u00eda de Informaci\u00f3n para el Votante<\/strong>\u00a0es un folleto publicado por la Oficina de Elecciones del Condado de San Bernardino que incluye informaci\u00f3n sobre la votaci\u00f3n, los candidatos y las medidas, una boleta de muestra e informaci\u00f3n de las casillas electorales.<\/li>\n<li>La\u00a0<a href=\"https:\/\/www.sbcounty.gov\/uploads\/ROV\/Elections\/2016\/1108\/SB-CMBSP.pdf\" target=\"_blank\" rel=\"noopener\">Gu\u00eda de Informaci\u00f3n para el Votante<\/a> [pdf] contiene informaci\u00f3n de todos los cargos incluidos en las elecciones de todo el Condado de San Bernardino.<\/li>\n<li>La\u00a0<strong>Gu\u00eda de Informaci\u00f3n para el Votante espec\u00edfica de cada distrito electoral<\/strong>\u00a0contiene informaci\u00f3n de los cargos incluidos en las elecciones de cada distrito electoral. \u00a0Puede consultar las Gu\u00edas de Informaci\u00f3n para el Votante espec\u00edficas de cada distrito electoral con la herramienta de\u00a0B\u00fasqueda de Casillas Electorales y de Gu\u00edas de Informaci\u00f3n para el Votante [ya no est\u00e1 disponible].<\/li>\n<li>La\u00a0<strong>Gu\u00eda de Informaci\u00f3n para el Votante en formato accesible\u00a0<\/strong>[ya no est\u00e1 disponible]\u00a0brinda informaci\u00f3n electoral personalizada para los votantes que usan programas de lectura de pantalla.<\/li>\n<\/ul>\n<p><strong>Gu\u00eda de Informaci\u00f3n para el Votante del Estado de California<\/strong><\/p>\n<ul>\n<li>El Secretario de Estado de California tambi\u00e9n public\u00f3 una\u00a0<a href=\"https:\/\/vig.cdn.sos.ca.gov\/2016\/general\/pdf\/es\/complete-vig.pdf\" target=\"_blank\" rel=\"noopener\">Gu\u00eda de Informaci\u00f3n para el Votante<\/a>\u00a0que incluye informaci\u00f3n sobre los candidatos a cargos estatales y las propuestas estatales.<\/li>\n<\/ul>\n<p><strong><a href=\"https:\/\/elections.sbcounty.gov\/es\/News\/2016\/\">Comunicados de Prensa y Avisos P\u00fablicos<\/a><\/strong><\/p>\n<\/div>\n\n  <\/section>\n\n\t\n\n  <section data-isd-block-id=\"rov-content-blockblock_bea3a56bfc9188c8e7253989da0cc6c7\"\n\t\t\t\t\t\t\t\t\t\t \t\t\t\t\t\t\t\t\t\t\t class=\"card-style main-content-wrapper rov-card-style mb-4\">\n\n\t<h2 class=\"block-subtitle blue\">Fechas Clave y Fechas L\u00edmite<\/h2>\n\n\t<div class=\"ctnr-block-content\"><table class=\"table table-striped\" style=\"width: 99%\">\n<thead>\n<tr style=\"text-align: left\">\n<th>Fecha<\/th>\n<th><strong>Acci\u00f3n<\/strong><\/th>\n<\/tr>\n<\/thead>\n<tbody>\n<tr>\n<td>18 de julio de 2016<\/td>\n<td>Comienza la presentaci\u00f3n de candidaturas<\/td>\n<\/tr>\n<tr>\n<td>12 de agosto de 2016<\/td>\n<td>Fecha l\u00edmite de presentaci\u00f3n de candidaturas<\/td>\n<\/tr>\n<tr>\n<td>7 de octubre de 2016<\/td>\n<td>Se entregan las Gu\u00edas de Informaci\u00f3n para el Votante a la Oficina Postal de EE. UU.<\/td>\n<\/tr>\n<tr>\n<td>10 de octubre de 2016<\/td>\n<td>Comienza el voto anticipado<\/td>\n<\/tr>\n<tr>\n<td>15 de octubre de 2016<\/td>\n<td>Se entregan las Boletas por Correo a la Oficina Postal de EE. UU.<\/td>\n<\/tr>\n<tr>\n<td>24 de octubre de 2016<\/td>\n<td>Fecha l\u00edmite para el registro de votantes<\/td>\n<\/tr>\n<tr>\n<td>1\u00ba de noviembre de 2016<\/td>\n<td>Fecha l\u00edmite para registrarse a la votaci\u00f3n por correo<\/td>\n<\/tr>\n<tr>\n<td><strong>8 de noviembre de 2016<\/strong><\/td>\n<td><strong>D\u00eda de las Elecciones: Elecciones Generales\u00a0Presidenciales de 2016<\/strong><\/td>\n<\/tr>\n<tr>\n<td>9 de noviembre de 2016<\/td>\n<td>Comienza el escrutinio de las Elecciones<\/td>\n<\/tr>\n<tr>\n<td>6 de diciembre de 2016<\/td>\n<td>Fecha l\u00edmite para completar el escrutinio oficial y certificar los resultados<\/td>\n<\/tr>\n<\/tbody>\n<\/table>\n<\/div>\n\n  <\/section>\n\n\t\n\n  <section data-isd-block-id=\"rov-content-blockblock_7910e29294f3b1bb83eed05356bf9fd9\"\n\t\t\t\t\t\t\t\t\t\t \t\t\t\t\t\t\t\t\t\t\t class=\"card-style main-content-wrapper rov-card-style mb-4\">\n\n\t<h2 class=\"block-subtitle blue\">Informaci\u00f3n de los Cargos y Candidatos<\/h2>\n\n\t<div class=\"ctnr-block-content\"><p>Cargos por Elegir:<\/p>\n<ul>\n<li>Consulte los\u00a0<a href=\"https:\/\/www.sbcounty.gov\/uploads\/ROV\/Elections\/2016\/1108\/Report_OfficesUpForElection.pdf\" target=\"_blank\" rel=\"noopener\">Cargos por Elegir<\/a>\u00a0[pdf] para las Elecciones Generales Presidenciales de 2016<\/li>\n<\/ul>\n<p>Presentaci\u00f3n de Candidaturas:<\/p>\n<ul>\n<li>Consulte la\u00a0<a href=\"https:\/\/www.sbcounty.gov\/uploads\/ROV\/Elections\/2016\/1108\/Guide_CandidateFiling.pdf\" target=\"_blank\" rel=\"noopener\">Gu\u00eda de Presentaci\u00f3n de Candidaturas<\/a>\u00a0[pdf].<\/li>\n<li>Consulte la\u00a0<a href=\"https:\/\/www.sos.ca.gov\/elections\/prior-elections\/statewide-election-results\/presidential-primary-election-june-7-2016\/2016-california-election-guide\" target=\"_blank\" rel=\"noopener\">Gu\u00eda Electoral de California de 2016<\/a> del Secretario de Estado.<\/li>\n<li>Consulte las listas de los\u00a0<a href=\"https:\/\/elections.cdn.sos.ca.gov\/statewide-elections\/2016-primary\/section-10-offices-subdivisions.pdf\" target=\"_blank\" rel=\"noopener\">Cargos y las Subdivisiones dentro de los Condados<\/a>\u00a0del Secretario de Estado [pdf].<\/li>\n<\/ul>\n<p><strong>Aviso Importante:<\/strong><\/p>\n<p>El periodo de presentaci\u00f3n de candidaturas termina a las\u00a0<strong>5\u00a0p.m.\u00a0el viernes 12 de agosto de 2016<\/strong>.\u00a0 Se espera que muchos candidatos presenten sus documentos de candidatura durante la \u00faltima semana del periodo de presentaci\u00f3n de candidaturas.\u00a0 Para reducir el tiempo de espera, la Oficina de Elecciones recomienda que los candidatos programen una cita para presentar sus documentos de candidatura llamando al (909) 387-8300.\u00a0 Si bien se recomienda programarlas, las citas no son un requisito.<\/p>\n<p><strong>Declaraciones de los Candidatos:<\/strong><\/p>\n<ul>\n<li>Consulte los\u00a0<a href=\"https:\/\/www.sbcounty.gov\/uploads\/ROV\/Elections\/2016\/1108\/PublicNotice_CandidateStatementEstimates.pdf\" target=\"_blank\" rel=\"noopener\">Costos Estimados de las Declaraciones de los Candidatos<\/a>\u00a0[pdf].\n<ul>\n<li>Los candidatos deben pagar los costos estimados de imprimir su declaraci\u00f3n de candidato en la Gu\u00eda de Informaci\u00f3n para el Votante en el momento de registrarse.<\/li>\n<\/ul>\n<\/li>\n<li>Para presentar una declaraci\u00f3n de candidato, complete el Formulario de Declaraci\u00f3n del Candidato [ya no est\u00e1 disponible].<\/li>\n<\/ul>\n<p><strong>Lista de Candidatos:<\/strong><\/p>\n<ul>\n<li>Consulte la\u00a0<a href=\"https:\/\/www.sbcounty.gov\/uploads\/ROV\/Elections\/2016\/1108\/Report_CandidateList.pdf\" target=\"_blank\" rel=\"noopener\">Lista de Candidatos<\/a>\u00a0[pdf].<\/li>\n<li>Consulte la\u00a0<a href=\"https:\/\/elections.cdn.sos.ca.gov\/statewide-elections\/2016-general\/november2016-certified-list-of-candidates.pdf\" target=\"_blank\" rel=\"noopener\">Lista Certificada de Candidatos del Secretario de Estado<\/a>\u00a0[pdf].<\/li>\n<li>Consulte la\u00a0<a href=\"https:\/\/www.sbcounty.gov\/uploads\/ROV\/Elections\/2016\/1108\/List_CertifiedPresidentialWriteInCandidates.pdf\" target=\"_blank\" rel=\"noopener\">Lista Certificada de Candidaturas Presidenciales por Escrito del Secretario de Estado<\/a>\u00a0[pdf].<\/li>\n<\/ul>\n<\/div>\n\n  <\/section>\n\n\t\n\n  <section data-isd-block-id=\"rov-content-blockblock_d7b5c81033c08e9ebbd7e1b851e7a54f\"\n\t\t\t\t\t\t\t\t\t\t \t\t\t\t\t\t\t\t\t\t\t class=\"card-style main-content-wrapper rov-card-style mb-4\">\n\n\t<h2 class=\"block-subtitle blue\">Medidas en la Boleta<\/h2>\n\n\t<div class=\"ctnr-block-content\"><ul>\n<li>Consulte las\u00a0<a href=\"https:\/\/elections.sbcounty.gov\/es\/Elections\/2016\/1108\/Measures\/\">Medidas Locales<\/a>\u00a0en la boleta para las Elecciones Generales Presidenciales de 2016.<\/li>\n<\/ul>\n<\/div>\n\n  <\/section>\n\n\t\n\n  <section data-isd-block-id=\"rov-content-blockblock_d26a760e0069c96b2f5a9614b5b1e65b\"\n\t\t\t\t\t\t\t\t\t\t \t\t\t\t\t\t\t\t\t\t\t class=\"card-style main-content-wrapper rov-card-style mb-4\">\n\n\t<h2 class=\"block-subtitle blue\">Registro de Votantes<\/h2>\n\n\t<div class=\"ctnr-block-content\"><p>Su solicitud de registro de votante debe tener el sello postal a m\u00e1s tardar del\u00a0<strong>24 de octubre de 2016<\/strong>\u00a0para que sea elegible para votar en las\u00a0Elecciones Generales Presidenciales de 2016. Visite nuestra\u00a0<a href=\"https:\/\/elections.sbcounty.gov\/es\/VoterRegistration\/\">p\u00e1gina del Registro de Votantes<\/a>\u00a0para obtener informaci\u00f3n e instrucciones.<\/p>\n<ul>\n<li>Consulte el\u00a0<a href=\"https:\/\/www.sbcounty.gov\/uploads\/ROV\/Elections\/2016\/1108\/Report_15DayCloseOfRegistrationSummary.pdf\" target=\"_blank\" rel=\"noopener\">Resumen del Registro de Votantes Calificados<\/a>\u00a0[pdf].<\/li>\n<\/ul>\n<\/div>\n\n  <\/section>\n\n\t\n\n  <section data-isd-block-id=\"rov-content-blockblock_83b38a991980416e6da9e7871095ad9f\"\n\t\t\t\t\t\t\t\t\t\t \t\t\t\t\t\t\t\t\t\t\t class=\"card-style main-content-wrapper rov-card-style mb-4\">\n\n\t<h2 class=\"block-subtitle blue\">Opciones de Voto<\/h2>\n\n\t<div class=\"ctnr-block-content\"><ul>\n<li>Vote de manera anticipada en la Oficina de Elecciones a partir del 10 de octubre de 2016.<\/li>\n<li>Vote en una Boleta por Correo. La Solicitud de Boleta por Correo vence el 1\u00ba de noviembre de 2016.\n<ul>\n<li>Llene una\u00a0Solicitud de Boleta por Correo en l\u00ednea<\/li>\n<li>Llene y devuelva una de las siguientes solicitudes:\n<ul>\n<li>Solicitud de Boleta por Correo [ya no est\u00e1 disponible].<\/li>\n<\/ul>\n<\/li>\n<li>Encuentre un Lugar para Depositar las Boletas por Correo [ya no est\u00e1 disponible].<\/li>\n<\/ul>\n<\/li>\n<\/ul>\n<ul>\n<li>Vote en las casillas el D\u00eda de las Elecciones, el 8 de noviembre de 2016, de 7\u00a0a.m. a 8\u00a0p.m.\n<ul>\n<li>Localice su Casilla Electoral asignada [ya no est\u00e1 disponible].<\/li>\n<\/ul>\n<\/li>\n<\/ul>\n<p>Visite nuestra\u00a0<a href=\"https:\/\/elections.sbcounty.gov\/es\/Voting\/\">p\u00e1gina de Opciones de Voto<\/a>\u00a0para obtener la informaci\u00f3n completa e instrucciones.<\/p>\n<p><strong>Votantes Militares y en el Extranjero:<\/strong><\/p>\n<p>Los ciudadanos Uniformados y en el Extranjero pueden obtener una Gu\u00eda de Informaci\u00f3n para el Votante y Boleta de Muestra [ya no est\u00e1n disponibles],\u00a0as\u00ed como una Boleta [ya no est\u00e1 disponible]\u00a0para estas elecciones. Para obtener la informaci\u00f3n completa, visite el sitio web para los\u00a0<a href=\"https:\/\/www.sos.ca.gov\/elections\/voter-registration\/military-overseas-voters\" target=\"_blank\" rel=\"noopener\">Votantes Militares y en el Extranjero<\/a> del Secretario de Estado.<\/p>\n<\/div>\n\n  <\/section>\n\n\t\n\n  <section data-isd-block-id=\"rov-content-blockblock_89228f59473028903ed0e5a0db4d5ec7\"\n\t\t\t\t\t\t\t\t\t\t \t\t\t\t\t\t\t\t\t\t\t class=\"card-style main-content-wrapper rov-card-style mb-4\">\n\n\t<h2 class=\"block-subtitle blue\">Estad\u00edsticas de Devoluci\u00f3n de Boletas por Correo<\/h2>\n\n\t<div class=\"ctnr-block-content\"><p>El Informe de Estad\u00edsticas de Devoluci\u00f3n de Boletas por Correo muestra el n\u00famero de boletas por correo que se han emitido y devuelto en las elecciones, as\u00ed como las estad\u00edsticas hist\u00f3ricas de las elecciones anteriores. Los datos presentados en este informe se actualizan diariamente y pueden fluctuar a medida que se reciban m\u00e1s solicitudes de boletas por correo y se procesen las boletas por correo marcadas.<\/p>\n<ul>\n<li>Consulte el\u00a0<a href=\"https:\/\/www.sbcounty.gov\/uploads\/ROV\/Elections\/2016\/1108\/Report_MailBallotReturnStats.pdf\" target=\"_blank\" rel=\"noopener\">Informe de Estad\u00edsticas de Devoluci\u00f3n de Boletas por Correo<\/a>\u00a0[pdf] de estas elecciones.<\/li>\n<\/ul>\n<\/div>\n\n  <\/section>\n\n\t\n\n  <section data-isd-block-id=\"rov-content-blockblock_80c41d971a48877eeb1c9fd660a639b3\"\n\t\t\t\t\t\t\t\t\t\t \t\t\t\t\t\t\t\t\t\t\t class=\"card-style main-content-wrapper rov-card-style mb-4\">\n\n\t<h2 class=\"block-subtitle blue\">Resultados de las Elecciones<\/h2>\n\n\t<div class=\"ctnr-block-content\"><ul>\n<li><a href=\"https:\/\/results.rov.sbcounty.gov\/results\/20161108\/default.html\" target=\"_blank\" rel=\"noopener\">Resultados de las Elecciones<\/a><\/li>\n<li><a href=\"https:\/\/www.sbcounty.gov\/uploads\/ROV\/Elections\/2016\/1108\/Report_SummaryOfFinalCertifiedElectionResults_MeasureH.pdf\" target=\"_blank\" rel=\"noopener\">Resultados de las Elecciones para el Distrito Escolar Alta Loma, Medida H<\/a><\/li>\n<li><a href=\"https:\/\/www.sbcounty.gov\/uploads\/ROV\/Elections\/2016\/1108\/PublicNotice_FinalCertifiedQualifiedWriteInResults.pdf\" target=\"_blank\" rel=\"noopener\">Resultados de los Candidatos por Escrito Calificados<\/a> [pdf]<\/li>\n<li><a href=\"https:\/\/elections.sbcounty.gov\/es\/Elections\/2016\/1108\/SOV\/\">Declaraci\u00f3n de Votos Emitidos<\/a><\/li>\n<li><a href=\"https:\/\/www.sbcounty.gov\/uploads\/ROV\/Elections\/2016\/1108\/ResultsPage\/Report_SOV_AltaLomaSDMeasureH.pdf\" target=\"_blank\" rel=\"noopener\">Declaraci\u00f3n de Votos Emitidos del Distrito Escolar Alta Loma, Medida H<\/a>\u00a0[pdf].<\/li>\n<li>Consulta de Boletas Provisionales [ya no est\u00e1 disponible].<\/li>\n<\/ul>\n<\/div>\n\n  <\/section>\n\n\t","protected":false},"excerpt":{"rendered":"<p>Publicaciones Electorales Gu\u00eda de Informaci\u00f3n para el Votante del Condado de San Bernardino La\u00a0Gu\u00eda de Informaci\u00f3n para el Votante\u00a0es un folleto publicado por la Oficina de Elecciones del Condado de San Bernardino que incluye informaci\u00f3n sobre la votaci\u00f3n, los candidatos y las medidas, una boleta de muestra e informaci\u00f3n de<span class=\"ellipsis\">&#8230;<\/span><\/p>\n","protected":false},"author":19,"featured_media":37382,"parent":33905,"menu_order":0,"comment_status":"closed","ping_status":"closed","template":"templates\/rov-left-sidebar-template.php","meta":{"_acf_changed":false,"footnotes":""},"class_list":["post-39795","page","type-page","status-publish","has-post-thumbnail","hentry"],"acf":[],"_links":{"self":[{"href":"https:\/\/elections.sbcounty.gov\/es\/wp-json\/wp\/v2\/pages\/39795","targetHints":{"allow":["GET"]}}],"collection":[{"href":"https:\/\/elections.sbcounty.gov\/es\/wp-json\/wp\/v2\/pages"}],"about":[{"href":"https:\/\/elections.sbcounty.gov\/es\/wp-json\/wp\/v2\/types\/page"}],"author":[{"embeddable":true,"href":"https:\/\/elections.sbcounty.gov\/es\/wp-json\/wp\/v2\/users\/19"}],"replies":[{"embeddable":true,"href":"https:\/\/elections.sbcounty.gov\/es\/wp-json\/wp\/v2\/comments?post=39795"}],"version-history":[{"count":5,"href":"https:\/\/elections.sbcounty.gov\/es\/wp-json\/wp\/v2\/pages\/39795\/revisions"}],"predecessor-version":[{"id":84022,"href":"https:\/\/elections.sbcounty.gov\/es\/wp-json\/wp\/v2\/pages\/39795\/revisions\/84022"}],"up":[{"embeddable":true,"href":"https:\/\/elections.sbcounty.gov\/es\/wp-json\/wp\/v2\/pages\/33905"}],"wp:featuredmedia":[{"embeddable":true,"href":"https:\/\/elections.sbcounty.gov\/es\/wp-json\/wp\/v2\/media\/37382"}],"wp:attachment":[{"href":"https:\/\/elections.sbcounty.gov\/es\/wp-json\/wp\/v2\/media?parent=39795"}],"curies":[{"name":"wp","href":"https:\/\/api.w.org\/{rel}","templated":true}]}}