{"id":39771,"date":"2021-12-22T18:03:59","date_gmt":"2021-12-22T18:03:59","guid":{"rendered":"https:\/\/www.elections.sbcounty.gov\/?page_id=39771"},"modified":"2024-06-26T15:54:47","modified_gmt":"2024-06-26T22:54:47","slug":"sov","status":"publish","type":"page","link":"https:\/\/elections.sbcounty.gov\/es\/elections\/2016\/0607\/sov\/","title":{"rendered":"Archivo de Declaraci\u00f3n de Votos Emitidos"},"content":{"rendered":"  <section data-isd-block-id=\"rov-content-blockblock_0c8d94be275dbc8abbc99db7bc55c980\"\n\t\t\t\t\t\t\t\t\t\t \t\t\t\t\t\t\t\t\t\t\t class=\"card-style main-content-wrapper rov-card-style mb-4\">\n\n\t<h2 class=\"block-subtitle blue\">Declaraci\u00f3n de los Votos Emitidos &#8211; Elecciones Primarias Presidenciales de 2016<\/h2>\n\n\t<div class=\"ctnr-block-content\"><table class=\"sovTable\">\n<thead>\n<tr class=\"sovHeader\">\n<th>Contienda<\/th>\n<th>N\u00famero de P\u00e1gina<\/th>\n<\/tr>\n<\/thead>\n<tbody>\n<tr class=\"sovRow\">\n<td><a href=\"https:\/\/www.sbcounty.gov\/uploads\/ROV\/Elections\/2016\/0607\/sov\/1DEMOCRATIC_PRESIDENTIAL_PREFERENCE.pdf\" target=\"_blank\" rel=\"noopener\">PREFERENCIA PRESIDENCIAL DEM\u00d3CRATICA<\/a> [pdf]<\/td>\n<td>1<\/td>\n<\/tr>\n<tr class=\"sovRow\">\n<td><a href=\"https:\/\/www.sbcounty.gov\/uploads\/ROV\/Elections\/2016\/0607\/sov\/61REPUBLICAN_PRESIDENTIAL_PREFERENCE.pdf\" target=\"_blank\" rel=\"noopener\">PREFERENCIA PRESIDENCIAL REPUBLICANA<\/a> [pdf]<\/td>\n<td>61<\/td>\n<\/tr>\n<tr class=\"sovRow\">\n<td><a href=\"https:\/\/www.sbcounty.gov\/uploads\/ROV\/Elections\/2016\/0607\/sov\/121AMERICAN_INDEPENDENT_PRESIDENTIAL_PREFERENCE.pdf\" target=\"_blank\" rel=\"noopener\">PREFERENCIA PRESIDENCIAL INDEPENDIENTE DE AMERICA<\/a> [pdf]<\/td>\n<td>121<\/td>\n<\/tr>\n<tr class=\"sovRow\">\n<td><a href=\"https:\/\/www.sbcounty.gov\/uploads\/ROV\/Elections\/2016\/0607\/sov\/181GREEN_PRESIDENTIAL_CANDIDATE_PREFERENCE.pdf\" target=\"_blank\" rel=\"noopener\">PREFERENCIA PRESIDENCIAL DEL PARTIDO VERDE<\/a> [pdf]<\/td>\n<td>181<\/td>\n<\/tr>\n<tr class=\"sovRow\">\n<td><a href=\"https:\/\/www.sbcounty.gov\/uploads\/ROV\/Elections\/2016\/0607\/sov\/241LIBERTARIAN_PRESIDENTIAL_PREFERENCE.pdf\" target=\"_blank\" rel=\"noopener\">PRESIDENTE DE LOS ESTADOS UNIDOS LIBERTARIO<\/a> [pdf]<\/td>\n<td>241<\/td>\n<\/tr>\n<tr class=\"sovRow\">\n<td><a href=\"https:\/\/www.sbcounty.gov\/uploads\/ROV\/Elections\/2016\/0607\/sov\/301PEACE_AND_FREEDOM_PRESIDENTIAL_PREFERENCE.pdf\" target=\"_blank\" rel=\"noopener\">PREFERENCIA PRESIDENCIAL DE PAZ Y LIBERTAD<\/a> [pdf]<\/td>\n<td>301<\/td>\n<\/tr>\n<tr class=\"sovRow\">\n<td><a href=\"https:\/\/www.sbcounty.gov\/uploads\/ROV\/Elections\/2016\/0607\/sov\/361DEMOCRATIC_COUNTY_CENTRAL_COMM._ASSEMBLY_DIST._33.pdf\" target=\"_blank\" rel=\"noopener\">COM. CENTRAL DEL CONDADO DEMOCR\u00c1TICO DIST. DE ASAMBLEA 33<\/a> [pdf]<\/td>\n<td>361<\/td>\n<\/tr>\n<tr class=\"sovRow\">\n<td><a href=\"https:\/\/www.sbcounty.gov\/uploads\/ROV\/Elections\/2016\/0607\/sov\/383DEMOCRATIC_COUNTY_CENTRAL_COMM._ASSEMBLY_DIST._40.pdf\" target=\"_blank\" rel=\"noopener\">COM. CENTRAL DEL CONDADO DEMOCR\u00c1TICO DIST. DE ASAMBLEA 40<\/a> [pdf]<\/td>\n<td>383<\/td>\n<\/tr>\n<tr class=\"sovRow\">\n<td><a href=\"https:\/\/www.sbcounty.gov\/uploads\/ROV\/Elections\/2016\/0607\/sov\/397DEMOCRATIC_COUNTY_CENTRAL_COMM._ASSEMBLY_DIST._47.pdf\" target=\"_blank\" rel=\"noopener\">COM. CENTRAL DEL CONDADO DEMOCR\u00c1TICO DIST. DE ASAMBLEA 47<\/a> [pdf]<\/td>\n<td>397<\/td>\n<\/tr>\n<tr class=\"sovRow\">\n<td><a href=\"https:\/\/www.sbcounty.gov\/uploads\/ROV\/Elections\/2016\/0607\/sov\/408DEMOCRATIC_COUNTY_CENTRAL_COMM._ASSEMBLY_DIST._52.pdf\" target=\"_blank\" rel=\"noopener\">COM. CENTRAL DEL CONDADO DEMOCR\u00c1TICO DIST. DE ASAMBLEA 52<\/a> [pdf]<\/td>\n<td>408<\/td>\n<\/tr>\n<tr class=\"sovRow\">\n<td><a href=\"https:\/\/www.sbcounty.gov\/uploads\/ROV\/Elections\/2016\/0607\/sov\/414REPUBLICAN_COUNTY_CENTRAL_COMM._SUPERVISOR_DIST._1.pdf\" target=\"_blank\" rel=\"noopener\">COM. CENTRAL DEL CONDADO REPUBLICANO SUPERVISOR DIST. 1<\/a> [pdf]<\/td>\n<td>414<\/td>\n<\/tr>\n<tr class=\"sovRow\">\n<td><a href=\"https:\/\/www.sbcounty.gov\/uploads\/ROV\/Elections\/2016\/0607\/sov\/427REPUBLICAN_COUNTY_CENTRAL_COMM._SUPERVISOR_DIST._3.pdf\" target=\"_blank\" rel=\"noopener\">COM. CENTRAL DEL CONDADO REPUBLICANO SUPERVISOR DIST. 3<\/a> [pdf]<\/td>\n<td>427<\/td>\n<\/tr>\n<tr class=\"sovRow\">\n<td><a href=\"https:\/\/www.sbcounty.gov\/uploads\/ROV\/Elections\/2016\/0607\/sov\/465REPUBLICAN_COUNTY_CENTRAL_COMM._SUPERVISOR_DIST._4.pdf\" target=\"_blank\" rel=\"noopener\">COM. CENTRAL DEL CONDADO REPUBLICANO SUPERVISOR DIST. 4<\/a> [pdf]<\/td>\n<td>465<\/td>\n<\/tr>\n<tr class=\"sovRow\">\n<td><a href=\"https:\/\/www.sbcounty.gov\/uploads\/ROV\/Elections\/2016\/0607\/sov\/479REPUBLICAN_COUNTY_CENTRAL_COMM._SUPERVISOR_DIST._5.pdf\" target=\"_blank\" rel=\"noopener\">COM. CENTRAL DEL CONDADO REPUBLICANO SUPERVISOR DIST. 5<\/a> [pdf]<\/td>\n<td>479<\/td>\n<\/tr>\n<tr class=\"sovRow\">\n<td><a href=\"https:\/\/www.sbcounty.gov\/uploads\/ROV\/Elections\/2016\/0607\/sov\/1U.S._SENATOR.pdf\" target=\"_blank\" rel=\"noopener\">SENADOR DE EE. UU<\/a> [pdf]<\/td>\n<td>1<\/td>\n<\/tr>\n<tr class=\"sovRow\">\n<td><a href=\"https:\/\/www.sbcounty.gov\/uploads\/ROV\/Elections\/2016\/0607\/sov\/181U.S._REPRESENTATIVE_DISTRICT_8.pdf\" target=\"_blank\" rel=\"noopener\">REPRESENTANTE DE EE. UU. DISTRITO 8<\/a> [pdf]<\/td>\n<td>181<\/td>\n<\/tr>\n<tr class=\"sovRow\">\n<td><a href=\"https:\/\/www.sbcounty.gov\/uploads\/ROV\/Elections\/2016\/0607\/sov\/213U.S._REPRESENTATIVE_DISTRICT_27.pdf\" target=\"_blank\" rel=\"noopener\">REPRESENTANTE DE EE. UU. DISTRITO 27<\/a> [pdf]<\/td>\n<td>213<\/td>\n<\/tr>\n<tr class=\"sovRow\">\n<td><a href=\"https:\/\/www.sbcounty.gov\/uploads\/ROV\/Elections\/2016\/0607\/sov\/214U.S._REPRESENTATIVE_DISTRICT_31.pdf\" target=\"_blank\" rel=\"noopener\">REPRESENTANTE DE EE. UU. DISTRITO 31<\/a> [pdf]<\/td>\n<td>214<\/td>\n<\/tr>\n<tr class=\"sovRow\">\n<td><a href=\"https:\/\/www.sbcounty.gov\/uploads\/ROV\/Elections\/2016\/0607\/sov\/232U.S._REPRESENTATIVE_DISTRICT_35.pdf\" target=\"_blank\" rel=\"noopener\">REPRESENTANTE DE EE. UU. DISTRITO 35<\/a> [pdf]<\/td>\n<td>232<\/td>\n<\/tr>\n<tr class=\"sovRow\">\n<td><a href=\"https:\/\/www.sbcounty.gov\/uploads\/ROV\/Elections\/2016\/0607\/sov\/241U.S._REPRESENTATIVE_DISTRICT_39.pdf\" target=\"_blank\" rel=\"noopener\">REPRESENTANTE DE EE. UU. DISTRITO 39<\/a> [pdf]<\/td>\n<td>241<\/td>\n<\/tr>\n<tr class=\"sovRow\">\n<td><a href=\"https:\/\/www.sbcounty.gov\/uploads\/ROV\/Elections\/2016\/0607\/sov\/243STATE_SENATOR_DISTRICT_21.pdf\" target=\"_blank\" rel=\"noopener\">SENADOR ESTATAL DISTRITO 21<\/a> [pdf]<\/td>\n<td>243<\/td>\n<\/tr>\n<tr class=\"sovRow\">\n<td><a href=\"https:\/\/www.sbcounty.gov\/uploads\/ROV\/Elections\/2016\/0607\/sov\/250STATE_SENATOR_DISTRICT_23.pdf\" target=\"_blank\" rel=\"noopener\">SENADOR ESTATAL DISTRITO 23<\/a> [pdf]<\/td>\n<td>250<\/td>\n<\/tr>\n<tr class=\"sovRow\">\n<td><a href=\"https:\/\/www.sbcounty.gov\/uploads\/ROV\/Elections\/2016\/0607\/sov\/276STATE_SENATOR_DISTRICT_25.pdf\" target=\"_blank\" rel=\"noopener\">SENADOR ESTATAL DISTRITO 25<\/a> [pdf]<\/td>\n<td>276<\/td>\n<\/tr>\n<tr class=\"sovRow\">\n<td><a href=\"https:\/\/www.sbcounty.gov\/uploads\/ROV\/Elections\/2016\/0607\/sov\/278STATE_SENATOR_DISTRICT_29.pdf\" target=\"_blank\" rel=\"noopener\">SENADOR ESTATAL DISTRITO 29<\/a> [pdf]<\/td>\n<td>278<\/td>\n<\/tr>\n<tr class=\"sovRow\">\n<td><a href=\"https:\/\/www.sbcounty.gov\/uploads\/ROV\/Elections\/2016\/0607\/sov\/280STATE_ASSEMBLY_DISTRICT_33.pdf\" target=\"_blank\" rel=\"noopener\">DISTRITO DE ASAMBLEA 33 DEL ESTADO<\/a> [pdf]<\/td>\n<td>280<\/td>\n<\/tr>\n<tr class=\"sovRow\">\n<td><a href=\"https:\/\/www.sbcounty.gov\/uploads\/ROV\/Elections\/2016\/0607\/sov\/302STATE_ASSEMBLY_DISTRICT_36.pdf\" target=\"_blank\" rel=\"noopener\">DISTRITO DE ASAMBLEA 36 DEL ESTADO<\/a> [pdf]<\/td>\n<td>302<\/td>\n<\/tr>\n<tr class=\"sovRow\">\n<td><a href=\"https:\/\/www.sbcounty.gov\/uploads\/ROV\/Elections\/2016\/0607\/sov\/303STATE_ASSEMBLY_DISTRICT_40.pdf\" target=\"_blank\" rel=\"noopener\">DISTRITO DE ASAMBLEA 40 DEL ESTADO<\/a> [pdf]<\/td>\n<td>303<\/td>\n<\/tr>\n<tr class=\"sovRow\">\n<td><a href=\"https:\/\/www.sbcounty.gov\/uploads\/ROV\/Elections\/2016\/0607\/sov\/317STATE_ASSEMBLY_DISTRICT_41.pdf\" target=\"_blank\" rel=\"noopener\">DISTRITO DE ASAMBLEA 41 DEL ESTADO<\/a> [pdf]<\/td>\n<td>317<\/td>\n<\/tr>\n<tr class=\"sovRow\">\n<td><a href=\"https:\/\/www.sbcounty.gov\/uploads\/ROV\/Elections\/2016\/0607\/sov\/320STATE_ASSEMBLY_DISTRICT_42.pdf\" target=\"_blank\" rel=\"noopener\">DISTRITO DE ASAMBLEA 42 DEL ESTADO<\/a> [pdf]<\/td>\n<td>320<\/td>\n<\/tr>\n<tr class=\"sovRow\">\n<td><a href=\"https:\/\/www.sbcounty.gov\/uploads\/ROV\/Elections\/2016\/0607\/sov\/326STATE_ASSEMBLY_DISTRICT_47.pdf\" target=\"_blank\" rel=\"noopener\">DISTRITO DE ASAMBLEA 47 DEL ESTADO<\/a> [pdf]<\/td>\n<td>326<\/td>\n<\/tr>\n<tr class=\"sovRow\">\n<td><a href=\"https:\/\/www.sbcounty.gov\/uploads\/ROV\/Elections\/2016\/0607\/sov\/337STATE_ASSEMBLY_DISTRICT_52.pdf\" target=\"_blank\" rel=\"noopener\">DISTRITO DE ASAMBLEA 52 DEL ESTADO<\/a> [pdf]<\/td>\n<td>337<\/td>\n<\/tr>\n<tr class=\"sovRow\">\n<td><a href=\"https:\/\/www.sbcounty.gov\/uploads\/ROV\/Elections\/2016\/0607\/sov\/343STATE_ASSEMBLY_DISTRICT_55.pdf\" target=\"_blank\" rel=\"noopener\">DISTRITO DE ASAMBLEA 55 DEL ESTADO<\/a> [pdf]<\/td>\n<td>343<\/td>\n<\/tr>\n<tr class=\"sovRow\">\n<td><a href=\"https:\/\/www.sbcounty.gov\/uploads\/ROV\/Elections\/2016\/0607\/sov\/345JUDGE_OF_THE_SUPERIOR_COURT,_OFFICE_24.pdf\" target=\"_blank\" rel=\"noopener\">JUEZ DE LA CORTE SUPERIOR, OFICINA 24<\/a> [pdf]<\/td>\n<td>345<\/td>\n<\/tr>\n<tr class=\"sovRow\">\n<td><a href=\"https:\/\/www.sbcounty.gov\/uploads\/ROV\/Elections\/2016\/0607\/sov\/405RIVERSIDE_COUNTY_BRD._OF_EDUCATION_AREA_5.pdf\" target=\"_blank\" rel=\"noopener\">CONDADO DE RIVERSIDE BRD. DEL \u00c1REA DE EDUCACI\u00d3N 5<\/a> [pdf]<\/td>\n<td>405<\/td>\n<\/tr>\n<tr class=\"sovRow\">\n<td><a href=\"https:\/\/www.sbcounty.gov\/uploads\/ROV\/Elections\/2016\/0607\/sov\/406BOARD_OF_SUPERVISORS_DISTRICT_1.pdf\" target=\"_blank\" rel=\"noopener\">JUNTA DE SUPERVISORES DISTRITO 1<\/a> [pdf]<\/td>\n<td>406<\/td>\n<\/tr>\n<tr class=\"sovRow\">\n<td><a href=\"https:\/\/www.sbcounty.gov\/uploads\/ROV\/Elections\/2016\/0607\/sov\/419BOARD_OF_SUPERVISORS_DISTRICT_3.pdf\" target=\"_blank\" rel=\"noopener\">JUNTA DE SUPERVISORES DISTRITO 3<\/a> [pdf]<\/td>\n<td>419<\/td>\n<\/tr>\n<tr class=\"sovRow\">\n<td><a href=\"https:\/\/www.sbcounty.gov\/uploads\/ROV\/Elections\/2016\/0607\/sov\/438BOARD_OF_SUPERVISORS_DISTRICT_5.pdf\" target=\"_blank\" rel=\"noopener\">JUNTA DE SUPERVISORES DISTRITO 5<\/a> [pdf]<\/td>\n<td>438<\/td>\n<\/tr>\n<tr class=\"sovRow\">\n<td><a href=\"https:\/\/www.sbcounty.gov\/uploads\/ROV\/Elections\/2016\/0607\/sov\/448NONPARTISAN_PROPOSITION_50.pdf\" target=\"_blank\" rel=\"noopener\">PROPUESTA 50 NO PARTIDISTA<\/a> [pdf]<\/td>\n<td>448<\/td>\n<\/tr>\n<tr class=\"sovRow\">\n<td><a href=\"https:\/\/www.sbcounty.gov\/uploads\/ROV\/Elections\/2016\/0607\/sov\/508NONPARTISAN_MEASURE_D_-_CITY_OF_COLTON.pdf\" target=\"_blank\" rel=\"noopener\">MEDIDA NO PARTIDISTA D &#8211; CIUDAD DE COLTON<\/a> [pdf]<\/td>\n<td>508<\/td>\n<\/tr>\n<tr class=\"sovRow\">\n<td><a href=\"https:\/\/www.sbcounty.gov\/uploads\/ROV\/Elections\/2016\/0607\/sov\/510NONPARTISAN_MEASURE_E_-_MORONGO_VALLEY_CSD.pdf\" target=\"_blank\" rel=\"noopener\">MEDIDA NO PARTIDISTA E &#8211; CSD MORONGO VALLEY<\/a> [pdf]<\/td>\n<td>510<\/td>\n<\/tr>\n<tr class=\"sovRow\">\n<td><a href=\"https:\/\/www.sbcounty.gov\/uploads\/ROV\/Elections\/2016\/0607\/sov\/511YERMO_COMMUNITY_SERVICES_DISTRICT.pdf\" target=\"_blank\" rel=\"noopener\">DISTRITO DE SERVICIOS COMUNITARIOS YERMO<\/a> [pdf]<\/td>\n<td>511<\/td>\n<\/tr>\n<\/tbody>\n<\/table>\n<p>&nbsp;<\/p>\n<\/div>\n\n  <\/section>\n\n\t","protected":false},"excerpt":{"rendered":"<p>Declaraci\u00f3n de los Votos Emitidos &#8211; Elecciones Primarias Presidenciales de 2016 Contienda N\u00famero de P\u00e1gina PREFERENCIA PRESIDENCIAL DEM\u00d3CRATICA [pdf] 1 PREFERENCIA PRESIDENCIAL REPUBLICANA [pdf] 61 PREFERENCIA PRESIDENCIAL INDEPENDIENTE DE AMERICA [pdf] 121 PREFERENCIA PRESIDENCIAL DEL PARTIDO VERDE [pdf] 181 PRESIDENTE DE LOS ESTADOS UNIDOS LIBERTARIO [pdf] 241 PREFERENCIA PRESIDENCIAL DE<span class=\"ellipsis\">&#8230;<\/span><\/p>\n","protected":false},"author":19,"featured_media":37382,"parent":39696,"menu_order":0,"comment_status":"closed","ping_status":"closed","template":"templates\/rov-left-sidebar-template.php","meta":{"_acf_changed":false,"footnotes":""},"class_list":["post-39771","page","type-page","status-publish","has-post-thumbnail","hentry"],"acf":[],"_links":{"self":[{"href":"https:\/\/elections.sbcounty.gov\/es\/wp-json\/wp\/v2\/pages\/39771","targetHints":{"allow":["GET"]}}],"collection":[{"href":"https:\/\/elections.sbcounty.gov\/es\/wp-json\/wp\/v2\/pages"}],"about":[{"href":"https:\/\/elections.sbcounty.gov\/es\/wp-json\/wp\/v2\/types\/page"}],"author":[{"embeddable":true,"href":"https:\/\/elections.sbcounty.gov\/es\/wp-json\/wp\/v2\/users\/19"}],"replies":[{"embeddable":true,"href":"https:\/\/elections.sbcounty.gov\/es\/wp-json\/wp\/v2\/comments?post=39771"}],"version-history":[{"count":2,"href":"https:\/\/elections.sbcounty.gov\/es\/wp-json\/wp\/v2\/pages\/39771\/revisions"}],"predecessor-version":[{"id":84424,"href":"https:\/\/elections.sbcounty.gov\/es\/wp-json\/wp\/v2\/pages\/39771\/revisions\/84424"}],"up":[{"embeddable":true,"href":"https:\/\/elections.sbcounty.gov\/es\/wp-json\/wp\/v2\/pages\/39696"}],"wp:featuredmedia":[{"embeddable":true,"href":"https:\/\/elections.sbcounty.gov\/es\/wp-json\/wp\/v2\/media\/37382"}],"wp:attachment":[{"href":"https:\/\/elections.sbcounty.gov\/es\/wp-json\/wp\/v2\/media?parent=39771"}],"curies":[{"name":"wp","href":"https:\/\/api.w.org\/{rel}","templated":true}]}}