{"id":39714,"date":"2021-12-22T17:50:42","date_gmt":"2021-12-22T17:50:42","guid":{"rendered":"https:\/\/www.elections.sbcounty.gov\/?page_id=39714"},"modified":"2021-12-22T17:50:42","modified_gmt":"2021-12-22T17:50:42","slug":"measures","status":"publish","type":"page","link":"https:\/\/elections.sbcounty.gov\/es\/elections\/2016\/0607\/measures\/","title":{"rendered":"Elecciones Primarias Presidenciales de 2016 \u2013 Medidas\ufffc"},"content":{"rendered":"  <section data-isd-block-id=\"rov-content-blockblock_b38ba3051926cbd925007add298380c2\"\n\t\t\t\t\t\t\t\t\t\t \t\t\t\t\t\t\t\t\t\t\t class=\"card-style main-content-wrapper rov-card-style mb-4\">\n\n\t<h2 class=\"block-subtitle blue\">Elecciones Primarias Presidenciales de 2016 \u2013 Medidas<\/h2>\n\n\t<div class=\"ctnr-block-content\"><table class=\"table striped\" style=\"border-collapse: collapse\" border=\"1\">\n<tbody>\n<tr>\n<th><strong>Letra<\/strong><\/th>\n<th><strong>Jurisdicci\u00f3n<\/strong><\/th>\n<th><strong>Descripci\u00f3n de la Medida<\/strong><\/th>\n<th><strong>An\u00e1lisis<\/strong><\/th>\n<th><strong>Argumentos<\/strong><\/th>\n<th><strong>Porcentaje<br \/>\npara ser Aprobada<\/strong><\/th>\n<\/tr>\n<tr>\n<td><a href=\"https:\/\/www.sbcounty.gov\/uploads\/ROV\/Elections\/2016\/0607\/Measures\/D_CityOfColton\/Notice_Measure_CityOfColton.pdf\" target=\"_blank\" rel=\"noopener\">D<\/a><\/td>\n<td><a href=\"https:\/\/www.sbcounty.gov\/uploads\/ROV\/Elections\/2016\/0607\/Measures\/D_CityOfColton\/Resolution_CityOfColton_R-14-16.pdf\" target=\"_blank\" rel=\"noopener\">Ciudad de Colton<\/a><\/td>\n<td><a href=\"https:\/\/www.sbcounty.gov\/uploads\/ROV\/Elections\/2016\/0607\/Measures\/D_CityOfColton\/FullText_CityOfColton.pdf\" target=\"_blank\" rel=\"noopener\">Transferencia del Fondo General \/ Congelamiento de las Tarifas de Electricidad<\/a><\/td>\n<td><a href=\"https:\/\/www.sbcounty.gov\/uploads\/ROV\/Elections\/2016\/0607\/Measures\/D_CityOfColton\/ImpartialAnalysis_CityOfColton.pdf\" target=\"_blank\" rel=\"noopener\">Imparcial<\/a><\/td>\n<td>&#8211; <a href=\"https:\/\/www.sbcounty.gov\/uploads\/ROV\/Elections\/2016\/0607\/Measures\/D_CityOfColton\/ArgumentInFavor_CityOfColton.pdf\" target=\"_blank\" rel=\"noopener\">Argumento a Favor<\/a><br \/>\n\u2013 No se present\u00f3 una Refutaci\u00f3n del Argumento a Favor<br \/>\n\u2013 No se present\u00f3 un Argumento en Contra<\/td>\n<td>50% + 1<\/td>\n<\/tr>\n<tr>\n<td><a href=\"https:\/\/www.sbcounty.gov\/uploads\/ROV\/Elections\/2016\/0607\/Measures\/E_MorongoValleyCSD\/Notice_Measure_MorongoValleyCSD.pdf\" target=\"_blank\" rel=\"noopener\">E<\/a><\/td>\n<td><a href=\"https:\/\/www.sbcounty.gov\/uploads\/ROV\/Elections\/2016\/0607\/Measures\/E_MorongoValleyCSD\/Resolution_MorongoValleyCSD.pdf\" target=\"_blank\" rel=\"noopener\">Distrito de Servicios Comunitarios Morongo Valley<\/a><\/td>\n<td>Impuesto Parcelario<\/td>\n<td><a href=\"https:\/\/www.sbcounty.gov\/uploads\/ROV\/Elections\/2016\/0607\/Measures\/E_MorongoValleyCSD\/ImpartialAnalysis_MorongoValleyCSD.pdf\" target=\"_blank\" rel=\"noopener\">Imparcial<\/a><\/td>\n<td>&#8211; <a href=\"https:\/\/www.sbcounty.gov\/uploads\/ROV\/Elections\/2016\/0607\/Measures\/E_MorongoValleyCSD\/Argument_InFavor_MorongoValleyCSD.pdf\" target=\"_blank\" rel=\"noopener\">Argumento a Favor<\/a><br \/>\n\u2013 No se present\u00f3 una Refutaci\u00f3n del Argumento a Favor<br \/>\n\u2013 No se present\u00f3 un Argumento en Contra<\/td>\n<td>2\/3<\/td>\n<\/tr>\n<\/tbody>\n<\/table>\n<p><strong>Avisos P\u00fablicos y Formularios Relacionados:<\/strong><\/p>\n<ul>\n<li><a href=\"https:\/\/www.sbcounty.gov\/uploads\/ROV\/News\/2016\/0607\/List_2016-06-07_MeasureLetterAssignment.pdf?ver=2016-03-18-143521-290\" target=\"_blank\" rel=\"noopener\">Aviso P\u00fablico \u2013 Asignaci\u00f3n de Letras de Medidas<\/a><\/li>\n<li><a href=\"https:\/\/elections.sbcounty.gov\/Elections\/Measures\/\" target=\"_blank\" rel=\"noopener\">Informaci\u00f3n Gen\u00e9rica sobre las Medidas<\/a><\/li>\n<\/ul>\n<\/div>\n\n  <\/section>\n\n\t","protected":false},"excerpt":{"rendered":"<p>Elecciones Primarias Presidenciales de 2016 \u2013 Medidas Letra Jurisdicci\u00f3n Descripci\u00f3n de la Medida An\u00e1lisis Argumentos Porcentaje para ser Aprobada D Ciudad de Colton Transferencia del Fondo General \/ Congelamiento de las Tarifas de Electricidad Imparcial &#8211; Argumento a Favor \u2013 No se present\u00f3 una Refutaci\u00f3n del Argumento a Favor \u2013<span class=\"ellipsis\">&#8230;<\/span><\/p>\n","protected":false},"author":19,"featured_media":37382,"parent":39696,"menu_order":0,"comment_status":"closed","ping_status":"closed","template":"templates\/rov-full-width-no-title-template.php","meta":{"_acf_changed":false,"footnotes":""},"class_list":["post-39714","page","type-page","status-publish","has-post-thumbnail","hentry"],"acf":[],"_links":{"self":[{"href":"https:\/\/elections.sbcounty.gov\/es\/wp-json\/wp\/v2\/pages\/39714","targetHints":{"allow":["GET"]}}],"collection":[{"href":"https:\/\/elections.sbcounty.gov\/es\/wp-json\/wp\/v2\/pages"}],"about":[{"href":"https:\/\/elections.sbcounty.gov\/es\/wp-json\/wp\/v2\/types\/page"}],"author":[{"embeddable":true,"href":"https:\/\/elections.sbcounty.gov\/es\/wp-json\/wp\/v2\/users\/19"}],"replies":[{"embeddable":true,"href":"https:\/\/elections.sbcounty.gov\/es\/wp-json\/wp\/v2\/comments?post=39714"}],"version-history":[{"count":0,"href":"https:\/\/elections.sbcounty.gov\/es\/wp-json\/wp\/v2\/pages\/39714\/revisions"}],"up":[{"embeddable":true,"href":"https:\/\/elections.sbcounty.gov\/es\/wp-json\/wp\/v2\/pages\/39696"}],"wp:featuredmedia":[{"embeddable":true,"href":"https:\/\/elections.sbcounty.gov\/es\/wp-json\/wp\/v2\/media\/37382"}],"wp:attachment":[{"href":"https:\/\/elections.sbcounty.gov\/es\/wp-json\/wp\/v2\/media?parent=39714"}],"curies":[{"name":"wp","href":"https:\/\/api.w.org\/{rel}","templated":true}]}}