{"id":39696,"date":"2021-12-22T17:45:27","date_gmt":"2021-12-22T17:45:27","guid":{"rendered":"https:\/\/www.elections.sbcounty.gov\/?page_id=39696"},"modified":"2024-06-06T08:46:10","modified_gmt":"2024-06-06T15:46:10","slug":"0607","status":"publish","type":"page","link":"https:\/\/elections.sbcounty.gov\/es\/elections\/2016\/0607\/","title":{"rendered":"Archivo de Elecciones Primarias Presidenciales del 7 de junio de 2016"},"content":{"rendered":"  <section data-isd-block-id=\"rov-content-blockblock_af320bb5b2f4955c2be0f6bd277acbcf\"\n\t\t\t\t\t\t\t\t\t\t \t\t\t\t\t\t\t\t\t\t\t class=\"card-style main-content-wrapper rov-card-style mb-4\">\n\n\t<h2 class=\"block-subtitle blue\">Publicaciones Electorales<\/h2>\n\n\t<div class=\"ctnr-block-content\"><p><strong>Gu\u00eda de Informaci\u00f3n para el Votante del Condado de San Bernardino<\/strong><\/p>\n<ul>\n<li>La\u00a0<strong>Gu\u00eda de Informaci\u00f3n para el Votante<\/strong>\u00a0es un folleto publicado por la Oficina de Elecciones del Condado de San Bernardino que incluye informaci\u00f3n sobre la elecci\u00f3n, los candidatos y las medidas, una boleta de muestra e informaci\u00f3n de las casillas electorales.<\/li>\n<li>La\u00a0<strong><a href=\"https:\/\/www.sbcounty.gov\/uploads\/ROV\/Elections\/2016\/0607\/SB-CMBSP.pdf?_=1464159079347\" target=\"_blank\" rel=\"noopener\">Gu\u00eda de Informaci\u00f3n para el Votante<\/a> completa<\/strong>\u00a0[pdf] contiene informaci\u00f3n de todos los cargos incluidos en las elecciones en el Condado de San Bernardino.<\/li>\n<li>La\u00a0<strong>Gu\u00eda de Informaci\u00f3n para el Votante espec\u00edfica de cada distrito electoral<\/strong>\u00a0contiene informaci\u00f3n de los cargos incluidos en las elecciones de cada distrito electoral. \u00a0Puede consultar las Gu\u00edas de Informaci\u00f3n para el Votante espec\u00edficas de cada Distrito Electoral con <strong>la herramienta de\u00a0B\u00fasqueda de Casillas Electorales y de Gu\u00edas de Informaci\u00f3n para el Votante<\/strong>. [ya no est\u00e1 disponible]<\/li>\n<li>La\u00a0<strong>Gu\u00eda de Informaci\u00f3n para el Votante en formato accesible<\/strong>\u00a0[ya no est\u00e1 disponible] proporciona informaci\u00f3n electoral personalizada para los votantes que utilizan programas de lectura de pantalla [programa piloto].<\/li>\n<\/ul>\n<p><strong>Gu\u00eda de Informaci\u00f3n para el Votante del Estado de California<\/strong><\/p>\n<ul>\n<li>El Secretario de Estado de California tambi\u00e9n public\u00f3 una\u00a0<strong><a href=\"https:\/\/vigarchive.sos.ca.gov\/2016\/primary\/pdf\/es\/\" target=\"_blank\" rel=\"noopener\">Gu\u00eda de Informaci\u00f3n para el Votante<\/a><\/strong>\u00a0[pdf] que incluye informaci\u00f3n sobre los candidatos para cargos estatales.<\/li>\n<\/ul>\n<p><strong><a href=\"https:\/\/elections.sbcounty.gov\/es\/News\/2016\/\">Comunicados de Prensa y Avisos P\u00fablicos<\/a><\/strong><\/p>\n<\/div>\n\n  <\/section>\n\n\t\n\n  <section data-isd-block-id=\"rov-content-blockblock_2d9183423325490dc16a499e66021279\"\n\t\t\t\t\t\t\t\t\t\t \t\t\t\t\t\t\t\t\t\t\t class=\"card-style main-content-wrapper rov-card-style mb-4\">\n\n\t<h2 class=\"block-subtitle blue\">Fechas Clave y Fechas L\u00edmite<\/h2>\n\n\t<div class=\"ctnr-block-content\"><table class=\"table table-striped\" style=\"width: 99%\">\n<thead>\n<tr style=\"text-align: left\">\n<th><strong> Fecha<\/strong><\/th>\n<th>Acci\u00f3n<\/th>\n<\/tr>\n<\/thead>\n<tbody>\n<tr style=\"text-align: left\">\n<td>4 de enero de 2016<\/td>\n<td>Comienza el periodo de sustituci\u00f3n de peticiones\u00a0,y de presentaci\u00f3n de candidatos para los Comit\u00e9s Centrales del Condado<\/td>\n<\/tr>\n<tr>\n<td>16 de febrero de 2016<\/td>\n<td>Comienza la presentaci\u00f3n de candidatos para todos los dem\u00e1s cargos<\/td>\n<\/tr>\n<tr>\n<td>11 de marzo de 2016<\/td>\n<td>Fecha l\u00edmite de la presentaci\u00f3n de candidatos para todos los cargos<\/td>\n<\/tr>\n<tr>\n<td>9 de mayo de 2016<\/td>\n<td>Comienza el voto anticipado<\/td>\n<\/tr>\n<tr>\n<td>10 de mayo de 2016<\/td>\n<td>Las Gu\u00edas de Informaci\u00f3n para el Votante se entregan en los buzones de los votantes<\/td>\n<\/tr>\n<tr>\n<td>17 de mayo de 2016<\/td>\n<td>Las Boletas por Correo se entregan en los buzones de los votantes<\/td>\n<\/tr>\n<tr>\n<td>23 de mayo de 2016<\/td>\n<td>Fecha l\u00edmite para el registro de votantes<\/td>\n<\/tr>\n<tr>\n<td>31 de mayo de 2016<\/td>\n<td>Fecha l\u00edmite para registrarse a la votaci\u00f3n por correo<\/td>\n<\/tr>\n<tr>\n<td><strong>7 de junio de 2016<\/strong><\/td>\n<td><strong>D\u00eda de las Elecciones \u2013 Elecciones\u00a0Primarias Presidenciales de 2016<\/strong><\/td>\n<\/tr>\n<tr>\n<td>8 de junio de 2016<\/td>\n<td>Comienza el escrutinio de las Elecciones<\/td>\n<\/tr>\n<tr>\n<td>7 de julio de 2016<\/td>\n<td>Fecha l\u00edmite para completar el escrutinio oficial y certificar los resultados<\/td>\n<\/tr>\n<\/tbody>\n<\/table>\n<\/div>\n\n  <\/section>\n\n\t\n\n  <section data-isd-block-id=\"rov-content-blockblock_e226af51989ee024ba8a11917da0784f\"\n\t\t\t\t\t\t\t\t\t\t \t\t\t\t\t\t\t\t\t\t\t class=\"card-style main-content-wrapper rov-card-style mb-4\">\n\n\t<h2 class=\"block-subtitle blue\">Informaci\u00f3n de los Cargos y Candidatos<\/h2>\n\n\t<div class=\"ctnr-block-content\"><p><strong>Cargos a Elegir:<\/strong><\/p>\n<ul>\n<li>Consulte los\u00a0<a href=\"https:\/\/www.sbcounty.gov\/uploads\/ROV\/Elections\/2016\/0607\/PublicNotice_OfficesUpForElection.pdf?_=1455326630247\" target=\"_blank\" rel=\"noopener\">Cargos a Elegir<\/a>\u00a0[pdf] para las Elecciones Primarias Presidenciales de 2016.<\/li>\n<\/ul>\n<p><strong>Presentaci\u00f3n de Candidatos:<\/strong><\/p>\n<ul>\n<li>Consulte la\u00a0<a href=\"https:\/\/www.sbcounty.gov\/uploads\/ROV\/Elections\/2016\/0607\/Guide_CandidateFiling.pdf?_=1457460001059\" target=\"_blank\" rel=\"noopener\">Gu\u00eda de Presentaci\u00f3n de Candidatos<\/a>\u00a0[pdf].<\/li>\n<\/ul>\n<ul>\n<li>Consulte la\u00a0<a href=\"https:\/\/www.sos.ca.gov\/elections\/prior-elections\/statewide-election-results\/presidential-primary-election-june-7-2016\/2016-california-election-guide\" target=\"_blank\" rel=\"noopener\">Gu\u00eda Electoral de California de 2016<\/a> del Secretario de Estado.<\/li>\n<li>Consulte las listas de los\u00a0<a href=\"https:\/\/elections.cdn.sos.ca.gov\/statewide-elections\/2016-primary\/section-10-offices-subdivisions.pdf?_=1459566750626\" target=\"_blank\" rel=\"noopener\">Cargos y las Subdivisiones dentro de los Condados<\/a>\u00a0del Secretario de Estado [pdf].<\/li>\n<\/ul>\n<p><strong>Declaraciones de los Candidatos:<\/strong><\/p>\n<ul>\n<li>Consulte los\u00a0<a href=\"https:\/\/www.sbcounty.gov\/uploads\/ROV\/News\/2016\/0607\/PublicNotice_EstimatedCandidateStatementCosts.pdf?_=1459566750626\" target=\"_blank\" rel=\"noopener\">Costos Estimados de las Declaraciones de los Candidatos<\/a>\u00a0[pdf].<\/li>\n<li>Para presentar una declaraci\u00f3n de candidato, complete el Formulario de Declaraci\u00f3n del Candidato [ya no est\u00e1 disponible].<\/li>\n<\/ul>\n<p><strong>Lista de Candidatos:<\/strong><\/p>\n<ul>\n<li>Consulte la\u00a0<a href=\"https:\/\/www.sbcounty.gov\/uploads\/ROV\/Elections\/2016\/0607\/Report_CandidateList.pdf?_=1455244103365\" target=\"_blank\" rel=\"noopener\">Lista de Candidatos<\/a>\u00a0[pdf].<\/li>\n<li>Consulte la\u00a0<a href=\"https:\/\/elections.cdn.sos.ca.gov\/statewide-elections\/2016-primary\/june-2016-presidential-abbrev.pdf?_=1465017211451\" target=\"_blank\" rel=\"noopener\">Lista Certificada de Candidatos Presidenciales de la Secretaria de Estado<\/a>\u00a0[pdf].<\/li>\n<li>Consulte la\u00a0<a href=\"https:\/\/elections.cdn.sos.ca.gov\/statewide-elections\/2016-primary\/june-2016-abbrev-candidates.pdf?_=1470174572081\" target=\"_blank\" rel=\"noopener\">Lista Certificada de Candidatos a Cargos Nombrados por los Votantes del Secretario de Estado<\/a>\u00a0[pdf].<\/li>\n<\/ul>\n<\/div>\n\n  <\/section>\n\n\t\n\n  <section data-isd-block-id=\"rov-content-blockblock_b6b976331a23c6c8b1099a274b3bca62\"\n\t\t\t\t\t\t\t\t\t\t \t\t\t\t\t\t\t\t\t\t\t class=\"card-style main-content-wrapper rov-card-style mb-4\">\n\n\t<h2 class=\"block-subtitle blue\">Medidas en la Boleta<\/h2>\n\n\t<div class=\"ctnr-block-content\"><div class=\"c_content_style\">\n<div id=\"dnn_ctr27458_ContentPane\" class=\"CadetBlue01_content\">\n<div id=\"dnn_ctr27458_ModuleContent\" class=\"DNNModuleContent ModDNNHTMLC\">\n<div id=\"dnn_ctr27458_HtmlModule_lblContent\">\n<ul>\n<li>Consulte las\u00a0<a href=\"https:\/\/elections.sbcounty.gov\/es\/Elections\/2016\/0607\/Measures\/\">Medidas Locales<\/a>\u00a0en la boleta para las Elecciones Primarias Presidenciales de 2016.<\/li>\n<\/ul>\n<\/div>\n<\/div>\n<\/div>\n<\/div>\n<div class=\"c_footer\">\n<div class=\"c_footer_l\"><\/div>\n<div class=\"c_footer_r\"><\/div>\n<div class=\"clear_float\"><\/div>\n<\/div>\n<\/div>\n\n  <\/section>\n\n\t\n\n  <section data-isd-block-id=\"rov-content-blockblock_587525b9536a40db4061e25f501f6dc2\"\n\t\t\t\t\t\t\t\t\t\t \t\t\t\t\t\t\t\t\t\t\t class=\"card-style main-content-wrapper rov-card-style mb-4\">\n\n\t<h2 class=\"block-subtitle blue\">Registro de Votantes<\/h2>\n\n\t<div class=\"ctnr-block-content\"><p>Su solicitud de registro de votante debe tener un sello postal a m\u00e1s tardar del\u00a0<strong>23 de mayo de 2016<\/strong>\u00a0para que sea elegible para votar en las\u00a0Elecciones Primarias Presidenciales de 2016. Visite nuestra\u00a0<a href=\"https:\/\/elections.sbcounty.gov\/es\/VoterRegistration\/\">p\u00e1gina del Registro de Votantes<\/a>\u00a0para obtener informaci\u00f3n e instrucciones.<\/p>\n<ul>\n<li>Consulte el\u00a0<a href=\"https:\/\/www.sbcounty.gov\/uploads\/ROV\/Elections\/2016\/0607\/Report_15DayCloseOfRegistrationSummary.pdf?_=1640194820858\" target=\"_blank\" rel=\"noopener\">Resumen del Registro de Votantes Calificados<\/a>\u00a0[pdf].<\/li>\n<\/ul>\n<\/div>\n\n  <\/section>\n\n\t\n\n  <section data-isd-block-id=\"rov-content-blockblock_19b22f5d1b1d3fd7b759a50417fcfaab\"\n\t\t\t\t\t\t\t\t\t\t \t\t\t\t\t\t\t\t\t\t\t class=\"card-style main-content-wrapper rov-card-style mb-4\">\n\n\t<h2 class=\"block-subtitle blue\">Opciones de Voto<\/h2>\n\n\t<div class=\"ctnr-block-content\"><ul>\n<li>Vote con anticipaci\u00f3n en la Oficina de Elecciones a partir del 9 de mayo de 2016.<\/li>\n<li>Vote en una Boleta de Voto por Correo. La Solicitud de Boleta por Correo vence el 31 de mayo de 2016.\n<ul>\n<li>Llene y devuelva una de las siguientes solicitudes:\n<ul>\n<li><a href=\"https:\/\/www.sbcounty.gov\/uploads\/ROV\/Elections\/2016\/0607\/Form_2016-06-07PresidentialPrimarySPA_Fillable.pdf?_=1462331587158\" target=\"_blank\" rel=\"noopener\">Solicitud de Boleta por Correo<\/a>\u00a0[pdf]<\/li>\n<\/ul>\n<\/li>\n<li>Encuentre un\u00a0Lugar para Depositar Boletas de Voto por Correo [ya no est\u00e1 disponible].<\/li>\n<\/ul>\n<\/li>\n<\/ul>\n<ul>\n<li>Vote en las casillas el D\u00eda de las Elecciones, el 7 de junio de 2016, de 7 a.m. a 8 p.m.\n<ul>\n<li>Encuentre una\u00a0Casilla Electoral [ya no est\u00e1 disponible].<\/li>\n<\/ul>\n<\/li>\n<\/ul>\n<p>Visite nuestra\u00a0<a href=\"https:\/\/elections.sbcounty.gov\/es\/Voting\/\">p\u00e1gina de Opciones de Voto<\/a> para obtener la informaci\u00f3n completa y las instrucciones.<\/p>\n<p><strong>Votantes Militares y en el Extranjero:<\/strong><\/p>\n<p>Los ciudadanos Uniformados y en el Extranjero pueden obtener una Gu\u00eda de Informaci\u00f3n para el Votante y una Boleta de Muestra [ya no est\u00e1n disponibles]\u00a0as\u00ed como una Boleta [ya no est\u00e1 disponible]\u00a0para estas elecciones. Para obtener la informaci\u00f3n completa, visite el sitio web para los\u00a0<a href=\"https:\/\/www.sos.ca.gov\/elections\/voter-registration\/military-overseas-voters\" target=\"_blank\" rel=\"noopener\">Votantes Militares y en el Extranjero<\/a> del Secretario de Estado.<\/p>\n<\/div>\n\n  <\/section>\n\n\t\n\n  <section data-isd-block-id=\"rov-content-blockblock_20e98f6d7bd6255f17905b4c7120824b\"\n\t\t\t\t\t\t\t\t\t\t \t\t\t\t\t\t\t\t\t\t\t class=\"card-style main-content-wrapper rov-card-style mb-4\">\n\n\t<h2 class=\"block-subtitle blue\">Estad\u00edsticas de Devoluci\u00f3n de Boletas por Correo<\/h2>\n\n\t<div class=\"ctnr-block-content\"><p>El Informe de Estad\u00edsticas de Devoluci\u00f3n de Boletas por Correo muestra el n\u00famero de boletas por correo que se han emitido y devuelto en las elecciones, as\u00ed como las estad\u00edsticas hist\u00f3ricas de las elecciones anteriores. Los datos presentados en este informe se actualizan diariamente y pueden fluctuar a medida que se reciben m\u00e1s solicitudes de boletas por correo y se procesan las boletas por correo marcadas.<\/p>\n<ul>\n<li>Consulte el\u00a0<a href=\"https:\/\/www.sbcounty.gov\/uploads\/ROV\/Elections\/2016\/0607\/Report_MailBallotReturnStats.pdf?_=1640194820858\" target=\"_blank\" rel=\"noopener\">Informe de Estad\u00edsticas de Devoluci\u00f3n de Boletas por Correo<\/a>\u00a0[pdf] de estas elecciones.<\/li>\n<\/ul>\n<\/div>\n\n  <\/section>\n\n\t\n\n  <section data-isd-block-id=\"rov-content-blockblock_e04095e76e8997713bb7ed3a67533f15\"\n\t\t\t\t\t\t\t\t\t\t \t\t\t\t\t\t\t\t\t\t\t class=\"card-style main-content-wrapper rov-card-style mb-4\">\n\n\t<h2 class=\"block-subtitle blue\">Resultados de las Elecciones<\/h2>\n\n\t<div class=\"ctnr-block-content\"><ul>\n<li><a href=\"https:\/\/results.rov.sbcounty.gov\/results\/20160607\/default.html\" target=\"_blank\" rel=\"noopener\">Resultados de las Elecciones<\/a><\/li>\n<li><a href=\"https:\/\/www.sbcounty.gov\/uploads\/ROV\/Elections\/2016\/0607\/Form_CertifiedWrite-Ins.pdf?_=1467414965567\" target=\"_blank\" rel=\"noopener\">Resultados Certificados de los Candidatos por Escrito<\/a>\u00a0[pdf]<\/li>\n<li><a href=\"https:\/\/elections.sbcounty.gov\/Elections\/2016\/0607\/SOV\/\" target=\"_blank\" rel=\"noopener\">Declaraci\u00f3n de Votos Emitidos<\/a><\/li>\n<li>Consulta de Boletas Provisionales [ya no est\u00e1 disponible]<\/li>\n<\/ul>\n<\/div>\n\n  <\/section>\n\n\t","protected":false},"excerpt":{"rendered":"<p>Publicaciones Electorales Gu\u00eda de Informaci\u00f3n para el Votante del Condado de San Bernardino La\u00a0Gu\u00eda de Informaci\u00f3n para el Votante\u00a0es un folleto publicado por la Oficina de Elecciones del Condado de San Bernardino que incluye informaci\u00f3n sobre la elecci\u00f3n, los candidatos y las medidas, una boleta de muestra e informaci\u00f3n de<span class=\"ellipsis\">&#8230;<\/span><\/p>\n","protected":false},"author":19,"featured_media":37382,"parent":33905,"menu_order":0,"comment_status":"closed","ping_status":"closed","template":"templates\/rov-left-sidebar-template.php","meta":{"_acf_changed":false,"footnotes":""},"class_list":["post-39696","page","type-page","status-publish","has-post-thumbnail","hentry"],"acf":[],"_links":{"self":[{"href":"https:\/\/elections.sbcounty.gov\/es\/wp-json\/wp\/v2\/pages\/39696","targetHints":{"allow":["GET"]}}],"collection":[{"href":"https:\/\/elections.sbcounty.gov\/es\/wp-json\/wp\/v2\/pages"}],"about":[{"href":"https:\/\/elections.sbcounty.gov\/es\/wp-json\/wp\/v2\/types\/page"}],"author":[{"embeddable":true,"href":"https:\/\/elections.sbcounty.gov\/es\/wp-json\/wp\/v2\/users\/19"}],"replies":[{"embeddable":true,"href":"https:\/\/elections.sbcounty.gov\/es\/wp-json\/wp\/v2\/comments?post=39696"}],"version-history":[{"count":4,"href":"https:\/\/elections.sbcounty.gov\/es\/wp-json\/wp\/v2\/pages\/39696\/revisions"}],"predecessor-version":[{"id":84025,"href":"https:\/\/elections.sbcounty.gov\/es\/wp-json\/wp\/v2\/pages\/39696\/revisions\/84025"}],"up":[{"embeddable":true,"href":"https:\/\/elections.sbcounty.gov\/es\/wp-json\/wp\/v2\/pages\/33905"}],"wp:featuredmedia":[{"embeddable":true,"href":"https:\/\/elections.sbcounty.gov\/es\/wp-json\/wp\/v2\/media\/37382"}],"wp:attachment":[{"href":"https:\/\/elections.sbcounty.gov\/es\/wp-json\/wp\/v2\/media?parent=39696"}],"curies":[{"name":"wp","href":"https:\/\/api.w.org\/{rel}","templated":true}]}}