{"id":39633,"date":"2021-12-22T17:26:56","date_gmt":"2021-12-22T17:26:56","guid":{"rendered":"https:\/\/www.elections.sbcounty.gov\/?page_id=39633"},"modified":"2024-06-06T08:50:09","modified_gmt":"2024-06-06T15:50:09","slug":"lucernevalleyusdspecialrecall","status":"publish","type":"page","link":"https:\/\/elections.sbcounty.gov\/es\/elections\/2016\/0202\/lucernevalleyusdspecialrecall\/","title":{"rendered":"Archivo de Elecciones Especiales para una Remoci\u00f3n del Distrito Escolar Unificado Lucerne Valley"},"content":{"rendered":"  <section data-isd-block-id=\"rov-content-blockblock_4e2b06d79f95ad00a86683d4f9d529af\"\n\t\t\t\t\t\t\t\t\t\t \t\t\t\t\t\t\t\t\t\t\t class=\"card-style main-content-wrapper rov-card-style mb-4\">\n\n\t<h2 class=\"block-subtitle blue\">Publicaciones Electorales<\/h2>\n\n\t<div class=\"ctnr-block-content\"><p><strong>Gu\u00eda de Informaci\u00f3n para el Votante del Condado de San Bernardino<\/strong><\/p>\n<ul>\n<li>La\u00a0<a href=\"https:\/\/www.sbcounty.gov\/uploads\/ROV\/Elections\/2016\/0202\/Lucerne_Valley_USD_Special_Recall\/E-VIG_2016-02-02_LucerneValleyUSD.pdf?_=1640193570491\" target=\"_blank\" rel=\"noopener\">Gu\u00eda de Informaci\u00f3n para el Votante<\/a>\u00a0[pdf]\u00a0es un folleto publicado por la Oficina de Elecciones del Condado de San Bernardino que incluye informaci\u00f3n sobre la votaci\u00f3n, los candidatos, una boleta de muestra, e informaci\u00f3n sobre las casillas electorales<\/li>\n<li>La Gu\u00eda de Informaci\u00f3n para el Votante espec\u00edfica de cada distrito electoral contiene informaci\u00f3n de las contiendas que figuran en las boletas de cada distrito electoral. Puede consultar las Gu\u00edas de Informaci\u00f3n para el Votante espec\u00edficas de cada distrito electoral con la herramienta de B\u00fasqueda de Casillas Electorales y Boleta de Muestra\u00a0[ya no est\u00e1 disponible].<\/li>\n<\/ul>\n<p><strong><a href=\"https:\/\/elections.sbcounty.gov\/es\/News\/2016\/\">Comunicados de Prensa y Avisos P\u00fablicos<\/a><\/strong><\/p>\n<\/div>\n\n  <\/section>\n\n\t\n\n  <section data-isd-block-id=\"rov-content-blockblock_a69921722e53c5268510ccc370bb9f7e\"\n\t\t\t\t\t\t\t\t\t\t \t\t\t\t\t\t\t\t\t\t\t class=\"card-style main-content-wrapper rov-card-style mb-4\">\n\n\t<h2 class=\"block-subtitle blue\">Fechas Clave y Fechas L\u00edmite<\/h2>\n\n\t<div class=\"ctnr-block-content\"><p>&nbsp;<\/p>\n<table class=\"table table-striped\" style=\"width: 99%\">\n<thead>\n<tr style=\"text-align: left;font-weight: bold\">\n<th><strong>Fecha<\/strong><\/th>\n<th><strong>Acci\u00f3n<\/strong><\/th>\n<\/tr>\n<\/thead>\n<tbody>\n<tr>\n<td>13 de octubre de 2015<\/td>\n<td>Comienza la presentaci\u00f3n de candidatos<\/td>\n<\/tr>\n<tr>\n<td>19 de noviembre de 2015<\/td>\n<td>Fecha l\u00edmite de presentaci\u00f3n de candidatos<\/td>\n<\/tr>\n<tr>\n<td>2 de enero de 2016<\/td>\n<td>Las Gu\u00edas de Informaci\u00f3n para el Votante se env\u00edan a los buzones de los votantes<\/td>\n<\/tr>\n<tr>\n<td>4 de enero de 2016<\/td>\n<td>Comienza el voto anticipado<\/td>\n<\/tr>\n<tr>\n<td>8 de enero de 2016<\/td>\n<td>Las Boletas por Correo se entregan en los buzones de los votantes<\/td>\n<\/tr>\n<tr>\n<td>19 de enero de 2016<\/td>\n<td>Fecha l\u00edmite para el registro de votantes<\/td>\n<\/tr>\n<tr>\n<td>26 de enero de 2016<\/td>\n<td>Fecha l\u00edmite para registrarse a la votaci\u00f3n por correo<\/td>\n<\/tr>\n<tr>\n<td><strong>2\u00a0de febrero de 2016<\/strong><\/td>\n<td><strong>D\u00eda de las Elecciones \u2013 Elecciones Especiales para una Remoci\u00f3n del Distrito Escolar Unificado Lucerne Valley<\/strong><\/td>\n<\/tr>\n<tr>\n<td>3 de febrero de 2016<\/td>\n<td>Comienza el escrutinio de las Elecciones<\/td>\n<\/tr>\n<tr>\n<td>3 de marzo de 2016<\/td>\n<td>Fecha l\u00edmite para completar el escrutinio oficial y certificar los resultados<\/td>\n<\/tr>\n<\/tbody>\n<\/table>\n<\/div>\n\n  <\/section>\n\n\t\n\n  <section data-isd-block-id=\"rov-content-blockblock_8b5a8c7dd381e67b861bfbeb0771022a\"\n\t\t\t\t\t\t\t\t\t\t \t\t\t\t\t\t\t\t\t\t\t class=\"card-style main-content-wrapper rov-card-style mb-4\">\n\n\t<h2 class=\"block-subtitle blue\">Informaci\u00f3n de los Cargos y Candidatos<\/h2>\n\n\t<div class=\"ctnr-block-content\"><p><strong>Presentaci\u00f3n de Candidatos:<\/strong><\/p>\n<p>La presentaci\u00f3n de candidatos comienza el 13 de octubre de 2015 y finaliza el 19 de noviembre de 2015. \u00a0Visite nuestra\u00a0<a href=\"https:\/\/elections.sbcounty.gov\/es\/Elected-Officials-Candidates\/\">p\u00e1gina de Funcionarios Electos y Candidatos<\/a>\u00a0para obtener la informaci\u00f3n completa y las instrucciones.<\/p>\n<ul>\n<li>Consulte la\u00a0<a href=\"https:\/\/www.sbcounty.gov\/uploads\/ROV\/Elections\/2016\/0202\/Lucerne_Valley_USD_Special_Recall\/Guide_CandidateFiling.pdf?_=1640193570491\" target=\"_blank\" rel=\"noopener\">Gu\u00eda de Presentaci\u00f3n de Candidatos<\/a>\u00a0[pdf].<\/li>\n<\/ul>\n<p><strong>Lista de Candidatos:<\/strong><\/p>\n<ul>\n<li>Consulte la\u00a0<a href=\"https:\/\/www.sbcounty.gov\/uploads\/ROV\/Elections\/2016\/0202\/Lucerne_Valley_USD_Special_Recall\/List_CandidateReport.pdf?_=1640193570491\" target=\"_blank\" rel=\"noopener\">Lista de Candidatos<\/a>\u00a0[pdf].<\/li>\n<\/ul>\n<\/div>\n\n  <\/section>\n\n\t\n\n  <section data-isd-block-id=\"rov-content-blockblock_b6f8de7c23f7c8fdc8bd5fdc6c66e448\"\n\t\t\t\t\t\t\t\t\t\t \t\t\t\t\t\t\t\t\t\t\t class=\"card-style main-content-wrapper rov-card-style mb-4\">\n\n\t<h2 class=\"block-subtitle blue\">Registro de Votantes<\/h2>\n\n\t<div class=\"ctnr-block-content\"><p>Su solicitud de registro de votante debe tener un sello postal a m\u00e1s tardar del\u00a0<strong>19 de enero de 2016<\/strong>\u00a0para que sea elegible para votar en las Elecciones Especiales para una Remoci\u00f3n del Distrito Escolar Unificado Lucerne Valley. Visite nuestra\u00a0<a href=\"https:\/\/elections.sbcounty.gov\/es\/VoterRegistration\/\">p\u00e1gina del Registro de Votantes<\/a>\u00a0para obtener informaci\u00f3n e instrucciones.<\/p>\n<ul>\n<li>Consulte el\u00a0<a href=\"https:\/\/www.sbcounty.gov\/uploads\/ROV\/Elections\/2016\/0202\/Lucerne_Valley_USD_Special_Recall\/Report_15DayCloseofRegistrationSummary.pdf?_=1640193570491\" target=\"_blank\" rel=\"noopener\">Resumen del Registro de Votantes Calificados<\/a>\u00a0[pdf].<\/li>\n<\/ul>\n<\/div>\n\n  <\/section>\n\n\t\n\n  <section data-isd-block-id=\"rov-content-blockblock_4688b09777b2d81fae2cc5398c75694e\"\n\t\t\t\t\t\t\t\t\t\t \t\t\t\t\t\t\t\t\t\t\t class=\"card-style main-content-wrapper rov-card-style mb-4\">\n\n\t<h2 class=\"block-subtitle blue\">Opciones de Voto<\/h2>\n\n\t<div class=\"ctnr-block-content\"><ul>\n<li>Vote con anticipaci\u00f3n en la Oficina Electoral a partir del 4 de enero de 2016.<\/li>\n<li>Vote en una Boleta de Voto por Correo. La Solicitud de Boleta por Correo [pdf] vence antes del 26 de enero de 2016.\u00a0 Llene y devuelva una de las siguientes solicitudes:\n<ul>\n<li><a href=\"https:\/\/www.sbcounty.gov\/uploads\/ROV\/Elections\/2016\/0202\/Lucerne_Valley_USD_Special_Recall\/Form_2016-02-02SBCityVBMAppSPALucerneValleyUSD.pdf?_=1450718276983\" target=\"_blank\" rel=\"noopener\">Solicitud de Boleta por Correo<\/a>\u00a0[pdf]<\/li>\n<\/ul>\n<\/li>\n<li class=\"redactor-replaced\">\u00a0Vote en su casilla electoral asignada el D\u00eda de las Elecciones, el 2 de febrero de 2016, desde las 7 a.m. hasta las 8 p.m.\n<ul>\n<li class=\"redactor-replaced\">Localice su Casilla Electoral\u00a0[ya no est\u00e1 disponible].<\/li>\n<\/ul>\n<\/li>\n<\/ul>\n<p>Visite nuestra\u00a0<a href=\"https:\/\/elections.sbcounty.gov\/es\/Voting\/\">p\u00e1gina de Opciones de Voto<\/a>\u00a0para obtener la informaci\u00f3n completa y las instrucciones<\/p>\n<p><strong>Votantes Militares y en el Extranjero:<\/strong><\/p>\n<p>Los ciudadanos Uniformados y en el Extranjero pueden obtener una Gu\u00eda de Informaci\u00f3n para el Votante y Boleta de Muestra\u00a0as\u00ed como una Boleta para estas elecciones [ya no est\u00e1 disponible].<\/p>\n<\/div>\n\n  <\/section>\n\n\t\n\n  <section data-isd-block-id=\"rov-content-blockblock_885ee94598116162a87a3fddaf798ff2\"\n\t\t\t\t\t\t\t\t\t\t \t\t\t\t\t\t\t\t\t\t\t class=\"card-style main-content-wrapper rov-card-style mb-4\">\n\n\t<h2 class=\"block-subtitle blue\">Estad\u00edsticas de Devoluci\u00f3n de Boletas por Correo<\/h2>\n\n\t<div class=\"ctnr-block-content\"><p>El Informe de Estad\u00edsticas de Devoluci\u00f3n de Boletas por Correo muestra el n\u00famero de boletas por correo que se han emitido y devuelto en las elecciones, as\u00ed como las estad\u00edsticas hist\u00f3ricas de las elecciones anteriores. Los datos presentados en este informe se actualizan diariamente y pueden fluctuar a medida que se reciben m\u00e1s solicitudes de boletas por correo y se procesan las boletas por correo marcadas.<\/p>\n<ul>\n<li>Consulte el\u00a0<a href=\"https:\/\/www.sbcounty.gov\/uploads\/ROV\/Elections\/2016\/0202\/Lucerne_Valley_USD_Special_Recall\/Report_MailBallotReturnStats.pdf?_=1640193570491\" target=\"_blank\" rel=\"noopener\">Informe de Estad\u00edsticas de Devoluci\u00f3n de Boletas por Correo<\/a>\u00a0[pdf] de estas elecciones.<\/li>\n<\/ul>\n<\/div>\n\n  <\/section>\n\n\t\n\n  <section data-isd-block-id=\"rov-content-blockblock_35e7f2f60ebb0b5829af94f87665d006\"\n\t\t\t\t\t\t\t\t\t\t \t\t\t\t\t\t\t\t\t\t\t class=\"card-style main-content-wrapper rov-card-style mb-4\">\n\n\t<h2 class=\"block-subtitle blue\">Resultados de las Elecciones<\/h2>\n\n\t<div class=\"ctnr-block-content\"><ul>\n<li><a href=\"https:\/\/results.rov.sbcounty.gov\/results\/20160202\/default.html\" target=\"_blank\" rel=\"noopener\">Resultados de las Elecciones<\/a><\/li>\n<li><a href=\"https:\/\/www.sbcounty.gov\/uploads\/ROV\/Elections\/2016\/0202\/Report_SOVBook.pdf?_=1455814193680\" target=\"_blank\" rel=\"noopener\">Declaraci\u00f3n de Votos Emitidos<\/a>\u00a0[pdf]<\/li>\n<li>Estado de la Boleta Provisional [ya no est\u00e1 disponible]<\/li>\n<\/ul>\n<\/div>\n\n  <\/section>\n\n\t","protected":false},"excerpt":{"rendered":"<p>Publicaciones Electorales Gu\u00eda de Informaci\u00f3n para el Votante del Condado de San Bernardino La\u00a0Gu\u00eda de Informaci\u00f3n para el Votante\u00a0[pdf]\u00a0es un folleto publicado por la Oficina de Elecciones del Condado de San Bernardino que incluye informaci\u00f3n sobre la votaci\u00f3n, los candidatos, una boleta de muestra, e informaci\u00f3n sobre las casillas electorales<span class=\"ellipsis\">&#8230;<\/span><\/p>\n","protected":false},"author":19,"featured_media":37382,"parent":39591,"menu_order":0,"comment_status":"closed","ping_status":"closed","template":"templates\/rov-left-sidebar-template.php","meta":{"_acf_changed":false,"footnotes":""},"class_list":["post-39633","page","type-page","status-publish","has-post-thumbnail","hentry"],"acf":[],"_links":{"self":[{"href":"https:\/\/elections.sbcounty.gov\/es\/wp-json\/wp\/v2\/pages\/39633","targetHints":{"allow":["GET"]}}],"collection":[{"href":"https:\/\/elections.sbcounty.gov\/es\/wp-json\/wp\/v2\/pages"}],"about":[{"href":"https:\/\/elections.sbcounty.gov\/es\/wp-json\/wp\/v2\/types\/page"}],"author":[{"embeddable":true,"href":"https:\/\/elections.sbcounty.gov\/es\/wp-json\/wp\/v2\/users\/19"}],"replies":[{"embeddable":true,"href":"https:\/\/elections.sbcounty.gov\/es\/wp-json\/wp\/v2\/comments?post=39633"}],"version-history":[{"count":4,"href":"https:\/\/elections.sbcounty.gov\/es\/wp-json\/wp\/v2\/pages\/39633\/revisions"}],"predecessor-version":[{"id":84031,"href":"https:\/\/elections.sbcounty.gov\/es\/wp-json\/wp\/v2\/pages\/39633\/revisions\/84031"}],"up":[{"embeddable":true,"href":"https:\/\/elections.sbcounty.gov\/es\/wp-json\/wp\/v2\/pages\/39591"}],"wp:featuredmedia":[{"embeddable":true,"href":"https:\/\/elections.sbcounty.gov\/es\/wp-json\/wp\/v2\/media\/37382"}],"wp:attachment":[{"href":"https:\/\/elections.sbcounty.gov\/es\/wp-json\/wp\/v2\/media?parent=39633"}],"curies":[{"name":"wp","href":"https:\/\/api.w.org\/{rel}","templated":true}]}}