{"id":39486,"date":"2021-12-21T22:58:17","date_gmt":"2021-12-21T22:58:17","guid":{"rendered":"https:\/\/www.elections.sbcounty.gov\/?page_id=39486"},"modified":"2021-12-21T22:58:17","modified_gmt":"2021-12-21T22:58:17","slug":"measures","status":"publish","type":"page","link":"https:\/\/elections.sbcounty.gov\/es\/elections\/2015\/1103\/measures\/","title":{"rendered":"Elecciones Consolidadas de 2015 \u2013 Medidas\ufffc"},"content":{"rendered":"  <section data-isd-block-id=\"rov-content-blockblock_a25bb2ebd002f9675b761dfd9b8987d0\"\n\t\t\t\t\t\t\t\t\t\t \t\t\t\t\t\t\t\t\t\t\t class=\"card-style main-content-wrapper rov-card-style mb-4\">\n\n\t<h2 class=\"block-subtitle blue\">Elecciones Consolidadas de 2015 \u2013 Medidas<\/h2>\n\n\t<div class=\"ctnr-block-content\"><table class=\"table striped\" style=\"border-collapse: collapse\" border=\"1\">\n<tbody>\n<tr>\n<th><strong>Letra<\/strong><\/th>\n<th><strong>Jurisdicci\u00f3n<\/strong><\/th>\n<th><strong>Descripci\u00f3n de la Medida<\/strong><\/th>\n<th><strong>An\u00e1lisis<\/strong><\/th>\n<th><strong>Argumentos<\/strong><\/th>\n<th><strong>Porcentaje<br \/>\npara ser Aprobada<\/strong><\/th>\n<\/tr>\n<tr>\n<td><a href=\"https:\/\/www.sbcounty.gov\/uploads\/ROV\/Elections\/2015\/1103\/Measures\/Measure%20A\/PublicNotice_NoticeOfElection_RanchoCucamongaCFD1.pdf\" target=\"_blank\" rel=\"noopener\">A<\/a><\/td>\n<td><a href=\"https:\/\/www.sbcounty.gov\/uploads\/ROV\/Elections\/2015\/1103\/Measures\/Measure%20A\/Resolution_No112ElectionInformation.pdf\" target=\"_blank\" rel=\"noopener\">Distrito N.\u00ba 1 de Instalaciones Comunitarias de<br \/>\nParques y Alumbrado P\u00fablico del Vecindario<br \/>\nde la Ciudad de Rancho Cucamonga West-Side<\/a><\/td>\n<td><a href=\"https:\/\/www.sbcounty.gov\/uploads\/ROV\/Elections\/2015\/1103\/Measures\/Measure%20A\/Resolution_No111FullText.pdf\" target=\"_blank\" rel=\"noopener\">Impuesto Especial<\/a><\/td>\n<td><a href=\"https:\/\/www.sbcounty.gov\/uploads\/ROV\/Elections\/2015\/1103\/Measures\/Measure%20A\/Notice_ImpartialAnalysis_RanchoCucamongaCFD1.pdf\" target=\"_blank\" rel=\"noopener\">Imparcial<\/a><\/td>\n<td>&#8211; <a href=\"https:\/\/www.sbcounty.gov\/uploads\/ROV\/Elections\/2015\/1103\/Measures\/Measure%20A\/Form_ArgumentInFavor.pdf\" target=\"_blank\" rel=\"noopener\">Argumento a Favor<\/a><br \/>\n\u2013\u00a0<a href=\"https:\/\/www.sbcounty.gov\/uploads\/ROV\/Elections\/2015\/1103\/Measures\/Measure%20A\/Form_RebuttalToArgumentinFavorMeausureA.pdf\" target=\"_blank\" rel=\"noopener\">Refutaci\u00f3n del Argumento a Favor<\/a><br \/>\n\u2013\u00a0<a href=\"https:\/\/www.sbcounty.gov\/uploads\/ROV\/Elections\/2015\/1103\/Measures\/Measure%20A\/Form_ArgumentAgainst.pdf\" target=\"_blank\" rel=\"noopener\">Argumento en Contra<\/a><br \/>\n\u2013\u00a0<a href=\"https:\/\/www.sbcounty.gov\/uploads\/ROV\/Elections\/2015\/1103\/Measures\/Measure%20A\/Form_RebuttalToArgumentinAgainstMeausureA.pdf\" target=\"_blank\" rel=\"noopener\">Refutaci\u00f3n del Argumento en Contra<\/a><\/td>\n<td>2\/3<\/td>\n<\/tr>\n<tr>\n<td><a href=\"https:\/\/www.sbcounty.gov\/uploads\/ROV\/Elections\/2015\/1103\/Measures\/Measure%20B\/PublicNotice_Measure_RunningSpringsWaterDistrict.pdf\" target=\"_blank\" rel=\"noopener\">B<\/a><\/td>\n<td><a href=\"https:\/\/www.sbcounty.gov\/uploads\/ROV\/Elections\/2015\/1103\/Measures\/Measure%20B\/Resolution_RunningSpringsWD.pdf\" target=\"_blank\" rel=\"noopener\">Distrito de Aguas Running Springs<\/a><\/td>\n<td><a href=\"https:\/\/www.sbcounty.gov\/uploads\/ROV\/Elections\/2015\/1103\/Measures\/Measure%20B\/Ordinance_RunningSpringsWD_FullText.pdf\" target=\"_blank\" rel=\"noopener\">Impuesto Parcelario<\/a><\/td>\n<td><a href=\"https:\/\/www.sbcounty.gov\/uploads\/ROV\/Elections\/2015\/1103\/Measures\/Measure%20B\/Form_ImpartialAnalysis_RunningSpringsWD.pdf\" target=\"_blank\" rel=\"noopener\">Imparcial<\/a><\/td>\n<td>&#8211; <a href=\"https:\/\/www.sbcounty.gov\/uploads\/ROV\/Elections\/2015\/1103\/Measures\/Measure%20B\/Form_ArgumentInFavor_RunningSpringsWD.pdf\" target=\"_blank\" rel=\"noopener\">Argumento a Favor<\/a><br \/>\n\u2013 No se present\u00f3 una Refutaci\u00f3n del Argumento a Favor<br \/>\n\u2013 No se present\u00f3 un Argumento en Contra<\/td>\n<td>2\/3<\/td>\n<\/tr>\n<tr>\n<td>CC<\/td>\n<td><a href=\"https:\/\/www.sbcounty.gov\/uploads\/ROV\/Elections\/2015\/1103\/Measures\/Measure%20CC\/Resolution_HelendaleCommunityServicesDistrict.pdf\" target=\"_blank\" rel=\"noopener\">Distrito de Servicios Comunitarios Helendale<\/a><\/td>\n<td>Pregunta de Asesoramiento<\/td>\n<td>Ninguno<\/td>\n<td>Ninguno<\/td>\n<td>Pregunta de Asesoramiento \u00danicamente<\/td>\n<\/tr>\n<\/tbody>\n<\/table>\n<p><strong>Avisos P\u00fablicos y Formularios Relacionados:<\/strong><\/p>\n<ul>\n<li><a href=\"https:\/\/www.sbcounty.gov\/uploads\/ROV\/Elections\/2015\/1103\/Measures\/List_2015-11-03_MeasureLetterAssignment.pdf\" target=\"_blank\" rel=\"noopener\">Aviso P\u00fablico: Designaciones de la Medida<\/a><\/li>\n<li><a href=\"https:\/\/elections.sbcounty.gov\/Elections\/Measures\/\">Hoja con Informaci\u00f3n Gen\u00e9rica sobre las Medidas<\/a><\/li>\n<\/ul>\n<\/div>\n\n  <\/section>\n\n\t","protected":false},"excerpt":{"rendered":"<p>Elecciones Consolidadas de 2015 \u2013 Medidas Letra Jurisdicci\u00f3n Descripci\u00f3n de la Medida An\u00e1lisis Argumentos Porcentaje para ser Aprobada A Distrito N.\u00ba 1 de Instalaciones Comunitarias de Parques y Alumbrado P\u00fablico del Vecindario de la Ciudad de Rancho Cucamonga West-Side Impuesto Especial Imparcial &#8211; Argumento a Favor \u2013\u00a0Refutaci\u00f3n del Argumento a<span class=\"ellipsis\">&#8230;<\/span><\/p>\n","protected":false},"author":19,"featured_media":37382,"parent":39465,"menu_order":0,"comment_status":"closed","ping_status":"closed","template":"templates\/rov-full-width-no-title-template.php","meta":{"_acf_changed":false,"footnotes":""},"class_list":["post-39486","page","type-page","status-publish","has-post-thumbnail","hentry"],"acf":[],"_links":{"self":[{"href":"https:\/\/elections.sbcounty.gov\/es\/wp-json\/wp\/v2\/pages\/39486","targetHints":{"allow":["GET"]}}],"collection":[{"href":"https:\/\/elections.sbcounty.gov\/es\/wp-json\/wp\/v2\/pages"}],"about":[{"href":"https:\/\/elections.sbcounty.gov\/es\/wp-json\/wp\/v2\/types\/page"}],"author":[{"embeddable":true,"href":"https:\/\/elections.sbcounty.gov\/es\/wp-json\/wp\/v2\/users\/19"}],"replies":[{"embeddable":true,"href":"https:\/\/elections.sbcounty.gov\/es\/wp-json\/wp\/v2\/comments?post=39486"}],"version-history":[{"count":0,"href":"https:\/\/elections.sbcounty.gov\/es\/wp-json\/wp\/v2\/pages\/39486\/revisions"}],"up":[{"embeddable":true,"href":"https:\/\/elections.sbcounty.gov\/es\/wp-json\/wp\/v2\/pages\/39465"}],"wp:featuredmedia":[{"embeddable":true,"href":"https:\/\/elections.sbcounty.gov\/es\/wp-json\/wp\/v2\/media\/37382"}],"wp:attachment":[{"href":"https:\/\/elections.sbcounty.gov\/es\/wp-json\/wp\/v2\/media?parent=39486"}],"curies":[{"name":"wp","href":"https:\/\/api.w.org\/{rel}","templated":true}]}}