{"id":39465,"date":"2021-12-21T22:53:40","date_gmt":"2021-12-21T22:53:40","guid":{"rendered":"https:\/\/www.elections.sbcounty.gov\/?page_id=39465"},"modified":"2024-06-06T08:58:11","modified_gmt":"2024-06-06T15:58:11","slug":"1103","status":"publish","type":"page","link":"https:\/\/elections.sbcounty.gov\/es\/elections\/2015\/1103\/","title":{"rendered":"Archivo de Elecciones Consolidadas del 3 de noviembre de 2015"},"content":{"rendered":"  <section data-isd-block-id=\"rov-content-blockblock_ba56be7adc65f703f932690bd7b8dc4a\"\n\t\t\t\t\t\t\t\t\t\t \t\t\t\t\t\t\t\t\t\t\t class=\"card-style main-content-wrapper rov-card-style mb-4\">\n\n\t<h2 class=\"block-subtitle blue\">Publicaciones Electorales<\/h2>\n\n\t<div class=\"ctnr-block-content\"><p><strong>Gu\u00eda de Informaci\u00f3n para el Votante del Condado de San Bernardino<\/strong><\/p>\n<ul>\n<li>La Gu\u00eda de Informaci\u00f3n para el Votante es un folleto publicado por la Oficina de Elecciones del Condado de San Bernardino que incluye informaci\u00f3n sobre las elecciones, los candidatos y las medidas, una boleta de muestra e informaci\u00f3n de las casillas electorales.<\/li>\n<li>La\u00a0<strong><a href=\"https:\/\/uploads.rov.sbcounty.gov\/ROV\/es\/Elections\/2015\/1103\/SB-CMBSP.pdf\" target=\"_blank\" rel=\"noopener\">Gu\u00eda de Informaci\u00f3n para el Votante<\/a><\/strong>\u00a0completa contiene informaci\u00f3n de todos los cargos incluidos en las elecciones y las medidas en la boleta en todo el Condado de San Bernardino.<\/li>\n<li>La Gu\u00eda de Informaci\u00f3n para el Votante espec\u00edfica de cada distrito electoral contiene informaci\u00f3n de los cargos incluidos en las elecciones y las medidas que figuran en las boletas de cada distrito electoral. Puede consultar las Gu\u00edas de Informaci\u00f3n para el Votante espec\u00edficas de cada distrito electoral con la herramienta de B\u00fasqueda de Casillas Electorales y Boleta de Muestra\u00a0[ya no est\u00e1 disponible].<\/li>\n<\/ul>\n<p><a href=\"https:\/\/elections.sbcounty.gov\/es\/News\/2015\/\"><strong>Comunicados de Prensa y Avisos P\u00fablicos<\/strong><\/a><\/p>\n<\/div>\n\n  <\/section>\n\n\t\n\n  <section data-isd-block-id=\"rov-content-blockblock_cf420b15270ab72ad11dd73ae5ddac7e\"\n\t\t\t\t\t\t\t\t\t\t \t\t\t\t\t\t\t\t\t\t\t class=\"card-style main-content-wrapper rov-card-style mb-4\">\n\n\t<h2 class=\"block-subtitle blue\">Fechas Clave y Fechas L\u00edmite<\/h2>\n\n\t<div class=\"ctnr-block-content\"><table class=\"table table-striped\" style=\"width: 99%\">\n<thead>\n<tr style=\"text-align: left;font-weight: bold\">\n<th><strong>Fecha<\/strong><\/th>\n<th><strong>Acci\u00f3n<\/strong><\/th>\n<\/tr>\n<\/thead>\n<tbody>\n<tr>\n<td>13 de julio de 2015<\/td>\n<td>Comienza la presentaci\u00f3n de candidatos<\/td>\n<\/tr>\n<tr>\n<td>7 de agosto de 2015<\/td>\n<td>Fecha l\u00edmite de presentaci\u00f3n de candidatos<\/td>\n<\/tr>\n<tr>\n<td>2 de octubre de 2015<\/td>\n<td>Las Gu\u00edas de Informaci\u00f3n para el Votante se entregan en los buzones de los votantes<\/td>\n<\/tr>\n<tr>\n<td>5 de octubre de 2015<\/td>\n<td>Comienza el voto anticipado<\/td>\n<\/tr>\n<tr>\n<td>9 de octubre de 2015<\/td>\n<td>Las Boletas por Correo se entregan en los buzones de los votantes<\/td>\n<\/tr>\n<tr>\n<td>19 de octubre de 2015<\/td>\n<td>Fecha l\u00edmite para el registro de votantes<\/td>\n<\/tr>\n<tr>\n<td>27 de octubre de 2015<\/td>\n<td>Fecha l\u00edmite para registrarse a la votaci\u00f3n por correo<\/td>\n<\/tr>\n<tr>\n<td><strong>3 de noviembre de 2015<\/strong><\/td>\n<td><strong>D\u00eda de las Elecciones \u2013 Elecciones Consolidadas de 2015<\/strong><\/td>\n<\/tr>\n<tr>\n<td>4 de noviembre de 2015<\/td>\n<td>Comienza el escrutinio de las Elecciones<\/td>\n<\/tr>\n<tr>\n<td>23 de noviembre de 2015<\/td>\n<td>Fecha l\u00edmite para completar el escrutinio oficial y certificar los resultados<\/td>\n<\/tr>\n<\/tbody>\n<\/table>\n<\/div>\n\n  <\/section>\n\n\t\n\n  <section data-isd-block-id=\"rov-content-blockblock_ab69d8acd31c1a5104a78e7ae33b49bf\"\n\t\t\t\t\t\t\t\t\t\t \t\t\t\t\t\t\t\t\t\t\t class=\"card-style main-content-wrapper rov-card-style mb-4\">\n\n\t<h2 class=\"block-subtitle blue\">Informaci\u00f3n de los Cargos y Candidatos<\/h2>\n\n\t<div class=\"ctnr-block-content\"><p><strong>Cargos a Elegir:<\/strong><\/p>\n<ul>\n<li>Consulte los\u00a0<a href=\"https:\/\/www.sbcounty.gov\/uploads\/ROV\/Elections\/2015\/1103\/Notice_OfficesUpForElection.pdf?_=1435178441945\" target=\"_blank\" rel=\"noopener\">Cargos a Elegir<\/a>\u00a0para las Elecciones Consolidadas de 2015.<\/li>\n<\/ul>\n<p><strong>Presentaci\u00f3n de Candidatos:<\/strong><\/p>\n<p>La presentaci\u00f3n de candidatos comienza el 13 de julio de 2015 y termina el 7\u00a0de agosto de 2015. Visite nuestra\u00a0<a href=\"https:\/\/elections.sbcounty.gov\/es\/Elected-Officials-Candidates\/\">p\u00e1gina de Funcionarios Electos y Candidatos<\/a>\u00a0para obtener la informaci\u00f3n completa e instrucciones.<\/p>\n<ul>\n<li>Consulte la\u00a0<a href=\"https:\/\/www.sbcounty.gov\/uploads\/ROV\/Elections\/2015\/1103\/Guide_CandidateFiling.pdf?_=1441922055117\" target=\"_blank\" rel=\"noopener\">Gu\u00eda de Presentaci\u00f3n de Candidatos<\/a>\u00a0[pdf].<\/li>\n<\/ul>\n<p><strong>Lista de Candidatos:<\/strong><\/p>\n<ul>\n<li>Consulte la\u00a0<a href=\"https:\/\/www.sbcounty.gov\/uploads\/ROV\/Elections\/2015\/1103\/List_CandidateReport.pdf?_=1441922055117\" target=\"_blank\" rel=\"noopener\">Lista de Candidatos<\/a>\u00a0[pdf].<\/li>\n<li>Consulte los\u00a0<a href=\"https:\/\/www.sbcounty.gov\/uploads\/ROV\/Elections\/2015\/1103\/Notice_Appointments%20In%20Lieu_November_2015.pdf?_=1640126785530\" target=\"_blank\" rel=\"noopener\">Nombramientos en lugar de Elecciones<\/a>\u00a0[pdf].<\/li>\n<\/ul>\n<\/div>\n\n  <\/section>\n\n\t\n\n  <section data-isd-block-id=\"rov-content-blockblock_adcc7d01500487762307d7b78db1627a\"\n\t\t\t\t\t\t\t\t\t\t \t\t\t\t\t\t\t\t\t\t\t class=\"card-style main-content-wrapper rov-card-style mb-4\">\n\n\t<h2 class=\"block-subtitle blue\">Medidas en la Boleta<\/h2>\n\n\t<div class=\"ctnr-block-content\"><ul>\n<li>Consulte las\u00a0<a href=\"https:\/\/elections.sbcounty.gov\/es\/Elections\/2015\/1103\/Measures\/\">Medidas<\/a>\u00a0locales en la boleta para las Elecciones Consolidadas de 2015.<\/li>\n<\/ul>\n<\/div>\n\n  <\/section>\n\n\t\n\n  <section data-isd-block-id=\"rov-content-blockblock_c7e199d8d4fab7d34c3b465daf8fa966\"\n\t\t\t\t\t\t\t\t\t\t \t\t\t\t\t\t\t\t\t\t\t class=\"card-style main-content-wrapper rov-card-style mb-4\">\n\n\t<h2 class=\"block-subtitle blue\">Registro de Votantes<\/h2>\n\n\t<div class=\"ctnr-block-content\"><p>Su solicitud de registro de votante debe tener un sello postal a m\u00e1s tardar del\u00a0<strong>19 de octubre de 2015<\/strong>\u00a0para que sea elegible para votar en las Elecciones Consolidadas de 2015. Visite nuestra\u00a0<a href=\"https:\/\/elections.sbcounty.gov\/es\/VoterRegistration\/\">p\u00e1gina del Registro de Votantes<\/a>\u00a0para obtener la informaci\u00f3n completa e instrucciones.<\/p>\n<ul>\n<li>Consulte el Resumen del Registro de Votantes Calificados [ya no est\u00e1 disponible]<\/li>\n<\/ul>\n<\/div>\n\n  <\/section>\n\n\t\n\n  <section data-isd-block-id=\"rov-content-blockblock_a2cc56b9fbf5ab1845b9346dd79ef3db\"\n\t\t\t\t\t\t\t\t\t\t \t\t\t\t\t\t\t\t\t\t\t class=\"card-style main-content-wrapper rov-card-style mb-4\">\n\n\t<h2 class=\"block-subtitle blue\">Opciones de Voto<\/h2>\n\n\t<div class=\"ctnr-block-content\"><ul>\n<li>Vote con anticipaci\u00f3n en la Oficina de Elecciones a partir del 5 de octubre de 2015.<\/li>\n<li>Vote en una Boleta por Correo. La Solicitud de Boleta por Correo vence el 27 de octubre de 2015.\u00a0Llene y devuelva una de las siguientes solicitudes:\n<ul>\n<li>Solicitud de Boleta por Correo [ya no est\u00e1 disponible].<\/li>\n<\/ul>\n<\/li>\n<li>Vote en la casilla electoral que se le asign\u00f3 el D\u00eda de las Elecciones, el\u00a03 de noviembre de 2015, desde las 7 a.m. hasta las 8 p.m.\n<ul>\n<li>Localice su Casilla Electoral asignada\u00a0[ya no est\u00e1 disponible].<\/li>\n<\/ul>\n<\/li>\n<\/ul>\n<p>Visite nuestra\u00a0<a href=\"https:\/\/elections.sbcounty.gov\/es\/Voting\/\">p\u00e1gina de Opciones de Voto<\/a>\u00a0para obtener la informaci\u00f3n completa e instrucciones.<\/p>\n<p><strong>Votantes Militares y en el Extranjero:<\/strong><\/p>\n<p>Los ciudadanos Uniformados y en el Extranjero pueden obtener una\u00a0Gu\u00eda de Informaci\u00f3n para el Votante y Boleta de Muestra,\u00a0as\u00ed como una Boleta para estas elecciones\u00a0[ya no est\u00e1 disponible].<\/p>\n<\/div>\n\n  <\/section>\n\n\t\n\n  <section data-isd-block-id=\"rov-content-blockblock_19af277a476f5c28ce3eb114a9f263c1\"\n\t\t\t\t\t\t\t\t\t\t \t\t\t\t\t\t\t\t\t\t\t class=\"card-style main-content-wrapper rov-card-style mb-4\">\n\n\t<h2 class=\"block-subtitle blue\">Estad\u00edsticas de Devoluci\u00f3n de Boletas por Correo<\/h2>\n\n\t<div class=\"ctnr-block-content\"><p>El Informe de Estad\u00edsticas de Devoluci\u00f3n de Boletas por Correo muestra el n\u00famero de boletas por correo que se han emitido y devuelto en las elecciones, as\u00ed como las estad\u00edsticas hist\u00f3ricas de las elecciones anteriores. Los datos presentados en este informe se actualizan diariamente y pueden fluctuar a medida que se reciben m\u00e1s solicitudes de boletas por correo y se procesan las boletas por correo marcadas.<\/p>\n<ul>\n<li>Consulte el Informe de Estad\u00edsticas de Devoluci\u00f3n de Boletas por Correo de estas elecciones [ya no est\u00e1 disponible].<\/li>\n<\/ul>\n<\/div>\n\n  <\/section>\n\n\t\n\n  <section data-isd-block-id=\"rov-content-blockblock_2bc1c976b2b8387f72b51dab5a42547f\"\n\t\t\t\t\t\t\t\t\t\t \t\t\t\t\t\t\t\t\t\t\t class=\"card-style main-content-wrapper rov-card-style mb-4\">\n\n\t<h2 class=\"block-subtitle blue\">Resultados de las Elecciones<\/h2>\n\n\t<div class=\"ctnr-block-content\"><ul>\n<li><a href=\"https:\/\/results.rov.sbcounty.gov\/results\/20151103\/default.html\" target=\"_blank\" rel=\"noopener\">Resultados de las Elecciones<\/a><\/li>\n<li><a href=\"https:\/\/elections.sbcounty.gov\/es\/Elections\/2015\/1103\/SOV\/\">Declaraci\u00f3n de Votos Emitidos<\/a><\/li>\n<li>Estado de la Boleta Provisional [ya no est\u00e1 disponible]<\/li>\n<\/ul>\n<\/div>\n\n  <\/section>\n\n\t","protected":false},"excerpt":{"rendered":"<p>Publicaciones Electorales Gu\u00eda de Informaci\u00f3n para el Votante del Condado de San Bernardino La Gu\u00eda de Informaci\u00f3n para el Votante es un folleto publicado por la Oficina de Elecciones del Condado de San Bernardino que incluye informaci\u00f3n sobre las elecciones, los candidatos y las medidas, una boleta de muestra e<span class=\"ellipsis\">&#8230;<\/span><\/p>\n","protected":false},"author":19,"featured_media":37382,"parent":39132,"menu_order":0,"comment_status":"closed","ping_status":"closed","template":"templates\/rov-left-sidebar-template.php","meta":{"_acf_changed":false,"footnotes":""},"class_list":["post-39465","page","type-page","status-publish","has-post-thumbnail","hentry"],"acf":[],"_links":{"self":[{"href":"https:\/\/elections.sbcounty.gov\/es\/wp-json\/wp\/v2\/pages\/39465","targetHints":{"allow":["GET"]}}],"collection":[{"href":"https:\/\/elections.sbcounty.gov\/es\/wp-json\/wp\/v2\/pages"}],"about":[{"href":"https:\/\/elections.sbcounty.gov\/es\/wp-json\/wp\/v2\/types\/page"}],"author":[{"embeddable":true,"href":"https:\/\/elections.sbcounty.gov\/es\/wp-json\/wp\/v2\/users\/19"}],"replies":[{"embeddable":true,"href":"https:\/\/elections.sbcounty.gov\/es\/wp-json\/wp\/v2\/comments?post=39465"}],"version-history":[{"count":6,"href":"https:\/\/elections.sbcounty.gov\/es\/wp-json\/wp\/v2\/pages\/39465\/revisions"}],"predecessor-version":[{"id":84040,"href":"https:\/\/elections.sbcounty.gov\/es\/wp-json\/wp\/v2\/pages\/39465\/revisions\/84040"}],"up":[{"embeddable":true,"href":"https:\/\/elections.sbcounty.gov\/es\/wp-json\/wp\/v2\/pages\/39132"}],"wp:featuredmedia":[{"embeddable":true,"href":"https:\/\/elections.sbcounty.gov\/es\/wp-json\/wp\/v2\/media\/37382"}],"wp:attachment":[{"href":"https:\/\/elections.sbcounty.gov\/es\/wp-json\/wp\/v2\/media?parent=39465"}],"curies":[{"name":"wp","href":"https:\/\/api.w.org\/{rel}","templated":true}]}}