{"id":39411,"date":"2021-12-21T22:28:54","date_gmt":"2021-12-21T22:28:54","guid":{"rendered":"https:\/\/www.elections.sbcounty.gov\/?page_id=39411"},"modified":"2021-12-21T22:28:54","modified_gmt":"2021-12-21T22:28:54","slug":"measures","status":"publish","type":"page","link":"https:\/\/elections.sbcounty.gov\/es\/elections\/2015\/0623\/measures\/","title":{"rendered":"Medida del Distrito de Cuidados de la Salud Hi-Desert Memorial\ufffc"},"content":{"rendered":"  <section data-isd-block-id=\"rov-content-blockblock_a90a6bb22f8cd2bb0ceb185905bed317\"\n\t\t\t\t\t\t\t\t\t\t \t\t\t\t\t\t\t\t\t\t\t class=\"card-style main-content-wrapper rov-card-style mb-4\">\n\n\t<h2 class=\"block-subtitle blue\">Medida del Distrito de Cuidados de la Salud Hi-Desert Memorial<\/h2>\n\n\t<div class=\"ctnr-block-content\"><table class=\"table striped\" border=\"1\">\n<tbody>\n<tr>\n<th><strong>Letra<\/strong><\/th>\n<th><strong>Jurisdicci\u00f3n<\/strong><\/th>\n<th><strong>Descripci\u00f3n de la Medida<\/strong><\/th>\n<th><strong>An\u00e1lisis<\/strong><\/th>\n<th><strong>Argumentos<\/strong><\/th>\n<th><strong>Porcentaje para ser Aprobada<\/strong><\/th>\n<\/tr>\n<tr>\n<td>\u00a0<a href=\"https:\/\/www.sbcounty.gov\/uploads\/ROV\/Elections\/2015\/0623\/PublicNotice_MeasureY_Hi-DesertMemorialHealthCare.pdf\" target=\"_blank\" rel=\"noopener\">Y<\/a><\/td>\n<td>Distrito de Cuidados de la Salud Hi-Desert Memorial<\/td>\n<td><a href=\"https:\/\/www.sbcounty.gov\/uploads\/ROV\/Elections\/2015\/0623\/Resolution_Hi-DesertMemorialHealthCareDistrict.pdf\" target=\"_blank\" rel=\"noopener\">Medida para un Contrato de Compra y de Arrendamiento a Largo Plazo<\/a><\/td>\n<td><span style=\"color: #0066cc\"><a href=\"https:\/\/www.sbcounty.gov\/uploads\/ROV\/Elections\/2015\/0623\/ImpartialAnalysis_Hi-Desert%20Memorial.pdf\" target=\"_blank\" rel=\"noopener\">Imparcial<\/a><\/span><\/td>\n<td>\u2013\u00a0<a href=\"https:\/\/www.sbcounty.gov\/uploads\/ROV\/Elections\/2015\/0623\/Argument_InFavorMeasureY_Redacted.pdf\" target=\"_blank\" rel=\"noopener\">Argumento a Favor<\/a><br \/>\n\u2013 No se present\u00f3 una Refutaci\u00f3n del Argumento a Favor<br \/>\n\u2013 No se present\u00f3 un Argumento en Contra<\/td>\n<td>50%+1<\/td>\n<\/tr>\n<\/tbody>\n<\/table>\n<p class=\"h5_leftalign\"><strong>Avisos P\u00fablicos y Formularios Relacionados: \u00a0\u00a0<\/strong><\/p>\n<p><a href=\"https:\/\/elections.sbcounty.gov\/es\/Elections\/Measures\/\">Hoja con Informaci\u00f3n Gen\u00e9rica sobre las Medidas<\/a><\/p>\n<\/div>\n\n  <\/section>\n\n\t","protected":false},"excerpt":{"rendered":"<p>Medida del Distrito de Cuidados de la Salud Hi-Desert Memorial Letra Jurisdicci\u00f3n Descripci\u00f3n de la Medida An\u00e1lisis Argumentos Porcentaje para ser Aprobada \u00a0Y Distrito de Cuidados de la Salud Hi-Desert Memorial Medida para un Contrato de Compra y de Arrendamiento a Largo Plazo Imparcial \u2013\u00a0Argumento a Favor \u2013 No se<span class=\"ellipsis\">&#8230;<\/span><\/p>\n","protected":false},"author":19,"featured_media":37382,"parent":39393,"menu_order":0,"comment_status":"closed","ping_status":"closed","template":"templates\/rov-full-width-no-title-template.php","meta":{"_acf_changed":false,"footnotes":""},"class_list":["post-39411","page","type-page","status-publish","has-post-thumbnail","hentry"],"acf":[],"_links":{"self":[{"href":"https:\/\/elections.sbcounty.gov\/es\/wp-json\/wp\/v2\/pages\/39411","targetHints":{"allow":["GET"]}}],"collection":[{"href":"https:\/\/elections.sbcounty.gov\/es\/wp-json\/wp\/v2\/pages"}],"about":[{"href":"https:\/\/elections.sbcounty.gov\/es\/wp-json\/wp\/v2\/types\/page"}],"author":[{"embeddable":true,"href":"https:\/\/elections.sbcounty.gov\/es\/wp-json\/wp\/v2\/users\/19"}],"replies":[{"embeddable":true,"href":"https:\/\/elections.sbcounty.gov\/es\/wp-json\/wp\/v2\/comments?post=39411"}],"version-history":[{"count":0,"href":"https:\/\/elections.sbcounty.gov\/es\/wp-json\/wp\/v2\/pages\/39411\/revisions"}],"up":[{"embeddable":true,"href":"https:\/\/elections.sbcounty.gov\/es\/wp-json\/wp\/v2\/pages\/39393"}],"wp:featuredmedia":[{"embeddable":true,"href":"https:\/\/elections.sbcounty.gov\/es\/wp-json\/wp\/v2\/media\/37382"}],"wp:attachment":[{"href":"https:\/\/elections.sbcounty.gov\/es\/wp-json\/wp\/v2\/media?parent=39411"}],"curies":[{"name":"wp","href":"https:\/\/api.w.org\/{rel}","templated":true}]}}