{"id":39327,"date":"2021-12-21T22:19:05","date_gmt":"2021-12-21T22:19:05","guid":{"rendered":"https:\/\/www.elections.sbcounty.gov\/?page_id=39327"},"modified":"2021-12-21T22:19:05","modified_gmt":"2021-12-21T22:19:05","slug":"measures","status":"publish","type":"page","link":"https:\/\/elections.sbcounty.gov\/es\/elections\/2015\/0602\/measures\/","title":{"rendered":"Elecciones Especiales del Pueblo de Yucca Valley \u2013 Medidas\ufffc"},"content":{"rendered":"  <section data-isd-block-id=\"rov-content-blockblock_6cc57005e91e9dbb98586e5c4c6ddbea\"\n\t\t\t\t\t\t\t\t\t\t \t\t\t\t\t\t\t\t\t\t\t class=\"card-style main-content-wrapper rov-card-style mb-4\">\n\n\t<h2 class=\"block-subtitle blue\">Elecciones Especiales del Pueblo de Yucca Valley \u2013 Medidas<\/h2>\n\n\t<div class=\"ctnr-block-content\"><table class=\"table striped\" style=\"width: 100%;border-collapse: collapse\" border=\"1\">\n<colgroup>\n<col \/>\n<col \/>\n<col \/>\n<col \/>\n<col \/>\n<col \/><\/colgroup>\n<tbody>\n<tr>\n<th><strong>Letra<\/strong><\/th>\n<th><strong>Jurisdicci\u00f3n<\/strong><\/th>\n<th><strong>Descripci\u00f3n de la Medida<\/strong><\/th>\n<th><strong>An\u00e1lisis<\/strong><\/th>\n<th><strong>Argumentos<\/strong><\/th>\n<th><strong>Porcentaje para ser Aprobada<\/strong><\/th>\n<\/tr>\n<tr>\n<td><a href=\"https:\/\/www.sbcounty.gov\/uploads\/ROV\/News\/2015\/0602\/Notice_2015-06-02TownOfYuccaValleyNoticeOfElection.pdf\" target=\"_blank\" rel=\"noopener\">X<\/a><\/td>\n<td><a href=\"https:\/\/www.sbcounty.gov\/uploads\/ROV\/Elections\/2015\/0602\/Measures\/Resolution_TownOfYuccaValley_MeasureX.pdf\" target=\"_blank\" rel=\"noopener\">Pueblo de Yucca Valley<\/a><\/td>\n<td><a href=\"https:\/\/www.sbcounty.gov\/uploads\/ROV\/Elections\/2015\/0602\/Measures\/Measure_ApprovedFullText_2015-03-12.pdf\" target=\"_blank\" rel=\"noopener\">Medida de Iniciativa para la Autorizaci\u00f3n y Regulaci\u00f3n de Dispensarios de Marihuana Medicinal<\/a><\/td>\n<td><a href=\"https:\/\/www.sbcounty.gov\/uploads\/ROV\/Elections\/2015\/0602\/Measures\/ImpartialAnalysis_MeasureX_2015-03-19.pdf\" target=\"_blank\" rel=\"noopener\">Imparcial<\/a><\/td>\n<td>\u2013\u00a0<a href=\"https:\/\/www.sbcounty.gov\/uploads\/ROV\/Elections\/2015\/0602\/Measures\/ArgumentInFavor_TownOfYuccaValley_MeasureX_2015-03-19_Redacted.pdf\" target=\"_blank\" rel=\"noopener\">Argumento a Favor<\/a><br \/>\n\u2013\u00a0<a href=\"https:\/\/www.sbcounty.gov\/uploads\/ROV\/Elections\/2015\/0602\/Measures\/Rebuttal_RebuttalAgainst_TownofYuccaValley_MeasureX_2015-03-30_Redacted.pdf\" target=\"_blank\" rel=\"noopener\">Refutaci\u00f3n del Argumento a Favor<br \/>\n<\/a>\u2013\u00a0<a href=\"https:\/\/www.sbcounty.gov\/uploads\/ROV\/Elections\/2015\/0602\/Measures\/ArgumentAgainst_TownOfYuccaValley_MeasureX_2015-03-19_Redacted.pdf\" target=\"_blank\" rel=\"noopener\">Argumento en Contra<\/a><br \/>\n\u2013\u00a0<a href=\"https:\/\/www.sbcounty.gov\/uploads\/ROV\/Elections\/2015\/0602\/Measures\/Rebuttal_RebuttalInFavor_TownOfYuccaValley_MeasureX_2015-03-30_Redacted.pdf\" target=\"_blank\" rel=\"noopener\">Refutaci\u00f3n del Argumento en Contra<\/a><\/td>\n<td>50%+1<\/td>\n<\/tr>\n<\/tbody>\n<\/table>\n<p><strong>Avisos P\u00fablicos y Formularios Relacionados:\u00a0\u00a0\u00a0\u00a0<\/strong><\/p>\n<p class=\"h5_leftalign\"><a href=\"https:\/\/elections.sbcounty.gov\/es\/Elections\/Measures\/\">Informaci\u00f3n Gen\u00e9rica sobre las Medidas<\/a><\/p>\n<\/div>\n\n  <\/section>\n\n\t","protected":false},"excerpt":{"rendered":"<p>Elecciones Especiales del Pueblo de Yucca Valley \u2013 Medidas Letra Jurisdicci\u00f3n Descripci\u00f3n de la Medida An\u00e1lisis Argumentos Porcentaje para ser Aprobada X Pueblo de Yucca Valley Medida de Iniciativa para la Autorizaci\u00f3n y Regulaci\u00f3n de Dispensarios de Marihuana Medicinal Imparcial \u2013\u00a0Argumento a Favor \u2013\u00a0Refutaci\u00f3n del Argumento a Favor \u2013\u00a0Argumento en<span class=\"ellipsis\">&#8230;<\/span><\/p>\n","protected":false},"author":19,"featured_media":37382,"parent":39306,"menu_order":0,"comment_status":"closed","ping_status":"closed","template":"templates\/rov-full-width-no-title-template.php","meta":{"_acf_changed":false,"footnotes":""},"class_list":["post-39327","page","type-page","status-publish","has-post-thumbnail","hentry"],"acf":[],"_links":{"self":[{"href":"https:\/\/elections.sbcounty.gov\/es\/wp-json\/wp\/v2\/pages\/39327","targetHints":{"allow":["GET"]}}],"collection":[{"href":"https:\/\/elections.sbcounty.gov\/es\/wp-json\/wp\/v2\/pages"}],"about":[{"href":"https:\/\/elections.sbcounty.gov\/es\/wp-json\/wp\/v2\/types\/page"}],"author":[{"embeddable":true,"href":"https:\/\/elections.sbcounty.gov\/es\/wp-json\/wp\/v2\/users\/19"}],"replies":[{"embeddable":true,"href":"https:\/\/elections.sbcounty.gov\/es\/wp-json\/wp\/v2\/comments?post=39327"}],"version-history":[{"count":0,"href":"https:\/\/elections.sbcounty.gov\/es\/wp-json\/wp\/v2\/pages\/39327\/revisions"}],"up":[{"embeddable":true,"href":"https:\/\/elections.sbcounty.gov\/es\/wp-json\/wp\/v2\/pages\/39306"}],"wp:featuredmedia":[{"embeddable":true,"href":"https:\/\/elections.sbcounty.gov\/es\/wp-json\/wp\/v2\/media\/37382"}],"wp:attachment":[{"href":"https:\/\/elections.sbcounty.gov\/es\/wp-json\/wp\/v2\/media?parent=39327"}],"curies":[{"name":"wp","href":"https:\/\/api.w.org\/{rel}","templated":true}]}}