{"id":39306,"date":"2021-12-21T22:07:25","date_gmt":"2021-12-21T22:07:25","guid":{"rendered":"https:\/\/www.elections.sbcounty.gov\/?page_id=39306"},"modified":"2024-06-06T09:17:58","modified_gmt":"2024-06-06T16:17:58","slug":"0602","status":"publish","type":"page","link":"https:\/\/elections.sbcounty.gov\/es\/elections\/2015\/0602\/","title":{"rendered":"Archivo de Elecciones Especiales del Pueblo de Yucca Valley del 2 de junio de 2015"},"content":{"rendered":"  <section data-isd-block-id=\"rov-content-blockblock_107a93c88870adfd358903ac2b4b7b24\"\n\t\t\t\t\t\t\t\t\t\t \t\t\t\t\t\t\t\t\t\t\t class=\"card-style main-content-wrapper rov-card-style mb-4\">\n\n\t<h2 class=\"block-subtitle blue\">Publicaciones Electorales<\/h2>\n\n\t<div class=\"ctnr-block-content\"><p><strong>Gu\u00eda de Informaci\u00f3n para el Votante del Condado de San Bernardino<\/strong><\/p>\n<ul>\n<li>La\u00a0<a href=\"https:\/\/www.sbcounty.gov\/uploads\/ROV\/Voting\/VIG\/2015\/0602\/2015-06-02_Electronic_VIG.pdf\" target=\"_blank\" rel=\"noopener\">Gu\u00eda de Informaci\u00f3n para el Votante<\/a>\u00a0completa contiene informaci\u00f3n de todos los cargos incluidos en\u00a0las elecciones y las medidas en la boleta electoral\u00a0en todo el Condado de San Bernardino.<\/li>\n<li>La Gu\u00eda de Informaci\u00f3n para el Votante espec\u00edfica de cada distrito electoral contiene informaci\u00f3n de los cargos incluidos en las elecciones y las medidas en cada distrito electoral. \u00a0Puede consultar las Gu\u00edas de Informaci\u00f3n para el Votante espec\u00edficas de cada distrito electoral con la herramienta de B\u00fasqueda de Casillas Electorales y Boleta de Muestra [ya no est\u00e1 disponible].<\/li>\n<\/ul>\n<p><a href=\"https:\/\/elections.sbcounty.gov\/es\/News\/2015\/\"><strong>Comunicados de Prensa y Avisos P\u00fablicos<\/strong><\/a><\/p>\n<\/div>\n\n  <\/section>\n\n\t\n\n  <section data-isd-block-id=\"rov-content-blockblock_5ed94e3315f1ebc33e28667ea84ffd24\"\n\t\t\t\t\t\t\t\t\t\t \t\t\t\t\t\t\t\t\t\t\t class=\"card-style main-content-wrapper rov-card-style mb-4\">\n\n\t<h2 class=\"block-subtitle blue\">Fechas Clave y Fechas L\u00edmite<\/h2>\n\n\t<div class=\"ctnr-block-content\"><table class=\"table table-striped\" style=\"width: 90%\">\n<colgroup>\n<col \/>\n<col \/><\/colgroup>\n<thead>\n<tr>\n<th width=\"132\"><strong>Fecha<\/strong><\/th>\n<th width=\"337\"><strong>Acci\u00f3n<\/strong><\/th>\n<\/tr>\n<\/thead>\n<tbody>\n<tr>\n<td>2 de mayo de 2015<\/td>\n<td>Las Gu\u00edas de Informaci\u00f3n para el Votante se entregan a los buzones de los votantes<\/td>\n<\/tr>\n<tr>\n<td>4 de mayo de 2015<\/td>\n<td>Comienza el voto anticipado<\/td>\n<\/tr>\n<tr>\n<td>9 de mayo de 2015<\/td>\n<td>Las Boletas por Correo se entregan en los buzones de los votantes<\/td>\n<\/tr>\n<tr>\n<td>18 de mayo de 2015<\/td>\n<td>Fecha l\u00edmite para el registro de votantes<\/td>\n<\/tr>\n<tr>\n<td>26 de mayo de 2015<\/td>\n<td>Fecha l\u00edmite para registrarse a la votaci\u00f3n por correo<\/td>\n<\/tr>\n<tr>\n<td><strong>2 de junio de 2015<\/strong><\/td>\n<td><strong>D\u00eda de las Elecciones \u2013\u00a0Elecciones Especiales\u00a0del Pueblo de Yucca Valley<\/strong><\/td>\n<\/tr>\n<tr>\n<td>3 de junio de 2015<\/td>\n<td>Comienza el escrutinio de las Elecciones<\/td>\n<\/tr>\n<tr>\n<td>2 de julio de 2015<\/td>\n<td>Fecha l\u00edmite para completar el escrutinio oficial y certificar los resultados<\/td>\n<\/tr>\n<\/tbody>\n<\/table>\n<\/div>\n\n  <\/section>\n\n\t\n\n  <section data-isd-block-id=\"rov-content-blockblock_ad046a2537b221d7bd065f47b6c2ba16\"\n\t\t\t\t\t\t\t\t\t\t \t\t\t\t\t\t\t\t\t\t\t class=\"card-style main-content-wrapper rov-card-style mb-4\">\n\n\t<h2 class=\"block-subtitle blue\">Medida en la Boleta<\/h2>\n\n\t<div class=\"ctnr-block-content\"><p>Consulte la\u00a0<a href=\"https:\/\/elections.sbcounty.gov\/es\/Elections\/2015\/0602\/Measures\/\">Medida<\/a>\u00a0local en la boleta para las\u00a0Elecciones\u00a0Especiales del Pueblo de Yucca Valley del 2 de junio de 2015<\/p>\n<\/div>\n\n  <\/section>\n\n\t\n\n  <section data-isd-block-id=\"rov-content-blockblock_06c85f7498f24a552a9bbfbbd3f4977e\"\n\t\t\t\t\t\t\t\t\t\t \t\t\t\t\t\t\t\t\t\t\t class=\"card-style main-content-wrapper rov-card-style mb-4\">\n\n\t<h2 class=\"block-subtitle blue\">Registro de Votantes<\/h2>\n\n\t<div class=\"ctnr-block-content\"><p>Su solicitud de registro de votante debe tener un sello postal a m\u00e1s tardar del\u00a0<strong>18 de mayo de 2015<\/strong>\u00a0para que sea elegible para votar en las\u00a0Elecciones Especiales del Pueblo de Yucca Valley del 2 de junio de 2015. \u00a0Visite nuestra\u00a0<a href=\"https:\/\/elections.sbcounty.gov\/es\/VoterRegistration\/\">p\u00e1gina del Registro de Votantes<\/a>\u00a0para obtener informaci\u00f3n completa e instrucciones.<\/p>\n<ul>\n<li>Consulte el\u00a0<a href=\"https:\/\/www.sbcounty.gov\/uploads\/ROV\/Elections\/2015\/0602\/Report_15DayCloseOfRegistrationSummary.pdf\" target=\"_blank\" rel=\"noopener\">Resumen del Registro de Votantes Calificados<\/a>.<\/li>\n<\/ul>\n<\/div>\n\n  <\/section>\n\n\t\n\n  <section data-isd-block-id=\"rov-content-blockblock_e423ab7b522d9fcccc0c728612a1c1d0\"\n\t\t\t\t\t\t\t\t\t\t \t\t\t\t\t\t\t\t\t\t\t class=\"card-style main-content-wrapper rov-card-style mb-4\">\n\n\t<h2 class=\"block-subtitle blue\">Opciones de Voto<\/h2>\n\n\t<div class=\"ctnr-block-content\"><ul>\n<li>Vote de manera anticipada en la Oficina de Elecciones a partir del 4 de mayo de 2015.<\/li>\n<li>Vote de manera anticipada en la Oficina del Secretario del Pueblo de Yucca Valley a partir del 26 de mayo de 2015.<\/li>\n<li>Vote en una Boleta de Voto por Correo. \u00a0La Solicitud de Boleta por Correo\u00a0vence el 26 de mayo de\u00a02015.\n<ul>\n<li>Encuentre un Lugar para Depositar las Boletas por Correo\u00a0[ya no est\u00e1 disponible]<\/li>\n<\/ul>\n<\/li>\n<li>Vote en las casillas el D\u00eda de las Elecciones, el 2 de junio de 2015, de 7\u00a0a.m. a 8 p.m.\n<ul>\n<li>Localice\u00a0su\u00a0Casilla Electoral\u00a0asignada [ya no est\u00e1 disponible]<\/li>\n<\/ul>\n<\/li>\n<\/ul>\n<p>Visite nuestra p\u00e1gina de Opciones de Voto para obtener la informaci\u00f3n completa y las instrucciones [ya no est\u00e1 disponible].<\/p>\n<p><strong>Votantes Militares y en el Extranjero:<\/strong><\/p>\n<p>Los ciudadanos Uniformados y en el Extranjero pueden obtener una Gu\u00eda de Informaci\u00f3n para el Votante y Boleta de Muestra as\u00ed como una Boleta para estas elecciones [ya no est\u00e1 disponible].<\/p>\n<\/div>\n\n  <\/section>\n\n\t\n\n  <section data-isd-block-id=\"rov-content-blockblock_cb853ba28f4b411290f010f78d38a8d9\"\n\t\t\t\t\t\t\t\t\t\t \t\t\t\t\t\t\t\t\t\t\t class=\"card-style main-content-wrapper rov-card-style mb-4\">\n\n\t<h2 class=\"block-subtitle blue\">Resultados de las Elecciones<\/h2>\n\n\t<div class=\"ctnr-block-content\"><p><a href=\"https:\/\/www.sbcounty.gov\/uploads\/ROV\/Elections\/2015\/0602\/Measure_X_2015-06-02_Final_Certified_Election_Results.pdf\" target=\"_blank\" rel=\"noopener\">Resultados de las Elecciones<\/a><\/p>\n<p><a href=\"https:\/\/www.sbcounty.gov\/uploads\/ROV\/Elections\/2015\/0602\/Measure_X_2015-06-02_Statement-Of-Vote.pdf\" target=\"_blank\" rel=\"noopener\">Declaraci\u00f3n de Votos Emitidos<\/a><\/p>\n<p><a href=\"https:\/\/elections.sbcounty.gov\/es\/Voting\/Provisionals\/\">B\u00fasqueda de Boletas Provisionales<\/a><\/p>\n<\/div>\n\n  <\/section>\n\n\t","protected":false},"excerpt":{"rendered":"<p>Publicaciones Electorales Gu\u00eda de Informaci\u00f3n para el Votante del Condado de San Bernardino La\u00a0Gu\u00eda de Informaci\u00f3n para el Votante\u00a0completa contiene informaci\u00f3n de todos los cargos incluidos en\u00a0las elecciones y las medidas en la boleta electoral\u00a0en todo el Condado de San Bernardino. La Gu\u00eda de Informaci\u00f3n para el Votante espec\u00edfica de<span class=\"ellipsis\">&#8230;<\/span><\/p>\n","protected":false},"author":19,"featured_media":37382,"parent":39132,"menu_order":0,"comment_status":"closed","ping_status":"closed","template":"templates\/rov-left-sidebar-template.php","meta":{"_acf_changed":false,"footnotes":""},"class_list":["post-39306","page","type-page","status-publish","has-post-thumbnail","hentry"],"acf":[],"_links":{"self":[{"href":"https:\/\/elections.sbcounty.gov\/es\/wp-json\/wp\/v2\/pages\/39306","targetHints":{"allow":["GET"]}}],"collection":[{"href":"https:\/\/elections.sbcounty.gov\/es\/wp-json\/wp\/v2\/pages"}],"about":[{"href":"https:\/\/elections.sbcounty.gov\/es\/wp-json\/wp\/v2\/types\/page"}],"author":[{"embeddable":true,"href":"https:\/\/elections.sbcounty.gov\/es\/wp-json\/wp\/v2\/users\/19"}],"replies":[{"embeddable":true,"href":"https:\/\/elections.sbcounty.gov\/es\/wp-json\/wp\/v2\/comments?post=39306"}],"version-history":[{"count":4,"href":"https:\/\/elections.sbcounty.gov\/es\/wp-json\/wp\/v2\/pages\/39306\/revisions"}],"predecessor-version":[{"id":84052,"href":"https:\/\/elections.sbcounty.gov\/es\/wp-json\/wp\/v2\/pages\/39306\/revisions\/84052"}],"up":[{"embeddable":true,"href":"https:\/\/elections.sbcounty.gov\/es\/wp-json\/wp\/v2\/pages\/39132"}],"wp:featuredmedia":[{"embeddable":true,"href":"https:\/\/elections.sbcounty.gov\/es\/wp-json\/wp\/v2\/media\/37382"}],"wp:attachment":[{"href":"https:\/\/elections.sbcounty.gov\/es\/wp-json\/wp\/v2\/media?parent=39306"}],"curies":[{"name":"wp","href":"https:\/\/api.w.org\/{rel}","templated":true}]}}