{"id":39252,"date":"2021-12-21T20:57:52","date_gmt":"2021-12-21T20:57:52","guid":{"rendered":"https:\/\/www.elections.sbcounty.gov\/?page_id=39252"},"modified":"2021-12-21T20:57:52","modified_gmt":"2021-12-21T20:57:52","slug":"measures","status":"publish","type":"page","link":"https:\/\/elections.sbcounty.gov\/es\/elections\/2015\/0324\/measures\/","title":{"rendered":"Elecciones Especiales de la Ciudad de Chino"},"content":{"rendered":"  <section data-isd-block-id=\"rov-content-blockblock_0fdb5ee58928f7feef6076cfae51c472\"\n\t\t\t\t\t\t\t\t\t\t \t\t\t\t\t\t\t\t\t\t\t class=\"card-style main-content-wrapper rov-card-style mb-4\">\n\n\t<h2 class=\"block-subtitle blue\">Medidas<\/h2>\n\n\t<div class=\"ctnr-block-content\"><p><strong>Elecciones Especiales de la Ciudad de Chino<\/strong><\/p>\n<p><strong>Medidas Locales \u2013 24 de marzo de 2014<\/strong><\/p>\n<p>&nbsp;<\/p>\n<p><strong>Ciudad<\/strong><\/p>\n<table class=\"meausresTable\" style=\"border-collapse: collapse;width: 99%\" border=\"0\" cellspacing=\"0\" cellpadding=\"0\">\n<colgroup>\n<col \/>\n<col \/>\n<col \/>\n<col \/>\n<col \/>\n<col \/>\n<col \/><\/colgroup>\n<thead>\n<tr style=\"height: 17.6pt;background: #f2f2f2\"><!--FIRST ROW: HEADING-->\n<th width=\"3%\"><strong>Letra<\/strong><\/th>\n<th width=\"10%\"><strong>Jurisdicci\u00f3n<\/strong><\/th>\n<th width=\"20%\"><strong>Descripci\u00f3n de la Medida<\/strong><\/th>\n<th width=\"5%\"><strong>An\u00e1lisis<\/strong><\/th>\n<th width=\"10%\"><strong>Argumentos<\/strong><\/th>\n<th width=\"15%\"><strong>Refutaciones<\/strong><\/th>\n<th width=\"5%\"><strong>Porcentaje para ser Aprobada<\/strong><\/th>\n<\/tr>\n<\/thead>\n<tbody>\n<tr style=\"height: 38.15pt\"><!--SECOND ROW: ITEM ONE-->\n<td>V<\/td>\n<td>Ciudad de Chino<\/td>\n<td><a href=\"https:\/\/www.sbcounty.gov\/uploads\/ROV\/Elections\/2015\/0324\/LegalPublication_2015MarchSpecialElectionNoticeAndMeasures_English_2015-01-05.pdf\" target=\"_blank\" rel=\"noopener\">Propuesta de Enmienda al Plan General<\/a><\/td>\n<td><a href=\"https:\/\/www.sbcounty.gov\/uploads\/ROV\/Elections\/2015\/0324\/Document_CityOfChino_CityAttorneyImpartialAnalysis_2015-01-05.pdf\" target=\"_blank\" rel=\"noopener\">Imparcial<\/a><\/td>\n<td><a href=\"https:\/\/www.sbcounty.gov\/uploads\/ROV\/Elections\/2015\/0324\/Document_ArgumentInFavorMeasureVForm9600Signatures_2015-01-05.pdf\" target=\"_blank\" rel=\"noopener\">Argumento a Favor<\/a><\/td>\n<td>No se han presentado Refutaciones<\/td>\n<td>Mayor\u00eda de Votos<\/td>\n<\/tr>\n<\/tbody>\n<\/table>\n<p><strong>Avisos P\u00fablicos y Formularios Relacionados:\u00a0\u00a0<\/strong><\/p>\n<ul>\n<li><a href=\"https:\/\/elections.sbcounty.gov\/es\/Elections\/Measures\/\">Informaci\u00f3n General sobre las Medidas<\/a><\/li>\n<\/ul>\n<\/div>\n\n  <\/section>\n\n\t\n\n\n\n","protected":false},"excerpt":{"rendered":"<p>Medidas Elecciones Especiales de la Ciudad de Chino Medidas Locales \u2013 24 de marzo de 2014 &nbsp; Ciudad Letra Jurisdicci\u00f3n Descripci\u00f3n de la Medida An\u00e1lisis Argumentos Refutaciones Porcentaje para ser Aprobada V Ciudad de Chino Propuesta de Enmienda al Plan General Imparcial Argumento a Favor No se han presentado Refutaciones<span class=\"ellipsis\">&#8230;<\/span><\/p>\n","protected":false},"author":19,"featured_media":37382,"parent":39231,"menu_order":0,"comment_status":"closed","ping_status":"closed","template":"templates\/rov-full-width-no-title-template.php","meta":{"_acf_changed":false,"footnotes":""},"class_list":["post-39252","page","type-page","status-publish","has-post-thumbnail","hentry"],"acf":[],"_links":{"self":[{"href":"https:\/\/elections.sbcounty.gov\/es\/wp-json\/wp\/v2\/pages\/39252","targetHints":{"allow":["GET"]}}],"collection":[{"href":"https:\/\/elections.sbcounty.gov\/es\/wp-json\/wp\/v2\/pages"}],"about":[{"href":"https:\/\/elections.sbcounty.gov\/es\/wp-json\/wp\/v2\/types\/page"}],"author":[{"embeddable":true,"href":"https:\/\/elections.sbcounty.gov\/es\/wp-json\/wp\/v2\/users\/19"}],"replies":[{"embeddable":true,"href":"https:\/\/elections.sbcounty.gov\/es\/wp-json\/wp\/v2\/comments?post=39252"}],"version-history":[{"count":0,"href":"https:\/\/elections.sbcounty.gov\/es\/wp-json\/wp\/v2\/pages\/39252\/revisions"}],"up":[{"embeddable":true,"href":"https:\/\/elections.sbcounty.gov\/es\/wp-json\/wp\/v2\/pages\/39231"}],"wp:featuredmedia":[{"embeddable":true,"href":"https:\/\/elections.sbcounty.gov\/es\/wp-json\/wp\/v2\/media\/37382"}],"wp:attachment":[{"href":"https:\/\/elections.sbcounty.gov\/es\/wp-json\/wp\/v2\/media?parent=39252"}],"curies":[{"name":"wp","href":"https:\/\/api.w.org\/{rel}","templated":true}]}}