{"id":39216,"date":"2021-12-21T20:47:49","date_gmt":"2021-12-21T20:47:49","guid":{"rendered":"https:\/\/www.elections.sbcounty.gov\/?page_id=39216"},"modified":"2025-03-26T09:26:58","modified_gmt":"2025-03-26T16:26:58","slug":"writeincandidates","status":"publish","type":"page","link":"https:\/\/elections.sbcounty.gov\/es\/elections\/2015\/0317\/writeincandidates\/","title":{"rendered":"Candidatos No Registrados Calificados \u2013 Elecciones Primarias Especiales del Distrito 21 del Senado Estatal del 17 de marzo de 2015"},"content":{"rendered":"  <section data-isd-block-id=\"rov-content-blockblock_df7668a4632131839f2cd6b479e65198\"\n\t\t\t\t\t\t\t\t\t\t \t\t\t\t\t\t\t\t\t\t\t class=\"card-style main-content-wrapper rov-card-style mb-4\">\n\n\t<h2 class=\"block-subtitle blue\">Candidatos No Registrados Calificados \u2013 Elecciones Primarias Especiales del Distrito 21 del Senado Estatal del 17 de marzo de 2015<\/h2>\n\n\t<div class=\"ctnr-block-content\"><p>Los resultados de las Elecciones informan el porcentaje de los votos emitidos por los candidatos que aparecen en la boleta.\u00a0 En estas elecciones, solo un candidato aparecer\u00e1 en la boleta y seis candidatos se han calificado para que los votantes que decidan hacerlo escriban sus nombres en la boleta.\u00a0 Los resultados de los candidatos no registrados calificados no se informan a la Secretar\u00eda de Estado en la Noche de las Elecciones.\u00a0 Sin embargo, cada condado informar\u00e1 los resultados de los candidatos no registrados calificados en la Noche de las Elecciones y de forma peri\u00f3dica durante el periodo de campa\u00f1as.\u00a0 Los Resultados Certificados Oficiales Finales de los candidatos que aparecen en la boleta y de los candidatos no registrados calificados se deben entregar a la Secretar\u00eda de Estado a m\u00e1s tardar el 27 de marzo de 2015.<\/p>\n<p>Los condados de San Bernardino y de Los Angeles comparten el Distrito 21 del Senado Estatal.\u00a0 La publicaci\u00f3n de resultados de ambos condados comenzar\u00e1 luego de las 8 p.m. de la Noche de las Elecciones.\u00a0 Consulte a continuaci\u00f3n los Resultados de las Elecciones de ambos condados:<\/p>\n<ul>\n<li>\u00a0Resultados Finales\u00a0<a href=\"https:\/\/www.sbcounty.gov\/uploads\/ROV\/Elections\/2015\/0317\/PublicNotice_QualifiedWrite-InResults_FINAL.pdf\" target=\"_blank\" rel=\"noopener\">de los Candidatos No Registrados Calificados<\/a> de las Elecciones en el Condado de San Bernardino (pdf).\n<ul>\n<li>Consulte los\u00a0<a href=\"https:\/\/elections.sbcounty.gov\/elections\/2011\/0830\/results\/\" target=\"_blank\" rel=\"noopener\">Resultados de las Elecciones<\/a> de los candidatos que aparecen en la boleta y en el\u00a0<a href=\"https:\/\/elections.sbcounty.gov\/es\/Elections\/2015\/0317\/ResultSchedule\/\" target=\"_blank\" rel=\"noopener\">Cronograma de Publicaci\u00f3n de Resultados<\/a><\/li>\n<\/ul>\n<\/li>\n<li>Resultados Finales\u00a0<a href=\"https:\/\/www.lavote.gov\/Documents\/Election_Info\/03172015_Certificate-of-Write-in-Votes.pdf\" target=\"_blank\" rel=\"noopener\">de los Candidatos No Registrados Calificados<\/a> de las Elecciones en el Condado de Los Angeles.\n<ul>\n<li>Consulte los\u00a0<a href=\"https:\/\/results.lavote.gov\/#year=2015&amp;election=960\" target=\"_blank\" rel=\"noopener\">Resultados de las Elecciones<\/a> de los candidatos que aparecen en la boleta.<\/li>\n<\/ul>\n<\/li>\n<\/ul>\n<p>Para conocer los Resultados de las Elecciones combinados, visite los\u00a0<a href=\"https:\/\/www.sos.ca.gov\/elections\/prior-elections\/special-elections\/2015-sd21\" target=\"_blank\" rel=\"noopener\">Resultados de las Elecciones<\/a>\u00a0del Distrito 21 del Senado Estatal del Secretario de Estado.<\/p>\n<\/div>\n\n  <\/section>\n\n\t","protected":false},"excerpt":{"rendered":"<p>Candidatos No Registrados Calificados \u2013 Elecciones Primarias Especiales del Distrito 21 del Senado Estatal del 17 de marzo de 2015 Los resultados de las Elecciones informan el porcentaje de los votos emitidos por los candidatos que aparecen en la boleta.\u00a0 En estas elecciones, solo un candidato aparecer\u00e1 en la boleta<span class=\"ellipsis\">&#8230;<\/span><\/p>\n","protected":false},"author":19,"featured_media":37382,"parent":39150,"menu_order":0,"comment_status":"closed","ping_status":"closed","template":"templates\/rov-full-width-no-title-template.php","meta":{"_acf_changed":false,"footnotes":""},"class_list":["post-39216","page","type-page","status-publish","has-post-thumbnail","hentry"],"acf":[],"_links":{"self":[{"href":"https:\/\/elections.sbcounty.gov\/es\/wp-json\/wp\/v2\/pages\/39216","targetHints":{"allow":["GET"]}}],"collection":[{"href":"https:\/\/elections.sbcounty.gov\/es\/wp-json\/wp\/v2\/pages"}],"about":[{"href":"https:\/\/elections.sbcounty.gov\/es\/wp-json\/wp\/v2\/types\/page"}],"author":[{"embeddable":true,"href":"https:\/\/elections.sbcounty.gov\/es\/wp-json\/wp\/v2\/users\/19"}],"replies":[{"embeddable":true,"href":"https:\/\/elections.sbcounty.gov\/es\/wp-json\/wp\/v2\/comments?post=39216"}],"version-history":[{"count":3,"href":"https:\/\/elections.sbcounty.gov\/es\/wp-json\/wp\/v2\/pages\/39216\/revisions"}],"predecessor-version":[{"id":88519,"href":"https:\/\/elections.sbcounty.gov\/es\/wp-json\/wp\/v2\/pages\/39216\/revisions\/88519"}],"up":[{"embeddable":true,"href":"https:\/\/elections.sbcounty.gov\/es\/wp-json\/wp\/v2\/pages\/39150"}],"wp:featuredmedia":[{"embeddable":true,"href":"https:\/\/elections.sbcounty.gov\/es\/wp-json\/wp\/v2\/media\/37382"}],"wp:attachment":[{"href":"https:\/\/elections.sbcounty.gov\/es\/wp-json\/wp\/v2\/media?parent=39216"}],"curies":[{"name":"wp","href":"https:\/\/api.w.org\/{rel}","templated":true}]}}