{"id":39201,"date":"2021-12-21T20:45:52","date_gmt":"2021-12-21T20:45:52","guid":{"rendered":"https:\/\/www.elections.sbcounty.gov\/?page_id=39201"},"modified":"2021-12-21T20:45:52","modified_gmt":"2021-12-21T20:45:52","slug":"resultschedule","status":"publish","type":"page","link":"https:\/\/elections.sbcounty.gov\/es\/elections\/2015\/0317\/resultschedule\/","title":{"rendered":"Resultados de las Elecciones Primarias Especiales para el Distrito 21 del Senado Estatal del martes, 17 de marzo de 2015 \u2013 Cronograma de Publicaci\u00f3n\ufffc"},"content":{"rendered":"  <section data-isd-block-id=\"rov-content-blockblock_bec272f34ac785e4abe7c5eb55c6625f\"\n\t\t\t\t\t\t\t\t\t\t \t\t\t\t\t\t\t\t\t\t\t class=\"card-style main-content-wrapper rov-card-style mb-4\">\n\n\t<h2 class=\"block-subtitle blue\">Resultados de las Elecciones Primarias Especiales para el Distrito 21 del Senado Estatal del martes, 17 de marzo de 2015 \u2013 Cronograma de Publicaci\u00f3n<\/h2>\n\n\t<div class=\"ctnr-block-content\"><p><strong>Martes, 17 de marzo de 2015<\/strong><\/p>\n<ul>\n<li>8:05 p.m. \u2013 Publicaci\u00f3n de los resultados de las Boletas de Voto por Correo recibidas del Servicio Postal de Estados Unidos (United States Postal Service, U.S.P.S.) y de los lugares para depositar Boletas de Voto por Correo antes del D\u00eda de las Elecciones.<\/li>\n<li>8:05 p.m. \u2013 Publicaci\u00f3n de los Resultados de los Candidatos No Registrados Calificados de las Boletas de Voto por Correo recibidas del USPS y de los lugares para depositar Boletas de Voto por Correo antes del D\u00eda de las Elecciones.<\/li>\n<li>10 p.m. \u2013 Los resultados de las Boletas de Voto por Correo recibidas del U.S.P.S. la ma\u00f1ana del D\u00eda de las Elecciones y los resultados de las boletas emitidas en las casillas electorales cercanas el D\u00eda de las Elecciones se a\u00f1aden a los resultados.<\/li>\n<li>12 a.m. (o antes si ya se realiz\u00f3 el conteo de boletas emitidas en las casillas electorales) \u2013 Publicaci\u00f3n de los Resultados Finales No Oficiales de la Noche de las Elecciones.<\/li>\n<\/ul>\n<p><strong>Lunes, 23 de marzo de 2015<\/strong><\/p>\n<p>4 p.m.\u00a0\u2013\u00a0<strong>Resultados Finales Certificados de las Elecciones<\/strong>.\u00a0 Resultados de:<\/p>\n<ul>\n<li>Boletas de Voto por Correo recibidas en las casillas electorales el D\u00eda de las Elecciones se a\u00f1aden a los resultados.<\/li>\n<li>Las Boletas de Voto por Correo y las boletas emitidas en las casillas electorales el D\u00eda de las Elecciones que est\u00e9n da\u00f1adas y que requieran duplicaci\u00f3n se a\u00f1aden a los resultados.<\/li>\n<li>Varios tipos de boletas, incluidas las boletas provisionales, las boletas por correo que requieran una revisi\u00f3n adicional de firmas y las boletas emitidas que est\u00e9n da\u00f1adas y que requieran duplicaci\u00f3n se a\u00f1aden a los resultados.<\/li>\n<\/ul>\n<p>4 p.m. \u2013\u00a0<strong>Resultados Finales de los Candidatos No Registrados Calificados<\/strong>.<\/p>\n<\/div>\n\n  <\/section>\n\n\t","protected":false},"excerpt":{"rendered":"<p>Resultados de las Elecciones Primarias Especiales para el Distrito 21 del Senado Estatal del martes, 17 de marzo de 2015 \u2013 Cronograma de Publicaci\u00f3n Martes, 17 de marzo de 2015 8:05 p.m. \u2013 Publicaci\u00f3n de los resultados de las Boletas de Voto por Correo recibidas del Servicio Postal de Estados<span class=\"ellipsis\">&#8230;<\/span><\/p>\n","protected":false},"author":19,"featured_media":37382,"parent":39150,"menu_order":0,"comment_status":"closed","ping_status":"closed","template":"templates\/rov-full-width-no-title-template.php","meta":{"_acf_changed":false,"footnotes":""},"class_list":["post-39201","page","type-page","status-publish","has-post-thumbnail","hentry"],"acf":[],"_links":{"self":[{"href":"https:\/\/elections.sbcounty.gov\/es\/wp-json\/wp\/v2\/pages\/39201","targetHints":{"allow":["GET"]}}],"collection":[{"href":"https:\/\/elections.sbcounty.gov\/es\/wp-json\/wp\/v2\/pages"}],"about":[{"href":"https:\/\/elections.sbcounty.gov\/es\/wp-json\/wp\/v2\/types\/page"}],"author":[{"embeddable":true,"href":"https:\/\/elections.sbcounty.gov\/es\/wp-json\/wp\/v2\/users\/19"}],"replies":[{"embeddable":true,"href":"https:\/\/elections.sbcounty.gov\/es\/wp-json\/wp\/v2\/comments?post=39201"}],"version-history":[{"count":0,"href":"https:\/\/elections.sbcounty.gov\/es\/wp-json\/wp\/v2\/pages\/39201\/revisions"}],"up":[{"embeddable":true,"href":"https:\/\/elections.sbcounty.gov\/es\/wp-json\/wp\/v2\/pages\/39150"}],"wp:featuredmedia":[{"embeddable":true,"href":"https:\/\/elections.sbcounty.gov\/es\/wp-json\/wp\/v2\/media\/37382"}],"wp:attachment":[{"href":"https:\/\/elections.sbcounty.gov\/es\/wp-json\/wp\/v2\/media?parent=39201"}],"curies":[{"name":"wp","href":"https:\/\/api.w.org\/{rel}","templated":true}]}}