{"id":39102,"date":"2021-12-21T20:21:30","date_gmt":"2021-12-21T20:21:30","guid":{"rendered":"https:\/\/www.elections.sbcounty.gov\/?page_id=39102"},"modified":"2024-06-06T09:47:28","modified_gmt":"2024-06-06T16:47:28","slug":"1202","status":"publish","type":"page","link":"https:\/\/elections.sbcounty.gov\/es\/elections\/2014\/1202\/","title":{"rendered":"Archivo de Elecciones de la Asociaci\u00f3n para la Jubilaci\u00f3n de los Empleados del Condado de San Bernardino del 2 de diciembre de 2014"},"content":{"rendered":"  <section data-isd-block-id=\"rov-content-blockblock_563ca77ec96fcf5428be0e0165a39a88\"\n\t\t\t\t\t\t\t\t\t\t \t\t\t\t\t\t\t\t\t\t\t class=\"card-style main-content-wrapper rov-card-style mb-4\">\n\n\t<h2 class=\"block-subtitle blue\">Publicaciones Electorales<\/h2>\n\n\t<div class=\"ctnr-block-content\"><ul>\n<li>La Gu\u00eda de Informaci\u00f3n para el Votante [disponible pr\u00f3ximamente] es un folleto publicado por la Oficina de Elecciones del Condado de San Bernardino que incluye informaci\u00f3n sobre las elecciones, los candidatos y las medidas, una boleta de muestra, e informaci\u00f3n de las casillas electorales.<\/li>\n<li><a href=\"https:\/\/elections.sbcounty.gov\/es\/News\/2014\/\">Comunicados de Prensa y Avisos P\u00fablicos<\/a><\/li>\n<\/ul>\n<\/div>\n\n  <\/section>\n\n\t\n\n  <section data-isd-block-id=\"rov-content-blockblock_acf9aec996442e9cd1be7c11a6bec121\"\n\t\t\t\t\t\t\t\t\t\t \t\t\t\t\t\t\t\t\t\t\t class=\"card-style main-content-wrapper rov-card-style mb-4\">\n\n\t<h2 class=\"block-subtitle blue\">Fechas Clave y Fechas L\u00edmite<\/h2>\n\n\t<div class=\"ctnr-block-content\"><table class=\"table table-striped\">\n<tbody>\n<tr>\n<th><strong>Fecha<\/strong><\/th>\n<th><strong>Acci\u00f3n<\/strong><\/th>\n<\/tr>\n<tr>\n<td>11 de agosto de 2014<\/td>\n<td>Comienza la presentaci\u00f3n de candidatos<\/td>\n<\/tr>\n<tr>\n<td>5 de septiembre de 2014<\/td>\n<td>Fecha l\u00edmite de presentaci\u00f3n de candidatos<\/td>\n<\/tr>\n<tr>\n<td>3 de noviembre de 2014<\/td>\n<td>Comienza el voto anticipado<\/td>\n<\/tr>\n<tr>\n<td>3 de noviembre de 2014<\/td>\n<td>Las boletas por correo se env\u00edan a los buzones de los votantes<\/td>\n<\/tr>\n<tr style=\"background-color: yellow\">\n<td>2 de diciembre de 2014<\/td>\n<td>D\u00eda de las Elecciones \u2013 Elecciones de la Asociaci\u00f3n para la Jubilaci\u00f3n de los Empleados del Condado de San Bernardino<\/td>\n<\/tr>\n<\/tbody>\n<\/table>\n<\/div>\n\n  <\/section>\n\n\t\n\n  <section data-isd-block-id=\"rov-content-blockblock_b8c8bbf6cda693102083bcd526ce0032\"\n\t\t\t\t\t\t\t\t\t\t \t\t\t\t\t\t\t\t\t\t\t class=\"card-style main-content-wrapper rov-card-style mb-4\">\n\n\t<h2 class=\"block-subtitle blue\">Informaci\u00f3n de los Cargos y Candidatos<\/h2>\n\n\t<div class=\"ctnr-block-content\"><p><strong>Cargos a Elegir:<\/strong><\/p>\n<ul>\n<li>Consulte\u00a0los\u00a0<a href=\"https:\/\/www.sbcounty.gov\/uploads\/ROV\/Elections\/2014\/1202\/Notice_Election_2014-08-04_FINAL.pdf\" target=\"_blank\" rel=\"noopener\">Cargos A Elegir<\/a> [pdf].<\/li>\n<\/ul>\n<p><strong>Presentaci\u00f3n de Candidatos:<\/strong><\/p>\n<ul>\n<li>La presentaci\u00f3n de candidatos comienza el 11 de agosto de 2014 y finaliza el 5 de septiembre de 2014.<\/li>\n<\/ul>\n<p><strong>Lista de Candidatos:<\/strong><\/p>\n<ul>\n<li>Consulte la\u00a0<a href=\"https:\/\/www.sbcounty.gov\/uploads\/ROV\/Elections\/2014\/1202\/Notice_RetirementBoardCandidateList_2014-09-09.pdf\" target=\"_blank\" rel=\"noopener\">Lista de Candidatos<\/a> [pdf].<\/li>\n<\/ul>\n<\/div>\n\n  <\/section>\n\n\t\n\n  <section data-isd-block-id=\"rov-content-blockblock_a44e8b040656c3483855bcd6cd32d306\"\n\t\t\t\t\t\t\t\t\t\t \t\t\t\t\t\t\t\t\t\t\t class=\"card-style main-content-wrapper rov-card-style mb-4\">\n\n\t<h2 class=\"block-subtitle blue\">Opciones de Voto<\/h2>\n\n\t<div class=\"ctnr-block-content\"><ul>\n<li>Vote con anticipaci\u00f3n en la Oficina de Elecciones\u00a0a partir del\u00a03\u00a0de noviembre de 2014.<\/li>\n<\/ul>\n<\/div>\n\n  <\/section>\n\n\t\n\n  <section data-isd-block-id=\"rov-content-blockblock_b5222fc48a207a767c7409c2ab8e4bba\"\n\t\t\t\t\t\t\t\t\t\t \t\t\t\t\t\t\t\t\t\t\t class=\"card-style main-content-wrapper rov-card-style mb-4\">\n\n\t<h2 class=\"block-subtitle blue\">Resultados de las Elecciones<\/h2>\n\n\t<div class=\"ctnr-block-content\"><ul>\n<li><a href=\"https:\/\/www.sbcounty.gov\/uploads\/ROV\/Elections\/2014\/1202\/Report_2014-12-02_BoardOfRetirementCertifiedResults.pdf\" target=\"_blank\" rel=\"noopener\">Resultados de las Elecciones<\/a> [pdf].<\/li>\n<\/ul>\n<\/div>\n\n  <\/section>\n\n\t","protected":false},"excerpt":{"rendered":"<p>Publicaciones Electorales La Gu\u00eda de Informaci\u00f3n para el Votante [disponible pr\u00f3ximamente] es un folleto publicado por la Oficina de Elecciones del Condado de San Bernardino que incluye informaci\u00f3n sobre las elecciones, los candidatos y las medidas, una boleta de muestra, e informaci\u00f3n de las casillas electorales. Comunicados de Prensa y<span class=\"ellipsis\">&#8230;<\/span><\/p>\n","protected":false},"author":19,"featured_media":37382,"parent":38808,"menu_order":0,"comment_status":"closed","ping_status":"closed","template":"templates\/rov-left-sidebar-template.php","meta":{"_acf_changed":false,"footnotes":""},"class_list":["post-39102","page","type-page","status-publish","has-post-thumbnail","hentry"],"acf":[],"_links":{"self":[{"href":"https:\/\/elections.sbcounty.gov\/es\/wp-json\/wp\/v2\/pages\/39102","targetHints":{"allow":["GET"]}}],"collection":[{"href":"https:\/\/elections.sbcounty.gov\/es\/wp-json\/wp\/v2\/pages"}],"about":[{"href":"https:\/\/elections.sbcounty.gov\/es\/wp-json\/wp\/v2\/types\/page"}],"author":[{"embeddable":true,"href":"https:\/\/elections.sbcounty.gov\/es\/wp-json\/wp\/v2\/users\/19"}],"replies":[{"embeddable":true,"href":"https:\/\/elections.sbcounty.gov\/es\/wp-json\/wp\/v2\/comments?post=39102"}],"version-history":[{"count":4,"href":"https:\/\/elections.sbcounty.gov\/es\/wp-json\/wp\/v2\/pages\/39102\/revisions"}],"predecessor-version":[{"id":84061,"href":"https:\/\/elections.sbcounty.gov\/es\/wp-json\/wp\/v2\/pages\/39102\/revisions\/84061"}],"up":[{"embeddable":true,"href":"https:\/\/elections.sbcounty.gov\/es\/wp-json\/wp\/v2\/pages\/38808"}],"wp:featuredmedia":[{"embeddable":true,"href":"https:\/\/elections.sbcounty.gov\/es\/wp-json\/wp\/v2\/media\/37382"}],"wp:attachment":[{"href":"https:\/\/elections.sbcounty.gov\/es\/wp-json\/wp\/v2\/media?parent=39102"}],"curies":[{"name":"wp","href":"https:\/\/api.w.org\/{rel}","templated":true}]}}