{"id":39000,"date":"2021-12-21T19:49:31","date_gmt":"2021-12-21T19:49:31","guid":{"rendered":"https:\/\/www.elections.sbcounty.gov\/?page_id=39000"},"modified":"2021-12-21T19:49:31","modified_gmt":"2021-12-21T19:49:31","slug":"measures","status":"publish","type":"page","link":"https:\/\/elections.sbcounty.gov\/es\/elections\/2014\/1104\/measures\/","title":{"rendered":"Measures"},"content":{"rendered":"  <section data-isd-block-id=\"rov-content-blockblock_b53b31a8fd6f34b302685fe502e46921\"\n\t\t\t\t\t\t\t\t\t\t \t\t\t\t\t\t\t\t\t\t\t class=\"card-style main-content-wrapper rov-card-style mb-4\">\n\n\t<h2 class=\"block-subtitle blue\">Elecciones Generales Estatales de 2014 \u2013 Medidas<\/h2>\n\n\t<div class=\"ctnr-block-content\"><table class=\"table striped\" style=\"border-collapse: collapse\" border=\"1\">\n<tbody>\n<tr>\n<th><strong>Letra<\/strong><\/th>\n<th><strong>Jurisdicci\u00f3n<\/strong><\/th>\n<th><strong>Descripci\u00f3n de la Medida<\/strong><\/th>\n<th><strong>An\u00e1lisis<\/strong><\/th>\n<th><strong>Argumentos<\/strong><\/th>\n<th><strong>Porcentaje<br \/>\npara ser Aprobada<\/strong><\/th>\n<\/tr>\n<tr>\n<td><a href=\"https:\/\/www.sbcounty.gov\/uploads\/ROV\/Elections\/2014\/1104\/Measures\/PublicNotice_BondMeasure_SnowlineJUSD_2014-08-12.pdf\" target=\"_blank\" rel=\"noopener\">L<\/a><\/td>\n<td><a href=\"https:\/\/www.sbcounty.gov\/uploads\/ROV\/Elections\/2014\/1104\/Measures\/Resolution_15-1140.pdf\" target=\"_blank\" rel=\"noopener\">Distrito Escolar Unificado Conjunto Snowline<\/a><\/td>\n<td><a href=\"https:\/\/www.sbcounty.gov\/uploads\/ROV\/Elections\/2014\/1104\/Measures\/Exhibit_A_Snowline.pdf\" target=\"_blank\" rel=\"noopener\">Propuesta de Bonos<\/a><\/td>\n<td><a href=\"https:\/\/www.sbcounty.gov\/uploads\/ROV\/Elections\/2014\/1104\/Measures\/RevisedImpartialAnalysis_SnowlineJointUSD_2014-08-21.pdf\" target=\"_blank\" rel=\"noopener\">Imparcial<\/a><\/td>\n<td>&#8211; <a href=\"https:\/\/www.sbcounty.gov\/uploads\/ROV\/Elections\/2014\/1104\/Measures\/Argument_in_Favor_of_Measure_Q.pdf\" target=\"_blank\" rel=\"noopener\">Argumento a Favor<\/a><br \/>\n&#8211; <a href=\"https:\/\/www.sbcounty.gov\/uploads\/ROV\/Elections\/2014\/1104\/Measures\/Notice_RebuttalToArgumentInFavor_2014-08-26.pdf\" target=\"_blank\" rel=\"noopener\">Refutaci\u00f3n del Argumento a Favor<\/a><br \/>\n&#8211; <a href=\"https:\/\/www.sbcounty.gov\/uploads\/ROV\/Elections\/2014\/1104\/Measures\/Notice_ArgumentAganistMeasure_2014-08-12.pdf\" target=\"_blank\" rel=\"noopener\">Argumento en Contra<\/a><br \/>\n&#8211; <a href=\"https:\/\/www.sbcounty.gov\/uploads\/ROV\/Elections\/2014\/1104\/Measures\/Notice_RebuttalToArgumentAgainst_Revision_Proponents_2014-09-02.pdf\" target=\"_blank\" rel=\"noopener\">Refutaci\u00f3n del Argumento en Contra<\/a><\/td>\n<td>55%<\/td>\n<\/tr>\n<tr>\n<td><a href=\"https:\/\/www.sbcounty.gov\/uploads\/ROV\/Elections\/2014\/1104\/Measures\/PublicNotice_BondMeasure_HesperiaUSD_2014-08-12.pdf\" target=\"_blank\" rel=\"noopener\">M<\/a><\/td>\n<td><a href=\"https:\/\/www.sbcounty.gov\/uploads\/ROV\/Elections\/2014\/1104\/Measures\/Resolution_2014_15-10.pdf\" target=\"_blank\" rel=\"noopener\">Distrito Escolar Unificado Hesperia<\/a><\/td>\n<td><a href=\"https:\/\/www.sbcounty.gov\/uploads\/ROV\/Elections\/2014\/1104\/Measures\/Exhibit_A_Snowline.pdf\" target=\"_blank\" rel=\"noopener\">Propuesta de Bonos<\/a><\/td>\n<td><a href=\"https:\/\/www.sbcounty.gov\/uploads\/ROV\/Elections\/2014\/1104\/Measures\/ImpartialAnalysis_HesperiaUSD_2014-08-21.pdf\" target=\"_blank\" rel=\"noopener\">Imparcial<\/a><\/td>\n<td>\u2013 <a href=\"https:\/\/www.sbcounty.gov\/uploads\/ROV\/Elections\/2014\/1104\/Measures\/Argument_in_Favor_of_Measure_Q.pdf\" target=\"_blank\" rel=\"noopener\">Argumento a Favor<\/a><br \/>\n\u2013 No se present\u00f3 ninguna Refutaci\u00f3n del Argumento a Favor<br \/>\n\u2013\u00a0No se present\u00f3 ning\u00fan Argumento en Contra<\/td>\n<td>55%<\/td>\n<\/tr>\n<tr>\n<td><a href=\"https:\/\/www.sbcounty.gov\/uploads\/ROV\/Elections\/2014\/1104\/Measures\/PublicNotice_BondMeasure_CentralSchoolDistrict_2014-08-12.pdf\" target=\"_blank\" rel=\"noopener\">N<\/a><\/td>\n<td><a href=\"https:\/\/www.sbcounty.gov\/uploads\/ROV\/Elections\/2014\/1104\/Measures\/Resolution_02-14-15.pdf\" target=\"_blank\" rel=\"noopener\">Distrito Escolar Central<\/a><\/td>\n<td><a href=\"https:\/\/www.sbcounty.gov\/uploads\/ROV\/Elections\/2014\/1104\/Measures\/Exhibit_A_Snowline.pdf\" target=\"_blank\" rel=\"noopener\">Propuesta de Bonos<\/a><\/td>\n<td><a href=\"https:\/\/www.sbcounty.gov\/uploads\/ROV\/Elections\/2014\/1104\/Measures\/RevisedImpartialAnaylsis_CentralSD_2014-08-21.pdf\" target=\"_blank\" rel=\"noopener\">Imparcial<\/a><\/td>\n<td>&#8211; <a href=\"https:\/\/www.sbcounty.gov\/uploads\/ROV\/Elections\/2014\/1104\/Measures\/Argument_in_Favor_of_Measure_Q.pdf\" target=\"_blank\" rel=\"noopener\">Argumento a Favor<\/a><br \/>\n\u2013 No se present\u00f3 ninguna Refutaci\u00f3n del Argumento a Favor<br \/>\n\u2013 No se present\u00f3 ning\u00fan Argumento en Contra<\/td>\n<td>55%<\/td>\n<\/tr>\n<tr>\n<td><a href=\"https:\/\/www.sbcounty.gov\/uploads\/ROV\/Elections\/2014\/1104\/Measures\/Notice_ProofOfPublication_AdelantoMeasure_2014-08-14(3).pdf\" target=\"_blank\" rel=\"noopener\">O<\/a><\/td>\n<td><a href=\"https:\/\/www.sbcounty.gov\/uploads\/ROV\/Elections\/2014\/1104\/Measures\/Notice_Adelanto_Resolution_14-09.pdf\" target=\"_blank\" rel=\"noopener\">Ciudad de Adelanto<\/a><\/td>\n<td><a href=\"https:\/\/www.sbcounty.gov\/uploads\/ROV\/Elections\/2014\/1104\/Measures\/Notice_Adelanto_Resolution_14-09_ExbitA.pdf\" target=\"_blank\" rel=\"noopener\">Impuesto al Consumidor de Servicios P\u00fablicos<\/a><\/td>\n<td><a href=\"https:\/\/www.sbcounty.gov\/uploads\/ROV\/Elections\/2014\/1104\/Measures\/Notice_Adelanto_Impartial_Analysis.pdf\" target=\"_blank\" rel=\"noopener\">Imparcial<\/a><\/td>\n<td>&#8211; <a href=\"https:\/\/www.sbcounty.gov\/uploads\/ROV\/Elections\/2014\/1104\/Measures\/Argument_in_Favor_of_Measure_Q.pdf\" target=\"_blank\" rel=\"noopener\">Argumento a Favor<\/a><br \/>\n\u2013 No se present\u00f3 ninguna Refutaci\u00f3n del Argumento a Favor<br \/>\n\u2013 No se present\u00f3 ning\u00fan Argumento en Contra<\/td>\n<td>50% +1<\/td>\n<\/tr>\n<tr>\n<td><a href=\"https:\/\/www.sbcounty.gov\/uploads\/ROV\/Elections\/2014\/1104\/Measures\/PublicNotice_BondMeasure_PaloVerdeCommunityCollege_2014-08-12.pdf\" target=\"_blank\" rel=\"noopener\">P<\/a><\/td>\n<td><a href=\"https:\/\/www.sbcounty.gov\/uploads\/ROV\/Elections\/2014\/1104\/Measures\/Resolution_14-10_D-21.pdf\" target=\"_blank\" rel=\"noopener\">Distrito de Colegios Comunitarios Palo Verde<\/a><\/td>\n<td><a href=\"https:\/\/www.sbcounty.gov\/uploads\/ROV\/Elections\/2014\/1104\/Measures\/Exhibit_B_FullBallotText_2014-08-19.pdf\" target=\"_blank\" rel=\"noopener\">Propuesta de Bonos<\/a><\/td>\n<td><a href=\"https:\/\/www.sbcounty.gov\/uploads\/ROV\/Elections\/2014\/1104\/Measures\/Notice_ImpartialAnalysis_2014-08-19.pdf\" target=\"_blank\" rel=\"noopener\">Imparcial<\/a><\/td>\n<td>&#8211; <a href=\"https:\/\/www.sbcounty.gov\/uploads\/ROV\/Elections\/2014\/1104\/Measures\/Argument_in_Favor_of_Measure_Q.pdf\" target=\"_blank\" rel=\"noopener\">Argumento a Favor<\/a><br \/>\n\u2013 No se present\u00f3 ninguna Refutaci\u00f3n del Argumento a Favor<br \/>\n\u2013 No se present\u00f3 ning\u00fan Argumento en Contra<\/td>\n<td>55%<\/td>\n<\/tr>\n<tr>\n<td>Q<\/td>\n<td><a href=\"https:\/\/www.sbcounty.gov\/uploads\/ROV\/Elections\/2014\/1104\/Measures\/Resolution_2014-313_Stamped_2014-08-11.pdf\" target=\"_blank\" rel=\"noopener\">Ciudad de San Bernardino<\/a><\/td>\n<td><a href=\"https:\/\/www.sbcounty.gov\/uploads\/ROV\/Elections\/2014\/1104\/Measures\/Resolution_2014-312_exhibitA.pdf\" target=\"_blank\" rel=\"noopener\">Enmienda a la Carta Org\u00e1nica<\/a><\/td>\n<td><a href=\"https:\/\/www.sbcounty.gov\/uploads\/ROV\/Elections\/2014\/1104\/Measures\/ImpartialAnalysis_MeasureQ.pdf\" target=\"_blank\" rel=\"noopener\">Imparcial<\/a><\/td>\n<td>&#8211; <a href=\"https:\/\/www.sbcounty.gov\/uploads\/ROV\/Elections\/2014\/1104\/Measures\/Argument_in_Favor_of_Measure_Q.pdf\" target=\"_blank\" rel=\"noopener\">Argumento a Favor<\/a><br \/>\n&#8211; <a href=\"https:\/\/www.sbcounty.gov\/uploads\/ROV\/Elections\/2014\/1104\/Measures\/Notice_RebuttalToArgumentInFavor_2014-08-26.pdf\" target=\"_blank\" rel=\"noopener\">Refutaci\u00f3n del Argumento a Favor<\/a><br \/>\n&#8211; <a href=\"https:\/\/www.sbcounty.gov\/uploads\/ROV\/Elections\/2014\/1104\/Measures\/Notice_ArgumentAganistMeasure_2014-08-12.pdf\" target=\"_blank\" rel=\"noopener\">Argumento en Contra<\/a><br \/>\n&#8211; <a href=\"https:\/\/www.sbcounty.gov\/uploads\/ROV\/Elections\/2014\/1104\/Measures\/Notice_RebuttalToArgumentAgainst_Revision_Proponents_2014-09-02.pdf\" target=\"_blank\" rel=\"noopener\">Refutaci\u00f3n del Argumento en Contra<\/a><\/td>\n<td>50% +1<\/td>\n<\/tr>\n<tr>\n<td>R<\/td>\n<td><a href=\"https:\/\/www.sbcounty.gov\/uploads\/ROV\/Elections\/2014\/1104\/Measures\/Resolution_2014-313_Stamped_2014-08-11.pdf\" target=\"_blank\" rel=\"noopener\">Ciudad de San Bernardino<\/a><\/td>\n<td><a href=\"https:\/\/www.sbcounty.gov\/uploads\/ROV\/Elections\/2014\/1104\/Measures\/Resolution_2014-312_exhibitA.pdf\" target=\"_blank\" rel=\"noopener\">Enmienda a la Carta Org\u00e1nica<\/a><\/td>\n<td><a href=\"https:\/\/www.sbcounty.gov\/uploads\/ROV\/Elections\/2014\/1104\/Measures\/ImpartialAnalysis_MeasureR.pdf\" target=\"_blank\" rel=\"noopener\">Imparcial<\/a><\/td>\n<td>&#8211; <a href=\"https:\/\/www.sbcounty.gov\/uploads\/ROV\/Elections\/2014\/1104\/Measures\/Argument_in_Favor_of_Measure_Q.pdf\" target=\"_blank\" rel=\"noopener\">Argumento a Favor<\/a><br \/>\n\u2013 No se present\u00f3 ninguna Refutaci\u00f3n del Argumento a Favor<br \/>\n\u2013 No se present\u00f3 ning\u00fan Argumento en Contra<\/td>\n<td>50% +1<\/td>\n<\/tr>\n<tr>\n<td><a href=\"https:\/\/www.sbcounty.gov\/uploads\/ROV\/Elections\/2014\/1104\/Measures\/Notice_ProofOfPublication_Needles_2014-08-26.pdf\" target=\"_blank\" rel=\"noopener\">S<\/a><\/td>\n<td><a href=\"https:\/\/www.sbcounty.gov\/uploads\/ROV\/Elections\/2014\/1104\/Measures\/Notice_Needles_Resolution_2014-35.pdf\" target=\"_blank\" rel=\"noopener\">Ciudad de Needles<\/a><\/td>\n<td><a href=\"https:\/\/www.sbcounty.gov\/uploads\/ROV\/Elections\/2014\/1104\/Measures\/Notice_Needles_Ordinance_560-AC.pdf\" target=\"_blank\" rel=\"noopener\">Impuesto de Estancia<\/a><\/td>\n<td><a href=\"https:\/\/www.sbcounty.gov\/uploads\/ROV\/Elections\/2014\/1104\/Measures\/Notice_Needles_ImpartialAnalysis_City%20Attorney_Stamped_FINAL.pdf\" target=\"_blank\" rel=\"noopener\">Imparcial<\/a><\/td>\n<td>&#8211; <a href=\"https:\/\/www.sbcounty.gov\/uploads\/ROV\/Elections\/2014\/1104\/Measures\/Argument_in_Favor_of_Measure_Q.pdf\" target=\"_blank\" rel=\"noopener\">Argumento a Favor<\/a><br \/>\n&#8211; <a href=\"https:\/\/www.sbcounty.gov\/uploads\/ROV\/Elections\/2014\/1104\/Measures\/Notice_RebuttalToArgumentInFavor_2014-08-26.pdf\" target=\"_blank\" rel=\"noopener\">Refutaci\u00f3n del Argumento a Favor<\/a><br \/>\n&#8211; <a href=\"https:\/\/www.sbcounty.gov\/uploads\/ROV\/Elections\/2014\/1104\/Measures\/Notice_ArgumentAganistMeasure_2014-08-12.pdf\" target=\"_blank\" rel=\"noopener\">Argumento en Contra<\/a><br \/>\n&#8211; <a href=\"https:\/\/www.sbcounty.gov\/uploads\/ROV\/Elections\/2014\/1104\/Measures\/Notice_RebuttalToArgumentAgainst_Revision_Proponents_2014-09-02.pdf\" target=\"_blank\" rel=\"noopener\">Refutaci\u00f3n del Argumento en Contra<\/a><\/td>\n<td>50% +1<\/td>\n<\/tr>\n<tr>\n<td><a href=\"https:\/\/www.sbcounty.gov\/uploads\/ROV\/Elections\/2014\/1104\/Measures\/Notice_ProofOfPublication_MeasureT_2014-08-19.pdf\" target=\"_blank\" rel=\"noopener\">T<\/a><\/td>\n<td><a href=\"https:\/\/www.sbcounty.gov\/uploads\/ROV\/Elections\/2014\/1104\/Measures\/Resolution_2014-038.pdf\" target=\"_blank\" rel=\"noopener\">Ciudad de Highland<\/a><\/td>\n<td><a href=\"https:\/\/www.sbcounty.gov\/uploads\/ROV\/Elections\/2014\/1104\/Measures\/Exhibit_A.pdf\" target=\"_blank\" rel=\"noopener\">Elecci\u00f3n de Miembros del Concejo Municipal<\/a><\/td>\n<td><a href=\"https:\/\/www.sbcounty.gov\/uploads\/ROV\/Elections\/2014\/1104\/Measures\/Notice_ImpartialAnalysis_CityAttorney_2014-08-07.pdf\" target=\"_blank\" rel=\"noopener\">Imparcial<\/a><\/td>\n<td>\u2013 No se present\u00f3 ning\u00fan Argumento a Favor<br \/>\n&#8211; <a href=\"https:\/\/www.sbcounty.gov\/uploads\/ROV\/Elections\/2014\/1104\/Measures\/ArgumentAgainst_MeasureT.pdf\" target=\"_blank\" rel=\"noopener\">Argumento en Contra<\/a><br \/>\n\u2013 No se present\u00f3 ninguna Refutaci\u00f3n del Argumento en Contra<\/td>\n<td>50% +1<\/td>\n<\/tr>\n<tr>\n<td>U<\/td>\n<td><a href=\"https:\/\/www.sbcounty.gov\/uploads\/ROV\/Elections\/2014\/1104\/Measures\/Resolution_Rialto_6580.pdf\" target=\"_blank\" rel=\"noopener\">Ciudad de Rialto<\/a><\/td>\n<td><a href=\"https:\/\/www.sbcounty.gov\/uploads\/ROV\/Elections\/2014\/1104\/Measures\/Resolution_Rialto_6580_Ordinance.pdf\" target=\"_blank\" rel=\"noopener\">Impuesto Anual sobre Licencias Comerciales<\/a><\/td>\n<td><a href=\"https:\/\/www.sbcounty.gov\/uploads\/ROV\/Elections\/2014\/1104\/Measures\/Notice_ImpartialAnalysis_MeasureU_2014-08-21.pdf\" target=\"_blank\" rel=\"noopener\">Imparcial<\/a><\/td>\n<td>&#8211; <a href=\"https:\/\/www.sbcounty.gov\/uploads\/ROV\/Elections\/2014\/1104\/Measures\/Argument_in_Favor_of_Measure_Q.pdf\" target=\"_blank\" rel=\"noopener\">Argumento a Favor<\/a><br \/>\n&#8211; <a href=\"https:\/\/www.sbcounty.gov\/uploads\/ROV\/Elections\/2014\/1104\/Measures\/Notice_RebuttalToArgumentInFavor_2014-08-26.pdf\" target=\"_blank\" rel=\"noopener\">Refutaci\u00f3n del Argumento a Favor<\/a><br \/>\n&#8211; <a href=\"https:\/\/www.sbcounty.gov\/uploads\/ROV\/Elections\/2014\/1104\/Measures\/Notice_ArgumentAganistMeasure_2014-08-12.pdf\" target=\"_blank\" rel=\"noopener\">Argumento en Contra<\/a><br \/>\n&#8211; <a href=\"https:\/\/www.sbcounty.gov\/uploads\/ROV\/Elections\/2014\/1104\/Measures\/Notice_RebuttalToArgumentAgainst_Revision_Proponents_2014-09-02.pdf\" target=\"_blank\" rel=\"noopener\">Refutaci\u00f3n del Argumento en Contra<\/a><\/td>\n<td>50% +1<\/td>\n<\/tr>\n<\/tbody>\n<\/table>\n<p><strong>Avisos P\u00fablicos y Formularios Relacionados:<\/strong><\/p>\n<p>&nbsp;<\/p>\n<ul>\n<li><a href=\"https:\/\/www.sbcounty.gov\/uploads\/ROV\/Elections\/2014\/1104\/List_2014-11-04_MeasureLetterAssignment.pdf\" target=\"_blank\" rel=\"noopener\">Aviso P\u00fablico: Designaciones de Medidas [pdf]<\/a><\/li>\n<li><a href=\"https:\/\/elections.sbcounty.gov\/es\/Elections\/Measures\/\">Informaci\u00f3n General sobre las Medidas<\/a><\/li>\n<\/ul>\n<\/div>\n\n  <\/section>\n\n\t","protected":false},"excerpt":{"rendered":"<p>Elecciones Generales Estatales de 2014 \u2013 Medidas Letra Jurisdicci\u00f3n Descripci\u00f3n de la Medida An\u00e1lisis Argumentos Porcentaje para ser Aprobada L Distrito Escolar Unificado Conjunto Snowline Propuesta de Bonos Imparcial &#8211; Argumento a Favor &#8211; Refutaci\u00f3n del Argumento a Favor &#8211; Argumento en Contra &#8211; Refutaci\u00f3n del Argumento en Contra 55%<span class=\"ellipsis\">&#8230;<\/span><\/p>\n","protected":false},"author":19,"featured_media":37382,"parent":38982,"menu_order":0,"comment_status":"closed","ping_status":"closed","template":"templates\/rov-full-width-no-title-template.php","meta":{"_acf_changed":false,"footnotes":""},"class_list":["post-39000","page","type-page","status-publish","has-post-thumbnail","hentry"],"acf":[],"_links":{"self":[{"href":"https:\/\/elections.sbcounty.gov\/es\/wp-json\/wp\/v2\/pages\/39000","targetHints":{"allow":["GET"]}}],"collection":[{"href":"https:\/\/elections.sbcounty.gov\/es\/wp-json\/wp\/v2\/pages"}],"about":[{"href":"https:\/\/elections.sbcounty.gov\/es\/wp-json\/wp\/v2\/types\/page"}],"author":[{"embeddable":true,"href":"https:\/\/elections.sbcounty.gov\/es\/wp-json\/wp\/v2\/users\/19"}],"replies":[{"embeddable":true,"href":"https:\/\/elections.sbcounty.gov\/es\/wp-json\/wp\/v2\/comments?post=39000"}],"version-history":[{"count":0,"href":"https:\/\/elections.sbcounty.gov\/es\/wp-json\/wp\/v2\/pages\/39000\/revisions"}],"up":[{"embeddable":true,"href":"https:\/\/elections.sbcounty.gov\/es\/wp-json\/wp\/v2\/pages\/38982"}],"wp:featuredmedia":[{"embeddable":true,"href":"https:\/\/elections.sbcounty.gov\/es\/wp-json\/wp\/v2\/media\/37382"}],"wp:attachment":[{"href":"https:\/\/elections.sbcounty.gov\/es\/wp-json\/wp\/v2\/media?parent=39000"}],"curies":[{"name":"wp","href":"https:\/\/api.w.org\/{rel}","templated":true}]}}