{"id":38982,"date":"2021-12-21T19:45:54","date_gmt":"2021-12-21T19:45:54","guid":{"rendered":"https:\/\/www.elections.sbcounty.gov\/?page_id=38982"},"modified":"2024-06-05T14:19:58","modified_gmt":"2024-06-05T21:19:58","slug":"1104","status":"publish","type":"page","link":"https:\/\/elections.sbcounty.gov\/es\/elections\/2014\/1104\/","title":{"rendered":"Archivo de Elecciones Generales Estatales del 4 de noviembre de 2014"},"content":{"rendered":"  <section data-isd-block-id=\"rov-content-blockblock_0d5a1da0c8a19b867641d5c107391d1e\"\n\t\t\t\t\t\t\t\t\t\t \t\t\t\t\t\t\t\t\t\t\t class=\"card-style main-content-wrapper rov-card-style mb-4\">\n\n\t<h2 class=\"block-subtitle blue\">Publicaciones Electorales<\/h2>\n\n\t<div class=\"ctnr-block-content\"><p><strong>Gu\u00eda de Informaci\u00f3n para el Votante del Condado de San Bernardino<\/strong><\/p>\n<ul>\n<li>La Gu\u00eda de Informaci\u00f3n para el Votante es un folleto publicado por la Oficina de Elecciones del Condado de San Bernardino que incluye informaci\u00f3n sobre la votaci\u00f3n, los candidatos y las medidas, una boleta de muestra e informaci\u00f3n de las casillas electorales.<\/li>\n<li>La\u00a0<a href=\"http:\/\/www.sbcounty.gov\/uploads\/rov\/Elections\/2014\/1104\/VIG_ESP.pdf?_=1459376438851\" target=\"_blank\" rel=\"noopener\">Gu\u00eda de Informaci\u00f3n para el Votante<\/a>\u00a0completa contiene informaci\u00f3n de todos los cargos a elegir en las elecciones en el Condado de San Bernardino.<\/li>\n<li>La Gu\u00eda de Informaci\u00f3n para el Votante espec\u00edfica de cada distrito electoral contiene informaci\u00f3n de los cargos a elegir en las elecciones de cada distrito electoral. Puede consultar las Gu\u00edas de Informaci\u00f3n para el Votante espec\u00edficas de cada distrito electoral por medio de la herramienta de B\u00fasqueda de Casillas Electorales y Boleta de Muestra [ya no est\u00e1 disponible].<\/li>\n<li><a href=\"https:\/\/elections.sbcounty.gov\/es\/News\/2014\/\">Comunicados de Prensa y Avisos P\u00fablicos<\/a><\/li>\n<\/ul>\n<p><strong>Gu\u00eda de Informaci\u00f3n para el Votante del Estado de California<\/strong><\/p>\n<ul>\n<li>El Secretario de Estado de California tambi\u00e9n public\u00f3 una\u00a0<a href=\"https:\/\/vigarchive.sos.ca.gov\/2014\/general\/\" target=\"_blank\" rel=\"noopener\">Gu\u00eda de Informaci\u00f3n para el Votante<\/a>\u00a0que incluye informaci\u00f3n sobre los candidatos para cargos estatales.<\/li>\n<\/ul>\n<\/div>\n\n  <\/section>\n\n\t\n\n  <section data-isd-block-id=\"rov-content-blockblock_cfabab16cd39754f9d220dbaa5324ce6\"\n\t\t\t\t\t\t\t\t\t\t \t\t\t\t\t\t\t\t\t\t\t class=\"card-style main-content-wrapper rov-card-style mb-4\">\n\n\t<h2 class=\"block-subtitle blue\">Fechas Clave y Fechas L\u00edmite<\/h2>\n\n\t<div class=\"ctnr-block-content\"><table class=\"table table-striped\" style=\"width: 99%\">\n<thead>\n<tr style=\"text-align: center;font-weight: bold\">\n<th><strong>Fecha<\/strong><\/th>\n<th><strong>Acci\u00f3n<\/strong><\/th>\n<\/tr>\n<\/thead>\n<tbody>\n<tr>\n<td>14 de julio de 2014<\/td>\n<td>Comienza la presentaci\u00f3n de candidatos<\/td>\n<\/tr>\n<tr>\n<td>8 de agosto de 2014<\/td>\n<td>Fecha l\u00edmite de presentaci\u00f3n de candidatos<\/td>\n<\/tr>\n<tr>\n<td>4 de octubre de 2014<\/td>\n<td>Las Gu\u00edas de Informaci\u00f3n para el Votante se entregan en los buzones de los votantes<\/td>\n<\/tr>\n<tr>\n<td>6 de octubre de 2014<\/td>\n<td>Comienza el voto anticipado<\/td>\n<\/tr>\n<tr>\n<td>11 de octubre de 2014<\/td>\n<td>Las Boletas por Correo se entregan en los buzones de los votantes<\/td>\n<\/tr>\n<tr>\n<td>20 de octubre de 2014<\/td>\n<td>Fecha l\u00edmite para el registro de votantes<\/td>\n<\/tr>\n<tr>\n<td>28 de octubre de 2014<\/td>\n<td>Fecha l\u00edmite para registrarse a la votaci\u00f3n por\u00a0correo<\/td>\n<\/tr>\n<tr>\n<td><strong>4 de noviembre de\u00a02014<\/strong><\/td>\n<td><strong>D\u00eda de las Elecciones &#8211; Elecciones Generales Estatales de 2014<\/strong><\/td>\n<\/tr>\n<tr>\n<td>5 de noviembre de\u00a02014<\/td>\n<td>Comienza el escrutinio de las Elecciones<\/td>\n<\/tr>\n<tr>\n<td>2 de diciembre de 2014<\/td>\n<td>Fecha l\u00edmite para completar el escrutinio oficial y certificar los resultados<\/td>\n<\/tr>\n<\/tbody>\n<\/table>\n<\/div>\n\n  <\/section>\n\n\t\n\n  <section data-isd-block-id=\"rov-content-blockblock_f776bc2e44a0e0f5823a05834896ea66\"\n\t\t\t\t\t\t\t\t\t\t \t\t\t\t\t\t\t\t\t\t\t class=\"card-style main-content-wrapper rov-card-style mb-4\">\n\n\t<h2 class=\"block-subtitle blue\">Informaci\u00f3n de los Cargos y Candidatos<\/h2>\n\n\t<div class=\"ctnr-block-content\"><p><strong>Cargos a Elegir:<\/strong><\/p>\n<ul>\n<li>Consulte los\u00a0<a href=\"https:\/\/www.sbcounty.gov\/uploads\/ROV\/Elections\/2014\/1104\/List_OfficesUpForElectionUpdate_Final_2014-10-31.pdf?_=1640115627740\" target=\"_blank\" rel=\"noopener\">Cargos a Elegir<\/a>\u00a0para las Elecciones Generales Estatales de\u00a02014.<\/li>\n<\/ul>\n<p><strong>Presentaci\u00f3n de Candidatos:<\/strong><\/p>\n<p>El registro de candidatos comienza el 14 de julio de 2014 y termina el 8 de agosto de 2014. Visite nuestra p\u00e1gina de Funcionarios Electos y Candidatos para obtener la informaci\u00f3n completa y las instrucciones.<\/p>\n<ul>\n<li>Consulte la\u00a0<a href=\"https:\/\/www.sbcounty.gov\/uploads\/ROV\/Elections\/2014\/1104\/CandidateFilingGuide.pdf?_=1640115627740\" target=\"_blank\" rel=\"noopener\">Gu\u00eda de Presentaci\u00f3n de Candidatos<\/a><\/li>\n<li>Consulte la\u00a0Informaci\u00f3n sobre el Seminario para Candidatos [ya no est\u00e1 disponible]<\/li>\n<\/ul>\n<p><strong>Lista de Candidatos:<\/strong><\/p>\n<ul>\n<li>Consulte la\u00a0<a href=\"https:\/\/www.sbcounty.gov\/uploads\/ROV\/Elections\/2014\/1104\/CandidateReport.pdf?_=1640115627740\" target=\"_blank\" rel=\"noopener\">Lista de Candidatos<\/a><\/li>\n<\/ul>\n<\/div>\n\n  <\/section>\n\n\t\n\n  <section data-isd-block-id=\"rov-content-blockblock_80a88424277a23382b7782cd9796653b\"\n\t\t\t\t\t\t\t\t\t\t \t\t\t\t\t\t\t\t\t\t\t class=\"card-style main-content-wrapper rov-card-style mb-4\">\n\n\t<h2 class=\"block-subtitle blue\">Medidas en la Boleta<\/h2>\n\n\t<div class=\"ctnr-block-content\"><ul>\n<li>Consulte las\u00a0<a href=\"https:\/\/elections.sbcounty.gov\/es\/Elections\/2014\/1104\/Measures\/\">Medidas<\/a>\u00a0locales en la boleta para las Elecciones Generales Estatales de 2014.<\/li>\n<\/ul>\n<\/div>\n\n  <\/section>\n\n\t\n\n  <section data-isd-block-id=\"rov-content-blockblock_065419f8f0ade2c14192dd21fd000a89\"\n\t\t\t\t\t\t\t\t\t\t \t\t\t\t\t\t\t\t\t\t\t class=\"card-style main-content-wrapper rov-card-style mb-4\">\n\n\t<h2 class=\"block-subtitle blue\">Registro de Votantes<\/h2>\n\n\t<div class=\"ctnr-block-content\"><p>Su solicitud de registro de votante debe tener el sello postal a m\u00e1s tardar del\u00a0<strong>20 de octubre de 2014<\/strong>\u00a0para que sea elegible para votar en las Elecciones Generales Estatales de 2014. Visite nuestra\u00a0<a href=\"https:\/\/elections.sbcounty.gov\/es\/VoterRegistration\/\">p\u00e1gina del Registro de Votantes<\/a>\u00a0para obtener informaci\u00f3n e instrucciones.<\/p>\n<ul>\n<li>Consulte el\u00a0 <a href=\"https:\/\/www.sbcounty.gov\/uploads\/ROV\/elections\/2014\/1104\/ReportOfRegistration.pdf?_=1640115627740\" target=\"_blank\" rel=\"noopener\">Resumen del Registro de Votantes Calificados<\/a><\/li>\n<\/ul>\n<\/div>\n\n  <\/section>\n\n\t\n\n  <section data-isd-block-id=\"rov-content-blockblock_f0926925d4436f851512f7d2e73b03c0\"\n\t\t\t\t\t\t\t\t\t\t \t\t\t\t\t\t\t\t\t\t\t class=\"card-style main-content-wrapper rov-card-style mb-4\">\n\n\t<h2 class=\"block-subtitle blue\">Opciones de Voto<\/h2>\n\n\t<div class=\"ctnr-block-content\"><ul>\n<li>Vote de manera anticipada en la Oficina de Elecciones a partir del 7\u00a0de\u00a0octubre de 2014.<\/li>\n<li>Vote en una Boleta por Correo. La\u00a0Solicitud de Boleta por Correo\u00a0vence el\u00a029 de octubre de 2014.<\/li>\n<li>Vote en su casilla electoral asignada\u00a0el D\u00eda de las Elecciones,\u00a0el 4\u00a0de\u00a0noviembre de 2014, de 7 a.m. a 8 p.m. Encuentre la ubicaci\u00f3n de\u00a0la casilla electoral [ya no est\u00e1 disponible].<\/li>\n<\/ul>\n<p>Visite nuestra p\u00e1gina de Opciones de Voto\u00a0para obtener la informaci\u00f3n completa y las instrucciones [ya no est\u00e1 disponible].<\/p>\n<p><strong>Votantes Militares y en el Extranjero:<\/strong><\/p>\n<p>Los ciudadanos Uniformados y en el Extranjero pueden obtener una Gu\u00eda de Informaci\u00f3n para el Votante y Boleta de Muestra,\u00a0as\u00ed como una Boleta para estas elecciones [ya no est\u00e1 disponible].<\/p>\n<\/div>\n\n  <\/section>\n\n\t\n\n  <section data-isd-block-id=\"rov-content-blockblock_eaf2e1ef310fd575e3b3891d702782f2\"\n\t\t\t\t\t\t\t\t\t\t \t\t\t\t\t\t\t\t\t\t\t class=\"card-style main-content-wrapper rov-card-style mb-4\">\n\n\t<h2 class=\"block-subtitle blue\">Resultados de las Elecciones<\/h2>\n\n\t<div class=\"ctnr-block-content\"><ul>\n<li><a href=\"https:\/\/results.rov.sbcounty.gov\/results\/20141104\/default.html\" target=\"_blank\" rel=\"noopener\">Resultados de las Elecciones<\/a><\/li>\n<li><a href=\"https:\/\/www.sbcounty.gov\/uploads\/ROV\/Elections\/2014\/1104\/PublicNotice_QualifiedWrite-InCandidate_2014-11-24.pdf\" target=\"_blank\" rel=\"noopener\">Resultados de los Candidatos Incluidos por Escrito Calificados<\/a><\/li>\n<li><a href=\"https:\/\/elections.sbcounty.gov\/es\/Elections\/2014\/1104\/SOV\/\">Declaraci\u00f3n de Votos Emitidos<\/a><\/li>\n<li><a href=\"https:\/\/elections.sbcounty.gov\/es\/Voting\/Provisionals\/\">Estado de la Boleta Provisional<\/a><\/li>\n<\/ul>\n<\/div>\n\n  <\/section>\n\n\t","protected":false},"excerpt":{"rendered":"<p>Publicaciones Electorales Gu\u00eda de Informaci\u00f3n para el Votante del Condado de San Bernardino La Gu\u00eda de Informaci\u00f3n para el Votante es un folleto publicado por la Oficina de Elecciones del Condado de San Bernardino que incluye informaci\u00f3n sobre la votaci\u00f3n, los candidatos y las medidas, una boleta de muestra e<span class=\"ellipsis\">&#8230;<\/span><\/p>\n","protected":false},"author":19,"featured_media":37382,"parent":38808,"menu_order":0,"comment_status":"closed","ping_status":"closed","template":"templates\/rov-left-sidebar-template.php","meta":{"_acf_changed":false,"footnotes":""},"class_list":["post-38982","page","type-page","status-publish","has-post-thumbnail","hentry"],"acf":[],"_links":{"self":[{"href":"https:\/\/elections.sbcounty.gov\/es\/wp-json\/wp\/v2\/pages\/38982","targetHints":{"allow":["GET"]}}],"collection":[{"href":"https:\/\/elections.sbcounty.gov\/es\/wp-json\/wp\/v2\/pages"}],"about":[{"href":"https:\/\/elections.sbcounty.gov\/es\/wp-json\/wp\/v2\/types\/page"}],"author":[{"embeddable":true,"href":"https:\/\/elections.sbcounty.gov\/es\/wp-json\/wp\/v2\/users\/19"}],"replies":[{"embeddable":true,"href":"https:\/\/elections.sbcounty.gov\/es\/wp-json\/wp\/v2\/comments?post=38982"}],"version-history":[{"count":3,"href":"https:\/\/elections.sbcounty.gov\/es\/wp-json\/wp\/v2\/pages\/38982\/revisions"}],"predecessor-version":[{"id":83869,"href":"https:\/\/elections.sbcounty.gov\/es\/wp-json\/wp\/v2\/pages\/38982\/revisions\/83869"}],"up":[{"embeddable":true,"href":"https:\/\/elections.sbcounty.gov\/es\/wp-json\/wp\/v2\/pages\/38808"}],"wp:featuredmedia":[{"embeddable":true,"href":"https:\/\/elections.sbcounty.gov\/es\/wp-json\/wp\/v2\/media\/37382"}],"wp:attachment":[{"href":"https:\/\/elections.sbcounty.gov\/es\/wp-json\/wp\/v2\/media?parent=38982"}],"curies":[{"name":"wp","href":"https:\/\/api.w.org\/{rel}","templated":true}]}}