{"id":38925,"date":"2021-12-21T19:39:15","date_gmt":"2021-12-21T19:39:15","guid":{"rendered":"https:\/\/www.elections.sbcounty.gov\/?page_id=38925"},"modified":"2021-12-21T19:39:15","modified_gmt":"2021-12-21T19:39:15","slug":"measures","status":"publish","type":"page","link":"https:\/\/elections.sbcounty.gov\/es\/elections\/2014\/0708\/measures\/","title":{"rendered":"Medidas"},"content":{"rendered":"  <section data-isd-block-id=\"rov-content-blockblock_9045552d96fe07684792cd2d0eb4f93f\"\n\t\t\t\t\t\t\t\t\t\t \t\t\t\t\t\t\t\t\t\t\t class=\"card-style main-content-wrapper rov-card-style mb-4\">\n\n\t<h2 class=\"block-subtitle blue\">Medidas<\/h2>\n\n\t<div class=\"ctnr-block-content\"><h1><strong>Elecciones Especiales de la Ciudad de Chino<\/strong><\/h1>\n<p><strong>Medidas Locales &#8211; 8 de julio de 2014<\/strong><\/p>\n<p><strong>Ciudad<\/strong><\/p>\n<table class=\"meausresTable\" style=\"width: 99%;border-collapse: collapse\" border=\"0\" cellspacing=\"0\" cellpadding=\"0\">\n<thead>\n<tr style=\"background: #f2f2f2;height: 17.6pt\"><!--FIRST ROW: HEADING-->\n<th width=\"3%\"><strong>Letra<\/strong><\/th>\n<th width=\"10%\"><strong>Jurisdicci\u00f3n<\/strong><\/th>\n<th width=\"20%\"><strong>Descripci\u00f3n de la Medida<\/strong><\/th>\n<th width=\"5%\"><strong>An\u00e1lisis<\/strong><\/th>\n<th width=\"10%\"><strong>Argumentos<\/strong><\/th>\n<th width=\"15%\"><strong>Refutaciones<\/strong><\/th>\n<th width=\"5%\"><strong>Porcentaje para ser Aprobada<\/strong><\/th>\n<\/tr>\n<\/thead>\n<tbody>\n<tr style=\"height: 38.15pt\"><!--SECOND ROW: ITEM ONE-->\n<td>H<\/td>\n<td>Ciudad de Chino<\/td>\n<td>Propuesta de Enmienda al\u00a0Plan General<\/td>\n<td><a href=\"https:\/\/www.sbcounty.gov\/uploads\/ROV\/Elections\/2014\/0708\/measures\/Measure_H_City_Attorney_Impartial_Analysis_for_website.pdf\" target=\"_blank\" rel=\"noopener\">Imparcial<\/a><\/td>\n<td><a href=\"https:\/\/www.sbcounty.gov\/uploads\/ROV\/Elections\/2014\/0708\/measures\/Measure_ArgumentinFavor_MeasureJ.pdf\" target=\"_blank\" rel=\"noopener\">Argumento a Favor<\/a><\/td>\n<td>No se presentaron Refutaciones<\/td>\n<td>Mayor\u00eda de Votos<\/td>\n<\/tr>\n<tr style=\"height: 38.15pt\">\n<td>I<\/td>\n<td>Ciudad de Chino<\/td>\n<td>Propuesta de Enmienda al\u00a0Plan General<\/td>\n<td><a href=\"https:\/\/www.sbcounty.gov\/uploads\/ROV\/Elections\/2014\/0708\/measures\/Measure_I_City_Attorney_Impartial_Analysis_for_website.pdf\" target=\"_blank\" rel=\"noopener\">Imparcial<\/a><\/td>\n<td><a href=\"https:\/\/www.sbcounty.gov\/uploads\/ROV\/Elections\/2014\/0708\/measures\/Measure_ArgumentinFavor_MeasureJ.pdf\" target=\"_blank\" rel=\"noopener\">Argumento a Favor<\/a><\/td>\n<td>No se presentaron Refutaciones<\/td>\n<td>Mayor\u00eda de Votos<\/td>\n<\/tr>\n<tr>\n<td>J<\/td>\n<td>Ciudad de Chino<\/td>\n<td>Propuesta de Enmienda al\u00a0Plan General<\/td>\n<td><a href=\"https:\/\/www.sbcounty.gov\/uploads\/ROV\/Elections\/2014\/0708\/measures\/Measure%20J_City_Attorney_Impartial_Analysis_for_website.pdf\" target=\"_blank\" rel=\"noopener\">Imparcial<\/a><\/td>\n<td><a href=\"https:\/\/www.sbcounty.gov\/uploads\/ROV\/Elections\/2014\/0708\/measures\/Measure_ArgumentinFavor_MeasureJ.pdf\" target=\"_blank\" rel=\"noopener\">Argumento a Favor<\/a><\/td>\n<td>No se presentaron Refutaciones<\/td>\n<td>Mayor\u00eda de Votos<\/td>\n<\/tr>\n<\/tbody>\n<\/table>\n<p><strong>Avisos P\u00fablicos y Formularios Relacionados:<\/strong><\/p>\n<ul>\n<li><a href=\"https:\/\/elections.sbcounty.gov\/es\/Elections\/Measures\/\">Informaci\u00f3n General sobre las Medidas<\/a><\/li>\n<li><a href=\"https:\/\/www.sbcounty.gov\/uploads\/ROV\/Elections\/2014\/0708\/measures\/ElectionMeasures_20140708.pdf\" target=\"_blank\" rel=\"noopener\">Aviso P\u00fablico: Medidas por las que se votar\u00e1<\/a>\u00a0[pdf]<\/li>\n<\/ul>\n<\/div>\n\n  <\/section>\n\n\t","protected":false},"excerpt":{"rendered":"<p>Medidas Elecciones Especiales de la Ciudad de Chino Medidas Locales &#8211; 8 de julio de 2014 Ciudad Letra Jurisdicci\u00f3n Descripci\u00f3n de la Medida An\u00e1lisis Argumentos Refutaciones Porcentaje para ser Aprobada H Ciudad de Chino Propuesta de Enmienda al\u00a0Plan General Imparcial Argumento a Favor No se presentaron Refutaciones Mayor\u00eda de Votos<span class=\"ellipsis\">&#8230;<\/span><\/p>\n","protected":false},"author":19,"featured_media":37382,"parent":38907,"menu_order":0,"comment_status":"closed","ping_status":"closed","template":"templates\/rov-full-width-no-title-template.php","meta":{"_acf_changed":false,"footnotes":""},"class_list":["post-38925","page","type-page","status-publish","has-post-thumbnail","hentry"],"acf":[],"_links":{"self":[{"href":"https:\/\/elections.sbcounty.gov\/es\/wp-json\/wp\/v2\/pages\/38925","targetHints":{"allow":["GET"]}}],"collection":[{"href":"https:\/\/elections.sbcounty.gov\/es\/wp-json\/wp\/v2\/pages"}],"about":[{"href":"https:\/\/elections.sbcounty.gov\/es\/wp-json\/wp\/v2\/types\/page"}],"author":[{"embeddable":true,"href":"https:\/\/elections.sbcounty.gov\/es\/wp-json\/wp\/v2\/users\/19"}],"replies":[{"embeddable":true,"href":"https:\/\/elections.sbcounty.gov\/es\/wp-json\/wp\/v2\/comments?post=38925"}],"version-history":[{"count":0,"href":"https:\/\/elections.sbcounty.gov\/es\/wp-json\/wp\/v2\/pages\/38925\/revisions"}],"up":[{"embeddable":true,"href":"https:\/\/elections.sbcounty.gov\/es\/wp-json\/wp\/v2\/pages\/38907"}],"wp:featuredmedia":[{"embeddable":true,"href":"https:\/\/elections.sbcounty.gov\/es\/wp-json\/wp\/v2\/media\/37382"}],"wp:attachment":[{"href":"https:\/\/elections.sbcounty.gov\/es\/wp-json\/wp\/v2\/media?parent=38925"}],"curies":[{"name":"wp","href":"https:\/\/api.w.org\/{rel}","templated":true}]}}