{"id":38907,"date":"2021-12-21T19:27:47","date_gmt":"2021-12-21T19:27:47","guid":{"rendered":"https:\/\/www.elections.sbcounty.gov\/?page_id=38907"},"modified":"2024-06-06T09:52:30","modified_gmt":"2024-06-06T16:52:30","slug":"0708","status":"publish","type":"page","link":"https:\/\/elections.sbcounty.gov\/es\/elections\/2014\/0708\/","title":{"rendered":"Archivo de Elecciones Especiales de la Ciudad de Chino del\u00a08\u00a0de\u00a0julio\u00a0de\u00a02014"},"content":{"rendered":"  <section data-isd-block-id=\"rov-content-blockblock_3f866c2c9a419eee40fdc5ea7bdde785\"\n\t\t\t\t\t\t\t\t\t\t \t\t\t\t\t\t\t\t\t\t\t class=\"card-style main-content-wrapper rov-card-style mb-4\">\n\n\t<h2 class=\"block-subtitle blue\">Publicaciones Electorales<\/h2>\n\n\t<div class=\"ctnr-block-content\"><ul>\n<li>La Gu\u00eda de Informaci\u00f3n para el Votante es un folleto publicado por la Oficina de Elecciones del Condado de San Bernardino que incluye informaci\u00f3n sobre la votaci\u00f3n y las medidas, una boleta de muestra e informaci\u00f3n de las casillas electorales.<\/li>\n<li>La\u00a0<a href=\"https:\/\/www.sbcounty.gov\/uploads\/ROV\/Elections\/2014\/0708\/E-VIG_2014-07-08.pdf\" target=\"_blank\" rel=\"noopener\">Gu\u00eda de Informaci\u00f3n para el Votante<\/a>\u00a0completa contiene informaci\u00f3n de todos los cargos a elegir en las elecciones en el Condado de San Bernardino<\/li>\n<li>La Gu\u00eda de Informaci\u00f3n para el Votante espec\u00edfica de cada distrito electoral contiene informaci\u00f3n de los cargos a elegir en las elecciones de cada distrito electoral. Puede consultar las Gu\u00edas de Informaci\u00f3n para el Votante espec\u00edficas de cada distrito electoral por medio de la herramienta de B\u00fasqueda de Casillas Electorales y Boleta de Muestra [ya no est\u00e1 disponible].<\/li>\n<\/ul>\n<p><a href=\"https:\/\/elections.sbcounty.gov\/es\/News\/2014\/\">Comunicados de Prensa y Avisos P\u00fablicos<\/a><\/p>\n<\/div>\n\n  <\/section>\n\n\t\n\n  <section data-isd-block-id=\"rov-content-blockblock_c17731a24a4f94b517bf1584ecc1f148\"\n\t\t\t\t\t\t\t\t\t\t \t\t\t\t\t\t\t\t\t\t\t class=\"card-style main-content-wrapper rov-card-style mb-4\">\n\n\t<h2 class=\"block-subtitle blue\">Fechas Clave y Fechas L\u00edmite<\/h2>\n\n\t<div class=\"ctnr-block-content\"><table class=\"table table-striped\" style=\"width: 90%\">\n<thead>\n<tr>\n<th width=\"132\"><strong>Fecha<\/strong><\/th>\n<th width=\"337\"><strong>Acci\u00f3n<\/strong><\/th>\n<\/tr>\n<\/thead>\n<tbody>\n<tr>\n<td>7 de junio de 2014<\/td>\n<td>Las Gu\u00edas de Informaci\u00f3n para el Votante se entregan en los buzones de los votantes<\/td>\n<\/tr>\n<tr>\n<td>9 de junio de 2014<\/td>\n<td>Comienza el voto anticipado<\/td>\n<\/tr>\n<tr>\n<td>14 de junio de 2014<\/td>\n<td>Las Boletas por Correo se entregan en los buzones de los votantes<\/td>\n<\/tr>\n<tr>\n<td>23 de junio de 2014<\/td>\n<td>Fecha l\u00edmite para el registro de votantes<\/td>\n<\/tr>\n<tr>\n<td>1\u00ba de julio de 2014<\/td>\n<td>Fecha l\u00edmite para registrarse a la votaci\u00f3n por correo<\/td>\n<\/tr>\n<tr>\n<td>8 de julio de 2014<\/td>\n<td>D\u00eda de las Elecciones &#8211; Elecciones Especiales de la Ciudad de Chino<\/td>\n<\/tr>\n<tr>\n<td>9 de julio de 2014<\/td>\n<td>Comienza el escrutinio de las Elecciones<\/td>\n<\/tr>\n<tr>\n<td>5 de agosto de 2014<\/td>\n<td>Fecha l\u00edmite para completar el escrutinio oficial y certificar los resultados<\/td>\n<\/tr>\n<\/tbody>\n<\/table>\n<\/div>\n\n  <\/section>\n\n\t\n\n  <section data-isd-block-id=\"rov-content-blockblock_bf3cff0da311de9a4f8aa04e88446e9e\"\n\t\t\t\t\t\t\t\t\t\t \t\t\t\t\t\t\t\t\t\t\t class=\"card-style main-content-wrapper rov-card-style mb-4\">\n\n\t<h2 class=\"block-subtitle blue\">Medidas en la Boleta<\/h2>\n\n\t<div class=\"ctnr-block-content\"><p>Consulte las\u00a0<a href=\"https:\/\/elections.sbcounty.gov\/es\/Elections\/2014\/0708\/Measures\/\">Medidas Locales<\/a>\u00a0en la boleta para las Elecciones Especiales de la Ciudad de Chino de 2014.<\/p>\n<\/div>\n\n  <\/section>\n\n\t\n\n  <section data-isd-block-id=\"rov-content-blockblock_fcec148003365d167e500fcec317d8a1\"\n\t\t\t\t\t\t\t\t\t\t \t\t\t\t\t\t\t\t\t\t\t class=\"card-style main-content-wrapper rov-card-style mb-4\">\n\n\t<h2 class=\"block-subtitle blue\">Voter Registration<\/h2>\n\n\t<div class=\"ctnr-block-content\"><p>Su solicitud de registro de votante debe tener el sello postal a m\u00e1s tardar del\u00a0<strong>23 de junio de 2014<\/strong>\u00a0para que sea elegible para votar en las Elecciones Especiales de la Ciudad de Chino de 2014. Visite nuestra\u00a0<a href=\"https:\/\/elections.sbcounty.gov\/es\/VoterRegistration\/\">p\u00e1gina del Registro de Votantes<\/a>\u00a0para obtener informaci\u00f3n e instrucciones.<\/p>\n<p><a href=\"https:\/\/www.sbcounty.gov\/uploads\/ROV\/Elections\/2014\/0708\/15DayROR.pdf\" target=\"_blank\" rel=\"noopener\">Consulte el Resumen del Registro de Votantes Calificados<\/a><\/p>\n<\/div>\n\n  <\/section>\n\n\t\n\n  <section data-isd-block-id=\"rov-content-blockblock_2c63fbb08b14f27a8b4d27cd9ff9a018\"\n\t\t\t\t\t\t\t\t\t\t \t\t\t\t\t\t\t\t\t\t\t class=\"card-style main-content-wrapper rov-card-style mb-4\">\n\n\t<h2 class=\"block-subtitle blue\">Opciones de Voto<\/h2>\n\n\t<div class=\"ctnr-block-content\"><p>Vote de manera anticipada en la\u00a0<a href=\"https:\/\/elections.sbcounty.gov\/es\/Voting\/early\/\">Oficina de Elecciones<\/a>\u00a0a partir del 9 de junio de 2014.<\/p>\n<p>Vote en una Boleta por Correo.\u00a0<a href=\"https:\/\/www.sbcounty.gov\/uploads\/ROV\/Elections\/2014\/0708\/Form_FillableMBApps_2014-07-08_Website.pdf\" target=\"_blank\" rel=\"noopener\">La Solicitud de Boleta por Correo<\/a>\u00a0vence el 1\u00ba\u00a0de julio de 2014.<\/p>\n<p>Vote en las casillas el D\u00eda de las Elecciones, el 8 de julio de 2014, de 7 a.m. a\u00a08 p.m.<\/p>\n<p>Visite nuestra p\u00e1gina de Opciones de Voto [ya no est\u00e1 disponible] para obtener la informaci\u00f3n completa y las instrucciones.<\/p>\n<p><strong>Votantes Militares y en el Extranjero:<\/strong><\/p>\n<p>Los ciudadanos Uniformados y en el Extranjero pueden obtener una Gu\u00eda de Informaci\u00f3n para el Votante y Boleta de Muestra, as\u00ed como una Boleta para estas elecciones. Para obtener la informaci\u00f3n completa, visite nuestra p\u00e1gina de Votantes Militares y en el Extranjero. [Los enlaces para estas elecciones ya no est\u00e1n disponibles].<\/p>\n<\/div>\n\n  <\/section>\n\n\t\n\n  <section data-isd-block-id=\"rov-content-blockblock_362b1111da76612b77fa6c88d2b94576\"\n\t\t\t\t\t\t\t\t\t\t \t\t\t\t\t\t\t\t\t\t\t class=\"card-style main-content-wrapper rov-card-style mb-4\">\n\n\t<h2 class=\"block-subtitle blue\">Resultados de las Elecciones<\/h2>\n\n\t<div class=\"ctnr-block-content\"><p><a href=\"https:\/\/results.rov.sbcounty.gov\/results\/20140708\/default.html\" target=\"_blank\" rel=\"noopener\">Resultados de las Elecciones<\/a><\/p>\n<p><a href=\"https:\/\/www.sbcounty.gov\/uploads\/ROV\/Elections\/2014\/0708\/SOV%20Book.pdf\" target=\"_blank\" rel=\"noopener\">Declaraci\u00f3n de Votos Emitidos<\/a><\/p>\n<p><a href=\"https:\/\/elections.sbcounty.gov\/es\/Voting\/Provisionals\/\">B\u00fasqueda de Boletas Provisionales<\/a><\/p>\n<\/div>\n\n  <\/section>\n\n\t","protected":false},"excerpt":{"rendered":"<p>Publicaciones Electorales La Gu\u00eda de Informaci\u00f3n para el Votante es un folleto publicado por la Oficina de Elecciones del Condado de San Bernardino que incluye informaci\u00f3n sobre la votaci\u00f3n y las medidas, una boleta de muestra e informaci\u00f3n de las casillas electorales. La\u00a0Gu\u00eda de Informaci\u00f3n para el Votante\u00a0completa contiene informaci\u00f3n<span class=\"ellipsis\">&#8230;<\/span><\/p>\n","protected":false},"author":19,"featured_media":37382,"parent":38808,"menu_order":0,"comment_status":"closed","ping_status":"closed","template":"templates\/rov-left-sidebar-template.php","meta":{"_acf_changed":false,"footnotes":""},"class_list":["post-38907","page","type-page","status-publish","has-post-thumbnail","hentry"],"acf":[],"_links":{"self":[{"href":"https:\/\/elections.sbcounty.gov\/es\/wp-json\/wp\/v2\/pages\/38907","targetHints":{"allow":["GET"]}}],"collection":[{"href":"https:\/\/elections.sbcounty.gov\/es\/wp-json\/wp\/v2\/pages"}],"about":[{"href":"https:\/\/elections.sbcounty.gov\/es\/wp-json\/wp\/v2\/types\/page"}],"author":[{"embeddable":true,"href":"https:\/\/elections.sbcounty.gov\/es\/wp-json\/wp\/v2\/users\/19"}],"replies":[{"embeddable":true,"href":"https:\/\/elections.sbcounty.gov\/es\/wp-json\/wp\/v2\/comments?post=38907"}],"version-history":[{"count":4,"href":"https:\/\/elections.sbcounty.gov\/es\/wp-json\/wp\/v2\/pages\/38907\/revisions"}],"predecessor-version":[{"id":84064,"href":"https:\/\/elections.sbcounty.gov\/es\/wp-json\/wp\/v2\/pages\/38907\/revisions\/84064"}],"up":[{"embeddable":true,"href":"https:\/\/elections.sbcounty.gov\/es\/wp-json\/wp\/v2\/pages\/38808"}],"wp:featuredmedia":[{"embeddable":true,"href":"https:\/\/elections.sbcounty.gov\/es\/wp-json\/wp\/v2\/media\/37382"}],"wp:attachment":[{"href":"https:\/\/elections.sbcounty.gov\/es\/wp-json\/wp\/v2\/media?parent=38907"}],"curies":[{"name":"wp","href":"https:\/\/api.w.org\/{rel}","templated":true}]}}