{"id":38877,"date":"2021-12-21T19:11:26","date_gmt":"2021-12-21T19:11:26","guid":{"rendered":"https:\/\/www.elections.sbcounty.gov\/?page_id=38877"},"modified":"2021-12-21T19:11:26","modified_gmt":"2021-12-21T19:11:26","slug":"measures","status":"publish","type":"page","link":"https:\/\/elections.sbcounty.gov\/es\/elections\/2014\/0603\/measures\/","title":{"rendered":"Measures"},"content":{"rendered":"  <section data-isd-block-id=\"rov-content-blockblock_5036b68bc060b57ce442c48df5927f4a\"\n\t\t\t\t\t\t\t\t\t\t \t\t\t\t\t\t\t\t\t\t\t class=\"card-style main-content-wrapper rov-card-style mb-4\">\n\n\t<h2 class=\"block-subtitle blue\">3 de junio de 2014 \u2013 Medidas Locales en la Boleta<\/h2>\n\n\t<div class=\"ctnr-block-content\"><p><strong>Medidas de la Ciudad<\/strong><\/p>\n<p><strong>Medida E \u2013 Ciudad de Big Bear Lake<\/strong><\/p>\n<p>Propuesta para autorizar la venta del Sistema Rimforest<\/p>\n<ul>\n<li><a href=\"https:\/\/www.sbcounty.gov\/uploads\/ROV\/Elections\/2014\/0603\/Measure_CityOfBigBearLake_2014-03-03.pdf\" target=\"_blank\" rel=\"noopener\">Resoluci\u00f3n<\/a><\/li>\n<li><a href=\"https:\/\/www.sbcounty.gov\/uploads\/ROV\/Elections\/2014\/0603\/measures\/Notice_ImpartialAnalysis_MeasureE_2014-03-20.pdf\" target=\"_blank\" rel=\"noopener\">An\u00e1lisis Imparcial<\/a><\/li>\n<li><a href=\"https:\/\/www.sbcounty.gov\/uploads\/ROV\/Elections\/2014\/0603\/measures\/Notice_ArgumentInFavor_MeasureE_2014-03-19.pdf\" target=\"_blank\" rel=\"noopener\">Argumento a Favor<\/a><\/li>\n<li>No se presentaron Refutaciones<\/li>\n<li>Mayor\u00eda de Votos para su aprobaci\u00f3n<\/li>\n<\/ul>\n<p><strong>Medida F \u2013 Distrito de Cuidados de la Salud Comunitarios Bear Valley<\/strong><\/p>\n<p>Impuesto especial propuesto para todas las parcelas imponibles de bienes ra\u00edces dentro del distrito<\/p>\n<ul>\n<li><a href=\"https:\/\/www.sbcounty.gov\/uploads\/ROV\/Elections\/2014\/0603\/Notice_MeasureG_2014-03-11.pdf\" target=\"_blank\" rel=\"noopener\">Resoluci\u00f3n<\/a><\/li>\n<li><a href=\"https:\/\/www.sbcounty.gov\/uploads\/ROV\/Elections\/2014\/0603\/measures\/Notice_ImpartialAnalysis_MeasureG_2014-03-20.pdf\" target=\"_blank\" rel=\"noopener\">An\u00e1lisis Imparcial<\/a><\/li>\n<li><a href=\"https:\/\/www.sbcounty.gov\/uploads\/ROV\/Elections\/2014\/0603\/measures\/Form_ArgumentInFavor_AVFPD_2014-03-06.pdf\" target=\"_blank\" rel=\"noopener\">Argumento a Favor<\/a><\/li>\n<li>No se presentaron Refutaciones<\/li>\n<li>Dos Tercios para su Aprobaci\u00f3n<\/li>\n<\/ul>\n<p><strong>Medida G \u2013 Distrito de Protecci\u00f3n Contra Incendios Apple Valley<\/strong><\/p>\n<p>Ordenanza propuesta para extender el t\u00e9rmino y ajustar la tasa del impuesto especial para la supresi\u00f3n de incendios<\/p>\n<ul>\n<li><a href=\"https:\/\/www.sbcounty.gov\/uploads\/ROV\/Elections\/2014\/0603\/Notice_MeasureG_2014-03-11.pdf\" target=\"_blank\" rel=\"noopener\">Resoluci\u00f3n<\/a><\/li>\n<li><a href=\"https:\/\/www.sbcounty.gov\/uploads\/ROV\/Elections\/2014\/0603\/measures\/Notice_ImpartialAnalysis_MeasureG_2014-03-20.pdf\" target=\"_blank\" rel=\"noopener\">An\u00e1lisis Imparcial<\/a><\/li>\n<li><a href=\"https:\/\/www.sbcounty.gov\/uploads\/ROV\/Elections\/2014\/0603\/measures\/Form_ArgumentInFavor_AVFPD_2014-03-06.pdf\" target=\"_blank\" rel=\"noopener\">Argumento a Favor<\/a><\/li>\n<li>No se presentaron Refutaciones<\/li>\n<li>Dos Tercios para su Aprobaci\u00f3n<\/li>\n<\/ul>\n<h2><strong>Avisos P\u00fablicos y Formularios Relacionados:<\/strong><\/h2>\n<ul>\n<li><a href=\"https:\/\/www.sbcounty.gov\/uploads\/ROV\/Elections\/2014\/0603\/PublicNotice_Measures.pdf\" target=\"_blank\" rel=\"noopener\">Aviso P\u00fablico: Designaciones de la Medida<\/a>\u00a0[pdf]<\/li>\n<li><a href=\"https:\/\/elections.sbcounty.gov\/es\/Elections\/Measures\/\">Informaci\u00f3n Gen\u00e9rica sobre las Medidas<\/a><\/li>\n<\/ul>\n<\/div>\n\n  <\/section>\n\n\t","protected":false},"excerpt":{"rendered":"<p>3 de junio de 2014 \u2013 Medidas Locales en la Boleta Medidas de la Ciudad Medida E \u2013 Ciudad de Big Bear Lake Propuesta para autorizar la venta del Sistema Rimforest Resoluci\u00f3n An\u00e1lisis Imparcial Argumento a Favor No se presentaron Refutaciones Mayor\u00eda de Votos para su aprobaci\u00f3n Medida F \u2013<span class=\"ellipsis\">&#8230;<\/span><\/p>\n","protected":false},"author":19,"featured_media":37382,"parent":38859,"menu_order":0,"comment_status":"closed","ping_status":"closed","template":"templates\/rov-full-width-no-title-template.php","meta":{"_acf_changed":false,"footnotes":""},"class_list":["post-38877","page","type-page","status-publish","has-post-thumbnail","hentry"],"acf":[],"_links":{"self":[{"href":"https:\/\/elections.sbcounty.gov\/es\/wp-json\/wp\/v2\/pages\/38877","targetHints":{"allow":["GET"]}}],"collection":[{"href":"https:\/\/elections.sbcounty.gov\/es\/wp-json\/wp\/v2\/pages"}],"about":[{"href":"https:\/\/elections.sbcounty.gov\/es\/wp-json\/wp\/v2\/types\/page"}],"author":[{"embeddable":true,"href":"https:\/\/elections.sbcounty.gov\/es\/wp-json\/wp\/v2\/users\/19"}],"replies":[{"embeddable":true,"href":"https:\/\/elections.sbcounty.gov\/es\/wp-json\/wp\/v2\/comments?post=38877"}],"version-history":[{"count":0,"href":"https:\/\/elections.sbcounty.gov\/es\/wp-json\/wp\/v2\/pages\/38877\/revisions"}],"up":[{"embeddable":true,"href":"https:\/\/elections.sbcounty.gov\/es\/wp-json\/wp\/v2\/pages\/38859"}],"wp:featuredmedia":[{"embeddable":true,"href":"https:\/\/elections.sbcounty.gov\/es\/wp-json\/wp\/v2\/media\/37382"}],"wp:attachment":[{"href":"https:\/\/elections.sbcounty.gov\/es\/wp-json\/wp\/v2\/media?parent=38877"}],"curies":[{"name":"wp","href":"https:\/\/api.w.org\/{rel}","templated":true}]}}