{"id":38859,"date":"2021-12-21T19:07:53","date_gmt":"2021-12-21T19:07:53","guid":{"rendered":"https:\/\/www.elections.sbcounty.gov\/?page_id=38859"},"modified":"2024-06-06T09:57:08","modified_gmt":"2024-06-06T16:57:08","slug":"0603","status":"publish","type":"page","link":"https:\/\/elections.sbcounty.gov\/es\/elections\/2014\/0603\/","title":{"rendered":"Archivo de Elecciones Primarias Estatales del 3 de junio de 2014"},"content":{"rendered":"  <section data-isd-block-id=\"rov-content-blockblock_1ff1e01dbf7d61688e0685cebe47c0a7\"\n\t\t\t\t\t\t\t\t\t\t \t\t\t\t\t\t\t\t\t\t\t class=\"card-style main-content-wrapper rov-card-style mb-4\">\n\n\t<h2 class=\"block-subtitle blue\">Publicaciones Electorales<\/h2>\n\n\t<div class=\"ctnr-block-content\"><p><strong>Gu\u00eda de Informaci\u00f3n para el Votante del Condado de San Bernardino<\/strong><\/p>\n<ul>\n<li>La Gu\u00eda de Informaci\u00f3n para el Votante es un folleto publicado por la Oficina de Elecciones del Condado de San Bernardino que incluye informaci\u00f3n sobre las elecciones, los candidatos y las medidas, una boleta de muestra e informaci\u00f3n de las casillas electorales.<\/li>\n<li>La\u00a0<a href=\"https:\/\/www.sbcounty.gov\/uploads\/ROV\/Elections\/2014\/0603\/sb-combined-spanish.pdf\" target=\"_blank\" rel=\"noopener\">Gu\u00eda de Informaci\u00f3n para el Votante<\/a> completa contiene informaci\u00f3n de todos los cargos incluidos en las elecciones en el Condado de San Bernardino.<\/li>\n<li>La Gu\u00eda de Informaci\u00f3n para el Votante espec\u00edfica de cada distrito electoral contiene informaci\u00f3n de los cargos a elegir en cada distrito electoral. Puede consultar las Gu\u00edas de Informaci\u00f3n para el Votante espec\u00edficas de cada distrito electoral con la herramienta de B\u00fasqueda de Casillas Electorales y Boleta de Muestra. [ya no est\u00e1 disponible]<\/li>\n<\/ul>\n<p><strong>Gu\u00eda de Informaci\u00f3n para el Votante del Estado de California<\/strong><\/p>\n<ul>\n<li>La Secretaria de Estado de California tambi\u00e9n public\u00f3 una\u00a0<a href=\"https:\/\/vigarchive.sos.ca.gov\/2014\/primary\/pdf\/es\/\" target=\"_blank\" rel=\"noopener\">Gu\u00eda de Informaci\u00f3n para el Votante<\/a> que incluye informaci\u00f3n sobre los candidatos para cargos estatales.<\/li>\n<\/ul>\n<p><strong>Recursos Electorales<\/strong><\/p>\n<ul>\n<li><a href=\"https:\/\/elections.sbcounty.gov\/es\/News\/2014\/\"><strong>Comunicados de Prensa y Avisos P\u00fablicos<\/strong><\/a><\/li>\n<\/ul>\n<\/div>\n\n  <\/section>\n\n\t\n\n  <section data-isd-block-id=\"rov-content-blockblock_e3783384e88774640895dbcbd002c89f\"\n\t\t\t\t\t\t\t\t\t\t \t\t\t\t\t\t\t\t\t\t\t class=\"card-style main-content-wrapper rov-card-style mb-4\">\n\n\t<h2 class=\"block-subtitle blue\">Fechas Clave y Fechas L\u00edmite<\/h2>\n\n\t<div class=\"ctnr-block-content\"><table class=\"table table-striped\" style=\"width: 90%\">\n<colgroup>\n<col \/>\n<col \/><\/colgroup>\n<thead>\n<tr>\n<th width=\"134\">\n<p style=\"line-height: 115%\" align=\"center\"><strong>Fecha<\/strong><\/p>\n<\/th>\n<th width=\"368\">\n<p style=\"line-height: 115%\" align=\"center\"><strong>Acci\u00f3n<\/strong><\/p>\n<\/th>\n<\/tr>\n<\/thead>\n<tbody>\n<tr>\n<td width=\"134\">10 de febrero de 2014<\/td>\n<td>Comienza la presentaci\u00f3n de candidatos<\/td>\n<\/tr>\n<tr>\n<td>7 de marzo de 2014<\/td>\n<td>Fecha l\u00edmite de presentaci\u00f3n de candidatos<\/td>\n<\/tr>\n<tr>\n<td>3 de mayo de 2014<\/td>\n<td>Las Gu\u00edas de Informaci\u00f3n para el Votante se entregan a los buzones de los votantes<\/td>\n<\/tr>\n<tr>\n<td>5 de mayo de 2014<\/td>\n<td>Comienza el voto anticipado<\/td>\n<\/tr>\n<tr>\n<td>10 de mayo de 2014<\/td>\n<td>Las Boletas por Correo se entregan en los buzones de los votantes<\/td>\n<\/tr>\n<tr>\n<td>19 de mayo de 2014<\/td>\n<td>Fecha l\u00edmite para el registro de votantes<\/td>\n<\/tr>\n<tr>\n<td>27 de mayo de 2014<\/td>\n<td>Fecha l\u00edmite para registrarse a la votaci\u00f3n por correo<\/td>\n<\/tr>\n<tr>\n<td><strong>3 de junio de 2014<\/strong><\/td>\n<td><strong>D\u00eda de las Elecciones \u2013 Elecciones Primarias Estatales de 2014<\/strong><\/td>\n<\/tr>\n<tr>\n<td>4 de junio de 2014<\/td>\n<td>Comienza el Escrutinio de las Elecciones<\/td>\n<\/tr>\n<tr>\n<td>1\u00ba de julio de 2014<\/td>\n<td>Fecha l\u00edmite para completar el escrutinio oficial y certificar los resultados<\/td>\n<\/tr>\n<\/tbody>\n<\/table>\n<\/div>\n\n  <\/section>\n\n\t\n\n  <section data-isd-block-id=\"rov-content-blockblock_1281464c1ef71d7de39566809c38d0f2\"\n\t\t\t\t\t\t\t\t\t\t \t\t\t\t\t\t\t\t\t\t\t class=\"card-style main-content-wrapper rov-card-style mb-4\">\n\n\t<h2 class=\"block-subtitle blue\">Informaci\u00f3n de los Cargos y Candidatos<\/h2>\n\n\t<div class=\"ctnr-block-content\"><p><strong>Cargos a Elegir:<\/strong><\/p>\n<ul>\n<li>Consulte los\u00a0<a href=\"https:\/\/www.sbcounty.gov\/uploads\/ROV\/Elections\/2014\/0603\/List_OfficesUpforElection_2014-01-16.pdf\" target=\"_blank\" rel=\"noopener\">Cargos a Elegir<\/a>\u00a0[pdf] para las Elecciones Primarias Estatales de 2014.<\/li>\n<\/ul>\n<p><strong>Presentaci\u00f3n de Candidatos:<\/strong><\/p>\n<p>La presentaci\u00f3n de candidatos empieza el 10 de febrero de 2014 y termina el 7 de marzo de 2014. Visite nuestra\u00a0<a href=\"https:\/\/elections.sbcounty.gov\/es\/Elected-Officials-Candidates\/\">p\u00e1gina de Funcionarios Electos y Candidatos<\/a>\u00a0para obtener la informaci\u00f3n completa y las instrucciones.<\/p>\n<ul>\n<li>Consulte la\u00a0<a href=\"https:\/\/www.sbcounty.gov\/uploads\/ROV\/Elections\/2014\/0603\/Guide_CandidateFiling_2014StatewidePrimaryElection.pdf\" target=\"_blank\" rel=\"noopener\">Gu\u00eda de Presentaci\u00f3n de Candidatos<\/a>. [pdf].<\/li>\n<\/ul>\n<p><strong>Lista de Candidatos:<\/strong><\/p>\n<ul>\n<li><a href=\"https:\/\/www.sbcounty.gov\/uploads\/ROV\/Elections\/2014\/0603\/Report_CandidateList_NoContact_2014-04-04.pdf\" target=\"_blank\" rel=\"noopener\">Consulte la\u00a0Lista de Candidatos<\/a><\/li>\n<\/ul>\n<\/div>\n\n  <\/section>\n\n\t\n\n  <section data-isd-block-id=\"rov-content-blockblock_931932afcb8585c90556cc7af8e4798b\"\n\t\t\t\t\t\t\t\t\t\t \t\t\t\t\t\t\t\t\t\t\t class=\"card-style main-content-wrapper rov-card-style mb-4\">\n\n\t<h2 class=\"block-subtitle blue\">Medidas en la Boleta<\/h2>\n\n\t<div class=\"ctnr-block-content\"><p>Consulte las\u00a0<a href=\"https:\/\/elections.sbcounty.gov\/es\/Elections\/2014\/0603\/Measures\/\">Medidas Locales<\/a>\u00a0en la boleta para las Elecciones Primarias Estatales<\/p>\n<\/div>\n\n  <\/section>\n\n\t\n\n  <section data-isd-block-id=\"rov-content-blockblock_c90a67b36bc6cb0711d04ed30f93b77b\"\n\t\t\t\t\t\t\t\t\t\t \t\t\t\t\t\t\t\t\t\t\t class=\"card-style main-content-wrapper rov-card-style mb-4\">\n\n\t<h2 class=\"block-subtitle blue\">Registro de Votantes<\/h2>\n\n\t<div class=\"ctnr-block-content\"><p>Su solicitud de registro de votante debe tener un sello postal a m\u00e1s tardar del\u00a0<strong>19 de mayo de 2014<\/strong>\u00a0para que sea elegible para votar en las\u00a0Elecciones Primarias Estatales.\u00a0\u00a0Visite nuestra\u00a0<a href=\"https:\/\/elections.sbcounty.gov\/es\/VoterRegistration\/\">p\u00e1gina del Registro de Votantes<\/a>\u00a0para obtener informaci\u00f3n completa e instrucciones.<\/p>\n<ul>\n<li>Consulte el\u00a0<a href=\"https:\/\/www.sbcounty.gov\/uploads\/ROV\/Elections\/2014\/0603\/Report_15-DayCloseOfRegistration.pdf\" target=\"_blank\" rel=\"noopener\">Resumen del Registro de Votantes Calificados<\/a>.<\/li>\n<\/ul>\n<\/div>\n\n  <\/section>\n\n\t\n\n  <section data-isd-block-id=\"rov-content-blockblock_fb80c65a33dc9207f220cf78bad40ff8\"\n\t\t\t\t\t\t\t\t\t\t \t\t\t\t\t\t\t\t\t\t\t class=\"card-style main-content-wrapper rov-card-style mb-4\">\n\n\t<h2 class=\"block-subtitle blue\">Opciones de Voto<\/h2>\n\n\t<div class=\"ctnr-block-content\"><ul>\n<li>Vote con anticipaci\u00f3n en la\u00a0<a href=\"https:\/\/elections.sbcounty.gov\/es\/Voting\/Early\/\">Oficina de Elecciones<\/a>\u00a0a partir del\u00a05 de mayo de 2014.<\/li>\n<li>Vote en una Boleta de Voto por Correo. La Solicitud de Boleta por Correo vence el 27 de mayo de 2014. Encuentre un Lugar para Depositar las Boletas por Correo [ya no est\u00e1 disponible].<\/li>\n<li>Vote en las casillas el D\u00eda de las Elecciones,\u00a0el 3 de junio de 2014 de 7\u00a0a.m. a 8 p.m.\u00a0 Encuentre la Ubicaci\u00f3n de una Casilla [ya no est\u00e1 disponible].<\/li>\n<\/ul>\n<p>Visite nuestra\u00a0<a href=\"https:\/\/elections.sbcounty.gov\/es\/Voting\/\">p\u00e1gina de Opciones de Voto<\/a>\u00a0para obtener la informaci\u00f3n completa y las instrucciones.<\/p>\n<p><strong>Votantes Militares y en el Extranjero:<\/strong><\/p>\n<p>Los ciudadanos Uniformados y en el Extranjero pueden obtener una Gu\u00eda de Informaci\u00f3n para el Votante y Boleta de Muestra,\u00a0as\u00ed como una Boleta para estas elecciones [ya no est\u00e1 disponible]. Para obtener informaci\u00f3n completa, visite nuestra\u00a0<a href=\"https:\/\/www.sos.ca.gov\/elections\/voter-registration\/military-overseas-voters\" target=\"_blank\" rel=\"noopener\">p\u00e1gina de Votantes Militares y en el Extranjero<\/a>.<\/p>\n<\/div>\n\n  <\/section>\n\n\t\n\n  <section data-isd-block-id=\"rov-content-blockblock_3afab7ede25370f03a0134fd2500f006\"\n\t\t\t\t\t\t\t\t\t\t \t\t\t\t\t\t\t\t\t\t\t class=\"card-style main-content-wrapper rov-card-style mb-4\">\n\n\t<h2 class=\"block-subtitle blue\">Resultados de las Elecciones<\/h2>\n\n\t<div class=\"ctnr-block-content\"><ul>\n<li><a href=\"https:\/\/results.rov.sbcounty.gov\/results\/20140603\/default.html\" target=\"_blank\" rel=\"noopener\">Resultados de las Elecciones<\/a><\/li>\n<li><a href=\"https:\/\/www.sbcounty.gov\/uploads\/ROV\/Elections\/2014\/0603\/PublicNotice_Write-InResults_2014-06-03_FINAL.pdf\" target=\"_blank\" rel=\"noopener\">Resultados de los Candidatos Calificados No Registrados<\/a><\/li>\n<li><a href=\"https:\/\/elections.sbcounty.gov\/es\/Elections\/2014\/0603\/SOV\/\">Declaraci\u00f3n de\u00a0Votos Emitidos<\/a><\/li>\n<li><a href=\"https:\/\/elections.sbcounty.gov\/Voting\/Provisionals\/\">B\u00fasqueda de Boletas Provisionales<\/a><\/li>\n<\/ul>\n<\/div>\n\n  <\/section>\n\n\t","protected":false},"excerpt":{"rendered":"<p>Publicaciones Electorales Gu\u00eda de Informaci\u00f3n para el Votante del Condado de San Bernardino La Gu\u00eda de Informaci\u00f3n para el Votante es un folleto publicado por la Oficina de Elecciones del Condado de San Bernardino que incluye informaci\u00f3n sobre las elecciones, los candidatos y las medidas, una boleta de muestra e<span class=\"ellipsis\">&#8230;<\/span><\/p>\n","protected":false},"author":19,"featured_media":37382,"parent":38808,"menu_order":0,"comment_status":"closed","ping_status":"closed","template":"templates\/rov-left-sidebar-template.php","meta":{"_acf_changed":false,"footnotes":""},"class_list":["post-38859","page","type-page","status-publish","has-post-thumbnail","hentry"],"acf":[],"_links":{"self":[{"href":"https:\/\/elections.sbcounty.gov\/es\/wp-json\/wp\/v2\/pages\/38859","targetHints":{"allow":["GET"]}}],"collection":[{"href":"https:\/\/elections.sbcounty.gov\/es\/wp-json\/wp\/v2\/pages"}],"about":[{"href":"https:\/\/elections.sbcounty.gov\/es\/wp-json\/wp\/v2\/types\/page"}],"author":[{"embeddable":true,"href":"https:\/\/elections.sbcounty.gov\/es\/wp-json\/wp\/v2\/users\/19"}],"replies":[{"embeddable":true,"href":"https:\/\/elections.sbcounty.gov\/es\/wp-json\/wp\/v2\/comments?post=38859"}],"version-history":[{"count":5,"href":"https:\/\/elections.sbcounty.gov\/es\/wp-json\/wp\/v2\/pages\/38859\/revisions"}],"predecessor-version":[{"id":84067,"href":"https:\/\/elections.sbcounty.gov\/es\/wp-json\/wp\/v2\/pages\/38859\/revisions\/84067"}],"up":[{"embeddable":true,"href":"https:\/\/elections.sbcounty.gov\/es\/wp-json\/wp\/v2\/pages\/38808"}],"wp:featuredmedia":[{"embeddable":true,"href":"https:\/\/elections.sbcounty.gov\/es\/wp-json\/wp\/v2\/media\/37382"}],"wp:attachment":[{"href":"https:\/\/elections.sbcounty.gov\/es\/wp-json\/wp\/v2\/media?parent=38859"}],"curies":[{"name":"wp","href":"https:\/\/api.w.org\/{rel}","templated":true}]}}