{"id":38823,"date":"2021-12-21T18:43:12","date_gmt":"2021-12-21T18:43:12","guid":{"rendered":"https:\/\/www.elections.sbcounty.gov\/?page_id=38823"},"modified":"2024-06-06T10:21:51","modified_gmt":"2024-06-06T17:21:51","slug":"0204","status":"publish","type":"page","link":"https:\/\/elections.sbcounty.gov\/es\/elections\/2014\/0204\/","title":{"rendered":"Archivo de Elecciones Generales de la Ciudad de San\u00a0Bernardino"},"content":{"rendered":"  <section data-isd-block-id=\"rov-content-blockblock_4019f08f159da010b22bd6ef3165419b\"\n\t\t\t\t\t\t\t\t\t\t \t\t\t\t\t\t\t\t\t\t\t class=\"card-style main-content-wrapper rov-card-style mb-4\">\n\n\t<h2 class=\"block-subtitle blue\">Publicaciones Electorales<\/h2>\n\n\t<div class=\"ctnr-block-content\"><ul>\n<li>La Gu\u00eda de Informaci\u00f3n para el Votante es un folleto publicado por la Oficina de Elecciones del Condado de San Bernardino que incluye informaci\u00f3n sobre las elecciones, los candidatos y las medidas, una boleta de muestra e informaci\u00f3n de las casillas electorales.<\/li>\n<li>La\u00a0<a href=\"https:\/\/www.sbcounty.gov\/uploads\/ROV\/Elections\/2014\/0204\/SB-004-inet.pdf\" target=\"_blank\" rel=\"noopener\">Gu\u00eda de Informaci\u00f3n para el Votante<\/a>\u00a0completa [pdf] contiene informaci\u00f3n de todos los cargos incluidos en las elecciones en el Condado de San Bernardino.<\/li>\n<li>La Gu\u00eda de Informaci\u00f3n para el Votante espec\u00edfica de cada distrito electoral contiene informaci\u00f3n de los cargos a elegir en cada distrito electoral. Puede consultar las Gu\u00edas de Informaci\u00f3n para el Votante espec\u00edficas de cada distrito electoral con la herramienta de B\u00fasqueda de Casillas Electorales y Boleta de Muestra. [ya no est\u00e1 disponible].<\/li>\n<li><a href=\"https:\/\/elections.sbcounty.gov\/es\/News\/2014\/\"><strong>Comunicados de Prensa y Avisos P\u00fablicos<\/strong><\/a><\/li>\n<\/ul>\n<\/div>\n\n  <\/section>\n\n\t\n\n  <section data-isd-block-id=\"rov-content-blockblock_ff96b357497f2dcaf0e0a0fb39fc6e84\"\n\t\t\t\t\t\t\t\t\t\t \t\t\t\t\t\t\t\t\t\t\t class=\"card-style main-content-wrapper rov-card-style mb-4\">\n\n\t<h2 class=\"block-subtitle blue\">Fechas Clave y Fechas L\u00edmite<\/h2>\n\n\t<div class=\"ctnr-block-content\"><table style=\"border-collapse: collapse;margin-left: 20px;margin-top: 5px\" border=\"0\" width=\"100%\" cellspacing=\"0\" cellpadding=\"0\">\n<thead>\n<tr>\n<th style=\"background-color: #d9d9d9;border: windowtext 1pt solid\">\n<p style=\"text-align: center\"><strong>Fecha<\/strong><\/p>\n<\/th>\n<th style=\"border-top: windowtext 1pt solid;border-right: windowtext 1pt solid;border-bottom: windowtext 1pt solid;border-left-color: #f0f0f0;background-color: #d9d9d9\">\n<p style=\"text-align: center\"><strong>Acci\u00f3n<\/strong><\/p>\n<\/th>\n<\/tr>\n<\/thead>\n<tbody>\n<tr>\n<td style=\"border-right: windowtext 1pt solid;border-top-color: #f0f0f0;border-bottom: windowtext 1pt solid;border-left: windowtext 1pt solid;background-color: transparent\">\n<p style=\"text-align: center\">4 de enero de 2014<\/p>\n<\/td>\n<td style=\"border-right: windowtext 1pt solid;border-top-color: #f0f0f0;border-bottom: windowtext 1pt solid;border-left-color: #f0f0f0;background-color: transparent\">\n<p style=\"text-align: center\">Las Gu\u00edas de Informaci\u00f3n para el Votante se entregan a los buzones de los votantes<\/p>\n<\/td>\n<\/tr>\n<tr>\n<td style=\"border-right: windowtext 1pt solid;border-top-color: #f0f0f0;border-bottom: windowtext 1pt solid;border-left: windowtext 1pt solid;background-color: transparent\">\n<p style=\"text-align: center\">6 de enero de 2014<\/p>\n<\/td>\n<td style=\"border-right: windowtext 1pt solid;border-top-color: #f0f0f0;border-bottom: windowtext 1pt solid;border-left-color: #f0f0f0;background-color: transparent\">\n<p style=\"text-align: center\">Comienza el voto anticipado<\/p>\n<\/td>\n<\/tr>\n<tr>\n<td style=\"border-right: windowtext 1pt solid;border-top-color: #f0f0f0;border-bottom: windowtext 1pt solid;border-left: windowtext 1pt solid;background-color: transparent\">\n<p style=\"text-align: center\">11 de enero de 2014<\/p>\n<\/td>\n<td style=\"border-right: windowtext 1pt solid;border-top-color: #f0f0f0;border-bottom: windowtext 1pt solid;border-left-color: #f0f0f0;background-color: transparent\">\n<p style=\"text-align: center\">Las Boletas por Correo se entregan en los buzones de los votantes<\/p>\n<\/td>\n<\/tr>\n<tr>\n<td style=\"border-right: windowtext 1pt solid;border-top-color: #f0f0f0;border-bottom: windowtext 1pt solid;border-left: windowtext 1pt solid;background-color: transparent\">\n<p style=\"text-align: center\">20 de enero de 2014<\/p>\n<\/td>\n<td style=\"border-right: windowtext 1pt solid;border-top-color: #f0f0f0;border-bottom: windowtext 1pt solid;border-left-color: #f0f0f0;background-color: transparent\">\n<p style=\"text-align: center\">Fecha l\u00edmite para el registro de votantes<\/p>\n<\/td>\n<\/tr>\n<tr>\n<td style=\"border-right: windowtext 1pt solid;border-top-color: #f0f0f0;border-bottom: windowtext 1pt solid;border-left: windowtext 1pt solid;background-color: transparent\">\n<p style=\"text-align: center\">28 de enero de 2014<\/p>\n<\/td>\n<td style=\"border-right: windowtext 1pt solid;border-top-color: #f0f0f0;border-bottom: windowtext 1pt solid;border-left-color: #f0f0f0;background-color: transparent\">\n<p style=\"text-align: center\">Fecha l\u00edmite para registrarse a la votaci\u00f3n por correo<\/p>\n<\/td>\n<\/tr>\n<tr>\n<td style=\"border-right: windowtext 1pt solid;border-top-color: #f0f0f0;border-bottom: windowtext 1pt solid;border-left: windowtext 1pt solid;background-color: transparent\">\n<p style=\"text-align: center\"><strong>4 de febrero de 2014<\/strong><\/p>\n<\/td>\n<td style=\"border-right: windowtext 1pt solid;border-top-color: #f0f0f0;border-bottom: windowtext 1pt solid;border-left-color: #f0f0f0;background-color: transparent\">\n<p style=\"text-align: center\"><strong>D\u00eda de las Elecciones \u2013\u00a0Elecciones Generales de la Ciudad de San Bernardino<\/strong><\/p>\n<\/td>\n<\/tr>\n<tr>\n<td style=\"border-right: windowtext 1pt solid;border-top-color: #f0f0f0;border-bottom: windowtext 1pt solid;border-left: windowtext 1pt solid;background-color: transparent\">\n<p style=\"text-align: center\">5 de febrero de 2014<\/p>\n<\/td>\n<td style=\"border-right: windowtext 1pt solid;border-top-color: #f0f0f0;border-bottom: windowtext 1pt solid;border-left-color: #f0f0f0;background-color: transparent\">\n<p style=\"text-align: center\">Comienza el Escrutinio de las Elecciones<\/p>\n<\/td>\n<\/tr>\n<tr>\n<td style=\"border-right: windowtext 1pt solid;border-top-color: #f0f0f0;border-bottom: windowtext 1pt solid;border-left: windowtext 1pt solid;background-color: transparent\">\n<p style=\"text-align: center\">4 de marzo de 2014<\/p>\n<\/td>\n<td style=\"border-right: windowtext 1pt solid;border-top-color: #f0f0f0;border-bottom: windowtext 1pt solid;border-left-color: #f0f0f0;background-color: transparent\">\n<p style=\"text-align: center\">Fecha l\u00edmite para completar el escrutinio oficial y certificar los resultados<\/p>\n<\/td>\n<\/tr>\n<\/tbody>\n<\/table>\n<\/div>\n\n  <\/section>\n\n\t\n\n  <section data-isd-block-id=\"rov-content-blockblock_674ccfe31458b109715273d25a77e585\"\n\t\t\t\t\t\t\t\t\t\t \t\t\t\t\t\t\t\t\t\t\t class=\"card-style main-content-wrapper rov-card-style mb-4\">\n\n\t<h2 class=\"block-subtitle blue\">Informaci\u00f3n de los Cargos y Candidatos<\/h2>\n\n\t<div class=\"ctnr-block-content\"><p><strong>Cargos a Elegir:<\/strong><\/p>\n<ul>\n<li>Consulte los\u00a0<a href=\"https:\/\/www.sbcounty.gov\/uploads\/ROV\/Elections\/2014\/0204\/List_OfficesUpforElection_2013-12-20.pdf\" target=\"_blank\" rel=\"noopener\">Cargos a Elegir<\/a>\u00a0[pdf] para las Elecciones Generales de la Ciudad\u00a0de San\u00a0Bernardino.<\/li>\n<\/ul>\n<p><strong>Lista de Candidatos:<\/strong><\/p>\n<ul>\n<li>Consulte la\u00a0<a href=\"https:\/\/www.sbcounty.gov\/uploads\/ROV\/Elections\/2014\/0204\/Report_CandidateListNoContact_2013-12-03.pdf\" target=\"_blank\" rel=\"noopener\">Lista de Candidatos<\/a>\u00a0[pdf]<\/li>\n<\/ul>\n<\/div>\n\n  <\/section>\n\n\t\n\n  <section data-isd-block-id=\"rov-content-blockblock_ef21d4ba034f7ed6cf2241875e2dc290\"\n\t\t\t\t\t\t\t\t\t\t \t\t\t\t\t\t\t\t\t\t\t class=\"card-style main-content-wrapper rov-card-style mb-4\">\n\n\t<h2 class=\"block-subtitle blue\">Registro de Votantes<\/h2>\n\n\t<div class=\"ctnr-block-content\"><p>Su solicitud de registro de votante debe tener un sello postal a m\u00e1s tardar del\u00a0<strong>20 de enero de 2014<\/strong>\u00a0para que sea elegible para votar en las\u00a0Elecciones Generales de la Ciudad de San Bernardino.\u00a0\u00a0Visite nuestra\u00a0<a href=\"https:\/\/elections.sbcounty.gov\/es\/VoterRegistration\/\">p\u00e1gina del Registro de Votantes<\/a>\u00a0para obtener informaci\u00f3n completa e instrucciones.<\/p>\n<ul>\n<li>Consulte el\u00a0<a href=\"https:\/\/www.sbcounty.gov\/uploads\/ROV\/Elections\/2014\/0204\/Report_15DayCloseOfRegSum_2014-02-04.pdf\" target=\"_blank\" rel=\"noopener\">Resumen del Registro de Votantes Calificados<\/a> [pdf].<\/li>\n<\/ul>\n<\/div>\n\n  <\/section>\n\n\t\n\n  <section data-isd-block-id=\"rov-content-blockblock_6237deb49025b43bfd740c688d685175\"\n\t\t\t\t\t\t\t\t\t\t \t\t\t\t\t\t\t\t\t\t\t class=\"card-style main-content-wrapper rov-card-style mb-4\">\n\n\t<h2 class=\"block-subtitle blue\">Opciones de Voto<\/h2>\n\n\t<div class=\"ctnr-block-content\"><ul>\n<li>Vote con anticipaci\u00f3n en la\u00a0<a href=\"https:\/\/elections.sbcounty.gov\/es\/Voting\/early\/\">Oficina de Elecciones<\/a>\u00a0a partir del 6 de enero de 2014.<\/li>\n<li>Vote en una Boleta de Voto por Correo. La\u00a0<a href=\"https:\/\/www.sbcounty.gov\/uploads\/ROV\/Elections\/2014\/0204\/Form_WebsiteMBApps_2014-02-04.pdf\" target=\"_blank\" rel=\"noopener\">Solicitud de Boleta por Correo<\/a>\u00a0[pdf] vence el\u00a028 de enero de 2014. Encuentre un\u00a0<a href=\"https:\/\/elections.sbcounty.gov\/es\/Voting\/MailBallotDropOff\/\">Lugar para Depositar las Boletas de Voto por Correo<\/a><\/li>\n<li>Vote en las casillas el D\u00eda de las Elecciones,\u00a0el 4 de febrero de 2014\u00a0de 7 a.m. a 8 p.m.\u00a0 Encuentre la Ubicaci\u00f3n de una Casilla [ya no est\u00e1 disponible]<\/li>\n<\/ul>\n<p>Visite nuestra\u00a0<a href=\"https:\/\/elections.sbcounty.gov\/es\/Voting\/\">p\u00e1gina de Opciones de Voto<\/a>\u00a0para obtener la informaci\u00f3n completa y las instrucciones.<\/p>\n<p><strong>Votantes Militares y en el Extranjero:<\/strong><\/p>\n<p>Los ciudadanos Uniformados y en el Extranjero pueden obtener una\u00a0Gu\u00eda de Informaci\u00f3n para el Votante y Boleta de Muestra [ya no est\u00e1n disponibles]\u00a0, as\u00ed como una Boleta [ya no est\u00e1 disponible]\u00a0para estas elecciones. Para obtener informaci\u00f3n completa, visite nuestra\u00a0<a href=\"https:\/\/www.sos.ca.gov\/elections\/voter-registration\/military-overseas-voters\" target=\"_blank\" rel=\"noopener\">p\u00e1gina de Votantes Militares y en el Extranjero<\/a>.<\/p>\n<\/div>\n\n  <\/section>\n\n\t\n\n  <section data-isd-block-id=\"rov-content-blockblock_620dd9364d457fe3f36c663b713d7541\"\n\t\t\t\t\t\t\t\t\t\t \t\t\t\t\t\t\t\t\t\t\t class=\"card-style main-content-wrapper rov-card-style mb-4\">\n\n\t<h2 class=\"block-subtitle blue\">Resultados de las Elecciones<\/h2>\n\n\t<div class=\"ctnr-block-content\"><ul>\n<li><a href=\"https:\/\/results.rov.sbcounty.gov\/results\/20140204\/default.html\" target=\"_blank\" rel=\"noopener\">Resultados de las Elecciones<\/a><\/li>\n<li><a href=\"https:\/\/www.sbcounty.gov\/uploads\/ROV\/Elections\/2014\/0204\/PublicNotice_Write-InResults_2014-02-11-1.pdf\" target=\"_blank\" rel=\"noopener\">Resultados de los Candidatos Calificados No Registrados<\/a><\/li>\n<li><a href=\"https:\/\/www.sbcounty.gov\/uploads\/ROV\/Elections\/2014\/0204\/StatementOfVote_2014-02-04.pdf\" target=\"_blank\" rel=\"noopener\">Declaraci\u00f3n de Votos Emitidos<\/a><\/li>\n<li>Consulta de Boletas Provisionales [Ya no est\u00e1 disponible]<\/li>\n<\/ul>\n<\/div>\n\n  <\/section>\n\n\t","protected":false},"excerpt":{"rendered":"<p>Publicaciones Electorales La Gu\u00eda de Informaci\u00f3n para el Votante es un folleto publicado por la Oficina de Elecciones del Condado de San Bernardino que incluye informaci\u00f3n sobre las elecciones, los candidatos y las medidas, una boleta de muestra e informaci\u00f3n de las casillas electorales. La\u00a0Gu\u00eda de Informaci\u00f3n para el Votante\u00a0completa<span class=\"ellipsis\">&#8230;<\/span><\/p>\n","protected":false},"author":19,"featured_media":37382,"parent":38808,"menu_order":0,"comment_status":"closed","ping_status":"closed","template":"templates\/rov-left-sidebar-template.php","meta":{"_acf_changed":false,"footnotes":""},"class_list":["post-38823","page","type-page","status-publish","has-post-thumbnail","hentry"],"acf":[],"_links":{"self":[{"href":"https:\/\/elections.sbcounty.gov\/es\/wp-json\/wp\/v2\/pages\/38823","targetHints":{"allow":["GET"]}}],"collection":[{"href":"https:\/\/elections.sbcounty.gov\/es\/wp-json\/wp\/v2\/pages"}],"about":[{"href":"https:\/\/elections.sbcounty.gov\/es\/wp-json\/wp\/v2\/types\/page"}],"author":[{"embeddable":true,"href":"https:\/\/elections.sbcounty.gov\/es\/wp-json\/wp\/v2\/users\/19"}],"replies":[{"embeddable":true,"href":"https:\/\/elections.sbcounty.gov\/es\/wp-json\/wp\/v2\/comments?post=38823"}],"version-history":[{"count":5,"href":"https:\/\/elections.sbcounty.gov\/es\/wp-json\/wp\/v2\/pages\/38823\/revisions"}],"predecessor-version":[{"id":84073,"href":"https:\/\/elections.sbcounty.gov\/es\/wp-json\/wp\/v2\/pages\/38823\/revisions\/84073"}],"up":[{"embeddable":true,"href":"https:\/\/elections.sbcounty.gov\/es\/wp-json\/wp\/v2\/pages\/38808"}],"wp:featuredmedia":[{"embeddable":true,"href":"https:\/\/elections.sbcounty.gov\/es\/wp-json\/wp\/v2\/media\/37382"}],"wp:attachment":[{"href":"https:\/\/elections.sbcounty.gov\/es\/wp-json\/wp\/v2\/media?parent=38823"}],"curies":[{"name":"wp","href":"https:\/\/api.w.org\/{rel}","templated":true}]}}