{"id":38742,"date":"2021-12-21T18:14:55","date_gmt":"2021-12-21T18:14:55","guid":{"rendered":"https:\/\/www.elections.sbcounty.gov\/?page_id=38742"},"modified":"2024-06-06T10:26:55","modified_gmt":"2024-06-06T17:26:55","slug":"1119","status":"publish","type":"page","link":"https:\/\/elections.sbcounty.gov\/es\/elections\/2013\/1119\/","title":{"rendered":"Archivo de Elecciones Especiales del Pueblo de Apple Valley (Medida D)"},"content":{"rendered":"  <section data-isd-block-id=\"rov-content-blockblock_10e7c6e93cae124dc541ed1ebb38cfb3\"\n\t\t\t\t\t\t\t\t\t\t \t\t\t\t\t\t\t\t\t\t\t class=\"card-style main-content-wrapper rov-card-style mb-4\">\n\n\t<h2 class=\"block-subtitle blue\">Publicaciones Electorales<\/h2>\n\n\t<div class=\"ctnr-block-content\"><ul>\n<li>La Gu\u00eda de Informaci\u00f3n para el Votante es un folleto publicado por la Oficina de Elecciones del Condado de San Bernardino que incluye informaci\u00f3n sobre las elecciones, los candidatos y las medidas, una boleta de muestra, e informaci\u00f3n de las casillas electorales.<\/li>\n<li>La\u00a0<a href=\"https:\/\/www.sbcounty.gov\/uploads\/ROV\/Elections\/2013\/1119\/001-Internet.pdf\" target=\"_blank\" rel=\"noopener\">Gu\u00eda de Informaci\u00f3n para el Votante<\/a>\u00a0completa [pdf] contiene informaci\u00f3n de todos los cargos incluidos en las elecciones en el Condado de San Bernardino.<\/li>\n<li>La Gu\u00eda de Informaci\u00f3n para el Votante espec\u00edfica de cada distrito electoral contiene informaci\u00f3n de los cargos a elegir en cada distrito electoral. Puede consultar las Gu\u00edas de Informaci\u00f3n para el Votante espec\u00edficas de cada Distrito Electoral por medio de la herramienta de B\u00fasqueda de Casillas Electorales y Boleta de Muestra [ya no est\u00e1 disponible].<\/li>\n<li><a href=\"https:\/\/elections.sbcounty.gov\/es\/News\/2013\/\"><strong>Comunicados de Prensa y Avisos P\u00fablicos<\/strong><\/a><\/li>\n<\/ul>\n<\/div>\n\n  <\/section>\n\n\t\n\n  <section data-isd-block-id=\"rov-content-blockblock_0d6ec24d33de14d8b57a868c58f2146a\"\n\t\t\t\t\t\t\t\t\t\t \t\t\t\t\t\t\t\t\t\t\t class=\"card-style main-content-wrapper rov-card-style mb-4\">\n\n\t<h2 class=\"block-subtitle blue\">Fechas Clave y Fechas L\u00edmite<\/h2>\n\n\t<div class=\"ctnr-block-content\"><table style=\"width: 100%;margin-top: 15px;margin-left: 20px;border-collapse: collapse\" border=\"0\" cellspacing=\"0\" cellpadding=\"0\">\n<colgroup>\n<col \/>\n<col \/><\/colgroup>\n<thead>\n<tr style=\"height: 12.6pt\">\n<th style=\"padding: 0in 5.4pt;border: 1pt solid windowtext;width: 134.3pt;height: 12.6pt;background-color: #d9d9d9\">\n<p style=\"text-align: center\"><strong>Fecha<\/strong><\/p>\n<\/th>\n<th style=\"border-color: windowtext windowtext windowtext #f0f0f0;padding: 0in 5.4pt;width: 368.3pt;height: 12.6pt;border-top-width: 1pt;border-right-width: 1pt;border-bottom-width: 1pt;border-top-style: solid;border-right-style: solid;border-bottom-style: solid;background-color: #d9d9d9\">\n<p style=\"text-align: center\"><strong>Acci\u00f3n<\/strong><\/p>\n<\/th>\n<\/tr>\n<\/thead>\n<tbody>\n<tr>\n<td style=\"border-right-width: 1pt;border-bottom-width: 1pt;border-left-width: 1pt;border-right-style: solid;border-bottom-style: solid;border-left-style: solid\">\n<p align=\"center\">27 de agosto de 2013<\/p>\n<\/td>\n<td style=\"border-right-width: 1pt;border-bottom-width: 1pt;border-right-style: solid;border-bottom-style: solid\">\n<p align=\"center\">Fecha l\u00edmite para presentar argumentos directos a favor\/en contra de una medida<\/p>\n<\/td>\n<\/tr>\n<tr>\n<td style=\"border-right-width: 1pt;border-bottom-width: 1pt;border-left-width: 1pt;border-right-style: solid;border-bottom-style: solid;border-left-style: solid\">\n<p align=\"center\">6 de septiembre de 2013<\/p>\n<\/td>\n<td style=\"border-right-width: 1pt;border-bottom-width: 1pt;border-right-style: solid;border-bottom-style: solid\">\n<p align=\"center\">Fecha l\u00edmite para presentar argumentos de refutaci\u00f3n a favor\/ contra de una medida<\/p>\n<\/td>\n<\/tr>\n<tr>\n<td style=\"border-right-width: 1pt;border-bottom-width: 1pt;border-left-width: 1pt;border-right-style: solid;border-bottom-style: solid;border-left-style: solid\">\n<p align=\"center\">6 de septiembre de 2013<\/p>\n<\/td>\n<td style=\"border-right-width: 1pt;border-bottom-width: 1pt;border-right-style: solid;border-bottom-style: solid\">\n<p align=\"center\">Finaliza el periodo de examen p\u00fablico de los argumentos<\/p>\n<\/td>\n<\/tr>\n<tr>\n<td style=\"border-right-width: 1pt;border-bottom-width: 1pt;border-left-width: 1pt;border-right-style: solid;border-bottom-style: solid;border-left-style: solid\">\n<p align=\"center\">16 de septiembre de 2013<\/p>\n<\/td>\n<td style=\"border-right-width: 1pt;border-bottom-width: 1pt;border-right-style: solid;border-bottom-style: solid\">\n<p align=\"center\">Finaliza el periodo de examen p\u00fablico de las refutaciones<\/p>\n<\/td>\n<\/tr>\n<tr>\n<td style=\"border-right-width: 1pt;border-bottom-width: 1pt;border-left-width: 1pt;border-right-style: solid;border-bottom-style: solid;border-left-style: solid\">\n<p align=\"center\">21 de octubre de 2013<\/p>\n<\/td>\n<td style=\"border-right-width: 1pt;border-bottom-width: 1pt;border-right-style: solid;border-bottom-style: solid\">\n<p align=\"center\">Comienza el voto anticipado<\/p>\n<\/td>\n<\/tr>\n<tr>\n<td style=\"border-right-width: 1pt;border-bottom-width: 1pt;border-left-width: 1pt;border-right-style: solid;border-bottom-style: solid;border-left-style: solid\">\n<p align=\"center\">\u00a024 de octubre de 2013<\/p>\n<\/td>\n<td style=\"border-right-width: 1pt;border-bottom-width: 1pt;border-right-style: solid;border-bottom-style: solid\">\n<p align=\"center\">Las Gu\u00edas de Informaci\u00f3n para el Votante se env\u00edan a los buzones de los votantes<\/p>\n<\/td>\n<\/tr>\n<tr>\n<td style=\"border-right-width: 1pt;border-bottom-width: 1pt;border-left-width: 1pt;border-right-style: solid;border-bottom-style: solid;border-left-style: solid\">\n<p align=\"center\">26 de octubre de 2013<\/p>\n<\/td>\n<td style=\"border-right-width: 1pt;border-bottom-width: 1pt;border-right-style: solid;border-bottom-style: solid\">\n<p align=\"center\">Las Boletas por Correo se env\u00edan a los buzones de los votantes<\/p>\n<\/td>\n<\/tr>\n<tr>\n<td style=\"border-right-width: 1pt;border-bottom-width: 1pt;border-left-width: 1pt;border-right-style: solid;border-bottom-style: solid;border-left-style: solid\">\n<p align=\"center\">4 de noviembre de 2013<\/p>\n<\/td>\n<td style=\"border-right-width: 1pt;border-bottom-width: 1pt;border-right-style: solid;border-bottom-style: solid\">\n<p align=\"center\">Fecha l\u00edmite para el registro de votantes<\/p>\n<\/td>\n<\/tr>\n<tr>\n<td style=\"border-right-width: 1pt;border-bottom-width: 1pt;border-left-width: 1pt;border-right-style: solid;border-bottom-style: solid;border-left-style: solid\">\n<p align=\"center\">12 de noviembre de 2013<\/p>\n<\/td>\n<td style=\"border-right-width: 1pt;border-bottom-width: 1pt;border-right-style: solid;border-bottom-style: solid\">\n<p align=\"center\">Fecha l\u00edmite para registrarse a la votaci\u00f3n por correo<\/p>\n<\/td>\n<\/tr>\n<tr>\n<td style=\"border-right-width: 1pt;border-bottom-width: 1pt;border-left-width: 1pt;border-right-style: solid;border-bottom-style: solid;border-left-style: solid\">\n<p align=\"center\">19 de noviembre de 2013<\/p>\n<\/td>\n<td style=\"border-right-width: 1pt;border-bottom-width: 1pt;border-right-style: solid;border-bottom-style: solid\">\n<p align=\"center\"><strong>D\u00eda de las Elecciones \u2013\u00a0Elecciones Especiales del Pueblo de Apple Valley (Medida D)<\/strong><\/p>\n<\/td>\n<\/tr>\n<tr>\n<td style=\"border-right-width: 1pt;border-bottom-width: 1pt;border-left-width: 1pt;border-right-style: solid;border-bottom-style: solid;border-left-style: solid\">\n<p align=\"center\">20 de noviembre de 2013<\/p>\n<\/td>\n<td style=\"border-right-width: 1pt;border-bottom-width: 1pt;border-right-style: solid;border-bottom-style: solid\">\n<p align=\"center\">Comienza el escrutinio de las Elecciones<\/p>\n<\/td>\n<\/tr>\n<tr>\n<td style=\"border-right-width: 1pt;border-bottom-width: 1pt;border-left-width: 1pt;border-right-style: solid;border-bottom-style: solid;border-left-style: solid\">\n<p align=\"center\">13 de diciembre de 2013<\/p>\n<\/td>\n<td style=\"border-right-width: 1pt;border-bottom-width: 1pt;border-right-style: solid;border-bottom-style: solid\">\n<p align=\"center\">Fecha l\u00edmite para completar el escrutinio oficial y certificar los resultados<\/p>\n<\/td>\n<\/tr>\n<\/tbody>\n<\/table>\n<\/div>\n\n  <\/section>\n\n\t\n\n  <section data-isd-block-id=\"rov-content-blockblock_8fdbba26f86ee4eeb9c68f449942fe3d\"\n\t\t\t\t\t\t\t\t\t\t \t\t\t\t\t\t\t\t\t\t\t class=\"card-style main-content-wrapper rov-card-style mb-4\">\n\n\t<h2 class=\"block-subtitle blue\">Informaci\u00f3n sobre las Medidas<\/h2>\n\n\t<div class=\"ctnr-block-content\"><ul>\n<li><a href=\"https:\/\/www.sbcounty.gov\/uploads\/ROV\/Elections\/2013\/1119\/Resolution_Election.pdf\" target=\"_blank\" rel=\"noopener\">Resoluci\u00f3n del Pueblo de Apple Valley por la que se Convoca a Elecciones Especiales<\/a>\u00a0[pdf]<\/li>\n<li><a href=\"https:\/\/www.sbcounty.gov\/uploads\/ROV\/Elections\/2013\/1119\/Resolution_Arguments_2013-34.pdf\" target=\"_blank\" rel=\"noopener\">Resoluci\u00f3n del Pueblo de Apple Valley por la que se Establecen las Reglas para los Argumentos<\/a>\u00a0[pdf]<\/li>\n<li><a href=\"https:\/\/www.sbcounty.gov\/uploads\/ROV\/Elections\/2013\/1119\/Resolution_Rebuttals_2013-35.pdf\" target=\"_blank\" rel=\"noopener\">Resoluci\u00f3n del Pueblo de Apple Valley por la que se establecen las reglas para las Refutaciones<\/a>\u00a0[pdf]<\/li>\n<li><a href=\"https:\/\/www.sbcounty.gov\/uploads\/ROV\/Elections\/2013\/1119\/ImpartialAnalysis.pdf\" target=\"_blank\" rel=\"noopener\">An\u00e1lisis Imparcial de la Medida\u00a0D<\/a>\u00a0[pdf]<\/li>\n<li><a href=\"https:\/\/www.sbcounty.gov\/uploads\/ROV\/Elections\/2013\/1119\/Argument_InFavor.pdf\" target=\"_blank\" rel=\"noopener\">Argumento a Favor de la Medida\u00a0D<\/a>\u00a0[pdf]<\/li>\n<li><a href=\"https:\/\/www.sbcounty.gov\/uploads\/ROV\/Elections\/2013\/1119\/Rebuttal_InFavor.pdf\" target=\"_blank\" rel=\"noopener\">Refutaci\u00f3n del Argumento a Favor de la Medida D<\/a>\u00a0[pdf]<\/li>\n<li><a href=\"https:\/\/www.sbcounty.gov\/uploads\/ROV\/Elections\/2013\/1119\/Argument_Against.pdf\" target=\"_blank\" rel=\"noopener\">Argumento en Contra de la Medida D<\/a>\u00a0[pdf]<\/li>\n<li><a href=\"https:\/\/www.sbcounty.gov\/uploads\/ROV\/Elections\/2013\/1119\/Rebuttal_Against.pdf\" target=\"_blank\" rel=\"noopener\">Refutaci\u00f3n del\u00a0Argumento en Contra de la Medida D<\/a>\u00a0[pdf]<\/li>\n<\/ul>\n<\/div>\n\n  <\/section>\n\n\t\n\n  <section data-isd-block-id=\"rov-content-blockblock_60be3db91be2ccb730743fae38599993\"\n\t\t\t\t\t\t\t\t\t\t \t\t\t\t\t\t\t\t\t\t\t class=\"card-style main-content-wrapper rov-card-style mb-4\">\n\n\t<h2 class=\"block-subtitle blue\">Registro de Votantes<\/h2>\n\n\t<div class=\"ctnr-block-content\"><p>Su solicitud de registro de votante debe tener el sello postal a m\u00e1s tardar el\u00a0 <strong>4 de noviembre de 2013<\/strong>\u00a0para que sea elegible para votar en las Elecciones Especiales del Pueblo de Apple Valley (Medida D).\u00a0\u00a0Visite nuestra\u00a0<a href=\"https:\/\/elections.sbcounty.gov\/es\/VoterRegistration\/\">p\u00e1gina del Registro de Votantes<\/a>\u00a0para obtener informaci\u00f3n completa e instrucciones.<\/p>\n<ul>\n<li>Consulte el\u00a0<a href=\"https:\/\/www.sbcounty.gov\/uploads\/ROV\/Elections\/2013\/1119\/Report_EDate2013-11-19_15DayCloseOfRegistrationSummary.pdf\" target=\"_blank\" rel=\"noopener\">Resumen del Registro de Votantes Calificados<\/a>\u00a0[pdf].<\/li>\n<\/ul>\n<\/div>\n\n  <\/section>\n\n\t\n\n  <section data-isd-block-id=\"rov-content-blockblock_d59a1e187f5056e1493498955871ed25\"\n\t\t\t\t\t\t\t\t\t\t \t\t\t\t\t\t\t\t\t\t\t class=\"card-style main-content-wrapper rov-card-style mb-4\">\n\n\t<h2 class=\"block-subtitle blue\">Opciones de Voto<\/h2>\n\n\t<div class=\"ctnr-block-content\"><ul>\n<li>Vote de manera anticipada en la Oficina de Elecciones\u00a0a partir del\u00a021 de octubre de 2013.<\/li>\n<li>Vote en una Boleta de Voto por Correo. La Solicitud de Boleta por Correo vence el\u00a012 de noviembre de 2013.<\/li>\n<\/ul>\n<ul>\n<li style=\"list-style-type: none\">\n<ul>\n<li>Encuentre un Lugar para Depositar las Boletas por Correo [ya no est\u00e1 disponible]<\/li>\n<\/ul>\n<\/li>\n<\/ul>\n<ul>\n<li>Vote en las casillas el D\u00eda de las Elecciones,\u00a0el 5 de noviembre de 2013, de 7 a.m. a 8 p.m.<\/li>\n<\/ul>\n<ul>\n<li style=\"list-style-type: none\">\n<ul>\n<li>Encuentre la Ubicaci\u00f3n de una Casilla Electoral\u00a0[ya no est\u00e1 disponible]<\/li>\n<\/ul>\n<\/li>\n<\/ul>\n<p>Visite nuestra\u00a0<a href=\"https:\/\/elections.sbcounty.gov\/es\/Voting\/\">p\u00e1gina de Opciones de Voto<\/a>\u00a0para obtener la informaci\u00f3n completa y las instrucciones.<\/p>\n<p><strong>Votantes Militares y en el Extranjero:<\/strong><\/p>\n<p>Los ciudadanos Uniformados y en el Extranjero pueden obtener una\u00a0Gu\u00eda de Informaci\u00f3n para el Votante y Boleta de Muestra\u00a0as\u00ed como una\u00a0Boleta para estas elecciones [el enlace ya no est\u00e1 disponible].<\/p>\n<\/div>\n\n  <\/section>\n\n\t\n\n  <section data-isd-block-id=\"rov-content-blockblock_c80f4c2073e7491a3c9e3c99d223c23a\"\n\t\t\t\t\t\t\t\t\t\t \t\t\t\t\t\t\t\t\t\t\t class=\"card-style main-content-wrapper rov-card-style mb-4\">\n\n\t<h2 class=\"block-subtitle blue\">Resultados de las Elecciones<\/h2>\n\n\t<div class=\"ctnr-block-content\"><ul>\n<li><a href=\"https:\/\/results.rov.sbcounty.gov\/results\/20131119\/default.html\" target=\"_blank\" rel=\"noopener\">Resultados de las Elecciones<\/a><\/li>\n<li><a href=\"https:\/\/www.sbcounty.gov\/uploads\/ROV\/Elections\/2013\/1119\/SOV_Book.pdf\" target=\"_blank\" rel=\"noopener\">Declaraci\u00f3n de Votos Emitidos<\/a><\/li>\n<\/ul>\n<\/div>\n\n  <\/section>\n\n\t","protected":false},"excerpt":{"rendered":"<p>Publicaciones Electorales La Gu\u00eda de Informaci\u00f3n para el Votante es un folleto publicado por la Oficina de Elecciones del Condado de San Bernardino que incluye informaci\u00f3n sobre las elecciones, los candidatos y las medidas, una boleta de muestra, e informaci\u00f3n de las casillas electorales. La\u00a0Gu\u00eda de Informaci\u00f3n para el Votante\u00a0completa<span class=\"ellipsis\">&#8230;<\/span><\/p>\n","protected":false},"author":19,"featured_media":37382,"parent":38190,"menu_order":0,"comment_status":"closed","ping_status":"closed","template":"templates\/rov-left-sidebar-template.php","meta":{"_acf_changed":false,"footnotes":""},"class_list":["post-38742","page","type-page","status-publish","has-post-thumbnail","hentry"],"acf":[],"_links":{"self":[{"href":"https:\/\/elections.sbcounty.gov\/es\/wp-json\/wp\/v2\/pages\/38742","targetHints":{"allow":["GET"]}}],"collection":[{"href":"https:\/\/elections.sbcounty.gov\/es\/wp-json\/wp\/v2\/pages"}],"about":[{"href":"https:\/\/elections.sbcounty.gov\/es\/wp-json\/wp\/v2\/types\/page"}],"author":[{"embeddable":true,"href":"https:\/\/elections.sbcounty.gov\/es\/wp-json\/wp\/v2\/users\/19"}],"replies":[{"embeddable":true,"href":"https:\/\/elections.sbcounty.gov\/es\/wp-json\/wp\/v2\/comments?post=38742"}],"version-history":[{"count":7,"href":"https:\/\/elections.sbcounty.gov\/es\/wp-json\/wp\/v2\/pages\/38742\/revisions"}],"predecessor-version":[{"id":84082,"href":"https:\/\/elections.sbcounty.gov\/es\/wp-json\/wp\/v2\/pages\/38742\/revisions\/84082"}],"up":[{"embeddable":true,"href":"https:\/\/elections.sbcounty.gov\/es\/wp-json\/wp\/v2\/pages\/38190"}],"wp:featuredmedia":[{"embeddable":true,"href":"https:\/\/elections.sbcounty.gov\/es\/wp-json\/wp\/v2\/media\/37382"}],"wp:attachment":[{"href":"https:\/\/elections.sbcounty.gov\/es\/wp-json\/wp\/v2\/media?parent=38742"}],"curies":[{"name":"wp","href":"https:\/\/api.w.org\/{rel}","templated":true}]}}